{"id":58154,"date":"2025-03-17T13:17:16","date_gmt":"2025-03-17T12:17:16","guid":{"rendered":"https:\/\/product-guide.org\/produkt\/coenzym-q10-ubiquinol-bioprophyl\/"},"modified":"2025-03-17T13:17:16","modified_gmt":"2025-03-17T12:17:16","slug":"coenzym-q10-ubiquinol-bioprophyl","status":"publish","type":"product","link":"https:\/\/product-guide.org\/en\/produkt\/coenzym-q10-ubiquinol-bioprophyl\/","title":{"rendered":"Coenzym Q10 Ubiquinol | BioProphyl"},"content":{"rendered":"<p>Coenzym Q 10 Ubiquinol: Dein zuverl\u00e4ssiger N\u00e4hrstofflieferant Ceonzym Q10 Ubiquinol enth\u00e4lt 100 mg reines Kaneka Ubiquinol, die bioaktive Form des Coenzym Q10. Optimal gesch\u00fctzt in einer pflanzlichen Kapselh\u00fclle, kannst du auch als Vegetarier von seinen Eigenschaften profitieren. Erg\u00e4nze deine Ern\u00e4hrung sinnvoll durch hochwertiges Coenzym Q10 Coenzym Q10 kommt in nahezu allen Zellen und Geweben des menschlichen Organismus vor. Wenn du mit Q10 als Nahrungserg\u00e4nzung deine Ern\u00e4hrung aufwerten m\u00f6chtest, kannst du zwischen zwei verschiedenen Formen w\u00e4hlen: Ubiquinol und Ubiquinon. Beide verf\u00fcgen \u00fcber die positiven Eigenschaften, die allgemein dem Coenzym Q10 zugeschrieben werden, jedoch werden sie vom Organismus unterschiedlich verstoffwechselt: Ubiquinol steht dem Organismus als bioaktive Form des Coenzym Q10 sofort zur Verf\u00fcgung, das Ubiquinon dagegen wird zun\u00e4chst in die aktive Ubiquinolform umgewandelt und dann verwertet. Sowohl Ubiquinol als auch Ubiquinon eignen sich hervorragend zur Nahrungserg\u00e4nzung. Aufgrund der sich im Verlauf des Lebens \u00e4ndernden Stoffwechsellage, empfehlen sich die beiden Coenzym Q10-Formen jedoch in unterschiedlichen Lebensphasen. Setze auf Kaneka Q10 : Coenzym Q10 mit reinem Ubiquinol Coenzym Q10 Ubiquinol enth\u00e4lt hochdosiertes Kaneka Ubiquinol . Jede pflanzliche Kapsel liefert 100 mg bioaktives Ubiquinol, das zum Schutz vor Oxidation in Raps\u00f6l gel\u00f6st wurde. oenzym Q10 Ubiquinol ist frei von Gentechnik und 100 % vegetarisch. Ein Glas enth\u00e4lt 60 Kapseln und reicht f\u00fcr zwei Monate.<\/p>\n","protected":false},"excerpt":{"rendered":"<p>Coenzym Q 10 Ubiquinol: Dein zuverl\u00e4ssiger N\u00e4hrstofflieferant Ceonzym Q10 Ubiquinol enth\u00e4lt 100 mg reines Kaneka Ubiquinol, die bioaktive Form des Coenzym Q10. Optimal gesch\u00fctzt in einer pflanzlichen Kapselh\u00fclle, kannst du auch als Vegetarier von seinen Eigenschaften profitieren. Erg\u00e4nze deine Ern\u00e4hrung sinnvoll durch hochwertiges Coenzym Q10 Coenzym Q10 kommt in nahezu allen Zellen und Geweben des [&hellip;]<\/p>\n","protected":false},"featured_media":58153,"template":"","meta":{"_gspb_post_css":""},"store":[],"product_brand":[1464],"product_cat":[1290],"product_tag":[],"class_list":{"0":"post-58154","1":"product","2":"type-product","3":"status-publish","4":"has-post-thumbnail","6":"product_brand-bioprophyl","7":"product_cat-uncategorized","9":"first","10":"instock","11":"shipping-taxable","12":"purchasable","13":"product-type-simple"},"yoast_head":"<!-- This site is optimized with the Yoast SEO plugin v24.6 - https:\/\/yoast.com\/wordpress\/plugins\/seo\/ -->\n<title>Coenzym Q10 Ubiquinol | BioProphyl | Product-Guide.org<\/title>\n<meta name=\"description\" content=\"Coenzym Q10 Ubiquinol | BioProphyl gefunden von Product-Guide.org\" \/>\n<meta name=\"robots\" content=\"index, follow, max-snippet:-1, max-image-preview:large, max-video-preview:-1\" \/>\n<link rel=\"canonical\" href=\"https:\/\/product-guide.org\/en\/produkt\/coenzym-q10-ubiquinol-bioprophyl\/\" \/>\n<meta property=\"og:locale\" content=\"en_GB\" \/>\n<meta property=\"og:type\" content=\"article\" \/>\n<meta property=\"og:title\" content=\"Coenzym Q10 Ubiquinol | BioProphyl | Product-Guide.org\" \/>\n<meta property=\"og:description\" content=\"Coenzym Q10 Ubiquinol | BioProphyl gefunden von Product-Guide.org\" \/>\n<meta property=\"og:url\" content=\"https:\/\/product-guide.org\/en\/produkt\/coenzym-q10-ubiquinol-bioprophyl\/\" \/>\n<meta property=\"og:site_name\" content=\"Product-Guide.org\" \/>\n<meta name=\"twitter:card\" content=\"summary_large_image\" \/>\n<script type=\"application\/ld+json\" class=\"yoast-schema-graph\">{\"@context\":\"https:\/\/schema.org\",\"@graph\":[{\"@type\":\"WebPage\",\"@id\":\"https:\/\/product-guide.org\/produkt\/coenzym-q10-ubiquinol-bioprophyl\/\",\"url\":\"https:\/\/product-guide.org\/produkt\/coenzym-q10-ubiquinol-bioprophyl\/\",\"name\":\"Coenzym Q10 Ubiquinol | BioProphyl | Product-Guide.org\",\"isPartOf\":{\"@id\":\"https:\/\/product-guide.org\/#website\"},\"primaryImageOfPage\":{\"@id\":\"https:\/\/product-guide.org\/produkt\/coenzym-q10-ubiquinol-bioprophyl\/#primaryimage\"},\"image\":{\"@id\":\"https:\/\/product-guide.org\/produkt\/coenzym-q10-ubiquinol-bioprophyl\/#primaryimage\"},\"thumbnailUrl\":\"https:\/\/product-guide.org\/wp-content\/uploads\/2025\/03\/Freisteller_Coenzym_Q10_Ubiquinol_120.png\",\"datePublished\":\"2025-03-17T12:17:16+00:00\",\"description\":\"Coenzym Q10 Ubiquinol | BioProphyl gefunden von Product-Guide.org\",\"breadcrumb\":{\"@id\":\"https:\/\/product-guide.org\/produkt\/coenzym-q10-ubiquinol-bioprophyl\/#breadcrumb\"},\"inLanguage\":\"en-GB\",\"potentialAction\":[{\"@type\":\"ReadAction\",\"target\":[\"https:\/\/product-guide.org\/produkt\/coenzym-q10-ubiquinol-bioprophyl\/\"]}]},{\"@type\":\"ImageObject\",\"inLanguage\":\"en-GB\",\"@id\":\"https:\/\/product-guide.org\/produkt\/coenzym-q10-ubiquinol-bioprophyl\/#primaryimage\",\"url\":\"https:\/\/product-guide.org\/wp-content\/uploads\/2025\/03\/Freisteller_Coenzym_Q10_Ubiquinol_120.png\",\"contentUrl\":\"https:\/\/product-guide.org\/wp-content\/uploads\/2025\/03\/Freisteller_Coenzym_Q10_Ubiquinol_120.png\",\"width\":1800,\"height\":1800},{\"@type\":\"BreadcrumbList\",\"@id\":\"https:\/\/product-guide.org\/produkt\/coenzym-q10-ubiquinol-bioprophyl\/#breadcrumb\",\"itemListElement\":[{\"@type\":\"ListItem\",\"position\":1,\"name\":\"Home\",\"item\":\"https:\/\/product-guide.org\/\"},{\"@type\":\"ListItem\",\"position\":2,\"name\":\"Ergebnisse\",\"item\":\"https:\/\/product-guide.org\/de\/ergebnisse\/\"},{\"@type\":\"ListItem\",\"position\":3,\"name\":\"Coenzym Q10 Ubiquinol | BioProphyl\"}]},{\"@type\":\"WebSite\",\"@id\":\"https:\/\/product-guide.org\/#website\",\"url\":\"https:\/\/product-guide.org\/\",\"name\":\"Product-Guide.org\",\"description\":\"What Product are you looking for?\",\"publisher\":{\"@id\":\"https:\/\/product-guide.org\/#organization\"},\"potentialAction\":[{\"@type\":\"SearchAction\",\"target\":{\"@type\":\"EntryPoint\",\"urlTemplate\":\"https:\/\/product-guide.org\/?s={search_term_string}\"},\"query-input\":{\"@type\":\"PropertyValueSpecification\",\"valueRequired\":true,\"valueName\":\"search_term_string\"}}],\"inLanguage\":\"en-GB\"},{\"@type\":\"Organization\",\"@id\":\"https:\/\/product-guide.org\/#organization\",\"name\":\"Product-Guide.org\",\"url\":\"https:\/\/product-guide.org\/\",\"logo\":{\"@type\":\"ImageObject\",\"inLanguage\":\"en-GB\",\"@id\":\"https:\/\/product-guide.org\/#\/schema\/logo\/image\/\",\"url\":\"https:\/\/product-guide.org\/wp-content\/uploads\/2022\/07\/logo_transparent_background.png\",\"contentUrl\":\"https:\/\/product-guide.org\/wp-content\/uploads\/2022\/07\/logo_transparent_background.png\",\"width\":3400,\"height\":1132,\"caption\":\"Product-Guide.org\"},\"image\":{\"@id\":\"https:\/\/product-guide.org\/#\/schema\/logo\/image\/\"}}]}<\/script>\n<!-- \/ Yoast SEO plugin. -->","yoast_head_json":{"title":"Coenzym Q10 Ubiquinol | BioProphyl | Product-Guide.org","description":"Coenzym Q10 Ubiquinol | BioProphyl gefunden von Product-Guide.org","robots":{"index":"index","follow":"follow","max-snippet":"max-snippet:-1","max-image-preview":"max-image-preview:large","max-video-preview":"max-video-preview:-1"},"canonical":"https:\/\/product-guide.org\/en\/produkt\/coenzym-q10-ubiquinol-bioprophyl\/","og_locale":"en_GB","og_type":"article","og_title":"Coenzym Q10 Ubiquinol | BioProphyl | Product-Guide.org","og_description":"Coenzym Q10 Ubiquinol | BioProphyl gefunden von Product-Guide.org","og_url":"https:\/\/product-guide.org\/en\/produkt\/coenzym-q10-ubiquinol-bioprophyl\/","og_site_name":"Product-Guide.org","twitter_card":"summary_large_image","schema":{"@context":"https:\/\/schema.org","@graph":[{"@type":"WebPage","@id":"https:\/\/product-guide.org\/produkt\/coenzym-q10-ubiquinol-bioprophyl\/","url":"https:\/\/product-guide.org\/produkt\/coenzym-q10-ubiquinol-bioprophyl\/","name":"Coenzym Q10 Ubiquinol | BioProphyl | Product-Guide.org","isPartOf":{"@id":"https:\/\/product-guide.org\/#website"},"primaryImageOfPage":{"@id":"https:\/\/product-guide.org\/produkt\/coenzym-q10-ubiquinol-bioprophyl\/#primaryimage"},"image":{"@id":"https:\/\/product-guide.org\/produkt\/coenzym-q10-ubiquinol-bioprophyl\/#primaryimage"},"thumbnailUrl":"https:\/\/product-guide.org\/wp-content\/uploads\/2025\/03\/Freisteller_Coenzym_Q10_Ubiquinol_120.png","datePublished":"2025-03-17T12:17:16+00:00","description":"Coenzym Q10 Ubiquinol | BioProphyl gefunden von Product-Guide.org","breadcrumb":{"@id":"https:\/\/product-guide.org\/produkt\/coenzym-q10-ubiquinol-bioprophyl\/#breadcrumb"},"inLanguage":"en-GB","potentialAction":[{"@type":"ReadAction","target":["https:\/\/product-guide.org\/produkt\/coenzym-q10-ubiquinol-bioprophyl\/"]}]},{"@type":"ImageObject","inLanguage":"en-GB","@id":"https:\/\/product-guide.org\/produkt\/coenzym-q10-ubiquinol-bioprophyl\/#primaryimage","url":"https:\/\/product-guide.org\/wp-content\/uploads\/2025\/03\/Freisteller_Coenzym_Q10_Ubiquinol_120.png","contentUrl":"https:\/\/product-guide.org\/wp-content\/uploads\/2025\/03\/Freisteller_Coenzym_Q10_Ubiquinol_120.png","width":1800,"height":1800},{"@type":"BreadcrumbList","@id":"https:\/\/product-guide.org\/produkt\/coenzym-q10-ubiquinol-bioprophyl\/#breadcrumb","itemListElement":[{"@type":"ListItem","position":1,"name":"Home","item":"https:\/\/product-guide.org\/"},{"@type":"ListItem","position":2,"name":"Ergebnisse","item":"https:\/\/product-guide.org\/de\/ergebnisse\/"},{"@type":"ListItem","position":3,"name":"Coenzym Q10 Ubiquinol | BioProphyl"}]},{"@type":"WebSite","@id":"https:\/\/product-guide.org\/#website","url":"https:\/\/product-guide.org\/","name":"Product-Guide.org","description":"What Product are you looking for?","publisher":{"@id":"https:\/\/product-guide.org\/#organization"},"potentialAction":[{"@type":"SearchAction","target":{"@type":"EntryPoint","urlTemplate":"https:\/\/product-guide.org\/?s={search_term_string}"},"query-input":{"@type":"PropertyValueSpecification","valueRequired":true,"valueName":"search_term_string"}}],"inLanguage":"en-GB"},{"@type":"Organization","@id":"https:\/\/product-guide.org\/#organization","name":"Product-Guide.org","url":"https:\/\/product-guide.org\/","logo":{"@type":"ImageObject","inLanguage":"en-GB","@id":"https:\/\/product-guide.org\/#\/schema\/logo\/image\/","url":"https:\/\/product-guide.org\/wp-content\/uploads\/2022\/07\/logo_transparent_background.png","contentUrl":"https:\/\/product-guide.org\/wp-content\/uploads\/2022\/07\/logo_transparent_background.png","width":3400,"height":1132,"caption":"Product-Guide.org"},"image":{"@id":"https:\/\/product-guide.org\/#\/schema\/logo\/image\/"}}]}},"_links":{"self":[{"href":"https:\/\/product-guide.org\/en\/wp-json\/wp\/v2\/product\/58154","targetHints":{"allow":["GET"]}}],"collection":[{"href":"https:\/\/product-guide.org\/en\/wp-json\/wp\/v2\/product"}],"about":[{"href":"https:\/\/product-guide.org\/en\/wp-json\/wp\/v2\/types\/product"}],"wp:featuredmedia":[{"embeddable":true,"href":"https:\/\/product-guide.org\/en\/wp-json\/wp\/v2\/media\/58153"}],"wp:attachment":[{"href":"https:\/\/product-guide.org\/en\/wp-json\/wp\/v2\/media?parent=58154"}],"wp:term":[{"taxonomy":"store","embeddable":true,"href":"https:\/\/product-guide.org\/en\/wp-json\/wp\/v2\/store?post=58154"},{"taxonomy":"product_brand","embeddable":true,"href":"https:\/\/product-guide.org\/en\/wp-json\/wp\/v2\/product_brand?post=58154"},{"taxonomy":"product_cat","embeddable":true,"href":"https:\/\/product-guide.org\/en\/wp-json\/wp\/v2\/product_cat?post=58154"},{"taxonomy":"product_tag","embeddable":true,"href":"https:\/\/product-guide.org\/en\/wp-json\/wp\/v2\/product_tag?post=58154"}],"curies":[{"name":"wp","href":"https:\/\/api.w.org\/{rel}","templated":true}]}}