{"id":58164,"date":"2025-03-17T13:17:36","date_gmt":"2025-03-17T12:17:36","guid":{"rendered":"https:\/\/product-guide.org\/produkt\/kleiner-augenblick-bioprophyl\/"},"modified":"2025-03-17T13:17:37","modified_gmt":"2025-03-17T12:17:37","slug":"kleiner-augenblick-bioprophyl","status":"publish","type":"product","link":"https:\/\/product-guide.org\/en\/produkt\/kleiner-augenblick-bioprophyl\/","title":{"rendered":"Kleiner Augenblick | BioProphyl"},"content":{"rendered":"<p>Unsere harmonische Kr\u00e4uterkomposition Es gibt doch nichts Sch\u00f6neres, als nach einem anstrengenden Tag nach Hause zu kommen und es sich auf dem Sofa so richtig sch\u00f6n gem\u00fctlich zu machen. Zum Wohlf\u00fchlen und Entspannen bedarf es dabei noch nicht einmal viel, es gen\u00fcgt bereits ein \u201eKleiner Augenblick\u201c. Mit unserer losen Teemischung bestehend aus Schachtelhalmkraut, Tulsikraut, Pfefferminze, L\u00f6wenzahn, Sanddorn und Safran gelingt es Ihnen im Handumdrehen die Sorgen des Tages f\u00fcr den Moment zu vergessen und zum Beispiel einfach die gemeinsame Zeit mit Ihren Liebsten zu genie\u00dfen. Wann haben Sie sich das letzte Mal eine Auszeit geg\u00f6nnt? St\u00e4ndig stehen wir unter Strom und hetzten von einer Verpflichtung zur n\u00e4chsten. Hinzu kommt das h\u00e4ufige und starre Blicken auf einen Bildschirm, sei es der Computermonitor auf der Arbeit, der Fernseher oder das Smartphone, das unsere Augen enorm anstrengt und bei vielen Menschen sogar Kopfschmerzen ausl\u00f6st. G\u00f6nnen Sie sich doch ab und zu einfach etwas Zeit f\u00fcr sich selbst. Legen Sie das Handy beiseite, schnappen Sie sich ein gutes Buch und entschleunigen Sie Ihren schnelllebigen Alltag. Womit k\u00f6nnte man dem Stress besser den Wind aus den Segeln nehmen, wenn nicht mit einem T\u00e4sschen warmen Tee? Verw\u00f6hnen Sie Ihre Sinne mit ansprechenden Aromen und sp\u00fcren Sie die wohlige W\u00e4rme, die sich in Ihrem K\u00f6rper ausbreitet. Wer insbesondere w\u00e4hrend der dunklen und eisigen Wintermonate unter einem kleinen Stimmungstief leidet, findet in unserer Teemischung mit Safran einen n\u00fctzlichen Verb\u00fcndeten, um seine Laune wieder aufzuhellen und die Unternehmungslust zur\u00fcckzugewinnen. Ein altes Sprichwort aus dem Iran besagt, dass das Trinken von Safran-Tee die Stimmung aufhellt und man bei schlechter Laune einfach ein T\u00e4sschen davon genie\u00dfen sollte. F\u00fcnf goldene Regeln der Teezubereitung Tee ist nicht einfach blo\u00df Tee. Damit Sie in diese vielf\u00e4ltige Geschmackswelt optimal eintauchen k\u00f6nnen, ist es von Vorteil, einige Tipps zu beachten: 1. Der Einkauf Beim Teekauf sollten Sie neben dem Geschmack auch die Art der Zubereitung im Blick haben. Wer gerne mehr als eine Tasse genie\u00dft und Freude am frischen Aufbr\u00fchen hat, wird sich an losen Teemischungen erfreuen. Teebeutel, in denen die Teemischung bereits fertig portioniert ist, eignen sich f\u00fcr diejenigen, die es gerne schnell und praktisch m\u00f6gen. 2. Die Sortenauswahl Kr\u00e4uter-, Gew\u00fcrz- und Fr\u00fcchtetees haben neben unterschiedlichen Aromen auch verschiedene Wirkungen. Es lohnt sich also, sich \u00fcber einzelne Sorten zu informieren, um diejenigen ausfindig machen zu k\u00f6nnen, die am besten zum pers\u00f6nlichen Wohlbefinden beitragen. 3. Die Lagerung Tee, egal ob lose oder in Teebeuteln verpackt, sollte lichtgesch\u00fctzt in luftdichten Gef\u00e4\u00dfen aufbewahrt werden, damit das volle Aroma lange erhalten bleibt. Unterschiedliche Sorten sollten Sie getrennt voneinander lagern, um zu vermeiden, dass die verschiedenen Aromen der Tees aufeinander \u00fcbergehen. Bei richtiger Lagerung besitzen Tees als Trockenprodukt eine lange Haltbarkeit und halten sich in der Regel mindestens zw\u00f6lf Monate. 4. Die Dosierung Nur richtig dosiert kann sich das Teearoma optimal entfalten. F\u00fcr eine Tasse Tee gen\u00fcgt ein geh\u00e4ufter Teel\u00f6ffel oder ein Teebeutel. Wer es lieber etwas kr\u00e4ftiger mag, kann gerne auch etwas mehr nehmen und den Geschmack so intensivieren. 5. Die Zubereitung Je mehr sich der Tee im Wasser entfalten kann, desto mehr gibt er von seinen wertvollen Inhalts- und Aromastoffen preis. Aus Gr\u00fcnden der Lebensmittelsicherheit empfehlen Hersteller in der Regel zur Zubereitung sprudelnd aufgekochtes Wasser. Die optimale Wassertemperatur h\u00e4ngt allerdings von der Teesorte ab und variiert zwischen 60 und 100 Grad Celsius. F\u00fcr Kr\u00e4utertees, wie unseren \u201eKleiner Augenblick\u201c, sind etwa 95 Grad Celsius ideal. Zur Zubereitung wird der lose Tee in einer Kanne mit dem hei\u00dfem Wasser aufgegossen und nach Ablauf der Ziehzeit durch ein Sieb in die Tasse gef\u00fcllt. Dazu eignen sich Teesiebe aus Edelstahl, Baumwollnetze und Papierfilter. Der H\u00e4rtegrad des Wassers beeinflusst den Geschmack des Tees entscheidend. Das beste Resultat erhalten Sie mit frischem, m\u00f6glichst kalkarmen Wasser. Abgestandenes oder zu lange gekochtes Wasser kann einen faden Geschmack erzeugen. Zuletzt ist die optimale Ziehzeit f\u00fcr jede Teemischung individuell. Je nach Sorte kann sie zwischen zwei und f\u00fcnfzehn Minuten betragen. Die perfekte Zubereitungszeit finden Sie auf der Verpackung. \u201eDer Tee weckt den guten Geist und die weisen Gedanken. Er erfrischt deinen K\u00f6rper und beruhigt dein Gem\u00fct.\u201c So ein Zitat des mythischen chinesischen Kaisers Shen Nung (2273\u20142697 vor Christi), der einer Legende zufolge als Entdecker des Teegeheimnisses gilt. Durch Zufall wehte ihm der Wind ein wildwachsendes Teeblatt in die Tasse und er war sofort begeistert von dem sich ausbreitenden angenehmen Duft, dem aromatischen Geschmack und der wohltuenden<\/p>\n","protected":false},"excerpt":{"rendered":"<p>Unsere harmonische Kr\u00e4uterkomposition Es gibt doch nichts Sch\u00f6neres, als nach einem anstrengenden Tag nach Hause zu kommen und es sich auf dem Sofa so richtig sch\u00f6n gem\u00fctlich zu machen. Zum Wohlf\u00fchlen und Entspannen bedarf es dabei noch nicht einmal viel, es gen\u00fcgt bereits ein \u201eKleiner Augenblick\u201c. Mit unserer losen Teemischung bestehend aus Schachtelhalmkraut, Tulsikraut, Pfefferminze, [&hellip;]<\/p>\n","protected":false},"featured_media":58163,"template":"","meta":{"_gspb_post_css":""},"store":[],"product_brand":[1463],"product_cat":[1290],"product_tag":[],"class_list":{"0":"post-58164","1":"product","2":"type-product","3":"status-publish","4":"has-post-thumbnail","6":"product_brand-yougarden-com","7":"product_cat-uncategorized","9":"first","10":"instock","11":"shipping-taxable","12":"purchasable","13":"product-type-simple"},"yoast_head":"<!-- This site is optimized with the Yoast SEO plugin v24.6 - https:\/\/yoast.com\/wordpress\/plugins\/seo\/ -->\n<title>Kleiner Augenblick | BioProphyl | Product-Guide.org<\/title>\n<meta name=\"description\" content=\"Kleiner Augenblick | BioProphyl gefunden von Product-Guide.org\" \/>\n<meta name=\"robots\" content=\"index, follow, max-snippet:-1, max-image-preview:large, max-video-preview:-1\" \/>\n<link rel=\"canonical\" href=\"https:\/\/product-guide.org\/en\/produkt\/kleiner-augenblick-bioprophyl\/\" \/>\n<meta property=\"og:locale\" content=\"en_GB\" \/>\n<meta property=\"og:type\" content=\"article\" \/>\n<meta property=\"og:title\" content=\"Kleiner Augenblick | BioProphyl | Product-Guide.org\" \/>\n<meta property=\"og:description\" content=\"Kleiner Augenblick | BioProphyl gefunden von Product-Guide.org\" \/>\n<meta property=\"og:url\" content=\"https:\/\/product-guide.org\/en\/produkt\/kleiner-augenblick-bioprophyl\/\" \/>\n<meta property=\"og:site_name\" content=\"Product-Guide.org\" \/>\n<meta property=\"article:modified_time\" content=\"2025-03-17T12:17:37+00:00\" \/>\n<meta name=\"twitter:card\" content=\"summary_large_image\" \/>\n<script type=\"application\/ld+json\" class=\"yoast-schema-graph\">{\"@context\":\"https:\/\/schema.org\",\"@graph\":[{\"@type\":\"WebPage\",\"@id\":\"https:\/\/product-guide.org\/produkt\/kleiner-augenblick-bioprophyl\/\",\"url\":\"https:\/\/product-guide.org\/produkt\/kleiner-augenblick-bioprophyl\/\",\"name\":\"Kleiner Augenblick | BioProphyl | Product-Guide.org\",\"isPartOf\":{\"@id\":\"https:\/\/product-guide.org\/#website\"},\"primaryImageOfPage\":{\"@id\":\"https:\/\/product-guide.org\/produkt\/kleiner-augenblick-bioprophyl\/#primaryimage\"},\"image\":{\"@id\":\"https:\/\/product-guide.org\/produkt\/kleiner-augenblick-bioprophyl\/#primaryimage\"},\"thumbnailUrl\":\"https:\/\/product-guide.org\/wp-content\/uploads\/2025\/03\/Freisteller_Kleiner_Augenblick.png\",\"datePublished\":\"2025-03-17T12:17:36+00:00\",\"dateModified\":\"2025-03-17T12:17:37+00:00\",\"description\":\"Kleiner Augenblick | BioProphyl gefunden von Product-Guide.org\",\"breadcrumb\":{\"@id\":\"https:\/\/product-guide.org\/produkt\/kleiner-augenblick-bioprophyl\/#breadcrumb\"},\"inLanguage\":\"en-GB\",\"potentialAction\":[{\"@type\":\"ReadAction\",\"target\":[\"https:\/\/product-guide.org\/produkt\/kleiner-augenblick-bioprophyl\/\"]}]},{\"@type\":\"ImageObject\",\"inLanguage\":\"en-GB\",\"@id\":\"https:\/\/product-guide.org\/produkt\/kleiner-augenblick-bioprophyl\/#primaryimage\",\"url\":\"https:\/\/product-guide.org\/wp-content\/uploads\/2025\/03\/Freisteller_Kleiner_Augenblick.png\",\"contentUrl\":\"https:\/\/product-guide.org\/wp-content\/uploads\/2025\/03\/Freisteller_Kleiner_Augenblick.png\",\"width\":1800,\"height\":1800},{\"@type\":\"BreadcrumbList\",\"@id\":\"https:\/\/product-guide.org\/produkt\/kleiner-augenblick-bioprophyl\/#breadcrumb\",\"itemListElement\":[{\"@type\":\"ListItem\",\"position\":1,\"name\":\"Home\",\"item\":\"https:\/\/product-guide.org\/\"},{\"@type\":\"ListItem\",\"position\":2,\"name\":\"Ergebnisse\",\"item\":\"https:\/\/product-guide.org\/de\/ergebnisse\/\"},{\"@type\":\"ListItem\",\"position\":3,\"name\":\"Kleiner Augenblick | BioProphyl\"}]},{\"@type\":\"WebSite\",\"@id\":\"https:\/\/product-guide.org\/#website\",\"url\":\"https:\/\/product-guide.org\/\",\"name\":\"Product-Guide.org\",\"description\":\"What Product are you looking for?\",\"publisher\":{\"@id\":\"https:\/\/product-guide.org\/#organization\"},\"potentialAction\":[{\"@type\":\"SearchAction\",\"target\":{\"@type\":\"EntryPoint\",\"urlTemplate\":\"https:\/\/product-guide.org\/?s={search_term_string}\"},\"query-input\":{\"@type\":\"PropertyValueSpecification\",\"valueRequired\":true,\"valueName\":\"search_term_string\"}}],\"inLanguage\":\"en-GB\"},{\"@type\":\"Organization\",\"@id\":\"https:\/\/product-guide.org\/#organization\",\"name\":\"Product-Guide.org\",\"url\":\"https:\/\/product-guide.org\/\",\"logo\":{\"@type\":\"ImageObject\",\"inLanguage\":\"en-GB\",\"@id\":\"https:\/\/product-guide.org\/#\/schema\/logo\/image\/\",\"url\":\"https:\/\/product-guide.org\/wp-content\/uploads\/2022\/07\/logo_transparent_background.png\",\"contentUrl\":\"https:\/\/product-guide.org\/wp-content\/uploads\/2022\/07\/logo_transparent_background.png\",\"width\":3400,\"height\":1132,\"caption\":\"Product-Guide.org\"},\"image\":{\"@id\":\"https:\/\/product-guide.org\/#\/schema\/logo\/image\/\"}}]}<\/script>\n<!-- \/ Yoast SEO plugin. -->","yoast_head_json":{"title":"Kleiner Augenblick | BioProphyl | Product-Guide.org","description":"Kleiner Augenblick | BioProphyl gefunden von Product-Guide.org","robots":{"index":"index","follow":"follow","max-snippet":"max-snippet:-1","max-image-preview":"max-image-preview:large","max-video-preview":"max-video-preview:-1"},"canonical":"https:\/\/product-guide.org\/en\/produkt\/kleiner-augenblick-bioprophyl\/","og_locale":"en_GB","og_type":"article","og_title":"Kleiner Augenblick | BioProphyl | Product-Guide.org","og_description":"Kleiner Augenblick | BioProphyl gefunden von Product-Guide.org","og_url":"https:\/\/product-guide.org\/en\/produkt\/kleiner-augenblick-bioprophyl\/","og_site_name":"Product-Guide.org","article_modified_time":"2025-03-17T12:17:37+00:00","twitter_card":"summary_large_image","schema":{"@context":"https:\/\/schema.org","@graph":[{"@type":"WebPage","@id":"https:\/\/product-guide.org\/produkt\/kleiner-augenblick-bioprophyl\/","url":"https:\/\/product-guide.org\/produkt\/kleiner-augenblick-bioprophyl\/","name":"Kleiner Augenblick | BioProphyl | Product-Guide.org","isPartOf":{"@id":"https:\/\/product-guide.org\/#website"},"primaryImageOfPage":{"@id":"https:\/\/product-guide.org\/produkt\/kleiner-augenblick-bioprophyl\/#primaryimage"},"image":{"@id":"https:\/\/product-guide.org\/produkt\/kleiner-augenblick-bioprophyl\/#primaryimage"},"thumbnailUrl":"https:\/\/product-guide.org\/wp-content\/uploads\/2025\/03\/Freisteller_Kleiner_Augenblick.png","datePublished":"2025-03-17T12:17:36+00:00","dateModified":"2025-03-17T12:17:37+00:00","description":"Kleiner Augenblick | BioProphyl gefunden von Product-Guide.org","breadcrumb":{"@id":"https:\/\/product-guide.org\/produkt\/kleiner-augenblick-bioprophyl\/#breadcrumb"},"inLanguage":"en-GB","potentialAction":[{"@type":"ReadAction","target":["https:\/\/product-guide.org\/produkt\/kleiner-augenblick-bioprophyl\/"]}]},{"@type":"ImageObject","inLanguage":"en-GB","@id":"https:\/\/product-guide.org\/produkt\/kleiner-augenblick-bioprophyl\/#primaryimage","url":"https:\/\/product-guide.org\/wp-content\/uploads\/2025\/03\/Freisteller_Kleiner_Augenblick.png","contentUrl":"https:\/\/product-guide.org\/wp-content\/uploads\/2025\/03\/Freisteller_Kleiner_Augenblick.png","width":1800,"height":1800},{"@type":"BreadcrumbList","@id":"https:\/\/product-guide.org\/produkt\/kleiner-augenblick-bioprophyl\/#breadcrumb","itemListElement":[{"@type":"ListItem","position":1,"name":"Home","item":"https:\/\/product-guide.org\/"},{"@type":"ListItem","position":2,"name":"Ergebnisse","item":"https:\/\/product-guide.org\/de\/ergebnisse\/"},{"@type":"ListItem","position":3,"name":"Kleiner Augenblick | BioProphyl"}]},{"@type":"WebSite","@id":"https:\/\/product-guide.org\/#website","url":"https:\/\/product-guide.org\/","name":"Product-Guide.org","description":"What Product are you looking for?","publisher":{"@id":"https:\/\/product-guide.org\/#organization"},"potentialAction":[{"@type":"SearchAction","target":{"@type":"EntryPoint","urlTemplate":"https:\/\/product-guide.org\/?s={search_term_string}"},"query-input":{"@type":"PropertyValueSpecification","valueRequired":true,"valueName":"search_term_string"}}],"inLanguage":"en-GB"},{"@type":"Organization","@id":"https:\/\/product-guide.org\/#organization","name":"Product-Guide.org","url":"https:\/\/product-guide.org\/","logo":{"@type":"ImageObject","inLanguage":"en-GB","@id":"https:\/\/product-guide.org\/#\/schema\/logo\/image\/","url":"https:\/\/product-guide.org\/wp-content\/uploads\/2022\/07\/logo_transparent_background.png","contentUrl":"https:\/\/product-guide.org\/wp-content\/uploads\/2022\/07\/logo_transparent_background.png","width":3400,"height":1132,"caption":"Product-Guide.org"},"image":{"@id":"https:\/\/product-guide.org\/#\/schema\/logo\/image\/"}}]}},"_links":{"self":[{"href":"https:\/\/product-guide.org\/en\/wp-json\/wp\/v2\/product\/58164","targetHints":{"allow":["GET"]}}],"collection":[{"href":"https:\/\/product-guide.org\/en\/wp-json\/wp\/v2\/product"}],"about":[{"href":"https:\/\/product-guide.org\/en\/wp-json\/wp\/v2\/types\/product"}],"wp:featuredmedia":[{"embeddable":true,"href":"https:\/\/product-guide.org\/en\/wp-json\/wp\/v2\/media\/58163"}],"wp:attachment":[{"href":"https:\/\/product-guide.org\/en\/wp-json\/wp\/v2\/media?parent=58164"}],"wp:term":[{"taxonomy":"store","embeddable":true,"href":"https:\/\/product-guide.org\/en\/wp-json\/wp\/v2\/store?post=58164"},{"taxonomy":"product_brand","embeddable":true,"href":"https:\/\/product-guide.org\/en\/wp-json\/wp\/v2\/product_brand?post=58164"},{"taxonomy":"product_cat","embeddable":true,"href":"https:\/\/product-guide.org\/en\/wp-json\/wp\/v2\/product_cat?post=58164"},{"taxonomy":"product_tag","embeddable":true,"href":"https:\/\/product-guide.org\/en\/wp-json\/wp\/v2\/product_tag?post=58164"}],"curies":[{"name":"wp","href":"https:\/\/api.w.org\/{rel}","templated":true}]}}