{"id":58175,"date":"2025-03-17T13:17:59","date_gmt":"2025-03-17T12:17:59","guid":{"rendered":"https:\/\/product-guide.org\/produkt\/zink-bioprophyl\/"},"modified":"2025-03-17T13:17:59","modified_gmt":"2025-03-17T12:17:59","slug":"zink-bioprophyl","status":"publish","type":"product","link":"https:\/\/product-guide.org\/en\/produkt\/zink-bioprophyl\/","title":{"rendered":"Zink | BioProphyl"},"content":{"rendered":"<p>Warum Zink-Bisglycinat die beste Wahl ist Unser &#8220;Zink&#8221; ist die ideale Kombination f\u00fcr eine effektive Zinkaufnahme. Die spezielle Formel enth\u00e4lt Zink-Bisglycinat, eine organische Verbindung mit besonders hoher Bioverf\u00fcgbarkeit. Im Gegensatz zu anderen Zinkquellen, wie z. B. aus Guavebl\u00e4ttern, deren Resorptionsfaktor unsicher ist, bietet Zink-Bisglycinat eine optimale Aufnahme durch den K\u00f6rper. Fermentiertes L-Histidin f\u00fcr maximale Zinkaufnahme Zus\u00e4tzlich enth\u00e4lt jede Kapsel 20 mg fermentiertes L-Histidin, eine nat\u00fcrliche Aminos\u00e4ure, die die Aufnahme von Zink weiter unterst\u00fctzt und durch ihre fermentierte Form besonders rein und gut vertr\u00e4glich ist. Die gezielte Dosierung von 15 mg Zink (150% NRV*) und 20 mg L-Histidin pro Tagesdosis deckt den t\u00e4glichen Bedarf optimal ab und tr\u00e4gt zur St\u00e4rkung des Immunsystems, zum Schutz der Zellen vor oxidativem Stress sowie zur Erhaltung gesunder Haut, Haare und N\u00e4gel bei.<\/p>\n","protected":false},"excerpt":{"rendered":"<p>Warum Zink-Bisglycinat die beste Wahl ist Unser &#8220;Zink&#8221; ist die ideale Kombination f\u00fcr eine effektive Zinkaufnahme. Die spezielle Formel enth\u00e4lt Zink-Bisglycinat, eine organische Verbindung mit besonders hoher Bioverf\u00fcgbarkeit. Im Gegensatz zu anderen Zinkquellen, wie z. B. aus Guavebl\u00e4ttern, deren Resorptionsfaktor unsicher ist, bietet Zink-Bisglycinat eine optimale Aufnahme durch den K\u00f6rper. Fermentiertes L-Histidin f\u00fcr maximale Zinkaufnahme [&hellip;]<\/p>\n","protected":false},"featured_media":58174,"template":"","meta":{"_gspb_post_css":""},"store":[],"product_brand":[1463],"product_cat":[1290],"product_tag":[],"class_list":{"0":"post-58175","1":"product","2":"type-product","3":"status-publish","4":"has-post-thumbnail","6":"product_brand-yougarden-com","7":"product_cat-uncategorized","9":"first","10":"instock","11":"sale","12":"shipping-taxable","13":"purchasable","14":"product-type-simple"},"yoast_head":"<!-- This site is optimized with the Yoast SEO plugin v24.6 - https:\/\/yoast.com\/wordpress\/plugins\/seo\/ -->\n<title>Zink | BioProphyl | Product-Guide.org<\/title>\n<meta name=\"description\" content=\"Zink | BioProphyl gefunden von Product-Guide.org\" \/>\n<meta name=\"robots\" content=\"index, follow, max-snippet:-1, max-image-preview:large, max-video-preview:-1\" \/>\n<link rel=\"canonical\" href=\"https:\/\/product-guide.org\/en\/produkt\/zink-bioprophyl\/\" \/>\n<meta property=\"og:locale\" content=\"en_GB\" \/>\n<meta property=\"og:type\" content=\"article\" \/>\n<meta property=\"og:title\" content=\"Zink | BioProphyl | Product-Guide.org\" \/>\n<meta property=\"og:description\" content=\"Zink | BioProphyl gefunden von Product-Guide.org\" \/>\n<meta property=\"og:url\" content=\"https:\/\/product-guide.org\/en\/produkt\/zink-bioprophyl\/\" \/>\n<meta property=\"og:site_name\" content=\"Product-Guide.org\" \/>\n<meta name=\"twitter:card\" content=\"summary_large_image\" \/>\n<script type=\"application\/ld+json\" class=\"yoast-schema-graph\">{\"@context\":\"https:\/\/schema.org\",\"@graph\":[{\"@type\":\"WebPage\",\"@id\":\"https:\/\/product-guide.org\/produkt\/zink-bioprophyl\/\",\"url\":\"https:\/\/product-guide.org\/produkt\/zink-bioprophyl\/\",\"name\":\"Zink | BioProphyl | Product-Guide.org\",\"isPartOf\":{\"@id\":\"https:\/\/product-guide.org\/#website\"},\"primaryImageOfPage\":{\"@id\":\"https:\/\/product-guide.org\/produkt\/zink-bioprophyl\/#primaryimage\"},\"image\":{\"@id\":\"https:\/\/product-guide.org\/produkt\/zink-bioprophyl\/#primaryimage\"},\"thumbnailUrl\":\"https:\/\/product-guide.org\/wp-content\/uploads\/2025\/03\/Freisteller_Zink_180.png\",\"datePublished\":\"2025-03-17T12:17:59+00:00\",\"description\":\"Zink | BioProphyl gefunden von Product-Guide.org\",\"breadcrumb\":{\"@id\":\"https:\/\/product-guide.org\/produkt\/zink-bioprophyl\/#breadcrumb\"},\"inLanguage\":\"en-GB\",\"potentialAction\":[{\"@type\":\"ReadAction\",\"target\":[\"https:\/\/product-guide.org\/produkt\/zink-bioprophyl\/\"]}]},{\"@type\":\"ImageObject\",\"inLanguage\":\"en-GB\",\"@id\":\"https:\/\/product-guide.org\/produkt\/zink-bioprophyl\/#primaryimage\",\"url\":\"https:\/\/product-guide.org\/wp-content\/uploads\/2025\/03\/Freisteller_Zink_180.png\",\"contentUrl\":\"https:\/\/product-guide.org\/wp-content\/uploads\/2025\/03\/Freisteller_Zink_180.png\",\"width\":1800,\"height\":1800},{\"@type\":\"BreadcrumbList\",\"@id\":\"https:\/\/product-guide.org\/produkt\/zink-bioprophyl\/#breadcrumb\",\"itemListElement\":[{\"@type\":\"ListItem\",\"position\":1,\"name\":\"Home\",\"item\":\"https:\/\/product-guide.org\/\"},{\"@type\":\"ListItem\",\"position\":2,\"name\":\"Ergebnisse\",\"item\":\"https:\/\/product-guide.org\/de\/ergebnisse\/\"},{\"@type\":\"ListItem\",\"position\":3,\"name\":\"Zink | BioProphyl\"}]},{\"@type\":\"WebSite\",\"@id\":\"https:\/\/product-guide.org\/#website\",\"url\":\"https:\/\/product-guide.org\/\",\"name\":\"Product-Guide.org\",\"description\":\"What Product are you looking for?\",\"publisher\":{\"@id\":\"https:\/\/product-guide.org\/#organization\"},\"potentialAction\":[{\"@type\":\"SearchAction\",\"target\":{\"@type\":\"EntryPoint\",\"urlTemplate\":\"https:\/\/product-guide.org\/?s={search_term_string}\"},\"query-input\":{\"@type\":\"PropertyValueSpecification\",\"valueRequired\":true,\"valueName\":\"search_term_string\"}}],\"inLanguage\":\"en-GB\"},{\"@type\":\"Organization\",\"@id\":\"https:\/\/product-guide.org\/#organization\",\"name\":\"Product-Guide.org\",\"url\":\"https:\/\/product-guide.org\/\",\"logo\":{\"@type\":\"ImageObject\",\"inLanguage\":\"en-GB\",\"@id\":\"https:\/\/product-guide.org\/#\/schema\/logo\/image\/\",\"url\":\"https:\/\/product-guide.org\/wp-content\/uploads\/2022\/07\/logo_transparent_background.png\",\"contentUrl\":\"https:\/\/product-guide.org\/wp-content\/uploads\/2022\/07\/logo_transparent_background.png\",\"width\":3400,\"height\":1132,\"caption\":\"Product-Guide.org\"},\"image\":{\"@id\":\"https:\/\/product-guide.org\/#\/schema\/logo\/image\/\"}}]}<\/script>\n<!-- \/ Yoast SEO plugin. -->","yoast_head_json":{"title":"Zink | BioProphyl | Product-Guide.org","description":"Zink | BioProphyl gefunden von Product-Guide.org","robots":{"index":"index","follow":"follow","max-snippet":"max-snippet:-1","max-image-preview":"max-image-preview:large","max-video-preview":"max-video-preview:-1"},"canonical":"https:\/\/product-guide.org\/en\/produkt\/zink-bioprophyl\/","og_locale":"en_GB","og_type":"article","og_title":"Zink | BioProphyl | Product-Guide.org","og_description":"Zink | BioProphyl gefunden von Product-Guide.org","og_url":"https:\/\/product-guide.org\/en\/produkt\/zink-bioprophyl\/","og_site_name":"Product-Guide.org","twitter_card":"summary_large_image","schema":{"@context":"https:\/\/schema.org","@graph":[{"@type":"WebPage","@id":"https:\/\/product-guide.org\/produkt\/zink-bioprophyl\/","url":"https:\/\/product-guide.org\/produkt\/zink-bioprophyl\/","name":"Zink | BioProphyl | Product-Guide.org","isPartOf":{"@id":"https:\/\/product-guide.org\/#website"},"primaryImageOfPage":{"@id":"https:\/\/product-guide.org\/produkt\/zink-bioprophyl\/#primaryimage"},"image":{"@id":"https:\/\/product-guide.org\/produkt\/zink-bioprophyl\/#primaryimage"},"thumbnailUrl":"https:\/\/product-guide.org\/wp-content\/uploads\/2025\/03\/Freisteller_Zink_180.png","datePublished":"2025-03-17T12:17:59+00:00","description":"Zink | BioProphyl gefunden von Product-Guide.org","breadcrumb":{"@id":"https:\/\/product-guide.org\/produkt\/zink-bioprophyl\/#breadcrumb"},"inLanguage":"en-GB","potentialAction":[{"@type":"ReadAction","target":["https:\/\/product-guide.org\/produkt\/zink-bioprophyl\/"]}]},{"@type":"ImageObject","inLanguage":"en-GB","@id":"https:\/\/product-guide.org\/produkt\/zink-bioprophyl\/#primaryimage","url":"https:\/\/product-guide.org\/wp-content\/uploads\/2025\/03\/Freisteller_Zink_180.png","contentUrl":"https:\/\/product-guide.org\/wp-content\/uploads\/2025\/03\/Freisteller_Zink_180.png","width":1800,"height":1800},{"@type":"BreadcrumbList","@id":"https:\/\/product-guide.org\/produkt\/zink-bioprophyl\/#breadcrumb","itemListElement":[{"@type":"ListItem","position":1,"name":"Home","item":"https:\/\/product-guide.org\/"},{"@type":"ListItem","position":2,"name":"Ergebnisse","item":"https:\/\/product-guide.org\/de\/ergebnisse\/"},{"@type":"ListItem","position":3,"name":"Zink | BioProphyl"}]},{"@type":"WebSite","@id":"https:\/\/product-guide.org\/#website","url":"https:\/\/product-guide.org\/","name":"Product-Guide.org","description":"What Product are you looking for?","publisher":{"@id":"https:\/\/product-guide.org\/#organization"},"potentialAction":[{"@type":"SearchAction","target":{"@type":"EntryPoint","urlTemplate":"https:\/\/product-guide.org\/?s={search_term_string}"},"query-input":{"@type":"PropertyValueSpecification","valueRequired":true,"valueName":"search_term_string"}}],"inLanguage":"en-GB"},{"@type":"Organization","@id":"https:\/\/product-guide.org\/#organization","name":"Product-Guide.org","url":"https:\/\/product-guide.org\/","logo":{"@type":"ImageObject","inLanguage":"en-GB","@id":"https:\/\/product-guide.org\/#\/schema\/logo\/image\/","url":"https:\/\/product-guide.org\/wp-content\/uploads\/2022\/07\/logo_transparent_background.png","contentUrl":"https:\/\/product-guide.org\/wp-content\/uploads\/2022\/07\/logo_transparent_background.png","width":3400,"height":1132,"caption":"Product-Guide.org"},"image":{"@id":"https:\/\/product-guide.org\/#\/schema\/logo\/image\/"}}]}},"_links":{"self":[{"href":"https:\/\/product-guide.org\/en\/wp-json\/wp\/v2\/product\/58175","targetHints":{"allow":["GET"]}}],"collection":[{"href":"https:\/\/product-guide.org\/en\/wp-json\/wp\/v2\/product"}],"about":[{"href":"https:\/\/product-guide.org\/en\/wp-json\/wp\/v2\/types\/product"}],"wp:featuredmedia":[{"embeddable":true,"href":"https:\/\/product-guide.org\/en\/wp-json\/wp\/v2\/media\/58174"}],"wp:attachment":[{"href":"https:\/\/product-guide.org\/en\/wp-json\/wp\/v2\/media?parent=58175"}],"wp:term":[{"taxonomy":"store","embeddable":true,"href":"https:\/\/product-guide.org\/en\/wp-json\/wp\/v2\/store?post=58175"},{"taxonomy":"product_brand","embeddable":true,"href":"https:\/\/product-guide.org\/en\/wp-json\/wp\/v2\/product_brand?post=58175"},{"taxonomy":"product_cat","embeddable":true,"href":"https:\/\/product-guide.org\/en\/wp-json\/wp\/v2\/product_cat?post=58175"},{"taxonomy":"product_tag","embeddable":true,"href":"https:\/\/product-guide.org\/en\/wp-json\/wp\/v2\/product_tag?post=58175"}],"curies":[{"name":"wp","href":"https:\/\/api.w.org\/{rel}","templated":true}]}}