{"id":58183,"date":"2025-03-17T13:18:08","date_gmt":"2025-03-17T12:18:08","guid":{"rendered":"https:\/\/product-guide.org\/produkt\/vienna-weste-ulischott-de-herrenmode\/"},"modified":"2025-03-17T13:18:08","modified_gmt":"2025-03-17T12:18:08","slug":"vienna-weste-ulischott-de-herrenmode","status":"publish","type":"product","link":"https:\/\/product-guide.org\/en\/produkt\/vienna-weste-ulischott-de-herrenmode\/","title":{"rendered":"Vienna Weste | ulischott.de &#8211; Herrenmode"},"content":{"rendered":"<p>Die Weste Vienna in Beige ist die perfekte Erg\u00e4nzung f\u00fcr Deinen Anzug, um dem Look zus\u00e4tzliche Eleganz zu verleihen. Sie passt sowohl zum einreihigen als auch zum zweireihigen Sakko des Baukasten-Anzugs Vienna und verleiht Deinem Auftritt bei festlichen Anl\u00e4ssen das gewisse Etwas. Farben : Beige Material : 66% Polyester, 28% Viskose, 6% Elasthan Fit : Tailored-Fit Hochwertige Verarbeitung : Baukasten Anzug-Weste, Tuch des kreativen portugiesischen Webers Riopele, Futter aus hochwertiger reiner Viskose, kn\u00f6pfbar, 2 Taschen, inkl. Gl\u00fcckscent Made in Portugal Uli Schott Standards = Fair Trade Standards Durch die Beschaffung und Produktion in Europa nach westlichen Standards erf\u00fcllen wir alle Kriterien eines fair gehandelten und gefertigten Produkts. Dank unserer hochwertigen Verarbeitung sind unsere Anz\u00fcge besonders langlebig und nachhaltig. Dein Lieblingsanzug Vienna wa&#8230;<\/p>\n","protected":false},"excerpt":{"rendered":"<p>Die Weste Vienna in Beige ist die perfekte Erg\u00e4nzung f\u00fcr Deinen Anzug, um dem Look zus\u00e4tzliche Eleganz zu verleihen. Sie passt sowohl zum einreihigen als auch zum zweireihigen Sakko des Baukasten-Anzugs Vienna und verleiht Deinem Auftritt bei festlichen Anl\u00e4ssen das gewisse Etwas. Farben : Beige Material : 66% Polyester, 28% Viskose, 6% Elasthan Fit : [&hellip;]<\/p>\n","protected":false},"featured_media":58182,"template":"","meta":{"_gspb_post_css":""},"store":[],"product_brand":[1465],"product_cat":[1290],"product_tag":[],"class_list":{"0":"post-58183","1":"product","2":"type-product","3":"status-publish","4":"has-post-thumbnail","6":"product_brand-ulischott-de-herrenmode","7":"product_cat-uncategorized","9":"first","10":"instock","11":"shipping-taxable","12":"purchasable","13":"product-type-simple"},"yoast_head":"<!-- This site is optimized with the Yoast SEO plugin v24.6 - https:\/\/yoast.com\/wordpress\/plugins\/seo\/ -->\n<title>Vienna Weste | ulischott.de - Herrenmode | Product-Guide.org<\/title>\n<meta name=\"description\" content=\"Vienna Weste | ulischott.de - Herrenmode gefunden von Product-Guide.org\" \/>\n<meta name=\"robots\" content=\"index, follow, max-snippet:-1, max-image-preview:large, max-video-preview:-1\" \/>\n<link rel=\"canonical\" href=\"https:\/\/product-guide.org\/en\/produkt\/vienna-weste-ulischott-de-herrenmode\/\" \/>\n<meta property=\"og:locale\" content=\"en_GB\" \/>\n<meta property=\"og:type\" content=\"article\" \/>\n<meta property=\"og:title\" content=\"Vienna Weste | ulischott.de - Herrenmode | Product-Guide.org\" \/>\n<meta property=\"og:description\" content=\"Vienna Weste | ulischott.de - Herrenmode gefunden von Product-Guide.org\" \/>\n<meta property=\"og:url\" content=\"https:\/\/product-guide.org\/en\/produkt\/vienna-weste-ulischott-de-herrenmode\/\" \/>\n<meta property=\"og:site_name\" content=\"Product-Guide.org\" \/>\n<meta name=\"twitter:card\" content=\"summary_large_image\" \/>\n<script type=\"application\/ld+json\" class=\"yoast-schema-graph\">{\"@context\":\"https:\/\/schema.org\",\"@graph\":[{\"@type\":\"WebPage\",\"@id\":\"https:\/\/product-guide.org\/produkt\/vienna-weste-ulischott-de-herrenmode\/\",\"url\":\"https:\/\/product-guide.org\/produkt\/vienna-weste-ulischott-de-herrenmode\/\",\"name\":\"Vienna Weste | ulischott.de - Herrenmode | Product-Guide.org\",\"isPartOf\":{\"@id\":\"https:\/\/product-guide.org\/#website\"},\"primaryImageOfPage\":{\"@id\":\"https:\/\/product-guide.org\/produkt\/vienna-weste-ulischott-de-herrenmode\/#primaryimage\"},\"image\":{\"@id\":\"https:\/\/product-guide.org\/produkt\/vienna-weste-ulischott-de-herrenmode\/#primaryimage\"},\"thumbnailUrl\":\"https:\/\/product-guide.org\/wp-content\/uploads\/2025\/03\/Vienna_Weste_Beige_07-2_1280x1280.jpg\",\"datePublished\":\"2025-03-17T12:18:08+00:00\",\"description\":\"Vienna Weste | ulischott.de - Herrenmode gefunden von Product-Guide.org\",\"breadcrumb\":{\"@id\":\"https:\/\/product-guide.org\/produkt\/vienna-weste-ulischott-de-herrenmode\/#breadcrumb\"},\"inLanguage\":\"en-GB\",\"potentialAction\":[{\"@type\":\"ReadAction\",\"target\":[\"https:\/\/product-guide.org\/produkt\/vienna-weste-ulischott-de-herrenmode\/\"]}]},{\"@type\":\"ImageObject\",\"inLanguage\":\"en-GB\",\"@id\":\"https:\/\/product-guide.org\/produkt\/vienna-weste-ulischott-de-herrenmode\/#primaryimage\",\"url\":\"https:\/\/product-guide.org\/wp-content\/uploads\/2025\/03\/Vienna_Weste_Beige_07-2_1280x1280.jpg\",\"contentUrl\":\"https:\/\/product-guide.org\/wp-content\/uploads\/2025\/03\/Vienna_Weste_Beige_07-2_1280x1280.jpg\",\"width\":973,\"height\":1280},{\"@type\":\"BreadcrumbList\",\"@id\":\"https:\/\/product-guide.org\/produkt\/vienna-weste-ulischott-de-herrenmode\/#breadcrumb\",\"itemListElement\":[{\"@type\":\"ListItem\",\"position\":1,\"name\":\"Home\",\"item\":\"https:\/\/product-guide.org\/\"},{\"@type\":\"ListItem\",\"position\":2,\"name\":\"Ergebnisse\",\"item\":\"https:\/\/product-guide.org\/de\/ergebnisse\/\"},{\"@type\":\"ListItem\",\"position\":3,\"name\":\"Vienna Weste | ulischott.de &#8211; Herrenmode\"}]},{\"@type\":\"WebSite\",\"@id\":\"https:\/\/product-guide.org\/#website\",\"url\":\"https:\/\/product-guide.org\/\",\"name\":\"Product-Guide.org\",\"description\":\"What Product are you looking for?\",\"publisher\":{\"@id\":\"https:\/\/product-guide.org\/#organization\"},\"potentialAction\":[{\"@type\":\"SearchAction\",\"target\":{\"@type\":\"EntryPoint\",\"urlTemplate\":\"https:\/\/product-guide.org\/?s={search_term_string}\"},\"query-input\":{\"@type\":\"PropertyValueSpecification\",\"valueRequired\":true,\"valueName\":\"search_term_string\"}}],\"inLanguage\":\"en-GB\"},{\"@type\":\"Organization\",\"@id\":\"https:\/\/product-guide.org\/#organization\",\"name\":\"Product-Guide.org\",\"url\":\"https:\/\/product-guide.org\/\",\"logo\":{\"@type\":\"ImageObject\",\"inLanguage\":\"en-GB\",\"@id\":\"https:\/\/product-guide.org\/#\/schema\/logo\/image\/\",\"url\":\"https:\/\/product-guide.org\/wp-content\/uploads\/2022\/07\/logo_transparent_background.png\",\"contentUrl\":\"https:\/\/product-guide.org\/wp-content\/uploads\/2022\/07\/logo_transparent_background.png\",\"width\":3400,\"height\":1132,\"caption\":\"Product-Guide.org\"},\"image\":{\"@id\":\"https:\/\/product-guide.org\/#\/schema\/logo\/image\/\"}}]}<\/script>\n<!-- \/ Yoast SEO plugin. -->","yoast_head_json":{"title":"Vienna Weste | ulischott.de - Herrenmode | Product-Guide.org","description":"Vienna Weste | ulischott.de - Herrenmode gefunden von Product-Guide.org","robots":{"index":"index","follow":"follow","max-snippet":"max-snippet:-1","max-image-preview":"max-image-preview:large","max-video-preview":"max-video-preview:-1"},"canonical":"https:\/\/product-guide.org\/en\/produkt\/vienna-weste-ulischott-de-herrenmode\/","og_locale":"en_GB","og_type":"article","og_title":"Vienna Weste | ulischott.de - Herrenmode | Product-Guide.org","og_description":"Vienna Weste | ulischott.de - Herrenmode gefunden von Product-Guide.org","og_url":"https:\/\/product-guide.org\/en\/produkt\/vienna-weste-ulischott-de-herrenmode\/","og_site_name":"Product-Guide.org","twitter_card":"summary_large_image","schema":{"@context":"https:\/\/schema.org","@graph":[{"@type":"WebPage","@id":"https:\/\/product-guide.org\/produkt\/vienna-weste-ulischott-de-herrenmode\/","url":"https:\/\/product-guide.org\/produkt\/vienna-weste-ulischott-de-herrenmode\/","name":"Vienna Weste | ulischott.de - Herrenmode | Product-Guide.org","isPartOf":{"@id":"https:\/\/product-guide.org\/#website"},"primaryImageOfPage":{"@id":"https:\/\/product-guide.org\/produkt\/vienna-weste-ulischott-de-herrenmode\/#primaryimage"},"image":{"@id":"https:\/\/product-guide.org\/produkt\/vienna-weste-ulischott-de-herrenmode\/#primaryimage"},"thumbnailUrl":"https:\/\/product-guide.org\/wp-content\/uploads\/2025\/03\/Vienna_Weste_Beige_07-2_1280x1280.jpg","datePublished":"2025-03-17T12:18:08+00:00","description":"Vienna Weste | ulischott.de - Herrenmode gefunden von Product-Guide.org","breadcrumb":{"@id":"https:\/\/product-guide.org\/produkt\/vienna-weste-ulischott-de-herrenmode\/#breadcrumb"},"inLanguage":"en-GB","potentialAction":[{"@type":"ReadAction","target":["https:\/\/product-guide.org\/produkt\/vienna-weste-ulischott-de-herrenmode\/"]}]},{"@type":"ImageObject","inLanguage":"en-GB","@id":"https:\/\/product-guide.org\/produkt\/vienna-weste-ulischott-de-herrenmode\/#primaryimage","url":"https:\/\/product-guide.org\/wp-content\/uploads\/2025\/03\/Vienna_Weste_Beige_07-2_1280x1280.jpg","contentUrl":"https:\/\/product-guide.org\/wp-content\/uploads\/2025\/03\/Vienna_Weste_Beige_07-2_1280x1280.jpg","width":973,"height":1280},{"@type":"BreadcrumbList","@id":"https:\/\/product-guide.org\/produkt\/vienna-weste-ulischott-de-herrenmode\/#breadcrumb","itemListElement":[{"@type":"ListItem","position":1,"name":"Home","item":"https:\/\/product-guide.org\/"},{"@type":"ListItem","position":2,"name":"Ergebnisse","item":"https:\/\/product-guide.org\/de\/ergebnisse\/"},{"@type":"ListItem","position":3,"name":"Vienna Weste | ulischott.de &#8211; Herrenmode"}]},{"@type":"WebSite","@id":"https:\/\/product-guide.org\/#website","url":"https:\/\/product-guide.org\/","name":"Product-Guide.org","description":"What Product are you looking for?","publisher":{"@id":"https:\/\/product-guide.org\/#organization"},"potentialAction":[{"@type":"SearchAction","target":{"@type":"EntryPoint","urlTemplate":"https:\/\/product-guide.org\/?s={search_term_string}"},"query-input":{"@type":"PropertyValueSpecification","valueRequired":true,"valueName":"search_term_string"}}],"inLanguage":"en-GB"},{"@type":"Organization","@id":"https:\/\/product-guide.org\/#organization","name":"Product-Guide.org","url":"https:\/\/product-guide.org\/","logo":{"@type":"ImageObject","inLanguage":"en-GB","@id":"https:\/\/product-guide.org\/#\/schema\/logo\/image\/","url":"https:\/\/product-guide.org\/wp-content\/uploads\/2022\/07\/logo_transparent_background.png","contentUrl":"https:\/\/product-guide.org\/wp-content\/uploads\/2022\/07\/logo_transparent_background.png","width":3400,"height":1132,"caption":"Product-Guide.org"},"image":{"@id":"https:\/\/product-guide.org\/#\/schema\/logo\/image\/"}}]}},"_links":{"self":[{"href":"https:\/\/product-guide.org\/en\/wp-json\/wp\/v2\/product\/58183","targetHints":{"allow":["GET"]}}],"collection":[{"href":"https:\/\/product-guide.org\/en\/wp-json\/wp\/v2\/product"}],"about":[{"href":"https:\/\/product-guide.org\/en\/wp-json\/wp\/v2\/types\/product"}],"wp:featuredmedia":[{"embeddable":true,"href":"https:\/\/product-guide.org\/en\/wp-json\/wp\/v2\/media\/58182"}],"wp:attachment":[{"href":"https:\/\/product-guide.org\/en\/wp-json\/wp\/v2\/media?parent=58183"}],"wp:term":[{"taxonomy":"store","embeddable":true,"href":"https:\/\/product-guide.org\/en\/wp-json\/wp\/v2\/store?post=58183"},{"taxonomy":"product_brand","embeddable":true,"href":"https:\/\/product-guide.org\/en\/wp-json\/wp\/v2\/product_brand?post=58183"},{"taxonomy":"product_cat","embeddable":true,"href":"https:\/\/product-guide.org\/en\/wp-json\/wp\/v2\/product_cat?post=58183"},{"taxonomy":"product_tag","embeddable":true,"href":"https:\/\/product-guide.org\/en\/wp-json\/wp\/v2\/product_tag?post=58183"}],"curies":[{"name":"wp","href":"https:\/\/api.w.org\/{rel}","templated":true}]}}