{"id":58189,"date":"2025-03-17T13:18:12","date_gmt":"2025-03-17T12:18:12","guid":{"rendered":"https:\/\/product-guide.org\/produkt\/atlanta-weste-anthrazit-ulischott-de-herrenmode-2\/"},"modified":"2025-03-17T13:18:12","modified_gmt":"2025-03-17T12:18:12","slug":"atlanta-weste-anthrazit-ulischott-de-herrenmode-2","status":"publish","type":"product","link":"https:\/\/product-guide.org\/en\/produkt\/atlanta-weste-anthrazit-ulischott-de-herrenmode-2\/","title":{"rendered":"Atlanta Weste Anthrazit | ulischott.de &#8211; Herrenmode"},"content":{"rendered":"<p>Du suchst einen modernen Slim Fit-Anzug f\u00fcr jeden Anlass? Du legst Wert auf Eleganz und Hochwertigkeit? Dann ist der Anzug Atlanta die ideale Wahl f\u00fcr Dich. Das Tuch des renommierten italienischen Webers Vitale Barberis und das Design von Uli Schott lassen Dich bei jedem Event gl\u00e4nzen. F\u00fcr einen besonders eleganten Auftritt empfehlen wir Dir die passende Weste zum Anzug Atlanta! Farben : Stratoblau, Anthrazit, Navy, Schwarz Material : 100% Schurwolle, Super 120 Fit : Slim-Fit Hochwertige Verarbeitung : Baukasten Anzug-Weste, Tuch von Italiens Luxusweberei Vitale Barberis Canonico, Futter aus hochwertiger reiner Viskose, kn\u00f6pfbar, Pattentaschen, Seitenschlitze, edler Hochglanzknopf \u00fcber Kreuzstich fixiert, inkl. Gl\u00fcckscent Made in Portugal Uli Schott Standards = Fair Trade Standards Durch die Beschaffung und Produktion in Europa nach westlichen Standards erf\u00fcllen &#8230;<\/p>\n","protected":false},"excerpt":{"rendered":"<p>Du suchst einen modernen Slim Fit-Anzug f\u00fcr jeden Anlass? Du legst Wert auf Eleganz und Hochwertigkeit? Dann ist der Anzug Atlanta die ideale Wahl f\u00fcr Dich. Das Tuch des renommierten italienischen Webers Vitale Barberis und das Design von Uli Schott lassen Dich bei jedem Event gl\u00e4nzen. F\u00fcr einen besonders eleganten Auftritt empfehlen wir Dir die [&hellip;]<\/p>\n","protected":false},"featured_media":58187,"template":"","meta":{"_gspb_post_css":""},"store":[],"product_brand":[1465],"product_cat":[1290],"product_tag":[],"class_list":{"0":"post-58189","1":"product","2":"type-product","3":"status-publish","4":"has-post-thumbnail","6":"product_brand-ulischott-de-herrenmode","7":"product_cat-uncategorized","9":"first","10":"instock","11":"shipping-taxable","12":"purchasable","13":"product-type-simple"},"yoast_head":"<!-- This site is optimized with the Yoast SEO plugin v24.6 - https:\/\/yoast.com\/wordpress\/plugins\/seo\/ -->\n<title>Atlanta Weste Anthrazit | ulischott.de - Herrenmode | Product-Guide.org<\/title>\n<meta name=\"description\" content=\"Atlanta Weste Anthrazit | ulischott.de - Herrenmode gefunden von Product-Guide.org\" \/>\n<meta name=\"robots\" content=\"index, follow, max-snippet:-1, max-image-preview:large, max-video-preview:-1\" \/>\n<link rel=\"canonical\" href=\"https:\/\/product-guide.org\/en\/produkt\/atlanta-weste-anthrazit-ulischott-de-herrenmode-2\/\" \/>\n<meta property=\"og:locale\" content=\"en_GB\" \/>\n<meta property=\"og:type\" content=\"article\" \/>\n<meta property=\"og:title\" content=\"Atlanta Weste Anthrazit | ulischott.de - Herrenmode | Product-Guide.org\" \/>\n<meta property=\"og:description\" content=\"Atlanta Weste Anthrazit | ulischott.de - Herrenmode gefunden von Product-Guide.org\" \/>\n<meta property=\"og:url\" content=\"https:\/\/product-guide.org\/en\/produkt\/atlanta-weste-anthrazit-ulischott-de-herrenmode-2\/\" \/>\n<meta property=\"og:site_name\" content=\"Product-Guide.org\" \/>\n<meta name=\"twitter:card\" content=\"summary_large_image\" \/>\n<script type=\"application\/ld+json\" class=\"yoast-schema-graph\">{\"@context\":\"https:\/\/schema.org\",\"@graph\":[{\"@type\":\"WebPage\",\"@id\":\"https:\/\/product-guide.org\/produkt\/atlanta-weste-anthrazit-ulischott-de-herrenmode-2\/\",\"url\":\"https:\/\/product-guide.org\/produkt\/atlanta-weste-anthrazit-ulischott-de-herrenmode-2\/\",\"name\":\"Atlanta Weste Anthrazit | ulischott.de - Herrenmode | Product-Guide.org\",\"isPartOf\":{\"@id\":\"https:\/\/product-guide.org\/#website\"},\"primaryImageOfPage\":{\"@id\":\"https:\/\/product-guide.org\/produkt\/atlanta-weste-anthrazit-ulischott-de-herrenmode-2\/#primaryimage\"},\"image\":{\"@id\":\"https:\/\/product-guide.org\/produkt\/atlanta-weste-anthrazit-ulischott-de-herrenmode-2\/#primaryimage\"},\"thumbnailUrl\":\"https:\/\/product-guide.org\/wp-content\/uploads\/2025\/03\/122-11-11-001-97-xxx_Atlanta-Anthra_02_1280x1280.jpg\",\"datePublished\":\"2025-03-17T12:18:12+00:00\",\"description\":\"Atlanta Weste Anthrazit | ulischott.de - Herrenmode gefunden von Product-Guide.org\",\"breadcrumb\":{\"@id\":\"https:\/\/product-guide.org\/produkt\/atlanta-weste-anthrazit-ulischott-de-herrenmode-2\/#breadcrumb\"},\"inLanguage\":\"en-GB\",\"potentialAction\":[{\"@type\":\"ReadAction\",\"target\":[\"https:\/\/product-guide.org\/produkt\/atlanta-weste-anthrazit-ulischott-de-herrenmode-2\/\"]}]},{\"@type\":\"ImageObject\",\"inLanguage\":\"en-GB\",\"@id\":\"https:\/\/product-guide.org\/produkt\/atlanta-weste-anthrazit-ulischott-de-herrenmode-2\/#primaryimage\",\"url\":\"https:\/\/product-guide.org\/wp-content\/uploads\/2025\/03\/122-11-11-001-97-xxx_Atlanta-Anthra_02_1280x1280.jpg\",\"contentUrl\":\"https:\/\/product-guide.org\/wp-content\/uploads\/2025\/03\/122-11-11-001-97-xxx_Atlanta-Anthra_02_1280x1280.jpg\",\"width\":896,\"height\":1280},{\"@type\":\"BreadcrumbList\",\"@id\":\"https:\/\/product-guide.org\/produkt\/atlanta-weste-anthrazit-ulischott-de-herrenmode-2\/#breadcrumb\",\"itemListElement\":[{\"@type\":\"ListItem\",\"position\":1,\"name\":\"Home\",\"item\":\"https:\/\/product-guide.org\/\"},{\"@type\":\"ListItem\",\"position\":2,\"name\":\"Ergebnisse\",\"item\":\"https:\/\/product-guide.org\/de\/ergebnisse\/\"},{\"@type\":\"ListItem\",\"position\":3,\"name\":\"Atlanta Weste Anthrazit | ulischott.de &#8211; Herrenmode\"}]},{\"@type\":\"WebSite\",\"@id\":\"https:\/\/product-guide.org\/#website\",\"url\":\"https:\/\/product-guide.org\/\",\"name\":\"Product-Guide.org\",\"description\":\"What Product are you looking for?\",\"publisher\":{\"@id\":\"https:\/\/product-guide.org\/#organization\"},\"potentialAction\":[{\"@type\":\"SearchAction\",\"target\":{\"@type\":\"EntryPoint\",\"urlTemplate\":\"https:\/\/product-guide.org\/?s={search_term_string}\"},\"query-input\":{\"@type\":\"PropertyValueSpecification\",\"valueRequired\":true,\"valueName\":\"search_term_string\"}}],\"inLanguage\":\"en-GB\"},{\"@type\":\"Organization\",\"@id\":\"https:\/\/product-guide.org\/#organization\",\"name\":\"Product-Guide.org\",\"url\":\"https:\/\/product-guide.org\/\",\"logo\":{\"@type\":\"ImageObject\",\"inLanguage\":\"en-GB\",\"@id\":\"https:\/\/product-guide.org\/#\/schema\/logo\/image\/\",\"url\":\"https:\/\/product-guide.org\/wp-content\/uploads\/2022\/07\/logo_transparent_background.png\",\"contentUrl\":\"https:\/\/product-guide.org\/wp-content\/uploads\/2022\/07\/logo_transparent_background.png\",\"width\":3400,\"height\":1132,\"caption\":\"Product-Guide.org\"},\"image\":{\"@id\":\"https:\/\/product-guide.org\/#\/schema\/logo\/image\/\"}}]}<\/script>\n<!-- \/ Yoast SEO plugin. -->","yoast_head_json":{"title":"Atlanta Weste Anthrazit | ulischott.de - Herrenmode | Product-Guide.org","description":"Atlanta Weste Anthrazit | ulischott.de - Herrenmode gefunden von Product-Guide.org","robots":{"index":"index","follow":"follow","max-snippet":"max-snippet:-1","max-image-preview":"max-image-preview:large","max-video-preview":"max-video-preview:-1"},"canonical":"https:\/\/product-guide.org\/en\/produkt\/atlanta-weste-anthrazit-ulischott-de-herrenmode-2\/","og_locale":"en_GB","og_type":"article","og_title":"Atlanta Weste Anthrazit | ulischott.de - Herrenmode | Product-Guide.org","og_description":"Atlanta Weste Anthrazit | ulischott.de - Herrenmode gefunden von Product-Guide.org","og_url":"https:\/\/product-guide.org\/en\/produkt\/atlanta-weste-anthrazit-ulischott-de-herrenmode-2\/","og_site_name":"Product-Guide.org","twitter_card":"summary_large_image","schema":{"@context":"https:\/\/schema.org","@graph":[{"@type":"WebPage","@id":"https:\/\/product-guide.org\/produkt\/atlanta-weste-anthrazit-ulischott-de-herrenmode-2\/","url":"https:\/\/product-guide.org\/produkt\/atlanta-weste-anthrazit-ulischott-de-herrenmode-2\/","name":"Atlanta Weste Anthrazit | ulischott.de - Herrenmode | Product-Guide.org","isPartOf":{"@id":"https:\/\/product-guide.org\/#website"},"primaryImageOfPage":{"@id":"https:\/\/product-guide.org\/produkt\/atlanta-weste-anthrazit-ulischott-de-herrenmode-2\/#primaryimage"},"image":{"@id":"https:\/\/product-guide.org\/produkt\/atlanta-weste-anthrazit-ulischott-de-herrenmode-2\/#primaryimage"},"thumbnailUrl":"https:\/\/product-guide.org\/wp-content\/uploads\/2025\/03\/122-11-11-001-97-xxx_Atlanta-Anthra_02_1280x1280.jpg","datePublished":"2025-03-17T12:18:12+00:00","description":"Atlanta Weste Anthrazit | ulischott.de - Herrenmode gefunden von Product-Guide.org","breadcrumb":{"@id":"https:\/\/product-guide.org\/produkt\/atlanta-weste-anthrazit-ulischott-de-herrenmode-2\/#breadcrumb"},"inLanguage":"en-GB","potentialAction":[{"@type":"ReadAction","target":["https:\/\/product-guide.org\/produkt\/atlanta-weste-anthrazit-ulischott-de-herrenmode-2\/"]}]},{"@type":"ImageObject","inLanguage":"en-GB","@id":"https:\/\/product-guide.org\/produkt\/atlanta-weste-anthrazit-ulischott-de-herrenmode-2\/#primaryimage","url":"https:\/\/product-guide.org\/wp-content\/uploads\/2025\/03\/122-11-11-001-97-xxx_Atlanta-Anthra_02_1280x1280.jpg","contentUrl":"https:\/\/product-guide.org\/wp-content\/uploads\/2025\/03\/122-11-11-001-97-xxx_Atlanta-Anthra_02_1280x1280.jpg","width":896,"height":1280},{"@type":"BreadcrumbList","@id":"https:\/\/product-guide.org\/produkt\/atlanta-weste-anthrazit-ulischott-de-herrenmode-2\/#breadcrumb","itemListElement":[{"@type":"ListItem","position":1,"name":"Home","item":"https:\/\/product-guide.org\/"},{"@type":"ListItem","position":2,"name":"Ergebnisse","item":"https:\/\/product-guide.org\/de\/ergebnisse\/"},{"@type":"ListItem","position":3,"name":"Atlanta Weste Anthrazit | ulischott.de &#8211; Herrenmode"}]},{"@type":"WebSite","@id":"https:\/\/product-guide.org\/#website","url":"https:\/\/product-guide.org\/","name":"Product-Guide.org","description":"What Product are you looking for?","publisher":{"@id":"https:\/\/product-guide.org\/#organization"},"potentialAction":[{"@type":"SearchAction","target":{"@type":"EntryPoint","urlTemplate":"https:\/\/product-guide.org\/?s={search_term_string}"},"query-input":{"@type":"PropertyValueSpecification","valueRequired":true,"valueName":"search_term_string"}}],"inLanguage":"en-GB"},{"@type":"Organization","@id":"https:\/\/product-guide.org\/#organization","name":"Product-Guide.org","url":"https:\/\/product-guide.org\/","logo":{"@type":"ImageObject","inLanguage":"en-GB","@id":"https:\/\/product-guide.org\/#\/schema\/logo\/image\/","url":"https:\/\/product-guide.org\/wp-content\/uploads\/2022\/07\/logo_transparent_background.png","contentUrl":"https:\/\/product-guide.org\/wp-content\/uploads\/2022\/07\/logo_transparent_background.png","width":3400,"height":1132,"caption":"Product-Guide.org"},"image":{"@id":"https:\/\/product-guide.org\/#\/schema\/logo\/image\/"}}]}},"_links":{"self":[{"href":"https:\/\/product-guide.org\/en\/wp-json\/wp\/v2\/product\/58189","targetHints":{"allow":["GET"]}}],"collection":[{"href":"https:\/\/product-guide.org\/en\/wp-json\/wp\/v2\/product"}],"about":[{"href":"https:\/\/product-guide.org\/en\/wp-json\/wp\/v2\/types\/product"}],"wp:featuredmedia":[{"embeddable":true,"href":"https:\/\/product-guide.org\/en\/wp-json\/wp\/v2\/media\/58187"}],"wp:attachment":[{"href":"https:\/\/product-guide.org\/en\/wp-json\/wp\/v2\/media?parent=58189"}],"wp:term":[{"taxonomy":"store","embeddable":true,"href":"https:\/\/product-guide.org\/en\/wp-json\/wp\/v2\/store?post=58189"},{"taxonomy":"product_brand","embeddable":true,"href":"https:\/\/product-guide.org\/en\/wp-json\/wp\/v2\/product_brand?post=58189"},{"taxonomy":"product_cat","embeddable":true,"href":"https:\/\/product-guide.org\/en\/wp-json\/wp\/v2\/product_cat?post=58189"},{"taxonomy":"product_tag","embeddable":true,"href":"https:\/\/product-guide.org\/en\/wp-json\/wp\/v2\/product_tag?post=58189"}],"curies":[{"name":"wp","href":"https:\/\/api.w.org\/{rel}","templated":true}]}}