{"id":58228,"date":"2025-03-17T13:18:37","date_gmt":"2025-03-17T12:18:37","guid":{"rendered":"https:\/\/product-guide.org\/produkt\/sydney-weste-anthra-ulischott-de-herrenmode-5\/"},"modified":"2025-03-17T13:18:37","modified_gmt":"2025-03-17T12:18:37","slug":"sydney-weste-anthra-ulischott-de-herrenmode-5","status":"publish","type":"product","link":"https:\/\/product-guide.org\/en\/produkt\/sydney-weste-anthra-ulischott-de-herrenmode-5\/","title":{"rendered":"Sydney Weste Anthra | ulischott.de &#8211; Herrenmode"},"content":{"rendered":"<p>Der Anzug Sydney ist ein echter Uli Schott Klassiker! Passend dazu haben wir f\u00fcr Dich die ideale Weste entworfen und produziert. Hergestellt aus 100% Schurwolle und mit aufwendiger Schneiderkunst in Handarbeit gefertigt, bietet Dir der Sydney Anzug ein Auftreten in h\u00f6chster Qualit\u00e4t. In Anthrazit ist der Fair Trade produzierte Anzug die perfekte Wahl f\u00fcr jeden Deiner Anl\u00e4sse, und mit der Weste kannst Du Deinen Look noch festlicher gestalten. Farben : Navy, Anthra Material : 100% Schurwolle Fit : Tailored-Fit Hochwertige Verarbeitung : Baukasten Anzug-Weste, Tuch von Italiens Luxusweberei Vitale Barberis Canonico, Futter aus hochwertiger reiner Viskose, inkl. Gl\u00fcckscent Made in Portugal Uli Schott Standards = Fair Trade Standards Durch die Beschaffung und Produktion in Europa nach westlichen Standards erf\u00fcllen wir alle Kriterien eines fair gehandelten und gefertigten P&#8230;<\/p>\n","protected":false},"excerpt":{"rendered":"<p>Der Anzug Sydney ist ein echter Uli Schott Klassiker! Passend dazu haben wir f\u00fcr Dich die ideale Weste entworfen und produziert. Hergestellt aus 100% Schurwolle und mit aufwendiger Schneiderkunst in Handarbeit gefertigt, bietet Dir der Sydney Anzug ein Auftreten in h\u00f6chster Qualit\u00e4t. In Anthrazit ist der Fair Trade produzierte Anzug die perfekte Wahl f\u00fcr jeden [&hellip;]<\/p>\n","protected":false},"featured_media":58223,"template":"","meta":{"_gspb_post_css":""},"store":[],"product_brand":[1465],"product_cat":[1290],"product_tag":[],"class_list":{"0":"post-58228","1":"product","2":"type-product","3":"status-publish","4":"has-post-thumbnail","6":"product_brand-ulischott-de-herrenmode","7":"product_cat-uncategorized","9":"first","10":"instock","11":"shipping-taxable","12":"purchasable","13":"product-type-simple"},"yoast_head":"<!-- This site is optimized with the Yoast SEO plugin v24.6 - https:\/\/yoast.com\/wordpress\/plugins\/seo\/ -->\n<title>Sydney Weste Anthra | ulischott.de - Herrenmode | Product-Guide.org<\/title>\n<meta name=\"description\" content=\"Sydney Weste Anthra | ulischott.de - Herrenmode gefunden von Product-Guide.org\" \/>\n<meta name=\"robots\" content=\"index, follow, max-snippet:-1, max-image-preview:large, max-video-preview:-1\" \/>\n<link rel=\"canonical\" href=\"https:\/\/product-guide.org\/en\/produkt\/sydney-weste-anthra-ulischott-de-herrenmode-5\/\" \/>\n<meta property=\"og:locale\" content=\"en_GB\" \/>\n<meta property=\"og:type\" content=\"article\" \/>\n<meta property=\"og:title\" content=\"Sydney Weste Anthra | ulischott.de - Herrenmode | Product-Guide.org\" \/>\n<meta property=\"og:description\" content=\"Sydney Weste Anthra | ulischott.de - Herrenmode gefunden von Product-Guide.org\" \/>\n<meta property=\"og:url\" content=\"https:\/\/product-guide.org\/en\/produkt\/sydney-weste-anthra-ulischott-de-herrenmode-5\/\" \/>\n<meta property=\"og:site_name\" content=\"Product-Guide.org\" \/>\n<meta name=\"twitter:card\" content=\"summary_large_image\" \/>\n<script type=\"application\/ld+json\" class=\"yoast-schema-graph\">{\"@context\":\"https:\/\/schema.org\",\"@graph\":[{\"@type\":\"WebPage\",\"@id\":\"https:\/\/product-guide.org\/produkt\/sydney-weste-anthra-ulischott-de-herrenmode-5\/\",\"url\":\"https:\/\/product-guide.org\/produkt\/sydney-weste-anthra-ulischott-de-herrenmode-5\/\",\"name\":\"Sydney Weste Anthra | ulischott.de - Herrenmode | Product-Guide.org\",\"isPartOf\":{\"@id\":\"https:\/\/product-guide.org\/#website\"},\"primaryImageOfPage\":{\"@id\":\"https:\/\/product-guide.org\/produkt\/sydney-weste-anthra-ulischott-de-herrenmode-5\/#primaryimage\"},\"image\":{\"@id\":\"https:\/\/product-guide.org\/produkt\/sydney-weste-anthra-ulischott-de-herrenmode-5\/#primaryimage\"},\"thumbnailUrl\":\"https:\/\/product-guide.org\/wp-content\/uploads\/2025\/03\/122-13-11-002-97-xxx_Sydney_02_1280x1280.jpg\",\"datePublished\":\"2025-03-17T12:18:37+00:00\",\"description\":\"Sydney Weste Anthra | ulischott.de - Herrenmode gefunden von Product-Guide.org\",\"breadcrumb\":{\"@id\":\"https:\/\/product-guide.org\/produkt\/sydney-weste-anthra-ulischott-de-herrenmode-5\/#breadcrumb\"},\"inLanguage\":\"en-GB\",\"potentialAction\":[{\"@type\":\"ReadAction\",\"target\":[\"https:\/\/product-guide.org\/produkt\/sydney-weste-anthra-ulischott-de-herrenmode-5\/\"]}]},{\"@type\":\"ImageObject\",\"inLanguage\":\"en-GB\",\"@id\":\"https:\/\/product-guide.org\/produkt\/sydney-weste-anthra-ulischott-de-herrenmode-5\/#primaryimage\",\"url\":\"https:\/\/product-guide.org\/wp-content\/uploads\/2025\/03\/122-13-11-002-97-xxx_Sydney_02_1280x1280.jpg\",\"contentUrl\":\"https:\/\/product-guide.org\/wp-content\/uploads\/2025\/03\/122-13-11-002-97-xxx_Sydney_02_1280x1280.jpg\",\"width\":896,\"height\":1280},{\"@type\":\"BreadcrumbList\",\"@id\":\"https:\/\/product-guide.org\/produkt\/sydney-weste-anthra-ulischott-de-herrenmode-5\/#breadcrumb\",\"itemListElement\":[{\"@type\":\"ListItem\",\"position\":1,\"name\":\"Home\",\"item\":\"https:\/\/product-guide.org\/\"},{\"@type\":\"ListItem\",\"position\":2,\"name\":\"Ergebnisse\",\"item\":\"https:\/\/product-guide.org\/de\/ergebnisse\/\"},{\"@type\":\"ListItem\",\"position\":3,\"name\":\"Sydney Weste Anthra | ulischott.de &#8211; Herrenmode\"}]},{\"@type\":\"WebSite\",\"@id\":\"https:\/\/product-guide.org\/#website\",\"url\":\"https:\/\/product-guide.org\/\",\"name\":\"Product-Guide.org\",\"description\":\"What Product are you looking for?\",\"publisher\":{\"@id\":\"https:\/\/product-guide.org\/#organization\"},\"potentialAction\":[{\"@type\":\"SearchAction\",\"target\":{\"@type\":\"EntryPoint\",\"urlTemplate\":\"https:\/\/product-guide.org\/?s={search_term_string}\"},\"query-input\":{\"@type\":\"PropertyValueSpecification\",\"valueRequired\":true,\"valueName\":\"search_term_string\"}}],\"inLanguage\":\"en-GB\"},{\"@type\":\"Organization\",\"@id\":\"https:\/\/product-guide.org\/#organization\",\"name\":\"Product-Guide.org\",\"url\":\"https:\/\/product-guide.org\/\",\"logo\":{\"@type\":\"ImageObject\",\"inLanguage\":\"en-GB\",\"@id\":\"https:\/\/product-guide.org\/#\/schema\/logo\/image\/\",\"url\":\"https:\/\/product-guide.org\/wp-content\/uploads\/2022\/07\/logo_transparent_background.png\",\"contentUrl\":\"https:\/\/product-guide.org\/wp-content\/uploads\/2022\/07\/logo_transparent_background.png\",\"width\":3400,\"height\":1132,\"caption\":\"Product-Guide.org\"},\"image\":{\"@id\":\"https:\/\/product-guide.org\/#\/schema\/logo\/image\/\"}}]}<\/script>\n<!-- \/ Yoast SEO plugin. -->","yoast_head_json":{"title":"Sydney Weste Anthra | ulischott.de - Herrenmode | Product-Guide.org","description":"Sydney Weste Anthra | ulischott.de - Herrenmode gefunden von Product-Guide.org","robots":{"index":"index","follow":"follow","max-snippet":"max-snippet:-1","max-image-preview":"max-image-preview:large","max-video-preview":"max-video-preview:-1"},"canonical":"https:\/\/product-guide.org\/en\/produkt\/sydney-weste-anthra-ulischott-de-herrenmode-5\/","og_locale":"en_GB","og_type":"article","og_title":"Sydney Weste Anthra | ulischott.de - Herrenmode | Product-Guide.org","og_description":"Sydney Weste Anthra | ulischott.de - Herrenmode gefunden von Product-Guide.org","og_url":"https:\/\/product-guide.org\/en\/produkt\/sydney-weste-anthra-ulischott-de-herrenmode-5\/","og_site_name":"Product-Guide.org","twitter_card":"summary_large_image","schema":{"@context":"https:\/\/schema.org","@graph":[{"@type":"WebPage","@id":"https:\/\/product-guide.org\/produkt\/sydney-weste-anthra-ulischott-de-herrenmode-5\/","url":"https:\/\/product-guide.org\/produkt\/sydney-weste-anthra-ulischott-de-herrenmode-5\/","name":"Sydney Weste Anthra | ulischott.de - Herrenmode | Product-Guide.org","isPartOf":{"@id":"https:\/\/product-guide.org\/#website"},"primaryImageOfPage":{"@id":"https:\/\/product-guide.org\/produkt\/sydney-weste-anthra-ulischott-de-herrenmode-5\/#primaryimage"},"image":{"@id":"https:\/\/product-guide.org\/produkt\/sydney-weste-anthra-ulischott-de-herrenmode-5\/#primaryimage"},"thumbnailUrl":"https:\/\/product-guide.org\/wp-content\/uploads\/2025\/03\/122-13-11-002-97-xxx_Sydney_02_1280x1280.jpg","datePublished":"2025-03-17T12:18:37+00:00","description":"Sydney Weste Anthra | ulischott.de - Herrenmode gefunden von Product-Guide.org","breadcrumb":{"@id":"https:\/\/product-guide.org\/produkt\/sydney-weste-anthra-ulischott-de-herrenmode-5\/#breadcrumb"},"inLanguage":"en-GB","potentialAction":[{"@type":"ReadAction","target":["https:\/\/product-guide.org\/produkt\/sydney-weste-anthra-ulischott-de-herrenmode-5\/"]}]},{"@type":"ImageObject","inLanguage":"en-GB","@id":"https:\/\/product-guide.org\/produkt\/sydney-weste-anthra-ulischott-de-herrenmode-5\/#primaryimage","url":"https:\/\/product-guide.org\/wp-content\/uploads\/2025\/03\/122-13-11-002-97-xxx_Sydney_02_1280x1280.jpg","contentUrl":"https:\/\/product-guide.org\/wp-content\/uploads\/2025\/03\/122-13-11-002-97-xxx_Sydney_02_1280x1280.jpg","width":896,"height":1280},{"@type":"BreadcrumbList","@id":"https:\/\/product-guide.org\/produkt\/sydney-weste-anthra-ulischott-de-herrenmode-5\/#breadcrumb","itemListElement":[{"@type":"ListItem","position":1,"name":"Home","item":"https:\/\/product-guide.org\/"},{"@type":"ListItem","position":2,"name":"Ergebnisse","item":"https:\/\/product-guide.org\/de\/ergebnisse\/"},{"@type":"ListItem","position":3,"name":"Sydney Weste Anthra | ulischott.de &#8211; Herrenmode"}]},{"@type":"WebSite","@id":"https:\/\/product-guide.org\/#website","url":"https:\/\/product-guide.org\/","name":"Product-Guide.org","description":"What Product are you looking for?","publisher":{"@id":"https:\/\/product-guide.org\/#organization"},"potentialAction":[{"@type":"SearchAction","target":{"@type":"EntryPoint","urlTemplate":"https:\/\/product-guide.org\/?s={search_term_string}"},"query-input":{"@type":"PropertyValueSpecification","valueRequired":true,"valueName":"search_term_string"}}],"inLanguage":"en-GB"},{"@type":"Organization","@id":"https:\/\/product-guide.org\/#organization","name":"Product-Guide.org","url":"https:\/\/product-guide.org\/","logo":{"@type":"ImageObject","inLanguage":"en-GB","@id":"https:\/\/product-guide.org\/#\/schema\/logo\/image\/","url":"https:\/\/product-guide.org\/wp-content\/uploads\/2022\/07\/logo_transparent_background.png","contentUrl":"https:\/\/product-guide.org\/wp-content\/uploads\/2022\/07\/logo_transparent_background.png","width":3400,"height":1132,"caption":"Product-Guide.org"},"image":{"@id":"https:\/\/product-guide.org\/#\/schema\/logo\/image\/"}}]}},"_links":{"self":[{"href":"https:\/\/product-guide.org\/en\/wp-json\/wp\/v2\/product\/58228","targetHints":{"allow":["GET"]}}],"collection":[{"href":"https:\/\/product-guide.org\/en\/wp-json\/wp\/v2\/product"}],"about":[{"href":"https:\/\/product-guide.org\/en\/wp-json\/wp\/v2\/types\/product"}],"wp:featuredmedia":[{"embeddable":true,"href":"https:\/\/product-guide.org\/en\/wp-json\/wp\/v2\/media\/58223"}],"wp:attachment":[{"href":"https:\/\/product-guide.org\/en\/wp-json\/wp\/v2\/media?parent=58228"}],"wp:term":[{"taxonomy":"store","embeddable":true,"href":"https:\/\/product-guide.org\/en\/wp-json\/wp\/v2\/store?post=58228"},{"taxonomy":"product_brand","embeddable":true,"href":"https:\/\/product-guide.org\/en\/wp-json\/wp\/v2\/product_brand?post=58228"},{"taxonomy":"product_cat","embeddable":true,"href":"https:\/\/product-guide.org\/en\/wp-json\/wp\/v2\/product_cat?post=58228"},{"taxonomy":"product_tag","embeddable":true,"href":"https:\/\/product-guide.org\/en\/wp-json\/wp\/v2\/product_tag?post=58228"}],"curies":[{"name":"wp","href":"https:\/\/api.w.org\/{rel}","templated":true}]}}