{"id":58236,"date":"2025-03-17T13:18:43","date_gmt":"2025-03-17T12:18:43","guid":{"rendered":"https:\/\/product-guide.org\/produkt\/amsterdam-anzug-weste-anthra-ulischott-de-herrenmode-3\/"},"modified":"2025-03-17T13:18:44","modified_gmt":"2025-03-17T12:18:44","slug":"amsterdam-anzug-weste-anthra-ulischott-de-herrenmode-3","status":"publish","type":"product","link":"https:\/\/product-guide.org\/en\/produkt\/amsterdam-anzug-weste-anthra-ulischott-de-herrenmode-3\/","title":{"rendered":"Amsterdam Anzug-Weste Anthra | ulischott.de &#8211; Herrenmode"},"content":{"rendered":"<p>Der Anzug Amsterdam in Anthrazit ist die perfekte Wahl, wenn Du Deinen ersten Anzug suchst und Dir vorstellen kannst, dass der moderne Super-Slim-Fit-Look genau zu Dir passt. Mit seinem schlanken Schnitt eignet er sich ideal f\u00fcr alle, die einen stilvollen Anzug f\u00fcr besondere Anl\u00e4sse ben\u00f6tigen. F\u00fcr einen noch eleganteren Auftritt kannst Du den Look mit der passenden Weste Amsterdam perfekt abrunden. Farben : Anthra Material : 52% Polyester, 44% Schurwolle und 4% Elasthan Fit : Super-Slim-Fit Hochwertige Verarbeitung : Baukasten Anzug-Weste, Futter aus hochwertiger reiner Viskose, kn\u00f6pfbar, zwei Taschen, im R\u00fccken verstellbar, inkl. Gl\u00fcckscent Made in Portugal Uli Schott Standards = Fair Trade Standards Durch die Beschaffung und Produktion in Europa nach westlichen Standards erf\u00fcllen wir alle Kriterien eines fair gehandelten und gefertigten Produkts. Dank unserer hochwertigen&#8230;<\/p>\n","protected":false},"excerpt":{"rendered":"<p>Der Anzug Amsterdam in Anthrazit ist die perfekte Wahl, wenn Du Deinen ersten Anzug suchst und Dir vorstellen kannst, dass der moderne Super-Slim-Fit-Look genau zu Dir passt. Mit seinem schlanken Schnitt eignet er sich ideal f\u00fcr alle, die einen stilvollen Anzug f\u00fcr besondere Anl\u00e4sse ben\u00f6tigen. F\u00fcr einen noch eleganteren Auftritt kannst Du den Look mit [&hellip;]<\/p>\n","protected":false},"featured_media":58233,"template":"","meta":{"_gspb_post_css":""},"store":[],"product_brand":[1465],"product_cat":[1290],"product_tag":[],"class_list":{"0":"post-58236","1":"product","2":"type-product","3":"status-publish","4":"has-post-thumbnail","6":"product_brand-ulischott-de-herrenmode","7":"product_cat-uncategorized","9":"first","10":"instock","11":"shipping-taxable","12":"purchasable","13":"product-type-simple"},"yoast_head":"<!-- This site is optimized with the Yoast SEO plugin v24.6 - https:\/\/yoast.com\/wordpress\/plugins\/seo\/ -->\n<title>Amsterdam Anzug-Weste Anthra | ulischott.de - Herrenmode | Product-Guide.org<\/title>\n<meta name=\"description\" content=\"Amsterdam Anzug-Weste Anthra | ulischott.de - Herrenmode gefunden von Product-Guide.org\" \/>\n<meta name=\"robots\" content=\"index, follow, max-snippet:-1, max-image-preview:large, max-video-preview:-1\" \/>\n<link rel=\"canonical\" href=\"https:\/\/product-guide.org\/en\/produkt\/amsterdam-anzug-weste-anthra-ulischott-de-herrenmode-3\/\" \/>\n<meta property=\"og:locale\" content=\"en_GB\" \/>\n<meta property=\"og:type\" content=\"article\" \/>\n<meta property=\"og:title\" content=\"Amsterdam Anzug-Weste Anthra | ulischott.de - Herrenmode | Product-Guide.org\" \/>\n<meta property=\"og:description\" content=\"Amsterdam Anzug-Weste Anthra | ulischott.de - Herrenmode gefunden von Product-Guide.org\" \/>\n<meta property=\"og:url\" content=\"https:\/\/product-guide.org\/en\/produkt\/amsterdam-anzug-weste-anthra-ulischott-de-herrenmode-3\/\" \/>\n<meta property=\"og:site_name\" content=\"Product-Guide.org\" \/>\n<meta property=\"article:modified_time\" content=\"2025-03-17T12:18:44+00:00\" \/>\n<meta name=\"twitter:card\" content=\"summary_large_image\" \/>\n<script type=\"application\/ld+json\" class=\"yoast-schema-graph\">{\"@context\":\"https:\/\/schema.org\",\"@graph\":[{\"@type\":\"WebPage\",\"@id\":\"https:\/\/product-guide.org\/produkt\/amsterdam-anzug-weste-anthra-ulischott-de-herrenmode-3\/\",\"url\":\"https:\/\/product-guide.org\/produkt\/amsterdam-anzug-weste-anthra-ulischott-de-herrenmode-3\/\",\"name\":\"Amsterdam Anzug-Weste Anthra | ulischott.de - Herrenmode | Product-Guide.org\",\"isPartOf\":{\"@id\":\"https:\/\/product-guide.org\/#website\"},\"primaryImageOfPage\":{\"@id\":\"https:\/\/product-guide.org\/produkt\/amsterdam-anzug-weste-anthra-ulischott-de-herrenmode-3\/#primaryimage\"},\"image\":{\"@id\":\"https:\/\/product-guide.org\/produkt\/amsterdam-anzug-weste-anthra-ulischott-de-herrenmode-3\/#primaryimage\"},\"thumbnailUrl\":\"https:\/\/product-guide.org\/wp-content\/uploads\/2025\/03\/122-51-71-008-97-261-copy_1280x1280.png\",\"datePublished\":\"2025-03-17T12:18:43+00:00\",\"dateModified\":\"2025-03-17T12:18:44+00:00\",\"description\":\"Amsterdam Anzug-Weste Anthra | ulischott.de - Herrenmode gefunden von Product-Guide.org\",\"breadcrumb\":{\"@id\":\"https:\/\/product-guide.org\/produkt\/amsterdam-anzug-weste-anthra-ulischott-de-herrenmode-3\/#breadcrumb\"},\"inLanguage\":\"en-GB\",\"potentialAction\":[{\"@type\":\"ReadAction\",\"target\":[\"https:\/\/product-guide.org\/produkt\/amsterdam-anzug-weste-anthra-ulischott-de-herrenmode-3\/\"]}]},{\"@type\":\"ImageObject\",\"inLanguage\":\"en-GB\",\"@id\":\"https:\/\/product-guide.org\/produkt\/amsterdam-anzug-weste-anthra-ulischott-de-herrenmode-3\/#primaryimage\",\"url\":\"https:\/\/product-guide.org\/wp-content\/uploads\/2025\/03\/122-51-71-008-97-261-copy_1280x1280.png\",\"contentUrl\":\"https:\/\/product-guide.org\/wp-content\/uploads\/2025\/03\/122-51-71-008-97-261-copy_1280x1280.png\",\"width\":896,\"height\":1280},{\"@type\":\"BreadcrumbList\",\"@id\":\"https:\/\/product-guide.org\/produkt\/amsterdam-anzug-weste-anthra-ulischott-de-herrenmode-3\/#breadcrumb\",\"itemListElement\":[{\"@type\":\"ListItem\",\"position\":1,\"name\":\"Home\",\"item\":\"https:\/\/product-guide.org\/\"},{\"@type\":\"ListItem\",\"position\":2,\"name\":\"Ergebnisse\",\"item\":\"https:\/\/product-guide.org\/de\/ergebnisse\/\"},{\"@type\":\"ListItem\",\"position\":3,\"name\":\"Amsterdam Anzug-Weste Anthra | ulischott.de &#8211; Herrenmode\"}]},{\"@type\":\"WebSite\",\"@id\":\"https:\/\/product-guide.org\/#website\",\"url\":\"https:\/\/product-guide.org\/\",\"name\":\"Product-Guide.org\",\"description\":\"What Product are you looking for?\",\"publisher\":{\"@id\":\"https:\/\/product-guide.org\/#organization\"},\"potentialAction\":[{\"@type\":\"SearchAction\",\"target\":{\"@type\":\"EntryPoint\",\"urlTemplate\":\"https:\/\/product-guide.org\/?s={search_term_string}\"},\"query-input\":{\"@type\":\"PropertyValueSpecification\",\"valueRequired\":true,\"valueName\":\"search_term_string\"}}],\"inLanguage\":\"en-GB\"},{\"@type\":\"Organization\",\"@id\":\"https:\/\/product-guide.org\/#organization\",\"name\":\"Product-Guide.org\",\"url\":\"https:\/\/product-guide.org\/\",\"logo\":{\"@type\":\"ImageObject\",\"inLanguage\":\"en-GB\",\"@id\":\"https:\/\/product-guide.org\/#\/schema\/logo\/image\/\",\"url\":\"https:\/\/product-guide.org\/wp-content\/uploads\/2022\/07\/logo_transparent_background.png\",\"contentUrl\":\"https:\/\/product-guide.org\/wp-content\/uploads\/2022\/07\/logo_transparent_background.png\",\"width\":3400,\"height\":1132,\"caption\":\"Product-Guide.org\"},\"image\":{\"@id\":\"https:\/\/product-guide.org\/#\/schema\/logo\/image\/\"}}]}<\/script>\n<!-- \/ Yoast SEO plugin. -->","yoast_head_json":{"title":"Amsterdam Anzug-Weste Anthra | ulischott.de - Herrenmode | Product-Guide.org","description":"Amsterdam Anzug-Weste Anthra | ulischott.de - Herrenmode gefunden von Product-Guide.org","robots":{"index":"index","follow":"follow","max-snippet":"max-snippet:-1","max-image-preview":"max-image-preview:large","max-video-preview":"max-video-preview:-1"},"canonical":"https:\/\/product-guide.org\/en\/produkt\/amsterdam-anzug-weste-anthra-ulischott-de-herrenmode-3\/","og_locale":"en_GB","og_type":"article","og_title":"Amsterdam Anzug-Weste Anthra | ulischott.de - Herrenmode | Product-Guide.org","og_description":"Amsterdam Anzug-Weste Anthra | ulischott.de - Herrenmode gefunden von Product-Guide.org","og_url":"https:\/\/product-guide.org\/en\/produkt\/amsterdam-anzug-weste-anthra-ulischott-de-herrenmode-3\/","og_site_name":"Product-Guide.org","article_modified_time":"2025-03-17T12:18:44+00:00","twitter_card":"summary_large_image","schema":{"@context":"https:\/\/schema.org","@graph":[{"@type":"WebPage","@id":"https:\/\/product-guide.org\/produkt\/amsterdam-anzug-weste-anthra-ulischott-de-herrenmode-3\/","url":"https:\/\/product-guide.org\/produkt\/amsterdam-anzug-weste-anthra-ulischott-de-herrenmode-3\/","name":"Amsterdam Anzug-Weste Anthra | ulischott.de - Herrenmode | Product-Guide.org","isPartOf":{"@id":"https:\/\/product-guide.org\/#website"},"primaryImageOfPage":{"@id":"https:\/\/product-guide.org\/produkt\/amsterdam-anzug-weste-anthra-ulischott-de-herrenmode-3\/#primaryimage"},"image":{"@id":"https:\/\/product-guide.org\/produkt\/amsterdam-anzug-weste-anthra-ulischott-de-herrenmode-3\/#primaryimage"},"thumbnailUrl":"https:\/\/product-guide.org\/wp-content\/uploads\/2025\/03\/122-51-71-008-97-261-copy_1280x1280.png","datePublished":"2025-03-17T12:18:43+00:00","dateModified":"2025-03-17T12:18:44+00:00","description":"Amsterdam Anzug-Weste Anthra | ulischott.de - Herrenmode gefunden von Product-Guide.org","breadcrumb":{"@id":"https:\/\/product-guide.org\/produkt\/amsterdam-anzug-weste-anthra-ulischott-de-herrenmode-3\/#breadcrumb"},"inLanguage":"en-GB","potentialAction":[{"@type":"ReadAction","target":["https:\/\/product-guide.org\/produkt\/amsterdam-anzug-weste-anthra-ulischott-de-herrenmode-3\/"]}]},{"@type":"ImageObject","inLanguage":"en-GB","@id":"https:\/\/product-guide.org\/produkt\/amsterdam-anzug-weste-anthra-ulischott-de-herrenmode-3\/#primaryimage","url":"https:\/\/product-guide.org\/wp-content\/uploads\/2025\/03\/122-51-71-008-97-261-copy_1280x1280.png","contentUrl":"https:\/\/product-guide.org\/wp-content\/uploads\/2025\/03\/122-51-71-008-97-261-copy_1280x1280.png","width":896,"height":1280},{"@type":"BreadcrumbList","@id":"https:\/\/product-guide.org\/produkt\/amsterdam-anzug-weste-anthra-ulischott-de-herrenmode-3\/#breadcrumb","itemListElement":[{"@type":"ListItem","position":1,"name":"Home","item":"https:\/\/product-guide.org\/"},{"@type":"ListItem","position":2,"name":"Ergebnisse","item":"https:\/\/product-guide.org\/de\/ergebnisse\/"},{"@type":"ListItem","position":3,"name":"Amsterdam Anzug-Weste Anthra | ulischott.de &#8211; Herrenmode"}]},{"@type":"WebSite","@id":"https:\/\/product-guide.org\/#website","url":"https:\/\/product-guide.org\/","name":"Product-Guide.org","description":"What Product are you looking for?","publisher":{"@id":"https:\/\/product-guide.org\/#organization"},"potentialAction":[{"@type":"SearchAction","target":{"@type":"EntryPoint","urlTemplate":"https:\/\/product-guide.org\/?s={search_term_string}"},"query-input":{"@type":"PropertyValueSpecification","valueRequired":true,"valueName":"search_term_string"}}],"inLanguage":"en-GB"},{"@type":"Organization","@id":"https:\/\/product-guide.org\/#organization","name":"Product-Guide.org","url":"https:\/\/product-guide.org\/","logo":{"@type":"ImageObject","inLanguage":"en-GB","@id":"https:\/\/product-guide.org\/#\/schema\/logo\/image\/","url":"https:\/\/product-guide.org\/wp-content\/uploads\/2022\/07\/logo_transparent_background.png","contentUrl":"https:\/\/product-guide.org\/wp-content\/uploads\/2022\/07\/logo_transparent_background.png","width":3400,"height":1132,"caption":"Product-Guide.org"},"image":{"@id":"https:\/\/product-guide.org\/#\/schema\/logo\/image\/"}}]}},"_links":{"self":[{"href":"https:\/\/product-guide.org\/en\/wp-json\/wp\/v2\/product\/58236","targetHints":{"allow":["GET"]}}],"collection":[{"href":"https:\/\/product-guide.org\/en\/wp-json\/wp\/v2\/product"}],"about":[{"href":"https:\/\/product-guide.org\/en\/wp-json\/wp\/v2\/types\/product"}],"wp:featuredmedia":[{"embeddable":true,"href":"https:\/\/product-guide.org\/en\/wp-json\/wp\/v2\/media\/58233"}],"wp:attachment":[{"href":"https:\/\/product-guide.org\/en\/wp-json\/wp\/v2\/media?parent=58236"}],"wp:term":[{"taxonomy":"store","embeddable":true,"href":"https:\/\/product-guide.org\/en\/wp-json\/wp\/v2\/store?post=58236"},{"taxonomy":"product_brand","embeddable":true,"href":"https:\/\/product-guide.org\/en\/wp-json\/wp\/v2\/product_brand?post=58236"},{"taxonomy":"product_cat","embeddable":true,"href":"https:\/\/product-guide.org\/en\/wp-json\/wp\/v2\/product_cat?post=58236"},{"taxonomy":"product_tag","embeddable":true,"href":"https:\/\/product-guide.org\/en\/wp-json\/wp\/v2\/product_tag?post=58236"}],"curies":[{"name":"wp","href":"https:\/\/api.w.org\/{rel}","templated":true}]}}