{"id":58309,"date":"2025-03-17T13:19:33","date_gmt":"2025-03-17T12:19:33","guid":{"rendered":"https:\/\/product-guide.org\/produkt\/3er-set-bauchnabelpiercing-gold-pvd-zirkonia-stern-herz-cristal-jewelry\/"},"modified":"2025-03-17T13:19:33","modified_gmt":"2025-03-17T12:19:33","slug":"3er-set-bauchnabelpiercing-gold-pvd-zirkonia-stern-herz-cristal-jewelry","status":"publish","type":"product","link":"https:\/\/product-guide.org\/en\/produkt\/3er-set-bauchnabelpiercing-gold-pvd-zirkonia-stern-herz-cristal-jewelry\/","title":{"rendered":"3er Set Bauchnabelpiercing Gold PVD Zirkonia Stern Herz | cristal-jewelry"},"content":{"rendered":"<p>Lieferzeit: 2 \u2013 4 Tage* Bauchnabelpiercing 3er Set mit goldfarbener PVD beschichtetung und Zirkonia Stein, Herz, und Stern . Die drei Bauchnabelpiercings haben eine Stabst\u00e4rke von 1,6mm und sind 10mm lang. Die Verschlusskugel ist jeweils 5mm gro\u00df und l\u00e4sst sich zum einsetzen des Piercings abschrauben. Der 7mm gro\u00dfe Zirkonia Stein hat die Farbe wei\u00df. Ihr erhaltet jeweils einen Bauchnabelpiercing mit rundem Zirkonia Kristall, Herz Zirkonia und Stern Zirkonia. Menge: 3 St\u00fcck, Material: Chirurgenstahl, Stabfarbe: Gold, Stabst\u00e4rke\/l\u00e4nge: 1,6\/10mm, Zirkonia-Farbe: Wei\u00df, Zirkonia-Gr\u00f6\u00dfe: 7mm, Zustand: Neuware<\/p>\n","protected":false},"excerpt":{"rendered":"<p>Lieferzeit: 2 \u2013 4 Tage* Bauchnabelpiercing 3er Set mit goldfarbener PVD beschichtetung und Zirkonia Stein, Herz, und Stern . Die drei Bauchnabelpiercings haben eine Stabst\u00e4rke von 1,6mm und sind 10mm lang. Die Verschlusskugel ist jeweils 5mm gro\u00df und l\u00e4sst sich zum einsetzen des Piercings abschrauben. Der 7mm gro\u00dfe Zirkonia Stein hat die Farbe wei\u00df. Ihr [&hellip;]<\/p>\n","protected":false},"featured_media":58308,"template":"","meta":{"_gspb_post_css":""},"store":[],"product_brand":[1467],"product_cat":[1290],"product_tag":[],"class_list":{"0":"post-58309","1":"product","2":"type-product","3":"status-publish","4":"has-post-thumbnail","6":"product_brand-cristal-jewelry","7":"product_cat-uncategorized","9":"first","10":"instock","11":"shipping-taxable","12":"purchasable","13":"product-type-simple"},"yoast_head":"<!-- This site is optimized with the Yoast SEO plugin v24.6 - https:\/\/yoast.com\/wordpress\/plugins\/seo\/ -->\n<title>3er Set Bauchnabelpiercing Gold PVD Zirkonia Stern Herz | cristal-jewelry | Product-Guide.org<\/title>\n<meta name=\"description\" content=\"3er Set Bauchnabelpiercing Gold PVD Zirkonia Stern Herz | cristal-jewelry gefunden von Product-Guide.org\" \/>\n<meta name=\"robots\" content=\"index, follow, max-snippet:-1, max-image-preview:large, max-video-preview:-1\" \/>\n<link rel=\"canonical\" href=\"https:\/\/product-guide.org\/en\/produkt\/3er-set-bauchnabelpiercing-gold-pvd-zirkonia-stern-herz-cristal-jewelry\/\" \/>\n<meta property=\"og:locale\" content=\"en_GB\" \/>\n<meta property=\"og:type\" content=\"article\" \/>\n<meta property=\"og:title\" content=\"3er Set Bauchnabelpiercing Gold PVD Zirkonia Stern Herz | cristal-jewelry | Product-Guide.org\" \/>\n<meta property=\"og:description\" content=\"3er Set Bauchnabelpiercing Gold PVD Zirkonia Stern Herz | cristal-jewelry gefunden von Product-Guide.org\" \/>\n<meta property=\"og:url\" content=\"https:\/\/product-guide.org\/en\/produkt\/3er-set-bauchnabelpiercing-gold-pvd-zirkonia-stern-herz-cristal-jewelry\/\" \/>\n<meta property=\"og:site_name\" content=\"Product-Guide.org\" \/>\n<meta name=\"twitter:card\" content=\"summary_large_image\" \/>\n<script type=\"application\/ld+json\" class=\"yoast-schema-graph\">{\"@context\":\"https:\/\/schema.org\",\"@graph\":[{\"@type\":\"WebPage\",\"@id\":\"https:\/\/product-guide.org\/produkt\/3er-set-bauchnabelpiercing-gold-pvd-zirkonia-stern-herz-cristal-jewelry\/\",\"url\":\"https:\/\/product-guide.org\/produkt\/3er-set-bauchnabelpiercing-gold-pvd-zirkonia-stern-herz-cristal-jewelry\/\",\"name\":\"3er Set Bauchnabelpiercing Gold PVD Zirkonia Stern Herz | cristal-jewelry | Product-Guide.org\",\"isPartOf\":{\"@id\":\"https:\/\/product-guide.org\/#website\"},\"primaryImageOfPage\":{\"@id\":\"https:\/\/product-guide.org\/produkt\/3er-set-bauchnabelpiercing-gold-pvd-zirkonia-stern-herz-cristal-jewelry\/#primaryimage\"},\"image\":{\"@id\":\"https:\/\/product-guide.org\/produkt\/3er-set-bauchnabelpiercing-gold-pvd-zirkonia-stern-herz-cristal-jewelry\/#primaryimage\"},\"thumbnailUrl\":\"https:\/\/product-guide.org\/wp-content\/uploads\/2025\/03\/vn-028_3.jpg\",\"datePublished\":\"2025-03-17T12:19:33+00:00\",\"description\":\"3er Set Bauchnabelpiercing Gold PVD Zirkonia Stern Herz | cristal-jewelry gefunden von Product-Guide.org\",\"breadcrumb\":{\"@id\":\"https:\/\/product-guide.org\/produkt\/3er-set-bauchnabelpiercing-gold-pvd-zirkonia-stern-herz-cristal-jewelry\/#breadcrumb\"},\"inLanguage\":\"en-GB\",\"potentialAction\":[{\"@type\":\"ReadAction\",\"target\":[\"https:\/\/product-guide.org\/produkt\/3er-set-bauchnabelpiercing-gold-pvd-zirkonia-stern-herz-cristal-jewelry\/\"]}]},{\"@type\":\"ImageObject\",\"inLanguage\":\"en-GB\",\"@id\":\"https:\/\/product-guide.org\/produkt\/3er-set-bauchnabelpiercing-gold-pvd-zirkonia-stern-herz-cristal-jewelry\/#primaryimage\",\"url\":\"https:\/\/product-guide.org\/wp-content\/uploads\/2025\/03\/vn-028_3.jpg\",\"contentUrl\":\"https:\/\/product-guide.org\/wp-content\/uploads\/2025\/03\/vn-028_3.jpg\",\"width\":600,\"height\":600},{\"@type\":\"BreadcrumbList\",\"@id\":\"https:\/\/product-guide.org\/produkt\/3er-set-bauchnabelpiercing-gold-pvd-zirkonia-stern-herz-cristal-jewelry\/#breadcrumb\",\"itemListElement\":[{\"@type\":\"ListItem\",\"position\":1,\"name\":\"Home\",\"item\":\"https:\/\/product-guide.org\/\"},{\"@type\":\"ListItem\",\"position\":2,\"name\":\"Ergebnisse\",\"item\":\"https:\/\/product-guide.org\/de\/ergebnisse\/\"},{\"@type\":\"ListItem\",\"position\":3,\"name\":\"3er Set Bauchnabelpiercing Gold PVD Zirkonia Stern Herz | cristal-jewelry\"}]},{\"@type\":\"WebSite\",\"@id\":\"https:\/\/product-guide.org\/#website\",\"url\":\"https:\/\/product-guide.org\/\",\"name\":\"Product-Guide.org\",\"description\":\"What Product are you looking for?\",\"publisher\":{\"@id\":\"https:\/\/product-guide.org\/#organization\"},\"potentialAction\":[{\"@type\":\"SearchAction\",\"target\":{\"@type\":\"EntryPoint\",\"urlTemplate\":\"https:\/\/product-guide.org\/?s={search_term_string}\"},\"query-input\":{\"@type\":\"PropertyValueSpecification\",\"valueRequired\":true,\"valueName\":\"search_term_string\"}}],\"inLanguage\":\"en-GB\"},{\"@type\":\"Organization\",\"@id\":\"https:\/\/product-guide.org\/#organization\",\"name\":\"Product-Guide.org\",\"url\":\"https:\/\/product-guide.org\/\",\"logo\":{\"@type\":\"ImageObject\",\"inLanguage\":\"en-GB\",\"@id\":\"https:\/\/product-guide.org\/#\/schema\/logo\/image\/\",\"url\":\"https:\/\/product-guide.org\/wp-content\/uploads\/2022\/07\/logo_transparent_background.png\",\"contentUrl\":\"https:\/\/product-guide.org\/wp-content\/uploads\/2022\/07\/logo_transparent_background.png\",\"width\":3400,\"height\":1132,\"caption\":\"Product-Guide.org\"},\"image\":{\"@id\":\"https:\/\/product-guide.org\/#\/schema\/logo\/image\/\"}}]}<\/script>\n<!-- \/ Yoast SEO plugin. -->","yoast_head_json":{"title":"3er Set Bauchnabelpiercing Gold PVD Zirkonia Stern Herz | cristal-jewelry | Product-Guide.org","description":"3er Set Bauchnabelpiercing Gold PVD Zirkonia Stern Herz | cristal-jewelry gefunden von Product-Guide.org","robots":{"index":"index","follow":"follow","max-snippet":"max-snippet:-1","max-image-preview":"max-image-preview:large","max-video-preview":"max-video-preview:-1"},"canonical":"https:\/\/product-guide.org\/en\/produkt\/3er-set-bauchnabelpiercing-gold-pvd-zirkonia-stern-herz-cristal-jewelry\/","og_locale":"en_GB","og_type":"article","og_title":"3er Set Bauchnabelpiercing Gold PVD Zirkonia Stern Herz | cristal-jewelry | Product-Guide.org","og_description":"3er Set Bauchnabelpiercing Gold PVD Zirkonia Stern Herz | cristal-jewelry gefunden von Product-Guide.org","og_url":"https:\/\/product-guide.org\/en\/produkt\/3er-set-bauchnabelpiercing-gold-pvd-zirkonia-stern-herz-cristal-jewelry\/","og_site_name":"Product-Guide.org","twitter_card":"summary_large_image","schema":{"@context":"https:\/\/schema.org","@graph":[{"@type":"WebPage","@id":"https:\/\/product-guide.org\/produkt\/3er-set-bauchnabelpiercing-gold-pvd-zirkonia-stern-herz-cristal-jewelry\/","url":"https:\/\/product-guide.org\/produkt\/3er-set-bauchnabelpiercing-gold-pvd-zirkonia-stern-herz-cristal-jewelry\/","name":"3er Set Bauchnabelpiercing Gold PVD Zirkonia Stern Herz | cristal-jewelry | Product-Guide.org","isPartOf":{"@id":"https:\/\/product-guide.org\/#website"},"primaryImageOfPage":{"@id":"https:\/\/product-guide.org\/produkt\/3er-set-bauchnabelpiercing-gold-pvd-zirkonia-stern-herz-cristal-jewelry\/#primaryimage"},"image":{"@id":"https:\/\/product-guide.org\/produkt\/3er-set-bauchnabelpiercing-gold-pvd-zirkonia-stern-herz-cristal-jewelry\/#primaryimage"},"thumbnailUrl":"https:\/\/product-guide.org\/wp-content\/uploads\/2025\/03\/vn-028_3.jpg","datePublished":"2025-03-17T12:19:33+00:00","description":"3er Set Bauchnabelpiercing Gold PVD Zirkonia Stern Herz | cristal-jewelry gefunden von Product-Guide.org","breadcrumb":{"@id":"https:\/\/product-guide.org\/produkt\/3er-set-bauchnabelpiercing-gold-pvd-zirkonia-stern-herz-cristal-jewelry\/#breadcrumb"},"inLanguage":"en-GB","potentialAction":[{"@type":"ReadAction","target":["https:\/\/product-guide.org\/produkt\/3er-set-bauchnabelpiercing-gold-pvd-zirkonia-stern-herz-cristal-jewelry\/"]}]},{"@type":"ImageObject","inLanguage":"en-GB","@id":"https:\/\/product-guide.org\/produkt\/3er-set-bauchnabelpiercing-gold-pvd-zirkonia-stern-herz-cristal-jewelry\/#primaryimage","url":"https:\/\/product-guide.org\/wp-content\/uploads\/2025\/03\/vn-028_3.jpg","contentUrl":"https:\/\/product-guide.org\/wp-content\/uploads\/2025\/03\/vn-028_3.jpg","width":600,"height":600},{"@type":"BreadcrumbList","@id":"https:\/\/product-guide.org\/produkt\/3er-set-bauchnabelpiercing-gold-pvd-zirkonia-stern-herz-cristal-jewelry\/#breadcrumb","itemListElement":[{"@type":"ListItem","position":1,"name":"Home","item":"https:\/\/product-guide.org\/"},{"@type":"ListItem","position":2,"name":"Ergebnisse","item":"https:\/\/product-guide.org\/de\/ergebnisse\/"},{"@type":"ListItem","position":3,"name":"3er Set Bauchnabelpiercing Gold PVD Zirkonia Stern Herz | cristal-jewelry"}]},{"@type":"WebSite","@id":"https:\/\/product-guide.org\/#website","url":"https:\/\/product-guide.org\/","name":"Product-Guide.org","description":"What Product are you looking for?","publisher":{"@id":"https:\/\/product-guide.org\/#organization"},"potentialAction":[{"@type":"SearchAction","target":{"@type":"EntryPoint","urlTemplate":"https:\/\/product-guide.org\/?s={search_term_string}"},"query-input":{"@type":"PropertyValueSpecification","valueRequired":true,"valueName":"search_term_string"}}],"inLanguage":"en-GB"},{"@type":"Organization","@id":"https:\/\/product-guide.org\/#organization","name":"Product-Guide.org","url":"https:\/\/product-guide.org\/","logo":{"@type":"ImageObject","inLanguage":"en-GB","@id":"https:\/\/product-guide.org\/#\/schema\/logo\/image\/","url":"https:\/\/product-guide.org\/wp-content\/uploads\/2022\/07\/logo_transparent_background.png","contentUrl":"https:\/\/product-guide.org\/wp-content\/uploads\/2022\/07\/logo_transparent_background.png","width":3400,"height":1132,"caption":"Product-Guide.org"},"image":{"@id":"https:\/\/product-guide.org\/#\/schema\/logo\/image\/"}}]}},"_links":{"self":[{"href":"https:\/\/product-guide.org\/en\/wp-json\/wp\/v2\/product\/58309","targetHints":{"allow":["GET"]}}],"collection":[{"href":"https:\/\/product-guide.org\/en\/wp-json\/wp\/v2\/product"}],"about":[{"href":"https:\/\/product-guide.org\/en\/wp-json\/wp\/v2\/types\/product"}],"wp:featuredmedia":[{"embeddable":true,"href":"https:\/\/product-guide.org\/en\/wp-json\/wp\/v2\/media\/58308"}],"wp:attachment":[{"href":"https:\/\/product-guide.org\/en\/wp-json\/wp\/v2\/media?parent=58309"}],"wp:term":[{"taxonomy":"store","embeddable":true,"href":"https:\/\/product-guide.org\/en\/wp-json\/wp\/v2\/store?post=58309"},{"taxonomy":"product_brand","embeddable":true,"href":"https:\/\/product-guide.org\/en\/wp-json\/wp\/v2\/product_brand?post=58309"},{"taxonomy":"product_cat","embeddable":true,"href":"https:\/\/product-guide.org\/en\/wp-json\/wp\/v2\/product_cat?post=58309"},{"taxonomy":"product_tag","embeddable":true,"href":"https:\/\/product-guide.org\/en\/wp-json\/wp\/v2\/product_tag?post=58309"}],"curies":[{"name":"wp","href":"https:\/\/api.w.org\/{rel}","templated":true}]}}