{"id":58541,"date":"2025-03-17T13:26:01","date_gmt":"2025-03-17T12:26:01","guid":{"rendered":"https:\/\/product-guide.org\/produkt\/ca-del-porco-rosso-2017-075l-krautergott\/"},"modified":"2025-03-17T13:26:01","modified_gmt":"2025-03-17T12:26:01","slug":"ca-del-porco-rosso-2017-075l-krautergott","status":"publish","type":"product","link":"https:\/\/product-guide.org\/en\/produkt\/ca-del-porco-rosso-2017-075l-krautergott\/","title":{"rendered":"Ca&#8217; del Porco Rosso, 2017 (0,75l) | Kr\u00e4utergott"},"content":{"rendered":"<p>El Boia Rosso Colli Euganei, 2017 (0,75l)So schmecken die eugenischen H\u00fcgel!: Dunkle Beeren, Feigen, Peperoni, Kr\u00e4uter nach Thymian duftend, einen Hauch R\u00e4ucherspeck und feinstes Tannin.Ideal zu scharf gebratenem oder gegrilltem Lammkotelett mit Risotto und Grillgem\u00fcse.Zu Herkunft des Weins:Der Ca&#8217; del Porco Wein stammt aus der Heimat des Wine Punks Marco: die Colli Euganei (Euganeische H\u00fcgel). Hier hat er gemeinsam mit seinem Freund, dem Oenologen Marco Bernabei, autochthone und internationale Rebsorten in einem befreundeten Weingut vinifiziert. Hier haben wir Carmenere, Cabernet Franc, Raboso und einen Hauch Merlot. Vergoren mit wilden Hefen im Stahltank, ausgebaut f\u00fcr 24 &#8211; 30 Monate in verschiedenen Holzf\u00e4ssern!Wein Bewertung: 4,3 Sterne bei Vivino<\/p>\n","protected":false},"excerpt":{"rendered":"<p>El Boia Rosso Colli Euganei, 2017 (0,75l)So schmecken die eugenischen H\u00fcgel!: Dunkle Beeren, Feigen, Peperoni, Kr\u00e4uter nach Thymian duftend, einen Hauch R\u00e4ucherspeck und feinstes Tannin.Ideal zu scharf gebratenem oder gegrilltem Lammkotelett mit Risotto und Grillgem\u00fcse.Zu Herkunft des Weins:Der Ca&#8217; del Porco Wein stammt aus der Heimat des Wine Punks Marco: die Colli Euganei (Euganeische H\u00fcgel). [&hellip;]<\/p>\n","protected":false},"featured_media":58540,"template":"","meta":{"_gspb_post_css":""},"store":[],"product_brand":[1471],"product_cat":[1290],"product_tag":[],"class_list":{"0":"post-58541","1":"product","2":"type-product","3":"status-publish","4":"has-post-thumbnail","6":"product_brand-krautergott","7":"product_cat-uncategorized","9":"first","10":"instock","11":"shipping-taxable","12":"purchasable","13":"product-type-simple"},"yoast_head":"<!-- This site is optimized with the Yoast SEO plugin v24.6 - https:\/\/yoast.com\/wordpress\/plugins\/seo\/ -->\n<title>Ca&#039; del Porco Rosso, 2017 (0,75l) | Kr\u00e4utergott | Product-Guide.org<\/title>\n<meta name=\"description\" content=\"Ca&#039; del Porco Rosso, 2017 (0,75l) | Kr\u00e4utergott gefunden von Product-Guide.org\" \/>\n<meta name=\"robots\" content=\"index, follow, max-snippet:-1, max-image-preview:large, max-video-preview:-1\" \/>\n<link rel=\"canonical\" href=\"https:\/\/product-guide.org\/en\/produkt\/ca-del-porco-rosso-2017-075l-krautergott\/\" \/>\n<meta property=\"og:locale\" content=\"en_GB\" \/>\n<meta property=\"og:type\" content=\"article\" \/>\n<meta property=\"og:title\" content=\"Ca&#039; del Porco Rosso, 2017 (0,75l) | Kr\u00e4utergott | Product-Guide.org\" \/>\n<meta property=\"og:description\" content=\"Ca&#039; del Porco Rosso, 2017 (0,75l) | Kr\u00e4utergott gefunden von Product-Guide.org\" \/>\n<meta property=\"og:url\" content=\"https:\/\/product-guide.org\/en\/produkt\/ca-del-porco-rosso-2017-075l-krautergott\/\" \/>\n<meta property=\"og:site_name\" content=\"Product-Guide.org\" \/>\n<meta name=\"twitter:card\" content=\"summary_large_image\" \/>\n<script type=\"application\/ld+json\" class=\"yoast-schema-graph\">{\"@context\":\"https:\/\/schema.org\",\"@graph\":[{\"@type\":\"WebPage\",\"@id\":\"https:\/\/product-guide.org\/produkt\/ca-del-porco-rosso-2017-075l-krautergott\/\",\"url\":\"https:\/\/product-guide.org\/produkt\/ca-del-porco-rosso-2017-075l-krautergott\/\",\"name\":\"Ca' del Porco Rosso, 2017 (0,75l) | Kr\u00e4utergott | Product-Guide.org\",\"isPartOf\":{\"@id\":\"https:\/\/product-guide.org\/#website\"},\"primaryImageOfPage\":{\"@id\":\"https:\/\/product-guide.org\/produkt\/ca-del-porco-rosso-2017-075l-krautergott\/#primaryimage\"},\"image\":{\"@id\":\"https:\/\/product-guide.org\/produkt\/ca-del-porco-rosso-2017-075l-krautergott\/#primaryimage\"},\"thumbnailUrl\":\"https:\/\/product-guide.org\/wp-content\/uploads\/2025\/03\/ca-del-porco-el-boia-rosso-colli-euganei-bio-2017-0-75l-wein-31499283628185.jpg\",\"datePublished\":\"2025-03-17T12:26:01+00:00\",\"description\":\"Ca' del Porco Rosso, 2017 (0,75l) | Kr\u00e4utergott gefunden von Product-Guide.org\",\"breadcrumb\":{\"@id\":\"https:\/\/product-guide.org\/produkt\/ca-del-porco-rosso-2017-075l-krautergott\/#breadcrumb\"},\"inLanguage\":\"en-GB\",\"potentialAction\":[{\"@type\":\"ReadAction\",\"target\":[\"https:\/\/product-guide.org\/produkt\/ca-del-porco-rosso-2017-075l-krautergott\/\"]}]},{\"@type\":\"ImageObject\",\"inLanguage\":\"en-GB\",\"@id\":\"https:\/\/product-guide.org\/produkt\/ca-del-porco-rosso-2017-075l-krautergott\/#primaryimage\",\"url\":\"https:\/\/product-guide.org\/wp-content\/uploads\/2025\/03\/ca-del-porco-el-boia-rosso-colli-euganei-bio-2017-0-75l-wein-31499283628185.jpg\",\"contentUrl\":\"https:\/\/product-guide.org\/wp-content\/uploads\/2025\/03\/ca-del-porco-el-boia-rosso-colli-euganei-bio-2017-0-75l-wein-31499283628185.jpg\",\"width\":800,\"height\":800},{\"@type\":\"BreadcrumbList\",\"@id\":\"https:\/\/product-guide.org\/produkt\/ca-del-porco-rosso-2017-075l-krautergott\/#breadcrumb\",\"itemListElement\":[{\"@type\":\"ListItem\",\"position\":1,\"name\":\"Home\",\"item\":\"https:\/\/product-guide.org\/\"},{\"@type\":\"ListItem\",\"position\":2,\"name\":\"Ergebnisse\",\"item\":\"https:\/\/product-guide.org\/de\/ergebnisse\/\"},{\"@type\":\"ListItem\",\"position\":3,\"name\":\"Ca&#8217; del Porco Rosso, 2017 (0,75l) | Kr\u00e4utergott\"}]},{\"@type\":\"WebSite\",\"@id\":\"https:\/\/product-guide.org\/#website\",\"url\":\"https:\/\/product-guide.org\/\",\"name\":\"Product-Guide.org\",\"description\":\"What Product are you looking for?\",\"publisher\":{\"@id\":\"https:\/\/product-guide.org\/#organization\"},\"potentialAction\":[{\"@type\":\"SearchAction\",\"target\":{\"@type\":\"EntryPoint\",\"urlTemplate\":\"https:\/\/product-guide.org\/?s={search_term_string}\"},\"query-input\":{\"@type\":\"PropertyValueSpecification\",\"valueRequired\":true,\"valueName\":\"search_term_string\"}}],\"inLanguage\":\"en-GB\"},{\"@type\":\"Organization\",\"@id\":\"https:\/\/product-guide.org\/#organization\",\"name\":\"Product-Guide.org\",\"url\":\"https:\/\/product-guide.org\/\",\"logo\":{\"@type\":\"ImageObject\",\"inLanguage\":\"en-GB\",\"@id\":\"https:\/\/product-guide.org\/#\/schema\/logo\/image\/\",\"url\":\"https:\/\/product-guide.org\/wp-content\/uploads\/2022\/07\/logo_transparent_background.png\",\"contentUrl\":\"https:\/\/product-guide.org\/wp-content\/uploads\/2022\/07\/logo_transparent_background.png\",\"width\":3400,\"height\":1132,\"caption\":\"Product-Guide.org\"},\"image\":{\"@id\":\"https:\/\/product-guide.org\/#\/schema\/logo\/image\/\"}}]}<\/script>\n<!-- \/ Yoast SEO plugin. -->","yoast_head_json":{"title":"Ca' del Porco Rosso, 2017 (0,75l) | Kr\u00e4utergott | Product-Guide.org","description":"Ca' del Porco Rosso, 2017 (0,75l) | Kr\u00e4utergott gefunden von Product-Guide.org","robots":{"index":"index","follow":"follow","max-snippet":"max-snippet:-1","max-image-preview":"max-image-preview:large","max-video-preview":"max-video-preview:-1"},"canonical":"https:\/\/product-guide.org\/en\/produkt\/ca-del-porco-rosso-2017-075l-krautergott\/","og_locale":"en_GB","og_type":"article","og_title":"Ca' del Porco Rosso, 2017 (0,75l) | Kr\u00e4utergott | Product-Guide.org","og_description":"Ca' del Porco Rosso, 2017 (0,75l) | Kr\u00e4utergott gefunden von Product-Guide.org","og_url":"https:\/\/product-guide.org\/en\/produkt\/ca-del-porco-rosso-2017-075l-krautergott\/","og_site_name":"Product-Guide.org","twitter_card":"summary_large_image","schema":{"@context":"https:\/\/schema.org","@graph":[{"@type":"WebPage","@id":"https:\/\/product-guide.org\/produkt\/ca-del-porco-rosso-2017-075l-krautergott\/","url":"https:\/\/product-guide.org\/produkt\/ca-del-porco-rosso-2017-075l-krautergott\/","name":"Ca' del Porco Rosso, 2017 (0,75l) | Kr\u00e4utergott | Product-Guide.org","isPartOf":{"@id":"https:\/\/product-guide.org\/#website"},"primaryImageOfPage":{"@id":"https:\/\/product-guide.org\/produkt\/ca-del-porco-rosso-2017-075l-krautergott\/#primaryimage"},"image":{"@id":"https:\/\/product-guide.org\/produkt\/ca-del-porco-rosso-2017-075l-krautergott\/#primaryimage"},"thumbnailUrl":"https:\/\/product-guide.org\/wp-content\/uploads\/2025\/03\/ca-del-porco-el-boia-rosso-colli-euganei-bio-2017-0-75l-wein-31499283628185.jpg","datePublished":"2025-03-17T12:26:01+00:00","description":"Ca' del Porco Rosso, 2017 (0,75l) | Kr\u00e4utergott gefunden von Product-Guide.org","breadcrumb":{"@id":"https:\/\/product-guide.org\/produkt\/ca-del-porco-rosso-2017-075l-krautergott\/#breadcrumb"},"inLanguage":"en-GB","potentialAction":[{"@type":"ReadAction","target":["https:\/\/product-guide.org\/produkt\/ca-del-porco-rosso-2017-075l-krautergott\/"]}]},{"@type":"ImageObject","inLanguage":"en-GB","@id":"https:\/\/product-guide.org\/produkt\/ca-del-porco-rosso-2017-075l-krautergott\/#primaryimage","url":"https:\/\/product-guide.org\/wp-content\/uploads\/2025\/03\/ca-del-porco-el-boia-rosso-colli-euganei-bio-2017-0-75l-wein-31499283628185.jpg","contentUrl":"https:\/\/product-guide.org\/wp-content\/uploads\/2025\/03\/ca-del-porco-el-boia-rosso-colli-euganei-bio-2017-0-75l-wein-31499283628185.jpg","width":800,"height":800},{"@type":"BreadcrumbList","@id":"https:\/\/product-guide.org\/produkt\/ca-del-porco-rosso-2017-075l-krautergott\/#breadcrumb","itemListElement":[{"@type":"ListItem","position":1,"name":"Home","item":"https:\/\/product-guide.org\/"},{"@type":"ListItem","position":2,"name":"Ergebnisse","item":"https:\/\/product-guide.org\/de\/ergebnisse\/"},{"@type":"ListItem","position":3,"name":"Ca&#8217; del Porco Rosso, 2017 (0,75l) | Kr\u00e4utergott"}]},{"@type":"WebSite","@id":"https:\/\/product-guide.org\/#website","url":"https:\/\/product-guide.org\/","name":"Product-Guide.org","description":"What Product are you looking for?","publisher":{"@id":"https:\/\/product-guide.org\/#organization"},"potentialAction":[{"@type":"SearchAction","target":{"@type":"EntryPoint","urlTemplate":"https:\/\/product-guide.org\/?s={search_term_string}"},"query-input":{"@type":"PropertyValueSpecification","valueRequired":true,"valueName":"search_term_string"}}],"inLanguage":"en-GB"},{"@type":"Organization","@id":"https:\/\/product-guide.org\/#organization","name":"Product-Guide.org","url":"https:\/\/product-guide.org\/","logo":{"@type":"ImageObject","inLanguage":"en-GB","@id":"https:\/\/product-guide.org\/#\/schema\/logo\/image\/","url":"https:\/\/product-guide.org\/wp-content\/uploads\/2022\/07\/logo_transparent_background.png","contentUrl":"https:\/\/product-guide.org\/wp-content\/uploads\/2022\/07\/logo_transparent_background.png","width":3400,"height":1132,"caption":"Product-Guide.org"},"image":{"@id":"https:\/\/product-guide.org\/#\/schema\/logo\/image\/"}}]}},"_links":{"self":[{"href":"https:\/\/product-guide.org\/en\/wp-json\/wp\/v2\/product\/58541","targetHints":{"allow":["GET"]}}],"collection":[{"href":"https:\/\/product-guide.org\/en\/wp-json\/wp\/v2\/product"}],"about":[{"href":"https:\/\/product-guide.org\/en\/wp-json\/wp\/v2\/types\/product"}],"wp:featuredmedia":[{"embeddable":true,"href":"https:\/\/product-guide.org\/en\/wp-json\/wp\/v2\/media\/58540"}],"wp:attachment":[{"href":"https:\/\/product-guide.org\/en\/wp-json\/wp\/v2\/media?parent=58541"}],"wp:term":[{"taxonomy":"store","embeddable":true,"href":"https:\/\/product-guide.org\/en\/wp-json\/wp\/v2\/store?post=58541"},{"taxonomy":"product_brand","embeddable":true,"href":"https:\/\/product-guide.org\/en\/wp-json\/wp\/v2\/product_brand?post=58541"},{"taxonomy":"product_cat","embeddable":true,"href":"https:\/\/product-guide.org\/en\/wp-json\/wp\/v2\/product_cat?post=58541"},{"taxonomy":"product_tag","embeddable":true,"href":"https:\/\/product-guide.org\/en\/wp-json\/wp\/v2\/product_tag?post=58541"}],"curies":[{"name":"wp","href":"https:\/\/api.w.org\/{rel}","templated":true}]}}