{"id":58551,"date":"2025-03-17T13:26:19","date_gmt":"2025-03-17T12:26:19","guid":{"rendered":"https:\/\/product-guide.org\/produkt\/krauter-blutensalz-krautergott\/"},"modified":"2025-03-17T13:26:20","modified_gmt":"2025-03-17T12:26:20","slug":"krauter-blutensalz-krautergott","status":"publish","type":"product","link":"https:\/\/product-guide.org\/en\/produkt\/krauter-blutensalz-krautergott\/","title":{"rendered":"Kr\u00e4uter-Bl\u00fctensalz | Kr\u00e4utergott"},"content":{"rendered":"<p>Kr\u00e4uter Bl\u00fctensalz &#8211; Wundersch\u00f6n und raffiniert im GeschmackDu kennst das sicher: Bl\u00fctensalze sehen toll aus, sind geschmacklich aber oft einseitig oder lasch. Kurz: Die perfekte Herausforderung f\u00fcr uns, ein Bl\u00fctensalz zu entwickeln, das auch geschmacklich \u00fcberzeugt. Das Ergebnis ist unser erstes Kr\u00e4uter Bl\u00fctensalz. Mit &#8220;Kr\u00e4uter &#038; Bl\u00fcten&#8221; bringen wir zusammen was zusammen geh\u00f6rt: das Beste aus beiden Welten. Rosenbl\u00fcten, Ringelbl\u00fcten und Kornblumenbl\u00fcten \u00fcberzeugen durch ihre prachtvolle, farbenfrohe Sch\u00f6nheit. Getrocknete Melissenbl\u00e4tter und naturbelassenes Meersalz geben der Mischung einen frischen, runden Geschmack.Inhaltsstoffe: Meersalz, Ringelblumenbl\u00fcten, Rosenbl\u00fcten, Kornblumenbl\u00fcten, Melissenbl\u00e4tterUnser Versprechen: 100% nat\u00fcrlich, ohne ZusatzstoffeNettof\u00fcllmenge: 120g im GlasVon Hand abgef\u00fcllt in einem Glas mit Korkverschluss, ideal zum Wiederbef\u00fcllen<\/p>\n","protected":false},"excerpt":{"rendered":"<p>Kr\u00e4uter Bl\u00fctensalz &#8211; Wundersch\u00f6n und raffiniert im GeschmackDu kennst das sicher: Bl\u00fctensalze sehen toll aus, sind geschmacklich aber oft einseitig oder lasch. Kurz: Die perfekte Herausforderung f\u00fcr uns, ein Bl\u00fctensalz zu entwickeln, das auch geschmacklich \u00fcberzeugt. Das Ergebnis ist unser erstes Kr\u00e4uter Bl\u00fctensalz. Mit &#8220;Kr\u00e4uter &#038; Bl\u00fcten&#8221; bringen wir zusammen was zusammen geh\u00f6rt: das Beste [&hellip;]<\/p>\n","protected":false},"featured_media":58550,"template":"","meta":{"_gspb_post_css":""},"store":[],"product_brand":[1471],"product_cat":[1290],"product_tag":[],"class_list":{"0":"post-58551","1":"product","2":"type-product","3":"status-publish","4":"has-post-thumbnail","6":"product_brand-krautergott","7":"product_cat-uncategorized","9":"first","10":"instock","11":"shipping-taxable","12":"purchasable","13":"product-type-simple"},"yoast_head":"<!-- This site is optimized with the Yoast SEO plugin v24.6 - https:\/\/yoast.com\/wordpress\/plugins\/seo\/ -->\n<title>Kr\u00e4uter-Bl\u00fctensalz | Kr\u00e4utergott | Product-Guide.org<\/title>\n<meta name=\"description\" content=\"Kr\u00e4uter-Bl\u00fctensalz | Kr\u00e4utergott gefunden von Product-Guide.org\" \/>\n<meta name=\"robots\" content=\"index, follow, max-snippet:-1, max-image-preview:large, max-video-preview:-1\" \/>\n<link rel=\"canonical\" href=\"https:\/\/product-guide.org\/en\/produkt\/krauter-blutensalz-krautergott\/\" \/>\n<meta property=\"og:locale\" content=\"en_GB\" \/>\n<meta property=\"og:type\" content=\"article\" \/>\n<meta property=\"og:title\" content=\"Kr\u00e4uter-Bl\u00fctensalz | Kr\u00e4utergott | Product-Guide.org\" \/>\n<meta property=\"og:description\" content=\"Kr\u00e4uter-Bl\u00fctensalz | Kr\u00e4utergott gefunden von Product-Guide.org\" \/>\n<meta property=\"og:url\" content=\"https:\/\/product-guide.org\/en\/produkt\/krauter-blutensalz-krautergott\/\" \/>\n<meta property=\"og:site_name\" content=\"Product-Guide.org\" \/>\n<meta property=\"article:modified_time\" content=\"2025-03-17T12:26:20+00:00\" \/>\n<meta name=\"twitter:card\" content=\"summary_large_image\" \/>\n<script type=\"application\/ld+json\" class=\"yoast-schema-graph\">{\"@context\":\"https:\/\/schema.org\",\"@graph\":[{\"@type\":\"WebPage\",\"@id\":\"https:\/\/product-guide.org\/produkt\/krauter-blutensalz-krautergott\/\",\"url\":\"https:\/\/product-guide.org\/produkt\/krauter-blutensalz-krautergott\/\",\"name\":\"Kr\u00e4uter-Bl\u00fctensalz | Kr\u00e4utergott | Product-Guide.org\",\"isPartOf\":{\"@id\":\"https:\/\/product-guide.org\/#website\"},\"primaryImageOfPage\":{\"@id\":\"https:\/\/product-guide.org\/produkt\/krauter-blutensalz-krautergott\/#primaryimage\"},\"image\":{\"@id\":\"https:\/\/product-guide.org\/produkt\/krauter-blutensalz-krautergott\/#primaryimage\"},\"thumbnailUrl\":\"https:\/\/product-guide.org\/wp-content\/uploads\/2025\/03\/bluetensalz_topping.jpg\",\"datePublished\":\"2025-03-17T12:26:19+00:00\",\"dateModified\":\"2025-03-17T12:26:20+00:00\",\"description\":\"Kr\u00e4uter-Bl\u00fctensalz | Kr\u00e4utergott gefunden von Product-Guide.org\",\"breadcrumb\":{\"@id\":\"https:\/\/product-guide.org\/produkt\/krauter-blutensalz-krautergott\/#breadcrumb\"},\"inLanguage\":\"en-GB\",\"potentialAction\":[{\"@type\":\"ReadAction\",\"target\":[\"https:\/\/product-guide.org\/produkt\/krauter-blutensalz-krautergott\/\"]}]},{\"@type\":\"ImageObject\",\"inLanguage\":\"en-GB\",\"@id\":\"https:\/\/product-guide.org\/produkt\/krauter-blutensalz-krautergott\/#primaryimage\",\"url\":\"https:\/\/product-guide.org\/wp-content\/uploads\/2025\/03\/bluetensalz_topping.jpg\",\"contentUrl\":\"https:\/\/product-guide.org\/wp-content\/uploads\/2025\/03\/bluetensalz_topping.jpg\",\"width\":2334,\"height\":2334},{\"@type\":\"BreadcrumbList\",\"@id\":\"https:\/\/product-guide.org\/produkt\/krauter-blutensalz-krautergott\/#breadcrumb\",\"itemListElement\":[{\"@type\":\"ListItem\",\"position\":1,\"name\":\"Home\",\"item\":\"https:\/\/product-guide.org\/\"},{\"@type\":\"ListItem\",\"position\":2,\"name\":\"Ergebnisse\",\"item\":\"https:\/\/product-guide.org\/de\/ergebnisse\/\"},{\"@type\":\"ListItem\",\"position\":3,\"name\":\"Kr\u00e4uter-Bl\u00fctensalz | Kr\u00e4utergott\"}]},{\"@type\":\"WebSite\",\"@id\":\"https:\/\/product-guide.org\/#website\",\"url\":\"https:\/\/product-guide.org\/\",\"name\":\"Product-Guide.org\",\"description\":\"What Product are you looking for?\",\"publisher\":{\"@id\":\"https:\/\/product-guide.org\/#organization\"},\"potentialAction\":[{\"@type\":\"SearchAction\",\"target\":{\"@type\":\"EntryPoint\",\"urlTemplate\":\"https:\/\/product-guide.org\/?s={search_term_string}\"},\"query-input\":{\"@type\":\"PropertyValueSpecification\",\"valueRequired\":true,\"valueName\":\"search_term_string\"}}],\"inLanguage\":\"en-GB\"},{\"@type\":\"Organization\",\"@id\":\"https:\/\/product-guide.org\/#organization\",\"name\":\"Product-Guide.org\",\"url\":\"https:\/\/product-guide.org\/\",\"logo\":{\"@type\":\"ImageObject\",\"inLanguage\":\"en-GB\",\"@id\":\"https:\/\/product-guide.org\/#\/schema\/logo\/image\/\",\"url\":\"https:\/\/product-guide.org\/wp-content\/uploads\/2022\/07\/logo_transparent_background.png\",\"contentUrl\":\"https:\/\/product-guide.org\/wp-content\/uploads\/2022\/07\/logo_transparent_background.png\",\"width\":3400,\"height\":1132,\"caption\":\"Product-Guide.org\"},\"image\":{\"@id\":\"https:\/\/product-guide.org\/#\/schema\/logo\/image\/\"}}]}<\/script>\n<!-- \/ Yoast SEO plugin. -->","yoast_head_json":{"title":"Kr\u00e4uter-Bl\u00fctensalz | Kr\u00e4utergott | Product-Guide.org","description":"Kr\u00e4uter-Bl\u00fctensalz | Kr\u00e4utergott gefunden von Product-Guide.org","robots":{"index":"index","follow":"follow","max-snippet":"max-snippet:-1","max-image-preview":"max-image-preview:large","max-video-preview":"max-video-preview:-1"},"canonical":"https:\/\/product-guide.org\/en\/produkt\/krauter-blutensalz-krautergott\/","og_locale":"en_GB","og_type":"article","og_title":"Kr\u00e4uter-Bl\u00fctensalz | Kr\u00e4utergott | Product-Guide.org","og_description":"Kr\u00e4uter-Bl\u00fctensalz | Kr\u00e4utergott gefunden von Product-Guide.org","og_url":"https:\/\/product-guide.org\/en\/produkt\/krauter-blutensalz-krautergott\/","og_site_name":"Product-Guide.org","article_modified_time":"2025-03-17T12:26:20+00:00","twitter_card":"summary_large_image","schema":{"@context":"https:\/\/schema.org","@graph":[{"@type":"WebPage","@id":"https:\/\/product-guide.org\/produkt\/krauter-blutensalz-krautergott\/","url":"https:\/\/product-guide.org\/produkt\/krauter-blutensalz-krautergott\/","name":"Kr\u00e4uter-Bl\u00fctensalz | Kr\u00e4utergott | Product-Guide.org","isPartOf":{"@id":"https:\/\/product-guide.org\/#website"},"primaryImageOfPage":{"@id":"https:\/\/product-guide.org\/produkt\/krauter-blutensalz-krautergott\/#primaryimage"},"image":{"@id":"https:\/\/product-guide.org\/produkt\/krauter-blutensalz-krautergott\/#primaryimage"},"thumbnailUrl":"https:\/\/product-guide.org\/wp-content\/uploads\/2025\/03\/bluetensalz_topping.jpg","datePublished":"2025-03-17T12:26:19+00:00","dateModified":"2025-03-17T12:26:20+00:00","description":"Kr\u00e4uter-Bl\u00fctensalz | Kr\u00e4utergott gefunden von Product-Guide.org","breadcrumb":{"@id":"https:\/\/product-guide.org\/produkt\/krauter-blutensalz-krautergott\/#breadcrumb"},"inLanguage":"en-GB","potentialAction":[{"@type":"ReadAction","target":["https:\/\/product-guide.org\/produkt\/krauter-blutensalz-krautergott\/"]}]},{"@type":"ImageObject","inLanguage":"en-GB","@id":"https:\/\/product-guide.org\/produkt\/krauter-blutensalz-krautergott\/#primaryimage","url":"https:\/\/product-guide.org\/wp-content\/uploads\/2025\/03\/bluetensalz_topping.jpg","contentUrl":"https:\/\/product-guide.org\/wp-content\/uploads\/2025\/03\/bluetensalz_topping.jpg","width":2334,"height":2334},{"@type":"BreadcrumbList","@id":"https:\/\/product-guide.org\/produkt\/krauter-blutensalz-krautergott\/#breadcrumb","itemListElement":[{"@type":"ListItem","position":1,"name":"Home","item":"https:\/\/product-guide.org\/"},{"@type":"ListItem","position":2,"name":"Ergebnisse","item":"https:\/\/product-guide.org\/de\/ergebnisse\/"},{"@type":"ListItem","position":3,"name":"Kr\u00e4uter-Bl\u00fctensalz | Kr\u00e4utergott"}]},{"@type":"WebSite","@id":"https:\/\/product-guide.org\/#website","url":"https:\/\/product-guide.org\/","name":"Product-Guide.org","description":"What Product are you looking for?","publisher":{"@id":"https:\/\/product-guide.org\/#organization"},"potentialAction":[{"@type":"SearchAction","target":{"@type":"EntryPoint","urlTemplate":"https:\/\/product-guide.org\/?s={search_term_string}"},"query-input":{"@type":"PropertyValueSpecification","valueRequired":true,"valueName":"search_term_string"}}],"inLanguage":"en-GB"},{"@type":"Organization","@id":"https:\/\/product-guide.org\/#organization","name":"Product-Guide.org","url":"https:\/\/product-guide.org\/","logo":{"@type":"ImageObject","inLanguage":"en-GB","@id":"https:\/\/product-guide.org\/#\/schema\/logo\/image\/","url":"https:\/\/product-guide.org\/wp-content\/uploads\/2022\/07\/logo_transparent_background.png","contentUrl":"https:\/\/product-guide.org\/wp-content\/uploads\/2022\/07\/logo_transparent_background.png","width":3400,"height":1132,"caption":"Product-Guide.org"},"image":{"@id":"https:\/\/product-guide.org\/#\/schema\/logo\/image\/"}}]}},"_links":{"self":[{"href":"https:\/\/product-guide.org\/en\/wp-json\/wp\/v2\/product\/58551","targetHints":{"allow":["GET"]}}],"collection":[{"href":"https:\/\/product-guide.org\/en\/wp-json\/wp\/v2\/product"}],"about":[{"href":"https:\/\/product-guide.org\/en\/wp-json\/wp\/v2\/types\/product"}],"wp:featuredmedia":[{"embeddable":true,"href":"https:\/\/product-guide.org\/en\/wp-json\/wp\/v2\/media\/58550"}],"wp:attachment":[{"href":"https:\/\/product-guide.org\/en\/wp-json\/wp\/v2\/media?parent=58551"}],"wp:term":[{"taxonomy":"store","embeddable":true,"href":"https:\/\/product-guide.org\/en\/wp-json\/wp\/v2\/store?post=58551"},{"taxonomy":"product_brand","embeddable":true,"href":"https:\/\/product-guide.org\/en\/wp-json\/wp\/v2\/product_brand?post=58551"},{"taxonomy":"product_cat","embeddable":true,"href":"https:\/\/product-guide.org\/en\/wp-json\/wp\/v2\/product_cat?post=58551"},{"taxonomy":"product_tag","embeddable":true,"href":"https:\/\/product-guide.org\/en\/wp-json\/wp\/v2\/product_tag?post=58551"}],"curies":[{"name":"wp","href":"https:\/\/api.w.org\/{rel}","templated":true}]}}