{"id":58565,"date":"2025-03-17T13:26:41","date_gmt":"2025-03-17T12:26:41","guid":{"rendered":"https:\/\/product-guide.org\/produkt\/krautermischung-hellas-krautergott\/"},"modified":"2025-03-17T13:26:41","modified_gmt":"2025-03-17T12:26:41","slug":"krautermischung-hellas-krautergott","status":"publish","type":"product","link":"https:\/\/product-guide.org\/en\/produkt\/krautermischung-hellas-krautergott\/","title":{"rendered":"Kr\u00e4utermischung Hellas | Kr\u00e4utergott"},"content":{"rendered":"<p>Hellas &#8211; der w\u00fcrzig-frische Geschmack GriechenlandsDer ganze Geschmack Griechenlands in einer Kr\u00e4utermischung! Durch die einzigartige Kombination von herzhaften Knoblauch- und Zwiebelst\u00fccken mit herrlich-frischen Kr\u00e4utern wie Melisse und Minze ist Hellas die perfekte Kr\u00e4utermischung f\u00fcr griechische Fleisch- &#038; Reisgerichten und zum Verfeinern von Tzatziki. Hellas &#8211; mit echter Erfahrung kreiertWir waren schon oft in Griechenland und haben uns jedes Mal aufs neue in die griechische K\u00fcche verliebt. Bei der Kreation unserer griechischen Kr\u00e4utermischung haben wir aber dennoch einen echten Experten zu Rate gezogen: Mit den Tipps des waschechten Griechen Angelos aus Patras haben wir eine w\u00fcrzig-frische Mischung kreiert, die sofort Urlaubsgef\u00fchle weckt.Inhaltsstoffe: Knoblauch, Minze, Melisse, Salbei, Petersilie, Zwiebeln, BohnenkrautKr\u00e4uterGott Kr\u00e4uterwissen: Minze, genauer gesagt die Krauseminze ist eine von 30 verschiedenen Minzesorten. Im Vergleich zur bekannteren Pfefferminze ist die Krauseminze frei von Menthol, wodurch sie besser vertr\u00e4glich ist. Ihr wird u.a. eine verdauungsf\u00f6rdernde Wirkung nachgesagt. Also: Hin und wieder mit Minze kochen lohnt sich!Unser Versprechen: 100% nat\u00fcrlich, ohne ZusatzstoffeNettof\u00fcllmenge: 50g im GlasVon Hand abgef\u00fcllt in einem Glas mit Korkverschluss, ideal zum Wiederbef\u00fcllen<\/p>\n","protected":false},"excerpt":{"rendered":"<p>Hellas &#8211; der w\u00fcrzig-frische Geschmack GriechenlandsDer ganze Geschmack Griechenlands in einer Kr\u00e4utermischung! Durch die einzigartige Kombination von herzhaften Knoblauch- und Zwiebelst\u00fccken mit herrlich-frischen Kr\u00e4utern wie Melisse und Minze ist Hellas die perfekte Kr\u00e4utermischung f\u00fcr griechische Fleisch- &#038; Reisgerichten und zum Verfeinern von Tzatziki. Hellas &#8211; mit echter Erfahrung kreiertWir waren schon oft in Griechenland und [&hellip;]<\/p>\n","protected":false},"featured_media":58564,"template":"","meta":{"_gspb_post_css":""},"store":[],"product_brand":[1471],"product_cat":[1290],"product_tag":[],"class_list":{"0":"post-58565","1":"product","2":"type-product","3":"status-publish","4":"has-post-thumbnail","6":"product_brand-krautergott","7":"product_cat-uncategorized","9":"first","10":"instock","11":"shipping-taxable","12":"purchasable","13":"product-type-simple"},"yoast_head":"<!-- This site is optimized with the Yoast SEO plugin v24.6 - https:\/\/yoast.com\/wordpress\/plugins\/seo\/ -->\n<title>Kr\u00e4utermischung Hellas | Kr\u00e4utergott | Product-Guide.org<\/title>\n<meta name=\"description\" content=\"Kr\u00e4utermischung Hellas | Kr\u00e4utergott gefunden von Product-Guide.org\" \/>\n<meta name=\"robots\" content=\"index, follow, max-snippet:-1, max-image-preview:large, max-video-preview:-1\" \/>\n<link rel=\"canonical\" href=\"https:\/\/product-guide.org\/en\/produkt\/krautermischung-hellas-krautergott\/\" \/>\n<meta property=\"og:locale\" content=\"en_GB\" \/>\n<meta property=\"og:type\" content=\"article\" \/>\n<meta property=\"og:title\" content=\"Kr\u00e4utermischung Hellas | Kr\u00e4utergott | Product-Guide.org\" \/>\n<meta property=\"og:description\" content=\"Kr\u00e4utermischung Hellas | Kr\u00e4utergott gefunden von Product-Guide.org\" \/>\n<meta property=\"og:url\" content=\"https:\/\/product-guide.org\/en\/produkt\/krautermischung-hellas-krautergott\/\" \/>\n<meta property=\"og:site_name\" content=\"Product-Guide.org\" \/>\n<meta name=\"twitter:card\" content=\"summary_large_image\" \/>\n<script type=\"application\/ld+json\" class=\"yoast-schema-graph\">{\"@context\":\"https:\/\/schema.org\",\"@graph\":[{\"@type\":\"WebPage\",\"@id\":\"https:\/\/product-guide.org\/produkt\/krautermischung-hellas-krautergott\/\",\"url\":\"https:\/\/product-guide.org\/produkt\/krautermischung-hellas-krautergott\/\",\"name\":\"Kr\u00e4utermischung Hellas | Kr\u00e4utergott | Product-Guide.org\",\"isPartOf\":{\"@id\":\"https:\/\/product-guide.org\/#website\"},\"primaryImageOfPage\":{\"@id\":\"https:\/\/product-guide.org\/produkt\/krautermischung-hellas-krautergott\/#primaryimage\"},\"image\":{\"@id\":\"https:\/\/product-guide.org\/produkt\/krautermischung-hellas-krautergott\/#primaryimage\"},\"thumbnailUrl\":\"https:\/\/product-guide.org\/wp-content\/uploads\/2025\/03\/GriechischeKraeutermischung_Tzatziki.jpg\",\"datePublished\":\"2025-03-17T12:26:41+00:00\",\"description\":\"Kr\u00e4utermischung Hellas | Kr\u00e4utergott gefunden von Product-Guide.org\",\"breadcrumb\":{\"@id\":\"https:\/\/product-guide.org\/produkt\/krautermischung-hellas-krautergott\/#breadcrumb\"},\"inLanguage\":\"en-GB\",\"potentialAction\":[{\"@type\":\"ReadAction\",\"target\":[\"https:\/\/product-guide.org\/produkt\/krautermischung-hellas-krautergott\/\"]}]},{\"@type\":\"ImageObject\",\"inLanguage\":\"en-GB\",\"@id\":\"https:\/\/product-guide.org\/produkt\/krautermischung-hellas-krautergott\/#primaryimage\",\"url\":\"https:\/\/product-guide.org\/wp-content\/uploads\/2025\/03\/GriechischeKraeutermischung_Tzatziki.jpg\",\"contentUrl\":\"https:\/\/product-guide.org\/wp-content\/uploads\/2025\/03\/GriechischeKraeutermischung_Tzatziki.jpg\",\"width\":1750,\"height\":1750},{\"@type\":\"BreadcrumbList\",\"@id\":\"https:\/\/product-guide.org\/produkt\/krautermischung-hellas-krautergott\/#breadcrumb\",\"itemListElement\":[{\"@type\":\"ListItem\",\"position\":1,\"name\":\"Home\",\"item\":\"https:\/\/product-guide.org\/\"},{\"@type\":\"ListItem\",\"position\":2,\"name\":\"Ergebnisse\",\"item\":\"https:\/\/product-guide.org\/de\/ergebnisse\/\"},{\"@type\":\"ListItem\",\"position\":3,\"name\":\"Kr\u00e4utermischung Hellas | Kr\u00e4utergott\"}]},{\"@type\":\"WebSite\",\"@id\":\"https:\/\/product-guide.org\/#website\",\"url\":\"https:\/\/product-guide.org\/\",\"name\":\"Product-Guide.org\",\"description\":\"What Product are you looking for?\",\"publisher\":{\"@id\":\"https:\/\/product-guide.org\/#organization\"},\"potentialAction\":[{\"@type\":\"SearchAction\",\"target\":{\"@type\":\"EntryPoint\",\"urlTemplate\":\"https:\/\/product-guide.org\/?s={search_term_string}\"},\"query-input\":{\"@type\":\"PropertyValueSpecification\",\"valueRequired\":true,\"valueName\":\"search_term_string\"}}],\"inLanguage\":\"en-GB\"},{\"@type\":\"Organization\",\"@id\":\"https:\/\/product-guide.org\/#organization\",\"name\":\"Product-Guide.org\",\"url\":\"https:\/\/product-guide.org\/\",\"logo\":{\"@type\":\"ImageObject\",\"inLanguage\":\"en-GB\",\"@id\":\"https:\/\/product-guide.org\/#\/schema\/logo\/image\/\",\"url\":\"https:\/\/product-guide.org\/wp-content\/uploads\/2022\/07\/logo_transparent_background.png\",\"contentUrl\":\"https:\/\/product-guide.org\/wp-content\/uploads\/2022\/07\/logo_transparent_background.png\",\"width\":3400,\"height\":1132,\"caption\":\"Product-Guide.org\"},\"image\":{\"@id\":\"https:\/\/product-guide.org\/#\/schema\/logo\/image\/\"}}]}<\/script>\n<!-- \/ Yoast SEO plugin. -->","yoast_head_json":{"title":"Kr\u00e4utermischung Hellas | Kr\u00e4utergott | Product-Guide.org","description":"Kr\u00e4utermischung Hellas | Kr\u00e4utergott gefunden von Product-Guide.org","robots":{"index":"index","follow":"follow","max-snippet":"max-snippet:-1","max-image-preview":"max-image-preview:large","max-video-preview":"max-video-preview:-1"},"canonical":"https:\/\/product-guide.org\/en\/produkt\/krautermischung-hellas-krautergott\/","og_locale":"en_GB","og_type":"article","og_title":"Kr\u00e4utermischung Hellas | Kr\u00e4utergott | Product-Guide.org","og_description":"Kr\u00e4utermischung Hellas | Kr\u00e4utergott gefunden von Product-Guide.org","og_url":"https:\/\/product-guide.org\/en\/produkt\/krautermischung-hellas-krautergott\/","og_site_name":"Product-Guide.org","twitter_card":"summary_large_image","schema":{"@context":"https:\/\/schema.org","@graph":[{"@type":"WebPage","@id":"https:\/\/product-guide.org\/produkt\/krautermischung-hellas-krautergott\/","url":"https:\/\/product-guide.org\/produkt\/krautermischung-hellas-krautergott\/","name":"Kr\u00e4utermischung Hellas | Kr\u00e4utergott | Product-Guide.org","isPartOf":{"@id":"https:\/\/product-guide.org\/#website"},"primaryImageOfPage":{"@id":"https:\/\/product-guide.org\/produkt\/krautermischung-hellas-krautergott\/#primaryimage"},"image":{"@id":"https:\/\/product-guide.org\/produkt\/krautermischung-hellas-krautergott\/#primaryimage"},"thumbnailUrl":"https:\/\/product-guide.org\/wp-content\/uploads\/2025\/03\/GriechischeKraeutermischung_Tzatziki.jpg","datePublished":"2025-03-17T12:26:41+00:00","description":"Kr\u00e4utermischung Hellas | Kr\u00e4utergott gefunden von Product-Guide.org","breadcrumb":{"@id":"https:\/\/product-guide.org\/produkt\/krautermischung-hellas-krautergott\/#breadcrumb"},"inLanguage":"en-GB","potentialAction":[{"@type":"ReadAction","target":["https:\/\/product-guide.org\/produkt\/krautermischung-hellas-krautergott\/"]}]},{"@type":"ImageObject","inLanguage":"en-GB","@id":"https:\/\/product-guide.org\/produkt\/krautermischung-hellas-krautergott\/#primaryimage","url":"https:\/\/product-guide.org\/wp-content\/uploads\/2025\/03\/GriechischeKraeutermischung_Tzatziki.jpg","contentUrl":"https:\/\/product-guide.org\/wp-content\/uploads\/2025\/03\/GriechischeKraeutermischung_Tzatziki.jpg","width":1750,"height":1750},{"@type":"BreadcrumbList","@id":"https:\/\/product-guide.org\/produkt\/krautermischung-hellas-krautergott\/#breadcrumb","itemListElement":[{"@type":"ListItem","position":1,"name":"Home","item":"https:\/\/product-guide.org\/"},{"@type":"ListItem","position":2,"name":"Ergebnisse","item":"https:\/\/product-guide.org\/de\/ergebnisse\/"},{"@type":"ListItem","position":3,"name":"Kr\u00e4utermischung Hellas | Kr\u00e4utergott"}]},{"@type":"WebSite","@id":"https:\/\/product-guide.org\/#website","url":"https:\/\/product-guide.org\/","name":"Product-Guide.org","description":"What Product are you looking for?","publisher":{"@id":"https:\/\/product-guide.org\/#organization"},"potentialAction":[{"@type":"SearchAction","target":{"@type":"EntryPoint","urlTemplate":"https:\/\/product-guide.org\/?s={search_term_string}"},"query-input":{"@type":"PropertyValueSpecification","valueRequired":true,"valueName":"search_term_string"}}],"inLanguage":"en-GB"},{"@type":"Organization","@id":"https:\/\/product-guide.org\/#organization","name":"Product-Guide.org","url":"https:\/\/product-guide.org\/","logo":{"@type":"ImageObject","inLanguage":"en-GB","@id":"https:\/\/product-guide.org\/#\/schema\/logo\/image\/","url":"https:\/\/product-guide.org\/wp-content\/uploads\/2022\/07\/logo_transparent_background.png","contentUrl":"https:\/\/product-guide.org\/wp-content\/uploads\/2022\/07\/logo_transparent_background.png","width":3400,"height":1132,"caption":"Product-Guide.org"},"image":{"@id":"https:\/\/product-guide.org\/#\/schema\/logo\/image\/"}}]}},"_links":{"self":[{"href":"https:\/\/product-guide.org\/en\/wp-json\/wp\/v2\/product\/58565","targetHints":{"allow":["GET"]}}],"collection":[{"href":"https:\/\/product-guide.org\/en\/wp-json\/wp\/v2\/product"}],"about":[{"href":"https:\/\/product-guide.org\/en\/wp-json\/wp\/v2\/types\/product"}],"wp:featuredmedia":[{"embeddable":true,"href":"https:\/\/product-guide.org\/en\/wp-json\/wp\/v2\/media\/58564"}],"wp:attachment":[{"href":"https:\/\/product-guide.org\/en\/wp-json\/wp\/v2\/media?parent=58565"}],"wp:term":[{"taxonomy":"store","embeddable":true,"href":"https:\/\/product-guide.org\/en\/wp-json\/wp\/v2\/store?post=58565"},{"taxonomy":"product_brand","embeddable":true,"href":"https:\/\/product-guide.org\/en\/wp-json\/wp\/v2\/product_brand?post=58565"},{"taxonomy":"product_cat","embeddable":true,"href":"https:\/\/product-guide.org\/en\/wp-json\/wp\/v2\/product_cat?post=58565"},{"taxonomy":"product_tag","embeddable":true,"href":"https:\/\/product-guide.org\/en\/wp-json\/wp\/v2\/product_tag?post=58565"}],"curies":[{"name":"wp","href":"https:\/\/api.w.org\/{rel}","templated":true}]}}