{"id":58579,"date":"2025-03-17T13:27:03","date_gmt":"2025-03-17T12:27:03","guid":{"rendered":"https:\/\/product-guide.org\/produkt\/krautersalz-mediterran-krautergott\/"},"modified":"2025-03-17T13:27:03","modified_gmt":"2025-03-17T12:27:03","slug":"krautersalz-mediterran-krautergott","status":"publish","type":"product","link":"https:\/\/product-guide.org\/en\/produkt\/krautersalz-mediterran-krautergott\/","title":{"rendered":"Kr\u00e4utersalz Mediterran | Kr\u00e4utergott"},"content":{"rendered":"<p>Kr\u00e4utersalz Mediterran &#8211; Ein St\u00fcck Urlaub f\u00fcr die K\u00fccheDurch die Kombination der beliebtesten mediterranen Kr\u00e4uter mit hochwertigem, naturbelassenem Meersalz wird jedes Gericht ein Erfolg. Mediterran ist besonders gut zu: Mediterranen Nudelgerichten W\u00fcrzigen So\u00dfen Kartoffeln, z.B. Ofenkartoffeln Bohnen Schmackhaften Eint\u00f6pfen Inhaltsstoffe: Meersalz, Orgenao, Thymian, Lavendel, Rosmarin, Basilikum, BohnenkrautKr\u00e4uterGott Kr\u00e4uterwissen: Rosmarin schmeckt einfach herrlich, muss aber aufgrund des intensiven Geschmacks bedacht dosiert werden. Am besten selbst ausprobieren, mit welcher Dosierung er am besten schmeckt. Rosmarin wird neben seinem Geschmack auch eine sehr positive Heilwirkung nachgesagt, z.B. wirkt er beruhigend auf das Nervensystem. Bei Stress auf der Arbeit also einfach mal zu Kr\u00e4utern greifen. Bohnenkraut hat bei den Volksnamen den Hauptgewinn gezogen: Weinkraut, Wurstkraut und Pfefferkraut. Klingt eher wie ein komplettes Men\u00fc. Tats\u00e4chlich ist Bohnenkraut auch sehr vielseitig. Es schmeckt aromatisch scharf bis leicht bitter und wird wegen des Geschmacks und der positiven Wirkung auf die Verdauung vor allem f\u00fcr deftige Hausmannskost verwendet. Daher auch die teils lustigen Bezeichnungen. Lavendel wird eher selten als Gew\u00fcrz verwendet, gibt mediterranen Mischungen aber eine ganz besondere Note. Unbedingt ausprobieren! Anders als Lavendel-\u00d6l ist der Verzehr von Lavendel Bl\u00fcten auch absolut unbedenklich. Unser Versprechen: Mindestens 50% Kr\u00e4uter-\/Gew\u00fcrzanteilNettof\u00fcllmenge: 70g GlasVon Hand abgef\u00fcllt in einem Glas mit Korkverschluss, ideal zum Wiederbef\u00fcllen mit der 200g Nachf\u00fcllpackung<\/p>\n","protected":false},"excerpt":{"rendered":"<p>Kr\u00e4utersalz Mediterran &#8211; Ein St\u00fcck Urlaub f\u00fcr die K\u00fccheDurch die Kombination der beliebtesten mediterranen Kr\u00e4uter mit hochwertigem, naturbelassenem Meersalz wird jedes Gericht ein Erfolg. Mediterran ist besonders gut zu: Mediterranen Nudelgerichten W\u00fcrzigen So\u00dfen Kartoffeln, z.B. Ofenkartoffeln Bohnen Schmackhaften Eint\u00f6pfen Inhaltsstoffe: Meersalz, Orgenao, Thymian, Lavendel, Rosmarin, Basilikum, BohnenkrautKr\u00e4uterGott Kr\u00e4uterwissen: Rosmarin schmeckt einfach herrlich, muss aber aufgrund [&hellip;]<\/p>\n","protected":false},"featured_media":58578,"template":"","meta":{"_gspb_post_css":""},"store":[],"product_brand":[1471],"product_cat":[1290],"product_tag":[],"class_list":{"0":"post-58579","1":"product","2":"type-product","3":"status-publish","4":"has-post-thumbnail","6":"product_brand-krautergott","7":"product_cat-uncategorized","9":"first","10":"instock","11":"shipping-taxable","12":"purchasable","13":"product-type-simple"},"yoast_head":"<!-- This site is optimized with the Yoast SEO plugin v24.6 - https:\/\/yoast.com\/wordpress\/plugins\/seo\/ -->\n<title>Kr\u00e4utersalz Mediterran | Kr\u00e4utergott | Product-Guide.org<\/title>\n<meta name=\"description\" content=\"Kr\u00e4utersalz Mediterran | Kr\u00e4utergott gefunden von Product-Guide.org\" \/>\n<meta name=\"robots\" content=\"index, follow, max-snippet:-1, max-image-preview:large, max-video-preview:-1\" \/>\n<link rel=\"canonical\" href=\"https:\/\/product-guide.org\/en\/produkt\/krautersalz-mediterran-krautergott\/\" \/>\n<meta property=\"og:locale\" content=\"en_GB\" \/>\n<meta property=\"og:type\" content=\"article\" \/>\n<meta property=\"og:title\" content=\"Kr\u00e4utersalz Mediterran | Kr\u00e4utergott | Product-Guide.org\" \/>\n<meta property=\"og:description\" content=\"Kr\u00e4utersalz Mediterran | Kr\u00e4utergott gefunden von Product-Guide.org\" \/>\n<meta property=\"og:url\" content=\"https:\/\/product-guide.org\/en\/produkt\/krautersalz-mediterran-krautergott\/\" \/>\n<meta property=\"og:site_name\" content=\"Product-Guide.org\" \/>\n<meta name=\"twitter:card\" content=\"summary_large_image\" \/>\n<script type=\"application\/ld+json\" class=\"yoast-schema-graph\">{\"@context\":\"https:\/\/schema.org\",\"@graph\":[{\"@type\":\"WebPage\",\"@id\":\"https:\/\/product-guide.org\/produkt\/krautersalz-mediterran-krautergott\/\",\"url\":\"https:\/\/product-guide.org\/produkt\/krautersalz-mediterran-krautergott\/\",\"name\":\"Kr\u00e4utersalz Mediterran | Kr\u00e4utergott | Product-Guide.org\",\"isPartOf\":{\"@id\":\"https:\/\/product-guide.org\/#website\"},\"primaryImageOfPage\":{\"@id\":\"https:\/\/product-guide.org\/produkt\/krautersalz-mediterran-krautergott\/#primaryimage\"},\"image\":{\"@id\":\"https:\/\/product-guide.org\/produkt\/krautersalz-mediterran-krautergott\/#primaryimage\"},\"thumbnailUrl\":\"https:\/\/product-guide.org\/wp-content\/uploads\/2025\/03\/mediterran_kartoffeln.jpg\",\"datePublished\":\"2025-03-17T12:27:03+00:00\",\"description\":\"Kr\u00e4utersalz Mediterran | Kr\u00e4utergott gefunden von Product-Guide.org\",\"breadcrumb\":{\"@id\":\"https:\/\/product-guide.org\/produkt\/krautersalz-mediterran-krautergott\/#breadcrumb\"},\"inLanguage\":\"en-GB\",\"potentialAction\":[{\"@type\":\"ReadAction\",\"target\":[\"https:\/\/product-guide.org\/produkt\/krautersalz-mediterran-krautergott\/\"]}]},{\"@type\":\"ImageObject\",\"inLanguage\":\"en-GB\",\"@id\":\"https:\/\/product-guide.org\/produkt\/krautersalz-mediterran-krautergott\/#primaryimage\",\"url\":\"https:\/\/product-guide.org\/wp-content\/uploads\/2025\/03\/mediterran_kartoffeln.jpg\",\"contentUrl\":\"https:\/\/product-guide.org\/wp-content\/uploads\/2025\/03\/mediterran_kartoffeln.jpg\",\"width\":2334,\"height\":2334},{\"@type\":\"BreadcrumbList\",\"@id\":\"https:\/\/product-guide.org\/produkt\/krautersalz-mediterran-krautergott\/#breadcrumb\",\"itemListElement\":[{\"@type\":\"ListItem\",\"position\":1,\"name\":\"Home\",\"item\":\"https:\/\/product-guide.org\/\"},{\"@type\":\"ListItem\",\"position\":2,\"name\":\"Ergebnisse\",\"item\":\"https:\/\/product-guide.org\/de\/ergebnisse\/\"},{\"@type\":\"ListItem\",\"position\":3,\"name\":\"Kr\u00e4utersalz Mediterran | Kr\u00e4utergott\"}]},{\"@type\":\"WebSite\",\"@id\":\"https:\/\/product-guide.org\/#website\",\"url\":\"https:\/\/product-guide.org\/\",\"name\":\"Product-Guide.org\",\"description\":\"What Product are you looking for?\",\"publisher\":{\"@id\":\"https:\/\/product-guide.org\/#organization\"},\"potentialAction\":[{\"@type\":\"SearchAction\",\"target\":{\"@type\":\"EntryPoint\",\"urlTemplate\":\"https:\/\/product-guide.org\/?s={search_term_string}\"},\"query-input\":{\"@type\":\"PropertyValueSpecification\",\"valueRequired\":true,\"valueName\":\"search_term_string\"}}],\"inLanguage\":\"en-GB\"},{\"@type\":\"Organization\",\"@id\":\"https:\/\/product-guide.org\/#organization\",\"name\":\"Product-Guide.org\",\"url\":\"https:\/\/product-guide.org\/\",\"logo\":{\"@type\":\"ImageObject\",\"inLanguage\":\"en-GB\",\"@id\":\"https:\/\/product-guide.org\/#\/schema\/logo\/image\/\",\"url\":\"https:\/\/product-guide.org\/wp-content\/uploads\/2022\/07\/logo_transparent_background.png\",\"contentUrl\":\"https:\/\/product-guide.org\/wp-content\/uploads\/2022\/07\/logo_transparent_background.png\",\"width\":3400,\"height\":1132,\"caption\":\"Product-Guide.org\"},\"image\":{\"@id\":\"https:\/\/product-guide.org\/#\/schema\/logo\/image\/\"}}]}<\/script>\n<!-- \/ Yoast SEO plugin. -->","yoast_head_json":{"title":"Kr\u00e4utersalz Mediterran | Kr\u00e4utergott | Product-Guide.org","description":"Kr\u00e4utersalz Mediterran | Kr\u00e4utergott gefunden von Product-Guide.org","robots":{"index":"index","follow":"follow","max-snippet":"max-snippet:-1","max-image-preview":"max-image-preview:large","max-video-preview":"max-video-preview:-1"},"canonical":"https:\/\/product-guide.org\/en\/produkt\/krautersalz-mediterran-krautergott\/","og_locale":"en_GB","og_type":"article","og_title":"Kr\u00e4utersalz Mediterran | Kr\u00e4utergott | Product-Guide.org","og_description":"Kr\u00e4utersalz Mediterran | Kr\u00e4utergott gefunden von Product-Guide.org","og_url":"https:\/\/product-guide.org\/en\/produkt\/krautersalz-mediterran-krautergott\/","og_site_name":"Product-Guide.org","twitter_card":"summary_large_image","schema":{"@context":"https:\/\/schema.org","@graph":[{"@type":"WebPage","@id":"https:\/\/product-guide.org\/produkt\/krautersalz-mediterran-krautergott\/","url":"https:\/\/product-guide.org\/produkt\/krautersalz-mediterran-krautergott\/","name":"Kr\u00e4utersalz Mediterran | Kr\u00e4utergott | Product-Guide.org","isPartOf":{"@id":"https:\/\/product-guide.org\/#website"},"primaryImageOfPage":{"@id":"https:\/\/product-guide.org\/produkt\/krautersalz-mediterran-krautergott\/#primaryimage"},"image":{"@id":"https:\/\/product-guide.org\/produkt\/krautersalz-mediterran-krautergott\/#primaryimage"},"thumbnailUrl":"https:\/\/product-guide.org\/wp-content\/uploads\/2025\/03\/mediterran_kartoffeln.jpg","datePublished":"2025-03-17T12:27:03+00:00","description":"Kr\u00e4utersalz Mediterran | Kr\u00e4utergott gefunden von Product-Guide.org","breadcrumb":{"@id":"https:\/\/product-guide.org\/produkt\/krautersalz-mediterran-krautergott\/#breadcrumb"},"inLanguage":"en-GB","potentialAction":[{"@type":"ReadAction","target":["https:\/\/product-guide.org\/produkt\/krautersalz-mediterran-krautergott\/"]}]},{"@type":"ImageObject","inLanguage":"en-GB","@id":"https:\/\/product-guide.org\/produkt\/krautersalz-mediterran-krautergott\/#primaryimage","url":"https:\/\/product-guide.org\/wp-content\/uploads\/2025\/03\/mediterran_kartoffeln.jpg","contentUrl":"https:\/\/product-guide.org\/wp-content\/uploads\/2025\/03\/mediterran_kartoffeln.jpg","width":2334,"height":2334},{"@type":"BreadcrumbList","@id":"https:\/\/product-guide.org\/produkt\/krautersalz-mediterran-krautergott\/#breadcrumb","itemListElement":[{"@type":"ListItem","position":1,"name":"Home","item":"https:\/\/product-guide.org\/"},{"@type":"ListItem","position":2,"name":"Ergebnisse","item":"https:\/\/product-guide.org\/de\/ergebnisse\/"},{"@type":"ListItem","position":3,"name":"Kr\u00e4utersalz Mediterran | Kr\u00e4utergott"}]},{"@type":"WebSite","@id":"https:\/\/product-guide.org\/#website","url":"https:\/\/product-guide.org\/","name":"Product-Guide.org","description":"What Product are you looking for?","publisher":{"@id":"https:\/\/product-guide.org\/#organization"},"potentialAction":[{"@type":"SearchAction","target":{"@type":"EntryPoint","urlTemplate":"https:\/\/product-guide.org\/?s={search_term_string}"},"query-input":{"@type":"PropertyValueSpecification","valueRequired":true,"valueName":"search_term_string"}}],"inLanguage":"en-GB"},{"@type":"Organization","@id":"https:\/\/product-guide.org\/#organization","name":"Product-Guide.org","url":"https:\/\/product-guide.org\/","logo":{"@type":"ImageObject","inLanguage":"en-GB","@id":"https:\/\/product-guide.org\/#\/schema\/logo\/image\/","url":"https:\/\/product-guide.org\/wp-content\/uploads\/2022\/07\/logo_transparent_background.png","contentUrl":"https:\/\/product-guide.org\/wp-content\/uploads\/2022\/07\/logo_transparent_background.png","width":3400,"height":1132,"caption":"Product-Guide.org"},"image":{"@id":"https:\/\/product-guide.org\/#\/schema\/logo\/image\/"}}]}},"_links":{"self":[{"href":"https:\/\/product-guide.org\/en\/wp-json\/wp\/v2\/product\/58579","targetHints":{"allow":["GET"]}}],"collection":[{"href":"https:\/\/product-guide.org\/en\/wp-json\/wp\/v2\/product"}],"about":[{"href":"https:\/\/product-guide.org\/en\/wp-json\/wp\/v2\/types\/product"}],"wp:featuredmedia":[{"embeddable":true,"href":"https:\/\/product-guide.org\/en\/wp-json\/wp\/v2\/media\/58578"}],"wp:attachment":[{"href":"https:\/\/product-guide.org\/en\/wp-json\/wp\/v2\/media?parent=58579"}],"wp:term":[{"taxonomy":"store","embeddable":true,"href":"https:\/\/product-guide.org\/en\/wp-json\/wp\/v2\/store?post=58579"},{"taxonomy":"product_brand","embeddable":true,"href":"https:\/\/product-guide.org\/en\/wp-json\/wp\/v2\/product_brand?post=58579"},{"taxonomy":"product_cat","embeddable":true,"href":"https:\/\/product-guide.org\/en\/wp-json\/wp\/v2\/product_cat?post=58579"},{"taxonomy":"product_tag","embeddable":true,"href":"https:\/\/product-guide.org\/en\/wp-json\/wp\/v2\/product_tag?post=58579"}],"curies":[{"name":"wp","href":"https:\/\/api.w.org\/{rel}","templated":true}]}}