{"id":58583,"date":"2025-03-17T13:27:09","date_gmt":"2025-03-17T12:27:09","guid":{"rendered":"https:\/\/product-guide.org\/produkt\/krautersalz-krauterzitrone-krautergott\/"},"modified":"2025-03-17T13:27:10","modified_gmt":"2025-03-17T12:27:10","slug":"krautersalz-krauterzitrone-krautergott","status":"publish","type":"product","link":"https:\/\/product-guide.org\/en\/produkt\/krautersalz-krauterzitrone-krautergott\/","title":{"rendered":"Kr\u00e4utersalz Kr\u00e4uterzitrone | Kr\u00e4utergott"},"content":{"rendered":"<p>Kr\u00e4uterzitrone &#8211; Zitronensalz mal anders!Die Kr\u00e4uterzitrone vereint den intensiven, frischen Zitronengeschmack mit einer Komposition himmlischer Kr\u00e4uter. Und als Grundlage habe wir uns f\u00fcr naturbelassenes Meersalz ohne jegliche Zusatzstoffe entschieden.Kr\u00e4uterzitrone ist besonders gut zu: Fisch H\u00fchnchen Antipasti fruchtigen Salaten Inhaltsstoffe: Meersalz, Thymian, Zitronen\u00f6l, Petersilie, KurkumaKr\u00e4uterGott Kr\u00e4uterwissen: Thymian ist der Inbegriff der mediterrane K\u00fcche, z.B. in der Provence. Halb s\u00fc\u00df halb bitter gibt er vielen warmen Gerichten das gewisse Etwas. Auch deswegen haben wir in der Kr\u00e4uterzitrone nicht damit gespart. Nebst himmlischem Geschmack punktet Thymian auch durch seine antibakteriellen Eigenschaften. Thymian Bonbons schmecken also nicht nur gut, sie k\u00f6nnen auch eine Heilung unterst\u00fctzen. Petersilie wird im Volksmund wegen ihrer leicht bitteren Bote auch Bittersilche und Silk genannt. Sie hat einen hohen Vitamin C Gehalt und soll bei Fr\u00fchjahrsm\u00fcdigkeit belebend wirken. Kurkuma oder Gelbwurzel wird f\u00fcr Gew\u00fcrze und Heilverfahren, wie der Name schon sagt, aus der Wurzel der Pflanze gewonnen. Am bekanntesten ist seine Verwendung in Curry Mischungen, in denen Kurkuma f\u00fcr die gelbe Farbe sorgt (und herrlich schmeckt). Als separates Gew\u00fcrz findet man Kurkuma nur selten. Unser Versprechen: Mindestens 20% Kr\u00e4uter-\/ZitronenanteilNettof\u00fcllmenge: 80g GlasVon Hand abgef\u00fcllt in einem Glas mit Korkverschluss, ideal zum Wiederbef\u00fcllen mit der 200g Nachf\u00fcllpackung<\/p>\n","protected":false},"excerpt":{"rendered":"<p>Kr\u00e4uterzitrone &#8211; Zitronensalz mal anders!Die Kr\u00e4uterzitrone vereint den intensiven, frischen Zitronengeschmack mit einer Komposition himmlischer Kr\u00e4uter. Und als Grundlage habe wir uns f\u00fcr naturbelassenes Meersalz ohne jegliche Zusatzstoffe entschieden.Kr\u00e4uterzitrone ist besonders gut zu: Fisch H\u00fchnchen Antipasti fruchtigen Salaten Inhaltsstoffe: Meersalz, Thymian, Zitronen\u00f6l, Petersilie, KurkumaKr\u00e4uterGott Kr\u00e4uterwissen: Thymian ist der Inbegriff der mediterrane K\u00fcche, z.B. in der [&hellip;]<\/p>\n","protected":false},"featured_media":58582,"template":"","meta":{"_gspb_post_css":""},"store":[],"product_brand":[1471],"product_cat":[1290],"product_tag":[],"class_list":{"0":"post-58583","1":"product","2":"type-product","3":"status-publish","4":"has-post-thumbnail","6":"product_brand-krautergott","7":"product_cat-uncategorized","9":"first","10":"instock","11":"shipping-taxable","12":"purchasable","13":"product-type-simple"},"yoast_head":"<!-- This site is optimized with the Yoast SEO plugin v24.6 - https:\/\/yoast.com\/wordpress\/plugins\/seo\/ -->\n<title>Kr\u00e4utersalz Kr\u00e4uterzitrone | Kr\u00e4utergott | Product-Guide.org<\/title>\n<meta name=\"description\" content=\"Kr\u00e4utersalz Kr\u00e4uterzitrone | Kr\u00e4utergott gefunden von Product-Guide.org\" \/>\n<meta name=\"robots\" content=\"index, follow, max-snippet:-1, max-image-preview:large, max-video-preview:-1\" \/>\n<link rel=\"canonical\" href=\"https:\/\/product-guide.org\/en\/produkt\/krautersalz-krauterzitrone-krautergott\/\" \/>\n<meta property=\"og:locale\" content=\"en_GB\" \/>\n<meta property=\"og:type\" content=\"article\" \/>\n<meta property=\"og:title\" content=\"Kr\u00e4utersalz Kr\u00e4uterzitrone | Kr\u00e4utergott | Product-Guide.org\" \/>\n<meta property=\"og:description\" content=\"Kr\u00e4utersalz Kr\u00e4uterzitrone | Kr\u00e4utergott gefunden von Product-Guide.org\" \/>\n<meta property=\"og:url\" content=\"https:\/\/product-guide.org\/en\/produkt\/krautersalz-krauterzitrone-krautergott\/\" \/>\n<meta property=\"og:site_name\" content=\"Product-Guide.org\" \/>\n<meta property=\"article:modified_time\" content=\"2025-03-17T12:27:10+00:00\" \/>\n<meta name=\"twitter:card\" content=\"summary_large_image\" \/>\n<script type=\"application\/ld+json\" class=\"yoast-schema-graph\">{\"@context\":\"https:\/\/schema.org\",\"@graph\":[{\"@type\":\"WebPage\",\"@id\":\"https:\/\/product-guide.org\/produkt\/krautersalz-krauterzitrone-krautergott\/\",\"url\":\"https:\/\/product-guide.org\/produkt\/krautersalz-krauterzitrone-krautergott\/\",\"name\":\"Kr\u00e4utersalz Kr\u00e4uterzitrone | Kr\u00e4utergott | Product-Guide.org\",\"isPartOf\":{\"@id\":\"https:\/\/product-guide.org\/#website\"},\"primaryImageOfPage\":{\"@id\":\"https:\/\/product-guide.org\/produkt\/krautersalz-krauterzitrone-krautergott\/#primaryimage\"},\"image\":{\"@id\":\"https:\/\/product-guide.org\/produkt\/krautersalz-krauterzitrone-krautergott\/#primaryimage\"},\"thumbnailUrl\":\"https:\/\/product-guide.org\/wp-content\/uploads\/2025\/03\/kraeuterzitrone_fisch.jpg\",\"datePublished\":\"2025-03-17T12:27:09+00:00\",\"dateModified\":\"2025-03-17T12:27:10+00:00\",\"description\":\"Kr\u00e4utersalz Kr\u00e4uterzitrone | Kr\u00e4utergott gefunden von Product-Guide.org\",\"breadcrumb\":{\"@id\":\"https:\/\/product-guide.org\/produkt\/krautersalz-krauterzitrone-krautergott\/#breadcrumb\"},\"inLanguage\":\"en-GB\",\"potentialAction\":[{\"@type\":\"ReadAction\",\"target\":[\"https:\/\/product-guide.org\/produkt\/krautersalz-krauterzitrone-krautergott\/\"]}]},{\"@type\":\"ImageObject\",\"inLanguage\":\"en-GB\",\"@id\":\"https:\/\/product-guide.org\/produkt\/krautersalz-krauterzitrone-krautergott\/#primaryimage\",\"url\":\"https:\/\/product-guide.org\/wp-content\/uploads\/2025\/03\/kraeuterzitrone_fisch.jpg\",\"contentUrl\":\"https:\/\/product-guide.org\/wp-content\/uploads\/2025\/03\/kraeuterzitrone_fisch.jpg\",\"width\":2334,\"height\":2334},{\"@type\":\"BreadcrumbList\",\"@id\":\"https:\/\/product-guide.org\/produkt\/krautersalz-krauterzitrone-krautergott\/#breadcrumb\",\"itemListElement\":[{\"@type\":\"ListItem\",\"position\":1,\"name\":\"Home\",\"item\":\"https:\/\/product-guide.org\/\"},{\"@type\":\"ListItem\",\"position\":2,\"name\":\"Ergebnisse\",\"item\":\"https:\/\/product-guide.org\/de\/ergebnisse\/\"},{\"@type\":\"ListItem\",\"position\":3,\"name\":\"Kr\u00e4utersalz Kr\u00e4uterzitrone | Kr\u00e4utergott\"}]},{\"@type\":\"WebSite\",\"@id\":\"https:\/\/product-guide.org\/#website\",\"url\":\"https:\/\/product-guide.org\/\",\"name\":\"Product-Guide.org\",\"description\":\"What Product are you looking for?\",\"publisher\":{\"@id\":\"https:\/\/product-guide.org\/#organization\"},\"potentialAction\":[{\"@type\":\"SearchAction\",\"target\":{\"@type\":\"EntryPoint\",\"urlTemplate\":\"https:\/\/product-guide.org\/?s={search_term_string}\"},\"query-input\":{\"@type\":\"PropertyValueSpecification\",\"valueRequired\":true,\"valueName\":\"search_term_string\"}}],\"inLanguage\":\"en-GB\"},{\"@type\":\"Organization\",\"@id\":\"https:\/\/product-guide.org\/#organization\",\"name\":\"Product-Guide.org\",\"url\":\"https:\/\/product-guide.org\/\",\"logo\":{\"@type\":\"ImageObject\",\"inLanguage\":\"en-GB\",\"@id\":\"https:\/\/product-guide.org\/#\/schema\/logo\/image\/\",\"url\":\"https:\/\/product-guide.org\/wp-content\/uploads\/2022\/07\/logo_transparent_background.png\",\"contentUrl\":\"https:\/\/product-guide.org\/wp-content\/uploads\/2022\/07\/logo_transparent_background.png\",\"width\":3400,\"height\":1132,\"caption\":\"Product-Guide.org\"},\"image\":{\"@id\":\"https:\/\/product-guide.org\/#\/schema\/logo\/image\/\"}}]}<\/script>\n<!-- \/ Yoast SEO plugin. -->","yoast_head_json":{"title":"Kr\u00e4utersalz Kr\u00e4uterzitrone | Kr\u00e4utergott | Product-Guide.org","description":"Kr\u00e4utersalz Kr\u00e4uterzitrone | Kr\u00e4utergott gefunden von Product-Guide.org","robots":{"index":"index","follow":"follow","max-snippet":"max-snippet:-1","max-image-preview":"max-image-preview:large","max-video-preview":"max-video-preview:-1"},"canonical":"https:\/\/product-guide.org\/en\/produkt\/krautersalz-krauterzitrone-krautergott\/","og_locale":"en_GB","og_type":"article","og_title":"Kr\u00e4utersalz Kr\u00e4uterzitrone | Kr\u00e4utergott | Product-Guide.org","og_description":"Kr\u00e4utersalz Kr\u00e4uterzitrone | Kr\u00e4utergott gefunden von Product-Guide.org","og_url":"https:\/\/product-guide.org\/en\/produkt\/krautersalz-krauterzitrone-krautergott\/","og_site_name":"Product-Guide.org","article_modified_time":"2025-03-17T12:27:10+00:00","twitter_card":"summary_large_image","schema":{"@context":"https:\/\/schema.org","@graph":[{"@type":"WebPage","@id":"https:\/\/product-guide.org\/produkt\/krautersalz-krauterzitrone-krautergott\/","url":"https:\/\/product-guide.org\/produkt\/krautersalz-krauterzitrone-krautergott\/","name":"Kr\u00e4utersalz Kr\u00e4uterzitrone | Kr\u00e4utergott | Product-Guide.org","isPartOf":{"@id":"https:\/\/product-guide.org\/#website"},"primaryImageOfPage":{"@id":"https:\/\/product-guide.org\/produkt\/krautersalz-krauterzitrone-krautergott\/#primaryimage"},"image":{"@id":"https:\/\/product-guide.org\/produkt\/krautersalz-krauterzitrone-krautergott\/#primaryimage"},"thumbnailUrl":"https:\/\/product-guide.org\/wp-content\/uploads\/2025\/03\/kraeuterzitrone_fisch.jpg","datePublished":"2025-03-17T12:27:09+00:00","dateModified":"2025-03-17T12:27:10+00:00","description":"Kr\u00e4utersalz Kr\u00e4uterzitrone | Kr\u00e4utergott gefunden von Product-Guide.org","breadcrumb":{"@id":"https:\/\/product-guide.org\/produkt\/krautersalz-krauterzitrone-krautergott\/#breadcrumb"},"inLanguage":"en-GB","potentialAction":[{"@type":"ReadAction","target":["https:\/\/product-guide.org\/produkt\/krautersalz-krauterzitrone-krautergott\/"]}]},{"@type":"ImageObject","inLanguage":"en-GB","@id":"https:\/\/product-guide.org\/produkt\/krautersalz-krauterzitrone-krautergott\/#primaryimage","url":"https:\/\/product-guide.org\/wp-content\/uploads\/2025\/03\/kraeuterzitrone_fisch.jpg","contentUrl":"https:\/\/product-guide.org\/wp-content\/uploads\/2025\/03\/kraeuterzitrone_fisch.jpg","width":2334,"height":2334},{"@type":"BreadcrumbList","@id":"https:\/\/product-guide.org\/produkt\/krautersalz-krauterzitrone-krautergott\/#breadcrumb","itemListElement":[{"@type":"ListItem","position":1,"name":"Home","item":"https:\/\/product-guide.org\/"},{"@type":"ListItem","position":2,"name":"Ergebnisse","item":"https:\/\/product-guide.org\/de\/ergebnisse\/"},{"@type":"ListItem","position":3,"name":"Kr\u00e4utersalz Kr\u00e4uterzitrone | Kr\u00e4utergott"}]},{"@type":"WebSite","@id":"https:\/\/product-guide.org\/#website","url":"https:\/\/product-guide.org\/","name":"Product-Guide.org","description":"What Product are you looking for?","publisher":{"@id":"https:\/\/product-guide.org\/#organization"},"potentialAction":[{"@type":"SearchAction","target":{"@type":"EntryPoint","urlTemplate":"https:\/\/product-guide.org\/?s={search_term_string}"},"query-input":{"@type":"PropertyValueSpecification","valueRequired":true,"valueName":"search_term_string"}}],"inLanguage":"en-GB"},{"@type":"Organization","@id":"https:\/\/product-guide.org\/#organization","name":"Product-Guide.org","url":"https:\/\/product-guide.org\/","logo":{"@type":"ImageObject","inLanguage":"en-GB","@id":"https:\/\/product-guide.org\/#\/schema\/logo\/image\/","url":"https:\/\/product-guide.org\/wp-content\/uploads\/2022\/07\/logo_transparent_background.png","contentUrl":"https:\/\/product-guide.org\/wp-content\/uploads\/2022\/07\/logo_transparent_background.png","width":3400,"height":1132,"caption":"Product-Guide.org"},"image":{"@id":"https:\/\/product-guide.org\/#\/schema\/logo\/image\/"}}]}},"_links":{"self":[{"href":"https:\/\/product-guide.org\/en\/wp-json\/wp\/v2\/product\/58583","targetHints":{"allow":["GET"]}}],"collection":[{"href":"https:\/\/product-guide.org\/en\/wp-json\/wp\/v2\/product"}],"about":[{"href":"https:\/\/product-guide.org\/en\/wp-json\/wp\/v2\/types\/product"}],"wp:featuredmedia":[{"embeddable":true,"href":"https:\/\/product-guide.org\/en\/wp-json\/wp\/v2\/media\/58582"}],"wp:attachment":[{"href":"https:\/\/product-guide.org\/en\/wp-json\/wp\/v2\/media?parent=58583"}],"wp:term":[{"taxonomy":"store","embeddable":true,"href":"https:\/\/product-guide.org\/en\/wp-json\/wp\/v2\/store?post=58583"},{"taxonomy":"product_brand","embeddable":true,"href":"https:\/\/product-guide.org\/en\/wp-json\/wp\/v2\/product_brand?post=58583"},{"taxonomy":"product_cat","embeddable":true,"href":"https:\/\/product-guide.org\/en\/wp-json\/wp\/v2\/product_cat?post=58583"},{"taxonomy":"product_tag","embeddable":true,"href":"https:\/\/product-guide.org\/en\/wp-json\/wp\/v2\/product_tag?post=58583"}],"curies":[{"name":"wp","href":"https:\/\/api.w.org\/{rel}","templated":true}]}}