{"id":58587,"date":"2025-03-17T13:27:15","date_gmt":"2025-03-17T12:27:15","guid":{"rendered":"https:\/\/product-guide.org\/produkt\/9-krautersalze-probier-set-krautergott\/"},"modified":"2025-03-17T13:27:16","modified_gmt":"2025-03-17T12:27:16","slug":"9-krautersalze-probier-set-krautergott","status":"publish","type":"product","link":"https:\/\/product-guide.org\/en\/produkt\/9-krautersalze-probier-set-krautergott\/","title":{"rendered":"9 Kr\u00e4utersalze Probier Set | Kr\u00e4utergott"},"content":{"rendered":"<p>GRATIS VERSAND*9 Kr\u00e4uterGott Mischungen mit Salz in einem Probier SetDu m\u00f6chtest eine gro\u00dfe Auswahl und alles erst einmal probieren? Dann liegst du mit dem 9er Probier Set mit allen Kr\u00e4utersalzen genau richtig. Mit der gro\u00dfen Geschmackspalette unseres Sortiments hast du alles, was du f\u00fcr eine echte Kr\u00e4uter Verkostung brauchst. Also lehne dich zur\u00fcck und lass dich von den unterschiedlichen Geschmacksrichtungen \u00fcberraschen.Das Set besteht aus 11 Proben 1x Wildkr\u00e4utersalz 5g 1x Kr\u00e4utersalz Mediterran 5g 1x Kr\u00e4utersalz Scharfer B\u00e4rlauch 5g 1x Kr\u00e4utersalz Delikate Tomate 5g 1x Kr\u00e4utersalz Kr\u00e4uterzitrone 5g 1x Kr\u00e4uter + Bl\u00fctensalz 5g 1x Mamma Mia! 5g 1x Grill &#038; Kraut 5g 1x Crunchy 5g Und wie bei allen Kr\u00e4uterGott Produkten garantieren wir: 100% Natur 0% Zusatzstoffe Handgefertigt Frisch abgef\u00fcllt bei Bestellung Gesund und nachhaltig Inhaltsstoffe: Wildkr\u00e4utersalz: Meersalz (50%), Schwarzk\u00fcmmel, Brennnesselsamen, Bockshornklee Mediterran: Meersalz (50%), Orgenao, Thymian, Lavendel, Rosmarin, Basilikum, Bohnenkraut Scharfer B\u00e4rlauch: Meersalz (50%), B\u00e4rlauch, Bockshornklee, Pfeffer Delikate Tomate: Meersalz, Basilikum, Oregano, Paprika, Thymian, Knoblauch, getrocknete Tomaten Kr\u00e4uterzitrone: Meersalz (50%), Thymian, Zitronen\u00f6l, Petersilie, Curcuma Kr\u00e4uter + Bl\u00fcten: Meersalz (90%), Ringelblumenbl\u00fcten, Rosenbl\u00fcten, Kornblumenbl\u00fcten, Melissenbl\u00e4tter Mamma Mia!: Meersalz (30%), Getrockneter Knoblauch, Petersilie, Paprikaflocken, Chiliflocken, Kerbel, Zwiebeln Grill &#038; Kraut: Meersalz (50%), Knoblauch, Pfeffer, Paprika, Bohnenkraut, Senfk\u00f6rner, Korianderkraut, Chili, Ingwer, Zimt Crunchy: Ger\u00f6stete Paprika, Zwiebel und Knoblauch (alle mit Sonnenblumen\u00f6l, Rosmarin-Extrakt), Meersalz (8%) Rosmarin, Thymian, Bohnenkraut, Basilikum, Majoran, Petersilie, Schnittlauch *F\u00fcr den internationalen Versand au\u00dferhalb Deutschlands m\u00fcssen wir leider noch einen kleinen Versandaufpreis von 65 Cent berechnen.<\/p>\n","protected":false},"excerpt":{"rendered":"<p>GRATIS VERSAND*9 Kr\u00e4uterGott Mischungen mit Salz in einem Probier SetDu m\u00f6chtest eine gro\u00dfe Auswahl und alles erst einmal probieren? Dann liegst du mit dem 9er Probier Set mit allen Kr\u00e4utersalzen genau richtig. Mit der gro\u00dfen Geschmackspalette unseres Sortiments hast du alles, was du f\u00fcr eine echte Kr\u00e4uter Verkostung brauchst. Also lehne dich zur\u00fcck und lass [&hellip;]<\/p>\n","protected":false},"featured_media":58586,"template":"","meta":{"_gspb_post_css":""},"store":[],"product_brand":[1471],"product_cat":[1290],"product_tag":[],"class_list":{"0":"post-58587","1":"product","2":"type-product","3":"status-publish","4":"has-post-thumbnail","6":"product_brand-krautergott","7":"product_cat-uncategorized","9":"first","10":"instock","11":"shipping-taxable","12":"purchasable","13":"product-type-simple"},"yoast_head":"<!-- This site is optimized with the Yoast SEO plugin v24.6 - https:\/\/yoast.com\/wordpress\/plugins\/seo\/ -->\n<title>9 Kr\u00e4utersalze Probier Set | Kr\u00e4utergott | Product-Guide.org<\/title>\n<meta name=\"description\" content=\"9 Kr\u00e4utersalze Probier Set | Kr\u00e4utergott gefunden von Product-Guide.org\" \/>\n<meta name=\"robots\" content=\"index, follow, max-snippet:-1, max-image-preview:large, max-video-preview:-1\" \/>\n<link rel=\"canonical\" href=\"https:\/\/product-guide.org\/en\/produkt\/9-krautersalze-probier-set-krautergott\/\" \/>\n<meta property=\"og:locale\" content=\"en_GB\" \/>\n<meta property=\"og:type\" content=\"article\" \/>\n<meta property=\"og:title\" content=\"9 Kr\u00e4utersalze Probier Set | Kr\u00e4utergott | Product-Guide.org\" \/>\n<meta property=\"og:description\" content=\"9 Kr\u00e4utersalze Probier Set | Kr\u00e4utergott gefunden von Product-Guide.org\" \/>\n<meta property=\"og:url\" content=\"https:\/\/product-guide.org\/en\/produkt\/9-krautersalze-probier-set-krautergott\/\" \/>\n<meta property=\"og:site_name\" content=\"Product-Guide.org\" \/>\n<meta property=\"article:modified_time\" content=\"2025-03-17T12:27:16+00:00\" \/>\n<meta name=\"twitter:card\" content=\"summary_large_image\" \/>\n<script type=\"application\/ld+json\" class=\"yoast-schema-graph\">{\"@context\":\"https:\/\/schema.org\",\"@graph\":[{\"@type\":\"WebPage\",\"@id\":\"https:\/\/product-guide.org\/produkt\/9-krautersalze-probier-set-krautergott\/\",\"url\":\"https:\/\/product-guide.org\/produkt\/9-krautersalze-probier-set-krautergott\/\",\"name\":\"9 Kr\u00e4utersalze Probier Set | Kr\u00e4utergott | Product-Guide.org\",\"isPartOf\":{\"@id\":\"https:\/\/product-guide.org\/#website\"},\"primaryImageOfPage\":{\"@id\":\"https:\/\/product-guide.org\/produkt\/9-krautersalze-probier-set-krautergott\/#primaryimage\"},\"image\":{\"@id\":\"https:\/\/product-guide.org\/produkt\/9-krautersalze-probier-set-krautergott\/#primaryimage\"},\"thumbnailUrl\":\"https:\/\/product-guide.org\/wp-content\/uploads\/2025\/03\/KrauterGott_9erProbeset_kraeutersalze.jpg\",\"datePublished\":\"2025-03-17T12:27:15+00:00\",\"dateModified\":\"2025-03-17T12:27:16+00:00\",\"description\":\"9 Kr\u00e4utersalze Probier Set | Kr\u00e4utergott gefunden von Product-Guide.org\",\"breadcrumb\":{\"@id\":\"https:\/\/product-guide.org\/produkt\/9-krautersalze-probier-set-krautergott\/#breadcrumb\"},\"inLanguage\":\"en-GB\",\"potentialAction\":[{\"@type\":\"ReadAction\",\"target\":[\"https:\/\/product-guide.org\/produkt\/9-krautersalze-probier-set-krautergott\/\"]}]},{\"@type\":\"ImageObject\",\"inLanguage\":\"en-GB\",\"@id\":\"https:\/\/product-guide.org\/produkt\/9-krautersalze-probier-set-krautergott\/#primaryimage\",\"url\":\"https:\/\/product-guide.org\/wp-content\/uploads\/2025\/03\/KrauterGott_9erProbeset_kraeutersalze.jpg\",\"contentUrl\":\"https:\/\/product-guide.org\/wp-content\/uploads\/2025\/03\/KrauterGott_9erProbeset_kraeutersalze.jpg\",\"width\":1001,\"height\":1001},{\"@type\":\"BreadcrumbList\",\"@id\":\"https:\/\/product-guide.org\/produkt\/9-krautersalze-probier-set-krautergott\/#breadcrumb\",\"itemListElement\":[{\"@type\":\"ListItem\",\"position\":1,\"name\":\"Home\",\"item\":\"https:\/\/product-guide.org\/\"},{\"@type\":\"ListItem\",\"position\":2,\"name\":\"Ergebnisse\",\"item\":\"https:\/\/product-guide.org\/de\/ergebnisse\/\"},{\"@type\":\"ListItem\",\"position\":3,\"name\":\"9 Kr\u00e4utersalze Probier Set | Kr\u00e4utergott\"}]},{\"@type\":\"WebSite\",\"@id\":\"https:\/\/product-guide.org\/#website\",\"url\":\"https:\/\/product-guide.org\/\",\"name\":\"Product-Guide.org\",\"description\":\"What Product are you looking for?\",\"publisher\":{\"@id\":\"https:\/\/product-guide.org\/#organization\"},\"potentialAction\":[{\"@type\":\"SearchAction\",\"target\":{\"@type\":\"EntryPoint\",\"urlTemplate\":\"https:\/\/product-guide.org\/?s={search_term_string}\"},\"query-input\":{\"@type\":\"PropertyValueSpecification\",\"valueRequired\":true,\"valueName\":\"search_term_string\"}}],\"inLanguage\":\"en-GB\"},{\"@type\":\"Organization\",\"@id\":\"https:\/\/product-guide.org\/#organization\",\"name\":\"Product-Guide.org\",\"url\":\"https:\/\/product-guide.org\/\",\"logo\":{\"@type\":\"ImageObject\",\"inLanguage\":\"en-GB\",\"@id\":\"https:\/\/product-guide.org\/#\/schema\/logo\/image\/\",\"url\":\"https:\/\/product-guide.org\/wp-content\/uploads\/2022\/07\/logo_transparent_background.png\",\"contentUrl\":\"https:\/\/product-guide.org\/wp-content\/uploads\/2022\/07\/logo_transparent_background.png\",\"width\":3400,\"height\":1132,\"caption\":\"Product-Guide.org\"},\"image\":{\"@id\":\"https:\/\/product-guide.org\/#\/schema\/logo\/image\/\"}}]}<\/script>\n<!-- \/ Yoast SEO plugin. -->","yoast_head_json":{"title":"9 Kr\u00e4utersalze Probier Set | Kr\u00e4utergott | Product-Guide.org","description":"9 Kr\u00e4utersalze Probier Set | Kr\u00e4utergott gefunden von Product-Guide.org","robots":{"index":"index","follow":"follow","max-snippet":"max-snippet:-1","max-image-preview":"max-image-preview:large","max-video-preview":"max-video-preview:-1"},"canonical":"https:\/\/product-guide.org\/en\/produkt\/9-krautersalze-probier-set-krautergott\/","og_locale":"en_GB","og_type":"article","og_title":"9 Kr\u00e4utersalze Probier Set | Kr\u00e4utergott | Product-Guide.org","og_description":"9 Kr\u00e4utersalze Probier Set | Kr\u00e4utergott gefunden von Product-Guide.org","og_url":"https:\/\/product-guide.org\/en\/produkt\/9-krautersalze-probier-set-krautergott\/","og_site_name":"Product-Guide.org","article_modified_time":"2025-03-17T12:27:16+00:00","twitter_card":"summary_large_image","schema":{"@context":"https:\/\/schema.org","@graph":[{"@type":"WebPage","@id":"https:\/\/product-guide.org\/produkt\/9-krautersalze-probier-set-krautergott\/","url":"https:\/\/product-guide.org\/produkt\/9-krautersalze-probier-set-krautergott\/","name":"9 Kr\u00e4utersalze Probier Set | Kr\u00e4utergott | Product-Guide.org","isPartOf":{"@id":"https:\/\/product-guide.org\/#website"},"primaryImageOfPage":{"@id":"https:\/\/product-guide.org\/produkt\/9-krautersalze-probier-set-krautergott\/#primaryimage"},"image":{"@id":"https:\/\/product-guide.org\/produkt\/9-krautersalze-probier-set-krautergott\/#primaryimage"},"thumbnailUrl":"https:\/\/product-guide.org\/wp-content\/uploads\/2025\/03\/KrauterGott_9erProbeset_kraeutersalze.jpg","datePublished":"2025-03-17T12:27:15+00:00","dateModified":"2025-03-17T12:27:16+00:00","description":"9 Kr\u00e4utersalze Probier Set | Kr\u00e4utergott gefunden von Product-Guide.org","breadcrumb":{"@id":"https:\/\/product-guide.org\/produkt\/9-krautersalze-probier-set-krautergott\/#breadcrumb"},"inLanguage":"en-GB","potentialAction":[{"@type":"ReadAction","target":["https:\/\/product-guide.org\/produkt\/9-krautersalze-probier-set-krautergott\/"]}]},{"@type":"ImageObject","inLanguage":"en-GB","@id":"https:\/\/product-guide.org\/produkt\/9-krautersalze-probier-set-krautergott\/#primaryimage","url":"https:\/\/product-guide.org\/wp-content\/uploads\/2025\/03\/KrauterGott_9erProbeset_kraeutersalze.jpg","contentUrl":"https:\/\/product-guide.org\/wp-content\/uploads\/2025\/03\/KrauterGott_9erProbeset_kraeutersalze.jpg","width":1001,"height":1001},{"@type":"BreadcrumbList","@id":"https:\/\/product-guide.org\/produkt\/9-krautersalze-probier-set-krautergott\/#breadcrumb","itemListElement":[{"@type":"ListItem","position":1,"name":"Home","item":"https:\/\/product-guide.org\/"},{"@type":"ListItem","position":2,"name":"Ergebnisse","item":"https:\/\/product-guide.org\/de\/ergebnisse\/"},{"@type":"ListItem","position":3,"name":"9 Kr\u00e4utersalze Probier Set | Kr\u00e4utergott"}]},{"@type":"WebSite","@id":"https:\/\/product-guide.org\/#website","url":"https:\/\/product-guide.org\/","name":"Product-Guide.org","description":"What Product are you looking for?","publisher":{"@id":"https:\/\/product-guide.org\/#organization"},"potentialAction":[{"@type":"SearchAction","target":{"@type":"EntryPoint","urlTemplate":"https:\/\/product-guide.org\/?s={search_term_string}"},"query-input":{"@type":"PropertyValueSpecification","valueRequired":true,"valueName":"search_term_string"}}],"inLanguage":"en-GB"},{"@type":"Organization","@id":"https:\/\/product-guide.org\/#organization","name":"Product-Guide.org","url":"https:\/\/product-guide.org\/","logo":{"@type":"ImageObject","inLanguage":"en-GB","@id":"https:\/\/product-guide.org\/#\/schema\/logo\/image\/","url":"https:\/\/product-guide.org\/wp-content\/uploads\/2022\/07\/logo_transparent_background.png","contentUrl":"https:\/\/product-guide.org\/wp-content\/uploads\/2022\/07\/logo_transparent_background.png","width":3400,"height":1132,"caption":"Product-Guide.org"},"image":{"@id":"https:\/\/product-guide.org\/#\/schema\/logo\/image\/"}}]}},"_links":{"self":[{"href":"https:\/\/product-guide.org\/en\/wp-json\/wp\/v2\/product\/58587","targetHints":{"allow":["GET"]}}],"collection":[{"href":"https:\/\/product-guide.org\/en\/wp-json\/wp\/v2\/product"}],"about":[{"href":"https:\/\/product-guide.org\/en\/wp-json\/wp\/v2\/types\/product"}],"wp:featuredmedia":[{"embeddable":true,"href":"https:\/\/product-guide.org\/en\/wp-json\/wp\/v2\/media\/58586"}],"wp:attachment":[{"href":"https:\/\/product-guide.org\/en\/wp-json\/wp\/v2\/media?parent=58587"}],"wp:term":[{"taxonomy":"store","embeddable":true,"href":"https:\/\/product-guide.org\/en\/wp-json\/wp\/v2\/store?post=58587"},{"taxonomy":"product_brand","embeddable":true,"href":"https:\/\/product-guide.org\/en\/wp-json\/wp\/v2\/product_brand?post=58587"},{"taxonomy":"product_cat","embeddable":true,"href":"https:\/\/product-guide.org\/en\/wp-json\/wp\/v2\/product_cat?post=58587"},{"taxonomy":"product_tag","embeddable":true,"href":"https:\/\/product-guide.org\/en\/wp-json\/wp\/v2\/product_tag?post=58587"}],"curies":[{"name":"wp","href":"https:\/\/api.w.org\/{rel}","templated":true}]}}