{"id":58589,"date":"2025-03-17T13:27:18","date_gmt":"2025-03-17T12:27:18","guid":{"rendered":"https:\/\/product-guide.org\/produkt\/krautergott-probier-abo-krautergott\/"},"modified":"2025-03-17T13:27:18","modified_gmt":"2025-03-17T12:27:18","slug":"krautergott-probier-abo-krautergott","status":"publish","type":"product","link":"https:\/\/product-guide.org\/en\/produkt\/krautergott-probier-abo-krautergott\/","title":{"rendered":"Kr\u00e4uterGott Probier Abo | Kr\u00e4utergott"},"content":{"rendered":"<p>Jeden Monat eine neue Mischung zum Probieren &#8211; vor allen anderen! Mit dem Probier-Abo tauchst du ein in die Erlebniswelt der Kr\u00e4uter und Gew\u00fcrze und wirst Teil unserer Produktentwicklung. Als AbonnentIn genie\u00dft du exklusive Vorteile Bei Bestellung eines Abos erh\u00e4ltst du eine 10g-Probe unserer neuesten Mischung Hola Espa\u00f1a direkt zugeschickt Danach erh\u00e4ltst du monatlich eine neue Mischung, die es noch nicht zu kaufen gibt (Deine 2. Probe versenden wir also 30 Tage nach der ersten Probe) Du erh\u00e4ltst immer 10g zum Probieren, anstatt der bei Probiert\u00fctchen \u00fcblichen 5g Du sparst 17% gegen\u00fcber dem Kauf einzelner Probet\u00fctchen Mit jeder Probe erh\u00e4ltst du eine Rezeptidee und einen \u00fcbersichtlichen Probier Fragebogen, um deine Probier Erfahrungen festzuhalten Dein Probier Feedback flie\u00dft mit in die Entscheidung ein, ob das Produkt in Produktion geht oder weiter optimiert wird Es fallen keine zus\u00e4tzlichen Versandkosten an Wie funktioniert die Abrechnung? Wir senden dir automatisch jeden Monat eine neue Probe zu und buchen den monatlichen Betrag von 2,99 \u20ac von deiner Kreditkarte bzw. deinem Paypal Konto ab. Wie lange l\u00e4uft das Abo? Die Abo Laufzeit ist unbegrenzt. Du kannst dein Abo aber jederzeit ohne Angabe von Gr\u00fcnden stoppen oder pausieren. Schicke uns dazu einfach eine Nachricht an bestellung@kraeutergott.de oder rufe unsere Hotline an. Du findest deine Abos auch in deinem Kundenkonto \u00fcber den Link &#8220;Subscriptions&#8221;. Dort kannst du dein Abos jederzeit pausieren, beenden und reaktivieren.<\/p>\n","protected":false},"excerpt":{"rendered":"<p>Jeden Monat eine neue Mischung zum Probieren &#8211; vor allen anderen! Mit dem Probier-Abo tauchst du ein in die Erlebniswelt der Kr\u00e4uter und Gew\u00fcrze und wirst Teil unserer Produktentwicklung. Als AbonnentIn genie\u00dft du exklusive Vorteile Bei Bestellung eines Abos erh\u00e4ltst du eine 10g-Probe unserer neuesten Mischung Hola Espa\u00f1a direkt zugeschickt Danach erh\u00e4ltst du monatlich eine [&hellip;]<\/p>\n","protected":false},"featured_media":58588,"template":"","meta":{"_gspb_post_css":""},"store":[],"product_brand":[1471],"product_cat":[1290],"product_tag":[],"class_list":{"0":"post-58589","1":"product","2":"type-product","3":"status-publish","4":"has-post-thumbnail","6":"product_brand-krautergott","7":"product_cat-uncategorized","9":"first","10":"instock","11":"shipping-taxable","12":"purchasable","13":"product-type-simple"},"yoast_head":"<!-- This site is optimized with the Yoast SEO plugin v24.6 - https:\/\/yoast.com\/wordpress\/plugins\/seo\/ -->\n<title>Kr\u00e4uterGott Probier Abo | Kr\u00e4utergott | Product-Guide.org<\/title>\n<meta name=\"description\" content=\"Kr\u00e4uterGott Probier Abo | Kr\u00e4utergott gefunden von Product-Guide.org\" \/>\n<meta name=\"robots\" content=\"index, follow, max-snippet:-1, max-image-preview:large, max-video-preview:-1\" \/>\n<link rel=\"canonical\" href=\"https:\/\/product-guide.org\/en\/produkt\/krautergott-probier-abo-krautergott\/\" \/>\n<meta property=\"og:locale\" content=\"en_GB\" \/>\n<meta property=\"og:type\" content=\"article\" \/>\n<meta property=\"og:title\" content=\"Kr\u00e4uterGott Probier Abo | Kr\u00e4utergott | Product-Guide.org\" \/>\n<meta property=\"og:description\" content=\"Kr\u00e4uterGott Probier Abo | Kr\u00e4utergott gefunden von Product-Guide.org\" \/>\n<meta property=\"og:url\" content=\"https:\/\/product-guide.org\/en\/produkt\/krautergott-probier-abo-krautergott\/\" \/>\n<meta property=\"og:site_name\" content=\"Product-Guide.org\" \/>\n<meta name=\"twitter:card\" content=\"summary_large_image\" \/>\n<script type=\"application\/ld+json\" class=\"yoast-schema-graph\">{\"@context\":\"https:\/\/schema.org\",\"@graph\":[{\"@type\":\"WebPage\",\"@id\":\"https:\/\/product-guide.org\/produkt\/krautergott-probier-abo-krautergott\/\",\"url\":\"https:\/\/product-guide.org\/produkt\/krautergott-probier-abo-krautergott\/\",\"name\":\"Kr\u00e4uterGott Probier Abo | Kr\u00e4utergott | Product-Guide.org\",\"isPartOf\":{\"@id\":\"https:\/\/product-guide.org\/#website\"},\"primaryImageOfPage\":{\"@id\":\"https:\/\/product-guide.org\/produkt\/krautergott-probier-abo-krautergott\/#primaryimage\"},\"image\":{\"@id\":\"https:\/\/product-guide.org\/produkt\/krautergott-probier-abo-krautergott\/#primaryimage\"},\"thumbnailUrl\":\"https:\/\/product-guide.org\/wp-content\/uploads\/2025\/03\/Kraeutergott_Probierab_Hola_Espana.jpg\",\"datePublished\":\"2025-03-17T12:27:18+00:00\",\"description\":\"Kr\u00e4uterGott Probier Abo | Kr\u00e4utergott gefunden von Product-Guide.org\",\"breadcrumb\":{\"@id\":\"https:\/\/product-guide.org\/produkt\/krautergott-probier-abo-krautergott\/#breadcrumb\"},\"inLanguage\":\"en-GB\",\"potentialAction\":[{\"@type\":\"ReadAction\",\"target\":[\"https:\/\/product-guide.org\/produkt\/krautergott-probier-abo-krautergott\/\"]}]},{\"@type\":\"ImageObject\",\"inLanguage\":\"en-GB\",\"@id\":\"https:\/\/product-guide.org\/produkt\/krautergott-probier-abo-krautergott\/#primaryimage\",\"url\":\"https:\/\/product-guide.org\/wp-content\/uploads\/2025\/03\/Kraeutergott_Probierab_Hola_Espana.jpg\",\"contentUrl\":\"https:\/\/product-guide.org\/wp-content\/uploads\/2025\/03\/Kraeutergott_Probierab_Hola_Espana.jpg\",\"width\":1532,\"height\":1532},{\"@type\":\"BreadcrumbList\",\"@id\":\"https:\/\/product-guide.org\/produkt\/krautergott-probier-abo-krautergott\/#breadcrumb\",\"itemListElement\":[{\"@type\":\"ListItem\",\"position\":1,\"name\":\"Home\",\"item\":\"https:\/\/product-guide.org\/\"},{\"@type\":\"ListItem\",\"position\":2,\"name\":\"Ergebnisse\",\"item\":\"https:\/\/product-guide.org\/de\/ergebnisse\/\"},{\"@type\":\"ListItem\",\"position\":3,\"name\":\"Kr\u00e4uterGott Probier Abo | Kr\u00e4utergott\"}]},{\"@type\":\"WebSite\",\"@id\":\"https:\/\/product-guide.org\/#website\",\"url\":\"https:\/\/product-guide.org\/\",\"name\":\"Product-Guide.org\",\"description\":\"What Product are you looking for?\",\"publisher\":{\"@id\":\"https:\/\/product-guide.org\/#organization\"},\"potentialAction\":[{\"@type\":\"SearchAction\",\"target\":{\"@type\":\"EntryPoint\",\"urlTemplate\":\"https:\/\/product-guide.org\/?s={search_term_string}\"},\"query-input\":{\"@type\":\"PropertyValueSpecification\",\"valueRequired\":true,\"valueName\":\"search_term_string\"}}],\"inLanguage\":\"en-GB\"},{\"@type\":\"Organization\",\"@id\":\"https:\/\/product-guide.org\/#organization\",\"name\":\"Product-Guide.org\",\"url\":\"https:\/\/product-guide.org\/\",\"logo\":{\"@type\":\"ImageObject\",\"inLanguage\":\"en-GB\",\"@id\":\"https:\/\/product-guide.org\/#\/schema\/logo\/image\/\",\"url\":\"https:\/\/product-guide.org\/wp-content\/uploads\/2022\/07\/logo_transparent_background.png\",\"contentUrl\":\"https:\/\/product-guide.org\/wp-content\/uploads\/2022\/07\/logo_transparent_background.png\",\"width\":3400,\"height\":1132,\"caption\":\"Product-Guide.org\"},\"image\":{\"@id\":\"https:\/\/product-guide.org\/#\/schema\/logo\/image\/\"}}]}<\/script>\n<!-- \/ Yoast SEO plugin. -->","yoast_head_json":{"title":"Kr\u00e4uterGott Probier Abo | Kr\u00e4utergott | Product-Guide.org","description":"Kr\u00e4uterGott Probier Abo | Kr\u00e4utergott gefunden von Product-Guide.org","robots":{"index":"index","follow":"follow","max-snippet":"max-snippet:-1","max-image-preview":"max-image-preview:large","max-video-preview":"max-video-preview:-1"},"canonical":"https:\/\/product-guide.org\/en\/produkt\/krautergott-probier-abo-krautergott\/","og_locale":"en_GB","og_type":"article","og_title":"Kr\u00e4uterGott Probier Abo | Kr\u00e4utergott | Product-Guide.org","og_description":"Kr\u00e4uterGott Probier Abo | Kr\u00e4utergott gefunden von Product-Guide.org","og_url":"https:\/\/product-guide.org\/en\/produkt\/krautergott-probier-abo-krautergott\/","og_site_name":"Product-Guide.org","twitter_card":"summary_large_image","schema":{"@context":"https:\/\/schema.org","@graph":[{"@type":"WebPage","@id":"https:\/\/product-guide.org\/produkt\/krautergott-probier-abo-krautergott\/","url":"https:\/\/product-guide.org\/produkt\/krautergott-probier-abo-krautergott\/","name":"Kr\u00e4uterGott Probier Abo | Kr\u00e4utergott | Product-Guide.org","isPartOf":{"@id":"https:\/\/product-guide.org\/#website"},"primaryImageOfPage":{"@id":"https:\/\/product-guide.org\/produkt\/krautergott-probier-abo-krautergott\/#primaryimage"},"image":{"@id":"https:\/\/product-guide.org\/produkt\/krautergott-probier-abo-krautergott\/#primaryimage"},"thumbnailUrl":"https:\/\/product-guide.org\/wp-content\/uploads\/2025\/03\/Kraeutergott_Probierab_Hola_Espana.jpg","datePublished":"2025-03-17T12:27:18+00:00","description":"Kr\u00e4uterGott Probier Abo | Kr\u00e4utergott gefunden von Product-Guide.org","breadcrumb":{"@id":"https:\/\/product-guide.org\/produkt\/krautergott-probier-abo-krautergott\/#breadcrumb"},"inLanguage":"en-GB","potentialAction":[{"@type":"ReadAction","target":["https:\/\/product-guide.org\/produkt\/krautergott-probier-abo-krautergott\/"]}]},{"@type":"ImageObject","inLanguage":"en-GB","@id":"https:\/\/product-guide.org\/produkt\/krautergott-probier-abo-krautergott\/#primaryimage","url":"https:\/\/product-guide.org\/wp-content\/uploads\/2025\/03\/Kraeutergott_Probierab_Hola_Espana.jpg","contentUrl":"https:\/\/product-guide.org\/wp-content\/uploads\/2025\/03\/Kraeutergott_Probierab_Hola_Espana.jpg","width":1532,"height":1532},{"@type":"BreadcrumbList","@id":"https:\/\/product-guide.org\/produkt\/krautergott-probier-abo-krautergott\/#breadcrumb","itemListElement":[{"@type":"ListItem","position":1,"name":"Home","item":"https:\/\/product-guide.org\/"},{"@type":"ListItem","position":2,"name":"Ergebnisse","item":"https:\/\/product-guide.org\/de\/ergebnisse\/"},{"@type":"ListItem","position":3,"name":"Kr\u00e4uterGott Probier Abo | Kr\u00e4utergott"}]},{"@type":"WebSite","@id":"https:\/\/product-guide.org\/#website","url":"https:\/\/product-guide.org\/","name":"Product-Guide.org","description":"What Product are you looking for?","publisher":{"@id":"https:\/\/product-guide.org\/#organization"},"potentialAction":[{"@type":"SearchAction","target":{"@type":"EntryPoint","urlTemplate":"https:\/\/product-guide.org\/?s={search_term_string}"},"query-input":{"@type":"PropertyValueSpecification","valueRequired":true,"valueName":"search_term_string"}}],"inLanguage":"en-GB"},{"@type":"Organization","@id":"https:\/\/product-guide.org\/#organization","name":"Product-Guide.org","url":"https:\/\/product-guide.org\/","logo":{"@type":"ImageObject","inLanguage":"en-GB","@id":"https:\/\/product-guide.org\/#\/schema\/logo\/image\/","url":"https:\/\/product-guide.org\/wp-content\/uploads\/2022\/07\/logo_transparent_background.png","contentUrl":"https:\/\/product-guide.org\/wp-content\/uploads\/2022\/07\/logo_transparent_background.png","width":3400,"height":1132,"caption":"Product-Guide.org"},"image":{"@id":"https:\/\/product-guide.org\/#\/schema\/logo\/image\/"}}]}},"_links":{"self":[{"href":"https:\/\/product-guide.org\/en\/wp-json\/wp\/v2\/product\/58589","targetHints":{"allow":["GET"]}}],"collection":[{"href":"https:\/\/product-guide.org\/en\/wp-json\/wp\/v2\/product"}],"about":[{"href":"https:\/\/product-guide.org\/en\/wp-json\/wp\/v2\/types\/product"}],"wp:featuredmedia":[{"embeddable":true,"href":"https:\/\/product-guide.org\/en\/wp-json\/wp\/v2\/media\/58588"}],"wp:attachment":[{"href":"https:\/\/product-guide.org\/en\/wp-json\/wp\/v2\/media?parent=58589"}],"wp:term":[{"taxonomy":"store","embeddable":true,"href":"https:\/\/product-guide.org\/en\/wp-json\/wp\/v2\/store?post=58589"},{"taxonomy":"product_brand","embeddable":true,"href":"https:\/\/product-guide.org\/en\/wp-json\/wp\/v2\/product_brand?post=58589"},{"taxonomy":"product_cat","embeddable":true,"href":"https:\/\/product-guide.org\/en\/wp-json\/wp\/v2\/product_cat?post=58589"},{"taxonomy":"product_tag","embeddable":true,"href":"https:\/\/product-guide.org\/en\/wp-json\/wp\/v2\/product_tag?post=58589"}],"curies":[{"name":"wp","href":"https:\/\/api.w.org\/{rel}","templated":true}]}}