{"id":58597,"date":"2025-03-17T13:27:29","date_gmt":"2025-03-17T12:27:29","guid":{"rendered":"https:\/\/product-guide.org\/produkt\/5-krautermischungen-probier-set-ohne-salz-krautergott\/"},"modified":"2025-03-17T13:27:29","modified_gmt":"2025-03-17T12:27:29","slug":"5-krautermischungen-probier-set-ohne-salz-krautergott","status":"publish","type":"product","link":"https:\/\/product-guide.org\/en\/produkt\/5-krautermischungen-probier-set-ohne-salz-krautergott\/","title":{"rendered":"5 Kr\u00e4utermischungen Probier Set &#8211; ohne Salz | Kr\u00e4utergott"},"content":{"rendered":"<p>GRATIS VERSAND* Die Kr\u00e4uter-Weltreise in einem Probeset Mit den 5 Kr\u00e4utermischungen ohne Salz holst du dir ein St\u00fcck Urlaub in deine K\u00fcche. Teste unsere Kreationen , die wir gemeinsam mit Lorenzo (Italien), Marwan (Syrien), Ignacio (Spanien), Angelos (Griechenland) und Marianna (Schweiz) entworfen haben und gehe auf deine ganz pers\u00f6nliche Geschmacksreise. Deine Favoriten kannst du dir dann ganz einfach im sch\u00f6nen 50g Glas mit Korkverschluss bestellen. Das Set besteht aus 4 Proben 1x Gold des Orients 5g 1x Bella Italia 5g 1x Hola Espa\u00f1a 5g 1x Hellas 5g 1x Hopp Schwiiz 5g Und wie bei allen Kr\u00e4uterGott Produkten garantieren wir: 100% Natur 0% Zusatzstoffe Handgefertigt Frisch abgef\u00fcllt bei Bestellung Gesund und nachhaltig Inhaltsstoffe: Gold des Orients: Thymian, Sesam, Sumach Hellas: Knoblauch, Minze, Melisse, Salbei, Petersilie, Zwiebeln, Bohnenkraut Hola Espa\u00f1a: Tomaten, Knoblauch, Paprika, Muskat, Kreuzk\u00fcmmel, Rosmarin, Thymian, schwarzer Pfeffer Bella Italia: Getrockneter Knoblauch, Petersilie, Paprikaflocken, Chiliflocken und Kerbel Hopp Schwiiz: Zwiebeln, Thymian, Petersilie, Paprika, Salbei, Majoran, Estragon, Pfeffer, Knoblauch *F\u00fcr den internationalen Versand au\u00dferhalb Deutschlands m\u00fcssen wir leider noch einen kleinen Versandaufpreis von 65 Cent berechnen.<\/p>\n","protected":false},"excerpt":{"rendered":"<p>GRATIS VERSAND* Die Kr\u00e4uter-Weltreise in einem Probeset Mit den 5 Kr\u00e4utermischungen ohne Salz holst du dir ein St\u00fcck Urlaub in deine K\u00fcche. Teste unsere Kreationen , die wir gemeinsam mit Lorenzo (Italien), Marwan (Syrien), Ignacio (Spanien), Angelos (Griechenland) und Marianna (Schweiz) entworfen haben und gehe auf deine ganz pers\u00f6nliche Geschmacksreise. Deine Favoriten kannst du dir [&hellip;]<\/p>\n","protected":false},"featured_media":58596,"template":"","meta":{"_gspb_post_css":""},"store":[],"product_brand":[1471],"product_cat":[1290],"product_tag":[],"class_list":{"0":"post-58597","1":"product","2":"type-product","3":"status-publish","4":"has-post-thumbnail","6":"product_brand-krautergott","7":"product_cat-uncategorized","9":"first","10":"instock","11":"shipping-taxable","12":"purchasable","13":"product-type-simple"},"yoast_head":"<!-- This site is optimized with the Yoast SEO plugin v24.6 - https:\/\/yoast.com\/wordpress\/plugins\/seo\/ -->\n<title>5 Kr\u00e4utermischungen Probier Set - ohne Salz | Kr\u00e4utergott | Product-Guide.org<\/title>\n<meta name=\"description\" content=\"5 Kr\u00e4utermischungen Probier Set - ohne Salz | Kr\u00e4utergott gefunden von Product-Guide.org\" \/>\n<meta name=\"robots\" content=\"index, follow, max-snippet:-1, max-image-preview:large, max-video-preview:-1\" \/>\n<link rel=\"canonical\" href=\"https:\/\/product-guide.org\/en\/produkt\/5-krautermischungen-probier-set-ohne-salz-krautergott\/\" \/>\n<meta property=\"og:locale\" content=\"en_GB\" \/>\n<meta property=\"og:type\" content=\"article\" \/>\n<meta property=\"og:title\" content=\"5 Kr\u00e4utermischungen Probier Set - ohne Salz | Kr\u00e4utergott | Product-Guide.org\" \/>\n<meta property=\"og:description\" content=\"5 Kr\u00e4utermischungen Probier Set - ohne Salz | Kr\u00e4utergott gefunden von Product-Guide.org\" \/>\n<meta property=\"og:url\" content=\"https:\/\/product-guide.org\/en\/produkt\/5-krautermischungen-probier-set-ohne-salz-krautergott\/\" \/>\n<meta property=\"og:site_name\" content=\"Product-Guide.org\" \/>\n<meta name=\"twitter:card\" content=\"summary_large_image\" \/>\n<script type=\"application\/ld+json\" class=\"yoast-schema-graph\">{\"@context\":\"https:\/\/schema.org\",\"@graph\":[{\"@type\":\"WebPage\",\"@id\":\"https:\/\/product-guide.org\/produkt\/5-krautermischungen-probier-set-ohne-salz-krautergott\/\",\"url\":\"https:\/\/product-guide.org\/produkt\/5-krautermischungen-probier-set-ohne-salz-krautergott\/\",\"name\":\"5 Kr\u00e4utermischungen Probier Set - ohne Salz | Kr\u00e4utergott | Product-Guide.org\",\"isPartOf\":{\"@id\":\"https:\/\/product-guide.org\/#website\"},\"primaryImageOfPage\":{\"@id\":\"https:\/\/product-guide.org\/produkt\/5-krautermischungen-probier-set-ohne-salz-krautergott\/#primaryimage\"},\"image\":{\"@id\":\"https:\/\/product-guide.org\/produkt\/5-krautermischungen-probier-set-ohne-salz-krautergott\/#primaryimage\"},\"thumbnailUrl\":\"https:\/\/product-guide.org\/wp-content\/uploads\/2025\/03\/5-Krautermischungen_Probier_Set.jpg\",\"datePublished\":\"2025-03-17T12:27:29+00:00\",\"description\":\"5 Kr\u00e4utermischungen Probier Set - ohne Salz | Kr\u00e4utergott gefunden von Product-Guide.org\",\"breadcrumb\":{\"@id\":\"https:\/\/product-guide.org\/produkt\/5-krautermischungen-probier-set-ohne-salz-krautergott\/#breadcrumb\"},\"inLanguage\":\"en-GB\",\"potentialAction\":[{\"@type\":\"ReadAction\",\"target\":[\"https:\/\/product-guide.org\/produkt\/5-krautermischungen-probier-set-ohne-salz-krautergott\/\"]}]},{\"@type\":\"ImageObject\",\"inLanguage\":\"en-GB\",\"@id\":\"https:\/\/product-guide.org\/produkt\/5-krautermischungen-probier-set-ohne-salz-krautergott\/#primaryimage\",\"url\":\"https:\/\/product-guide.org\/wp-content\/uploads\/2025\/03\/5-Krautermischungen_Probier_Set.jpg\",\"contentUrl\":\"https:\/\/product-guide.org\/wp-content\/uploads\/2025\/03\/5-Krautermischungen_Probier_Set.jpg\",\"width\":1750,\"height\":1750},{\"@type\":\"BreadcrumbList\",\"@id\":\"https:\/\/product-guide.org\/produkt\/5-krautermischungen-probier-set-ohne-salz-krautergott\/#breadcrumb\",\"itemListElement\":[{\"@type\":\"ListItem\",\"position\":1,\"name\":\"Home\",\"item\":\"https:\/\/product-guide.org\/\"},{\"@type\":\"ListItem\",\"position\":2,\"name\":\"Ergebnisse\",\"item\":\"https:\/\/product-guide.org\/de\/ergebnisse\/\"},{\"@type\":\"ListItem\",\"position\":3,\"name\":\"5 Kr\u00e4utermischungen Probier Set &#8211; ohne Salz | Kr\u00e4utergott\"}]},{\"@type\":\"WebSite\",\"@id\":\"https:\/\/product-guide.org\/#website\",\"url\":\"https:\/\/product-guide.org\/\",\"name\":\"Product-Guide.org\",\"description\":\"What Product are you looking for?\",\"publisher\":{\"@id\":\"https:\/\/product-guide.org\/#organization\"},\"potentialAction\":[{\"@type\":\"SearchAction\",\"target\":{\"@type\":\"EntryPoint\",\"urlTemplate\":\"https:\/\/product-guide.org\/?s={search_term_string}\"},\"query-input\":{\"@type\":\"PropertyValueSpecification\",\"valueRequired\":true,\"valueName\":\"search_term_string\"}}],\"inLanguage\":\"en-GB\"},{\"@type\":\"Organization\",\"@id\":\"https:\/\/product-guide.org\/#organization\",\"name\":\"Product-Guide.org\",\"url\":\"https:\/\/product-guide.org\/\",\"logo\":{\"@type\":\"ImageObject\",\"inLanguage\":\"en-GB\",\"@id\":\"https:\/\/product-guide.org\/#\/schema\/logo\/image\/\",\"url\":\"https:\/\/product-guide.org\/wp-content\/uploads\/2022\/07\/logo_transparent_background.png\",\"contentUrl\":\"https:\/\/product-guide.org\/wp-content\/uploads\/2022\/07\/logo_transparent_background.png\",\"width\":3400,\"height\":1132,\"caption\":\"Product-Guide.org\"},\"image\":{\"@id\":\"https:\/\/product-guide.org\/#\/schema\/logo\/image\/\"}}]}<\/script>\n<!-- \/ Yoast SEO plugin. -->","yoast_head_json":{"title":"5 Kr\u00e4utermischungen Probier Set - ohne Salz | Kr\u00e4utergott | Product-Guide.org","description":"5 Kr\u00e4utermischungen Probier Set - ohne Salz | Kr\u00e4utergott gefunden von Product-Guide.org","robots":{"index":"index","follow":"follow","max-snippet":"max-snippet:-1","max-image-preview":"max-image-preview:large","max-video-preview":"max-video-preview:-1"},"canonical":"https:\/\/product-guide.org\/en\/produkt\/5-krautermischungen-probier-set-ohne-salz-krautergott\/","og_locale":"en_GB","og_type":"article","og_title":"5 Kr\u00e4utermischungen Probier Set - ohne Salz | Kr\u00e4utergott | Product-Guide.org","og_description":"5 Kr\u00e4utermischungen Probier Set - ohne Salz | Kr\u00e4utergott gefunden von Product-Guide.org","og_url":"https:\/\/product-guide.org\/en\/produkt\/5-krautermischungen-probier-set-ohne-salz-krautergott\/","og_site_name":"Product-Guide.org","twitter_card":"summary_large_image","schema":{"@context":"https:\/\/schema.org","@graph":[{"@type":"WebPage","@id":"https:\/\/product-guide.org\/produkt\/5-krautermischungen-probier-set-ohne-salz-krautergott\/","url":"https:\/\/product-guide.org\/produkt\/5-krautermischungen-probier-set-ohne-salz-krautergott\/","name":"5 Kr\u00e4utermischungen Probier Set - ohne Salz | Kr\u00e4utergott | Product-Guide.org","isPartOf":{"@id":"https:\/\/product-guide.org\/#website"},"primaryImageOfPage":{"@id":"https:\/\/product-guide.org\/produkt\/5-krautermischungen-probier-set-ohne-salz-krautergott\/#primaryimage"},"image":{"@id":"https:\/\/product-guide.org\/produkt\/5-krautermischungen-probier-set-ohne-salz-krautergott\/#primaryimage"},"thumbnailUrl":"https:\/\/product-guide.org\/wp-content\/uploads\/2025\/03\/5-Krautermischungen_Probier_Set.jpg","datePublished":"2025-03-17T12:27:29+00:00","description":"5 Kr\u00e4utermischungen Probier Set - ohne Salz | Kr\u00e4utergott gefunden von Product-Guide.org","breadcrumb":{"@id":"https:\/\/product-guide.org\/produkt\/5-krautermischungen-probier-set-ohne-salz-krautergott\/#breadcrumb"},"inLanguage":"en-GB","potentialAction":[{"@type":"ReadAction","target":["https:\/\/product-guide.org\/produkt\/5-krautermischungen-probier-set-ohne-salz-krautergott\/"]}]},{"@type":"ImageObject","inLanguage":"en-GB","@id":"https:\/\/product-guide.org\/produkt\/5-krautermischungen-probier-set-ohne-salz-krautergott\/#primaryimage","url":"https:\/\/product-guide.org\/wp-content\/uploads\/2025\/03\/5-Krautermischungen_Probier_Set.jpg","contentUrl":"https:\/\/product-guide.org\/wp-content\/uploads\/2025\/03\/5-Krautermischungen_Probier_Set.jpg","width":1750,"height":1750},{"@type":"BreadcrumbList","@id":"https:\/\/product-guide.org\/produkt\/5-krautermischungen-probier-set-ohne-salz-krautergott\/#breadcrumb","itemListElement":[{"@type":"ListItem","position":1,"name":"Home","item":"https:\/\/product-guide.org\/"},{"@type":"ListItem","position":2,"name":"Ergebnisse","item":"https:\/\/product-guide.org\/de\/ergebnisse\/"},{"@type":"ListItem","position":3,"name":"5 Kr\u00e4utermischungen Probier Set &#8211; ohne Salz | Kr\u00e4utergott"}]},{"@type":"WebSite","@id":"https:\/\/product-guide.org\/#website","url":"https:\/\/product-guide.org\/","name":"Product-Guide.org","description":"What Product are you looking for?","publisher":{"@id":"https:\/\/product-guide.org\/#organization"},"potentialAction":[{"@type":"SearchAction","target":{"@type":"EntryPoint","urlTemplate":"https:\/\/product-guide.org\/?s={search_term_string}"},"query-input":{"@type":"PropertyValueSpecification","valueRequired":true,"valueName":"search_term_string"}}],"inLanguage":"en-GB"},{"@type":"Organization","@id":"https:\/\/product-guide.org\/#organization","name":"Product-Guide.org","url":"https:\/\/product-guide.org\/","logo":{"@type":"ImageObject","inLanguage":"en-GB","@id":"https:\/\/product-guide.org\/#\/schema\/logo\/image\/","url":"https:\/\/product-guide.org\/wp-content\/uploads\/2022\/07\/logo_transparent_background.png","contentUrl":"https:\/\/product-guide.org\/wp-content\/uploads\/2022\/07\/logo_transparent_background.png","width":3400,"height":1132,"caption":"Product-Guide.org"},"image":{"@id":"https:\/\/product-guide.org\/#\/schema\/logo\/image\/"}}]}},"_links":{"self":[{"href":"https:\/\/product-guide.org\/en\/wp-json\/wp\/v2\/product\/58597","targetHints":{"allow":["GET"]}}],"collection":[{"href":"https:\/\/product-guide.org\/en\/wp-json\/wp\/v2\/product"}],"about":[{"href":"https:\/\/product-guide.org\/en\/wp-json\/wp\/v2\/types\/product"}],"wp:featuredmedia":[{"embeddable":true,"href":"https:\/\/product-guide.org\/en\/wp-json\/wp\/v2\/media\/58596"}],"wp:attachment":[{"href":"https:\/\/product-guide.org\/en\/wp-json\/wp\/v2\/media?parent=58597"}],"wp:term":[{"taxonomy":"store","embeddable":true,"href":"https:\/\/product-guide.org\/en\/wp-json\/wp\/v2\/store?post=58597"},{"taxonomy":"product_brand","embeddable":true,"href":"https:\/\/product-guide.org\/en\/wp-json\/wp\/v2\/product_brand?post=58597"},{"taxonomy":"product_cat","embeddable":true,"href":"https:\/\/product-guide.org\/en\/wp-json\/wp\/v2\/product_cat?post=58597"},{"taxonomy":"product_tag","embeddable":true,"href":"https:\/\/product-guide.org\/en\/wp-json\/wp\/v2\/product_tag?post=58597"}],"curies":[{"name":"wp","href":"https:\/\/api.w.org\/{rel}","templated":true}]}}