{"id":58617,"date":"2025-03-17T13:28:06","date_gmt":"2025-03-17T12:28:06","guid":{"rendered":"https:\/\/product-guide.org\/produkt\/salat-set-krautergott\/"},"modified":"2025-03-17T13:28:06","modified_gmt":"2025-03-17T12:28:06","slug":"salat-set-krautergott","status":"publish","type":"product","link":"https:\/\/product-guide.org\/en\/produkt\/salat-set-krautergott\/","title":{"rendered":"Salat Set | Kr\u00e4utergott"},"content":{"rendered":"<p>Das Salat Set &#8211; Ein Set f\u00fcr alle, die frische Salate lieben!Unser Salat Set ist die perfekte Kombination aus frischem Basilikum, gesundem Oliven\u00f6l und leckeren Kr\u00e4utern. Die herrliche Geschmackskomposition verleiht jedem Salat eine intensive Kr\u00e4uternote: Egal ob gr\u00fcner Blattsalat, Tomate-Mozzarella oder bunte Salatmischungen. Eurer Kreativit\u00e4t sind keine Grenzen gesetzt. Das Set besteht aus: 1 x Basilikum\u00f6l, 250ml in der Flasche 1 x Kr\u00e4utersalz Delikate Tomate, 70g im Korkenglas BASILIKUM\u00d6LFrischer Basilikum Geschmack, zu jeder JahreszeitSo intensiv hast du Basilikum noch nie erlebt! Durch die sorgf\u00e4ltige Verarbeitung nimmt das Oliven\u00f6l das Basilikum Aroma perfekt an und bietet so zu jeder Zeit ein intensives Geschmackserlebnis. Ob zum Salat, als i-T\u00fcpfelchen auf der Pizza oder einfach zu Brot und Salz &#8211; unser Basilikum\u00f6l wird dich und deinen Geschmackssinn immer wieder gl\u00fccklich machen.Nat\u00fcrlicher Geschmack braucht ZeitViele Kr\u00e4uter\u00f6le werden mit Aromen angesetzt. Das geht schnell und ist einfach. Nicht bei uns! Wir lassen den frischen Basilikum f\u00fcr bis zu 4 Wochen im Oliven\u00f6l ziehen und geben dem \u00d6l so die M\u00f6glichkeit, den intensiven Geschmack des Basilikums aufzunehmen. Erst kurz vor der Abf\u00fcllung werden die Kr\u00e4uter wieder entnommen. Durch diesen aufw\u00e4ndigen Prozess ist unser Basilikum\u00f6l nur in einer begrenzten St\u00fcckzahl verf\u00fcgbar.Hintergrundinfo zum Oliven\u00f6l Unser Oliven\u00f6l Extra Nativ (Olio FRISINA) beziehen wir direkt vom Olivenbauern in Kalabrien, Italien. Es wurde 2016 beim International Olive Oil Contest mit der Gold Medaille pr\u00e4miert und besticht durch seinen sehr geringen S\u00e4uregehalt von weniger als 0,25%. Die hauseigene Presse des Olivenbauern extrahiert Oliven\u00f6l im 2-Phasen-Kaltpress-Verfahren mit (im Gegensatz zu den meisten Pressen) minimaler Wasserzufuhr. Dies steigert die Qualit\u00e4t des \u00d6ls und die sehr gesunden Stoffe der geernteten Oliven bleiben erhalten KR\u00c4UTERSALZ DELIKATE TOMATE Das w\u00fcrzigste TomatensalzBeste Kr\u00e4uter, aromatische Paprika, ein Schuss Knoblauch und ein Hauch Tomate machen aus diesem Kr\u00e4utersalz den idealen W\u00fcrzer f\u00fcr warme Gerichte und Salate.Delikate Tomate ist besonders gut zu: Gem\u00fcsepfannen Salaten, z.B. Caprese Nudelgerichten, z.B. Spaghetti Bolognese jeglicher Art von Tomatengerichten Inhaltsstoffe Basilikum\u00f6l: Oliven\u00f6l Extra Nativ, BasilikumInhaltsstoffe Delikate Tomate: Meersalz, Basilikum, Oregano, Paprika, Thymian, Knoblauch, getrocknete TomatenUnser Versprechen: 100% nat\u00fcrlich, ohne Zusatzstoffe, handgefertigtNettof\u00fcllmenge: 250ml Basilikum\u00f6l + 70g Delikate Tomate<\/p>\n","protected":false},"excerpt":{"rendered":"<p>Das Salat Set &#8211; Ein Set f\u00fcr alle, die frische Salate lieben!Unser Salat Set ist die perfekte Kombination aus frischem Basilikum, gesundem Oliven\u00f6l und leckeren Kr\u00e4utern. Die herrliche Geschmackskomposition verleiht jedem Salat eine intensive Kr\u00e4uternote: Egal ob gr\u00fcner Blattsalat, Tomate-Mozzarella oder bunte Salatmischungen. Eurer Kreativit\u00e4t sind keine Grenzen gesetzt. Das Set besteht aus: 1 x [&hellip;]<\/p>\n","protected":false},"featured_media":58616,"template":"","meta":{"_gspb_post_css":""},"store":[],"product_brand":[1471],"product_cat":[1290],"product_tag":[],"class_list":{"0":"post-58617","1":"product","2":"type-product","3":"status-publish","4":"has-post-thumbnail","6":"product_brand-krautergott","7":"product_cat-uncategorized","9":"first","10":"instock","11":"shipping-taxable","12":"purchasable","13":"product-type-simple"},"yoast_head":"<!-- This site is optimized with the Yoast SEO plugin v24.6 - https:\/\/yoast.com\/wordpress\/plugins\/seo\/ -->\n<title>Salat Set | Kr\u00e4utergott | Product-Guide.org<\/title>\n<meta name=\"description\" content=\"Salat Set | Kr\u00e4utergott gefunden von Product-Guide.org\" \/>\n<meta name=\"robots\" content=\"index, follow, max-snippet:-1, max-image-preview:large, max-video-preview:-1\" \/>\n<link rel=\"canonical\" href=\"https:\/\/product-guide.org\/en\/produkt\/salat-set-krautergott\/\" \/>\n<meta property=\"og:locale\" content=\"en_GB\" \/>\n<meta property=\"og:type\" content=\"article\" \/>\n<meta property=\"og:title\" content=\"Salat Set | Kr\u00e4utergott | Product-Guide.org\" \/>\n<meta property=\"og:description\" content=\"Salat Set | Kr\u00e4utergott gefunden von Product-Guide.org\" \/>\n<meta property=\"og:url\" content=\"https:\/\/product-guide.org\/en\/produkt\/salat-set-krautergott\/\" \/>\n<meta property=\"og:site_name\" content=\"Product-Guide.org\" \/>\n<meta name=\"twitter:card\" content=\"summary_large_image\" \/>\n<script type=\"application\/ld+json\" class=\"yoast-schema-graph\">{\"@context\":\"https:\/\/schema.org\",\"@graph\":[{\"@type\":\"WebPage\",\"@id\":\"https:\/\/product-guide.org\/produkt\/salat-set-krautergott\/\",\"url\":\"https:\/\/product-guide.org\/produkt\/salat-set-krautergott\/\",\"name\":\"Salat Set | Kr\u00e4utergott | Product-Guide.org\",\"isPartOf\":{\"@id\":\"https:\/\/product-guide.org\/#website\"},\"primaryImageOfPage\":{\"@id\":\"https:\/\/product-guide.org\/produkt\/salat-set-krautergott\/#primaryimage\"},\"image\":{\"@id\":\"https:\/\/product-guide.org\/produkt\/salat-set-krautergott\/#primaryimage\"},\"thumbnailUrl\":\"https:\/\/product-guide.org\/wp-content\/uploads\/2025\/03\/Salat_Set-scaled.jpg\",\"datePublished\":\"2025-03-17T12:28:06+00:00\",\"description\":\"Salat Set | Kr\u00e4utergott gefunden von Product-Guide.org\",\"breadcrumb\":{\"@id\":\"https:\/\/product-guide.org\/produkt\/salat-set-krautergott\/#breadcrumb\"},\"inLanguage\":\"en-GB\",\"potentialAction\":[{\"@type\":\"ReadAction\",\"target\":[\"https:\/\/product-guide.org\/produkt\/salat-set-krautergott\/\"]}]},{\"@type\":\"ImageObject\",\"inLanguage\":\"en-GB\",\"@id\":\"https:\/\/product-guide.org\/produkt\/salat-set-krautergott\/#primaryimage\",\"url\":\"https:\/\/product-guide.org\/wp-content\/uploads\/2025\/03\/Salat_Set-scaled.jpg\",\"contentUrl\":\"https:\/\/product-guide.org\/wp-content\/uploads\/2025\/03\/Salat_Set-scaled.jpg\",\"width\":2560,\"height\":2560},{\"@type\":\"BreadcrumbList\",\"@id\":\"https:\/\/product-guide.org\/produkt\/salat-set-krautergott\/#breadcrumb\",\"itemListElement\":[{\"@type\":\"ListItem\",\"position\":1,\"name\":\"Home\",\"item\":\"https:\/\/product-guide.org\/\"},{\"@type\":\"ListItem\",\"position\":2,\"name\":\"Ergebnisse\",\"item\":\"https:\/\/product-guide.org\/de\/ergebnisse\/\"},{\"@type\":\"ListItem\",\"position\":3,\"name\":\"Salat Set | Kr\u00e4utergott\"}]},{\"@type\":\"WebSite\",\"@id\":\"https:\/\/product-guide.org\/#website\",\"url\":\"https:\/\/product-guide.org\/\",\"name\":\"Product-Guide.org\",\"description\":\"What Product are you looking for?\",\"publisher\":{\"@id\":\"https:\/\/product-guide.org\/#organization\"},\"potentialAction\":[{\"@type\":\"SearchAction\",\"target\":{\"@type\":\"EntryPoint\",\"urlTemplate\":\"https:\/\/product-guide.org\/?s={search_term_string}\"},\"query-input\":{\"@type\":\"PropertyValueSpecification\",\"valueRequired\":true,\"valueName\":\"search_term_string\"}}],\"inLanguage\":\"en-GB\"},{\"@type\":\"Organization\",\"@id\":\"https:\/\/product-guide.org\/#organization\",\"name\":\"Product-Guide.org\",\"url\":\"https:\/\/product-guide.org\/\",\"logo\":{\"@type\":\"ImageObject\",\"inLanguage\":\"en-GB\",\"@id\":\"https:\/\/product-guide.org\/#\/schema\/logo\/image\/\",\"url\":\"https:\/\/product-guide.org\/wp-content\/uploads\/2022\/07\/logo_transparent_background.png\",\"contentUrl\":\"https:\/\/product-guide.org\/wp-content\/uploads\/2022\/07\/logo_transparent_background.png\",\"width\":3400,\"height\":1132,\"caption\":\"Product-Guide.org\"},\"image\":{\"@id\":\"https:\/\/product-guide.org\/#\/schema\/logo\/image\/\"}}]}<\/script>\n<!-- \/ Yoast SEO plugin. -->","yoast_head_json":{"title":"Salat Set | Kr\u00e4utergott | Product-Guide.org","description":"Salat Set | Kr\u00e4utergott gefunden von Product-Guide.org","robots":{"index":"index","follow":"follow","max-snippet":"max-snippet:-1","max-image-preview":"max-image-preview:large","max-video-preview":"max-video-preview:-1"},"canonical":"https:\/\/product-guide.org\/en\/produkt\/salat-set-krautergott\/","og_locale":"en_GB","og_type":"article","og_title":"Salat Set | Kr\u00e4utergott | Product-Guide.org","og_description":"Salat Set | Kr\u00e4utergott gefunden von Product-Guide.org","og_url":"https:\/\/product-guide.org\/en\/produkt\/salat-set-krautergott\/","og_site_name":"Product-Guide.org","twitter_card":"summary_large_image","schema":{"@context":"https:\/\/schema.org","@graph":[{"@type":"WebPage","@id":"https:\/\/product-guide.org\/produkt\/salat-set-krautergott\/","url":"https:\/\/product-guide.org\/produkt\/salat-set-krautergott\/","name":"Salat Set | Kr\u00e4utergott | Product-Guide.org","isPartOf":{"@id":"https:\/\/product-guide.org\/#website"},"primaryImageOfPage":{"@id":"https:\/\/product-guide.org\/produkt\/salat-set-krautergott\/#primaryimage"},"image":{"@id":"https:\/\/product-guide.org\/produkt\/salat-set-krautergott\/#primaryimage"},"thumbnailUrl":"https:\/\/product-guide.org\/wp-content\/uploads\/2025\/03\/Salat_Set-scaled.jpg","datePublished":"2025-03-17T12:28:06+00:00","description":"Salat Set | Kr\u00e4utergott gefunden von Product-Guide.org","breadcrumb":{"@id":"https:\/\/product-guide.org\/produkt\/salat-set-krautergott\/#breadcrumb"},"inLanguage":"en-GB","potentialAction":[{"@type":"ReadAction","target":["https:\/\/product-guide.org\/produkt\/salat-set-krautergott\/"]}]},{"@type":"ImageObject","inLanguage":"en-GB","@id":"https:\/\/product-guide.org\/produkt\/salat-set-krautergott\/#primaryimage","url":"https:\/\/product-guide.org\/wp-content\/uploads\/2025\/03\/Salat_Set-scaled.jpg","contentUrl":"https:\/\/product-guide.org\/wp-content\/uploads\/2025\/03\/Salat_Set-scaled.jpg","width":2560,"height":2560},{"@type":"BreadcrumbList","@id":"https:\/\/product-guide.org\/produkt\/salat-set-krautergott\/#breadcrumb","itemListElement":[{"@type":"ListItem","position":1,"name":"Home","item":"https:\/\/product-guide.org\/"},{"@type":"ListItem","position":2,"name":"Ergebnisse","item":"https:\/\/product-guide.org\/de\/ergebnisse\/"},{"@type":"ListItem","position":3,"name":"Salat Set | Kr\u00e4utergott"}]},{"@type":"WebSite","@id":"https:\/\/product-guide.org\/#website","url":"https:\/\/product-guide.org\/","name":"Product-Guide.org","description":"What Product are you looking for?","publisher":{"@id":"https:\/\/product-guide.org\/#organization"},"potentialAction":[{"@type":"SearchAction","target":{"@type":"EntryPoint","urlTemplate":"https:\/\/product-guide.org\/?s={search_term_string}"},"query-input":{"@type":"PropertyValueSpecification","valueRequired":true,"valueName":"search_term_string"}}],"inLanguage":"en-GB"},{"@type":"Organization","@id":"https:\/\/product-guide.org\/#organization","name":"Product-Guide.org","url":"https:\/\/product-guide.org\/","logo":{"@type":"ImageObject","inLanguage":"en-GB","@id":"https:\/\/product-guide.org\/#\/schema\/logo\/image\/","url":"https:\/\/product-guide.org\/wp-content\/uploads\/2022\/07\/logo_transparent_background.png","contentUrl":"https:\/\/product-guide.org\/wp-content\/uploads\/2022\/07\/logo_transparent_background.png","width":3400,"height":1132,"caption":"Product-Guide.org"},"image":{"@id":"https:\/\/product-guide.org\/#\/schema\/logo\/image\/"}}]}},"_links":{"self":[{"href":"https:\/\/product-guide.org\/en\/wp-json\/wp\/v2\/product\/58617","targetHints":{"allow":["GET"]}}],"collection":[{"href":"https:\/\/product-guide.org\/en\/wp-json\/wp\/v2\/product"}],"about":[{"href":"https:\/\/product-guide.org\/en\/wp-json\/wp\/v2\/types\/product"}],"wp:featuredmedia":[{"embeddable":true,"href":"https:\/\/product-guide.org\/en\/wp-json\/wp\/v2\/media\/58616"}],"wp:attachment":[{"href":"https:\/\/product-guide.org\/en\/wp-json\/wp\/v2\/media?parent=58617"}],"wp:term":[{"taxonomy":"store","embeddable":true,"href":"https:\/\/product-guide.org\/en\/wp-json\/wp\/v2\/store?post=58617"},{"taxonomy":"product_brand","embeddable":true,"href":"https:\/\/product-guide.org\/en\/wp-json\/wp\/v2\/product_brand?post=58617"},{"taxonomy":"product_cat","embeddable":true,"href":"https:\/\/product-guide.org\/en\/wp-json\/wp\/v2\/product_cat?post=58617"},{"taxonomy":"product_tag","embeddable":true,"href":"https:\/\/product-guide.org\/en\/wp-json\/wp\/v2\/product_tag?post=58617"}],"curies":[{"name":"wp","href":"https:\/\/api.w.org\/{rel}","templated":true}]}}