{"id":58623,"date":"2025-03-17T13:28:14","date_gmt":"2025-03-17T12:28:14","guid":{"rendered":"https:\/\/product-guide.org\/produkt\/scharfer-barlauch-nachfullpackung-krautergott\/"},"modified":"2025-03-17T13:28:14","modified_gmt":"2025-03-17T12:28:14","slug":"scharfer-barlauch-nachfullpackung-krautergott","status":"publish","type":"product","link":"https:\/\/product-guide.org\/en\/produkt\/scharfer-barlauch-nachfullpackung-krautergott\/","title":{"rendered":"Scharfer B\u00e4rlauch Nachf\u00fcllpackung | Kr\u00e4utergott"},"content":{"rendered":"<p>B\u00e4rlauchsalz immer zur HandNie wieder auf dein liebstes B\u00e4rlauchsalz verzichten. Mit dem 200g Refill Beutel des Scharfen B\u00e4rlauch kannst du dein Glas nach Belieben wieder auff\u00fcllen und dabei auch noch Geld sparen. Jetzt zugreifen!Inhaltsstoffe: Meersalz, B\u00e4rlauch, Bockshornklee, PfefferUnser Versprechen: Mindestens 50% Kr\u00e4uter-\/ZitronenanteilNettof\u00fcllmenge: 200g Nachf\u00fcllpackungVon Hand produziert und abgef\u00fcllt<\/p>\n","protected":false},"excerpt":{"rendered":"<p>B\u00e4rlauchsalz immer zur HandNie wieder auf dein liebstes B\u00e4rlauchsalz verzichten. Mit dem 200g Refill Beutel des Scharfen B\u00e4rlauch kannst du dein Glas nach Belieben wieder auff\u00fcllen und dabei auch noch Geld sparen. Jetzt zugreifen!Inhaltsstoffe: Meersalz, B\u00e4rlauch, Bockshornklee, PfefferUnser Versprechen: Mindestens 50% Kr\u00e4uter-\/ZitronenanteilNettof\u00fcllmenge: 200g Nachf\u00fcllpackungVon Hand produziert und abgef\u00fcllt<\/p>\n","protected":false},"featured_media":58622,"template":"","meta":{"_gspb_post_css":""},"store":[],"product_brand":[1471],"product_cat":[1290],"product_tag":[],"class_list":{"0":"post-58623","1":"product","2":"type-product","3":"status-publish","4":"has-post-thumbnail","6":"product_brand-krautergott","7":"product_cat-uncategorized","9":"first","10":"instock","11":"shipping-taxable","12":"purchasable","13":"product-type-simple"},"yoast_head":"<!-- This site is optimized with the Yoast SEO plugin v24.6 - https:\/\/yoast.com\/wordpress\/plugins\/seo\/ -->\n<title>Scharfer B\u00e4rlauch Nachf\u00fcllpackung | Kr\u00e4utergott | Product-Guide.org<\/title>\n<meta name=\"description\" content=\"Scharfer B\u00e4rlauch Nachf\u00fcllpackung | Kr\u00e4utergott gefunden von Product-Guide.org\" \/>\n<meta name=\"robots\" content=\"index, follow, max-snippet:-1, max-image-preview:large, max-video-preview:-1\" \/>\n<link rel=\"canonical\" href=\"https:\/\/product-guide.org\/en\/produkt\/scharfer-barlauch-nachfullpackung-krautergott\/\" \/>\n<meta property=\"og:locale\" content=\"en_GB\" \/>\n<meta property=\"og:type\" content=\"article\" \/>\n<meta property=\"og:title\" content=\"Scharfer B\u00e4rlauch Nachf\u00fcllpackung | Kr\u00e4utergott | Product-Guide.org\" \/>\n<meta property=\"og:description\" content=\"Scharfer B\u00e4rlauch Nachf\u00fcllpackung | Kr\u00e4utergott gefunden von Product-Guide.org\" \/>\n<meta property=\"og:url\" content=\"https:\/\/product-guide.org\/en\/produkt\/scharfer-barlauch-nachfullpackung-krautergott\/\" \/>\n<meta property=\"og:site_name\" content=\"Product-Guide.org\" \/>\n<meta name=\"twitter:card\" content=\"summary_large_image\" \/>\n<script type=\"application\/ld+json\" class=\"yoast-schema-graph\">{\"@context\":\"https:\/\/schema.org\",\"@graph\":[{\"@type\":\"WebPage\",\"@id\":\"https:\/\/product-guide.org\/produkt\/scharfer-barlauch-nachfullpackung-krautergott\/\",\"url\":\"https:\/\/product-guide.org\/produkt\/scharfer-barlauch-nachfullpackung-krautergott\/\",\"name\":\"Scharfer B\u00e4rlauch Nachf\u00fcllpackung | Kr\u00e4utergott | Product-Guide.org\",\"isPartOf\":{\"@id\":\"https:\/\/product-guide.org\/#website\"},\"primaryImageOfPage\":{\"@id\":\"https:\/\/product-guide.org\/produkt\/scharfer-barlauch-nachfullpackung-krautergott\/#primaryimage\"},\"image\":{\"@id\":\"https:\/\/product-guide.org\/produkt\/scharfer-barlauch-nachfullpackung-krautergott\/#primaryimage\"},\"thumbnailUrl\":\"https:\/\/product-guide.org\/wp-content\/uploads\/2025\/03\/scharfer_baerlauch_refill_200g_92cd78da-e907-465c-b563-fd233d679ba4.jpg\",\"datePublished\":\"2025-03-17T12:28:14+00:00\",\"description\":\"Scharfer B\u00e4rlauch Nachf\u00fcllpackung | Kr\u00e4utergott gefunden von Product-Guide.org\",\"breadcrumb\":{\"@id\":\"https:\/\/product-guide.org\/produkt\/scharfer-barlauch-nachfullpackung-krautergott\/#breadcrumb\"},\"inLanguage\":\"en-GB\",\"potentialAction\":[{\"@type\":\"ReadAction\",\"target\":[\"https:\/\/product-guide.org\/produkt\/scharfer-barlauch-nachfullpackung-krautergott\/\"]}]},{\"@type\":\"ImageObject\",\"inLanguage\":\"en-GB\",\"@id\":\"https:\/\/product-guide.org\/produkt\/scharfer-barlauch-nachfullpackung-krautergott\/#primaryimage\",\"url\":\"https:\/\/product-guide.org\/wp-content\/uploads\/2025\/03\/scharfer_baerlauch_refill_200g_92cd78da-e907-465c-b563-fd233d679ba4.jpg\",\"contentUrl\":\"https:\/\/product-guide.org\/wp-content\/uploads\/2025\/03\/scharfer_baerlauch_refill_200g_92cd78da-e907-465c-b563-fd233d679ba4.jpg\",\"width\":1750,\"height\":1750},{\"@type\":\"BreadcrumbList\",\"@id\":\"https:\/\/product-guide.org\/produkt\/scharfer-barlauch-nachfullpackung-krautergott\/#breadcrumb\",\"itemListElement\":[{\"@type\":\"ListItem\",\"position\":1,\"name\":\"Home\",\"item\":\"https:\/\/product-guide.org\/\"},{\"@type\":\"ListItem\",\"position\":2,\"name\":\"Ergebnisse\",\"item\":\"https:\/\/product-guide.org\/de\/ergebnisse\/\"},{\"@type\":\"ListItem\",\"position\":3,\"name\":\"Scharfer B\u00e4rlauch Nachf\u00fcllpackung | Kr\u00e4utergott\"}]},{\"@type\":\"WebSite\",\"@id\":\"https:\/\/product-guide.org\/#website\",\"url\":\"https:\/\/product-guide.org\/\",\"name\":\"Product-Guide.org\",\"description\":\"What Product are you looking for?\",\"publisher\":{\"@id\":\"https:\/\/product-guide.org\/#organization\"},\"potentialAction\":[{\"@type\":\"SearchAction\",\"target\":{\"@type\":\"EntryPoint\",\"urlTemplate\":\"https:\/\/product-guide.org\/?s={search_term_string}\"},\"query-input\":{\"@type\":\"PropertyValueSpecification\",\"valueRequired\":true,\"valueName\":\"search_term_string\"}}],\"inLanguage\":\"en-GB\"},{\"@type\":\"Organization\",\"@id\":\"https:\/\/product-guide.org\/#organization\",\"name\":\"Product-Guide.org\",\"url\":\"https:\/\/product-guide.org\/\",\"logo\":{\"@type\":\"ImageObject\",\"inLanguage\":\"en-GB\",\"@id\":\"https:\/\/product-guide.org\/#\/schema\/logo\/image\/\",\"url\":\"https:\/\/product-guide.org\/wp-content\/uploads\/2022\/07\/logo_transparent_background.png\",\"contentUrl\":\"https:\/\/product-guide.org\/wp-content\/uploads\/2022\/07\/logo_transparent_background.png\",\"width\":3400,\"height\":1132,\"caption\":\"Product-Guide.org\"},\"image\":{\"@id\":\"https:\/\/product-guide.org\/#\/schema\/logo\/image\/\"}}]}<\/script>\n<!-- \/ Yoast SEO plugin. -->","yoast_head_json":{"title":"Scharfer B\u00e4rlauch Nachf\u00fcllpackung | Kr\u00e4utergott | Product-Guide.org","description":"Scharfer B\u00e4rlauch Nachf\u00fcllpackung | Kr\u00e4utergott gefunden von Product-Guide.org","robots":{"index":"index","follow":"follow","max-snippet":"max-snippet:-1","max-image-preview":"max-image-preview:large","max-video-preview":"max-video-preview:-1"},"canonical":"https:\/\/product-guide.org\/en\/produkt\/scharfer-barlauch-nachfullpackung-krautergott\/","og_locale":"en_GB","og_type":"article","og_title":"Scharfer B\u00e4rlauch Nachf\u00fcllpackung | Kr\u00e4utergott | Product-Guide.org","og_description":"Scharfer B\u00e4rlauch Nachf\u00fcllpackung | Kr\u00e4utergott gefunden von Product-Guide.org","og_url":"https:\/\/product-guide.org\/en\/produkt\/scharfer-barlauch-nachfullpackung-krautergott\/","og_site_name":"Product-Guide.org","twitter_card":"summary_large_image","schema":{"@context":"https:\/\/schema.org","@graph":[{"@type":"WebPage","@id":"https:\/\/product-guide.org\/produkt\/scharfer-barlauch-nachfullpackung-krautergott\/","url":"https:\/\/product-guide.org\/produkt\/scharfer-barlauch-nachfullpackung-krautergott\/","name":"Scharfer B\u00e4rlauch Nachf\u00fcllpackung | Kr\u00e4utergott | Product-Guide.org","isPartOf":{"@id":"https:\/\/product-guide.org\/#website"},"primaryImageOfPage":{"@id":"https:\/\/product-guide.org\/produkt\/scharfer-barlauch-nachfullpackung-krautergott\/#primaryimage"},"image":{"@id":"https:\/\/product-guide.org\/produkt\/scharfer-barlauch-nachfullpackung-krautergott\/#primaryimage"},"thumbnailUrl":"https:\/\/product-guide.org\/wp-content\/uploads\/2025\/03\/scharfer_baerlauch_refill_200g_92cd78da-e907-465c-b563-fd233d679ba4.jpg","datePublished":"2025-03-17T12:28:14+00:00","description":"Scharfer B\u00e4rlauch Nachf\u00fcllpackung | Kr\u00e4utergott gefunden von Product-Guide.org","breadcrumb":{"@id":"https:\/\/product-guide.org\/produkt\/scharfer-barlauch-nachfullpackung-krautergott\/#breadcrumb"},"inLanguage":"en-GB","potentialAction":[{"@type":"ReadAction","target":["https:\/\/product-guide.org\/produkt\/scharfer-barlauch-nachfullpackung-krautergott\/"]}]},{"@type":"ImageObject","inLanguage":"en-GB","@id":"https:\/\/product-guide.org\/produkt\/scharfer-barlauch-nachfullpackung-krautergott\/#primaryimage","url":"https:\/\/product-guide.org\/wp-content\/uploads\/2025\/03\/scharfer_baerlauch_refill_200g_92cd78da-e907-465c-b563-fd233d679ba4.jpg","contentUrl":"https:\/\/product-guide.org\/wp-content\/uploads\/2025\/03\/scharfer_baerlauch_refill_200g_92cd78da-e907-465c-b563-fd233d679ba4.jpg","width":1750,"height":1750},{"@type":"BreadcrumbList","@id":"https:\/\/product-guide.org\/produkt\/scharfer-barlauch-nachfullpackung-krautergott\/#breadcrumb","itemListElement":[{"@type":"ListItem","position":1,"name":"Home","item":"https:\/\/product-guide.org\/"},{"@type":"ListItem","position":2,"name":"Ergebnisse","item":"https:\/\/product-guide.org\/de\/ergebnisse\/"},{"@type":"ListItem","position":3,"name":"Scharfer B\u00e4rlauch Nachf\u00fcllpackung | Kr\u00e4utergott"}]},{"@type":"WebSite","@id":"https:\/\/product-guide.org\/#website","url":"https:\/\/product-guide.org\/","name":"Product-Guide.org","description":"What Product are you looking for?","publisher":{"@id":"https:\/\/product-guide.org\/#organization"},"potentialAction":[{"@type":"SearchAction","target":{"@type":"EntryPoint","urlTemplate":"https:\/\/product-guide.org\/?s={search_term_string}"},"query-input":{"@type":"PropertyValueSpecification","valueRequired":true,"valueName":"search_term_string"}}],"inLanguage":"en-GB"},{"@type":"Organization","@id":"https:\/\/product-guide.org\/#organization","name":"Product-Guide.org","url":"https:\/\/product-guide.org\/","logo":{"@type":"ImageObject","inLanguage":"en-GB","@id":"https:\/\/product-guide.org\/#\/schema\/logo\/image\/","url":"https:\/\/product-guide.org\/wp-content\/uploads\/2022\/07\/logo_transparent_background.png","contentUrl":"https:\/\/product-guide.org\/wp-content\/uploads\/2022\/07\/logo_transparent_background.png","width":3400,"height":1132,"caption":"Product-Guide.org"},"image":{"@id":"https:\/\/product-guide.org\/#\/schema\/logo\/image\/"}}]}},"_links":{"self":[{"href":"https:\/\/product-guide.org\/en\/wp-json\/wp\/v2\/product\/58623","targetHints":{"allow":["GET"]}}],"collection":[{"href":"https:\/\/product-guide.org\/en\/wp-json\/wp\/v2\/product"}],"about":[{"href":"https:\/\/product-guide.org\/en\/wp-json\/wp\/v2\/types\/product"}],"wp:featuredmedia":[{"embeddable":true,"href":"https:\/\/product-guide.org\/en\/wp-json\/wp\/v2\/media\/58622"}],"wp:attachment":[{"href":"https:\/\/product-guide.org\/en\/wp-json\/wp\/v2\/media?parent=58623"}],"wp:term":[{"taxonomy":"store","embeddable":true,"href":"https:\/\/product-guide.org\/en\/wp-json\/wp\/v2\/store?post=58623"},{"taxonomy":"product_brand","embeddable":true,"href":"https:\/\/product-guide.org\/en\/wp-json\/wp\/v2\/product_brand?post=58623"},{"taxonomy":"product_cat","embeddable":true,"href":"https:\/\/product-guide.org\/en\/wp-json\/wp\/v2\/product_cat?post=58623"},{"taxonomy":"product_tag","embeddable":true,"href":"https:\/\/product-guide.org\/en\/wp-json\/wp\/v2\/product_tag?post=58623"}],"curies":[{"name":"wp","href":"https:\/\/api.w.org\/{rel}","templated":true}]}}