{"id":58688,"date":"2025-03-17T13:29:04","date_gmt":"2025-03-17T12:29:04","guid":{"rendered":"https:\/\/product-guide.org\/produkt\/zco-zero-compromise-sonnenblende-schwarz-50mm-vegaoptics\/"},"modified":"2025-03-17T13:29:04","modified_gmt":"2025-03-17T12:29:04","slug":"zco-zero-compromise-sonnenblende-schwarz-50mm-vegaoptics","status":"publish","type":"product","link":"https:\/\/product-guide.org\/en\/produkt\/zco-zero-compromise-sonnenblende-schwarz-50mm-vegaoptics\/","title":{"rendered":"ZCO Zero Compromise Sonnenblende Schwarz 50mm | Vegaoptics"},"content":{"rendered":"<p>Die Sonnenblende f\u00fcr Zero Compromise Zielfernrohre (ZC527 oder ZC840). Die Sonnenblende verf\u00fcgt \u00fcber ein Gewinde an der Vorderseite welcher die Montage eines zus\u00e4tzlichen Staubschutzdeckels z&#8230;<\/p>\n","protected":false},"excerpt":{"rendered":"<p>Die Sonnenblende f\u00fcr Zero Compromise Zielfernrohre (ZC527 oder ZC840). Die Sonnenblende verf\u00fcgt \u00fcber ein Gewinde an der Vorderseite welcher die Montage eines zus\u00e4tzlichen Staubschutzdeckels z&#8230;<\/p>\n","protected":false},"featured_media":58687,"template":"","meta":{"_gspb_post_css":""},"store":[],"product_brand":[1472],"product_cat":[1290],"product_tag":[],"class_list":{"0":"post-58688","1":"product","2":"type-product","3":"status-publish","4":"has-post-thumbnail","6":"product_brand-vegaoptics","7":"product_cat-uncategorized","9":"first","10":"instock","11":"shipping-taxable","12":"purchasable","13":"product-type-simple"},"yoast_head":"<!-- This site is optimized with the Yoast SEO plugin v24.6 - https:\/\/yoast.com\/wordpress\/plugins\/seo\/ -->\n<title>ZCO Zero Compromise Sonnenblende Schwarz 50mm | Vegaoptics | Product-Guide.org<\/title>\n<meta name=\"description\" content=\"ZCO Zero Compromise Sonnenblende Schwarz 50mm | Vegaoptics gefunden von Product-Guide.org\" \/>\n<meta name=\"robots\" content=\"index, follow, max-snippet:-1, max-image-preview:large, max-video-preview:-1\" \/>\n<link rel=\"canonical\" href=\"https:\/\/product-guide.org\/en\/produkt\/zco-zero-compromise-sonnenblende-schwarz-50mm-vegaoptics\/\" \/>\n<meta property=\"og:locale\" content=\"en_GB\" \/>\n<meta property=\"og:type\" content=\"article\" \/>\n<meta property=\"og:title\" content=\"ZCO Zero Compromise Sonnenblende Schwarz 50mm | Vegaoptics | Product-Guide.org\" \/>\n<meta property=\"og:description\" content=\"ZCO Zero Compromise Sonnenblende Schwarz 50mm | Vegaoptics gefunden von Product-Guide.org\" \/>\n<meta property=\"og:url\" content=\"https:\/\/product-guide.org\/en\/produkt\/zco-zero-compromise-sonnenblende-schwarz-50mm-vegaoptics\/\" \/>\n<meta property=\"og:site_name\" content=\"Product-Guide.org\" \/>\n<meta name=\"twitter:card\" content=\"summary_large_image\" \/>\n<script type=\"application\/ld+json\" class=\"yoast-schema-graph\">{\"@context\":\"https:\/\/schema.org\",\"@graph\":[{\"@type\":\"WebPage\",\"@id\":\"https:\/\/product-guide.org\/produkt\/zco-zero-compromise-sonnenblende-schwarz-50mm-vegaoptics\/\",\"url\":\"https:\/\/product-guide.org\/produkt\/zco-zero-compromise-sonnenblende-schwarz-50mm-vegaoptics\/\",\"name\":\"ZCO Zero Compromise Sonnenblende Schwarz 50mm | Vegaoptics | Product-Guide.org\",\"isPartOf\":{\"@id\":\"https:\/\/product-guide.org\/#website\"},\"primaryImageOfPage\":{\"@id\":\"https:\/\/product-guide.org\/produkt\/zco-zero-compromise-sonnenblende-schwarz-50mm-vegaoptics\/#primaryimage\"},\"image\":{\"@id\":\"https:\/\/product-guide.org\/produkt\/zco-zero-compromise-sonnenblende-schwarz-50mm-vegaoptics\/#primaryimage\"},\"thumbnailUrl\":\"https:\/\/product-guide.org\/wp-content\/uploads\/2025\/03\/Sonnenblende-sunshield_1280x1280.jpg\",\"datePublished\":\"2025-03-17T12:29:04+00:00\",\"description\":\"ZCO Zero Compromise Sonnenblende Schwarz 50mm | Vegaoptics gefunden von Product-Guide.org\",\"breadcrumb\":{\"@id\":\"https:\/\/product-guide.org\/produkt\/zco-zero-compromise-sonnenblende-schwarz-50mm-vegaoptics\/#breadcrumb\"},\"inLanguage\":\"en-GB\",\"potentialAction\":[{\"@type\":\"ReadAction\",\"target\":[\"https:\/\/product-guide.org\/produkt\/zco-zero-compromise-sonnenblende-schwarz-50mm-vegaoptics\/\"]}]},{\"@type\":\"ImageObject\",\"inLanguage\":\"en-GB\",\"@id\":\"https:\/\/product-guide.org\/produkt\/zco-zero-compromise-sonnenblende-schwarz-50mm-vegaoptics\/#primaryimage\",\"url\":\"https:\/\/product-guide.org\/wp-content\/uploads\/2025\/03\/Sonnenblende-sunshield_1280x1280.jpg\",\"contentUrl\":\"https:\/\/product-guide.org\/wp-content\/uploads\/2025\/03\/Sonnenblende-sunshield_1280x1280.jpg\",\"width\":1280,\"height\":853},{\"@type\":\"BreadcrumbList\",\"@id\":\"https:\/\/product-guide.org\/produkt\/zco-zero-compromise-sonnenblende-schwarz-50mm-vegaoptics\/#breadcrumb\",\"itemListElement\":[{\"@type\":\"ListItem\",\"position\":1,\"name\":\"Home\",\"item\":\"https:\/\/product-guide.org\/\"},{\"@type\":\"ListItem\",\"position\":2,\"name\":\"Ergebnisse\",\"item\":\"https:\/\/product-guide.org\/de\/ergebnisse\/\"},{\"@type\":\"ListItem\",\"position\":3,\"name\":\"ZCO Zero Compromise Sonnenblende Schwarz 50mm | Vegaoptics\"}]},{\"@type\":\"WebSite\",\"@id\":\"https:\/\/product-guide.org\/#website\",\"url\":\"https:\/\/product-guide.org\/\",\"name\":\"Product-Guide.org\",\"description\":\"What Product are you looking for?\",\"publisher\":{\"@id\":\"https:\/\/product-guide.org\/#organization\"},\"potentialAction\":[{\"@type\":\"SearchAction\",\"target\":{\"@type\":\"EntryPoint\",\"urlTemplate\":\"https:\/\/product-guide.org\/?s={search_term_string}\"},\"query-input\":{\"@type\":\"PropertyValueSpecification\",\"valueRequired\":true,\"valueName\":\"search_term_string\"}}],\"inLanguage\":\"en-GB\"},{\"@type\":\"Organization\",\"@id\":\"https:\/\/product-guide.org\/#organization\",\"name\":\"Product-Guide.org\",\"url\":\"https:\/\/product-guide.org\/\",\"logo\":{\"@type\":\"ImageObject\",\"inLanguage\":\"en-GB\",\"@id\":\"https:\/\/product-guide.org\/#\/schema\/logo\/image\/\",\"url\":\"https:\/\/product-guide.org\/wp-content\/uploads\/2022\/07\/logo_transparent_background.png\",\"contentUrl\":\"https:\/\/product-guide.org\/wp-content\/uploads\/2022\/07\/logo_transparent_background.png\",\"width\":3400,\"height\":1132,\"caption\":\"Product-Guide.org\"},\"image\":{\"@id\":\"https:\/\/product-guide.org\/#\/schema\/logo\/image\/\"}}]}<\/script>\n<!-- \/ Yoast SEO plugin. -->","yoast_head_json":{"title":"ZCO Zero Compromise Sonnenblende Schwarz 50mm | Vegaoptics | Product-Guide.org","description":"ZCO Zero Compromise Sonnenblende Schwarz 50mm | Vegaoptics gefunden von Product-Guide.org","robots":{"index":"index","follow":"follow","max-snippet":"max-snippet:-1","max-image-preview":"max-image-preview:large","max-video-preview":"max-video-preview:-1"},"canonical":"https:\/\/product-guide.org\/en\/produkt\/zco-zero-compromise-sonnenblende-schwarz-50mm-vegaoptics\/","og_locale":"en_GB","og_type":"article","og_title":"ZCO Zero Compromise Sonnenblende Schwarz 50mm | Vegaoptics | Product-Guide.org","og_description":"ZCO Zero Compromise Sonnenblende Schwarz 50mm | Vegaoptics gefunden von Product-Guide.org","og_url":"https:\/\/product-guide.org\/en\/produkt\/zco-zero-compromise-sonnenblende-schwarz-50mm-vegaoptics\/","og_site_name":"Product-Guide.org","twitter_card":"summary_large_image","schema":{"@context":"https:\/\/schema.org","@graph":[{"@type":"WebPage","@id":"https:\/\/product-guide.org\/produkt\/zco-zero-compromise-sonnenblende-schwarz-50mm-vegaoptics\/","url":"https:\/\/product-guide.org\/produkt\/zco-zero-compromise-sonnenblende-schwarz-50mm-vegaoptics\/","name":"ZCO Zero Compromise Sonnenblende Schwarz 50mm | Vegaoptics | Product-Guide.org","isPartOf":{"@id":"https:\/\/product-guide.org\/#website"},"primaryImageOfPage":{"@id":"https:\/\/product-guide.org\/produkt\/zco-zero-compromise-sonnenblende-schwarz-50mm-vegaoptics\/#primaryimage"},"image":{"@id":"https:\/\/product-guide.org\/produkt\/zco-zero-compromise-sonnenblende-schwarz-50mm-vegaoptics\/#primaryimage"},"thumbnailUrl":"https:\/\/product-guide.org\/wp-content\/uploads\/2025\/03\/Sonnenblende-sunshield_1280x1280.jpg","datePublished":"2025-03-17T12:29:04+00:00","description":"ZCO Zero Compromise Sonnenblende Schwarz 50mm | Vegaoptics gefunden von Product-Guide.org","breadcrumb":{"@id":"https:\/\/product-guide.org\/produkt\/zco-zero-compromise-sonnenblende-schwarz-50mm-vegaoptics\/#breadcrumb"},"inLanguage":"en-GB","potentialAction":[{"@type":"ReadAction","target":["https:\/\/product-guide.org\/produkt\/zco-zero-compromise-sonnenblende-schwarz-50mm-vegaoptics\/"]}]},{"@type":"ImageObject","inLanguage":"en-GB","@id":"https:\/\/product-guide.org\/produkt\/zco-zero-compromise-sonnenblende-schwarz-50mm-vegaoptics\/#primaryimage","url":"https:\/\/product-guide.org\/wp-content\/uploads\/2025\/03\/Sonnenblende-sunshield_1280x1280.jpg","contentUrl":"https:\/\/product-guide.org\/wp-content\/uploads\/2025\/03\/Sonnenblende-sunshield_1280x1280.jpg","width":1280,"height":853},{"@type":"BreadcrumbList","@id":"https:\/\/product-guide.org\/produkt\/zco-zero-compromise-sonnenblende-schwarz-50mm-vegaoptics\/#breadcrumb","itemListElement":[{"@type":"ListItem","position":1,"name":"Home","item":"https:\/\/product-guide.org\/"},{"@type":"ListItem","position":2,"name":"Ergebnisse","item":"https:\/\/product-guide.org\/de\/ergebnisse\/"},{"@type":"ListItem","position":3,"name":"ZCO Zero Compromise Sonnenblende Schwarz 50mm | Vegaoptics"}]},{"@type":"WebSite","@id":"https:\/\/product-guide.org\/#website","url":"https:\/\/product-guide.org\/","name":"Product-Guide.org","description":"What Product are you looking for?","publisher":{"@id":"https:\/\/product-guide.org\/#organization"},"potentialAction":[{"@type":"SearchAction","target":{"@type":"EntryPoint","urlTemplate":"https:\/\/product-guide.org\/?s={search_term_string}"},"query-input":{"@type":"PropertyValueSpecification","valueRequired":true,"valueName":"search_term_string"}}],"inLanguage":"en-GB"},{"@type":"Organization","@id":"https:\/\/product-guide.org\/#organization","name":"Product-Guide.org","url":"https:\/\/product-guide.org\/","logo":{"@type":"ImageObject","inLanguage":"en-GB","@id":"https:\/\/product-guide.org\/#\/schema\/logo\/image\/","url":"https:\/\/product-guide.org\/wp-content\/uploads\/2022\/07\/logo_transparent_background.png","contentUrl":"https:\/\/product-guide.org\/wp-content\/uploads\/2022\/07\/logo_transparent_background.png","width":3400,"height":1132,"caption":"Product-Guide.org"},"image":{"@id":"https:\/\/product-guide.org\/#\/schema\/logo\/image\/"}}]}},"_links":{"self":[{"href":"https:\/\/product-guide.org\/en\/wp-json\/wp\/v2\/product\/58688","targetHints":{"allow":["GET"]}}],"collection":[{"href":"https:\/\/product-guide.org\/en\/wp-json\/wp\/v2\/product"}],"about":[{"href":"https:\/\/product-guide.org\/en\/wp-json\/wp\/v2\/types\/product"}],"wp:featuredmedia":[{"embeddable":true,"href":"https:\/\/product-guide.org\/en\/wp-json\/wp\/v2\/media\/58687"}],"wp:attachment":[{"href":"https:\/\/product-guide.org\/en\/wp-json\/wp\/v2\/media?parent=58688"}],"wp:term":[{"taxonomy":"store","embeddable":true,"href":"https:\/\/product-guide.org\/en\/wp-json\/wp\/v2\/store?post=58688"},{"taxonomy":"product_brand","embeddable":true,"href":"https:\/\/product-guide.org\/en\/wp-json\/wp\/v2\/product_brand?post=58688"},{"taxonomy":"product_cat","embeddable":true,"href":"https:\/\/product-guide.org\/en\/wp-json\/wp\/v2\/product_cat?post=58688"},{"taxonomy":"product_tag","embeddable":true,"href":"https:\/\/product-guide.org\/en\/wp-json\/wp\/v2\/product_tag?post=58688"}],"curies":[{"name":"wp","href":"https:\/\/api.w.org\/{rel}","templated":true}]}}