{"id":58735,"date":"2025-03-17T13:29:34","date_gmt":"2025-03-17T12:29:34","guid":{"rendered":"https:\/\/product-guide.org\/produkt\/zco-zero-compromise-zc-hunter-17-12x50-zielfernrohr-mhr-sfp-standard-vegaoptics\/"},"modified":"2025-03-17T13:29:35","modified_gmt":"2025-03-17T12:29:35","slug":"zco-zero-compromise-zc-hunter-17-12x50-zielfernrohr-mhr-sfp-standard-vegaoptics","status":"publish","type":"product","link":"https:\/\/product-guide.org\/en\/produkt\/zco-zero-compromise-zc-hunter-17-12x50-zielfernrohr-mhr-sfp-standard-vegaoptics\/","title":{"rendered":"ZCO Zero Compromise ZC Hunter 1,7-12&#215;50 Zielfernrohr MHR-SFP Standard | Vegaoptics"},"content":{"rendered":"<p>ZC Hunter 1.7-12&#215;50 \u2013 Das ultimative Allround-Zielfernrohr vereint h\u00f6chste Pr\u00e4zision, vielseitige Einsatzm\u00f6glichkeiten und moderne Technologie und ist damit die perfekte Wahl f\u00fcr Bewegungs-, D&#8230;<\/p>\n","protected":false},"excerpt":{"rendered":"<p>ZC Hunter 1.7-12&#215;50 \u2013 Das ultimative Allround-Zielfernrohr vereint h\u00f6chste Pr\u00e4zision, vielseitige Einsatzm\u00f6glichkeiten und moderne Technologie und ist damit die perfekte Wahl f\u00fcr Bewegungs-, D&#8230;<\/p>\n","protected":false},"featured_media":58730,"template":"","meta":{"_gspb_post_css":""},"store":[],"product_brand":[1472],"product_cat":[1290],"product_tag":[],"class_list":{"0":"post-58735","1":"product","2":"type-product","3":"status-publish","4":"has-post-thumbnail","6":"product_brand-vegaoptics","7":"product_cat-uncategorized","9":"first","10":"instock","11":"shipping-taxable","12":"purchasable","13":"product-type-simple"},"yoast_head":"<!-- This site is optimized with the Yoast SEO plugin v24.6 - https:\/\/yoast.com\/wordpress\/plugins\/seo\/ -->\n<title>ZCO Zero Compromise ZC Hunter 1,7-12x50 Zielfernrohr MHR-SFP Standard | Vegaoptics | Product-Guide.org<\/title>\n<meta name=\"description\" content=\"ZCO Zero Compromise ZC Hunter 1,7-12x50 Zielfernrohr MHR-SFP Standard | Vegaoptics gefunden von Product-Guide.org\" \/>\n<meta name=\"robots\" content=\"index, follow, max-snippet:-1, max-image-preview:large, max-video-preview:-1\" \/>\n<link rel=\"canonical\" href=\"https:\/\/product-guide.org\/en\/produkt\/zco-zero-compromise-zc-hunter-17-12x50-zielfernrohr-mhr-sfp-standard-vegaoptics\/\" \/>\n<meta property=\"og:locale\" content=\"en_GB\" \/>\n<meta property=\"og:type\" content=\"article\" \/>\n<meta property=\"og:title\" content=\"ZCO Zero Compromise ZC Hunter 1,7-12x50 Zielfernrohr MHR-SFP Standard | Vegaoptics | Product-Guide.org\" \/>\n<meta property=\"og:description\" content=\"ZCO Zero Compromise ZC Hunter 1,7-12x50 Zielfernrohr MHR-SFP Standard | Vegaoptics gefunden von Product-Guide.org\" \/>\n<meta property=\"og:url\" content=\"https:\/\/product-guide.org\/en\/produkt\/zco-zero-compromise-zc-hunter-17-12x50-zielfernrohr-mhr-sfp-standard-vegaoptics\/\" \/>\n<meta property=\"og:site_name\" content=\"Product-Guide.org\" \/>\n<meta property=\"article:modified_time\" content=\"2025-03-17T12:29:35+00:00\" \/>\n<meta name=\"twitter:card\" content=\"summary_large_image\" \/>\n<script type=\"application\/ld+json\" class=\"yoast-schema-graph\">{\"@context\":\"https:\/\/schema.org\",\"@graph\":[{\"@type\":\"WebPage\",\"@id\":\"https:\/\/product-guide.org\/produkt\/zco-zero-compromise-zc-hunter-17-12x50-zielfernrohr-mhr-sfp-standard-vegaoptics\/\",\"url\":\"https:\/\/product-guide.org\/produkt\/zco-zero-compromise-zc-hunter-17-12x50-zielfernrohr-mhr-sfp-standard-vegaoptics\/\",\"name\":\"ZCO Zero Compromise ZC Hunter 1,7-12x50 Zielfernrohr MHR-SFP Standard | Vegaoptics | Product-Guide.org\",\"isPartOf\":{\"@id\":\"https:\/\/product-guide.org\/#website\"},\"primaryImageOfPage\":{\"@id\":\"https:\/\/product-guide.org\/produkt\/zco-zero-compromise-zc-hunter-17-12x50-zielfernrohr-mhr-sfp-standard-vegaoptics\/#primaryimage\"},\"image\":{\"@id\":\"https:\/\/product-guide.org\/produkt\/zco-zero-compromise-zc-hunter-17-12x50-zielfernrohr-mhr-sfp-standard-vegaoptics\/#primaryimage\"},\"thumbnailUrl\":\"https:\/\/product-guide.org\/wp-content\/uploads\/2025\/03\/ZC-Hunter_1_1280x1280.jpg\",\"datePublished\":\"2025-03-17T12:29:34+00:00\",\"dateModified\":\"2025-03-17T12:29:35+00:00\",\"description\":\"ZCO Zero Compromise ZC Hunter 1,7-12x50 Zielfernrohr MHR-SFP Standard | Vegaoptics gefunden von Product-Guide.org\",\"breadcrumb\":{\"@id\":\"https:\/\/product-guide.org\/produkt\/zco-zero-compromise-zc-hunter-17-12x50-zielfernrohr-mhr-sfp-standard-vegaoptics\/#breadcrumb\"},\"inLanguage\":\"en-GB\",\"potentialAction\":[{\"@type\":\"ReadAction\",\"target\":[\"https:\/\/product-guide.org\/produkt\/zco-zero-compromise-zc-hunter-17-12x50-zielfernrohr-mhr-sfp-standard-vegaoptics\/\"]}]},{\"@type\":\"ImageObject\",\"inLanguage\":\"en-GB\",\"@id\":\"https:\/\/product-guide.org\/produkt\/zco-zero-compromise-zc-hunter-17-12x50-zielfernrohr-mhr-sfp-standard-vegaoptics\/#primaryimage\",\"url\":\"https:\/\/product-guide.org\/wp-content\/uploads\/2025\/03\/ZC-Hunter_1_1280x1280.jpg\",\"contentUrl\":\"https:\/\/product-guide.org\/wp-content\/uploads\/2025\/03\/ZC-Hunter_1_1280x1280.jpg\",\"width\":1280,\"height\":720},{\"@type\":\"BreadcrumbList\",\"@id\":\"https:\/\/product-guide.org\/produkt\/zco-zero-compromise-zc-hunter-17-12x50-zielfernrohr-mhr-sfp-standard-vegaoptics\/#breadcrumb\",\"itemListElement\":[{\"@type\":\"ListItem\",\"position\":1,\"name\":\"Home\",\"item\":\"https:\/\/product-guide.org\/\"},{\"@type\":\"ListItem\",\"position\":2,\"name\":\"Ergebnisse\",\"item\":\"https:\/\/product-guide.org\/de\/ergebnisse\/\"},{\"@type\":\"ListItem\",\"position\":3,\"name\":\"ZCO Zero Compromise ZC Hunter 1,7-12&#215;50 Zielfernrohr MHR-SFP Standard | Vegaoptics\"}]},{\"@type\":\"WebSite\",\"@id\":\"https:\/\/product-guide.org\/#website\",\"url\":\"https:\/\/product-guide.org\/\",\"name\":\"Product-Guide.org\",\"description\":\"What Product are you looking for?\",\"publisher\":{\"@id\":\"https:\/\/product-guide.org\/#organization\"},\"potentialAction\":[{\"@type\":\"SearchAction\",\"target\":{\"@type\":\"EntryPoint\",\"urlTemplate\":\"https:\/\/product-guide.org\/?s={search_term_string}\"},\"query-input\":{\"@type\":\"PropertyValueSpecification\",\"valueRequired\":true,\"valueName\":\"search_term_string\"}}],\"inLanguage\":\"en-GB\"},{\"@type\":\"Organization\",\"@id\":\"https:\/\/product-guide.org\/#organization\",\"name\":\"Product-Guide.org\",\"url\":\"https:\/\/product-guide.org\/\",\"logo\":{\"@type\":\"ImageObject\",\"inLanguage\":\"en-GB\",\"@id\":\"https:\/\/product-guide.org\/#\/schema\/logo\/image\/\",\"url\":\"https:\/\/product-guide.org\/wp-content\/uploads\/2022\/07\/logo_transparent_background.png\",\"contentUrl\":\"https:\/\/product-guide.org\/wp-content\/uploads\/2022\/07\/logo_transparent_background.png\",\"width\":3400,\"height\":1132,\"caption\":\"Product-Guide.org\"},\"image\":{\"@id\":\"https:\/\/product-guide.org\/#\/schema\/logo\/image\/\"}}]}<\/script>\n<!-- \/ Yoast SEO plugin. -->","yoast_head_json":{"title":"ZCO Zero Compromise ZC Hunter 1,7-12x50 Zielfernrohr MHR-SFP Standard | Vegaoptics | Product-Guide.org","description":"ZCO Zero Compromise ZC Hunter 1,7-12x50 Zielfernrohr MHR-SFP Standard | Vegaoptics gefunden von Product-Guide.org","robots":{"index":"index","follow":"follow","max-snippet":"max-snippet:-1","max-image-preview":"max-image-preview:large","max-video-preview":"max-video-preview:-1"},"canonical":"https:\/\/product-guide.org\/en\/produkt\/zco-zero-compromise-zc-hunter-17-12x50-zielfernrohr-mhr-sfp-standard-vegaoptics\/","og_locale":"en_GB","og_type":"article","og_title":"ZCO Zero Compromise ZC Hunter 1,7-12x50 Zielfernrohr MHR-SFP Standard | Vegaoptics | Product-Guide.org","og_description":"ZCO Zero Compromise ZC Hunter 1,7-12x50 Zielfernrohr MHR-SFP Standard | Vegaoptics gefunden von Product-Guide.org","og_url":"https:\/\/product-guide.org\/en\/produkt\/zco-zero-compromise-zc-hunter-17-12x50-zielfernrohr-mhr-sfp-standard-vegaoptics\/","og_site_name":"Product-Guide.org","article_modified_time":"2025-03-17T12:29:35+00:00","twitter_card":"summary_large_image","schema":{"@context":"https:\/\/schema.org","@graph":[{"@type":"WebPage","@id":"https:\/\/product-guide.org\/produkt\/zco-zero-compromise-zc-hunter-17-12x50-zielfernrohr-mhr-sfp-standard-vegaoptics\/","url":"https:\/\/product-guide.org\/produkt\/zco-zero-compromise-zc-hunter-17-12x50-zielfernrohr-mhr-sfp-standard-vegaoptics\/","name":"ZCO Zero Compromise ZC Hunter 1,7-12x50 Zielfernrohr MHR-SFP Standard | Vegaoptics | Product-Guide.org","isPartOf":{"@id":"https:\/\/product-guide.org\/#website"},"primaryImageOfPage":{"@id":"https:\/\/product-guide.org\/produkt\/zco-zero-compromise-zc-hunter-17-12x50-zielfernrohr-mhr-sfp-standard-vegaoptics\/#primaryimage"},"image":{"@id":"https:\/\/product-guide.org\/produkt\/zco-zero-compromise-zc-hunter-17-12x50-zielfernrohr-mhr-sfp-standard-vegaoptics\/#primaryimage"},"thumbnailUrl":"https:\/\/product-guide.org\/wp-content\/uploads\/2025\/03\/ZC-Hunter_1_1280x1280.jpg","datePublished":"2025-03-17T12:29:34+00:00","dateModified":"2025-03-17T12:29:35+00:00","description":"ZCO Zero Compromise ZC Hunter 1,7-12x50 Zielfernrohr MHR-SFP Standard | Vegaoptics gefunden von Product-Guide.org","breadcrumb":{"@id":"https:\/\/product-guide.org\/produkt\/zco-zero-compromise-zc-hunter-17-12x50-zielfernrohr-mhr-sfp-standard-vegaoptics\/#breadcrumb"},"inLanguage":"en-GB","potentialAction":[{"@type":"ReadAction","target":["https:\/\/product-guide.org\/produkt\/zco-zero-compromise-zc-hunter-17-12x50-zielfernrohr-mhr-sfp-standard-vegaoptics\/"]}]},{"@type":"ImageObject","inLanguage":"en-GB","@id":"https:\/\/product-guide.org\/produkt\/zco-zero-compromise-zc-hunter-17-12x50-zielfernrohr-mhr-sfp-standard-vegaoptics\/#primaryimage","url":"https:\/\/product-guide.org\/wp-content\/uploads\/2025\/03\/ZC-Hunter_1_1280x1280.jpg","contentUrl":"https:\/\/product-guide.org\/wp-content\/uploads\/2025\/03\/ZC-Hunter_1_1280x1280.jpg","width":1280,"height":720},{"@type":"BreadcrumbList","@id":"https:\/\/product-guide.org\/produkt\/zco-zero-compromise-zc-hunter-17-12x50-zielfernrohr-mhr-sfp-standard-vegaoptics\/#breadcrumb","itemListElement":[{"@type":"ListItem","position":1,"name":"Home","item":"https:\/\/product-guide.org\/"},{"@type":"ListItem","position":2,"name":"Ergebnisse","item":"https:\/\/product-guide.org\/de\/ergebnisse\/"},{"@type":"ListItem","position":3,"name":"ZCO Zero Compromise ZC Hunter 1,7-12&#215;50 Zielfernrohr MHR-SFP Standard | Vegaoptics"}]},{"@type":"WebSite","@id":"https:\/\/product-guide.org\/#website","url":"https:\/\/product-guide.org\/","name":"Product-Guide.org","description":"What Product are you looking for?","publisher":{"@id":"https:\/\/product-guide.org\/#organization"},"potentialAction":[{"@type":"SearchAction","target":{"@type":"EntryPoint","urlTemplate":"https:\/\/product-guide.org\/?s={search_term_string}"},"query-input":{"@type":"PropertyValueSpecification","valueRequired":true,"valueName":"search_term_string"}}],"inLanguage":"en-GB"},{"@type":"Organization","@id":"https:\/\/product-guide.org\/#organization","name":"Product-Guide.org","url":"https:\/\/product-guide.org\/","logo":{"@type":"ImageObject","inLanguage":"en-GB","@id":"https:\/\/product-guide.org\/#\/schema\/logo\/image\/","url":"https:\/\/product-guide.org\/wp-content\/uploads\/2022\/07\/logo_transparent_background.png","contentUrl":"https:\/\/product-guide.org\/wp-content\/uploads\/2022\/07\/logo_transparent_background.png","width":3400,"height":1132,"caption":"Product-Guide.org"},"image":{"@id":"https:\/\/product-guide.org\/#\/schema\/logo\/image\/"}}]}},"_links":{"self":[{"href":"https:\/\/product-guide.org\/en\/wp-json\/wp\/v2\/product\/58735","targetHints":{"allow":["GET"]}}],"collection":[{"href":"https:\/\/product-guide.org\/en\/wp-json\/wp\/v2\/product"}],"about":[{"href":"https:\/\/product-guide.org\/en\/wp-json\/wp\/v2\/types\/product"}],"wp:featuredmedia":[{"embeddable":true,"href":"https:\/\/product-guide.org\/en\/wp-json\/wp\/v2\/media\/58730"}],"wp:attachment":[{"href":"https:\/\/product-guide.org\/en\/wp-json\/wp\/v2\/media?parent=58735"}],"wp:term":[{"taxonomy":"store","embeddable":true,"href":"https:\/\/product-guide.org\/en\/wp-json\/wp\/v2\/store?post=58735"},{"taxonomy":"product_brand","embeddable":true,"href":"https:\/\/product-guide.org\/en\/wp-json\/wp\/v2\/product_brand?post=58735"},{"taxonomy":"product_cat","embeddable":true,"href":"https:\/\/product-guide.org\/en\/wp-json\/wp\/v2\/product_cat?post=58735"},{"taxonomy":"product_tag","embeddable":true,"href":"https:\/\/product-guide.org\/en\/wp-json\/wp\/v2\/product_tag?post=58735"}],"curies":[{"name":"wp","href":"https:\/\/api.w.org\/{rel}","templated":true}]}}