{"id":58751,"date":"2025-03-17T13:29:45","date_gmt":"2025-03-17T12:29:45","guid":{"rendered":"https:\/\/product-guide.org\/produkt\/black-jasmine-pearls-roberts-teehaus\/"},"modified":"2025-03-17T13:29:45","modified_gmt":"2025-03-17T12:29:45","slug":"black-jasmine-pearls-roberts-teehaus","status":"publish","type":"product","link":"https:\/\/product-guide.org\/en\/produkt\/black-jasmine-pearls-roberts-teehaus\/","title":{"rendered":"Black Jasmine Pearls | Roberts Teehaus"},"content":{"rendered":"<p>Black Jasmine Pearls. Jasmintee von schwarzem Oolong ist ungew\u00f6hnlich, zu Perlen gedreht erst recht. Diese Kombination ist schwer zu finden. Schwarzer bzw. dunkler Oolong ist relativ stark oxidiert und in Geschmack und Farbe dem schwarzen Tee \u00e4hnlich. Zubereitung: \u00dcbergie\u00dfen Sie sechs bis acht Perlen mit einem Viertelliter kochendem Wasser und lassen Sie den Aufguss drei bis f\u00fcnf Minuten lang ziehen. Mehrere Aufg\u00fcsse sind m\u00f6glich. Zutaten: Schwarzer Oolong, Jasminbl\u00fctenaroma. Inhaltsstoffe: Koffein, Antioxidantien, die Vitamine A, B3, B9, C, E und K, au\u00dferdem Carotin, Kalium, Kupfer, Selen und Mangan. Immer k\u00fchl, trocken, luftdicht und lichtdicht lagern. Bei richtiger Lagerung ist der Tee ca. 12 Monate haltbar.<\/p>\n","protected":false},"excerpt":{"rendered":"<p>Black Jasmine Pearls. Jasmintee von schwarzem Oolong ist ungew\u00f6hnlich, zu Perlen gedreht erst recht. Diese Kombination ist schwer zu finden. Schwarzer bzw. dunkler Oolong ist relativ stark oxidiert und in Geschmack und Farbe dem schwarzen Tee \u00e4hnlich. Zubereitung: \u00dcbergie\u00dfen Sie sechs bis acht Perlen mit einem Viertelliter kochendem Wasser und lassen Sie den Aufguss drei [&hellip;]<\/p>\n","protected":false},"featured_media":58750,"template":"","meta":{"_gspb_post_css":""},"store":[],"product_brand":[1473],"product_cat":[1290],"product_tag":[],"class_list":{"0":"post-58751","1":"product","2":"type-product","3":"status-publish","4":"has-post-thumbnail","6":"product_brand-roberts-teehaus","7":"product_cat-uncategorized","9":"first","10":"instock","11":"shipping-taxable","12":"purchasable","13":"product-type-simple"},"yoast_head":"<!-- This site is optimized with the Yoast SEO plugin v24.6 - https:\/\/yoast.com\/wordpress\/plugins\/seo\/ -->\n<title>Black Jasmine Pearls | Roberts Teehaus | Product-Guide.org<\/title>\n<meta name=\"description\" content=\"Black Jasmine Pearls | Roberts Teehaus gefunden von Product-Guide.org\" \/>\n<meta name=\"robots\" content=\"index, follow, max-snippet:-1, max-image-preview:large, max-video-preview:-1\" \/>\n<link rel=\"canonical\" href=\"https:\/\/product-guide.org\/en\/produkt\/black-jasmine-pearls-roberts-teehaus\/\" \/>\n<meta property=\"og:locale\" content=\"en_GB\" \/>\n<meta property=\"og:type\" content=\"article\" \/>\n<meta property=\"og:title\" content=\"Black Jasmine Pearls | Roberts Teehaus | Product-Guide.org\" \/>\n<meta property=\"og:description\" content=\"Black Jasmine Pearls | Roberts Teehaus gefunden von Product-Guide.org\" \/>\n<meta property=\"og:url\" content=\"https:\/\/product-guide.org\/en\/produkt\/black-jasmine-pearls-roberts-teehaus\/\" \/>\n<meta property=\"og:site_name\" content=\"Product-Guide.org\" \/>\n<meta name=\"twitter:card\" content=\"summary_large_image\" \/>\n<script type=\"application\/ld+json\" class=\"yoast-schema-graph\">{\"@context\":\"https:\/\/schema.org\",\"@graph\":[{\"@type\":\"WebPage\",\"@id\":\"https:\/\/product-guide.org\/produkt\/black-jasmine-pearls-roberts-teehaus\/\",\"url\":\"https:\/\/product-guide.org\/produkt\/black-jasmine-pearls-roberts-teehaus\/\",\"name\":\"Black Jasmine Pearls | Roberts Teehaus | Product-Guide.org\",\"isPartOf\":{\"@id\":\"https:\/\/product-guide.org\/#website\"},\"primaryImageOfPage\":{\"@id\":\"https:\/\/product-guide.org\/produkt\/black-jasmine-pearls-roberts-teehaus\/#primaryimage\"},\"image\":{\"@id\":\"https:\/\/product-guide.org\/produkt\/black-jasmine-pearls-roberts-teehaus\/#primaryimage\"},\"thumbnailUrl\":\"https:\/\/product-guide.org\/wp-content\/uploads\/2025\/03\/black-jasmine-pearls.jpg\",\"datePublished\":\"2025-03-17T12:29:45+00:00\",\"description\":\"Black Jasmine Pearls | Roberts Teehaus gefunden von Product-Guide.org\",\"breadcrumb\":{\"@id\":\"https:\/\/product-guide.org\/produkt\/black-jasmine-pearls-roberts-teehaus\/#breadcrumb\"},\"inLanguage\":\"en-GB\",\"potentialAction\":[{\"@type\":\"ReadAction\",\"target\":[\"https:\/\/product-guide.org\/produkt\/black-jasmine-pearls-roberts-teehaus\/\"]}]},{\"@type\":\"ImageObject\",\"inLanguage\":\"en-GB\",\"@id\":\"https:\/\/product-guide.org\/produkt\/black-jasmine-pearls-roberts-teehaus\/#primaryimage\",\"url\":\"https:\/\/product-guide.org\/wp-content\/uploads\/2025\/03\/black-jasmine-pearls.jpg\",\"contentUrl\":\"https:\/\/product-guide.org\/wp-content\/uploads\/2025\/03\/black-jasmine-pearls.jpg\",\"width\":2048,\"height\":2048},{\"@type\":\"BreadcrumbList\",\"@id\":\"https:\/\/product-guide.org\/produkt\/black-jasmine-pearls-roberts-teehaus\/#breadcrumb\",\"itemListElement\":[{\"@type\":\"ListItem\",\"position\":1,\"name\":\"Home\",\"item\":\"https:\/\/product-guide.org\/\"},{\"@type\":\"ListItem\",\"position\":2,\"name\":\"Ergebnisse\",\"item\":\"https:\/\/product-guide.org\/de\/ergebnisse\/\"},{\"@type\":\"ListItem\",\"position\":3,\"name\":\"Black Jasmine Pearls | Roberts Teehaus\"}]},{\"@type\":\"WebSite\",\"@id\":\"https:\/\/product-guide.org\/#website\",\"url\":\"https:\/\/product-guide.org\/\",\"name\":\"Product-Guide.org\",\"description\":\"What Product are you looking for?\",\"publisher\":{\"@id\":\"https:\/\/product-guide.org\/#organization\"},\"potentialAction\":[{\"@type\":\"SearchAction\",\"target\":{\"@type\":\"EntryPoint\",\"urlTemplate\":\"https:\/\/product-guide.org\/?s={search_term_string}\"},\"query-input\":{\"@type\":\"PropertyValueSpecification\",\"valueRequired\":true,\"valueName\":\"search_term_string\"}}],\"inLanguage\":\"en-GB\"},{\"@type\":\"Organization\",\"@id\":\"https:\/\/product-guide.org\/#organization\",\"name\":\"Product-Guide.org\",\"url\":\"https:\/\/product-guide.org\/\",\"logo\":{\"@type\":\"ImageObject\",\"inLanguage\":\"en-GB\",\"@id\":\"https:\/\/product-guide.org\/#\/schema\/logo\/image\/\",\"url\":\"https:\/\/product-guide.org\/wp-content\/uploads\/2022\/07\/logo_transparent_background.png\",\"contentUrl\":\"https:\/\/product-guide.org\/wp-content\/uploads\/2022\/07\/logo_transparent_background.png\",\"width\":3400,\"height\":1132,\"caption\":\"Product-Guide.org\"},\"image\":{\"@id\":\"https:\/\/product-guide.org\/#\/schema\/logo\/image\/\"}}]}<\/script>\n<!-- \/ Yoast SEO plugin. -->","yoast_head_json":{"title":"Black Jasmine Pearls | Roberts Teehaus | Product-Guide.org","description":"Black Jasmine Pearls | Roberts Teehaus gefunden von Product-Guide.org","robots":{"index":"index","follow":"follow","max-snippet":"max-snippet:-1","max-image-preview":"max-image-preview:large","max-video-preview":"max-video-preview:-1"},"canonical":"https:\/\/product-guide.org\/en\/produkt\/black-jasmine-pearls-roberts-teehaus\/","og_locale":"en_GB","og_type":"article","og_title":"Black Jasmine Pearls | Roberts Teehaus | Product-Guide.org","og_description":"Black Jasmine Pearls | Roberts Teehaus gefunden von Product-Guide.org","og_url":"https:\/\/product-guide.org\/en\/produkt\/black-jasmine-pearls-roberts-teehaus\/","og_site_name":"Product-Guide.org","twitter_card":"summary_large_image","schema":{"@context":"https:\/\/schema.org","@graph":[{"@type":"WebPage","@id":"https:\/\/product-guide.org\/produkt\/black-jasmine-pearls-roberts-teehaus\/","url":"https:\/\/product-guide.org\/produkt\/black-jasmine-pearls-roberts-teehaus\/","name":"Black Jasmine Pearls | Roberts Teehaus | Product-Guide.org","isPartOf":{"@id":"https:\/\/product-guide.org\/#website"},"primaryImageOfPage":{"@id":"https:\/\/product-guide.org\/produkt\/black-jasmine-pearls-roberts-teehaus\/#primaryimage"},"image":{"@id":"https:\/\/product-guide.org\/produkt\/black-jasmine-pearls-roberts-teehaus\/#primaryimage"},"thumbnailUrl":"https:\/\/product-guide.org\/wp-content\/uploads\/2025\/03\/black-jasmine-pearls.jpg","datePublished":"2025-03-17T12:29:45+00:00","description":"Black Jasmine Pearls | Roberts Teehaus gefunden von Product-Guide.org","breadcrumb":{"@id":"https:\/\/product-guide.org\/produkt\/black-jasmine-pearls-roberts-teehaus\/#breadcrumb"},"inLanguage":"en-GB","potentialAction":[{"@type":"ReadAction","target":["https:\/\/product-guide.org\/produkt\/black-jasmine-pearls-roberts-teehaus\/"]}]},{"@type":"ImageObject","inLanguage":"en-GB","@id":"https:\/\/product-guide.org\/produkt\/black-jasmine-pearls-roberts-teehaus\/#primaryimage","url":"https:\/\/product-guide.org\/wp-content\/uploads\/2025\/03\/black-jasmine-pearls.jpg","contentUrl":"https:\/\/product-guide.org\/wp-content\/uploads\/2025\/03\/black-jasmine-pearls.jpg","width":2048,"height":2048},{"@type":"BreadcrumbList","@id":"https:\/\/product-guide.org\/produkt\/black-jasmine-pearls-roberts-teehaus\/#breadcrumb","itemListElement":[{"@type":"ListItem","position":1,"name":"Home","item":"https:\/\/product-guide.org\/"},{"@type":"ListItem","position":2,"name":"Ergebnisse","item":"https:\/\/product-guide.org\/de\/ergebnisse\/"},{"@type":"ListItem","position":3,"name":"Black Jasmine Pearls | Roberts Teehaus"}]},{"@type":"WebSite","@id":"https:\/\/product-guide.org\/#website","url":"https:\/\/product-guide.org\/","name":"Product-Guide.org","description":"What Product are you looking for?","publisher":{"@id":"https:\/\/product-guide.org\/#organization"},"potentialAction":[{"@type":"SearchAction","target":{"@type":"EntryPoint","urlTemplate":"https:\/\/product-guide.org\/?s={search_term_string}"},"query-input":{"@type":"PropertyValueSpecification","valueRequired":true,"valueName":"search_term_string"}}],"inLanguage":"en-GB"},{"@type":"Organization","@id":"https:\/\/product-guide.org\/#organization","name":"Product-Guide.org","url":"https:\/\/product-guide.org\/","logo":{"@type":"ImageObject","inLanguage":"en-GB","@id":"https:\/\/product-guide.org\/#\/schema\/logo\/image\/","url":"https:\/\/product-guide.org\/wp-content\/uploads\/2022\/07\/logo_transparent_background.png","contentUrl":"https:\/\/product-guide.org\/wp-content\/uploads\/2022\/07\/logo_transparent_background.png","width":3400,"height":1132,"caption":"Product-Guide.org"},"image":{"@id":"https:\/\/product-guide.org\/#\/schema\/logo\/image\/"}}]}},"_links":{"self":[{"href":"https:\/\/product-guide.org\/en\/wp-json\/wp\/v2\/product\/58751","targetHints":{"allow":["GET"]}}],"collection":[{"href":"https:\/\/product-guide.org\/en\/wp-json\/wp\/v2\/product"}],"about":[{"href":"https:\/\/product-guide.org\/en\/wp-json\/wp\/v2\/types\/product"}],"wp:featuredmedia":[{"embeddable":true,"href":"https:\/\/product-guide.org\/en\/wp-json\/wp\/v2\/media\/58750"}],"wp:attachment":[{"href":"https:\/\/product-guide.org\/en\/wp-json\/wp\/v2\/media?parent=58751"}],"wp:term":[{"taxonomy":"store","embeddable":true,"href":"https:\/\/product-guide.org\/en\/wp-json\/wp\/v2\/store?post=58751"},{"taxonomy":"product_brand","embeddable":true,"href":"https:\/\/product-guide.org\/en\/wp-json\/wp\/v2\/product_brand?post=58751"},{"taxonomy":"product_cat","embeddable":true,"href":"https:\/\/product-guide.org\/en\/wp-json\/wp\/v2\/product_cat?post=58751"},{"taxonomy":"product_tag","embeddable":true,"href":"https:\/\/product-guide.org\/en\/wp-json\/wp\/v2\/product_tag?post=58751"}],"curies":[{"name":"wp","href":"https:\/\/api.w.org\/{rel}","templated":true}]}}