{"id":58757,"date":"2025-03-17T13:29:51","date_gmt":"2025-03-17T12:29:51","guid":{"rendered":"https:\/\/product-guide.org\/produkt\/ceylon-op-dimbula-schwarztee-roberts-teehaus-2\/"},"modified":"2025-03-17T13:29:52","modified_gmt":"2025-03-17T12:29:52","slug":"ceylon-op-dimbula-schwarztee-roberts-teehaus-2","status":"publish","type":"product","link":"https:\/\/product-guide.org\/en\/produkt\/ceylon-op-dimbula-schwarztee-roberts-teehaus-2\/","title":{"rendered":"Ceylon OP Dimbula Schwarztee | Roberts Teehaus"},"content":{"rendered":"<p>Ceylon OP Dimbula Schwarztee ist ein hochwertiger schwarzer Blatttee aus Sri Lanka. Zubereitung: \u00dcbergie\u00dfen Sie zehn Gramm Bl\u00e4tter mit einem Liter kochendem Wasser und lassen Sie den Aufguss drei Minuten lang ziehen. Gie\u00dfen Sie ihn durch ein Sieb ab und trinken Sie ihn entweder pur oder mit ein wenig Honig ges\u00fc\u00dft. Zutaten: Ceylon OP Dimbula. Immer k\u00fchl, trocken, luftdicht und lichtdicht lagern. Bei richtiger Lagerung ist der Ceylon OP Dimbula ca. 18 Monate haltbar.<\/p>\n","protected":false},"excerpt":{"rendered":"<p>Ceylon OP Dimbula Schwarztee ist ein hochwertiger schwarzer Blatttee aus Sri Lanka. Zubereitung: \u00dcbergie\u00dfen Sie zehn Gramm Bl\u00e4tter mit einem Liter kochendem Wasser und lassen Sie den Aufguss drei Minuten lang ziehen. Gie\u00dfen Sie ihn durch ein Sieb ab und trinken Sie ihn entweder pur oder mit ein wenig Honig ges\u00fc\u00dft. Zutaten: Ceylon OP Dimbula. [&hellip;]<\/p>\n","protected":false},"featured_media":58755,"template":"","meta":{"_gspb_post_css":""},"store":[],"product_brand":[1473],"product_cat":[1290],"product_tag":[],"class_list":{"0":"post-58757","1":"product","2":"type-product","3":"status-publish","4":"has-post-thumbnail","6":"product_brand-roberts-teehaus","7":"product_cat-uncategorized","9":"first","10":"instock","11":"shipping-taxable","12":"purchasable","13":"product-type-simple"},"yoast_head":"<!-- This site is optimized with the Yoast SEO plugin v24.6 - https:\/\/yoast.com\/wordpress\/plugins\/seo\/ -->\n<title>Ceylon OP Dimbula Schwarztee | Roberts Teehaus | Product-Guide.org<\/title>\n<meta name=\"description\" content=\"Ceylon OP Dimbula Schwarztee | Roberts Teehaus gefunden von Product-Guide.org\" \/>\n<meta name=\"robots\" content=\"index, follow, max-snippet:-1, max-image-preview:large, max-video-preview:-1\" \/>\n<link rel=\"canonical\" href=\"https:\/\/product-guide.org\/en\/produkt\/ceylon-op-dimbula-schwarztee-roberts-teehaus-2\/\" \/>\n<meta property=\"og:locale\" content=\"en_GB\" \/>\n<meta property=\"og:type\" content=\"article\" \/>\n<meta property=\"og:title\" content=\"Ceylon OP Dimbula Schwarztee | Roberts Teehaus | Product-Guide.org\" \/>\n<meta property=\"og:description\" content=\"Ceylon OP Dimbula Schwarztee | Roberts Teehaus gefunden von Product-Guide.org\" \/>\n<meta property=\"og:url\" content=\"https:\/\/product-guide.org\/en\/produkt\/ceylon-op-dimbula-schwarztee-roberts-teehaus-2\/\" \/>\n<meta property=\"og:site_name\" content=\"Product-Guide.org\" \/>\n<meta property=\"article:modified_time\" content=\"2025-03-17T12:29:52+00:00\" \/>\n<meta name=\"twitter:card\" content=\"summary_large_image\" \/>\n<script type=\"application\/ld+json\" class=\"yoast-schema-graph\">{\"@context\":\"https:\/\/schema.org\",\"@graph\":[{\"@type\":\"WebPage\",\"@id\":\"https:\/\/product-guide.org\/produkt\/ceylon-op-dimbula-schwarztee-roberts-teehaus-2\/\",\"url\":\"https:\/\/product-guide.org\/produkt\/ceylon-op-dimbula-schwarztee-roberts-teehaus-2\/\",\"name\":\"Ceylon OP Dimbula Schwarztee | Roberts Teehaus | Product-Guide.org\",\"isPartOf\":{\"@id\":\"https:\/\/product-guide.org\/#website\"},\"primaryImageOfPage\":{\"@id\":\"https:\/\/product-guide.org\/produkt\/ceylon-op-dimbula-schwarztee-roberts-teehaus-2\/#primaryimage\"},\"image\":{\"@id\":\"https:\/\/product-guide.org\/produkt\/ceylon-op-dimbula-schwarztee-roberts-teehaus-2\/#primaryimage\"},\"thumbnailUrl\":\"https:\/\/product-guide.org\/wp-content\/uploads\/2025\/03\/ceylon-op-dimbula.jpg\",\"datePublished\":\"2025-03-17T12:29:51+00:00\",\"dateModified\":\"2025-03-17T12:29:52+00:00\",\"description\":\"Ceylon OP Dimbula Schwarztee | Roberts Teehaus gefunden von Product-Guide.org\",\"breadcrumb\":{\"@id\":\"https:\/\/product-guide.org\/produkt\/ceylon-op-dimbula-schwarztee-roberts-teehaus-2\/#breadcrumb\"},\"inLanguage\":\"en-GB\",\"potentialAction\":[{\"@type\":\"ReadAction\",\"target\":[\"https:\/\/product-guide.org\/produkt\/ceylon-op-dimbula-schwarztee-roberts-teehaus-2\/\"]}]},{\"@type\":\"ImageObject\",\"inLanguage\":\"en-GB\",\"@id\":\"https:\/\/product-guide.org\/produkt\/ceylon-op-dimbula-schwarztee-roberts-teehaus-2\/#primaryimage\",\"url\":\"https:\/\/product-guide.org\/wp-content\/uploads\/2025\/03\/ceylon-op-dimbula.jpg\",\"contentUrl\":\"https:\/\/product-guide.org\/wp-content\/uploads\/2025\/03\/ceylon-op-dimbula.jpg\",\"width\":2048,\"height\":2048},{\"@type\":\"BreadcrumbList\",\"@id\":\"https:\/\/product-guide.org\/produkt\/ceylon-op-dimbula-schwarztee-roberts-teehaus-2\/#breadcrumb\",\"itemListElement\":[{\"@type\":\"ListItem\",\"position\":1,\"name\":\"Home\",\"item\":\"https:\/\/product-guide.org\/\"},{\"@type\":\"ListItem\",\"position\":2,\"name\":\"Ergebnisse\",\"item\":\"https:\/\/product-guide.org\/de\/ergebnisse\/\"},{\"@type\":\"ListItem\",\"position\":3,\"name\":\"Ceylon OP Dimbula Schwarztee | Roberts Teehaus\"}]},{\"@type\":\"WebSite\",\"@id\":\"https:\/\/product-guide.org\/#website\",\"url\":\"https:\/\/product-guide.org\/\",\"name\":\"Product-Guide.org\",\"description\":\"What Product are you looking for?\",\"publisher\":{\"@id\":\"https:\/\/product-guide.org\/#organization\"},\"potentialAction\":[{\"@type\":\"SearchAction\",\"target\":{\"@type\":\"EntryPoint\",\"urlTemplate\":\"https:\/\/product-guide.org\/?s={search_term_string}\"},\"query-input\":{\"@type\":\"PropertyValueSpecification\",\"valueRequired\":true,\"valueName\":\"search_term_string\"}}],\"inLanguage\":\"en-GB\"},{\"@type\":\"Organization\",\"@id\":\"https:\/\/product-guide.org\/#organization\",\"name\":\"Product-Guide.org\",\"url\":\"https:\/\/product-guide.org\/\",\"logo\":{\"@type\":\"ImageObject\",\"inLanguage\":\"en-GB\",\"@id\":\"https:\/\/product-guide.org\/#\/schema\/logo\/image\/\",\"url\":\"https:\/\/product-guide.org\/wp-content\/uploads\/2022\/07\/logo_transparent_background.png\",\"contentUrl\":\"https:\/\/product-guide.org\/wp-content\/uploads\/2022\/07\/logo_transparent_background.png\",\"width\":3400,\"height\":1132,\"caption\":\"Product-Guide.org\"},\"image\":{\"@id\":\"https:\/\/product-guide.org\/#\/schema\/logo\/image\/\"}}]}<\/script>\n<!-- \/ Yoast SEO plugin. -->","yoast_head_json":{"title":"Ceylon OP Dimbula Schwarztee | Roberts Teehaus | Product-Guide.org","description":"Ceylon OP Dimbula Schwarztee | Roberts Teehaus gefunden von Product-Guide.org","robots":{"index":"index","follow":"follow","max-snippet":"max-snippet:-1","max-image-preview":"max-image-preview:large","max-video-preview":"max-video-preview:-1"},"canonical":"https:\/\/product-guide.org\/en\/produkt\/ceylon-op-dimbula-schwarztee-roberts-teehaus-2\/","og_locale":"en_GB","og_type":"article","og_title":"Ceylon OP Dimbula Schwarztee | Roberts Teehaus | Product-Guide.org","og_description":"Ceylon OP Dimbula Schwarztee | Roberts Teehaus gefunden von Product-Guide.org","og_url":"https:\/\/product-guide.org\/en\/produkt\/ceylon-op-dimbula-schwarztee-roberts-teehaus-2\/","og_site_name":"Product-Guide.org","article_modified_time":"2025-03-17T12:29:52+00:00","twitter_card":"summary_large_image","schema":{"@context":"https:\/\/schema.org","@graph":[{"@type":"WebPage","@id":"https:\/\/product-guide.org\/produkt\/ceylon-op-dimbula-schwarztee-roberts-teehaus-2\/","url":"https:\/\/product-guide.org\/produkt\/ceylon-op-dimbula-schwarztee-roberts-teehaus-2\/","name":"Ceylon OP Dimbula Schwarztee | Roberts Teehaus | Product-Guide.org","isPartOf":{"@id":"https:\/\/product-guide.org\/#website"},"primaryImageOfPage":{"@id":"https:\/\/product-guide.org\/produkt\/ceylon-op-dimbula-schwarztee-roberts-teehaus-2\/#primaryimage"},"image":{"@id":"https:\/\/product-guide.org\/produkt\/ceylon-op-dimbula-schwarztee-roberts-teehaus-2\/#primaryimage"},"thumbnailUrl":"https:\/\/product-guide.org\/wp-content\/uploads\/2025\/03\/ceylon-op-dimbula.jpg","datePublished":"2025-03-17T12:29:51+00:00","dateModified":"2025-03-17T12:29:52+00:00","description":"Ceylon OP Dimbula Schwarztee | Roberts Teehaus gefunden von Product-Guide.org","breadcrumb":{"@id":"https:\/\/product-guide.org\/produkt\/ceylon-op-dimbula-schwarztee-roberts-teehaus-2\/#breadcrumb"},"inLanguage":"en-GB","potentialAction":[{"@type":"ReadAction","target":["https:\/\/product-guide.org\/produkt\/ceylon-op-dimbula-schwarztee-roberts-teehaus-2\/"]}]},{"@type":"ImageObject","inLanguage":"en-GB","@id":"https:\/\/product-guide.org\/produkt\/ceylon-op-dimbula-schwarztee-roberts-teehaus-2\/#primaryimage","url":"https:\/\/product-guide.org\/wp-content\/uploads\/2025\/03\/ceylon-op-dimbula.jpg","contentUrl":"https:\/\/product-guide.org\/wp-content\/uploads\/2025\/03\/ceylon-op-dimbula.jpg","width":2048,"height":2048},{"@type":"BreadcrumbList","@id":"https:\/\/product-guide.org\/produkt\/ceylon-op-dimbula-schwarztee-roberts-teehaus-2\/#breadcrumb","itemListElement":[{"@type":"ListItem","position":1,"name":"Home","item":"https:\/\/product-guide.org\/"},{"@type":"ListItem","position":2,"name":"Ergebnisse","item":"https:\/\/product-guide.org\/de\/ergebnisse\/"},{"@type":"ListItem","position":3,"name":"Ceylon OP Dimbula Schwarztee | Roberts Teehaus"}]},{"@type":"WebSite","@id":"https:\/\/product-guide.org\/#website","url":"https:\/\/product-guide.org\/","name":"Product-Guide.org","description":"What Product are you looking for?","publisher":{"@id":"https:\/\/product-guide.org\/#organization"},"potentialAction":[{"@type":"SearchAction","target":{"@type":"EntryPoint","urlTemplate":"https:\/\/product-guide.org\/?s={search_term_string}"},"query-input":{"@type":"PropertyValueSpecification","valueRequired":true,"valueName":"search_term_string"}}],"inLanguage":"en-GB"},{"@type":"Organization","@id":"https:\/\/product-guide.org\/#organization","name":"Product-Guide.org","url":"https:\/\/product-guide.org\/","logo":{"@type":"ImageObject","inLanguage":"en-GB","@id":"https:\/\/product-guide.org\/#\/schema\/logo\/image\/","url":"https:\/\/product-guide.org\/wp-content\/uploads\/2022\/07\/logo_transparent_background.png","contentUrl":"https:\/\/product-guide.org\/wp-content\/uploads\/2022\/07\/logo_transparent_background.png","width":3400,"height":1132,"caption":"Product-Guide.org"},"image":{"@id":"https:\/\/product-guide.org\/#\/schema\/logo\/image\/"}}]}},"_links":{"self":[{"href":"https:\/\/product-guide.org\/en\/wp-json\/wp\/v2\/product\/58757","targetHints":{"allow":["GET"]}}],"collection":[{"href":"https:\/\/product-guide.org\/en\/wp-json\/wp\/v2\/product"}],"about":[{"href":"https:\/\/product-guide.org\/en\/wp-json\/wp\/v2\/types\/product"}],"wp:featuredmedia":[{"embeddable":true,"href":"https:\/\/product-guide.org\/en\/wp-json\/wp\/v2\/media\/58755"}],"wp:attachment":[{"href":"https:\/\/product-guide.org\/en\/wp-json\/wp\/v2\/media?parent=58757"}],"wp:term":[{"taxonomy":"store","embeddable":true,"href":"https:\/\/product-guide.org\/en\/wp-json\/wp\/v2\/store?post=58757"},{"taxonomy":"product_brand","embeddable":true,"href":"https:\/\/product-guide.org\/en\/wp-json\/wp\/v2\/product_brand?post=58757"},{"taxonomy":"product_cat","embeddable":true,"href":"https:\/\/product-guide.org\/en\/wp-json\/wp\/v2\/product_cat?post=58757"},{"taxonomy":"product_tag","embeddable":true,"href":"https:\/\/product-guide.org\/en\/wp-json\/wp\/v2\/product_tag?post=58757"}],"curies":[{"name":"wp","href":"https:\/\/api.w.org\/{rel}","templated":true}]}}