{"id":58764,"date":"2025-03-17T13:29:56","date_gmt":"2025-03-17T12:29:56","guid":{"rendered":"https:\/\/product-guide.org\/produkt\/china-finest-tippy-golden-yunnan-roberts-teehaus-4\/"},"modified":"2025-03-17T13:29:57","modified_gmt":"2025-03-17T12:29:57","slug":"china-finest-tippy-golden-yunnan-roberts-teehaus-4","status":"publish","type":"product","link":"https:\/\/product-guide.org\/en\/produkt\/china-finest-tippy-golden-yunnan-roberts-teehaus-4\/","title":{"rendered":"China Finest Tippy Golden Yunnan | Roberts Teehaus"},"content":{"rendered":"<p>China Finest Tippy Golden Yunnan ist ein sehr hochwertiger Schwarztee, der sich schon optisch durch die vielen goldenen Spitzen auszeichnet, die ihm seinen Namen gegeben haben. Tiefgoldbraun sieht er in der Tasse aus. Er stammt aus dem Hochland von Yunnan, der Region &#8220;S\u00fcdlich der Wolken&#8221;. Zubereitung: Br\u00fchen Sie vier bis sechs Teel\u00f6ffel lose Bl\u00e4tter mit einem Liter sprudelnd kochendem Wasser auf. Falls das Wasser bei Ihnen nicht weich ist, sollten Sie es filtern. Lassen Sie den Aufguss nur kurz ziehen, zwei oder h\u00f6chstens drei Minuten. Genie\u00dfen Sie ihn pur oder ges\u00fc\u00dft. Zutaten: China Finest Tippy Golden Yunnan. Inhaltsstoffe: Koffein, Gerbstoff, Polyphenole, sekund\u00e4re Pflanzenstoffe, Theophyllin, Fluorid, Kalium, Zink, Eisen, Calcium und Natrium. Immer k\u00fchl, trocken, luftdicht und lichtdicht lagern. Bei richtiger Lagerung ist der China Finest Tippy Golden Yunnan ca. 18 Monate haltbar.<\/p>\n","protected":false},"excerpt":{"rendered":"<p>China Finest Tippy Golden Yunnan ist ein sehr hochwertiger Schwarztee, der sich schon optisch durch die vielen goldenen Spitzen auszeichnet, die ihm seinen Namen gegeben haben. Tiefgoldbraun sieht er in der Tasse aus. Er stammt aus dem Hochland von Yunnan, der Region &#8220;S\u00fcdlich der Wolken&#8221;. Zubereitung: Br\u00fchen Sie vier bis sechs Teel\u00f6ffel lose Bl\u00e4tter mit [&hellip;]<\/p>\n","protected":false},"featured_media":58760,"template":"","meta":{"_gspb_post_css":""},"store":[],"product_brand":[1473],"product_cat":[1290],"product_tag":[],"class_list":{"0":"post-58764","1":"product","2":"type-product","3":"status-publish","4":"has-post-thumbnail","6":"product_brand-roberts-teehaus","7":"product_cat-uncategorized","9":"first","10":"instock","11":"shipping-taxable","12":"purchasable","13":"product-type-simple"},"yoast_head":"<!-- This site is optimized with the Yoast SEO plugin v24.6 - https:\/\/yoast.com\/wordpress\/plugins\/seo\/ -->\n<title>China Finest Tippy Golden Yunnan | Roberts Teehaus | Product-Guide.org<\/title>\n<meta name=\"description\" content=\"China Finest Tippy Golden Yunnan | Roberts Teehaus gefunden von Product-Guide.org\" \/>\n<meta name=\"robots\" content=\"index, follow, max-snippet:-1, max-image-preview:large, max-video-preview:-1\" \/>\n<link rel=\"canonical\" href=\"https:\/\/product-guide.org\/en\/produkt\/china-finest-tippy-golden-yunnan-roberts-teehaus-4\/\" \/>\n<meta property=\"og:locale\" content=\"en_GB\" \/>\n<meta property=\"og:type\" content=\"article\" \/>\n<meta property=\"og:title\" content=\"China Finest Tippy Golden Yunnan | Roberts Teehaus | Product-Guide.org\" \/>\n<meta property=\"og:description\" content=\"China Finest Tippy Golden Yunnan | Roberts Teehaus gefunden von Product-Guide.org\" \/>\n<meta property=\"og:url\" content=\"https:\/\/product-guide.org\/en\/produkt\/china-finest-tippy-golden-yunnan-roberts-teehaus-4\/\" \/>\n<meta property=\"og:site_name\" content=\"Product-Guide.org\" \/>\n<meta property=\"article:modified_time\" content=\"2025-03-17T12:29:57+00:00\" \/>\n<meta name=\"twitter:card\" content=\"summary_large_image\" \/>\n<script type=\"application\/ld+json\" class=\"yoast-schema-graph\">{\"@context\":\"https:\/\/schema.org\",\"@graph\":[{\"@type\":\"WebPage\",\"@id\":\"https:\/\/product-guide.org\/produkt\/china-finest-tippy-golden-yunnan-roberts-teehaus-4\/\",\"url\":\"https:\/\/product-guide.org\/produkt\/china-finest-tippy-golden-yunnan-roberts-teehaus-4\/\",\"name\":\"China Finest Tippy Golden Yunnan | Roberts Teehaus | Product-Guide.org\",\"isPartOf\":{\"@id\":\"https:\/\/product-guide.org\/#website\"},\"primaryImageOfPage\":{\"@id\":\"https:\/\/product-guide.org\/produkt\/china-finest-tippy-golden-yunnan-roberts-teehaus-4\/#primaryimage\"},\"image\":{\"@id\":\"https:\/\/product-guide.org\/produkt\/china-finest-tippy-golden-yunnan-roberts-teehaus-4\/#primaryimage\"},\"thumbnailUrl\":\"https:\/\/product-guide.org\/wp-content\/uploads\/2025\/03\/china-finest-tippy-golden-yunnan.jpg\",\"datePublished\":\"2025-03-17T12:29:56+00:00\",\"dateModified\":\"2025-03-17T12:29:57+00:00\",\"description\":\"China Finest Tippy Golden Yunnan | Roberts Teehaus gefunden von Product-Guide.org\",\"breadcrumb\":{\"@id\":\"https:\/\/product-guide.org\/produkt\/china-finest-tippy-golden-yunnan-roberts-teehaus-4\/#breadcrumb\"},\"inLanguage\":\"en-GB\",\"potentialAction\":[{\"@type\":\"ReadAction\",\"target\":[\"https:\/\/product-guide.org\/produkt\/china-finest-tippy-golden-yunnan-roberts-teehaus-4\/\"]}]},{\"@type\":\"ImageObject\",\"inLanguage\":\"en-GB\",\"@id\":\"https:\/\/product-guide.org\/produkt\/china-finest-tippy-golden-yunnan-roberts-teehaus-4\/#primaryimage\",\"url\":\"https:\/\/product-guide.org\/wp-content\/uploads\/2025\/03\/china-finest-tippy-golden-yunnan.jpg\",\"contentUrl\":\"https:\/\/product-guide.org\/wp-content\/uploads\/2025\/03\/china-finest-tippy-golden-yunnan.jpg\",\"width\":2048,\"height\":2048},{\"@type\":\"BreadcrumbList\",\"@id\":\"https:\/\/product-guide.org\/produkt\/china-finest-tippy-golden-yunnan-roberts-teehaus-4\/#breadcrumb\",\"itemListElement\":[{\"@type\":\"ListItem\",\"position\":1,\"name\":\"Home\",\"item\":\"https:\/\/product-guide.org\/\"},{\"@type\":\"ListItem\",\"position\":2,\"name\":\"Ergebnisse\",\"item\":\"https:\/\/product-guide.org\/de\/ergebnisse\/\"},{\"@type\":\"ListItem\",\"position\":3,\"name\":\"China Finest Tippy Golden Yunnan | Roberts Teehaus\"}]},{\"@type\":\"WebSite\",\"@id\":\"https:\/\/product-guide.org\/#website\",\"url\":\"https:\/\/product-guide.org\/\",\"name\":\"Product-Guide.org\",\"description\":\"What Product are you looking for?\",\"publisher\":{\"@id\":\"https:\/\/product-guide.org\/#organization\"},\"potentialAction\":[{\"@type\":\"SearchAction\",\"target\":{\"@type\":\"EntryPoint\",\"urlTemplate\":\"https:\/\/product-guide.org\/?s={search_term_string}\"},\"query-input\":{\"@type\":\"PropertyValueSpecification\",\"valueRequired\":true,\"valueName\":\"search_term_string\"}}],\"inLanguage\":\"en-GB\"},{\"@type\":\"Organization\",\"@id\":\"https:\/\/product-guide.org\/#organization\",\"name\":\"Product-Guide.org\",\"url\":\"https:\/\/product-guide.org\/\",\"logo\":{\"@type\":\"ImageObject\",\"inLanguage\":\"en-GB\",\"@id\":\"https:\/\/product-guide.org\/#\/schema\/logo\/image\/\",\"url\":\"https:\/\/product-guide.org\/wp-content\/uploads\/2022\/07\/logo_transparent_background.png\",\"contentUrl\":\"https:\/\/product-guide.org\/wp-content\/uploads\/2022\/07\/logo_transparent_background.png\",\"width\":3400,\"height\":1132,\"caption\":\"Product-Guide.org\"},\"image\":{\"@id\":\"https:\/\/product-guide.org\/#\/schema\/logo\/image\/\"}}]}<\/script>\n<!-- \/ Yoast SEO plugin. -->","yoast_head_json":{"title":"China Finest Tippy Golden Yunnan | Roberts Teehaus | Product-Guide.org","description":"China Finest Tippy Golden Yunnan | Roberts Teehaus gefunden von Product-Guide.org","robots":{"index":"index","follow":"follow","max-snippet":"max-snippet:-1","max-image-preview":"max-image-preview:large","max-video-preview":"max-video-preview:-1"},"canonical":"https:\/\/product-guide.org\/en\/produkt\/china-finest-tippy-golden-yunnan-roberts-teehaus-4\/","og_locale":"en_GB","og_type":"article","og_title":"China Finest Tippy Golden Yunnan | Roberts Teehaus | Product-Guide.org","og_description":"China Finest Tippy Golden Yunnan | Roberts Teehaus gefunden von Product-Guide.org","og_url":"https:\/\/product-guide.org\/en\/produkt\/china-finest-tippy-golden-yunnan-roberts-teehaus-4\/","og_site_name":"Product-Guide.org","article_modified_time":"2025-03-17T12:29:57+00:00","twitter_card":"summary_large_image","schema":{"@context":"https:\/\/schema.org","@graph":[{"@type":"WebPage","@id":"https:\/\/product-guide.org\/produkt\/china-finest-tippy-golden-yunnan-roberts-teehaus-4\/","url":"https:\/\/product-guide.org\/produkt\/china-finest-tippy-golden-yunnan-roberts-teehaus-4\/","name":"China Finest Tippy Golden Yunnan | Roberts Teehaus | Product-Guide.org","isPartOf":{"@id":"https:\/\/product-guide.org\/#website"},"primaryImageOfPage":{"@id":"https:\/\/product-guide.org\/produkt\/china-finest-tippy-golden-yunnan-roberts-teehaus-4\/#primaryimage"},"image":{"@id":"https:\/\/product-guide.org\/produkt\/china-finest-tippy-golden-yunnan-roberts-teehaus-4\/#primaryimage"},"thumbnailUrl":"https:\/\/product-guide.org\/wp-content\/uploads\/2025\/03\/china-finest-tippy-golden-yunnan.jpg","datePublished":"2025-03-17T12:29:56+00:00","dateModified":"2025-03-17T12:29:57+00:00","description":"China Finest Tippy Golden Yunnan | Roberts Teehaus gefunden von Product-Guide.org","breadcrumb":{"@id":"https:\/\/product-guide.org\/produkt\/china-finest-tippy-golden-yunnan-roberts-teehaus-4\/#breadcrumb"},"inLanguage":"en-GB","potentialAction":[{"@type":"ReadAction","target":["https:\/\/product-guide.org\/produkt\/china-finest-tippy-golden-yunnan-roberts-teehaus-4\/"]}]},{"@type":"ImageObject","inLanguage":"en-GB","@id":"https:\/\/product-guide.org\/produkt\/china-finest-tippy-golden-yunnan-roberts-teehaus-4\/#primaryimage","url":"https:\/\/product-guide.org\/wp-content\/uploads\/2025\/03\/china-finest-tippy-golden-yunnan.jpg","contentUrl":"https:\/\/product-guide.org\/wp-content\/uploads\/2025\/03\/china-finest-tippy-golden-yunnan.jpg","width":2048,"height":2048},{"@type":"BreadcrumbList","@id":"https:\/\/product-guide.org\/produkt\/china-finest-tippy-golden-yunnan-roberts-teehaus-4\/#breadcrumb","itemListElement":[{"@type":"ListItem","position":1,"name":"Home","item":"https:\/\/product-guide.org\/"},{"@type":"ListItem","position":2,"name":"Ergebnisse","item":"https:\/\/product-guide.org\/de\/ergebnisse\/"},{"@type":"ListItem","position":3,"name":"China Finest Tippy Golden Yunnan | Roberts Teehaus"}]},{"@type":"WebSite","@id":"https:\/\/product-guide.org\/#website","url":"https:\/\/product-guide.org\/","name":"Product-Guide.org","description":"What Product are you looking for?","publisher":{"@id":"https:\/\/product-guide.org\/#organization"},"potentialAction":[{"@type":"SearchAction","target":{"@type":"EntryPoint","urlTemplate":"https:\/\/product-guide.org\/?s={search_term_string}"},"query-input":{"@type":"PropertyValueSpecification","valueRequired":true,"valueName":"search_term_string"}}],"inLanguage":"en-GB"},{"@type":"Organization","@id":"https:\/\/product-guide.org\/#organization","name":"Product-Guide.org","url":"https:\/\/product-guide.org\/","logo":{"@type":"ImageObject","inLanguage":"en-GB","@id":"https:\/\/product-guide.org\/#\/schema\/logo\/image\/","url":"https:\/\/product-guide.org\/wp-content\/uploads\/2022\/07\/logo_transparent_background.png","contentUrl":"https:\/\/product-guide.org\/wp-content\/uploads\/2022\/07\/logo_transparent_background.png","width":3400,"height":1132,"caption":"Product-Guide.org"},"image":{"@id":"https:\/\/product-guide.org\/#\/schema\/logo\/image\/"}}]}},"_links":{"self":[{"href":"https:\/\/product-guide.org\/en\/wp-json\/wp\/v2\/product\/58764","targetHints":{"allow":["GET"]}}],"collection":[{"href":"https:\/\/product-guide.org\/en\/wp-json\/wp\/v2\/product"}],"about":[{"href":"https:\/\/product-guide.org\/en\/wp-json\/wp\/v2\/types\/product"}],"wp:featuredmedia":[{"embeddable":true,"href":"https:\/\/product-guide.org\/en\/wp-json\/wp\/v2\/media\/58760"}],"wp:attachment":[{"href":"https:\/\/product-guide.org\/en\/wp-json\/wp\/v2\/media?parent=58764"}],"wp:term":[{"taxonomy":"store","embeddable":true,"href":"https:\/\/product-guide.org\/en\/wp-json\/wp\/v2\/store?post=58764"},{"taxonomy":"product_brand","embeddable":true,"href":"https:\/\/product-guide.org\/en\/wp-json\/wp\/v2\/product_brand?post=58764"},{"taxonomy":"product_cat","embeddable":true,"href":"https:\/\/product-guide.org\/en\/wp-json\/wp\/v2\/product_cat?post=58764"},{"taxonomy":"product_tag","embeddable":true,"href":"https:\/\/product-guide.org\/en\/wp-json\/wp\/v2\/product_tag?post=58764"}],"curies":[{"name":"wp","href":"https:\/\/api.w.org\/{rel}","templated":true}]}}