{"id":58766,"date":"2025-03-17T13:29:58","date_gmt":"2025-03-17T12:29:58","guid":{"rendered":"https:\/\/product-guide.org\/produkt\/china-jasmin-congou-roberts-teehaus\/"},"modified":"2025-03-17T13:29:59","modified_gmt":"2025-03-17T12:29:59","slug":"china-jasmin-congou-roberts-teehaus","status":"publish","type":"product","link":"https:\/\/product-guide.org\/en\/produkt\/china-jasmin-congou-roberts-teehaus\/","title":{"rendered":"China Jasmin Congou | Roberts Teehaus"},"content":{"rendered":"<p>China Jasmin Congou ist ein duftender, wohlschmeckender, hochwertiger Tee mit intensivem Aroma und brillanter Farbe. Zubereitung: Nehmen Sie elf Gramm China Jasmin Congou Tee auf einen Liter Wasser, das Sie sprudelnd aufgekocht und vier Minuten zum Abk\u00fchlen stehen gelassen haben. Geben Sie dem Aufguss in der geschlossenen Kanne zwei Minuten zum Ziehen. Er soll zartgr\u00fcn aussehen. Zutaten: Gr\u00fcner Tee, Jasminbl\u00fcten. Immer k\u00fchl, trocken, luftdicht und lichtdicht lagern. Bei richtiger Lagerung ist der China Jasmin Congou ca. 12 Monate haltbar.<\/p>\n","protected":false},"excerpt":{"rendered":"<p>China Jasmin Congou ist ein duftender, wohlschmeckender, hochwertiger Tee mit intensivem Aroma und brillanter Farbe. Zubereitung: Nehmen Sie elf Gramm China Jasmin Congou Tee auf einen Liter Wasser, das Sie sprudelnd aufgekocht und vier Minuten zum Abk\u00fchlen stehen gelassen haben. Geben Sie dem Aufguss in der geschlossenen Kanne zwei Minuten zum Ziehen. Er soll zartgr\u00fcn [&hellip;]<\/p>\n","protected":false},"featured_media":58765,"template":"","meta":{"_gspb_post_css":""},"store":[],"product_brand":[1473],"product_cat":[1290],"product_tag":[],"class_list":{"0":"post-58766","1":"product","2":"type-product","3":"status-publish","4":"has-post-thumbnail","6":"product_brand-roberts-teehaus","7":"product_cat-uncategorized","9":"first","10":"instock","11":"shipping-taxable","12":"purchasable","13":"product-type-simple"},"yoast_head":"<!-- This site is optimized with the Yoast SEO plugin v24.6 - https:\/\/yoast.com\/wordpress\/plugins\/seo\/ -->\n<title>China Jasmin Congou | Roberts Teehaus | Product-Guide.org<\/title>\n<meta name=\"description\" content=\"China Jasmin Congou | Roberts Teehaus gefunden von Product-Guide.org\" \/>\n<meta name=\"robots\" content=\"index, follow, max-snippet:-1, max-image-preview:large, max-video-preview:-1\" \/>\n<link rel=\"canonical\" href=\"https:\/\/product-guide.org\/en\/produkt\/china-jasmin-congou-roberts-teehaus\/\" \/>\n<meta property=\"og:locale\" content=\"en_GB\" \/>\n<meta property=\"og:type\" content=\"article\" \/>\n<meta property=\"og:title\" content=\"China Jasmin Congou | Roberts Teehaus | Product-Guide.org\" \/>\n<meta property=\"og:description\" content=\"China Jasmin Congou | Roberts Teehaus gefunden von Product-Guide.org\" \/>\n<meta property=\"og:url\" content=\"https:\/\/product-guide.org\/en\/produkt\/china-jasmin-congou-roberts-teehaus\/\" \/>\n<meta property=\"og:site_name\" content=\"Product-Guide.org\" \/>\n<meta property=\"article:modified_time\" content=\"2025-03-17T12:29:59+00:00\" \/>\n<meta name=\"twitter:card\" content=\"summary_large_image\" \/>\n<script type=\"application\/ld+json\" class=\"yoast-schema-graph\">{\"@context\":\"https:\/\/schema.org\",\"@graph\":[{\"@type\":\"WebPage\",\"@id\":\"https:\/\/product-guide.org\/produkt\/china-jasmin-congou-roberts-teehaus\/\",\"url\":\"https:\/\/product-guide.org\/produkt\/china-jasmin-congou-roberts-teehaus\/\",\"name\":\"China Jasmin Congou | Roberts Teehaus | Product-Guide.org\",\"isPartOf\":{\"@id\":\"https:\/\/product-guide.org\/#website\"},\"primaryImageOfPage\":{\"@id\":\"https:\/\/product-guide.org\/produkt\/china-jasmin-congou-roberts-teehaus\/#primaryimage\"},\"image\":{\"@id\":\"https:\/\/product-guide.org\/produkt\/china-jasmin-congou-roberts-teehaus\/#primaryimage\"},\"thumbnailUrl\":\"https:\/\/product-guide.org\/wp-content\/uploads\/2025\/03\/china-jasmin-congou.jpg\",\"datePublished\":\"2025-03-17T12:29:58+00:00\",\"dateModified\":\"2025-03-17T12:29:59+00:00\",\"description\":\"China Jasmin Congou | Roberts Teehaus gefunden von Product-Guide.org\",\"breadcrumb\":{\"@id\":\"https:\/\/product-guide.org\/produkt\/china-jasmin-congou-roberts-teehaus\/#breadcrumb\"},\"inLanguage\":\"en-GB\",\"potentialAction\":[{\"@type\":\"ReadAction\",\"target\":[\"https:\/\/product-guide.org\/produkt\/china-jasmin-congou-roberts-teehaus\/\"]}]},{\"@type\":\"ImageObject\",\"inLanguage\":\"en-GB\",\"@id\":\"https:\/\/product-guide.org\/produkt\/china-jasmin-congou-roberts-teehaus\/#primaryimage\",\"url\":\"https:\/\/product-guide.org\/wp-content\/uploads\/2025\/03\/china-jasmin-congou.jpg\",\"contentUrl\":\"https:\/\/product-guide.org\/wp-content\/uploads\/2025\/03\/china-jasmin-congou.jpg\",\"width\":2048,\"height\":2048},{\"@type\":\"BreadcrumbList\",\"@id\":\"https:\/\/product-guide.org\/produkt\/china-jasmin-congou-roberts-teehaus\/#breadcrumb\",\"itemListElement\":[{\"@type\":\"ListItem\",\"position\":1,\"name\":\"Home\",\"item\":\"https:\/\/product-guide.org\/\"},{\"@type\":\"ListItem\",\"position\":2,\"name\":\"Ergebnisse\",\"item\":\"https:\/\/product-guide.org\/de\/ergebnisse\/\"},{\"@type\":\"ListItem\",\"position\":3,\"name\":\"China Jasmin Congou | Roberts Teehaus\"}]},{\"@type\":\"WebSite\",\"@id\":\"https:\/\/product-guide.org\/#website\",\"url\":\"https:\/\/product-guide.org\/\",\"name\":\"Product-Guide.org\",\"description\":\"What Product are you looking for?\",\"publisher\":{\"@id\":\"https:\/\/product-guide.org\/#organization\"},\"potentialAction\":[{\"@type\":\"SearchAction\",\"target\":{\"@type\":\"EntryPoint\",\"urlTemplate\":\"https:\/\/product-guide.org\/?s={search_term_string}\"},\"query-input\":{\"@type\":\"PropertyValueSpecification\",\"valueRequired\":true,\"valueName\":\"search_term_string\"}}],\"inLanguage\":\"en-GB\"},{\"@type\":\"Organization\",\"@id\":\"https:\/\/product-guide.org\/#organization\",\"name\":\"Product-Guide.org\",\"url\":\"https:\/\/product-guide.org\/\",\"logo\":{\"@type\":\"ImageObject\",\"inLanguage\":\"en-GB\",\"@id\":\"https:\/\/product-guide.org\/#\/schema\/logo\/image\/\",\"url\":\"https:\/\/product-guide.org\/wp-content\/uploads\/2022\/07\/logo_transparent_background.png\",\"contentUrl\":\"https:\/\/product-guide.org\/wp-content\/uploads\/2022\/07\/logo_transparent_background.png\",\"width\":3400,\"height\":1132,\"caption\":\"Product-Guide.org\"},\"image\":{\"@id\":\"https:\/\/product-guide.org\/#\/schema\/logo\/image\/\"}}]}<\/script>\n<!-- \/ Yoast SEO plugin. -->","yoast_head_json":{"title":"China Jasmin Congou | Roberts Teehaus | Product-Guide.org","description":"China Jasmin Congou | Roberts Teehaus gefunden von Product-Guide.org","robots":{"index":"index","follow":"follow","max-snippet":"max-snippet:-1","max-image-preview":"max-image-preview:large","max-video-preview":"max-video-preview:-1"},"canonical":"https:\/\/product-guide.org\/en\/produkt\/china-jasmin-congou-roberts-teehaus\/","og_locale":"en_GB","og_type":"article","og_title":"China Jasmin Congou | Roberts Teehaus | Product-Guide.org","og_description":"China Jasmin Congou | Roberts Teehaus gefunden von Product-Guide.org","og_url":"https:\/\/product-guide.org\/en\/produkt\/china-jasmin-congou-roberts-teehaus\/","og_site_name":"Product-Guide.org","article_modified_time":"2025-03-17T12:29:59+00:00","twitter_card":"summary_large_image","schema":{"@context":"https:\/\/schema.org","@graph":[{"@type":"WebPage","@id":"https:\/\/product-guide.org\/produkt\/china-jasmin-congou-roberts-teehaus\/","url":"https:\/\/product-guide.org\/produkt\/china-jasmin-congou-roberts-teehaus\/","name":"China Jasmin Congou | Roberts Teehaus | Product-Guide.org","isPartOf":{"@id":"https:\/\/product-guide.org\/#website"},"primaryImageOfPage":{"@id":"https:\/\/product-guide.org\/produkt\/china-jasmin-congou-roberts-teehaus\/#primaryimage"},"image":{"@id":"https:\/\/product-guide.org\/produkt\/china-jasmin-congou-roberts-teehaus\/#primaryimage"},"thumbnailUrl":"https:\/\/product-guide.org\/wp-content\/uploads\/2025\/03\/china-jasmin-congou.jpg","datePublished":"2025-03-17T12:29:58+00:00","dateModified":"2025-03-17T12:29:59+00:00","description":"China Jasmin Congou | Roberts Teehaus gefunden von Product-Guide.org","breadcrumb":{"@id":"https:\/\/product-guide.org\/produkt\/china-jasmin-congou-roberts-teehaus\/#breadcrumb"},"inLanguage":"en-GB","potentialAction":[{"@type":"ReadAction","target":["https:\/\/product-guide.org\/produkt\/china-jasmin-congou-roberts-teehaus\/"]}]},{"@type":"ImageObject","inLanguage":"en-GB","@id":"https:\/\/product-guide.org\/produkt\/china-jasmin-congou-roberts-teehaus\/#primaryimage","url":"https:\/\/product-guide.org\/wp-content\/uploads\/2025\/03\/china-jasmin-congou.jpg","contentUrl":"https:\/\/product-guide.org\/wp-content\/uploads\/2025\/03\/china-jasmin-congou.jpg","width":2048,"height":2048},{"@type":"BreadcrumbList","@id":"https:\/\/product-guide.org\/produkt\/china-jasmin-congou-roberts-teehaus\/#breadcrumb","itemListElement":[{"@type":"ListItem","position":1,"name":"Home","item":"https:\/\/product-guide.org\/"},{"@type":"ListItem","position":2,"name":"Ergebnisse","item":"https:\/\/product-guide.org\/de\/ergebnisse\/"},{"@type":"ListItem","position":3,"name":"China Jasmin Congou | Roberts Teehaus"}]},{"@type":"WebSite","@id":"https:\/\/product-guide.org\/#website","url":"https:\/\/product-guide.org\/","name":"Product-Guide.org","description":"What Product are you looking for?","publisher":{"@id":"https:\/\/product-guide.org\/#organization"},"potentialAction":[{"@type":"SearchAction","target":{"@type":"EntryPoint","urlTemplate":"https:\/\/product-guide.org\/?s={search_term_string}"},"query-input":{"@type":"PropertyValueSpecification","valueRequired":true,"valueName":"search_term_string"}}],"inLanguage":"en-GB"},{"@type":"Organization","@id":"https:\/\/product-guide.org\/#organization","name":"Product-Guide.org","url":"https:\/\/product-guide.org\/","logo":{"@type":"ImageObject","inLanguage":"en-GB","@id":"https:\/\/product-guide.org\/#\/schema\/logo\/image\/","url":"https:\/\/product-guide.org\/wp-content\/uploads\/2022\/07\/logo_transparent_background.png","contentUrl":"https:\/\/product-guide.org\/wp-content\/uploads\/2022\/07\/logo_transparent_background.png","width":3400,"height":1132,"caption":"Product-Guide.org"},"image":{"@id":"https:\/\/product-guide.org\/#\/schema\/logo\/image\/"}}]}},"_links":{"self":[{"href":"https:\/\/product-guide.org\/en\/wp-json\/wp\/v2\/product\/58766","targetHints":{"allow":["GET"]}}],"collection":[{"href":"https:\/\/product-guide.org\/en\/wp-json\/wp\/v2\/product"}],"about":[{"href":"https:\/\/product-guide.org\/en\/wp-json\/wp\/v2\/types\/product"}],"wp:featuredmedia":[{"embeddable":true,"href":"https:\/\/product-guide.org\/en\/wp-json\/wp\/v2\/media\/58765"}],"wp:attachment":[{"href":"https:\/\/product-guide.org\/en\/wp-json\/wp\/v2\/media?parent=58766"}],"wp:term":[{"taxonomy":"store","embeddable":true,"href":"https:\/\/product-guide.org\/en\/wp-json\/wp\/v2\/store?post=58766"},{"taxonomy":"product_brand","embeddable":true,"href":"https:\/\/product-guide.org\/en\/wp-json\/wp\/v2\/product_brand?post=58766"},{"taxonomy":"product_cat","embeddable":true,"href":"https:\/\/product-guide.org\/en\/wp-json\/wp\/v2\/product_cat?post=58766"},{"taxonomy":"product_tag","embeddable":true,"href":"https:\/\/product-guide.org\/en\/wp-json\/wp\/v2\/product_tag?post=58766"}],"curies":[{"name":"wp","href":"https:\/\/api.w.org\/{rel}","templated":true}]}}