{"id":58769,"date":"2025-03-17T13:30:03","date_gmt":"2025-03-17T12:30:03","guid":{"rendered":"https:\/\/product-guide.org\/produkt\/china-jasmine-superior-roberts-teehaus\/"},"modified":"2025-03-17T13:30:04","modified_gmt":"2025-03-17T12:30:04","slug":"china-jasmine-superior-roberts-teehaus","status":"publish","type":"product","link":"https:\/\/product-guide.org\/en\/produkt\/china-jasmine-superior-roberts-teehaus\/","title":{"rendered":"China Jasmine Superior | Roberts Teehaus"},"content":{"rendered":"<p>Dieser erstklassige milde Gr\u00fcntee China Jasmine Superior wird in der gebirgigen s\u00fcdchinesischen Provinz Hunan angebaut und mit frischem Jasmin sorgsam beduftet. Einige Bl\u00fcten verbleiben im Tee und verleihen ihm nicht nur sein besonderes Aussehen, sondern auch seinen zart-blumigen Wohlgeruch. Zubereitung: F\u00fcllen Sie pro Tasse einen Teel\u00f6ffel davon in eine Kanne, die Sie mit hei\u00dfem Wasser ausgesp\u00fclt und so leicht vorgew\u00e4rmt haben. Bringen Sie m\u00f6glichst weiches oder gefiltertes Wasser zum Kochen und lassen Sie es f\u00fcnf Minuten lang stehen, damit es etwas abk\u00fchlt. \u00dcbergie\u00dfen Sie die Bl\u00e4tter und Bl\u00fcten damit. Atmen Sie den verf\u00fchrerischen Duft ein und geben Sie den Tee nach einer Ziehzeit von drei Minuten durch ein Sieb. Trinken Sie ihn pur. Zutaten: Gr\u00fcner Tee, Jasminbl\u00fcten. Inhaltsstoffe: Fluor, Magnesium, Kalium, Kupfer, Nickel, Koffein, Gerbstoffe, Saponine, \u00c4therische \u00d6le und die Vitamine A, C und B1. Immer k\u00fchl, trocken, luftdicht und lichtdicht lagern. Bei richtiger Lagerung ist der China Jasmin Superior ca. 12 Monate haltbar.<\/p>\n","protected":false},"excerpt":{"rendered":"<p>Dieser erstklassige milde Gr\u00fcntee China Jasmine Superior wird in der gebirgigen s\u00fcdchinesischen Provinz Hunan angebaut und mit frischem Jasmin sorgsam beduftet. Einige Bl\u00fcten verbleiben im Tee und verleihen ihm nicht nur sein besonderes Aussehen, sondern auch seinen zart-blumigen Wohlgeruch. Zubereitung: F\u00fcllen Sie pro Tasse einen Teel\u00f6ffel davon in eine Kanne, die Sie mit hei\u00dfem Wasser [&hellip;]<\/p>\n","protected":false},"featured_media":58768,"template":"","meta":{"_gspb_post_css":""},"store":[],"product_brand":[1473],"product_cat":[1290],"product_tag":[],"class_list":{"0":"post-58769","1":"product","2":"type-product","3":"status-publish","4":"has-post-thumbnail","6":"product_brand-roberts-teehaus","7":"product_cat-uncategorized","9":"first","10":"instock","11":"shipping-taxable","12":"purchasable","13":"product-type-simple"},"yoast_head":"<!-- This site is optimized with the Yoast SEO plugin v24.6 - https:\/\/yoast.com\/wordpress\/plugins\/seo\/ -->\n<title>China Jasmine Superior | Roberts Teehaus | Product-Guide.org<\/title>\n<meta name=\"description\" content=\"China Jasmine Superior | Roberts Teehaus gefunden von Product-Guide.org\" \/>\n<meta name=\"robots\" content=\"index, follow, max-snippet:-1, max-image-preview:large, max-video-preview:-1\" \/>\n<link rel=\"canonical\" href=\"https:\/\/product-guide.org\/en\/produkt\/china-jasmine-superior-roberts-teehaus\/\" \/>\n<meta property=\"og:locale\" content=\"en_GB\" \/>\n<meta property=\"og:type\" content=\"article\" \/>\n<meta property=\"og:title\" content=\"China Jasmine Superior | Roberts Teehaus | Product-Guide.org\" \/>\n<meta property=\"og:description\" content=\"China Jasmine Superior | Roberts Teehaus gefunden von Product-Guide.org\" \/>\n<meta property=\"og:url\" content=\"https:\/\/product-guide.org\/en\/produkt\/china-jasmine-superior-roberts-teehaus\/\" \/>\n<meta property=\"og:site_name\" content=\"Product-Guide.org\" \/>\n<meta property=\"article:modified_time\" content=\"2025-03-17T12:30:04+00:00\" \/>\n<meta name=\"twitter:card\" content=\"summary_large_image\" \/>\n<script type=\"application\/ld+json\" class=\"yoast-schema-graph\">{\"@context\":\"https:\/\/schema.org\",\"@graph\":[{\"@type\":\"WebPage\",\"@id\":\"https:\/\/product-guide.org\/produkt\/china-jasmine-superior-roberts-teehaus\/\",\"url\":\"https:\/\/product-guide.org\/produkt\/china-jasmine-superior-roberts-teehaus\/\",\"name\":\"China Jasmine Superior | Roberts Teehaus | Product-Guide.org\",\"isPartOf\":{\"@id\":\"https:\/\/product-guide.org\/#website\"},\"primaryImageOfPage\":{\"@id\":\"https:\/\/product-guide.org\/produkt\/china-jasmine-superior-roberts-teehaus\/#primaryimage\"},\"image\":{\"@id\":\"https:\/\/product-guide.org\/produkt\/china-jasmine-superior-roberts-teehaus\/#primaryimage\"},\"thumbnailUrl\":\"https:\/\/product-guide.org\/wp-content\/uploads\/2025\/03\/china-jasmin-superior.jpg\",\"datePublished\":\"2025-03-17T12:30:03+00:00\",\"dateModified\":\"2025-03-17T12:30:04+00:00\",\"description\":\"China Jasmine Superior | Roberts Teehaus gefunden von Product-Guide.org\",\"breadcrumb\":{\"@id\":\"https:\/\/product-guide.org\/produkt\/china-jasmine-superior-roberts-teehaus\/#breadcrumb\"},\"inLanguage\":\"en-GB\",\"potentialAction\":[{\"@type\":\"ReadAction\",\"target\":[\"https:\/\/product-guide.org\/produkt\/china-jasmine-superior-roberts-teehaus\/\"]}]},{\"@type\":\"ImageObject\",\"inLanguage\":\"en-GB\",\"@id\":\"https:\/\/product-guide.org\/produkt\/china-jasmine-superior-roberts-teehaus\/#primaryimage\",\"url\":\"https:\/\/product-guide.org\/wp-content\/uploads\/2025\/03\/china-jasmin-superior.jpg\",\"contentUrl\":\"https:\/\/product-guide.org\/wp-content\/uploads\/2025\/03\/china-jasmin-superior.jpg\",\"width\":2048,\"height\":2048},{\"@type\":\"BreadcrumbList\",\"@id\":\"https:\/\/product-guide.org\/produkt\/china-jasmine-superior-roberts-teehaus\/#breadcrumb\",\"itemListElement\":[{\"@type\":\"ListItem\",\"position\":1,\"name\":\"Home\",\"item\":\"https:\/\/product-guide.org\/\"},{\"@type\":\"ListItem\",\"position\":2,\"name\":\"Ergebnisse\",\"item\":\"https:\/\/product-guide.org\/de\/ergebnisse\/\"},{\"@type\":\"ListItem\",\"position\":3,\"name\":\"China Jasmine Superior | Roberts Teehaus\"}]},{\"@type\":\"WebSite\",\"@id\":\"https:\/\/product-guide.org\/#website\",\"url\":\"https:\/\/product-guide.org\/\",\"name\":\"Product-Guide.org\",\"description\":\"What Product are you looking for?\",\"publisher\":{\"@id\":\"https:\/\/product-guide.org\/#organization\"},\"potentialAction\":[{\"@type\":\"SearchAction\",\"target\":{\"@type\":\"EntryPoint\",\"urlTemplate\":\"https:\/\/product-guide.org\/?s={search_term_string}\"},\"query-input\":{\"@type\":\"PropertyValueSpecification\",\"valueRequired\":true,\"valueName\":\"search_term_string\"}}],\"inLanguage\":\"en-GB\"},{\"@type\":\"Organization\",\"@id\":\"https:\/\/product-guide.org\/#organization\",\"name\":\"Product-Guide.org\",\"url\":\"https:\/\/product-guide.org\/\",\"logo\":{\"@type\":\"ImageObject\",\"inLanguage\":\"en-GB\",\"@id\":\"https:\/\/product-guide.org\/#\/schema\/logo\/image\/\",\"url\":\"https:\/\/product-guide.org\/wp-content\/uploads\/2022\/07\/logo_transparent_background.png\",\"contentUrl\":\"https:\/\/product-guide.org\/wp-content\/uploads\/2022\/07\/logo_transparent_background.png\",\"width\":3400,\"height\":1132,\"caption\":\"Product-Guide.org\"},\"image\":{\"@id\":\"https:\/\/product-guide.org\/#\/schema\/logo\/image\/\"}}]}<\/script>\n<!-- \/ Yoast SEO plugin. -->","yoast_head_json":{"title":"China Jasmine Superior | Roberts Teehaus | Product-Guide.org","description":"China Jasmine Superior | Roberts Teehaus gefunden von Product-Guide.org","robots":{"index":"index","follow":"follow","max-snippet":"max-snippet:-1","max-image-preview":"max-image-preview:large","max-video-preview":"max-video-preview:-1"},"canonical":"https:\/\/product-guide.org\/en\/produkt\/china-jasmine-superior-roberts-teehaus\/","og_locale":"en_GB","og_type":"article","og_title":"China Jasmine Superior | Roberts Teehaus | Product-Guide.org","og_description":"China Jasmine Superior | Roberts Teehaus gefunden von Product-Guide.org","og_url":"https:\/\/product-guide.org\/en\/produkt\/china-jasmine-superior-roberts-teehaus\/","og_site_name":"Product-Guide.org","article_modified_time":"2025-03-17T12:30:04+00:00","twitter_card":"summary_large_image","schema":{"@context":"https:\/\/schema.org","@graph":[{"@type":"WebPage","@id":"https:\/\/product-guide.org\/produkt\/china-jasmine-superior-roberts-teehaus\/","url":"https:\/\/product-guide.org\/produkt\/china-jasmine-superior-roberts-teehaus\/","name":"China Jasmine Superior | Roberts Teehaus | Product-Guide.org","isPartOf":{"@id":"https:\/\/product-guide.org\/#website"},"primaryImageOfPage":{"@id":"https:\/\/product-guide.org\/produkt\/china-jasmine-superior-roberts-teehaus\/#primaryimage"},"image":{"@id":"https:\/\/product-guide.org\/produkt\/china-jasmine-superior-roberts-teehaus\/#primaryimage"},"thumbnailUrl":"https:\/\/product-guide.org\/wp-content\/uploads\/2025\/03\/china-jasmin-superior.jpg","datePublished":"2025-03-17T12:30:03+00:00","dateModified":"2025-03-17T12:30:04+00:00","description":"China Jasmine Superior | Roberts Teehaus gefunden von Product-Guide.org","breadcrumb":{"@id":"https:\/\/product-guide.org\/produkt\/china-jasmine-superior-roberts-teehaus\/#breadcrumb"},"inLanguage":"en-GB","potentialAction":[{"@type":"ReadAction","target":["https:\/\/product-guide.org\/produkt\/china-jasmine-superior-roberts-teehaus\/"]}]},{"@type":"ImageObject","inLanguage":"en-GB","@id":"https:\/\/product-guide.org\/produkt\/china-jasmine-superior-roberts-teehaus\/#primaryimage","url":"https:\/\/product-guide.org\/wp-content\/uploads\/2025\/03\/china-jasmin-superior.jpg","contentUrl":"https:\/\/product-guide.org\/wp-content\/uploads\/2025\/03\/china-jasmin-superior.jpg","width":2048,"height":2048},{"@type":"BreadcrumbList","@id":"https:\/\/product-guide.org\/produkt\/china-jasmine-superior-roberts-teehaus\/#breadcrumb","itemListElement":[{"@type":"ListItem","position":1,"name":"Home","item":"https:\/\/product-guide.org\/"},{"@type":"ListItem","position":2,"name":"Ergebnisse","item":"https:\/\/product-guide.org\/de\/ergebnisse\/"},{"@type":"ListItem","position":3,"name":"China Jasmine Superior | Roberts Teehaus"}]},{"@type":"WebSite","@id":"https:\/\/product-guide.org\/#website","url":"https:\/\/product-guide.org\/","name":"Product-Guide.org","description":"What Product are you looking for?","publisher":{"@id":"https:\/\/product-guide.org\/#organization"},"potentialAction":[{"@type":"SearchAction","target":{"@type":"EntryPoint","urlTemplate":"https:\/\/product-guide.org\/?s={search_term_string}"},"query-input":{"@type":"PropertyValueSpecification","valueRequired":true,"valueName":"search_term_string"}}],"inLanguage":"en-GB"},{"@type":"Organization","@id":"https:\/\/product-guide.org\/#organization","name":"Product-Guide.org","url":"https:\/\/product-guide.org\/","logo":{"@type":"ImageObject","inLanguage":"en-GB","@id":"https:\/\/product-guide.org\/#\/schema\/logo\/image\/","url":"https:\/\/product-guide.org\/wp-content\/uploads\/2022\/07\/logo_transparent_background.png","contentUrl":"https:\/\/product-guide.org\/wp-content\/uploads\/2022\/07\/logo_transparent_background.png","width":3400,"height":1132,"caption":"Product-Guide.org"},"image":{"@id":"https:\/\/product-guide.org\/#\/schema\/logo\/image\/"}}]}},"_links":{"self":[{"href":"https:\/\/product-guide.org\/en\/wp-json\/wp\/v2\/product\/58769","targetHints":{"allow":["GET"]}}],"collection":[{"href":"https:\/\/product-guide.org\/en\/wp-json\/wp\/v2\/product"}],"about":[{"href":"https:\/\/product-guide.org\/en\/wp-json\/wp\/v2\/types\/product"}],"wp:featuredmedia":[{"embeddable":true,"href":"https:\/\/product-guide.org\/en\/wp-json\/wp\/v2\/media\/58768"}],"wp:attachment":[{"href":"https:\/\/product-guide.org\/en\/wp-json\/wp\/v2\/media?parent=58769"}],"wp:term":[{"taxonomy":"store","embeddable":true,"href":"https:\/\/product-guide.org\/en\/wp-json\/wp\/v2\/store?post=58769"},{"taxonomy":"product_brand","embeddable":true,"href":"https:\/\/product-guide.org\/en\/wp-json\/wp\/v2\/product_brand?post=58769"},{"taxonomy":"product_cat","embeddable":true,"href":"https:\/\/product-guide.org\/en\/wp-json\/wp\/v2\/product_cat?post=58769"},{"taxonomy":"product_tag","embeddable":true,"href":"https:\/\/product-guide.org\/en\/wp-json\/wp\/v2\/product_tag?post=58769"}],"curies":[{"name":"wp","href":"https:\/\/api.w.org\/{rel}","templated":true}]}}