{"id":58775,"date":"2025-03-17T13:30:10","date_gmt":"2025-03-17T12:30:10","guid":{"rendered":"https:\/\/product-guide.org\/produkt\/china-sencha-gruntee-roberts-teehaus-2\/"},"modified":"2025-03-17T13:30:10","modified_gmt":"2025-03-17T12:30:10","slug":"china-sencha-gruntee-roberts-teehaus-2","status":"publish","type":"product","link":"https:\/\/product-guide.org\/en\/produkt\/china-sencha-gruntee-roberts-teehaus-2\/","title":{"rendered":"China Sencha Gr\u00fcntee | Roberts Teehaus"},"content":{"rendered":"<p>China Sencha Gr\u00fcntee, sein Ursprung liegt in Japan, aber er wird inzwischen auch in China angebaut. Dieser Tee ist nicht ganz so elegant und edel, aber gut, solide und preisg\u00fcnstig. Die Bl\u00e4tter sind intensiv gr\u00fcn. Sie werden nach der Trocknung kurz und hei\u00df in Pfannen ger\u00f6stet, um die Fermentation zu verhindern. In der Tasse zeigt China Sencha ein warmes Gelb. Er schmeckt angenehm frisch und grasig. Zubereitung: Kochen Sie einen Liter Wasser auf, lassen Sie es auf 70 Grad abk\u00fchlen und \u00fcberbr\u00fchen Sie 4 Teel\u00f6ffel loser Bl\u00e4tter damit. Der Aufguss soll kurz ziehen, nur 2 Minuten. Genie\u00dfen Sie ihn pur. Zutaten: China Sencha. Inhaltsstoffe: Er ist reich an Koffein und gleichzeitig an dem entspannend wirkenden L-Theanin. Besonders wertvoll machen ihn die zellsch\u00fctzenden Antioxidantien, die Mineralstoffe Calcium und Magnesium und die Vitamine A, B1, C und E. Immer k\u00fchl, trocken, luftdicht und lichtdicht lagern. Bei richtiger Lagerung ist der China Sencha ca. 24 Monate haltbar.<\/p>\n","protected":false},"excerpt":{"rendered":"<p>China Sencha Gr\u00fcntee, sein Ursprung liegt in Japan, aber er wird inzwischen auch in China angebaut. Dieser Tee ist nicht ganz so elegant und edel, aber gut, solide und preisg\u00fcnstig. Die Bl\u00e4tter sind intensiv gr\u00fcn. Sie werden nach der Trocknung kurz und hei\u00df in Pfannen ger\u00f6stet, um die Fermentation zu verhindern. In der Tasse zeigt [&hellip;]<\/p>\n","protected":false},"featured_media":58773,"template":"","meta":{"_gspb_post_css":""},"store":[],"product_brand":[1473],"product_cat":[1290],"product_tag":[],"class_list":{"0":"post-58775","1":"product","2":"type-product","3":"status-publish","4":"has-post-thumbnail","6":"product_brand-roberts-teehaus","7":"product_cat-uncategorized","9":"first","10":"instock","11":"shipping-taxable","12":"purchasable","13":"product-type-simple"},"yoast_head":"<!-- This site is optimized with the Yoast SEO plugin v24.6 - https:\/\/yoast.com\/wordpress\/plugins\/seo\/ -->\n<title>China Sencha Gr\u00fcntee | Roberts Teehaus | Product-Guide.org<\/title>\n<meta name=\"description\" content=\"China Sencha Gr\u00fcntee | Roberts Teehaus gefunden von Product-Guide.org\" \/>\n<meta name=\"robots\" content=\"index, follow, max-snippet:-1, max-image-preview:large, max-video-preview:-1\" \/>\n<link rel=\"canonical\" href=\"https:\/\/product-guide.org\/en\/produkt\/china-sencha-gruntee-roberts-teehaus-2\/\" \/>\n<meta property=\"og:locale\" content=\"en_GB\" \/>\n<meta property=\"og:type\" content=\"article\" \/>\n<meta property=\"og:title\" content=\"China Sencha Gr\u00fcntee | Roberts Teehaus | Product-Guide.org\" \/>\n<meta property=\"og:description\" content=\"China Sencha Gr\u00fcntee | Roberts Teehaus gefunden von Product-Guide.org\" \/>\n<meta property=\"og:url\" content=\"https:\/\/product-guide.org\/en\/produkt\/china-sencha-gruntee-roberts-teehaus-2\/\" \/>\n<meta property=\"og:site_name\" content=\"Product-Guide.org\" \/>\n<meta name=\"twitter:card\" content=\"summary_large_image\" \/>\n<script type=\"application\/ld+json\" class=\"yoast-schema-graph\">{\"@context\":\"https:\/\/schema.org\",\"@graph\":[{\"@type\":\"WebPage\",\"@id\":\"https:\/\/product-guide.org\/produkt\/china-sencha-gruntee-roberts-teehaus-2\/\",\"url\":\"https:\/\/product-guide.org\/produkt\/china-sencha-gruntee-roberts-teehaus-2\/\",\"name\":\"China Sencha Gr\u00fcntee | Roberts Teehaus | Product-Guide.org\",\"isPartOf\":{\"@id\":\"https:\/\/product-guide.org\/#website\"},\"primaryImageOfPage\":{\"@id\":\"https:\/\/product-guide.org\/produkt\/china-sencha-gruntee-roberts-teehaus-2\/#primaryimage\"},\"image\":{\"@id\":\"https:\/\/product-guide.org\/produkt\/china-sencha-gruntee-roberts-teehaus-2\/#primaryimage\"},\"thumbnailUrl\":\"https:\/\/product-guide.org\/wp-content\/uploads\/2025\/03\/china-sencha.jpg\",\"datePublished\":\"2025-03-17T12:30:10+00:00\",\"description\":\"China Sencha Gr\u00fcntee | Roberts Teehaus gefunden von Product-Guide.org\",\"breadcrumb\":{\"@id\":\"https:\/\/product-guide.org\/produkt\/china-sencha-gruntee-roberts-teehaus-2\/#breadcrumb\"},\"inLanguage\":\"en-GB\",\"potentialAction\":[{\"@type\":\"ReadAction\",\"target\":[\"https:\/\/product-guide.org\/produkt\/china-sencha-gruntee-roberts-teehaus-2\/\"]}]},{\"@type\":\"ImageObject\",\"inLanguage\":\"en-GB\",\"@id\":\"https:\/\/product-guide.org\/produkt\/china-sencha-gruntee-roberts-teehaus-2\/#primaryimage\",\"url\":\"https:\/\/product-guide.org\/wp-content\/uploads\/2025\/03\/china-sencha.jpg\",\"contentUrl\":\"https:\/\/product-guide.org\/wp-content\/uploads\/2025\/03\/china-sencha.jpg\",\"width\":2048,\"height\":2048},{\"@type\":\"BreadcrumbList\",\"@id\":\"https:\/\/product-guide.org\/produkt\/china-sencha-gruntee-roberts-teehaus-2\/#breadcrumb\",\"itemListElement\":[{\"@type\":\"ListItem\",\"position\":1,\"name\":\"Home\",\"item\":\"https:\/\/product-guide.org\/\"},{\"@type\":\"ListItem\",\"position\":2,\"name\":\"Ergebnisse\",\"item\":\"https:\/\/product-guide.org\/de\/ergebnisse\/\"},{\"@type\":\"ListItem\",\"position\":3,\"name\":\"China Sencha Gr\u00fcntee | Roberts Teehaus\"}]},{\"@type\":\"WebSite\",\"@id\":\"https:\/\/product-guide.org\/#website\",\"url\":\"https:\/\/product-guide.org\/\",\"name\":\"Product-Guide.org\",\"description\":\"What Product are you looking for?\",\"publisher\":{\"@id\":\"https:\/\/product-guide.org\/#organization\"},\"potentialAction\":[{\"@type\":\"SearchAction\",\"target\":{\"@type\":\"EntryPoint\",\"urlTemplate\":\"https:\/\/product-guide.org\/?s={search_term_string}\"},\"query-input\":{\"@type\":\"PropertyValueSpecification\",\"valueRequired\":true,\"valueName\":\"search_term_string\"}}],\"inLanguage\":\"en-GB\"},{\"@type\":\"Organization\",\"@id\":\"https:\/\/product-guide.org\/#organization\",\"name\":\"Product-Guide.org\",\"url\":\"https:\/\/product-guide.org\/\",\"logo\":{\"@type\":\"ImageObject\",\"inLanguage\":\"en-GB\",\"@id\":\"https:\/\/product-guide.org\/#\/schema\/logo\/image\/\",\"url\":\"https:\/\/product-guide.org\/wp-content\/uploads\/2022\/07\/logo_transparent_background.png\",\"contentUrl\":\"https:\/\/product-guide.org\/wp-content\/uploads\/2022\/07\/logo_transparent_background.png\",\"width\":3400,\"height\":1132,\"caption\":\"Product-Guide.org\"},\"image\":{\"@id\":\"https:\/\/product-guide.org\/#\/schema\/logo\/image\/\"}}]}<\/script>\n<!-- \/ Yoast SEO plugin. -->","yoast_head_json":{"title":"China Sencha Gr\u00fcntee | Roberts Teehaus | Product-Guide.org","description":"China Sencha Gr\u00fcntee | Roberts Teehaus gefunden von Product-Guide.org","robots":{"index":"index","follow":"follow","max-snippet":"max-snippet:-1","max-image-preview":"max-image-preview:large","max-video-preview":"max-video-preview:-1"},"canonical":"https:\/\/product-guide.org\/en\/produkt\/china-sencha-gruntee-roberts-teehaus-2\/","og_locale":"en_GB","og_type":"article","og_title":"China Sencha Gr\u00fcntee | Roberts Teehaus | Product-Guide.org","og_description":"China Sencha Gr\u00fcntee | Roberts Teehaus gefunden von Product-Guide.org","og_url":"https:\/\/product-guide.org\/en\/produkt\/china-sencha-gruntee-roberts-teehaus-2\/","og_site_name":"Product-Guide.org","twitter_card":"summary_large_image","schema":{"@context":"https:\/\/schema.org","@graph":[{"@type":"WebPage","@id":"https:\/\/product-guide.org\/produkt\/china-sencha-gruntee-roberts-teehaus-2\/","url":"https:\/\/product-guide.org\/produkt\/china-sencha-gruntee-roberts-teehaus-2\/","name":"China Sencha Gr\u00fcntee | Roberts Teehaus | Product-Guide.org","isPartOf":{"@id":"https:\/\/product-guide.org\/#website"},"primaryImageOfPage":{"@id":"https:\/\/product-guide.org\/produkt\/china-sencha-gruntee-roberts-teehaus-2\/#primaryimage"},"image":{"@id":"https:\/\/product-guide.org\/produkt\/china-sencha-gruntee-roberts-teehaus-2\/#primaryimage"},"thumbnailUrl":"https:\/\/product-guide.org\/wp-content\/uploads\/2025\/03\/china-sencha.jpg","datePublished":"2025-03-17T12:30:10+00:00","description":"China Sencha Gr\u00fcntee | Roberts Teehaus gefunden von Product-Guide.org","breadcrumb":{"@id":"https:\/\/product-guide.org\/produkt\/china-sencha-gruntee-roberts-teehaus-2\/#breadcrumb"},"inLanguage":"en-GB","potentialAction":[{"@type":"ReadAction","target":["https:\/\/product-guide.org\/produkt\/china-sencha-gruntee-roberts-teehaus-2\/"]}]},{"@type":"ImageObject","inLanguage":"en-GB","@id":"https:\/\/product-guide.org\/produkt\/china-sencha-gruntee-roberts-teehaus-2\/#primaryimage","url":"https:\/\/product-guide.org\/wp-content\/uploads\/2025\/03\/china-sencha.jpg","contentUrl":"https:\/\/product-guide.org\/wp-content\/uploads\/2025\/03\/china-sencha.jpg","width":2048,"height":2048},{"@type":"BreadcrumbList","@id":"https:\/\/product-guide.org\/produkt\/china-sencha-gruntee-roberts-teehaus-2\/#breadcrumb","itemListElement":[{"@type":"ListItem","position":1,"name":"Home","item":"https:\/\/product-guide.org\/"},{"@type":"ListItem","position":2,"name":"Ergebnisse","item":"https:\/\/product-guide.org\/de\/ergebnisse\/"},{"@type":"ListItem","position":3,"name":"China Sencha Gr\u00fcntee | Roberts Teehaus"}]},{"@type":"WebSite","@id":"https:\/\/product-guide.org\/#website","url":"https:\/\/product-guide.org\/","name":"Product-Guide.org","description":"What Product are you looking for?","publisher":{"@id":"https:\/\/product-guide.org\/#organization"},"potentialAction":[{"@type":"SearchAction","target":{"@type":"EntryPoint","urlTemplate":"https:\/\/product-guide.org\/?s={search_term_string}"},"query-input":{"@type":"PropertyValueSpecification","valueRequired":true,"valueName":"search_term_string"}}],"inLanguage":"en-GB"},{"@type":"Organization","@id":"https:\/\/product-guide.org\/#organization","name":"Product-Guide.org","url":"https:\/\/product-guide.org\/","logo":{"@type":"ImageObject","inLanguage":"en-GB","@id":"https:\/\/product-guide.org\/#\/schema\/logo\/image\/","url":"https:\/\/product-guide.org\/wp-content\/uploads\/2022\/07\/logo_transparent_background.png","contentUrl":"https:\/\/product-guide.org\/wp-content\/uploads\/2022\/07\/logo_transparent_background.png","width":3400,"height":1132,"caption":"Product-Guide.org"},"image":{"@id":"https:\/\/product-guide.org\/#\/schema\/logo\/image\/"}}]}},"_links":{"self":[{"href":"https:\/\/product-guide.org\/en\/wp-json\/wp\/v2\/product\/58775","targetHints":{"allow":["GET"]}}],"collection":[{"href":"https:\/\/product-guide.org\/en\/wp-json\/wp\/v2\/product"}],"about":[{"href":"https:\/\/product-guide.org\/en\/wp-json\/wp\/v2\/types\/product"}],"wp:featuredmedia":[{"embeddable":true,"href":"https:\/\/product-guide.org\/en\/wp-json\/wp\/v2\/media\/58773"}],"wp:attachment":[{"href":"https:\/\/product-guide.org\/en\/wp-json\/wp\/v2\/media?parent=58775"}],"wp:term":[{"taxonomy":"store","embeddable":true,"href":"https:\/\/product-guide.org\/en\/wp-json\/wp\/v2\/store?post=58775"},{"taxonomy":"product_brand","embeddable":true,"href":"https:\/\/product-guide.org\/en\/wp-json\/wp\/v2\/product_brand?post=58775"},{"taxonomy":"product_cat","embeddable":true,"href":"https:\/\/product-guide.org\/en\/wp-json\/wp\/v2\/product_cat?post=58775"},{"taxonomy":"product_tag","embeddable":true,"href":"https:\/\/product-guide.org\/en\/wp-json\/wp\/v2\/product_tag?post=58775"}],"curies":[{"name":"wp","href":"https:\/\/api.w.org\/{rel}","templated":true}]}}