{"id":58779,"date":"2025-03-17T13:30:13","date_gmt":"2025-03-17T12:30:13","guid":{"rendered":"https:\/\/product-guide.org\/produkt\/formosa-jade-oolong-roberts-teehaus-2\/"},"modified":"2025-03-17T13:30:14","modified_gmt":"2025-03-17T12:30:14","slug":"formosa-jade-oolong-roberts-teehaus-2","status":"publish","type":"product","link":"https:\/\/product-guide.org\/en\/produkt\/formosa-jade-oolong-roberts-teehaus-2\/","title":{"rendered":"Formosa Jade Oolong | Roberts Teehaus"},"content":{"rendered":"<p>Diese K\u00f6stlichkeit stammt von der Insel Taiwan und ist weltweit beliebt und gesch\u00e4tzt. Seine gerollten Bl\u00e4tter bilden kleine, feste Kugeln. In der Tasse pr\u00e4sentiert er sich in gr\u00fcn-goldener Farbe, sein Aroma zeichnet sich durch pfirsichbl\u00fctenzarte Fruchtigkeit aus. Oolong bedeutet soviel wie &#8220;schwarzer Drache&#8221;. Der Formosa Jade Oolong \u00e4hnelt eher gr\u00fcnem als schwarzem Tee. Durch seine leichte Oxidation vereint er in sich die geschmacklichen und gesundheitlichen Vorz\u00fcge beider Sorten. Seine Zubereitung: Br\u00fchen Sie drei bis vier Teel\u00f6ffel der K\u00fcgelchen mit einem Liter zum Sieden gebrachtem und leicht abgek\u00fchltem Wasser auf und lassen Sie alles drei Minuten lang ziehen, bevor Sie die goldene, duftende Fl\u00fcssigkeit durch ein Sieb gie\u00dfen. Genau wie bei gr\u00fcnem Tee empfehlen wir Ihnen, mehrere Aufg\u00fcsse zu machen. Lassen Sie diese dann nur sehr kurz ziehen, nicht l\u00e4nger als etwa eine Minute. Seine Inhaltsstoffe: Der Koffeingehalt ist nur m\u00e4\u00dfig, ganz im Gegensatz zu seinem Anteil an wertvollen zellsch\u00fctzenden Antioxidantien. Die Vitamine A, B, C, E und viele Mineralstoffe und Spurenelemente wie Kalium, Karotin, Kupfer, Mangan und Selen geh\u00f6ren zu seinen gesundheitsf\u00f6rdernden Bestandteilen. Lagerung und Haltbarkeit: Wenn Sie den Tee fern von W\u00e4rmequellen aufbewahren, trocken, luftdicht und lichtgesch\u00fctzt, k\u00f6nnen Sie ihn ohne Qualit\u00e4tsverlust mindestens ein Jahr lagern. Luftsauerstoff und direkte Sonneneinstrahlung tun ihm nicht gut; davor bewahren ihn schon die Verpackungen, in denen unsere Produkte geliefert werden.<\/p>\n","protected":false},"excerpt":{"rendered":"<p>Diese K\u00f6stlichkeit stammt von der Insel Taiwan und ist weltweit beliebt und gesch\u00e4tzt. Seine gerollten Bl\u00e4tter bilden kleine, feste Kugeln. In der Tasse pr\u00e4sentiert er sich in gr\u00fcn-goldener Farbe, sein Aroma zeichnet sich durch pfirsichbl\u00fctenzarte Fruchtigkeit aus. Oolong bedeutet soviel wie &#8220;schwarzer Drache&#8221;. Der Formosa Jade Oolong \u00e4hnelt eher gr\u00fcnem als schwarzem Tee. Durch seine [&hellip;]<\/p>\n","protected":false},"featured_media":58777,"template":"","meta":{"_gspb_post_css":""},"store":[],"product_brand":[1473],"product_cat":[1290],"product_tag":[],"class_list":{"0":"post-58779","1":"product","2":"type-product","3":"status-publish","4":"has-post-thumbnail","6":"product_brand-roberts-teehaus","7":"product_cat-uncategorized","9":"first","10":"instock","11":"shipping-taxable","12":"purchasable","13":"product-type-simple"},"yoast_head":"<!-- This site is optimized with the Yoast SEO plugin v24.6 - https:\/\/yoast.com\/wordpress\/plugins\/seo\/ -->\n<title>Formosa Jade Oolong | Roberts Teehaus | Product-Guide.org<\/title>\n<meta name=\"description\" content=\"Formosa Jade Oolong | Roberts Teehaus gefunden von Product-Guide.org\" \/>\n<meta name=\"robots\" content=\"index, follow, max-snippet:-1, max-image-preview:large, max-video-preview:-1\" \/>\n<link rel=\"canonical\" href=\"https:\/\/product-guide.org\/en\/produkt\/formosa-jade-oolong-roberts-teehaus-2\/\" \/>\n<meta property=\"og:locale\" content=\"en_GB\" \/>\n<meta property=\"og:type\" content=\"article\" \/>\n<meta property=\"og:title\" content=\"Formosa Jade Oolong | Roberts Teehaus | Product-Guide.org\" \/>\n<meta property=\"og:description\" content=\"Formosa Jade Oolong | Roberts Teehaus gefunden von Product-Guide.org\" \/>\n<meta property=\"og:url\" content=\"https:\/\/product-guide.org\/en\/produkt\/formosa-jade-oolong-roberts-teehaus-2\/\" \/>\n<meta property=\"og:site_name\" content=\"Product-Guide.org\" \/>\n<meta property=\"article:modified_time\" content=\"2025-03-17T12:30:14+00:00\" \/>\n<meta name=\"twitter:card\" content=\"summary_large_image\" \/>\n<script type=\"application\/ld+json\" class=\"yoast-schema-graph\">{\"@context\":\"https:\/\/schema.org\",\"@graph\":[{\"@type\":\"WebPage\",\"@id\":\"https:\/\/product-guide.org\/produkt\/formosa-jade-oolong-roberts-teehaus-2\/\",\"url\":\"https:\/\/product-guide.org\/produkt\/formosa-jade-oolong-roberts-teehaus-2\/\",\"name\":\"Formosa Jade Oolong | Roberts Teehaus | Product-Guide.org\",\"isPartOf\":{\"@id\":\"https:\/\/product-guide.org\/#website\"},\"primaryImageOfPage\":{\"@id\":\"https:\/\/product-guide.org\/produkt\/formosa-jade-oolong-roberts-teehaus-2\/#primaryimage\"},\"image\":{\"@id\":\"https:\/\/product-guide.org\/produkt\/formosa-jade-oolong-roberts-teehaus-2\/#primaryimage\"},\"thumbnailUrl\":\"https:\/\/product-guide.org\/wp-content\/uploads\/2025\/03\/formosa-jade-oolong.jpg\",\"datePublished\":\"2025-03-17T12:30:13+00:00\",\"dateModified\":\"2025-03-17T12:30:14+00:00\",\"description\":\"Formosa Jade Oolong | Roberts Teehaus gefunden von Product-Guide.org\",\"breadcrumb\":{\"@id\":\"https:\/\/product-guide.org\/produkt\/formosa-jade-oolong-roberts-teehaus-2\/#breadcrumb\"},\"inLanguage\":\"en-GB\",\"potentialAction\":[{\"@type\":\"ReadAction\",\"target\":[\"https:\/\/product-guide.org\/produkt\/formosa-jade-oolong-roberts-teehaus-2\/\"]}]},{\"@type\":\"ImageObject\",\"inLanguage\":\"en-GB\",\"@id\":\"https:\/\/product-guide.org\/produkt\/formosa-jade-oolong-roberts-teehaus-2\/#primaryimage\",\"url\":\"https:\/\/product-guide.org\/wp-content\/uploads\/2025\/03\/formosa-jade-oolong.jpg\",\"contentUrl\":\"https:\/\/product-guide.org\/wp-content\/uploads\/2025\/03\/formosa-jade-oolong.jpg\",\"width\":2000,\"height\":2000},{\"@type\":\"BreadcrumbList\",\"@id\":\"https:\/\/product-guide.org\/produkt\/formosa-jade-oolong-roberts-teehaus-2\/#breadcrumb\",\"itemListElement\":[{\"@type\":\"ListItem\",\"position\":1,\"name\":\"Home\",\"item\":\"https:\/\/product-guide.org\/\"},{\"@type\":\"ListItem\",\"position\":2,\"name\":\"Ergebnisse\",\"item\":\"https:\/\/product-guide.org\/de\/ergebnisse\/\"},{\"@type\":\"ListItem\",\"position\":3,\"name\":\"Formosa Jade Oolong | Roberts Teehaus\"}]},{\"@type\":\"WebSite\",\"@id\":\"https:\/\/product-guide.org\/#website\",\"url\":\"https:\/\/product-guide.org\/\",\"name\":\"Product-Guide.org\",\"description\":\"What Product are you looking for?\",\"publisher\":{\"@id\":\"https:\/\/product-guide.org\/#organization\"},\"potentialAction\":[{\"@type\":\"SearchAction\",\"target\":{\"@type\":\"EntryPoint\",\"urlTemplate\":\"https:\/\/product-guide.org\/?s={search_term_string}\"},\"query-input\":{\"@type\":\"PropertyValueSpecification\",\"valueRequired\":true,\"valueName\":\"search_term_string\"}}],\"inLanguage\":\"en-GB\"},{\"@type\":\"Organization\",\"@id\":\"https:\/\/product-guide.org\/#organization\",\"name\":\"Product-Guide.org\",\"url\":\"https:\/\/product-guide.org\/\",\"logo\":{\"@type\":\"ImageObject\",\"inLanguage\":\"en-GB\",\"@id\":\"https:\/\/product-guide.org\/#\/schema\/logo\/image\/\",\"url\":\"https:\/\/product-guide.org\/wp-content\/uploads\/2022\/07\/logo_transparent_background.png\",\"contentUrl\":\"https:\/\/product-guide.org\/wp-content\/uploads\/2022\/07\/logo_transparent_background.png\",\"width\":3400,\"height\":1132,\"caption\":\"Product-Guide.org\"},\"image\":{\"@id\":\"https:\/\/product-guide.org\/#\/schema\/logo\/image\/\"}}]}<\/script>\n<!-- \/ Yoast SEO plugin. -->","yoast_head_json":{"title":"Formosa Jade Oolong | Roberts Teehaus | Product-Guide.org","description":"Formosa Jade Oolong | Roberts Teehaus gefunden von Product-Guide.org","robots":{"index":"index","follow":"follow","max-snippet":"max-snippet:-1","max-image-preview":"max-image-preview:large","max-video-preview":"max-video-preview:-1"},"canonical":"https:\/\/product-guide.org\/en\/produkt\/formosa-jade-oolong-roberts-teehaus-2\/","og_locale":"en_GB","og_type":"article","og_title":"Formosa Jade Oolong | Roberts Teehaus | Product-Guide.org","og_description":"Formosa Jade Oolong | Roberts Teehaus gefunden von Product-Guide.org","og_url":"https:\/\/product-guide.org\/en\/produkt\/formosa-jade-oolong-roberts-teehaus-2\/","og_site_name":"Product-Guide.org","article_modified_time":"2025-03-17T12:30:14+00:00","twitter_card":"summary_large_image","schema":{"@context":"https:\/\/schema.org","@graph":[{"@type":"WebPage","@id":"https:\/\/product-guide.org\/produkt\/formosa-jade-oolong-roberts-teehaus-2\/","url":"https:\/\/product-guide.org\/produkt\/formosa-jade-oolong-roberts-teehaus-2\/","name":"Formosa Jade Oolong | Roberts Teehaus | Product-Guide.org","isPartOf":{"@id":"https:\/\/product-guide.org\/#website"},"primaryImageOfPage":{"@id":"https:\/\/product-guide.org\/produkt\/formosa-jade-oolong-roberts-teehaus-2\/#primaryimage"},"image":{"@id":"https:\/\/product-guide.org\/produkt\/formosa-jade-oolong-roberts-teehaus-2\/#primaryimage"},"thumbnailUrl":"https:\/\/product-guide.org\/wp-content\/uploads\/2025\/03\/formosa-jade-oolong.jpg","datePublished":"2025-03-17T12:30:13+00:00","dateModified":"2025-03-17T12:30:14+00:00","description":"Formosa Jade Oolong | Roberts Teehaus gefunden von Product-Guide.org","breadcrumb":{"@id":"https:\/\/product-guide.org\/produkt\/formosa-jade-oolong-roberts-teehaus-2\/#breadcrumb"},"inLanguage":"en-GB","potentialAction":[{"@type":"ReadAction","target":["https:\/\/product-guide.org\/produkt\/formosa-jade-oolong-roberts-teehaus-2\/"]}]},{"@type":"ImageObject","inLanguage":"en-GB","@id":"https:\/\/product-guide.org\/produkt\/formosa-jade-oolong-roberts-teehaus-2\/#primaryimage","url":"https:\/\/product-guide.org\/wp-content\/uploads\/2025\/03\/formosa-jade-oolong.jpg","contentUrl":"https:\/\/product-guide.org\/wp-content\/uploads\/2025\/03\/formosa-jade-oolong.jpg","width":2000,"height":2000},{"@type":"BreadcrumbList","@id":"https:\/\/product-guide.org\/produkt\/formosa-jade-oolong-roberts-teehaus-2\/#breadcrumb","itemListElement":[{"@type":"ListItem","position":1,"name":"Home","item":"https:\/\/product-guide.org\/"},{"@type":"ListItem","position":2,"name":"Ergebnisse","item":"https:\/\/product-guide.org\/de\/ergebnisse\/"},{"@type":"ListItem","position":3,"name":"Formosa Jade Oolong | Roberts Teehaus"}]},{"@type":"WebSite","@id":"https:\/\/product-guide.org\/#website","url":"https:\/\/product-guide.org\/","name":"Product-Guide.org","description":"What Product are you looking for?","publisher":{"@id":"https:\/\/product-guide.org\/#organization"},"potentialAction":[{"@type":"SearchAction","target":{"@type":"EntryPoint","urlTemplate":"https:\/\/product-guide.org\/?s={search_term_string}"},"query-input":{"@type":"PropertyValueSpecification","valueRequired":true,"valueName":"search_term_string"}}],"inLanguage":"en-GB"},{"@type":"Organization","@id":"https:\/\/product-guide.org\/#organization","name":"Product-Guide.org","url":"https:\/\/product-guide.org\/","logo":{"@type":"ImageObject","inLanguage":"en-GB","@id":"https:\/\/product-guide.org\/#\/schema\/logo\/image\/","url":"https:\/\/product-guide.org\/wp-content\/uploads\/2022\/07\/logo_transparent_background.png","contentUrl":"https:\/\/product-guide.org\/wp-content\/uploads\/2022\/07\/logo_transparent_background.png","width":3400,"height":1132,"caption":"Product-Guide.org"},"image":{"@id":"https:\/\/product-guide.org\/#\/schema\/logo\/image\/"}}]}},"_links":{"self":[{"href":"https:\/\/product-guide.org\/en\/wp-json\/wp\/v2\/product\/58779","targetHints":{"allow":["GET"]}}],"collection":[{"href":"https:\/\/product-guide.org\/en\/wp-json\/wp\/v2\/product"}],"about":[{"href":"https:\/\/product-guide.org\/en\/wp-json\/wp\/v2\/types\/product"}],"wp:featuredmedia":[{"embeddable":true,"href":"https:\/\/product-guide.org\/en\/wp-json\/wp\/v2\/media\/58777"}],"wp:attachment":[{"href":"https:\/\/product-guide.org\/en\/wp-json\/wp\/v2\/media?parent=58779"}],"wp:term":[{"taxonomy":"store","embeddable":true,"href":"https:\/\/product-guide.org\/en\/wp-json\/wp\/v2\/store?post=58779"},{"taxonomy":"product_brand","embeddable":true,"href":"https:\/\/product-guide.org\/en\/wp-json\/wp\/v2\/product_brand?post=58779"},{"taxonomy":"product_cat","embeddable":true,"href":"https:\/\/product-guide.org\/en\/wp-json\/wp\/v2\/product_cat?post=58779"},{"taxonomy":"product_tag","embeddable":true,"href":"https:\/\/product-guide.org\/en\/wp-json\/wp\/v2\/product_tag?post=58779"}],"curies":[{"name":"wp","href":"https:\/\/api.w.org\/{rel}","templated":true}]}}