{"id":58783,"date":"2025-03-17T13:30:17","date_gmt":"2025-03-17T12:30:17","guid":{"rendered":"https:\/\/product-guide.org\/produkt\/gruntee-minze-nach-marokkanischer-art-roberts-teehaus\/"},"modified":"2025-03-17T13:30:17","modified_gmt":"2025-03-17T12:30:17","slug":"gruntee-minze-nach-marokkanischer-art-roberts-teehaus","status":"publish","type":"product","link":"https:\/\/product-guide.org\/en\/produkt\/gruntee-minze-nach-marokkanischer-art-roberts-teehaus\/","title":{"rendered":"Gr\u00fcntee Minze nach marokkanischer Art | Roberts Teehaus"},"content":{"rendered":"<p>Chinesischer gr\u00fcner Tee, haupts\u00e4chlich Gunpowder, auch ein wenig Chun Mee und \u00e4gyptische Krause Minze. Ein Hauch Spearmint\u00f6l. Diese Bestandteile sorgen f\u00fcr das unvergleichliche Bouquet des erfrischenden, exquisiten Tees, der Tr\u00e4ume von Nordafrika aufsteigen l\u00e4sst. Ende des 18. Jahrhunderts kamen aus asiatischen Kolonien europ\u00e4ischer L\u00e4nder gro\u00dfe Mengen gr\u00fcnen Tees in marokkanischen H\u00e4fen an. Minze diente dort schon lange nicht nur als Gew\u00fcrz, sondern auch als Grundlage f\u00fcr ein sehr gesch\u00e4tztes und allseits beliebtes hei\u00dfes Getr\u00e4nk. Also wohin mit dem \u00dcberfluss an der Importware? Pfiffigen H\u00e4ndlern gelang es, Aufmerksamkeit zu wecken und Interesse zu erregen. Die Nachfrage lie\u00df nicht lange auf sich warten. Die gelungene Mischung aus gr\u00fcnem Tee und gr\u00fcnem Kraut war eine willkommene Alternative zum kostspieligen Kaffee und verp\u00f6nten Alkohol. &#8220;Whisky Marocain&#8221;, wie es scherzhaft und selbstironisch hei\u00dft, kann mit Fug und Recht als das Nationalgetr\u00e4nk Marokkos bezeichnet werden. Rund ums Jahr praktisch f\u00fcr Sie: Unser Gr\u00fcntee nach marokkanischer Art enth\u00e4lt die Minze in getrockneter Form, erg\u00e4nzt und verfeinert mit etwas nat\u00fcrlichem Aroma. Zubereitung: Kochen Sie Wasser sprudelnd auf, lassen Sie es f\u00fcnf bis zehn Minuten lang offen stehen und abk\u00fchlen. Gie\u00dfen Sie es \u00fcber den losen Tee. Nehmen Sie einen TL pro Tasse und lassen Sie den Aufguss drei Minuten lang ziehen. Traditionell wird er mit reichlich Zucker ges\u00fc\u00dft. Mit Honig schmeckt er besonders gut. In Nordafrika wird er hei\u00df getrunken und aus einer reich verzierten silbrigen Kanne im hohen Bogen in zierliche Gl\u00e4ser eingeschenkt. Er schmeckt, k\u00fchlt und belebt, wird aber auch kalt genossen, im Sommer eisgek\u00fchlt. Haltbarkeit: Wenn Sie ihn vor Sonnenlicht, W\u00e4rmequellen, Feuchtigkeit und Luftsauerstoff gesch\u00fctzt aufbewahren, k\u00f6nnen Sie ihn mehrere Monate ohne Qualit\u00e4tsverlust lagern, mindestens ein Jahr.<\/p>\n","protected":false},"excerpt":{"rendered":"<p>Chinesischer gr\u00fcner Tee, haupts\u00e4chlich Gunpowder, auch ein wenig Chun Mee und \u00e4gyptische Krause Minze. Ein Hauch Spearmint\u00f6l. Diese Bestandteile sorgen f\u00fcr das unvergleichliche Bouquet des erfrischenden, exquisiten Tees, der Tr\u00e4ume von Nordafrika aufsteigen l\u00e4sst. Ende des 18. Jahrhunderts kamen aus asiatischen Kolonien europ\u00e4ischer L\u00e4nder gro\u00dfe Mengen gr\u00fcnen Tees in marokkanischen H\u00e4fen an. Minze diente dort [&hellip;]<\/p>\n","protected":false},"featured_media":58782,"template":"","meta":{"_gspb_post_css":""},"store":[],"product_brand":[1473],"product_cat":[1290],"product_tag":[],"class_list":{"0":"post-58783","1":"product","2":"type-product","3":"status-publish","4":"has-post-thumbnail","6":"product_brand-roberts-teehaus","7":"product_cat-uncategorized","9":"first","10":"instock","11":"shipping-taxable","12":"purchasable","13":"product-type-simple"},"yoast_head":"<!-- This site is optimized with the Yoast SEO plugin v24.6 - https:\/\/yoast.com\/wordpress\/plugins\/seo\/ -->\n<title>Gr\u00fcntee Minze nach marokkanischer Art | Roberts Teehaus | Product-Guide.org<\/title>\n<meta name=\"description\" content=\"Gr\u00fcntee Minze nach marokkanischer Art | Roberts Teehaus gefunden von Product-Guide.org\" \/>\n<meta name=\"robots\" content=\"index, follow, max-snippet:-1, max-image-preview:large, max-video-preview:-1\" \/>\n<link rel=\"canonical\" href=\"https:\/\/product-guide.org\/en\/produkt\/gruntee-minze-nach-marokkanischer-art-roberts-teehaus\/\" \/>\n<meta property=\"og:locale\" content=\"en_GB\" \/>\n<meta property=\"og:type\" content=\"article\" \/>\n<meta property=\"og:title\" content=\"Gr\u00fcntee Minze nach marokkanischer Art | Roberts Teehaus | Product-Guide.org\" \/>\n<meta property=\"og:description\" content=\"Gr\u00fcntee Minze nach marokkanischer Art | Roberts Teehaus gefunden von Product-Guide.org\" \/>\n<meta property=\"og:url\" content=\"https:\/\/product-guide.org\/en\/produkt\/gruntee-minze-nach-marokkanischer-art-roberts-teehaus\/\" \/>\n<meta property=\"og:site_name\" content=\"Product-Guide.org\" \/>\n<meta name=\"twitter:card\" content=\"summary_large_image\" \/>\n<script type=\"application\/ld+json\" class=\"yoast-schema-graph\">{\"@context\":\"https:\/\/schema.org\",\"@graph\":[{\"@type\":\"WebPage\",\"@id\":\"https:\/\/product-guide.org\/produkt\/gruntee-minze-nach-marokkanischer-art-roberts-teehaus\/\",\"url\":\"https:\/\/product-guide.org\/produkt\/gruntee-minze-nach-marokkanischer-art-roberts-teehaus\/\",\"name\":\"Gr\u00fcntee Minze nach marokkanischer Art | Roberts Teehaus | Product-Guide.org\",\"isPartOf\":{\"@id\":\"https:\/\/product-guide.org\/#website\"},\"primaryImageOfPage\":{\"@id\":\"https:\/\/product-guide.org\/produkt\/gruntee-minze-nach-marokkanischer-art-roberts-teehaus\/#primaryimage\"},\"image\":{\"@id\":\"https:\/\/product-guide.org\/produkt\/gruntee-minze-nach-marokkanischer-art-roberts-teehaus\/#primaryimage\"},\"thumbnailUrl\":\"https:\/\/product-guide.org\/wp-content\/uploads\/2025\/03\/gruentee-minze-nach-marokkanischer-art.jpg\",\"datePublished\":\"2025-03-17T12:30:17+00:00\",\"description\":\"Gr\u00fcntee Minze nach marokkanischer Art | Roberts Teehaus gefunden von Product-Guide.org\",\"breadcrumb\":{\"@id\":\"https:\/\/product-guide.org\/produkt\/gruntee-minze-nach-marokkanischer-art-roberts-teehaus\/#breadcrumb\"},\"inLanguage\":\"en-GB\",\"potentialAction\":[{\"@type\":\"ReadAction\",\"target\":[\"https:\/\/product-guide.org\/produkt\/gruntee-minze-nach-marokkanischer-art-roberts-teehaus\/\"]}]},{\"@type\":\"ImageObject\",\"inLanguage\":\"en-GB\",\"@id\":\"https:\/\/product-guide.org\/produkt\/gruntee-minze-nach-marokkanischer-art-roberts-teehaus\/#primaryimage\",\"url\":\"https:\/\/product-guide.org\/wp-content\/uploads\/2025\/03\/gruentee-minze-nach-marokkanischer-art.jpg\",\"contentUrl\":\"https:\/\/product-guide.org\/wp-content\/uploads\/2025\/03\/gruentee-minze-nach-marokkanischer-art.jpg\",\"width\":2000,\"height\":2000},{\"@type\":\"BreadcrumbList\",\"@id\":\"https:\/\/product-guide.org\/produkt\/gruntee-minze-nach-marokkanischer-art-roberts-teehaus\/#breadcrumb\",\"itemListElement\":[{\"@type\":\"ListItem\",\"position\":1,\"name\":\"Home\",\"item\":\"https:\/\/product-guide.org\/\"},{\"@type\":\"ListItem\",\"position\":2,\"name\":\"Ergebnisse\",\"item\":\"https:\/\/product-guide.org\/de\/ergebnisse\/\"},{\"@type\":\"ListItem\",\"position\":3,\"name\":\"Gr\u00fcntee Minze nach marokkanischer Art | Roberts Teehaus\"}]},{\"@type\":\"WebSite\",\"@id\":\"https:\/\/product-guide.org\/#website\",\"url\":\"https:\/\/product-guide.org\/\",\"name\":\"Product-Guide.org\",\"description\":\"What Product are you looking for?\",\"publisher\":{\"@id\":\"https:\/\/product-guide.org\/#organization\"},\"potentialAction\":[{\"@type\":\"SearchAction\",\"target\":{\"@type\":\"EntryPoint\",\"urlTemplate\":\"https:\/\/product-guide.org\/?s={search_term_string}\"},\"query-input\":{\"@type\":\"PropertyValueSpecification\",\"valueRequired\":true,\"valueName\":\"search_term_string\"}}],\"inLanguage\":\"en-GB\"},{\"@type\":\"Organization\",\"@id\":\"https:\/\/product-guide.org\/#organization\",\"name\":\"Product-Guide.org\",\"url\":\"https:\/\/product-guide.org\/\",\"logo\":{\"@type\":\"ImageObject\",\"inLanguage\":\"en-GB\",\"@id\":\"https:\/\/product-guide.org\/#\/schema\/logo\/image\/\",\"url\":\"https:\/\/product-guide.org\/wp-content\/uploads\/2022\/07\/logo_transparent_background.png\",\"contentUrl\":\"https:\/\/product-guide.org\/wp-content\/uploads\/2022\/07\/logo_transparent_background.png\",\"width\":3400,\"height\":1132,\"caption\":\"Product-Guide.org\"},\"image\":{\"@id\":\"https:\/\/product-guide.org\/#\/schema\/logo\/image\/\"}}]}<\/script>\n<!-- \/ Yoast SEO plugin. -->","yoast_head_json":{"title":"Gr\u00fcntee Minze nach marokkanischer Art | Roberts Teehaus | Product-Guide.org","description":"Gr\u00fcntee Minze nach marokkanischer Art | Roberts Teehaus gefunden von Product-Guide.org","robots":{"index":"index","follow":"follow","max-snippet":"max-snippet:-1","max-image-preview":"max-image-preview:large","max-video-preview":"max-video-preview:-1"},"canonical":"https:\/\/product-guide.org\/en\/produkt\/gruntee-minze-nach-marokkanischer-art-roberts-teehaus\/","og_locale":"en_GB","og_type":"article","og_title":"Gr\u00fcntee Minze nach marokkanischer Art | Roberts Teehaus | Product-Guide.org","og_description":"Gr\u00fcntee Minze nach marokkanischer Art | Roberts Teehaus gefunden von Product-Guide.org","og_url":"https:\/\/product-guide.org\/en\/produkt\/gruntee-minze-nach-marokkanischer-art-roberts-teehaus\/","og_site_name":"Product-Guide.org","twitter_card":"summary_large_image","schema":{"@context":"https:\/\/schema.org","@graph":[{"@type":"WebPage","@id":"https:\/\/product-guide.org\/produkt\/gruntee-minze-nach-marokkanischer-art-roberts-teehaus\/","url":"https:\/\/product-guide.org\/produkt\/gruntee-minze-nach-marokkanischer-art-roberts-teehaus\/","name":"Gr\u00fcntee Minze nach marokkanischer Art | Roberts Teehaus | Product-Guide.org","isPartOf":{"@id":"https:\/\/product-guide.org\/#website"},"primaryImageOfPage":{"@id":"https:\/\/product-guide.org\/produkt\/gruntee-minze-nach-marokkanischer-art-roberts-teehaus\/#primaryimage"},"image":{"@id":"https:\/\/product-guide.org\/produkt\/gruntee-minze-nach-marokkanischer-art-roberts-teehaus\/#primaryimage"},"thumbnailUrl":"https:\/\/product-guide.org\/wp-content\/uploads\/2025\/03\/gruentee-minze-nach-marokkanischer-art.jpg","datePublished":"2025-03-17T12:30:17+00:00","description":"Gr\u00fcntee Minze nach marokkanischer Art | Roberts Teehaus gefunden von Product-Guide.org","breadcrumb":{"@id":"https:\/\/product-guide.org\/produkt\/gruntee-minze-nach-marokkanischer-art-roberts-teehaus\/#breadcrumb"},"inLanguage":"en-GB","potentialAction":[{"@type":"ReadAction","target":["https:\/\/product-guide.org\/produkt\/gruntee-minze-nach-marokkanischer-art-roberts-teehaus\/"]}]},{"@type":"ImageObject","inLanguage":"en-GB","@id":"https:\/\/product-guide.org\/produkt\/gruntee-minze-nach-marokkanischer-art-roberts-teehaus\/#primaryimage","url":"https:\/\/product-guide.org\/wp-content\/uploads\/2025\/03\/gruentee-minze-nach-marokkanischer-art.jpg","contentUrl":"https:\/\/product-guide.org\/wp-content\/uploads\/2025\/03\/gruentee-minze-nach-marokkanischer-art.jpg","width":2000,"height":2000},{"@type":"BreadcrumbList","@id":"https:\/\/product-guide.org\/produkt\/gruntee-minze-nach-marokkanischer-art-roberts-teehaus\/#breadcrumb","itemListElement":[{"@type":"ListItem","position":1,"name":"Home","item":"https:\/\/product-guide.org\/"},{"@type":"ListItem","position":2,"name":"Ergebnisse","item":"https:\/\/product-guide.org\/de\/ergebnisse\/"},{"@type":"ListItem","position":3,"name":"Gr\u00fcntee Minze nach marokkanischer Art | Roberts Teehaus"}]},{"@type":"WebSite","@id":"https:\/\/product-guide.org\/#website","url":"https:\/\/product-guide.org\/","name":"Product-Guide.org","description":"What Product are you looking for?","publisher":{"@id":"https:\/\/product-guide.org\/#organization"},"potentialAction":[{"@type":"SearchAction","target":{"@type":"EntryPoint","urlTemplate":"https:\/\/product-guide.org\/?s={search_term_string}"},"query-input":{"@type":"PropertyValueSpecification","valueRequired":true,"valueName":"search_term_string"}}],"inLanguage":"en-GB"},{"@type":"Organization","@id":"https:\/\/product-guide.org\/#organization","name":"Product-Guide.org","url":"https:\/\/product-guide.org\/","logo":{"@type":"ImageObject","inLanguage":"en-GB","@id":"https:\/\/product-guide.org\/#\/schema\/logo\/image\/","url":"https:\/\/product-guide.org\/wp-content\/uploads\/2022\/07\/logo_transparent_background.png","contentUrl":"https:\/\/product-guide.org\/wp-content\/uploads\/2022\/07\/logo_transparent_background.png","width":3400,"height":1132,"caption":"Product-Guide.org"},"image":{"@id":"https:\/\/product-guide.org\/#\/schema\/logo\/image\/"}}]}},"_links":{"self":[{"href":"https:\/\/product-guide.org\/en\/wp-json\/wp\/v2\/product\/58783","targetHints":{"allow":["GET"]}}],"collection":[{"href":"https:\/\/product-guide.org\/en\/wp-json\/wp\/v2\/product"}],"about":[{"href":"https:\/\/product-guide.org\/en\/wp-json\/wp\/v2\/types\/product"}],"wp:featuredmedia":[{"embeddable":true,"href":"https:\/\/product-guide.org\/en\/wp-json\/wp\/v2\/media\/58782"}],"wp:attachment":[{"href":"https:\/\/product-guide.org\/en\/wp-json\/wp\/v2\/media?parent=58783"}],"wp:term":[{"taxonomy":"store","embeddable":true,"href":"https:\/\/product-guide.org\/en\/wp-json\/wp\/v2\/store?post=58783"},{"taxonomy":"product_brand","embeddable":true,"href":"https:\/\/product-guide.org\/en\/wp-json\/wp\/v2\/product_brand?post=58783"},{"taxonomy":"product_cat","embeddable":true,"href":"https:\/\/product-guide.org\/en\/wp-json\/wp\/v2\/product_cat?post=58783"},{"taxonomy":"product_tag","embeddable":true,"href":"https:\/\/product-guide.org\/en\/wp-json\/wp\/v2\/product_tag?post=58783"}],"curies":[{"name":"wp","href":"https:\/\/api.w.org\/{rel}","templated":true}]}}