{"id":58785,"date":"2025-03-17T13:30:19","date_gmt":"2025-03-17T12:30:19","guid":{"rendered":"https:\/\/product-guide.org\/produkt\/japan-genmaicha-gruntee-roberts-teehaus\/"},"modified":"2025-03-17T13:30:20","modified_gmt":"2025-03-17T12:30:20","slug":"japan-genmaicha-gruntee-roberts-teehaus","status":"publish","type":"product","link":"https:\/\/product-guide.org\/en\/produkt\/japan-genmaicha-gruntee-roberts-teehaus\/","title":{"rendered":"Japan Genmaicha Gr\u00fcntee | Roberts Teehaus"},"content":{"rendered":"<p>Japan Genmaicha Gr\u00fcntee ist eine japanische Gr\u00fcntee-Zubereitung, die ger\u00f6stete und teilweise gepuffte Reisk\u00f6rner enth\u00e4lt. Genmai bedeutet Naturreis und Cha hei\u00dft Tee. Genmaicha kann somit mit Reistee \u00fcbersetzt werden. Bei unserem Genmaicha wurde hochwertiger Sencha Gr\u00fcntee verwendet. Zubereitung: Geben Sie acht Gramm Genmaicha in eine Kanne, kochen Sie einen Liter Wasser sprudelnd auf, lassen Sie es drei Minuten im geschlossenen Wasserkocher abk\u00fchlen und den Aufguss zwei Minuten lang zugedeckt ziehen. Zutaten: Gr\u00fcner Tee, ger\u00f6steter Reis, Puffreis. Immer k\u00fchl, trocken, luftdicht und lichtdicht lagern. Bei richtiger Lagerung ist der Genmaicha Tee ca. 12 Monate haltbar.<\/p>\n","protected":false},"excerpt":{"rendered":"<p>Japan Genmaicha Gr\u00fcntee ist eine japanische Gr\u00fcntee-Zubereitung, die ger\u00f6stete und teilweise gepuffte Reisk\u00f6rner enth\u00e4lt. Genmai bedeutet Naturreis und Cha hei\u00dft Tee. Genmaicha kann somit mit Reistee \u00fcbersetzt werden. Bei unserem Genmaicha wurde hochwertiger Sencha Gr\u00fcntee verwendet. Zubereitung: Geben Sie acht Gramm Genmaicha in eine Kanne, kochen Sie einen Liter Wasser sprudelnd auf, lassen Sie es [&hellip;]<\/p>\n","protected":false},"featured_media":58784,"template":"","meta":{"_gspb_post_css":""},"store":[],"product_brand":[1473],"product_cat":[1290],"product_tag":[],"class_list":{"0":"post-58785","1":"product","2":"type-product","3":"status-publish","4":"has-post-thumbnail","6":"product_brand-roberts-teehaus","7":"product_cat-uncategorized","9":"first","10":"instock","11":"shipping-taxable","12":"purchasable","13":"product-type-simple"},"yoast_head":"<!-- This site is optimized with the Yoast SEO plugin v24.6 - https:\/\/yoast.com\/wordpress\/plugins\/seo\/ -->\n<title>Japan Genmaicha Gr\u00fcntee | Roberts Teehaus | Product-Guide.org<\/title>\n<meta name=\"description\" content=\"Japan Genmaicha Gr\u00fcntee | Roberts Teehaus gefunden von Product-Guide.org\" \/>\n<meta name=\"robots\" content=\"index, follow, max-snippet:-1, max-image-preview:large, max-video-preview:-1\" \/>\n<link rel=\"canonical\" href=\"https:\/\/product-guide.org\/en\/produkt\/japan-genmaicha-gruntee-roberts-teehaus\/\" \/>\n<meta property=\"og:locale\" content=\"en_GB\" \/>\n<meta property=\"og:type\" content=\"article\" \/>\n<meta property=\"og:title\" content=\"Japan Genmaicha Gr\u00fcntee | Roberts Teehaus | Product-Guide.org\" \/>\n<meta property=\"og:description\" content=\"Japan Genmaicha Gr\u00fcntee | Roberts Teehaus gefunden von Product-Guide.org\" \/>\n<meta property=\"og:url\" content=\"https:\/\/product-guide.org\/en\/produkt\/japan-genmaicha-gruntee-roberts-teehaus\/\" \/>\n<meta property=\"og:site_name\" content=\"Product-Guide.org\" \/>\n<meta property=\"article:modified_time\" content=\"2025-03-17T12:30:20+00:00\" \/>\n<meta name=\"twitter:card\" content=\"summary_large_image\" \/>\n<script type=\"application\/ld+json\" class=\"yoast-schema-graph\">{\"@context\":\"https:\/\/schema.org\",\"@graph\":[{\"@type\":\"WebPage\",\"@id\":\"https:\/\/product-guide.org\/produkt\/japan-genmaicha-gruntee-roberts-teehaus\/\",\"url\":\"https:\/\/product-guide.org\/produkt\/japan-genmaicha-gruntee-roberts-teehaus\/\",\"name\":\"Japan Genmaicha Gr\u00fcntee | Roberts Teehaus | Product-Guide.org\",\"isPartOf\":{\"@id\":\"https:\/\/product-guide.org\/#website\"},\"primaryImageOfPage\":{\"@id\":\"https:\/\/product-guide.org\/produkt\/japan-genmaicha-gruntee-roberts-teehaus\/#primaryimage\"},\"image\":{\"@id\":\"https:\/\/product-guide.org\/produkt\/japan-genmaicha-gruntee-roberts-teehaus\/#primaryimage\"},\"thumbnailUrl\":\"https:\/\/product-guide.org\/wp-content\/uploads\/2025\/03\/japan-genmaicha-gruentee.jpg\",\"datePublished\":\"2025-03-17T12:30:19+00:00\",\"dateModified\":\"2025-03-17T12:30:20+00:00\",\"description\":\"Japan Genmaicha Gr\u00fcntee | Roberts Teehaus gefunden von Product-Guide.org\",\"breadcrumb\":{\"@id\":\"https:\/\/product-guide.org\/produkt\/japan-genmaicha-gruntee-roberts-teehaus\/#breadcrumb\"},\"inLanguage\":\"en-GB\",\"potentialAction\":[{\"@type\":\"ReadAction\",\"target\":[\"https:\/\/product-guide.org\/produkt\/japan-genmaicha-gruntee-roberts-teehaus\/\"]}]},{\"@type\":\"ImageObject\",\"inLanguage\":\"en-GB\",\"@id\":\"https:\/\/product-guide.org\/produkt\/japan-genmaicha-gruntee-roberts-teehaus\/#primaryimage\",\"url\":\"https:\/\/product-guide.org\/wp-content\/uploads\/2025\/03\/japan-genmaicha-gruentee.jpg\",\"contentUrl\":\"https:\/\/product-guide.org\/wp-content\/uploads\/2025\/03\/japan-genmaicha-gruentee.jpg\",\"width\":2048,\"height\":2048},{\"@type\":\"BreadcrumbList\",\"@id\":\"https:\/\/product-guide.org\/produkt\/japan-genmaicha-gruntee-roberts-teehaus\/#breadcrumb\",\"itemListElement\":[{\"@type\":\"ListItem\",\"position\":1,\"name\":\"Home\",\"item\":\"https:\/\/product-guide.org\/\"},{\"@type\":\"ListItem\",\"position\":2,\"name\":\"Ergebnisse\",\"item\":\"https:\/\/product-guide.org\/de\/ergebnisse\/\"},{\"@type\":\"ListItem\",\"position\":3,\"name\":\"Japan Genmaicha Gr\u00fcntee | Roberts Teehaus\"}]},{\"@type\":\"WebSite\",\"@id\":\"https:\/\/product-guide.org\/#website\",\"url\":\"https:\/\/product-guide.org\/\",\"name\":\"Product-Guide.org\",\"description\":\"What Product are you looking for?\",\"publisher\":{\"@id\":\"https:\/\/product-guide.org\/#organization\"},\"potentialAction\":[{\"@type\":\"SearchAction\",\"target\":{\"@type\":\"EntryPoint\",\"urlTemplate\":\"https:\/\/product-guide.org\/?s={search_term_string}\"},\"query-input\":{\"@type\":\"PropertyValueSpecification\",\"valueRequired\":true,\"valueName\":\"search_term_string\"}}],\"inLanguage\":\"en-GB\"},{\"@type\":\"Organization\",\"@id\":\"https:\/\/product-guide.org\/#organization\",\"name\":\"Product-Guide.org\",\"url\":\"https:\/\/product-guide.org\/\",\"logo\":{\"@type\":\"ImageObject\",\"inLanguage\":\"en-GB\",\"@id\":\"https:\/\/product-guide.org\/#\/schema\/logo\/image\/\",\"url\":\"https:\/\/product-guide.org\/wp-content\/uploads\/2022\/07\/logo_transparent_background.png\",\"contentUrl\":\"https:\/\/product-guide.org\/wp-content\/uploads\/2022\/07\/logo_transparent_background.png\",\"width\":3400,\"height\":1132,\"caption\":\"Product-Guide.org\"},\"image\":{\"@id\":\"https:\/\/product-guide.org\/#\/schema\/logo\/image\/\"}}]}<\/script>\n<!-- \/ Yoast SEO plugin. -->","yoast_head_json":{"title":"Japan Genmaicha Gr\u00fcntee | Roberts Teehaus | Product-Guide.org","description":"Japan Genmaicha Gr\u00fcntee | Roberts Teehaus gefunden von Product-Guide.org","robots":{"index":"index","follow":"follow","max-snippet":"max-snippet:-1","max-image-preview":"max-image-preview:large","max-video-preview":"max-video-preview:-1"},"canonical":"https:\/\/product-guide.org\/en\/produkt\/japan-genmaicha-gruntee-roberts-teehaus\/","og_locale":"en_GB","og_type":"article","og_title":"Japan Genmaicha Gr\u00fcntee | Roberts Teehaus | Product-Guide.org","og_description":"Japan Genmaicha Gr\u00fcntee | Roberts Teehaus gefunden von Product-Guide.org","og_url":"https:\/\/product-guide.org\/en\/produkt\/japan-genmaicha-gruntee-roberts-teehaus\/","og_site_name":"Product-Guide.org","article_modified_time":"2025-03-17T12:30:20+00:00","twitter_card":"summary_large_image","schema":{"@context":"https:\/\/schema.org","@graph":[{"@type":"WebPage","@id":"https:\/\/product-guide.org\/produkt\/japan-genmaicha-gruntee-roberts-teehaus\/","url":"https:\/\/product-guide.org\/produkt\/japan-genmaicha-gruntee-roberts-teehaus\/","name":"Japan Genmaicha Gr\u00fcntee | Roberts Teehaus | Product-Guide.org","isPartOf":{"@id":"https:\/\/product-guide.org\/#website"},"primaryImageOfPage":{"@id":"https:\/\/product-guide.org\/produkt\/japan-genmaicha-gruntee-roberts-teehaus\/#primaryimage"},"image":{"@id":"https:\/\/product-guide.org\/produkt\/japan-genmaicha-gruntee-roberts-teehaus\/#primaryimage"},"thumbnailUrl":"https:\/\/product-guide.org\/wp-content\/uploads\/2025\/03\/japan-genmaicha-gruentee.jpg","datePublished":"2025-03-17T12:30:19+00:00","dateModified":"2025-03-17T12:30:20+00:00","description":"Japan Genmaicha Gr\u00fcntee | Roberts Teehaus gefunden von Product-Guide.org","breadcrumb":{"@id":"https:\/\/product-guide.org\/produkt\/japan-genmaicha-gruntee-roberts-teehaus\/#breadcrumb"},"inLanguage":"en-GB","potentialAction":[{"@type":"ReadAction","target":["https:\/\/product-guide.org\/produkt\/japan-genmaicha-gruntee-roberts-teehaus\/"]}]},{"@type":"ImageObject","inLanguage":"en-GB","@id":"https:\/\/product-guide.org\/produkt\/japan-genmaicha-gruntee-roberts-teehaus\/#primaryimage","url":"https:\/\/product-guide.org\/wp-content\/uploads\/2025\/03\/japan-genmaicha-gruentee.jpg","contentUrl":"https:\/\/product-guide.org\/wp-content\/uploads\/2025\/03\/japan-genmaicha-gruentee.jpg","width":2048,"height":2048},{"@type":"BreadcrumbList","@id":"https:\/\/product-guide.org\/produkt\/japan-genmaicha-gruntee-roberts-teehaus\/#breadcrumb","itemListElement":[{"@type":"ListItem","position":1,"name":"Home","item":"https:\/\/product-guide.org\/"},{"@type":"ListItem","position":2,"name":"Ergebnisse","item":"https:\/\/product-guide.org\/de\/ergebnisse\/"},{"@type":"ListItem","position":3,"name":"Japan Genmaicha Gr\u00fcntee | Roberts Teehaus"}]},{"@type":"WebSite","@id":"https:\/\/product-guide.org\/#website","url":"https:\/\/product-guide.org\/","name":"Product-Guide.org","description":"What Product are you looking for?","publisher":{"@id":"https:\/\/product-guide.org\/#organization"},"potentialAction":[{"@type":"SearchAction","target":{"@type":"EntryPoint","urlTemplate":"https:\/\/product-guide.org\/?s={search_term_string}"},"query-input":{"@type":"PropertyValueSpecification","valueRequired":true,"valueName":"search_term_string"}}],"inLanguage":"en-GB"},{"@type":"Organization","@id":"https:\/\/product-guide.org\/#organization","name":"Product-Guide.org","url":"https:\/\/product-guide.org\/","logo":{"@type":"ImageObject","inLanguage":"en-GB","@id":"https:\/\/product-guide.org\/#\/schema\/logo\/image\/","url":"https:\/\/product-guide.org\/wp-content\/uploads\/2022\/07\/logo_transparent_background.png","contentUrl":"https:\/\/product-guide.org\/wp-content\/uploads\/2022\/07\/logo_transparent_background.png","width":3400,"height":1132,"caption":"Product-Guide.org"},"image":{"@id":"https:\/\/product-guide.org\/#\/schema\/logo\/image\/"}}]}},"_links":{"self":[{"href":"https:\/\/product-guide.org\/en\/wp-json\/wp\/v2\/product\/58785","targetHints":{"allow":["GET"]}}],"collection":[{"href":"https:\/\/product-guide.org\/en\/wp-json\/wp\/v2\/product"}],"about":[{"href":"https:\/\/product-guide.org\/en\/wp-json\/wp\/v2\/types\/product"}],"wp:featuredmedia":[{"embeddable":true,"href":"https:\/\/product-guide.org\/en\/wp-json\/wp\/v2\/media\/58784"}],"wp:attachment":[{"href":"https:\/\/product-guide.org\/en\/wp-json\/wp\/v2\/media?parent=58785"}],"wp:term":[{"taxonomy":"store","embeddable":true,"href":"https:\/\/product-guide.org\/en\/wp-json\/wp\/v2\/store?post=58785"},{"taxonomy":"product_brand","embeddable":true,"href":"https:\/\/product-guide.org\/en\/wp-json\/wp\/v2\/product_brand?post=58785"},{"taxonomy":"product_cat","embeddable":true,"href":"https:\/\/product-guide.org\/en\/wp-json\/wp\/v2\/product_cat?post=58785"},{"taxonomy":"product_tag","embeddable":true,"href":"https:\/\/product-guide.org\/en\/wp-json\/wp\/v2\/product_tag?post=58785"}],"curies":[{"name":"wp","href":"https:\/\/api.w.org\/{rel}","templated":true}]}}