{"id":58789,"date":"2025-03-17T13:30:25","date_gmt":"2025-03-17T12:30:25","guid":{"rendered":"https:\/\/product-guide.org\/produkt\/japan-gyokuro-asahi-roberts-teehaus-3\/"},"modified":"2025-03-17T13:30:26","modified_gmt":"2025-03-17T12:30:26","slug":"japan-gyokuro-asahi-roberts-teehaus-3","status":"publish","type":"product","link":"https:\/\/product-guide.org\/en\/produkt\/japan-gyokuro-asahi-roberts-teehaus-3\/","title":{"rendered":"Japan Gyokuro Asahi | Roberts Teehaus"},"content":{"rendered":"<p>Japan Gyokuro Asahi gilt als sehr hochwertiger japanischer Gr\u00fcntee. Gyokuro hei\u00dft auf Deutsch &#8220;edler Tautropfen&#8221;. Der typische Geschmack von Gyokuro Asahi l\u00e4sst sich als s\u00fc\u00dflich, leicht grasig beschreiben. Gyokuro Asahi wird ca. 21 Tage im Schatten aufgezogen. Dadurch sind sehr wenig Bitterstoffe vorhanden. Trinken Sie diesen Tee besonders stark, um den charakteristischen Geschmack zu erreichen. Zubereitung: Ca. 20-40 Gramm Teebl\u00e4tter je Liter bei 50-60 Grad Celsius 1,5-3,5 Minuten ziehen lassen. Bei h\u00f6heren Temperaturen verliert der Gyokuro seinen sanften und aromatischen Geschmack. Zutaten: Gyokuro Asahi. Inhaltsstoffe: Koffein, verschiedene Aminos\u00e4uren, Catechine, Flavonoide, Theanin, Vitamin A und B, Magnesium, Kupfer, Zink und Nickel, Phosphors\u00e4ure sowie Karotine. Immer k\u00fchl und trocken, luftdicht und lichtdicht lagern. Bei richtiger Lagerung ist der Gyokuro Asahi ca. 12 Monate haltbar.<\/p>\n","protected":false},"excerpt":{"rendered":"<p>Japan Gyokuro Asahi gilt als sehr hochwertiger japanischer Gr\u00fcntee. Gyokuro hei\u00dft auf Deutsch &#8220;edler Tautropfen&#8221;. Der typische Geschmack von Gyokuro Asahi l\u00e4sst sich als s\u00fc\u00dflich, leicht grasig beschreiben. Gyokuro Asahi wird ca. 21 Tage im Schatten aufgezogen. Dadurch sind sehr wenig Bitterstoffe vorhanden. Trinken Sie diesen Tee besonders stark, um den charakteristischen Geschmack zu erreichen. [&hellip;]<\/p>\n","protected":false},"featured_media":58786,"template":"","meta":{"_gspb_post_css":""},"store":[],"product_brand":[1473],"product_cat":[1290],"product_tag":[],"class_list":{"0":"post-58789","1":"product","2":"type-product","3":"status-publish","4":"has-post-thumbnail","6":"product_brand-roberts-teehaus","7":"product_cat-uncategorized","9":"first","10":"instock","11":"shipping-taxable","12":"purchasable","13":"product-type-simple"},"yoast_head":"<!-- This site is optimized with the Yoast SEO plugin v24.6 - https:\/\/yoast.com\/wordpress\/plugins\/seo\/ -->\n<title>Japan Gyokuro Asahi | Roberts Teehaus | Product-Guide.org<\/title>\n<meta name=\"description\" content=\"Japan Gyokuro Asahi | Roberts Teehaus gefunden von Product-Guide.org\" \/>\n<meta name=\"robots\" content=\"index, follow, max-snippet:-1, max-image-preview:large, max-video-preview:-1\" \/>\n<link rel=\"canonical\" href=\"https:\/\/product-guide.org\/en\/produkt\/japan-gyokuro-asahi-roberts-teehaus-3\/\" \/>\n<meta property=\"og:locale\" content=\"en_GB\" \/>\n<meta property=\"og:type\" content=\"article\" \/>\n<meta property=\"og:title\" content=\"Japan Gyokuro Asahi | Roberts Teehaus | Product-Guide.org\" \/>\n<meta property=\"og:description\" content=\"Japan Gyokuro Asahi | Roberts Teehaus gefunden von Product-Guide.org\" \/>\n<meta property=\"og:url\" content=\"https:\/\/product-guide.org\/en\/produkt\/japan-gyokuro-asahi-roberts-teehaus-3\/\" \/>\n<meta property=\"og:site_name\" content=\"Product-Guide.org\" \/>\n<meta property=\"article:modified_time\" content=\"2025-03-17T12:30:26+00:00\" \/>\n<meta name=\"twitter:card\" content=\"summary_large_image\" \/>\n<script type=\"application\/ld+json\" class=\"yoast-schema-graph\">{\"@context\":\"https:\/\/schema.org\",\"@graph\":[{\"@type\":\"WebPage\",\"@id\":\"https:\/\/product-guide.org\/produkt\/japan-gyokuro-asahi-roberts-teehaus-3\/\",\"url\":\"https:\/\/product-guide.org\/produkt\/japan-gyokuro-asahi-roberts-teehaus-3\/\",\"name\":\"Japan Gyokuro Asahi | Roberts Teehaus | Product-Guide.org\",\"isPartOf\":{\"@id\":\"https:\/\/product-guide.org\/#website\"},\"primaryImageOfPage\":{\"@id\":\"https:\/\/product-guide.org\/produkt\/japan-gyokuro-asahi-roberts-teehaus-3\/#primaryimage\"},\"image\":{\"@id\":\"https:\/\/product-guide.org\/produkt\/japan-gyokuro-asahi-roberts-teehaus-3\/#primaryimage\"},\"thumbnailUrl\":\"https:\/\/product-guide.org\/wp-content\/uploads\/2025\/03\/japan-gyokuro-asahi.jpg\",\"datePublished\":\"2025-03-17T12:30:25+00:00\",\"dateModified\":\"2025-03-17T12:30:26+00:00\",\"description\":\"Japan Gyokuro Asahi | Roberts Teehaus gefunden von Product-Guide.org\",\"breadcrumb\":{\"@id\":\"https:\/\/product-guide.org\/produkt\/japan-gyokuro-asahi-roberts-teehaus-3\/#breadcrumb\"},\"inLanguage\":\"en-GB\",\"potentialAction\":[{\"@type\":\"ReadAction\",\"target\":[\"https:\/\/product-guide.org\/produkt\/japan-gyokuro-asahi-roberts-teehaus-3\/\"]}]},{\"@type\":\"ImageObject\",\"inLanguage\":\"en-GB\",\"@id\":\"https:\/\/product-guide.org\/produkt\/japan-gyokuro-asahi-roberts-teehaus-3\/#primaryimage\",\"url\":\"https:\/\/product-guide.org\/wp-content\/uploads\/2025\/03\/japan-gyokuro-asahi.jpg\",\"contentUrl\":\"https:\/\/product-guide.org\/wp-content\/uploads\/2025\/03\/japan-gyokuro-asahi.jpg\",\"width\":2048,\"height\":2045},{\"@type\":\"BreadcrumbList\",\"@id\":\"https:\/\/product-guide.org\/produkt\/japan-gyokuro-asahi-roberts-teehaus-3\/#breadcrumb\",\"itemListElement\":[{\"@type\":\"ListItem\",\"position\":1,\"name\":\"Home\",\"item\":\"https:\/\/product-guide.org\/\"},{\"@type\":\"ListItem\",\"position\":2,\"name\":\"Ergebnisse\",\"item\":\"https:\/\/product-guide.org\/de\/ergebnisse\/\"},{\"@type\":\"ListItem\",\"position\":3,\"name\":\"Japan Gyokuro Asahi | Roberts Teehaus\"}]},{\"@type\":\"WebSite\",\"@id\":\"https:\/\/product-guide.org\/#website\",\"url\":\"https:\/\/product-guide.org\/\",\"name\":\"Product-Guide.org\",\"description\":\"What Product are you looking for?\",\"publisher\":{\"@id\":\"https:\/\/product-guide.org\/#organization\"},\"potentialAction\":[{\"@type\":\"SearchAction\",\"target\":{\"@type\":\"EntryPoint\",\"urlTemplate\":\"https:\/\/product-guide.org\/?s={search_term_string}\"},\"query-input\":{\"@type\":\"PropertyValueSpecification\",\"valueRequired\":true,\"valueName\":\"search_term_string\"}}],\"inLanguage\":\"en-GB\"},{\"@type\":\"Organization\",\"@id\":\"https:\/\/product-guide.org\/#organization\",\"name\":\"Product-Guide.org\",\"url\":\"https:\/\/product-guide.org\/\",\"logo\":{\"@type\":\"ImageObject\",\"inLanguage\":\"en-GB\",\"@id\":\"https:\/\/product-guide.org\/#\/schema\/logo\/image\/\",\"url\":\"https:\/\/product-guide.org\/wp-content\/uploads\/2022\/07\/logo_transparent_background.png\",\"contentUrl\":\"https:\/\/product-guide.org\/wp-content\/uploads\/2022\/07\/logo_transparent_background.png\",\"width\":3400,\"height\":1132,\"caption\":\"Product-Guide.org\"},\"image\":{\"@id\":\"https:\/\/product-guide.org\/#\/schema\/logo\/image\/\"}}]}<\/script>\n<!-- \/ Yoast SEO plugin. -->","yoast_head_json":{"title":"Japan Gyokuro Asahi | Roberts Teehaus | Product-Guide.org","description":"Japan Gyokuro Asahi | Roberts Teehaus gefunden von Product-Guide.org","robots":{"index":"index","follow":"follow","max-snippet":"max-snippet:-1","max-image-preview":"max-image-preview:large","max-video-preview":"max-video-preview:-1"},"canonical":"https:\/\/product-guide.org\/en\/produkt\/japan-gyokuro-asahi-roberts-teehaus-3\/","og_locale":"en_GB","og_type":"article","og_title":"Japan Gyokuro Asahi | Roberts Teehaus | Product-Guide.org","og_description":"Japan Gyokuro Asahi | Roberts Teehaus gefunden von Product-Guide.org","og_url":"https:\/\/product-guide.org\/en\/produkt\/japan-gyokuro-asahi-roberts-teehaus-3\/","og_site_name":"Product-Guide.org","article_modified_time":"2025-03-17T12:30:26+00:00","twitter_card":"summary_large_image","schema":{"@context":"https:\/\/schema.org","@graph":[{"@type":"WebPage","@id":"https:\/\/product-guide.org\/produkt\/japan-gyokuro-asahi-roberts-teehaus-3\/","url":"https:\/\/product-guide.org\/produkt\/japan-gyokuro-asahi-roberts-teehaus-3\/","name":"Japan Gyokuro Asahi | Roberts Teehaus | Product-Guide.org","isPartOf":{"@id":"https:\/\/product-guide.org\/#website"},"primaryImageOfPage":{"@id":"https:\/\/product-guide.org\/produkt\/japan-gyokuro-asahi-roberts-teehaus-3\/#primaryimage"},"image":{"@id":"https:\/\/product-guide.org\/produkt\/japan-gyokuro-asahi-roberts-teehaus-3\/#primaryimage"},"thumbnailUrl":"https:\/\/product-guide.org\/wp-content\/uploads\/2025\/03\/japan-gyokuro-asahi.jpg","datePublished":"2025-03-17T12:30:25+00:00","dateModified":"2025-03-17T12:30:26+00:00","description":"Japan Gyokuro Asahi | Roberts Teehaus gefunden von Product-Guide.org","breadcrumb":{"@id":"https:\/\/product-guide.org\/produkt\/japan-gyokuro-asahi-roberts-teehaus-3\/#breadcrumb"},"inLanguage":"en-GB","potentialAction":[{"@type":"ReadAction","target":["https:\/\/product-guide.org\/produkt\/japan-gyokuro-asahi-roberts-teehaus-3\/"]}]},{"@type":"ImageObject","inLanguage":"en-GB","@id":"https:\/\/product-guide.org\/produkt\/japan-gyokuro-asahi-roberts-teehaus-3\/#primaryimage","url":"https:\/\/product-guide.org\/wp-content\/uploads\/2025\/03\/japan-gyokuro-asahi.jpg","contentUrl":"https:\/\/product-guide.org\/wp-content\/uploads\/2025\/03\/japan-gyokuro-asahi.jpg","width":2048,"height":2045},{"@type":"BreadcrumbList","@id":"https:\/\/product-guide.org\/produkt\/japan-gyokuro-asahi-roberts-teehaus-3\/#breadcrumb","itemListElement":[{"@type":"ListItem","position":1,"name":"Home","item":"https:\/\/product-guide.org\/"},{"@type":"ListItem","position":2,"name":"Ergebnisse","item":"https:\/\/product-guide.org\/de\/ergebnisse\/"},{"@type":"ListItem","position":3,"name":"Japan Gyokuro Asahi | Roberts Teehaus"}]},{"@type":"WebSite","@id":"https:\/\/product-guide.org\/#website","url":"https:\/\/product-guide.org\/","name":"Product-Guide.org","description":"What Product are you looking for?","publisher":{"@id":"https:\/\/product-guide.org\/#organization"},"potentialAction":[{"@type":"SearchAction","target":{"@type":"EntryPoint","urlTemplate":"https:\/\/product-guide.org\/?s={search_term_string}"},"query-input":{"@type":"PropertyValueSpecification","valueRequired":true,"valueName":"search_term_string"}}],"inLanguage":"en-GB"},{"@type":"Organization","@id":"https:\/\/product-guide.org\/#organization","name":"Product-Guide.org","url":"https:\/\/product-guide.org\/","logo":{"@type":"ImageObject","inLanguage":"en-GB","@id":"https:\/\/product-guide.org\/#\/schema\/logo\/image\/","url":"https:\/\/product-guide.org\/wp-content\/uploads\/2022\/07\/logo_transparent_background.png","contentUrl":"https:\/\/product-guide.org\/wp-content\/uploads\/2022\/07\/logo_transparent_background.png","width":3400,"height":1132,"caption":"Product-Guide.org"},"image":{"@id":"https:\/\/product-guide.org\/#\/schema\/logo\/image\/"}}]}},"_links":{"self":[{"href":"https:\/\/product-guide.org\/en\/wp-json\/wp\/v2\/product\/58789","targetHints":{"allow":["GET"]}}],"collection":[{"href":"https:\/\/product-guide.org\/en\/wp-json\/wp\/v2\/product"}],"about":[{"href":"https:\/\/product-guide.org\/en\/wp-json\/wp\/v2\/types\/product"}],"wp:featuredmedia":[{"embeddable":true,"href":"https:\/\/product-guide.org\/en\/wp-json\/wp\/v2\/media\/58786"}],"wp:attachment":[{"href":"https:\/\/product-guide.org\/en\/wp-json\/wp\/v2\/media?parent=58789"}],"wp:term":[{"taxonomy":"store","embeddable":true,"href":"https:\/\/product-guide.org\/en\/wp-json\/wp\/v2\/store?post=58789"},{"taxonomy":"product_brand","embeddable":true,"href":"https:\/\/product-guide.org\/en\/wp-json\/wp\/v2\/product_brand?post=58789"},{"taxonomy":"product_cat","embeddable":true,"href":"https:\/\/product-guide.org\/en\/wp-json\/wp\/v2\/product_cat?post=58789"},{"taxonomy":"product_tag","embeddable":true,"href":"https:\/\/product-guide.org\/en\/wp-json\/wp\/v2\/product_tag?post=58789"}],"curies":[{"name":"wp","href":"https:\/\/api.w.org\/{rel}","templated":true}]}}