{"id":58795,"date":"2025-03-17T13:30:31","date_gmt":"2025-03-17T12:30:31","guid":{"rendered":"https:\/\/product-guide.org\/produkt\/jasmine-pearls-roberts-teehaus\/"},"modified":"2025-03-17T13:30:32","modified_gmt":"2025-03-17T12:30:32","slug":"jasmine-pearls-roberts-teehaus","status":"publish","type":"product","link":"https:\/\/product-guide.org\/en\/produkt\/jasmine-pearls-roberts-teehaus\/","title":{"rendered":"Jasmine Pearls | Roberts Teehaus"},"content":{"rendered":"<p>Jasmintee ist ein durch Jasminbl\u00fcten aromatisierter Gr\u00fcntee. Seinen Ursprung er in der Song-Dynastie, die von 960 bis 1279 die herrschende Dynastie im Kaiserreich China war \u2013 heutzutage aber ist Jasmintee in China ein Volksgetr\u00e4nk. Als besonders hochwertig gelten die Jasmine Pearls, auch Zhen Zhu genannt. Lange Zeit war dieser Tee ein kaiserlicher Tributtee, also ein besonders hochwertiger Tee, der den chinesischen Kaisern als Tribut \u00fcberreicht wurde. Seit Jahrhunderten wird f\u00fcr die Herstellung des Zhen Zhu Gr\u00fcntee zum Welken gebracht und danach per Hand gerollt. Daraufhin werden jeweils eine Schicht Gr\u00fcntee und eine Schicht Jasminbl\u00fcten ausgestreut; durch W\u00e4rmezufuhr \u00f6ffnen sich die Jasminbl\u00fcten und geben ihr edles Aroma ab. Im Anschluss werden die Jasminbl\u00fcten wieder von dem Gr\u00fcntee getrennt, aber je nach gew\u00fcnschter Aroma-Intensit\u00e4t kann der Prozess mit frischen Jasminbl\u00fcten wiederholt werden. Der Tee hat einen sanften, fruchtigen und blumigen Geschmack. Zubereitung: Verwenden Sie ca. 10 Gramm Jasmine Pearls je Liter Wasser. \u00dcbergie\u00dfen Sie den Tee mit etwa 80 Grad hei\u00dfem Wasser und lassen Sie ihn 2-3 Minuten ziehen. Mehrere Aufg\u00fcsse sind m\u00f6glich. Die Inhaltsstoffe des Jasmintees sind unter anderem Fluor, Magnesium, Kalium, Kupfer, Nickel, Koffein, Gerbstoffe, Saponine, \u00e4therische \u00d6le und die Vitamine A, C und B1. Zutaten: Gr\u00fcner Tee, Jasminbl\u00fctenaroma. Immer k\u00fchl, trocken, luftdicht und lichtdicht lagern. Bei richtiger Lagerung ist der Tee ca. 24 Monate haltbar.<\/p>\n","protected":false},"excerpt":{"rendered":"<p>Jasmintee ist ein durch Jasminbl\u00fcten aromatisierter Gr\u00fcntee. Seinen Ursprung er in der Song-Dynastie, die von 960 bis 1279 die herrschende Dynastie im Kaiserreich China war \u2013 heutzutage aber ist Jasmintee in China ein Volksgetr\u00e4nk. Als besonders hochwertig gelten die Jasmine Pearls, auch Zhen Zhu genannt. Lange Zeit war dieser Tee ein kaiserlicher Tributtee, also ein [&hellip;]<\/p>\n","protected":false},"featured_media":58794,"template":"","meta":{"_gspb_post_css":""},"store":[],"product_brand":[1473],"product_cat":[1290],"product_tag":[],"class_list":{"0":"post-58795","1":"product","2":"type-product","3":"status-publish","4":"has-post-thumbnail","6":"product_brand-roberts-teehaus","7":"product_cat-uncategorized","9":"first","10":"instock","11":"shipping-taxable","12":"purchasable","13":"product-type-simple"},"yoast_head":"<!-- This site is optimized with the Yoast SEO plugin v24.6 - https:\/\/yoast.com\/wordpress\/plugins\/seo\/ -->\n<title>Jasmine Pearls | Roberts Teehaus | Product-Guide.org<\/title>\n<meta name=\"description\" content=\"Jasmine Pearls | Roberts Teehaus gefunden von Product-Guide.org\" \/>\n<meta name=\"robots\" content=\"index, follow, max-snippet:-1, max-image-preview:large, max-video-preview:-1\" \/>\n<link rel=\"canonical\" href=\"https:\/\/product-guide.org\/en\/produkt\/jasmine-pearls-roberts-teehaus\/\" \/>\n<meta property=\"og:locale\" content=\"en_GB\" \/>\n<meta property=\"og:type\" content=\"article\" \/>\n<meta property=\"og:title\" content=\"Jasmine Pearls | Roberts Teehaus | Product-Guide.org\" \/>\n<meta property=\"og:description\" content=\"Jasmine Pearls | Roberts Teehaus gefunden von Product-Guide.org\" \/>\n<meta property=\"og:url\" content=\"https:\/\/product-guide.org\/en\/produkt\/jasmine-pearls-roberts-teehaus\/\" \/>\n<meta property=\"og:site_name\" content=\"Product-Guide.org\" \/>\n<meta property=\"article:modified_time\" content=\"2025-03-17T12:30:32+00:00\" \/>\n<meta name=\"twitter:card\" content=\"summary_large_image\" \/>\n<script type=\"application\/ld+json\" class=\"yoast-schema-graph\">{\"@context\":\"https:\/\/schema.org\",\"@graph\":[{\"@type\":\"WebPage\",\"@id\":\"https:\/\/product-guide.org\/produkt\/jasmine-pearls-roberts-teehaus\/\",\"url\":\"https:\/\/product-guide.org\/produkt\/jasmine-pearls-roberts-teehaus\/\",\"name\":\"Jasmine Pearls | Roberts Teehaus | Product-Guide.org\",\"isPartOf\":{\"@id\":\"https:\/\/product-guide.org\/#website\"},\"primaryImageOfPage\":{\"@id\":\"https:\/\/product-guide.org\/produkt\/jasmine-pearls-roberts-teehaus\/#primaryimage\"},\"image\":{\"@id\":\"https:\/\/product-guide.org\/produkt\/jasmine-pearls-roberts-teehaus\/#primaryimage\"},\"thumbnailUrl\":\"https:\/\/product-guide.org\/wp-content\/uploads\/2025\/03\/jasmine-pearls.jpg\",\"datePublished\":\"2025-03-17T12:30:31+00:00\",\"dateModified\":\"2025-03-17T12:30:32+00:00\",\"description\":\"Jasmine Pearls | Roberts Teehaus gefunden von Product-Guide.org\",\"breadcrumb\":{\"@id\":\"https:\/\/product-guide.org\/produkt\/jasmine-pearls-roberts-teehaus\/#breadcrumb\"},\"inLanguage\":\"en-GB\",\"potentialAction\":[{\"@type\":\"ReadAction\",\"target\":[\"https:\/\/product-guide.org\/produkt\/jasmine-pearls-roberts-teehaus\/\"]}]},{\"@type\":\"ImageObject\",\"inLanguage\":\"en-GB\",\"@id\":\"https:\/\/product-guide.org\/produkt\/jasmine-pearls-roberts-teehaus\/#primaryimage\",\"url\":\"https:\/\/product-guide.org\/wp-content\/uploads\/2025\/03\/jasmine-pearls.jpg\",\"contentUrl\":\"https:\/\/product-guide.org\/wp-content\/uploads\/2025\/03\/jasmine-pearls.jpg\",\"width\":2048,\"height\":2048},{\"@type\":\"BreadcrumbList\",\"@id\":\"https:\/\/product-guide.org\/produkt\/jasmine-pearls-roberts-teehaus\/#breadcrumb\",\"itemListElement\":[{\"@type\":\"ListItem\",\"position\":1,\"name\":\"Home\",\"item\":\"https:\/\/product-guide.org\/\"},{\"@type\":\"ListItem\",\"position\":2,\"name\":\"Ergebnisse\",\"item\":\"https:\/\/product-guide.org\/de\/ergebnisse\/\"},{\"@type\":\"ListItem\",\"position\":3,\"name\":\"Jasmine Pearls | Roberts Teehaus\"}]},{\"@type\":\"WebSite\",\"@id\":\"https:\/\/product-guide.org\/#website\",\"url\":\"https:\/\/product-guide.org\/\",\"name\":\"Product-Guide.org\",\"description\":\"What Product are you looking for?\",\"publisher\":{\"@id\":\"https:\/\/product-guide.org\/#organization\"},\"potentialAction\":[{\"@type\":\"SearchAction\",\"target\":{\"@type\":\"EntryPoint\",\"urlTemplate\":\"https:\/\/product-guide.org\/?s={search_term_string}\"},\"query-input\":{\"@type\":\"PropertyValueSpecification\",\"valueRequired\":true,\"valueName\":\"search_term_string\"}}],\"inLanguage\":\"en-GB\"},{\"@type\":\"Organization\",\"@id\":\"https:\/\/product-guide.org\/#organization\",\"name\":\"Product-Guide.org\",\"url\":\"https:\/\/product-guide.org\/\",\"logo\":{\"@type\":\"ImageObject\",\"inLanguage\":\"en-GB\",\"@id\":\"https:\/\/product-guide.org\/#\/schema\/logo\/image\/\",\"url\":\"https:\/\/product-guide.org\/wp-content\/uploads\/2022\/07\/logo_transparent_background.png\",\"contentUrl\":\"https:\/\/product-guide.org\/wp-content\/uploads\/2022\/07\/logo_transparent_background.png\",\"width\":3400,\"height\":1132,\"caption\":\"Product-Guide.org\"},\"image\":{\"@id\":\"https:\/\/product-guide.org\/#\/schema\/logo\/image\/\"}}]}<\/script>\n<!-- \/ Yoast SEO plugin. -->","yoast_head_json":{"title":"Jasmine Pearls | Roberts Teehaus | Product-Guide.org","description":"Jasmine Pearls | Roberts Teehaus gefunden von Product-Guide.org","robots":{"index":"index","follow":"follow","max-snippet":"max-snippet:-1","max-image-preview":"max-image-preview:large","max-video-preview":"max-video-preview:-1"},"canonical":"https:\/\/product-guide.org\/en\/produkt\/jasmine-pearls-roberts-teehaus\/","og_locale":"en_GB","og_type":"article","og_title":"Jasmine Pearls | Roberts Teehaus | Product-Guide.org","og_description":"Jasmine Pearls | Roberts Teehaus gefunden von Product-Guide.org","og_url":"https:\/\/product-guide.org\/en\/produkt\/jasmine-pearls-roberts-teehaus\/","og_site_name":"Product-Guide.org","article_modified_time":"2025-03-17T12:30:32+00:00","twitter_card":"summary_large_image","schema":{"@context":"https:\/\/schema.org","@graph":[{"@type":"WebPage","@id":"https:\/\/product-guide.org\/produkt\/jasmine-pearls-roberts-teehaus\/","url":"https:\/\/product-guide.org\/produkt\/jasmine-pearls-roberts-teehaus\/","name":"Jasmine Pearls | Roberts Teehaus | Product-Guide.org","isPartOf":{"@id":"https:\/\/product-guide.org\/#website"},"primaryImageOfPage":{"@id":"https:\/\/product-guide.org\/produkt\/jasmine-pearls-roberts-teehaus\/#primaryimage"},"image":{"@id":"https:\/\/product-guide.org\/produkt\/jasmine-pearls-roberts-teehaus\/#primaryimage"},"thumbnailUrl":"https:\/\/product-guide.org\/wp-content\/uploads\/2025\/03\/jasmine-pearls.jpg","datePublished":"2025-03-17T12:30:31+00:00","dateModified":"2025-03-17T12:30:32+00:00","description":"Jasmine Pearls | Roberts Teehaus gefunden von Product-Guide.org","breadcrumb":{"@id":"https:\/\/product-guide.org\/produkt\/jasmine-pearls-roberts-teehaus\/#breadcrumb"},"inLanguage":"en-GB","potentialAction":[{"@type":"ReadAction","target":["https:\/\/product-guide.org\/produkt\/jasmine-pearls-roberts-teehaus\/"]}]},{"@type":"ImageObject","inLanguage":"en-GB","@id":"https:\/\/product-guide.org\/produkt\/jasmine-pearls-roberts-teehaus\/#primaryimage","url":"https:\/\/product-guide.org\/wp-content\/uploads\/2025\/03\/jasmine-pearls.jpg","contentUrl":"https:\/\/product-guide.org\/wp-content\/uploads\/2025\/03\/jasmine-pearls.jpg","width":2048,"height":2048},{"@type":"BreadcrumbList","@id":"https:\/\/product-guide.org\/produkt\/jasmine-pearls-roberts-teehaus\/#breadcrumb","itemListElement":[{"@type":"ListItem","position":1,"name":"Home","item":"https:\/\/product-guide.org\/"},{"@type":"ListItem","position":2,"name":"Ergebnisse","item":"https:\/\/product-guide.org\/de\/ergebnisse\/"},{"@type":"ListItem","position":3,"name":"Jasmine Pearls | Roberts Teehaus"}]},{"@type":"WebSite","@id":"https:\/\/product-guide.org\/#website","url":"https:\/\/product-guide.org\/","name":"Product-Guide.org","description":"What Product are you looking for?","publisher":{"@id":"https:\/\/product-guide.org\/#organization"},"potentialAction":[{"@type":"SearchAction","target":{"@type":"EntryPoint","urlTemplate":"https:\/\/product-guide.org\/?s={search_term_string}"},"query-input":{"@type":"PropertyValueSpecification","valueRequired":true,"valueName":"search_term_string"}}],"inLanguage":"en-GB"},{"@type":"Organization","@id":"https:\/\/product-guide.org\/#organization","name":"Product-Guide.org","url":"https:\/\/product-guide.org\/","logo":{"@type":"ImageObject","inLanguage":"en-GB","@id":"https:\/\/product-guide.org\/#\/schema\/logo\/image\/","url":"https:\/\/product-guide.org\/wp-content\/uploads\/2022\/07\/logo_transparent_background.png","contentUrl":"https:\/\/product-guide.org\/wp-content\/uploads\/2022\/07\/logo_transparent_background.png","width":3400,"height":1132,"caption":"Product-Guide.org"},"image":{"@id":"https:\/\/product-guide.org\/#\/schema\/logo\/image\/"}}]}},"_links":{"self":[{"href":"https:\/\/product-guide.org\/en\/wp-json\/wp\/v2\/product\/58795","targetHints":{"allow":["GET"]}}],"collection":[{"href":"https:\/\/product-guide.org\/en\/wp-json\/wp\/v2\/product"}],"about":[{"href":"https:\/\/product-guide.org\/en\/wp-json\/wp\/v2\/types\/product"}],"wp:featuredmedia":[{"embeddable":true,"href":"https:\/\/product-guide.org\/en\/wp-json\/wp\/v2\/media\/58794"}],"wp:attachment":[{"href":"https:\/\/product-guide.org\/en\/wp-json\/wp\/v2\/media?parent=58795"}],"wp:term":[{"taxonomy":"store","embeddable":true,"href":"https:\/\/product-guide.org\/en\/wp-json\/wp\/v2\/store?post=58795"},{"taxonomy":"product_brand","embeddable":true,"href":"https:\/\/product-guide.org\/en\/wp-json\/wp\/v2\/product_brand?post=58795"},{"taxonomy":"product_cat","embeddable":true,"href":"https:\/\/product-guide.org\/en\/wp-json\/wp\/v2\/product_cat?post=58795"},{"taxonomy":"product_tag","embeddable":true,"href":"https:\/\/product-guide.org\/en\/wp-json\/wp\/v2\/product_tag?post=58795"}],"curies":[{"name":"wp","href":"https:\/\/api.w.org\/{rel}","templated":true}]}}