{"id":58801,"date":"2025-03-17T13:30:36","date_gmt":"2025-03-17T12:30:36","guid":{"rendered":"https:\/\/product-guide.org\/produkt\/kenia-gfop1-marinyn-schwarztee-roberts-teehaus-4\/"},"modified":"2025-03-17T13:30:37","modified_gmt":"2025-03-17T12:30:37","slug":"kenia-gfop1-marinyn-schwarztee-roberts-teehaus-4","status":"publish","type":"product","link":"https:\/\/product-guide.org\/en\/produkt\/kenia-gfop1-marinyn-schwarztee-roberts-teehaus-4\/","title":{"rendered":"Kenia GFOP1 Marinyn Schwarztee | Roberts Teehaus"},"content":{"rendered":"<p>Kenia Marinyn Schwarztee GFOP1 w\u00e4chst in \u00c4quatorn\u00e4he auf etwa 2000 Metern H\u00f6he. Seine fermentierten Bl\u00e4tter sind sehr dunkel mit helleren Spitzen. In der Tasse sieht er r\u00f6tlich aus, er schmeckt kr\u00e4ftig mit fruchtig-blumiger Note und leicht pfeffrigen Untert\u00f6nen. Zubereitung: \u00dcbergie\u00dfen Sie 4 Teel\u00f6ffel Bl\u00e4tter mit einem Liter kochendem Wasser und lassen Sie alles 3 Minuten lang ziehen. Sie k\u00f6nnen dieses Getr\u00e4nk pur genie\u00dfen, aber auch mit Milch und Zucker, vorzugsweise Kandis. Mit Sahne und dunklem Honig ist er besonders mild und k\u00f6stlich. Zutaten: Kenia Marinyn Schwarztee GFOP1. Inhaltsstoffe: Neben Koffein und dem entspannend wirkenden L-Theanin enth\u00e4lt der Tee auch Kalium, Fluorid, Kalzium, Magnesium, Eisen, Kupfer sowie die Vitamine B1 und B2. Immer k\u00fchl, trocken, luftdicht und lichtdicht lagern. Bei richtiger Lagerung ist der Tee ca. 18 Monate haltbar.<\/p>\n","protected":false},"excerpt":{"rendered":"<p>Kenia Marinyn Schwarztee GFOP1 w\u00e4chst in \u00c4quatorn\u00e4he auf etwa 2000 Metern H\u00f6he. Seine fermentierten Bl\u00e4tter sind sehr dunkel mit helleren Spitzen. In der Tasse sieht er r\u00f6tlich aus, er schmeckt kr\u00e4ftig mit fruchtig-blumiger Note und leicht pfeffrigen Untert\u00f6nen. Zubereitung: \u00dcbergie\u00dfen Sie 4 Teel\u00f6ffel Bl\u00e4tter mit einem Liter kochendem Wasser und lassen Sie alles 3 Minuten [&hellip;]<\/p>\n","protected":false},"featured_media":58797,"template":"","meta":{"_gspb_post_css":""},"store":[],"product_brand":[1473],"product_cat":[1290],"product_tag":[],"class_list":{"0":"post-58801","1":"product","2":"type-product","3":"status-publish","4":"has-post-thumbnail","6":"product_brand-roberts-teehaus","7":"product_cat-uncategorized","9":"first","10":"instock","11":"shipping-taxable","12":"purchasable","13":"product-type-simple"},"yoast_head":"<!-- This site is optimized with the Yoast SEO plugin v24.6 - https:\/\/yoast.com\/wordpress\/plugins\/seo\/ -->\n<title>Kenia GFOP1 Marinyn Schwarztee | Roberts Teehaus | Product-Guide.org<\/title>\n<meta name=\"description\" content=\"Kenia GFOP1 Marinyn Schwarztee | Roberts Teehaus gefunden von Product-Guide.org\" \/>\n<meta name=\"robots\" content=\"index, follow, max-snippet:-1, max-image-preview:large, max-video-preview:-1\" \/>\n<link rel=\"canonical\" href=\"https:\/\/product-guide.org\/en\/produkt\/kenia-gfop1-marinyn-schwarztee-roberts-teehaus-4\/\" \/>\n<meta property=\"og:locale\" content=\"en_GB\" \/>\n<meta property=\"og:type\" content=\"article\" \/>\n<meta property=\"og:title\" content=\"Kenia GFOP1 Marinyn Schwarztee | Roberts Teehaus | Product-Guide.org\" \/>\n<meta property=\"og:description\" content=\"Kenia GFOP1 Marinyn Schwarztee | Roberts Teehaus gefunden von Product-Guide.org\" \/>\n<meta property=\"og:url\" content=\"https:\/\/product-guide.org\/en\/produkt\/kenia-gfop1-marinyn-schwarztee-roberts-teehaus-4\/\" \/>\n<meta property=\"og:site_name\" content=\"Product-Guide.org\" \/>\n<meta property=\"article:modified_time\" content=\"2025-03-17T12:30:37+00:00\" \/>\n<meta name=\"twitter:card\" content=\"summary_large_image\" \/>\n<script type=\"application\/ld+json\" class=\"yoast-schema-graph\">{\"@context\":\"https:\/\/schema.org\",\"@graph\":[{\"@type\":\"WebPage\",\"@id\":\"https:\/\/product-guide.org\/produkt\/kenia-gfop1-marinyn-schwarztee-roberts-teehaus-4\/\",\"url\":\"https:\/\/product-guide.org\/produkt\/kenia-gfop1-marinyn-schwarztee-roberts-teehaus-4\/\",\"name\":\"Kenia GFOP1 Marinyn Schwarztee | Roberts Teehaus | Product-Guide.org\",\"isPartOf\":{\"@id\":\"https:\/\/product-guide.org\/#website\"},\"primaryImageOfPage\":{\"@id\":\"https:\/\/product-guide.org\/produkt\/kenia-gfop1-marinyn-schwarztee-roberts-teehaus-4\/#primaryimage\"},\"image\":{\"@id\":\"https:\/\/product-guide.org\/produkt\/kenia-gfop1-marinyn-schwarztee-roberts-teehaus-4\/#primaryimage\"},\"thumbnailUrl\":\"https:\/\/product-guide.org\/wp-content\/uploads\/2025\/03\/kenia-gfop1-marinyn-schwarztee.jpg\",\"datePublished\":\"2025-03-17T12:30:36+00:00\",\"dateModified\":\"2025-03-17T12:30:37+00:00\",\"description\":\"Kenia GFOP1 Marinyn Schwarztee | Roberts Teehaus gefunden von Product-Guide.org\",\"breadcrumb\":{\"@id\":\"https:\/\/product-guide.org\/produkt\/kenia-gfop1-marinyn-schwarztee-roberts-teehaus-4\/#breadcrumb\"},\"inLanguage\":\"en-GB\",\"potentialAction\":[{\"@type\":\"ReadAction\",\"target\":[\"https:\/\/product-guide.org\/produkt\/kenia-gfop1-marinyn-schwarztee-roberts-teehaus-4\/\"]}]},{\"@type\":\"ImageObject\",\"inLanguage\":\"en-GB\",\"@id\":\"https:\/\/product-guide.org\/produkt\/kenia-gfop1-marinyn-schwarztee-roberts-teehaus-4\/#primaryimage\",\"url\":\"https:\/\/product-guide.org\/wp-content\/uploads\/2025\/03\/kenia-gfop1-marinyn-schwarztee.jpg\",\"contentUrl\":\"https:\/\/product-guide.org\/wp-content\/uploads\/2025\/03\/kenia-gfop1-marinyn-schwarztee.jpg\",\"width\":2048,\"height\":2048},{\"@type\":\"BreadcrumbList\",\"@id\":\"https:\/\/product-guide.org\/produkt\/kenia-gfop1-marinyn-schwarztee-roberts-teehaus-4\/#breadcrumb\",\"itemListElement\":[{\"@type\":\"ListItem\",\"position\":1,\"name\":\"Home\",\"item\":\"https:\/\/product-guide.org\/\"},{\"@type\":\"ListItem\",\"position\":2,\"name\":\"Ergebnisse\",\"item\":\"https:\/\/product-guide.org\/de\/ergebnisse\/\"},{\"@type\":\"ListItem\",\"position\":3,\"name\":\"Kenia GFOP1 Marinyn Schwarztee | Roberts Teehaus\"}]},{\"@type\":\"WebSite\",\"@id\":\"https:\/\/product-guide.org\/#website\",\"url\":\"https:\/\/product-guide.org\/\",\"name\":\"Product-Guide.org\",\"description\":\"What Product are you looking for?\",\"publisher\":{\"@id\":\"https:\/\/product-guide.org\/#organization\"},\"potentialAction\":[{\"@type\":\"SearchAction\",\"target\":{\"@type\":\"EntryPoint\",\"urlTemplate\":\"https:\/\/product-guide.org\/?s={search_term_string}\"},\"query-input\":{\"@type\":\"PropertyValueSpecification\",\"valueRequired\":true,\"valueName\":\"search_term_string\"}}],\"inLanguage\":\"en-GB\"},{\"@type\":\"Organization\",\"@id\":\"https:\/\/product-guide.org\/#organization\",\"name\":\"Product-Guide.org\",\"url\":\"https:\/\/product-guide.org\/\",\"logo\":{\"@type\":\"ImageObject\",\"inLanguage\":\"en-GB\",\"@id\":\"https:\/\/product-guide.org\/#\/schema\/logo\/image\/\",\"url\":\"https:\/\/product-guide.org\/wp-content\/uploads\/2022\/07\/logo_transparent_background.png\",\"contentUrl\":\"https:\/\/product-guide.org\/wp-content\/uploads\/2022\/07\/logo_transparent_background.png\",\"width\":3400,\"height\":1132,\"caption\":\"Product-Guide.org\"},\"image\":{\"@id\":\"https:\/\/product-guide.org\/#\/schema\/logo\/image\/\"}}]}<\/script>\n<!-- \/ Yoast SEO plugin. -->","yoast_head_json":{"title":"Kenia GFOP1 Marinyn Schwarztee | Roberts Teehaus | Product-Guide.org","description":"Kenia GFOP1 Marinyn Schwarztee | Roberts Teehaus gefunden von Product-Guide.org","robots":{"index":"index","follow":"follow","max-snippet":"max-snippet:-1","max-image-preview":"max-image-preview:large","max-video-preview":"max-video-preview:-1"},"canonical":"https:\/\/product-guide.org\/en\/produkt\/kenia-gfop1-marinyn-schwarztee-roberts-teehaus-4\/","og_locale":"en_GB","og_type":"article","og_title":"Kenia GFOP1 Marinyn Schwarztee | Roberts Teehaus | Product-Guide.org","og_description":"Kenia GFOP1 Marinyn Schwarztee | Roberts Teehaus gefunden von Product-Guide.org","og_url":"https:\/\/product-guide.org\/en\/produkt\/kenia-gfop1-marinyn-schwarztee-roberts-teehaus-4\/","og_site_name":"Product-Guide.org","article_modified_time":"2025-03-17T12:30:37+00:00","twitter_card":"summary_large_image","schema":{"@context":"https:\/\/schema.org","@graph":[{"@type":"WebPage","@id":"https:\/\/product-guide.org\/produkt\/kenia-gfop1-marinyn-schwarztee-roberts-teehaus-4\/","url":"https:\/\/product-guide.org\/produkt\/kenia-gfop1-marinyn-schwarztee-roberts-teehaus-4\/","name":"Kenia GFOP1 Marinyn Schwarztee | Roberts Teehaus | Product-Guide.org","isPartOf":{"@id":"https:\/\/product-guide.org\/#website"},"primaryImageOfPage":{"@id":"https:\/\/product-guide.org\/produkt\/kenia-gfop1-marinyn-schwarztee-roberts-teehaus-4\/#primaryimage"},"image":{"@id":"https:\/\/product-guide.org\/produkt\/kenia-gfop1-marinyn-schwarztee-roberts-teehaus-4\/#primaryimage"},"thumbnailUrl":"https:\/\/product-guide.org\/wp-content\/uploads\/2025\/03\/kenia-gfop1-marinyn-schwarztee.jpg","datePublished":"2025-03-17T12:30:36+00:00","dateModified":"2025-03-17T12:30:37+00:00","description":"Kenia GFOP1 Marinyn Schwarztee | Roberts Teehaus gefunden von Product-Guide.org","breadcrumb":{"@id":"https:\/\/product-guide.org\/produkt\/kenia-gfop1-marinyn-schwarztee-roberts-teehaus-4\/#breadcrumb"},"inLanguage":"en-GB","potentialAction":[{"@type":"ReadAction","target":["https:\/\/product-guide.org\/produkt\/kenia-gfop1-marinyn-schwarztee-roberts-teehaus-4\/"]}]},{"@type":"ImageObject","inLanguage":"en-GB","@id":"https:\/\/product-guide.org\/produkt\/kenia-gfop1-marinyn-schwarztee-roberts-teehaus-4\/#primaryimage","url":"https:\/\/product-guide.org\/wp-content\/uploads\/2025\/03\/kenia-gfop1-marinyn-schwarztee.jpg","contentUrl":"https:\/\/product-guide.org\/wp-content\/uploads\/2025\/03\/kenia-gfop1-marinyn-schwarztee.jpg","width":2048,"height":2048},{"@type":"BreadcrumbList","@id":"https:\/\/product-guide.org\/produkt\/kenia-gfop1-marinyn-schwarztee-roberts-teehaus-4\/#breadcrumb","itemListElement":[{"@type":"ListItem","position":1,"name":"Home","item":"https:\/\/product-guide.org\/"},{"@type":"ListItem","position":2,"name":"Ergebnisse","item":"https:\/\/product-guide.org\/de\/ergebnisse\/"},{"@type":"ListItem","position":3,"name":"Kenia GFOP1 Marinyn Schwarztee | Roberts Teehaus"}]},{"@type":"WebSite","@id":"https:\/\/product-guide.org\/#website","url":"https:\/\/product-guide.org\/","name":"Product-Guide.org","description":"What Product are you looking for?","publisher":{"@id":"https:\/\/product-guide.org\/#organization"},"potentialAction":[{"@type":"SearchAction","target":{"@type":"EntryPoint","urlTemplate":"https:\/\/product-guide.org\/?s={search_term_string}"},"query-input":{"@type":"PropertyValueSpecification","valueRequired":true,"valueName":"search_term_string"}}],"inLanguage":"en-GB"},{"@type":"Organization","@id":"https:\/\/product-guide.org\/#organization","name":"Product-Guide.org","url":"https:\/\/product-guide.org\/","logo":{"@type":"ImageObject","inLanguage":"en-GB","@id":"https:\/\/product-guide.org\/#\/schema\/logo\/image\/","url":"https:\/\/product-guide.org\/wp-content\/uploads\/2022\/07\/logo_transparent_background.png","contentUrl":"https:\/\/product-guide.org\/wp-content\/uploads\/2022\/07\/logo_transparent_background.png","width":3400,"height":1132,"caption":"Product-Guide.org"},"image":{"@id":"https:\/\/product-guide.org\/#\/schema\/logo\/image\/"}}]}},"_links":{"self":[{"href":"https:\/\/product-guide.org\/en\/wp-json\/wp\/v2\/product\/58801","targetHints":{"allow":["GET"]}}],"collection":[{"href":"https:\/\/product-guide.org\/en\/wp-json\/wp\/v2\/product"}],"about":[{"href":"https:\/\/product-guide.org\/en\/wp-json\/wp\/v2\/types\/product"}],"wp:featuredmedia":[{"embeddable":true,"href":"https:\/\/product-guide.org\/en\/wp-json\/wp\/v2\/media\/58797"}],"wp:attachment":[{"href":"https:\/\/product-guide.org\/en\/wp-json\/wp\/v2\/media?parent=58801"}],"wp:term":[{"taxonomy":"store","embeddable":true,"href":"https:\/\/product-guide.org\/en\/wp-json\/wp\/v2\/store?post=58801"},{"taxonomy":"product_brand","embeddable":true,"href":"https:\/\/product-guide.org\/en\/wp-json\/wp\/v2\/product_brand?post=58801"},{"taxonomy":"product_cat","embeddable":true,"href":"https:\/\/product-guide.org\/en\/wp-json\/wp\/v2\/product_cat?post=58801"},{"taxonomy":"product_tag","embeddable":true,"href":"https:\/\/product-guide.org\/en\/wp-json\/wp\/v2\/product_tag?post=58801"}],"curies":[{"name":"wp","href":"https:\/\/api.w.org\/{rel}","templated":true}]}}