{"id":58804,"date":"2025-03-17T13:30:39","date_gmt":"2025-03-17T12:30:39","guid":{"rendered":"https:\/\/product-guide.org\/produkt\/pai-mu-tan-roberts-teehaus-2\/"},"modified":"2025-03-17T13:30:40","modified_gmt":"2025-03-17T12:30:40","slug":"pai-mu-tan-roberts-teehaus-2","status":"publish","type":"product","link":"https:\/\/product-guide.org\/en\/produkt\/pai-mu-tan-roberts-teehaus-2\/","title":{"rendered":"Pai Mu Tan | Roberts Teehaus"},"content":{"rendered":"<p>Pai Mu Tan Wei\u00dfer Tee, die hellen H\u00e4rchen auf den Bl\u00e4ttern geben dem wei\u00dfem Tee seinen Namen. Diese exquisite Sorte aus China ist besonders fein und zart. Nur sehr junge und kleine Triebe werden geerntet. In der Tasse ist das fertige Getr\u00e4nk von einem sehr hellen Goldgelb. Sein Geschmack ist blumig-mild. Zubereitung: \u00dcberbr\u00fchen Sie 4 bis 6 Teel\u00f6ffel Bl\u00e4tter mit einem Liter 80 Grad hei\u00dfem Wasser und lassen Sie den Aufguss 2 Minuten lang ziehen. Sie k\u00f6nnen zwei oder sogar drei Aufg\u00fcsse zubereiten. Zutaten: Pai Mu Tan. Inhaltsstoffe: Koffein, Gerbstoff, Polyphenole, sekund\u00e4re Pflanzenstoffe, Theophyllin, Fluorid, Kalium, Zink, Eisen, Calcium und Natrium. Immer k\u00fchl, trocken, luftdicht und lichtdicht lagern. Bei richtiger Lagerung ist der Pai Mu Tan ca. 24 Monate haltbar.<\/p>\n","protected":false},"excerpt":{"rendered":"<p>Pai Mu Tan Wei\u00dfer Tee, die hellen H\u00e4rchen auf den Bl\u00e4ttern geben dem wei\u00dfem Tee seinen Namen. Diese exquisite Sorte aus China ist besonders fein und zart. Nur sehr junge und kleine Triebe werden geerntet. In der Tasse ist das fertige Getr\u00e4nk von einem sehr hellen Goldgelb. Sein Geschmack ist blumig-mild. Zubereitung: \u00dcberbr\u00fchen Sie 4 [&hellip;]<\/p>\n","protected":false},"featured_media":58802,"template":"","meta":{"_gspb_post_css":""},"store":[],"product_brand":[1473],"product_cat":[1290],"product_tag":[],"class_list":{"0":"post-58804","1":"product","2":"type-product","3":"status-publish","4":"has-post-thumbnail","6":"product_brand-roberts-teehaus","7":"product_cat-uncategorized","9":"first","10":"instock","11":"shipping-taxable","12":"purchasable","13":"product-type-simple"},"yoast_head":"<!-- This site is optimized with the Yoast SEO plugin v24.6 - https:\/\/yoast.com\/wordpress\/plugins\/seo\/ -->\n<title>Pai Mu Tan | Roberts Teehaus | Product-Guide.org<\/title>\n<meta name=\"description\" content=\"Pai Mu Tan | Roberts Teehaus gefunden von Product-Guide.org\" \/>\n<meta name=\"robots\" content=\"index, follow, max-snippet:-1, max-image-preview:large, max-video-preview:-1\" \/>\n<link rel=\"canonical\" href=\"https:\/\/product-guide.org\/en\/produkt\/pai-mu-tan-roberts-teehaus-2\/\" \/>\n<meta property=\"og:locale\" content=\"en_GB\" \/>\n<meta property=\"og:type\" content=\"article\" \/>\n<meta property=\"og:title\" content=\"Pai Mu Tan | Roberts Teehaus | Product-Guide.org\" \/>\n<meta property=\"og:description\" content=\"Pai Mu Tan | Roberts Teehaus gefunden von Product-Guide.org\" \/>\n<meta property=\"og:url\" content=\"https:\/\/product-guide.org\/en\/produkt\/pai-mu-tan-roberts-teehaus-2\/\" \/>\n<meta property=\"og:site_name\" content=\"Product-Guide.org\" \/>\n<meta property=\"article:modified_time\" content=\"2025-03-17T12:30:40+00:00\" \/>\n<meta name=\"twitter:card\" content=\"summary_large_image\" \/>\n<script type=\"application\/ld+json\" class=\"yoast-schema-graph\">{\"@context\":\"https:\/\/schema.org\",\"@graph\":[{\"@type\":\"WebPage\",\"@id\":\"https:\/\/product-guide.org\/produkt\/pai-mu-tan-roberts-teehaus-2\/\",\"url\":\"https:\/\/product-guide.org\/produkt\/pai-mu-tan-roberts-teehaus-2\/\",\"name\":\"Pai Mu Tan | Roberts Teehaus | Product-Guide.org\",\"isPartOf\":{\"@id\":\"https:\/\/product-guide.org\/#website\"},\"primaryImageOfPage\":{\"@id\":\"https:\/\/product-guide.org\/produkt\/pai-mu-tan-roberts-teehaus-2\/#primaryimage\"},\"image\":{\"@id\":\"https:\/\/product-guide.org\/produkt\/pai-mu-tan-roberts-teehaus-2\/#primaryimage\"},\"thumbnailUrl\":\"https:\/\/product-guide.org\/wp-content\/uploads\/2025\/03\/pai-mu-tan.jpg\",\"datePublished\":\"2025-03-17T12:30:39+00:00\",\"dateModified\":\"2025-03-17T12:30:40+00:00\",\"description\":\"Pai Mu Tan | Roberts Teehaus gefunden von Product-Guide.org\",\"breadcrumb\":{\"@id\":\"https:\/\/product-guide.org\/produkt\/pai-mu-tan-roberts-teehaus-2\/#breadcrumb\"},\"inLanguage\":\"en-GB\",\"potentialAction\":[{\"@type\":\"ReadAction\",\"target\":[\"https:\/\/product-guide.org\/produkt\/pai-mu-tan-roberts-teehaus-2\/\"]}]},{\"@type\":\"ImageObject\",\"inLanguage\":\"en-GB\",\"@id\":\"https:\/\/product-guide.org\/produkt\/pai-mu-tan-roberts-teehaus-2\/#primaryimage\",\"url\":\"https:\/\/product-guide.org\/wp-content\/uploads\/2025\/03\/pai-mu-tan.jpg\",\"contentUrl\":\"https:\/\/product-guide.org\/wp-content\/uploads\/2025\/03\/pai-mu-tan.jpg\",\"width\":2048,\"height\":2048},{\"@type\":\"BreadcrumbList\",\"@id\":\"https:\/\/product-guide.org\/produkt\/pai-mu-tan-roberts-teehaus-2\/#breadcrumb\",\"itemListElement\":[{\"@type\":\"ListItem\",\"position\":1,\"name\":\"Home\",\"item\":\"https:\/\/product-guide.org\/\"},{\"@type\":\"ListItem\",\"position\":2,\"name\":\"Ergebnisse\",\"item\":\"https:\/\/product-guide.org\/de\/ergebnisse\/\"},{\"@type\":\"ListItem\",\"position\":3,\"name\":\"Pai Mu Tan | Roberts Teehaus\"}]},{\"@type\":\"WebSite\",\"@id\":\"https:\/\/product-guide.org\/#website\",\"url\":\"https:\/\/product-guide.org\/\",\"name\":\"Product-Guide.org\",\"description\":\"What Product are you looking for?\",\"publisher\":{\"@id\":\"https:\/\/product-guide.org\/#organization\"},\"potentialAction\":[{\"@type\":\"SearchAction\",\"target\":{\"@type\":\"EntryPoint\",\"urlTemplate\":\"https:\/\/product-guide.org\/?s={search_term_string}\"},\"query-input\":{\"@type\":\"PropertyValueSpecification\",\"valueRequired\":true,\"valueName\":\"search_term_string\"}}],\"inLanguage\":\"en-GB\"},{\"@type\":\"Organization\",\"@id\":\"https:\/\/product-guide.org\/#organization\",\"name\":\"Product-Guide.org\",\"url\":\"https:\/\/product-guide.org\/\",\"logo\":{\"@type\":\"ImageObject\",\"inLanguage\":\"en-GB\",\"@id\":\"https:\/\/product-guide.org\/#\/schema\/logo\/image\/\",\"url\":\"https:\/\/product-guide.org\/wp-content\/uploads\/2022\/07\/logo_transparent_background.png\",\"contentUrl\":\"https:\/\/product-guide.org\/wp-content\/uploads\/2022\/07\/logo_transparent_background.png\",\"width\":3400,\"height\":1132,\"caption\":\"Product-Guide.org\"},\"image\":{\"@id\":\"https:\/\/product-guide.org\/#\/schema\/logo\/image\/\"}}]}<\/script>\n<!-- \/ Yoast SEO plugin. -->","yoast_head_json":{"title":"Pai Mu Tan | Roberts Teehaus | Product-Guide.org","description":"Pai Mu Tan | Roberts Teehaus gefunden von Product-Guide.org","robots":{"index":"index","follow":"follow","max-snippet":"max-snippet:-1","max-image-preview":"max-image-preview:large","max-video-preview":"max-video-preview:-1"},"canonical":"https:\/\/product-guide.org\/en\/produkt\/pai-mu-tan-roberts-teehaus-2\/","og_locale":"en_GB","og_type":"article","og_title":"Pai Mu Tan | Roberts Teehaus | Product-Guide.org","og_description":"Pai Mu Tan | Roberts Teehaus gefunden von Product-Guide.org","og_url":"https:\/\/product-guide.org\/en\/produkt\/pai-mu-tan-roberts-teehaus-2\/","og_site_name":"Product-Guide.org","article_modified_time":"2025-03-17T12:30:40+00:00","twitter_card":"summary_large_image","schema":{"@context":"https:\/\/schema.org","@graph":[{"@type":"WebPage","@id":"https:\/\/product-guide.org\/produkt\/pai-mu-tan-roberts-teehaus-2\/","url":"https:\/\/product-guide.org\/produkt\/pai-mu-tan-roberts-teehaus-2\/","name":"Pai Mu Tan | Roberts Teehaus | Product-Guide.org","isPartOf":{"@id":"https:\/\/product-guide.org\/#website"},"primaryImageOfPage":{"@id":"https:\/\/product-guide.org\/produkt\/pai-mu-tan-roberts-teehaus-2\/#primaryimage"},"image":{"@id":"https:\/\/product-guide.org\/produkt\/pai-mu-tan-roberts-teehaus-2\/#primaryimage"},"thumbnailUrl":"https:\/\/product-guide.org\/wp-content\/uploads\/2025\/03\/pai-mu-tan.jpg","datePublished":"2025-03-17T12:30:39+00:00","dateModified":"2025-03-17T12:30:40+00:00","description":"Pai Mu Tan | Roberts Teehaus gefunden von Product-Guide.org","breadcrumb":{"@id":"https:\/\/product-guide.org\/produkt\/pai-mu-tan-roberts-teehaus-2\/#breadcrumb"},"inLanguage":"en-GB","potentialAction":[{"@type":"ReadAction","target":["https:\/\/product-guide.org\/produkt\/pai-mu-tan-roberts-teehaus-2\/"]}]},{"@type":"ImageObject","inLanguage":"en-GB","@id":"https:\/\/product-guide.org\/produkt\/pai-mu-tan-roberts-teehaus-2\/#primaryimage","url":"https:\/\/product-guide.org\/wp-content\/uploads\/2025\/03\/pai-mu-tan.jpg","contentUrl":"https:\/\/product-guide.org\/wp-content\/uploads\/2025\/03\/pai-mu-tan.jpg","width":2048,"height":2048},{"@type":"BreadcrumbList","@id":"https:\/\/product-guide.org\/produkt\/pai-mu-tan-roberts-teehaus-2\/#breadcrumb","itemListElement":[{"@type":"ListItem","position":1,"name":"Home","item":"https:\/\/product-guide.org\/"},{"@type":"ListItem","position":2,"name":"Ergebnisse","item":"https:\/\/product-guide.org\/de\/ergebnisse\/"},{"@type":"ListItem","position":3,"name":"Pai Mu Tan | Roberts Teehaus"}]},{"@type":"WebSite","@id":"https:\/\/product-guide.org\/#website","url":"https:\/\/product-guide.org\/","name":"Product-Guide.org","description":"What Product are you looking for?","publisher":{"@id":"https:\/\/product-guide.org\/#organization"},"potentialAction":[{"@type":"SearchAction","target":{"@type":"EntryPoint","urlTemplate":"https:\/\/product-guide.org\/?s={search_term_string}"},"query-input":{"@type":"PropertyValueSpecification","valueRequired":true,"valueName":"search_term_string"}}],"inLanguage":"en-GB"},{"@type":"Organization","@id":"https:\/\/product-guide.org\/#organization","name":"Product-Guide.org","url":"https:\/\/product-guide.org\/","logo":{"@type":"ImageObject","inLanguage":"en-GB","@id":"https:\/\/product-guide.org\/#\/schema\/logo\/image\/","url":"https:\/\/product-guide.org\/wp-content\/uploads\/2022\/07\/logo_transparent_background.png","contentUrl":"https:\/\/product-guide.org\/wp-content\/uploads\/2022\/07\/logo_transparent_background.png","width":3400,"height":1132,"caption":"Product-Guide.org"},"image":{"@id":"https:\/\/product-guide.org\/#\/schema\/logo\/image\/"}}]}},"_links":{"self":[{"href":"https:\/\/product-guide.org\/en\/wp-json\/wp\/v2\/product\/58804","targetHints":{"allow":["GET"]}}],"collection":[{"href":"https:\/\/product-guide.org\/en\/wp-json\/wp\/v2\/product"}],"about":[{"href":"https:\/\/product-guide.org\/en\/wp-json\/wp\/v2\/types\/product"}],"wp:featuredmedia":[{"embeddable":true,"href":"https:\/\/product-guide.org\/en\/wp-json\/wp\/v2\/media\/58802"}],"wp:attachment":[{"href":"https:\/\/product-guide.org\/en\/wp-json\/wp\/v2\/media?parent=58804"}],"wp:term":[{"taxonomy":"store","embeddable":true,"href":"https:\/\/product-guide.org\/en\/wp-json\/wp\/v2\/store?post=58804"},{"taxonomy":"product_brand","embeddable":true,"href":"https:\/\/product-guide.org\/en\/wp-json\/wp\/v2\/product_brand?post=58804"},{"taxonomy":"product_cat","embeddable":true,"href":"https:\/\/product-guide.org\/en\/wp-json\/wp\/v2\/product_cat?post=58804"},{"taxonomy":"product_tag","embeddable":true,"href":"https:\/\/product-guide.org\/en\/wp-json\/wp\/v2\/product_tag?post=58804"}],"curies":[{"name":"wp","href":"https:\/\/api.w.org\/{rel}","templated":true}]}}