{"id":58815,"date":"2025-03-17T13:30:56","date_gmt":"2025-03-17T12:30:56","guid":{"rendered":"https:\/\/product-guide.org\/produkt\/teezeit-eine-reise-in-die-chinesische-teekultur-roberts-teehaus\/"},"modified":"2025-03-17T13:30:57","modified_gmt":"2025-03-17T12:30:57","slug":"teezeit-eine-reise-in-die-chinesische-teekultur-roberts-teehaus","status":"publish","type":"product","link":"https:\/\/product-guide.org\/en\/produkt\/teezeit-eine-reise-in-die-chinesische-teekultur-roberts-teehaus\/","title":{"rendered":"Teezeit: Eine Reise in die chinesische Teekultur | Roberts Teehaus"},"content":{"rendered":"<p>Eine Reise in die chinesische Teekultur. Die Geschichte des Tees beginnt in China. Im Geburtsland des Tees wird seit vermutlich 1.800 Jahren kommerzieller Teeanbau betrieben. In der chinesischen Kultur gilt Tee nicht nur als gesunder Durstl\u00f6scher, sondern auch als Heilmittel und das Teetrinken als Ritual, um zu Ruhe und innerem Frieden zu gelangen. Wie wird Tee in China zubereitet, getrunken und in den Alltag integriert? Welche charakteristischen Teesorten gibt es? Wie wird Tee hergestellt und wo wird er in China angebaut? Wie finde ich \u201emeinen\u201c Tee? Welches Zubeh\u00f6r gibt es zur Teezubereitung? Was lohnt sich anzuschaffen, was nicht? Und was hat es mit der ber\u00fchmten chinesischen Teezeremonie auf sich? Mit diesen Fragen besch\u00e4ftigt sich auch Lena, eine junge Deutsche in Peking. Sie lernt den Teemeister Lin kennen, er zeigt Lena die Welt des chinesischen Tees. Begleiten Sie Lena auf ihrer Reise in diese Welt. Dieses Buch bietet einen tiefen und pers\u00f6nlichen Einblick in die chinesische Teekultur, mit vielen leicht umsetzbaren Tipps und Ratschl\u00e4gen f\u00fcr ein sch\u00f6nes Teeerlebnis. Ein erz\u00e4hlerisch gut verst\u00e4ndliches Buch f\u00fcr jeden, der die chinesische Teekultur besser kennenlernen und \u201eseinen\u201c Tee noch mehr genie\u00dfen m\u00f6chte. Das Buch wurde 2017 mit dem \u201eGourmand World Cookbook Award\u201c f\u00fcr Deutschland in der Kategorie \u201eBest Chinese Tea Book\u201c ausgezeichnet. Die Autorinnen Lihong Koblin, Gr\u00fcnderin und Leiterin des Taiji-Instituts Freiburg, stammt aus Qingdao. Sie ist in einer Familie bekannter Wushu-Meister aufgewachsen. TCM, die traditionelle chinesische Medizin, und die chinesische Teekultur begleiteten sie von klein auf. Sie ist Sch\u00fclerin des Taiji-Meisters Huang Ming, der in Wudang lehrt, dem Ursprungsort des Taiji. Seit 2013 ist sie als Lehrerin f\u00fcr Yoga, Qigong und Taiji t\u00e4tig. Sabine H. Weber-Loewe, ausgebildete Tee-Sommeli\u00e8re und Gr\u00fcnderin der TeeAkademie Freiburg, ist im Rahmen ihrer T\u00e4tigkeit als Marketingmanagerin im Tourismus seit zehn Jahren in China unterwegs. Neben dem chinesischen Tee sind es die chinesische Kultur, K\u00fcche und Sprache, die es ihr angetan haben. Sie gibt ihr Wissen in Vortr\u00e4gen und Seminaren weiter. Als Vorstands- und Gr\u00fcndungsmitglied des China Forums Freiburg e.V. nimmt sie am Projekt \u201eTeeanbau am Tuniberg\/Freiburg\u201c teil. ISBN: 978-3-943314-37-3<\/p>\n","protected":false},"excerpt":{"rendered":"<p>Eine Reise in die chinesische Teekultur. Die Geschichte des Tees beginnt in China. Im Geburtsland des Tees wird seit vermutlich 1.800 Jahren kommerzieller Teeanbau betrieben. In der chinesischen Kultur gilt Tee nicht nur als gesunder Durstl\u00f6scher, sondern auch als Heilmittel und das Teetrinken als Ritual, um zu Ruhe und innerem Frieden zu gelangen. Wie wird [&hellip;]<\/p>\n","protected":false},"featured_media":58814,"template":"","meta":{"_gspb_post_css":""},"store":[],"product_brand":[1473],"product_cat":[1290],"product_tag":[],"class_list":{"0":"post-58815","1":"product","2":"type-product","3":"status-publish","4":"has-post-thumbnail","6":"product_brand-roberts-teehaus","7":"product_cat-uncategorized","9":"first","10":"instock","11":"shipping-taxable","12":"purchasable","13":"product-type-simple"},"yoast_head":"<!-- This site is optimized with the Yoast SEO plugin v24.6 - https:\/\/yoast.com\/wordpress\/plugins\/seo\/ -->\n<title>Teezeit: Eine Reise in die chinesische Teekultur | Roberts Teehaus | Product-Guide.org<\/title>\n<meta name=\"description\" content=\"Teezeit: Eine Reise in die chinesische Teekultur | Roberts Teehaus gefunden von Product-Guide.org\" \/>\n<meta name=\"robots\" content=\"index, follow, max-snippet:-1, max-image-preview:large, max-video-preview:-1\" \/>\n<link rel=\"canonical\" href=\"https:\/\/product-guide.org\/en\/produkt\/teezeit-eine-reise-in-die-chinesische-teekultur-roberts-teehaus\/\" \/>\n<meta property=\"og:locale\" content=\"en_GB\" \/>\n<meta property=\"og:type\" content=\"article\" \/>\n<meta property=\"og:title\" content=\"Teezeit: Eine Reise in die chinesische Teekultur | Roberts Teehaus | Product-Guide.org\" \/>\n<meta property=\"og:description\" content=\"Teezeit: Eine Reise in die chinesische Teekultur | Roberts Teehaus gefunden von Product-Guide.org\" \/>\n<meta property=\"og:url\" content=\"https:\/\/product-guide.org\/en\/produkt\/teezeit-eine-reise-in-die-chinesische-teekultur-roberts-teehaus\/\" \/>\n<meta property=\"og:site_name\" content=\"Product-Guide.org\" \/>\n<meta property=\"article:modified_time\" content=\"2025-03-17T12:30:57+00:00\" \/>\n<meta name=\"twitter:card\" content=\"summary_large_image\" \/>\n<script type=\"application\/ld+json\" class=\"yoast-schema-graph\">{\"@context\":\"https:\/\/schema.org\",\"@graph\":[{\"@type\":\"WebPage\",\"@id\":\"https:\/\/product-guide.org\/produkt\/teezeit-eine-reise-in-die-chinesische-teekultur-roberts-teehaus\/\",\"url\":\"https:\/\/product-guide.org\/produkt\/teezeit-eine-reise-in-die-chinesische-teekultur-roberts-teehaus\/\",\"name\":\"Teezeit: Eine Reise in die chinesische Teekultur | Roberts Teehaus | Product-Guide.org\",\"isPartOf\":{\"@id\":\"https:\/\/product-guide.org\/#website\"},\"primaryImageOfPage\":{\"@id\":\"https:\/\/product-guide.org\/produkt\/teezeit-eine-reise-in-die-chinesische-teekultur-roberts-teehaus\/#primaryimage\"},\"image\":{\"@id\":\"https:\/\/product-guide.org\/produkt\/teezeit-eine-reise-in-die-chinesische-teekultur-roberts-teehaus\/#primaryimage\"},\"thumbnailUrl\":\"https:\/\/product-guide.org\/wp-content\/uploads\/2025\/03\/buch-eine-reise-in-die-chinesische-teekultur.jpg\",\"datePublished\":\"2025-03-17T12:30:56+00:00\",\"dateModified\":\"2025-03-17T12:30:57+00:00\",\"description\":\"Teezeit: Eine Reise in die chinesische Teekultur | Roberts Teehaus gefunden von Product-Guide.org\",\"breadcrumb\":{\"@id\":\"https:\/\/product-guide.org\/produkt\/teezeit-eine-reise-in-die-chinesische-teekultur-roberts-teehaus\/#breadcrumb\"},\"inLanguage\":\"en-GB\",\"potentialAction\":[{\"@type\":\"ReadAction\",\"target\":[\"https:\/\/product-guide.org\/produkt\/teezeit-eine-reise-in-die-chinesische-teekultur-roberts-teehaus\/\"]}]},{\"@type\":\"ImageObject\",\"inLanguage\":\"en-GB\",\"@id\":\"https:\/\/product-guide.org\/produkt\/teezeit-eine-reise-in-die-chinesische-teekultur-roberts-teehaus\/#primaryimage\",\"url\":\"https:\/\/product-guide.org\/wp-content\/uploads\/2025\/03\/buch-eine-reise-in-die-chinesische-teekultur.jpg\",\"contentUrl\":\"https:\/\/product-guide.org\/wp-content\/uploads\/2025\/03\/buch-eine-reise-in-die-chinesische-teekultur.jpg\",\"width\":498,\"height\":500},{\"@type\":\"BreadcrumbList\",\"@id\":\"https:\/\/product-guide.org\/produkt\/teezeit-eine-reise-in-die-chinesische-teekultur-roberts-teehaus\/#breadcrumb\",\"itemListElement\":[{\"@type\":\"ListItem\",\"position\":1,\"name\":\"Home\",\"item\":\"https:\/\/product-guide.org\/\"},{\"@type\":\"ListItem\",\"position\":2,\"name\":\"Ergebnisse\",\"item\":\"https:\/\/product-guide.org\/de\/ergebnisse\/\"},{\"@type\":\"ListItem\",\"position\":3,\"name\":\"Teezeit: Eine Reise in die chinesische Teekultur | Roberts Teehaus\"}]},{\"@type\":\"WebSite\",\"@id\":\"https:\/\/product-guide.org\/#website\",\"url\":\"https:\/\/product-guide.org\/\",\"name\":\"Product-Guide.org\",\"description\":\"What Product are you looking for?\",\"publisher\":{\"@id\":\"https:\/\/product-guide.org\/#organization\"},\"potentialAction\":[{\"@type\":\"SearchAction\",\"target\":{\"@type\":\"EntryPoint\",\"urlTemplate\":\"https:\/\/product-guide.org\/?s={search_term_string}\"},\"query-input\":{\"@type\":\"PropertyValueSpecification\",\"valueRequired\":true,\"valueName\":\"search_term_string\"}}],\"inLanguage\":\"en-GB\"},{\"@type\":\"Organization\",\"@id\":\"https:\/\/product-guide.org\/#organization\",\"name\":\"Product-Guide.org\",\"url\":\"https:\/\/product-guide.org\/\",\"logo\":{\"@type\":\"ImageObject\",\"inLanguage\":\"en-GB\",\"@id\":\"https:\/\/product-guide.org\/#\/schema\/logo\/image\/\",\"url\":\"https:\/\/product-guide.org\/wp-content\/uploads\/2022\/07\/logo_transparent_background.png\",\"contentUrl\":\"https:\/\/product-guide.org\/wp-content\/uploads\/2022\/07\/logo_transparent_background.png\",\"width\":3400,\"height\":1132,\"caption\":\"Product-Guide.org\"},\"image\":{\"@id\":\"https:\/\/product-guide.org\/#\/schema\/logo\/image\/\"}}]}<\/script>\n<!-- \/ Yoast SEO plugin. -->","yoast_head_json":{"title":"Teezeit: Eine Reise in die chinesische Teekultur | Roberts Teehaus | Product-Guide.org","description":"Teezeit: Eine Reise in die chinesische Teekultur | Roberts Teehaus gefunden von Product-Guide.org","robots":{"index":"index","follow":"follow","max-snippet":"max-snippet:-1","max-image-preview":"max-image-preview:large","max-video-preview":"max-video-preview:-1"},"canonical":"https:\/\/product-guide.org\/en\/produkt\/teezeit-eine-reise-in-die-chinesische-teekultur-roberts-teehaus\/","og_locale":"en_GB","og_type":"article","og_title":"Teezeit: Eine Reise in die chinesische Teekultur | Roberts Teehaus | Product-Guide.org","og_description":"Teezeit: Eine Reise in die chinesische Teekultur | Roberts Teehaus gefunden von Product-Guide.org","og_url":"https:\/\/product-guide.org\/en\/produkt\/teezeit-eine-reise-in-die-chinesische-teekultur-roberts-teehaus\/","og_site_name":"Product-Guide.org","article_modified_time":"2025-03-17T12:30:57+00:00","twitter_card":"summary_large_image","schema":{"@context":"https:\/\/schema.org","@graph":[{"@type":"WebPage","@id":"https:\/\/product-guide.org\/produkt\/teezeit-eine-reise-in-die-chinesische-teekultur-roberts-teehaus\/","url":"https:\/\/product-guide.org\/produkt\/teezeit-eine-reise-in-die-chinesische-teekultur-roberts-teehaus\/","name":"Teezeit: Eine Reise in die chinesische Teekultur | Roberts Teehaus | Product-Guide.org","isPartOf":{"@id":"https:\/\/product-guide.org\/#website"},"primaryImageOfPage":{"@id":"https:\/\/product-guide.org\/produkt\/teezeit-eine-reise-in-die-chinesische-teekultur-roberts-teehaus\/#primaryimage"},"image":{"@id":"https:\/\/product-guide.org\/produkt\/teezeit-eine-reise-in-die-chinesische-teekultur-roberts-teehaus\/#primaryimage"},"thumbnailUrl":"https:\/\/product-guide.org\/wp-content\/uploads\/2025\/03\/buch-eine-reise-in-die-chinesische-teekultur.jpg","datePublished":"2025-03-17T12:30:56+00:00","dateModified":"2025-03-17T12:30:57+00:00","description":"Teezeit: Eine Reise in die chinesische Teekultur | Roberts Teehaus gefunden von Product-Guide.org","breadcrumb":{"@id":"https:\/\/product-guide.org\/produkt\/teezeit-eine-reise-in-die-chinesische-teekultur-roberts-teehaus\/#breadcrumb"},"inLanguage":"en-GB","potentialAction":[{"@type":"ReadAction","target":["https:\/\/product-guide.org\/produkt\/teezeit-eine-reise-in-die-chinesische-teekultur-roberts-teehaus\/"]}]},{"@type":"ImageObject","inLanguage":"en-GB","@id":"https:\/\/product-guide.org\/produkt\/teezeit-eine-reise-in-die-chinesische-teekultur-roberts-teehaus\/#primaryimage","url":"https:\/\/product-guide.org\/wp-content\/uploads\/2025\/03\/buch-eine-reise-in-die-chinesische-teekultur.jpg","contentUrl":"https:\/\/product-guide.org\/wp-content\/uploads\/2025\/03\/buch-eine-reise-in-die-chinesische-teekultur.jpg","width":498,"height":500},{"@type":"BreadcrumbList","@id":"https:\/\/product-guide.org\/produkt\/teezeit-eine-reise-in-die-chinesische-teekultur-roberts-teehaus\/#breadcrumb","itemListElement":[{"@type":"ListItem","position":1,"name":"Home","item":"https:\/\/product-guide.org\/"},{"@type":"ListItem","position":2,"name":"Ergebnisse","item":"https:\/\/product-guide.org\/de\/ergebnisse\/"},{"@type":"ListItem","position":3,"name":"Teezeit: Eine Reise in die chinesische Teekultur | Roberts Teehaus"}]},{"@type":"WebSite","@id":"https:\/\/product-guide.org\/#website","url":"https:\/\/product-guide.org\/","name":"Product-Guide.org","description":"What Product are you looking for?","publisher":{"@id":"https:\/\/product-guide.org\/#organization"},"potentialAction":[{"@type":"SearchAction","target":{"@type":"EntryPoint","urlTemplate":"https:\/\/product-guide.org\/?s={search_term_string}"},"query-input":{"@type":"PropertyValueSpecification","valueRequired":true,"valueName":"search_term_string"}}],"inLanguage":"en-GB"},{"@type":"Organization","@id":"https:\/\/product-guide.org\/#organization","name":"Product-Guide.org","url":"https:\/\/product-guide.org\/","logo":{"@type":"ImageObject","inLanguage":"en-GB","@id":"https:\/\/product-guide.org\/#\/schema\/logo\/image\/","url":"https:\/\/product-guide.org\/wp-content\/uploads\/2022\/07\/logo_transparent_background.png","contentUrl":"https:\/\/product-guide.org\/wp-content\/uploads\/2022\/07\/logo_transparent_background.png","width":3400,"height":1132,"caption":"Product-Guide.org"},"image":{"@id":"https:\/\/product-guide.org\/#\/schema\/logo\/image\/"}}]}},"_links":{"self":[{"href":"https:\/\/product-guide.org\/en\/wp-json\/wp\/v2\/product\/58815","targetHints":{"allow":["GET"]}}],"collection":[{"href":"https:\/\/product-guide.org\/en\/wp-json\/wp\/v2\/product"}],"about":[{"href":"https:\/\/product-guide.org\/en\/wp-json\/wp\/v2\/types\/product"}],"wp:featuredmedia":[{"embeddable":true,"href":"https:\/\/product-guide.org\/en\/wp-json\/wp\/v2\/media\/58814"}],"wp:attachment":[{"href":"https:\/\/product-guide.org\/en\/wp-json\/wp\/v2\/media?parent=58815"}],"wp:term":[{"taxonomy":"store","embeddable":true,"href":"https:\/\/product-guide.org\/en\/wp-json\/wp\/v2\/store?post=58815"},{"taxonomy":"product_brand","embeddable":true,"href":"https:\/\/product-guide.org\/en\/wp-json\/wp\/v2\/product_brand?post=58815"},{"taxonomy":"product_cat","embeddable":true,"href":"https:\/\/product-guide.org\/en\/wp-json\/wp\/v2\/product_cat?post=58815"},{"taxonomy":"product_tag","embeddable":true,"href":"https:\/\/product-guide.org\/en\/wp-json\/wp\/v2\/product_tag?post=58815"}],"curies":[{"name":"wp","href":"https:\/\/api.w.org\/{rel}","templated":true}]}}