{"id":59095,"date":"2025-03-17T13:36:27","date_gmt":"2025-03-17T12:36:27","guid":{"rendered":"https:\/\/product-guide.org\/produkt\/reisestecker-steckdosenadapter-3-tlg-inba-arbeitsschutz\/"},"modified":"2025-03-17T13:36:28","modified_gmt":"2025-03-17T12:36:28","slug":"reisestecker-steckdosenadapter-3-tlg-inba-arbeitsschutz","status":"publish","type":"product","link":"https:\/\/product-guide.org\/en\/produkt\/reisestecker-steckdosenadapter-3-tlg-inba-arbeitsschutz\/","title":{"rendered":"Reisestecker Steckdosenadapter 3-tlg. | inba arbeitsschutz"},"content":{"rendered":"<p>zum Anschlu\u00df elektrischer Ger\u00e4te in \u00fcber 140 L\u00e4ndern in Europa Afrika Asien Amerika S\u00fcdamerika und Australien geeignet f\u00fcr Ladeger\u00e4te von Smartphones Kameras Tablets Laptops sowie Elektrorasierer und andere Ger\u00e4te Belastbarkeit 125V 6A 240V 3 A in Kunststoff Transportdose Technische Daten H\u00f6he 60 mm Breite 63 mm Tiefe 47 mm Bruttogewicht 110 g<\/p>\n","protected":false},"excerpt":{"rendered":"<p>zum Anschlu\u00df elektrischer Ger\u00e4te in \u00fcber 140 L\u00e4ndern in Europa Afrika Asien Amerika S\u00fcdamerika und Australien geeignet f\u00fcr Ladeger\u00e4te von Smartphones Kameras Tablets Laptops sowie Elektrorasierer und andere Ger\u00e4te Belastbarkeit 125V 6A 240V 3 A in Kunststoff Transportdose Technische Daten H\u00f6he 60 mm Breite 63 mm Tiefe 47 mm Bruttogewicht 110 g<\/p>\n","protected":false},"featured_media":59094,"template":"","meta":{"_gspb_post_css":""},"store":[],"product_brand":[1476],"product_cat":[1290],"product_tag":[],"class_list":{"0":"post-59095","1":"product","2":"type-product","3":"status-publish","4":"has-post-thumbnail","6":"product_brand-inba-arbeitsschutz","7":"product_cat-uncategorized","9":"first","10":"instock","11":"shipping-taxable","12":"purchasable","13":"product-type-simple"},"yoast_head":"<!-- This site is optimized with the Yoast SEO plugin v24.6 - https:\/\/yoast.com\/wordpress\/plugins\/seo\/ -->\n<title>Reisestecker Steckdosenadapter 3-tlg. | inba arbeitsschutz | Product-Guide.org<\/title>\n<meta name=\"description\" content=\"Reisestecker Steckdosenadapter 3-tlg. | inba arbeitsschutz gefunden von Product-Guide.org\" \/>\n<meta name=\"robots\" content=\"index, follow, max-snippet:-1, max-image-preview:large, max-video-preview:-1\" \/>\n<link rel=\"canonical\" href=\"https:\/\/product-guide.org\/en\/produkt\/reisestecker-steckdosenadapter-3-tlg-inba-arbeitsschutz\/\" \/>\n<meta property=\"og:locale\" content=\"en_GB\" \/>\n<meta property=\"og:type\" content=\"article\" \/>\n<meta property=\"og:title\" content=\"Reisestecker Steckdosenadapter 3-tlg. | inba arbeitsschutz | Product-Guide.org\" \/>\n<meta property=\"og:description\" content=\"Reisestecker Steckdosenadapter 3-tlg. | inba arbeitsschutz gefunden von Product-Guide.org\" \/>\n<meta property=\"og:url\" content=\"https:\/\/product-guide.org\/en\/produkt\/reisestecker-steckdosenadapter-3-tlg-inba-arbeitsschutz\/\" \/>\n<meta property=\"og:site_name\" content=\"Product-Guide.org\" \/>\n<meta property=\"article:modified_time\" content=\"2025-03-17T12:36:28+00:00\" \/>\n<meta name=\"twitter:card\" content=\"summary_large_image\" \/>\n<script type=\"application\/ld+json\" class=\"yoast-schema-graph\">{\"@context\":\"https:\/\/schema.org\",\"@graph\":[{\"@type\":\"WebPage\",\"@id\":\"https:\/\/product-guide.org\/produkt\/reisestecker-steckdosenadapter-3-tlg-inba-arbeitsschutz\/\",\"url\":\"https:\/\/product-guide.org\/produkt\/reisestecker-steckdosenadapter-3-tlg-inba-arbeitsschutz\/\",\"name\":\"Reisestecker Steckdosenadapter 3-tlg. | inba arbeitsschutz | Product-Guide.org\",\"isPartOf\":{\"@id\":\"https:\/\/product-guide.org\/#website\"},\"primaryImageOfPage\":{\"@id\":\"https:\/\/product-guide.org\/produkt\/reisestecker-steckdosenadapter-3-tlg-inba-arbeitsschutz\/#primaryimage\"},\"image\":{\"@id\":\"https:\/\/product-guide.org\/produkt\/reisestecker-steckdosenadapter-3-tlg-inba-arbeitsschutz\/#primaryimage\"},\"thumbnailUrl\":\"https:\/\/product-guide.org\/wp-content\/uploads\/2025\/03\/WZ-9798-scaled.jpg\",\"datePublished\":\"2025-03-17T12:36:27+00:00\",\"dateModified\":\"2025-03-17T12:36:28+00:00\",\"description\":\"Reisestecker Steckdosenadapter 3-tlg. | inba arbeitsschutz gefunden von Product-Guide.org\",\"breadcrumb\":{\"@id\":\"https:\/\/product-guide.org\/produkt\/reisestecker-steckdosenadapter-3-tlg-inba-arbeitsschutz\/#breadcrumb\"},\"inLanguage\":\"en-GB\",\"potentialAction\":[{\"@type\":\"ReadAction\",\"target\":[\"https:\/\/product-guide.org\/produkt\/reisestecker-steckdosenadapter-3-tlg-inba-arbeitsschutz\/\"]}]},{\"@type\":\"ImageObject\",\"inLanguage\":\"en-GB\",\"@id\":\"https:\/\/product-guide.org\/produkt\/reisestecker-steckdosenadapter-3-tlg-inba-arbeitsschutz\/#primaryimage\",\"url\":\"https:\/\/product-guide.org\/wp-content\/uploads\/2025\/03\/WZ-9798-scaled.jpg\",\"contentUrl\":\"https:\/\/product-guide.org\/wp-content\/uploads\/2025\/03\/WZ-9798-scaled.jpg\",\"width\":2560,\"height\":2556},{\"@type\":\"BreadcrumbList\",\"@id\":\"https:\/\/product-guide.org\/produkt\/reisestecker-steckdosenadapter-3-tlg-inba-arbeitsschutz\/#breadcrumb\",\"itemListElement\":[{\"@type\":\"ListItem\",\"position\":1,\"name\":\"Home\",\"item\":\"https:\/\/product-guide.org\/\"},{\"@type\":\"ListItem\",\"position\":2,\"name\":\"Ergebnisse\",\"item\":\"https:\/\/product-guide.org\/de\/ergebnisse\/\"},{\"@type\":\"ListItem\",\"position\":3,\"name\":\"Reisestecker Steckdosenadapter 3-tlg. | inba arbeitsschutz\"}]},{\"@type\":\"WebSite\",\"@id\":\"https:\/\/product-guide.org\/#website\",\"url\":\"https:\/\/product-guide.org\/\",\"name\":\"Product-Guide.org\",\"description\":\"What Product are you looking for?\",\"publisher\":{\"@id\":\"https:\/\/product-guide.org\/#organization\"},\"potentialAction\":[{\"@type\":\"SearchAction\",\"target\":{\"@type\":\"EntryPoint\",\"urlTemplate\":\"https:\/\/product-guide.org\/?s={search_term_string}\"},\"query-input\":{\"@type\":\"PropertyValueSpecification\",\"valueRequired\":true,\"valueName\":\"search_term_string\"}}],\"inLanguage\":\"en-GB\"},{\"@type\":\"Organization\",\"@id\":\"https:\/\/product-guide.org\/#organization\",\"name\":\"Product-Guide.org\",\"url\":\"https:\/\/product-guide.org\/\",\"logo\":{\"@type\":\"ImageObject\",\"inLanguage\":\"en-GB\",\"@id\":\"https:\/\/product-guide.org\/#\/schema\/logo\/image\/\",\"url\":\"https:\/\/product-guide.org\/wp-content\/uploads\/2022\/07\/logo_transparent_background.png\",\"contentUrl\":\"https:\/\/product-guide.org\/wp-content\/uploads\/2022\/07\/logo_transparent_background.png\",\"width\":3400,\"height\":1132,\"caption\":\"Product-Guide.org\"},\"image\":{\"@id\":\"https:\/\/product-guide.org\/#\/schema\/logo\/image\/\"}}]}<\/script>\n<!-- \/ Yoast SEO plugin. -->","yoast_head_json":{"title":"Reisestecker Steckdosenadapter 3-tlg. | inba arbeitsschutz | Product-Guide.org","description":"Reisestecker Steckdosenadapter 3-tlg. | inba arbeitsschutz gefunden von Product-Guide.org","robots":{"index":"index","follow":"follow","max-snippet":"max-snippet:-1","max-image-preview":"max-image-preview:large","max-video-preview":"max-video-preview:-1"},"canonical":"https:\/\/product-guide.org\/en\/produkt\/reisestecker-steckdosenadapter-3-tlg-inba-arbeitsschutz\/","og_locale":"en_GB","og_type":"article","og_title":"Reisestecker Steckdosenadapter 3-tlg. | inba arbeitsschutz | Product-Guide.org","og_description":"Reisestecker Steckdosenadapter 3-tlg. | inba arbeitsschutz gefunden von Product-Guide.org","og_url":"https:\/\/product-guide.org\/en\/produkt\/reisestecker-steckdosenadapter-3-tlg-inba-arbeitsschutz\/","og_site_name":"Product-Guide.org","article_modified_time":"2025-03-17T12:36:28+00:00","twitter_card":"summary_large_image","schema":{"@context":"https:\/\/schema.org","@graph":[{"@type":"WebPage","@id":"https:\/\/product-guide.org\/produkt\/reisestecker-steckdosenadapter-3-tlg-inba-arbeitsschutz\/","url":"https:\/\/product-guide.org\/produkt\/reisestecker-steckdosenadapter-3-tlg-inba-arbeitsschutz\/","name":"Reisestecker Steckdosenadapter 3-tlg. | inba arbeitsschutz | Product-Guide.org","isPartOf":{"@id":"https:\/\/product-guide.org\/#website"},"primaryImageOfPage":{"@id":"https:\/\/product-guide.org\/produkt\/reisestecker-steckdosenadapter-3-tlg-inba-arbeitsschutz\/#primaryimage"},"image":{"@id":"https:\/\/product-guide.org\/produkt\/reisestecker-steckdosenadapter-3-tlg-inba-arbeitsschutz\/#primaryimage"},"thumbnailUrl":"https:\/\/product-guide.org\/wp-content\/uploads\/2025\/03\/WZ-9798-scaled.jpg","datePublished":"2025-03-17T12:36:27+00:00","dateModified":"2025-03-17T12:36:28+00:00","description":"Reisestecker Steckdosenadapter 3-tlg. | inba arbeitsschutz gefunden von Product-Guide.org","breadcrumb":{"@id":"https:\/\/product-guide.org\/produkt\/reisestecker-steckdosenadapter-3-tlg-inba-arbeitsschutz\/#breadcrumb"},"inLanguage":"en-GB","potentialAction":[{"@type":"ReadAction","target":["https:\/\/product-guide.org\/produkt\/reisestecker-steckdosenadapter-3-tlg-inba-arbeitsschutz\/"]}]},{"@type":"ImageObject","inLanguage":"en-GB","@id":"https:\/\/product-guide.org\/produkt\/reisestecker-steckdosenadapter-3-tlg-inba-arbeitsschutz\/#primaryimage","url":"https:\/\/product-guide.org\/wp-content\/uploads\/2025\/03\/WZ-9798-scaled.jpg","contentUrl":"https:\/\/product-guide.org\/wp-content\/uploads\/2025\/03\/WZ-9798-scaled.jpg","width":2560,"height":2556},{"@type":"BreadcrumbList","@id":"https:\/\/product-guide.org\/produkt\/reisestecker-steckdosenadapter-3-tlg-inba-arbeitsschutz\/#breadcrumb","itemListElement":[{"@type":"ListItem","position":1,"name":"Home","item":"https:\/\/product-guide.org\/"},{"@type":"ListItem","position":2,"name":"Ergebnisse","item":"https:\/\/product-guide.org\/de\/ergebnisse\/"},{"@type":"ListItem","position":3,"name":"Reisestecker Steckdosenadapter 3-tlg. | inba arbeitsschutz"}]},{"@type":"WebSite","@id":"https:\/\/product-guide.org\/#website","url":"https:\/\/product-guide.org\/","name":"Product-Guide.org","description":"What Product are you looking for?","publisher":{"@id":"https:\/\/product-guide.org\/#organization"},"potentialAction":[{"@type":"SearchAction","target":{"@type":"EntryPoint","urlTemplate":"https:\/\/product-guide.org\/?s={search_term_string}"},"query-input":{"@type":"PropertyValueSpecification","valueRequired":true,"valueName":"search_term_string"}}],"inLanguage":"en-GB"},{"@type":"Organization","@id":"https:\/\/product-guide.org\/#organization","name":"Product-Guide.org","url":"https:\/\/product-guide.org\/","logo":{"@type":"ImageObject","inLanguage":"en-GB","@id":"https:\/\/product-guide.org\/#\/schema\/logo\/image\/","url":"https:\/\/product-guide.org\/wp-content\/uploads\/2022\/07\/logo_transparent_background.png","contentUrl":"https:\/\/product-guide.org\/wp-content\/uploads\/2022\/07\/logo_transparent_background.png","width":3400,"height":1132,"caption":"Product-Guide.org"},"image":{"@id":"https:\/\/product-guide.org\/#\/schema\/logo\/image\/"}}]}},"_links":{"self":[{"href":"https:\/\/product-guide.org\/en\/wp-json\/wp\/v2\/product\/59095","targetHints":{"allow":["GET"]}}],"collection":[{"href":"https:\/\/product-guide.org\/en\/wp-json\/wp\/v2\/product"}],"about":[{"href":"https:\/\/product-guide.org\/en\/wp-json\/wp\/v2\/types\/product"}],"wp:featuredmedia":[{"embeddable":true,"href":"https:\/\/product-guide.org\/en\/wp-json\/wp\/v2\/media\/59094"}],"wp:attachment":[{"href":"https:\/\/product-guide.org\/en\/wp-json\/wp\/v2\/media?parent=59095"}],"wp:term":[{"taxonomy":"store","embeddable":true,"href":"https:\/\/product-guide.org\/en\/wp-json\/wp\/v2\/store?post=59095"},{"taxonomy":"product_brand","embeddable":true,"href":"https:\/\/product-guide.org\/en\/wp-json\/wp\/v2\/product_brand?post=59095"},{"taxonomy":"product_cat","embeddable":true,"href":"https:\/\/product-guide.org\/en\/wp-json\/wp\/v2\/product_cat?post=59095"},{"taxonomy":"product_tag","embeddable":true,"href":"https:\/\/product-guide.org\/en\/wp-json\/wp\/v2\/product_tag?post=59095"}],"curies":[{"name":"wp","href":"https:\/\/api.w.org\/{rel}","templated":true}]}}