{"id":59107,"date":"2025-03-17T13:36:42","date_gmt":"2025-03-17T12:36:42","guid":{"rendered":"https:\/\/product-guide.org\/produkt\/adapter-fur-bohrmaschinen-antrieb-ausensechskant-63-mm-inba-arbeitsschutz-3\/"},"modified":"2025-03-17T13:36:43","modified_gmt":"2025-03-17T12:36:43","slug":"adapter-fur-bohrmaschinen-antrieb-ausensechskant-63-mm-inba-arbeitsschutz-3","status":"publish","type":"product","link":"https:\/\/product-guide.org\/en\/produkt\/adapter-fur-bohrmaschinen-antrieb-ausensechskant-63-mm-inba-arbeitsschutz-3\/","title":{"rendered":"Adapter f\u00fcr Bohrmaschinen Antrieb Au\u00dfensechskant 63 mm&#8230; | inba arbeitsschutz"},"content":{"rendered":"<p>f\u00fcr Bohrmaschinen-Betrieb Oberfl\u00e4che gesandgestrahlt Technische Daten Verpackung f\u00fcr Wandbehang geeignet Ja Antriebsprofilgr\u00f6\u00dfe imperial 14 Antriebsprofil Au\u00dfensechskant Antriebsprofilgr\u00f6\u00dfe metrisch 63 mm L\u00e4nge 72 mm Abtriebsprofilgr\u00f6\u00dfe imperial 12 Abtriebsprofil Au\u00dfensechskant Abtriebsprofilgr\u00f6\u00dfe metrisch 125 mm Material Chrom-Vanadium-Stahl Bruttogewicht 50 g<\/p>\n","protected":false},"excerpt":{"rendered":"<p>f\u00fcr Bohrmaschinen-Betrieb Oberfl\u00e4che gesandgestrahlt Technische Daten Verpackung f\u00fcr Wandbehang geeignet Ja Antriebsprofilgr\u00f6\u00dfe imperial 14 Antriebsprofil Au\u00dfensechskant Antriebsprofilgr\u00f6\u00dfe metrisch 63 mm L\u00e4nge 72 mm Abtriebsprofilgr\u00f6\u00dfe imperial 12 Abtriebsprofil Au\u00dfensechskant Abtriebsprofilgr\u00f6\u00dfe metrisch 125 mm Material Chrom-Vanadium-Stahl Bruttogewicht 50 g<\/p>\n","protected":false},"featured_media":59106,"template":"","meta":{"_gspb_post_css":""},"store":[],"product_brand":[1476],"product_cat":[1290],"product_tag":[],"class_list":{"0":"post-59107","1":"product","2":"type-product","3":"status-publish","4":"has-post-thumbnail","6":"product_brand-inba-arbeitsschutz","7":"product_cat-uncategorized","9":"first","10":"instock","11":"shipping-taxable","12":"purchasable","13":"product-type-simple"},"yoast_head":"<!-- This site is optimized with the Yoast SEO plugin v24.6 - https:\/\/yoast.com\/wordpress\/plugins\/seo\/ -->\n<title>Adapter f\u00fcr Bohrmaschinen Antrieb Au\u00dfensechskant 63 mm... | inba arbeitsschutz | Product-Guide.org<\/title>\n<meta name=\"description\" content=\"Adapter f\u00fcr Bohrmaschinen Antrieb Au\u00dfensechskant 63 mm... | inba arbeitsschutz gefunden von Product-Guide.org\" \/>\n<meta name=\"robots\" content=\"index, follow, max-snippet:-1, max-image-preview:large, max-video-preview:-1\" \/>\n<link rel=\"canonical\" href=\"https:\/\/product-guide.org\/en\/produkt\/adapter-fur-bohrmaschinen-antrieb-ausensechskant-63-mm-inba-arbeitsschutz-3\/\" \/>\n<meta property=\"og:locale\" content=\"en_GB\" \/>\n<meta property=\"og:type\" content=\"article\" \/>\n<meta property=\"og:title\" content=\"Adapter f\u00fcr Bohrmaschinen Antrieb Au\u00dfensechskant 63 mm... | inba arbeitsschutz | Product-Guide.org\" \/>\n<meta property=\"og:description\" content=\"Adapter f\u00fcr Bohrmaschinen Antrieb Au\u00dfensechskant 63 mm... | inba arbeitsschutz gefunden von Product-Guide.org\" \/>\n<meta property=\"og:url\" content=\"https:\/\/product-guide.org\/en\/produkt\/adapter-fur-bohrmaschinen-antrieb-ausensechskant-63-mm-inba-arbeitsschutz-3\/\" \/>\n<meta property=\"og:site_name\" content=\"Product-Guide.org\" \/>\n<meta property=\"article:modified_time\" content=\"2025-03-17T12:36:43+00:00\" \/>\n<meta name=\"twitter:card\" content=\"summary_large_image\" \/>\n<script type=\"application\/ld+json\" class=\"yoast-schema-graph\">{\"@context\":\"https:\/\/schema.org\",\"@graph\":[{\"@type\":\"WebPage\",\"@id\":\"https:\/\/product-guide.org\/produkt\/adapter-fur-bohrmaschinen-antrieb-ausensechskant-63-mm-inba-arbeitsschutz-3\/\",\"url\":\"https:\/\/product-guide.org\/produkt\/adapter-fur-bohrmaschinen-antrieb-ausensechskant-63-mm-inba-arbeitsschutz-3\/\",\"name\":\"Adapter f\u00fcr Bohrmaschinen Antrieb Au\u00dfensechskant 63 mm... | inba arbeitsschutz | Product-Guide.org\",\"isPartOf\":{\"@id\":\"https:\/\/product-guide.org\/#website\"},\"primaryImageOfPage\":{\"@id\":\"https:\/\/product-guide.org\/produkt\/adapter-fur-bohrmaschinen-antrieb-ausensechskant-63-mm-inba-arbeitsschutz-3\/#primaryimage\"},\"image\":{\"@id\":\"https:\/\/product-guide.org\/produkt\/adapter-fur-bohrmaschinen-antrieb-ausensechskant-63-mm-inba-arbeitsschutz-3\/#primaryimage\"},\"thumbnailUrl\":\"https:\/\/product-guide.org\/wp-content\/uploads\/2025\/03\/WZ-9685-3-scaled.jpg\",\"datePublished\":\"2025-03-17T12:36:42+00:00\",\"dateModified\":\"2025-03-17T12:36:43+00:00\",\"description\":\"Adapter f\u00fcr Bohrmaschinen Antrieb Au\u00dfensechskant 63 mm... | inba arbeitsschutz gefunden von Product-Guide.org\",\"breadcrumb\":{\"@id\":\"https:\/\/product-guide.org\/produkt\/adapter-fur-bohrmaschinen-antrieb-ausensechskant-63-mm-inba-arbeitsschutz-3\/#breadcrumb\"},\"inLanguage\":\"en-GB\",\"potentialAction\":[{\"@type\":\"ReadAction\",\"target\":[\"https:\/\/product-guide.org\/produkt\/adapter-fur-bohrmaschinen-antrieb-ausensechskant-63-mm-inba-arbeitsschutz-3\/\"]}]},{\"@type\":\"ImageObject\",\"inLanguage\":\"en-GB\",\"@id\":\"https:\/\/product-guide.org\/produkt\/adapter-fur-bohrmaschinen-antrieb-ausensechskant-63-mm-inba-arbeitsschutz-3\/#primaryimage\",\"url\":\"https:\/\/product-guide.org\/wp-content\/uploads\/2025\/03\/WZ-9685-3-scaled.jpg\",\"contentUrl\":\"https:\/\/product-guide.org\/wp-content\/uploads\/2025\/03\/WZ-9685-3-scaled.jpg\",\"width\":2560,\"height\":645},{\"@type\":\"BreadcrumbList\",\"@id\":\"https:\/\/product-guide.org\/produkt\/adapter-fur-bohrmaschinen-antrieb-ausensechskant-63-mm-inba-arbeitsschutz-3\/#breadcrumb\",\"itemListElement\":[{\"@type\":\"ListItem\",\"position\":1,\"name\":\"Home\",\"item\":\"https:\/\/product-guide.org\/\"},{\"@type\":\"ListItem\",\"position\":2,\"name\":\"Ergebnisse\",\"item\":\"https:\/\/product-guide.org\/de\/ergebnisse\/\"},{\"@type\":\"ListItem\",\"position\":3,\"name\":\"Adapter f\u00fcr Bohrmaschinen Antrieb Au\u00dfensechskant 63 mm&#8230; | inba arbeitsschutz\"}]},{\"@type\":\"WebSite\",\"@id\":\"https:\/\/product-guide.org\/#website\",\"url\":\"https:\/\/product-guide.org\/\",\"name\":\"Product-Guide.org\",\"description\":\"What Product are you looking for?\",\"publisher\":{\"@id\":\"https:\/\/product-guide.org\/#organization\"},\"potentialAction\":[{\"@type\":\"SearchAction\",\"target\":{\"@type\":\"EntryPoint\",\"urlTemplate\":\"https:\/\/product-guide.org\/?s={search_term_string}\"},\"query-input\":{\"@type\":\"PropertyValueSpecification\",\"valueRequired\":true,\"valueName\":\"search_term_string\"}}],\"inLanguage\":\"en-GB\"},{\"@type\":\"Organization\",\"@id\":\"https:\/\/product-guide.org\/#organization\",\"name\":\"Product-Guide.org\",\"url\":\"https:\/\/product-guide.org\/\",\"logo\":{\"@type\":\"ImageObject\",\"inLanguage\":\"en-GB\",\"@id\":\"https:\/\/product-guide.org\/#\/schema\/logo\/image\/\",\"url\":\"https:\/\/product-guide.org\/wp-content\/uploads\/2022\/07\/logo_transparent_background.png\",\"contentUrl\":\"https:\/\/product-guide.org\/wp-content\/uploads\/2022\/07\/logo_transparent_background.png\",\"width\":3400,\"height\":1132,\"caption\":\"Product-Guide.org\"},\"image\":{\"@id\":\"https:\/\/product-guide.org\/#\/schema\/logo\/image\/\"}}]}<\/script>\n<!-- \/ Yoast SEO plugin. -->","yoast_head_json":{"title":"Adapter f\u00fcr Bohrmaschinen Antrieb Au\u00dfensechskant 63 mm... | inba arbeitsschutz | Product-Guide.org","description":"Adapter f\u00fcr Bohrmaschinen Antrieb Au\u00dfensechskant 63 mm... | inba arbeitsschutz gefunden von Product-Guide.org","robots":{"index":"index","follow":"follow","max-snippet":"max-snippet:-1","max-image-preview":"max-image-preview:large","max-video-preview":"max-video-preview:-1"},"canonical":"https:\/\/product-guide.org\/en\/produkt\/adapter-fur-bohrmaschinen-antrieb-ausensechskant-63-mm-inba-arbeitsschutz-3\/","og_locale":"en_GB","og_type":"article","og_title":"Adapter f\u00fcr Bohrmaschinen Antrieb Au\u00dfensechskant 63 mm... | inba arbeitsschutz | Product-Guide.org","og_description":"Adapter f\u00fcr Bohrmaschinen Antrieb Au\u00dfensechskant 63 mm... | inba arbeitsschutz gefunden von Product-Guide.org","og_url":"https:\/\/product-guide.org\/en\/produkt\/adapter-fur-bohrmaschinen-antrieb-ausensechskant-63-mm-inba-arbeitsschutz-3\/","og_site_name":"Product-Guide.org","article_modified_time":"2025-03-17T12:36:43+00:00","twitter_card":"summary_large_image","schema":{"@context":"https:\/\/schema.org","@graph":[{"@type":"WebPage","@id":"https:\/\/product-guide.org\/produkt\/adapter-fur-bohrmaschinen-antrieb-ausensechskant-63-mm-inba-arbeitsschutz-3\/","url":"https:\/\/product-guide.org\/produkt\/adapter-fur-bohrmaschinen-antrieb-ausensechskant-63-mm-inba-arbeitsschutz-3\/","name":"Adapter f\u00fcr Bohrmaschinen Antrieb Au\u00dfensechskant 63 mm... | inba arbeitsschutz | Product-Guide.org","isPartOf":{"@id":"https:\/\/product-guide.org\/#website"},"primaryImageOfPage":{"@id":"https:\/\/product-guide.org\/produkt\/adapter-fur-bohrmaschinen-antrieb-ausensechskant-63-mm-inba-arbeitsschutz-3\/#primaryimage"},"image":{"@id":"https:\/\/product-guide.org\/produkt\/adapter-fur-bohrmaschinen-antrieb-ausensechskant-63-mm-inba-arbeitsschutz-3\/#primaryimage"},"thumbnailUrl":"https:\/\/product-guide.org\/wp-content\/uploads\/2025\/03\/WZ-9685-3-scaled.jpg","datePublished":"2025-03-17T12:36:42+00:00","dateModified":"2025-03-17T12:36:43+00:00","description":"Adapter f\u00fcr Bohrmaschinen Antrieb Au\u00dfensechskant 63 mm... | inba arbeitsschutz gefunden von Product-Guide.org","breadcrumb":{"@id":"https:\/\/product-guide.org\/produkt\/adapter-fur-bohrmaschinen-antrieb-ausensechskant-63-mm-inba-arbeitsschutz-3\/#breadcrumb"},"inLanguage":"en-GB","potentialAction":[{"@type":"ReadAction","target":["https:\/\/product-guide.org\/produkt\/adapter-fur-bohrmaschinen-antrieb-ausensechskant-63-mm-inba-arbeitsschutz-3\/"]}]},{"@type":"ImageObject","inLanguage":"en-GB","@id":"https:\/\/product-guide.org\/produkt\/adapter-fur-bohrmaschinen-antrieb-ausensechskant-63-mm-inba-arbeitsschutz-3\/#primaryimage","url":"https:\/\/product-guide.org\/wp-content\/uploads\/2025\/03\/WZ-9685-3-scaled.jpg","contentUrl":"https:\/\/product-guide.org\/wp-content\/uploads\/2025\/03\/WZ-9685-3-scaled.jpg","width":2560,"height":645},{"@type":"BreadcrumbList","@id":"https:\/\/product-guide.org\/produkt\/adapter-fur-bohrmaschinen-antrieb-ausensechskant-63-mm-inba-arbeitsschutz-3\/#breadcrumb","itemListElement":[{"@type":"ListItem","position":1,"name":"Home","item":"https:\/\/product-guide.org\/"},{"@type":"ListItem","position":2,"name":"Ergebnisse","item":"https:\/\/product-guide.org\/de\/ergebnisse\/"},{"@type":"ListItem","position":3,"name":"Adapter f\u00fcr Bohrmaschinen Antrieb Au\u00dfensechskant 63 mm&#8230; | inba arbeitsschutz"}]},{"@type":"WebSite","@id":"https:\/\/product-guide.org\/#website","url":"https:\/\/product-guide.org\/","name":"Product-Guide.org","description":"What Product are you looking for?","publisher":{"@id":"https:\/\/product-guide.org\/#organization"},"potentialAction":[{"@type":"SearchAction","target":{"@type":"EntryPoint","urlTemplate":"https:\/\/product-guide.org\/?s={search_term_string}"},"query-input":{"@type":"PropertyValueSpecification","valueRequired":true,"valueName":"search_term_string"}}],"inLanguage":"en-GB"},{"@type":"Organization","@id":"https:\/\/product-guide.org\/#organization","name":"Product-Guide.org","url":"https:\/\/product-guide.org\/","logo":{"@type":"ImageObject","inLanguage":"en-GB","@id":"https:\/\/product-guide.org\/#\/schema\/logo\/image\/","url":"https:\/\/product-guide.org\/wp-content\/uploads\/2022\/07\/logo_transparent_background.png","contentUrl":"https:\/\/product-guide.org\/wp-content\/uploads\/2022\/07\/logo_transparent_background.png","width":3400,"height":1132,"caption":"Product-Guide.org"},"image":{"@id":"https:\/\/product-guide.org\/#\/schema\/logo\/image\/"}}]}},"_links":{"self":[{"href":"https:\/\/product-guide.org\/en\/wp-json\/wp\/v2\/product\/59107","targetHints":{"allow":["GET"]}}],"collection":[{"href":"https:\/\/product-guide.org\/en\/wp-json\/wp\/v2\/product"}],"about":[{"href":"https:\/\/product-guide.org\/en\/wp-json\/wp\/v2\/types\/product"}],"wp:featuredmedia":[{"embeddable":true,"href":"https:\/\/product-guide.org\/en\/wp-json\/wp\/v2\/media\/59106"}],"wp:attachment":[{"href":"https:\/\/product-guide.org\/en\/wp-json\/wp\/v2\/media?parent=59107"}],"wp:term":[{"taxonomy":"store","embeddable":true,"href":"https:\/\/product-guide.org\/en\/wp-json\/wp\/v2\/store?post=59107"},{"taxonomy":"product_brand","embeddable":true,"href":"https:\/\/product-guide.org\/en\/wp-json\/wp\/v2\/product_brand?post=59107"},{"taxonomy":"product_cat","embeddable":true,"href":"https:\/\/product-guide.org\/en\/wp-json\/wp\/v2\/product_cat?post=59107"},{"taxonomy":"product_tag","embeddable":true,"href":"https:\/\/product-guide.org\/en\/wp-json\/wp\/v2\/product_tag?post=59107"}],"curies":[{"name":"wp","href":"https:\/\/api.w.org\/{rel}","templated":true}]}}