{"id":59129,"date":"2025-03-17T13:37:11","date_gmt":"2025-03-17T12:37:11","guid":{"rendered":"https:\/\/product-guide.org\/produkt\/steckschlussel-einsatz-sechskant-extra-tief-antrieb-in-inba-arbeitsschutz-2\/"},"modified":"2025-03-17T13:37:11","modified_gmt":"2025-03-17T12:37:11","slug":"steckschlussel-einsatz-sechskant-extra-tief-antrieb-in-inba-arbeitsschutz-2","status":"publish","type":"product","link":"https:\/\/product-guide.org\/en\/produkt\/steckschlussel-einsatz-sechskant-extra-tief-antrieb-in-inba-arbeitsschutz-2\/","title":{"rendered":"Steckschl\u00fcssel-Einsatz Sechskant extra tief Antrieb In&#8230; | inba arbeitsschutz"},"content":{"rendered":"<p>geeignet f\u00fcr Muttern auf langen Gewindebolzen wie bei Sto\u00dff\u00e4ngern Heckleuchten T\u00fcrscharnierbeschl\u00e4gen geeignet f\u00fcr Handbremsseil-Einsteller an VAG Opel BMW und Ford Technische Daten Material Chrom-Vanadium-Stahl Abtriebsprofil Pro Torque Sechskant Antriebsprofilgr\u00f6\u00dfe metrisch 10 mm Antriebsprofil Innenvierkant Bruttogewicht 140 g Schl\u00fcsselweite 12 mm Oberfl\u00e4chenverg\u00fctung Verchromt Antriebsprofilgr\u00f6\u00dfe imperial 38<\/p>\n","protected":false},"excerpt":{"rendered":"<p>geeignet f\u00fcr Muttern auf langen Gewindebolzen wie bei Sto\u00dff\u00e4ngern Heckleuchten T\u00fcrscharnierbeschl\u00e4gen geeignet f\u00fcr Handbremsseil-Einsteller an VAG Opel BMW und Ford Technische Daten Material Chrom-Vanadium-Stahl Abtriebsprofil Pro Torque Sechskant Antriebsprofilgr\u00f6\u00dfe metrisch 10 mm Antriebsprofil Innenvierkant Bruttogewicht 140 g Schl\u00fcsselweite 12 mm Oberfl\u00e4chenverg\u00fctung Verchromt Antriebsprofilgr\u00f6\u00dfe imperial 38<\/p>\n","protected":false},"featured_media":59128,"template":"","meta":{"_gspb_post_css":""},"store":[],"product_brand":[1476],"product_cat":[1290],"product_tag":[],"class_list":{"0":"post-59129","1":"product","2":"type-product","3":"status-publish","4":"has-post-thumbnail","6":"product_brand-inba-arbeitsschutz","7":"product_cat-uncategorized","9":"first","10":"instock","11":"shipping-taxable","12":"purchasable","13":"product-type-simple"},"yoast_head":"<!-- This site is optimized with the Yoast SEO plugin v24.6 - https:\/\/yoast.com\/wordpress\/plugins\/seo\/ -->\n<title>Steckschl\u00fcssel-Einsatz Sechskant extra tief Antrieb In... | inba arbeitsschutz | Product-Guide.org<\/title>\n<meta name=\"description\" content=\"Steckschl\u00fcssel-Einsatz Sechskant extra tief Antrieb In... | inba arbeitsschutz gefunden von Product-Guide.org\" \/>\n<meta name=\"robots\" content=\"index, follow, max-snippet:-1, max-image-preview:large, max-video-preview:-1\" \/>\n<link rel=\"canonical\" href=\"https:\/\/product-guide.org\/en\/produkt\/steckschlussel-einsatz-sechskant-extra-tief-antrieb-in-inba-arbeitsschutz-2\/\" \/>\n<meta property=\"og:locale\" content=\"en_GB\" \/>\n<meta property=\"og:type\" content=\"article\" \/>\n<meta property=\"og:title\" content=\"Steckschl\u00fcssel-Einsatz Sechskant extra tief Antrieb In... | inba arbeitsschutz | Product-Guide.org\" \/>\n<meta property=\"og:description\" content=\"Steckschl\u00fcssel-Einsatz Sechskant extra tief Antrieb In... | inba arbeitsschutz gefunden von Product-Guide.org\" \/>\n<meta property=\"og:url\" content=\"https:\/\/product-guide.org\/en\/produkt\/steckschlussel-einsatz-sechskant-extra-tief-antrieb-in-inba-arbeitsschutz-2\/\" \/>\n<meta property=\"og:site_name\" content=\"Product-Guide.org\" \/>\n<meta name=\"twitter:card\" content=\"summary_large_image\" \/>\n<script type=\"application\/ld+json\" class=\"yoast-schema-graph\">{\"@context\":\"https:\/\/schema.org\",\"@graph\":[{\"@type\":\"WebPage\",\"@id\":\"https:\/\/product-guide.org\/produkt\/steckschlussel-einsatz-sechskant-extra-tief-antrieb-in-inba-arbeitsschutz-2\/\",\"url\":\"https:\/\/product-guide.org\/produkt\/steckschlussel-einsatz-sechskant-extra-tief-antrieb-in-inba-arbeitsschutz-2\/\",\"name\":\"Steckschl\u00fcssel-Einsatz Sechskant extra tief Antrieb In... | inba arbeitsschutz | Product-Guide.org\",\"isPartOf\":{\"@id\":\"https:\/\/product-guide.org\/#website\"},\"primaryImageOfPage\":{\"@id\":\"https:\/\/product-guide.org\/produkt\/steckschlussel-einsatz-sechskant-extra-tief-antrieb-in-inba-arbeitsschutz-2\/#primaryimage\"},\"image\":{\"@id\":\"https:\/\/product-guide.org\/produkt\/steckschlussel-einsatz-sechskant-extra-tief-antrieb-in-inba-arbeitsschutz-2\/#primaryimage\"},\"thumbnailUrl\":\"https:\/\/product-guide.org\/wp-content\/uploads\/2025\/03\/WZ-9863-12-scaled.jpg\",\"datePublished\":\"2025-03-17T12:37:11+00:00\",\"description\":\"Steckschl\u00fcssel-Einsatz Sechskant extra tief Antrieb In... | inba arbeitsschutz gefunden von Product-Guide.org\",\"breadcrumb\":{\"@id\":\"https:\/\/product-guide.org\/produkt\/steckschlussel-einsatz-sechskant-extra-tief-antrieb-in-inba-arbeitsschutz-2\/#breadcrumb\"},\"inLanguage\":\"en-GB\",\"potentialAction\":[{\"@type\":\"ReadAction\",\"target\":[\"https:\/\/product-guide.org\/produkt\/steckschlussel-einsatz-sechskant-extra-tief-antrieb-in-inba-arbeitsschutz-2\/\"]}]},{\"@type\":\"ImageObject\",\"inLanguage\":\"en-GB\",\"@id\":\"https:\/\/product-guide.org\/produkt\/steckschlussel-einsatz-sechskant-extra-tief-antrieb-in-inba-arbeitsschutz-2\/#primaryimage\",\"url\":\"https:\/\/product-guide.org\/wp-content\/uploads\/2025\/03\/WZ-9863-12-scaled.jpg\",\"contentUrl\":\"https:\/\/product-guide.org\/wp-content\/uploads\/2025\/03\/WZ-9863-12-scaled.jpg\",\"width\":2560,\"height\":406},{\"@type\":\"BreadcrumbList\",\"@id\":\"https:\/\/product-guide.org\/produkt\/steckschlussel-einsatz-sechskant-extra-tief-antrieb-in-inba-arbeitsschutz-2\/#breadcrumb\",\"itemListElement\":[{\"@type\":\"ListItem\",\"position\":1,\"name\":\"Home\",\"item\":\"https:\/\/product-guide.org\/\"},{\"@type\":\"ListItem\",\"position\":2,\"name\":\"Ergebnisse\",\"item\":\"https:\/\/product-guide.org\/de\/ergebnisse\/\"},{\"@type\":\"ListItem\",\"position\":3,\"name\":\"Steckschl\u00fcssel-Einsatz Sechskant extra tief Antrieb In&#8230; | inba arbeitsschutz\"}]},{\"@type\":\"WebSite\",\"@id\":\"https:\/\/product-guide.org\/#website\",\"url\":\"https:\/\/product-guide.org\/\",\"name\":\"Product-Guide.org\",\"description\":\"What Product are you looking for?\",\"publisher\":{\"@id\":\"https:\/\/product-guide.org\/#organization\"},\"potentialAction\":[{\"@type\":\"SearchAction\",\"target\":{\"@type\":\"EntryPoint\",\"urlTemplate\":\"https:\/\/product-guide.org\/?s={search_term_string}\"},\"query-input\":{\"@type\":\"PropertyValueSpecification\",\"valueRequired\":true,\"valueName\":\"search_term_string\"}}],\"inLanguage\":\"en-GB\"},{\"@type\":\"Organization\",\"@id\":\"https:\/\/product-guide.org\/#organization\",\"name\":\"Product-Guide.org\",\"url\":\"https:\/\/product-guide.org\/\",\"logo\":{\"@type\":\"ImageObject\",\"inLanguage\":\"en-GB\",\"@id\":\"https:\/\/product-guide.org\/#\/schema\/logo\/image\/\",\"url\":\"https:\/\/product-guide.org\/wp-content\/uploads\/2022\/07\/logo_transparent_background.png\",\"contentUrl\":\"https:\/\/product-guide.org\/wp-content\/uploads\/2022\/07\/logo_transparent_background.png\",\"width\":3400,\"height\":1132,\"caption\":\"Product-Guide.org\"},\"image\":{\"@id\":\"https:\/\/product-guide.org\/#\/schema\/logo\/image\/\"}}]}<\/script>\n<!-- \/ Yoast SEO plugin. -->","yoast_head_json":{"title":"Steckschl\u00fcssel-Einsatz Sechskant extra tief Antrieb In... | inba arbeitsschutz | Product-Guide.org","description":"Steckschl\u00fcssel-Einsatz Sechskant extra tief Antrieb In... | inba arbeitsschutz gefunden von Product-Guide.org","robots":{"index":"index","follow":"follow","max-snippet":"max-snippet:-1","max-image-preview":"max-image-preview:large","max-video-preview":"max-video-preview:-1"},"canonical":"https:\/\/product-guide.org\/en\/produkt\/steckschlussel-einsatz-sechskant-extra-tief-antrieb-in-inba-arbeitsschutz-2\/","og_locale":"en_GB","og_type":"article","og_title":"Steckschl\u00fcssel-Einsatz Sechskant extra tief Antrieb In... | inba arbeitsschutz | Product-Guide.org","og_description":"Steckschl\u00fcssel-Einsatz Sechskant extra tief Antrieb In... | inba arbeitsschutz gefunden von Product-Guide.org","og_url":"https:\/\/product-guide.org\/en\/produkt\/steckschlussel-einsatz-sechskant-extra-tief-antrieb-in-inba-arbeitsschutz-2\/","og_site_name":"Product-Guide.org","twitter_card":"summary_large_image","schema":{"@context":"https:\/\/schema.org","@graph":[{"@type":"WebPage","@id":"https:\/\/product-guide.org\/produkt\/steckschlussel-einsatz-sechskant-extra-tief-antrieb-in-inba-arbeitsschutz-2\/","url":"https:\/\/product-guide.org\/produkt\/steckschlussel-einsatz-sechskant-extra-tief-antrieb-in-inba-arbeitsschutz-2\/","name":"Steckschl\u00fcssel-Einsatz Sechskant extra tief Antrieb In... | inba arbeitsschutz | Product-Guide.org","isPartOf":{"@id":"https:\/\/product-guide.org\/#website"},"primaryImageOfPage":{"@id":"https:\/\/product-guide.org\/produkt\/steckschlussel-einsatz-sechskant-extra-tief-antrieb-in-inba-arbeitsschutz-2\/#primaryimage"},"image":{"@id":"https:\/\/product-guide.org\/produkt\/steckschlussel-einsatz-sechskant-extra-tief-antrieb-in-inba-arbeitsschutz-2\/#primaryimage"},"thumbnailUrl":"https:\/\/product-guide.org\/wp-content\/uploads\/2025\/03\/WZ-9863-12-scaled.jpg","datePublished":"2025-03-17T12:37:11+00:00","description":"Steckschl\u00fcssel-Einsatz Sechskant extra tief Antrieb In... | inba arbeitsschutz gefunden von Product-Guide.org","breadcrumb":{"@id":"https:\/\/product-guide.org\/produkt\/steckschlussel-einsatz-sechskant-extra-tief-antrieb-in-inba-arbeitsschutz-2\/#breadcrumb"},"inLanguage":"en-GB","potentialAction":[{"@type":"ReadAction","target":["https:\/\/product-guide.org\/produkt\/steckschlussel-einsatz-sechskant-extra-tief-antrieb-in-inba-arbeitsschutz-2\/"]}]},{"@type":"ImageObject","inLanguage":"en-GB","@id":"https:\/\/product-guide.org\/produkt\/steckschlussel-einsatz-sechskant-extra-tief-antrieb-in-inba-arbeitsschutz-2\/#primaryimage","url":"https:\/\/product-guide.org\/wp-content\/uploads\/2025\/03\/WZ-9863-12-scaled.jpg","contentUrl":"https:\/\/product-guide.org\/wp-content\/uploads\/2025\/03\/WZ-9863-12-scaled.jpg","width":2560,"height":406},{"@type":"BreadcrumbList","@id":"https:\/\/product-guide.org\/produkt\/steckschlussel-einsatz-sechskant-extra-tief-antrieb-in-inba-arbeitsschutz-2\/#breadcrumb","itemListElement":[{"@type":"ListItem","position":1,"name":"Home","item":"https:\/\/product-guide.org\/"},{"@type":"ListItem","position":2,"name":"Ergebnisse","item":"https:\/\/product-guide.org\/de\/ergebnisse\/"},{"@type":"ListItem","position":3,"name":"Steckschl\u00fcssel-Einsatz Sechskant extra tief Antrieb In&#8230; | inba arbeitsschutz"}]},{"@type":"WebSite","@id":"https:\/\/product-guide.org\/#website","url":"https:\/\/product-guide.org\/","name":"Product-Guide.org","description":"What Product are you looking for?","publisher":{"@id":"https:\/\/product-guide.org\/#organization"},"potentialAction":[{"@type":"SearchAction","target":{"@type":"EntryPoint","urlTemplate":"https:\/\/product-guide.org\/?s={search_term_string}"},"query-input":{"@type":"PropertyValueSpecification","valueRequired":true,"valueName":"search_term_string"}}],"inLanguage":"en-GB"},{"@type":"Organization","@id":"https:\/\/product-guide.org\/#organization","name":"Product-Guide.org","url":"https:\/\/product-guide.org\/","logo":{"@type":"ImageObject","inLanguage":"en-GB","@id":"https:\/\/product-guide.org\/#\/schema\/logo\/image\/","url":"https:\/\/product-guide.org\/wp-content\/uploads\/2022\/07\/logo_transparent_background.png","contentUrl":"https:\/\/product-guide.org\/wp-content\/uploads\/2022\/07\/logo_transparent_background.png","width":3400,"height":1132,"caption":"Product-Guide.org"},"image":{"@id":"https:\/\/product-guide.org\/#\/schema\/logo\/image\/"}}]}},"_links":{"self":[{"href":"https:\/\/product-guide.org\/en\/wp-json\/wp\/v2\/product\/59129","targetHints":{"allow":["GET"]}}],"collection":[{"href":"https:\/\/product-guide.org\/en\/wp-json\/wp\/v2\/product"}],"about":[{"href":"https:\/\/product-guide.org\/en\/wp-json\/wp\/v2\/types\/product"}],"wp:featuredmedia":[{"embeddable":true,"href":"https:\/\/product-guide.org\/en\/wp-json\/wp\/v2\/media\/59128"}],"wp:attachment":[{"href":"https:\/\/product-guide.org\/en\/wp-json\/wp\/v2\/media?parent=59129"}],"wp:term":[{"taxonomy":"store","embeddable":true,"href":"https:\/\/product-guide.org\/en\/wp-json\/wp\/v2\/store?post=59129"},{"taxonomy":"product_brand","embeddable":true,"href":"https:\/\/product-guide.org\/en\/wp-json\/wp\/v2\/product_brand?post=59129"},{"taxonomy":"product_cat","embeddable":true,"href":"https:\/\/product-guide.org\/en\/wp-json\/wp\/v2\/product_cat?post=59129"},{"taxonomy":"product_tag","embeddable":true,"href":"https:\/\/product-guide.org\/en\/wp-json\/wp\/v2\/product_tag?post=59129"}],"curies":[{"name":"wp","href":"https:\/\/api.w.org\/{rel}","templated":true}]}}