{"id":59157,"date":"2025-03-17T13:37:50","date_gmt":"2025-03-17T12:37:50","guid":{"rendered":"https:\/\/product-guide.org\/produkt\/magnet-haftschale-faltbar-o-120-220-mm-inba-arbeitsschutz\/"},"modified":"2025-03-17T13:37:50","modified_gmt":"2025-03-17T12:37:50","slug":"magnet-haftschale-faltbar-o-120-220-mm-inba-arbeitsschutz","status":"publish","type":"product","link":"https:\/\/product-guide.org\/en\/produkt\/magnet-haftschale-faltbar-o-120-220-mm-inba-arbeitsschutz\/","title":{"rendered":"Magnet-Haftschale faltbar \u00d8 120 220 mm | inba arbeitsschutz"},"content":{"rendered":"<p>vielseitig verwendbar in der Werkstatt Baustelle Automobil-Reparatur etc. hohe Ausf\u00fchrung dadurch k\u00f6nnen sowohl nicht-magnetische Kleinteile aus Aluminium Messing oder rostfreiem Stahl wie auch gr\u00f6\u00dfere Metall-Werkzeuge problemlos aufgenommen werden einfaltbar dadurch platzsparende Verstauung m\u00f6glich tiefe Ausf\u00fchrung starker Magnet Material Gummi schmalster Innendurchmesser 120 mm breitester Innendurchmesser 220 mm H\u00f6he eingefaltet 60 mm Technische Daten Bruttogewicht 540 g H\u00f6he 11&#8230;<\/p>\n","protected":false},"excerpt":{"rendered":"<p>vielseitig verwendbar in der Werkstatt Baustelle Automobil-Reparatur etc. hohe Ausf\u00fchrung dadurch k\u00f6nnen sowohl nicht-magnetische Kleinteile aus Aluminium Messing oder rostfreiem Stahl wie auch gr\u00f6\u00dfere Metall-Werkzeuge problemlos aufgenommen werden einfaltbar dadurch platzsparende Verstauung m\u00f6glich tiefe Ausf\u00fchrung starker Magnet Material Gummi schmalster Innendurchmesser 120 mm breitester Innendurchmesser 220 mm H\u00f6he eingefaltet 60 mm Technische Daten Bruttogewicht 540 [&hellip;]<\/p>\n","protected":false},"featured_media":59156,"template":"","meta":{"_gspb_post_css":""},"store":[],"product_brand":[1476],"product_cat":[1290],"product_tag":[],"class_list":{"0":"post-59157","1":"product","2":"type-product","3":"status-publish","4":"has-post-thumbnail","6":"product_brand-inba-arbeitsschutz","7":"product_cat-uncategorized","9":"first","10":"instock","11":"shipping-taxable","12":"purchasable","13":"product-type-simple"},"yoast_head":"<!-- This site is optimized with the Yoast SEO plugin v24.6 - https:\/\/yoast.com\/wordpress\/plugins\/seo\/ -->\n<title>Magnet-Haftschale faltbar \u00d8 120 220 mm | inba arbeitsschutz | Product-Guide.org<\/title>\n<meta name=\"description\" content=\"Magnet-Haftschale faltbar \u00d8 120 220 mm | inba arbeitsschutz gefunden von Product-Guide.org\" \/>\n<meta name=\"robots\" content=\"index, follow, max-snippet:-1, max-image-preview:large, max-video-preview:-1\" \/>\n<link rel=\"canonical\" href=\"https:\/\/product-guide.org\/en\/produkt\/magnet-haftschale-faltbar-o-120-220-mm-inba-arbeitsschutz\/\" \/>\n<meta property=\"og:locale\" content=\"en_GB\" \/>\n<meta property=\"og:type\" content=\"article\" \/>\n<meta property=\"og:title\" content=\"Magnet-Haftschale faltbar \u00d8 120 220 mm | inba arbeitsschutz | Product-Guide.org\" \/>\n<meta property=\"og:description\" content=\"Magnet-Haftschale faltbar \u00d8 120 220 mm | inba arbeitsschutz gefunden von Product-Guide.org\" \/>\n<meta property=\"og:url\" content=\"https:\/\/product-guide.org\/en\/produkt\/magnet-haftschale-faltbar-o-120-220-mm-inba-arbeitsschutz\/\" \/>\n<meta property=\"og:site_name\" content=\"Product-Guide.org\" \/>\n<meta name=\"twitter:card\" content=\"summary_large_image\" \/>\n<script type=\"application\/ld+json\" class=\"yoast-schema-graph\">{\"@context\":\"https:\/\/schema.org\",\"@graph\":[{\"@type\":\"WebPage\",\"@id\":\"https:\/\/product-guide.org\/produkt\/magnet-haftschale-faltbar-o-120-220-mm-inba-arbeitsschutz\/\",\"url\":\"https:\/\/product-guide.org\/produkt\/magnet-haftschale-faltbar-o-120-220-mm-inba-arbeitsschutz\/\",\"name\":\"Magnet-Haftschale faltbar \u00d8 120 220 mm | inba arbeitsschutz | Product-Guide.org\",\"isPartOf\":{\"@id\":\"https:\/\/product-guide.org\/#website\"},\"primaryImageOfPage\":{\"@id\":\"https:\/\/product-guide.org\/produkt\/magnet-haftschale-faltbar-o-120-220-mm-inba-arbeitsschutz\/#primaryimage\"},\"image\":{\"@id\":\"https:\/\/product-guide.org\/produkt\/magnet-haftschale-faltbar-o-120-220-mm-inba-arbeitsschutz\/#primaryimage\"},\"thumbnailUrl\":\"https:\/\/product-guide.org\/wp-content\/uploads\/2025\/03\/WZ-9896-scaled.jpg\",\"datePublished\":\"2025-03-17T12:37:50+00:00\",\"description\":\"Magnet-Haftschale faltbar \u00d8 120 220 mm | inba arbeitsschutz gefunden von Product-Guide.org\",\"breadcrumb\":{\"@id\":\"https:\/\/product-guide.org\/produkt\/magnet-haftschale-faltbar-o-120-220-mm-inba-arbeitsschutz\/#breadcrumb\"},\"inLanguage\":\"en-GB\",\"potentialAction\":[{\"@type\":\"ReadAction\",\"target\":[\"https:\/\/product-guide.org\/produkt\/magnet-haftschale-faltbar-o-120-220-mm-inba-arbeitsschutz\/\"]}]},{\"@type\":\"ImageObject\",\"inLanguage\":\"en-GB\",\"@id\":\"https:\/\/product-guide.org\/produkt\/magnet-haftschale-faltbar-o-120-220-mm-inba-arbeitsschutz\/#primaryimage\",\"url\":\"https:\/\/product-guide.org\/wp-content\/uploads\/2025\/03\/WZ-9896-scaled.jpg\",\"contentUrl\":\"https:\/\/product-guide.org\/wp-content\/uploads\/2025\/03\/WZ-9896-scaled.jpg\",\"width\":2560,\"height\":1883},{\"@type\":\"BreadcrumbList\",\"@id\":\"https:\/\/product-guide.org\/produkt\/magnet-haftschale-faltbar-o-120-220-mm-inba-arbeitsschutz\/#breadcrumb\",\"itemListElement\":[{\"@type\":\"ListItem\",\"position\":1,\"name\":\"Home\",\"item\":\"https:\/\/product-guide.org\/\"},{\"@type\":\"ListItem\",\"position\":2,\"name\":\"Ergebnisse\",\"item\":\"https:\/\/product-guide.org\/de\/ergebnisse\/\"},{\"@type\":\"ListItem\",\"position\":3,\"name\":\"Magnet-Haftschale faltbar \u00d8 120 220 mm | inba arbeitsschutz\"}]},{\"@type\":\"WebSite\",\"@id\":\"https:\/\/product-guide.org\/#website\",\"url\":\"https:\/\/product-guide.org\/\",\"name\":\"Product-Guide.org\",\"description\":\"What Product are you looking for?\",\"publisher\":{\"@id\":\"https:\/\/product-guide.org\/#organization\"},\"potentialAction\":[{\"@type\":\"SearchAction\",\"target\":{\"@type\":\"EntryPoint\",\"urlTemplate\":\"https:\/\/product-guide.org\/?s={search_term_string}\"},\"query-input\":{\"@type\":\"PropertyValueSpecification\",\"valueRequired\":true,\"valueName\":\"search_term_string\"}}],\"inLanguage\":\"en-GB\"},{\"@type\":\"Organization\",\"@id\":\"https:\/\/product-guide.org\/#organization\",\"name\":\"Product-Guide.org\",\"url\":\"https:\/\/product-guide.org\/\",\"logo\":{\"@type\":\"ImageObject\",\"inLanguage\":\"en-GB\",\"@id\":\"https:\/\/product-guide.org\/#\/schema\/logo\/image\/\",\"url\":\"https:\/\/product-guide.org\/wp-content\/uploads\/2022\/07\/logo_transparent_background.png\",\"contentUrl\":\"https:\/\/product-guide.org\/wp-content\/uploads\/2022\/07\/logo_transparent_background.png\",\"width\":3400,\"height\":1132,\"caption\":\"Product-Guide.org\"},\"image\":{\"@id\":\"https:\/\/product-guide.org\/#\/schema\/logo\/image\/\"}}]}<\/script>\n<!-- \/ Yoast SEO plugin. -->","yoast_head_json":{"title":"Magnet-Haftschale faltbar \u00d8 120 220 mm | inba arbeitsschutz | Product-Guide.org","description":"Magnet-Haftschale faltbar \u00d8 120 220 mm | inba arbeitsschutz gefunden von Product-Guide.org","robots":{"index":"index","follow":"follow","max-snippet":"max-snippet:-1","max-image-preview":"max-image-preview:large","max-video-preview":"max-video-preview:-1"},"canonical":"https:\/\/product-guide.org\/en\/produkt\/magnet-haftschale-faltbar-o-120-220-mm-inba-arbeitsschutz\/","og_locale":"en_GB","og_type":"article","og_title":"Magnet-Haftschale faltbar \u00d8 120 220 mm | inba arbeitsschutz | Product-Guide.org","og_description":"Magnet-Haftschale faltbar \u00d8 120 220 mm | inba arbeitsschutz gefunden von Product-Guide.org","og_url":"https:\/\/product-guide.org\/en\/produkt\/magnet-haftschale-faltbar-o-120-220-mm-inba-arbeitsschutz\/","og_site_name":"Product-Guide.org","twitter_card":"summary_large_image","schema":{"@context":"https:\/\/schema.org","@graph":[{"@type":"WebPage","@id":"https:\/\/product-guide.org\/produkt\/magnet-haftschale-faltbar-o-120-220-mm-inba-arbeitsschutz\/","url":"https:\/\/product-guide.org\/produkt\/magnet-haftschale-faltbar-o-120-220-mm-inba-arbeitsschutz\/","name":"Magnet-Haftschale faltbar \u00d8 120 220 mm | inba arbeitsschutz | Product-Guide.org","isPartOf":{"@id":"https:\/\/product-guide.org\/#website"},"primaryImageOfPage":{"@id":"https:\/\/product-guide.org\/produkt\/magnet-haftschale-faltbar-o-120-220-mm-inba-arbeitsschutz\/#primaryimage"},"image":{"@id":"https:\/\/product-guide.org\/produkt\/magnet-haftschale-faltbar-o-120-220-mm-inba-arbeitsschutz\/#primaryimage"},"thumbnailUrl":"https:\/\/product-guide.org\/wp-content\/uploads\/2025\/03\/WZ-9896-scaled.jpg","datePublished":"2025-03-17T12:37:50+00:00","description":"Magnet-Haftschale faltbar \u00d8 120 220 mm | inba arbeitsschutz gefunden von Product-Guide.org","breadcrumb":{"@id":"https:\/\/product-guide.org\/produkt\/magnet-haftschale-faltbar-o-120-220-mm-inba-arbeitsschutz\/#breadcrumb"},"inLanguage":"en-GB","potentialAction":[{"@type":"ReadAction","target":["https:\/\/product-guide.org\/produkt\/magnet-haftschale-faltbar-o-120-220-mm-inba-arbeitsschutz\/"]}]},{"@type":"ImageObject","inLanguage":"en-GB","@id":"https:\/\/product-guide.org\/produkt\/magnet-haftschale-faltbar-o-120-220-mm-inba-arbeitsschutz\/#primaryimage","url":"https:\/\/product-guide.org\/wp-content\/uploads\/2025\/03\/WZ-9896-scaled.jpg","contentUrl":"https:\/\/product-guide.org\/wp-content\/uploads\/2025\/03\/WZ-9896-scaled.jpg","width":2560,"height":1883},{"@type":"BreadcrumbList","@id":"https:\/\/product-guide.org\/produkt\/magnet-haftschale-faltbar-o-120-220-mm-inba-arbeitsschutz\/#breadcrumb","itemListElement":[{"@type":"ListItem","position":1,"name":"Home","item":"https:\/\/product-guide.org\/"},{"@type":"ListItem","position":2,"name":"Ergebnisse","item":"https:\/\/product-guide.org\/de\/ergebnisse\/"},{"@type":"ListItem","position":3,"name":"Magnet-Haftschale faltbar \u00d8 120 220 mm | inba arbeitsschutz"}]},{"@type":"WebSite","@id":"https:\/\/product-guide.org\/#website","url":"https:\/\/product-guide.org\/","name":"Product-Guide.org","description":"What Product are you looking for?","publisher":{"@id":"https:\/\/product-guide.org\/#organization"},"potentialAction":[{"@type":"SearchAction","target":{"@type":"EntryPoint","urlTemplate":"https:\/\/product-guide.org\/?s={search_term_string}"},"query-input":{"@type":"PropertyValueSpecification","valueRequired":true,"valueName":"search_term_string"}}],"inLanguage":"en-GB"},{"@type":"Organization","@id":"https:\/\/product-guide.org\/#organization","name":"Product-Guide.org","url":"https:\/\/product-guide.org\/","logo":{"@type":"ImageObject","inLanguage":"en-GB","@id":"https:\/\/product-guide.org\/#\/schema\/logo\/image\/","url":"https:\/\/product-guide.org\/wp-content\/uploads\/2022\/07\/logo_transparent_background.png","contentUrl":"https:\/\/product-guide.org\/wp-content\/uploads\/2022\/07\/logo_transparent_background.png","width":3400,"height":1132,"caption":"Product-Guide.org"},"image":{"@id":"https:\/\/product-guide.org\/#\/schema\/logo\/image\/"}}]}},"_links":{"self":[{"href":"https:\/\/product-guide.org\/en\/wp-json\/wp\/v2\/product\/59157","targetHints":{"allow":["GET"]}}],"collection":[{"href":"https:\/\/product-guide.org\/en\/wp-json\/wp\/v2\/product"}],"about":[{"href":"https:\/\/product-guide.org\/en\/wp-json\/wp\/v2\/types\/product"}],"wp:featuredmedia":[{"embeddable":true,"href":"https:\/\/product-guide.org\/en\/wp-json\/wp\/v2\/media\/59156"}],"wp:attachment":[{"href":"https:\/\/product-guide.org\/en\/wp-json\/wp\/v2\/media?parent=59157"}],"wp:term":[{"taxonomy":"store","embeddable":true,"href":"https:\/\/product-guide.org\/en\/wp-json\/wp\/v2\/store?post=59157"},{"taxonomy":"product_brand","embeddable":true,"href":"https:\/\/product-guide.org\/en\/wp-json\/wp\/v2\/product_brand?post=59157"},{"taxonomy":"product_cat","embeddable":true,"href":"https:\/\/product-guide.org\/en\/wp-json\/wp\/v2\/product_cat?post=59157"},{"taxonomy":"product_tag","embeddable":true,"href":"https:\/\/product-guide.org\/en\/wp-json\/wp\/v2\/product_tag?post=59157"}],"curies":[{"name":"wp","href":"https:\/\/api.w.org\/{rel}","templated":true}]}}