{"id":59163,"date":"2025-03-17T13:37:59","date_gmt":"2025-03-17T12:37:59","guid":{"rendered":"https:\/\/product-guide.org\/produkt\/systemkoffer-bgs-systainer-t-loc-2-inba-arbeitsschutz\/"},"modified":"2025-03-17T13:38:00","modified_gmt":"2025-03-17T12:38:00","slug":"systemkoffer-bgs-systainer-t-loc-2-inba-arbeitsschutz","status":"publish","type":"product","link":"https:\/\/product-guide.org\/en\/produkt\/systemkoffer-bgs-systainer-t-loc-2-inba-arbeitsschutz\/","title":{"rendered":"Systemkoffer BGS systainer T-Loc 2 | inba arbeitsschutz"},"content":{"rendered":"<p>intelligentes Transport- und Lagersystem Einhandbedienung schlie\u00dfen \u00f6ffnen und mit anderen systainern verbinden aus stabilem ABS Kunststoff funktioneller Griff und T-Loc Verschluss dieser Koffer ist Teil eines Mehrkomponentensystems stapelbar Beh\u00e4lter k\u00f6nnen miteinander verbunden und transportiert werden inkl. Schutzpolster im oberen Deckel Innenma\u00df Breite 383 mm H\u00f6he 1275 mm Tiefe 267 mm Spritzwassergesch\u00fctzt Technische Daten Bruttogewicht 1400 g<\/p>\n","protected":false},"excerpt":{"rendered":"<p>intelligentes Transport- und Lagersystem Einhandbedienung schlie\u00dfen \u00f6ffnen und mit anderen systainern verbinden aus stabilem ABS Kunststoff funktioneller Griff und T-Loc Verschluss dieser Koffer ist Teil eines Mehrkomponentensystems stapelbar Beh\u00e4lter k\u00f6nnen miteinander verbunden und transportiert werden inkl. Schutzpolster im oberen Deckel Innenma\u00df Breite 383 mm H\u00f6he 1275 mm Tiefe 267 mm Spritzwassergesch\u00fctzt Technische Daten Bruttogewicht 1400 [&hellip;]<\/p>\n","protected":false},"featured_media":59162,"template":"","meta":{"_gspb_post_css":""},"store":[],"product_brand":[1476],"product_cat":[1290],"product_tag":[],"class_list":{"0":"post-59163","1":"product","2":"type-product","3":"status-publish","4":"has-post-thumbnail","6":"product_brand-inba-arbeitsschutz","7":"product_cat-uncategorized","9":"first","10":"instock","11":"shipping-taxable","12":"purchasable","13":"product-type-simple"},"yoast_head":"<!-- This site is optimized with the Yoast SEO plugin v24.6 - https:\/\/yoast.com\/wordpress\/plugins\/seo\/ -->\n<title>Systemkoffer BGS systainer T-Loc 2 | inba arbeitsschutz | Product-Guide.org<\/title>\n<meta name=\"description\" content=\"Systemkoffer BGS systainer T-Loc 2 | inba arbeitsschutz gefunden von Product-Guide.org\" \/>\n<meta name=\"robots\" content=\"index, follow, max-snippet:-1, max-image-preview:large, max-video-preview:-1\" \/>\n<link rel=\"canonical\" href=\"https:\/\/product-guide.org\/en\/produkt\/systemkoffer-bgs-systainer-t-loc-2-inba-arbeitsschutz\/\" \/>\n<meta property=\"og:locale\" content=\"en_GB\" \/>\n<meta property=\"og:type\" content=\"article\" \/>\n<meta property=\"og:title\" content=\"Systemkoffer BGS systainer T-Loc 2 | inba arbeitsschutz | Product-Guide.org\" \/>\n<meta property=\"og:description\" content=\"Systemkoffer BGS systainer T-Loc 2 | inba arbeitsschutz gefunden von Product-Guide.org\" \/>\n<meta property=\"og:url\" content=\"https:\/\/product-guide.org\/en\/produkt\/systemkoffer-bgs-systainer-t-loc-2-inba-arbeitsschutz\/\" \/>\n<meta property=\"og:site_name\" content=\"Product-Guide.org\" \/>\n<meta property=\"article:modified_time\" content=\"2025-03-17T12:38:00+00:00\" \/>\n<meta name=\"twitter:card\" content=\"summary_large_image\" \/>\n<script type=\"application\/ld+json\" class=\"yoast-schema-graph\">{\"@context\":\"https:\/\/schema.org\",\"@graph\":[{\"@type\":\"WebPage\",\"@id\":\"https:\/\/product-guide.org\/produkt\/systemkoffer-bgs-systainer-t-loc-2-inba-arbeitsschutz\/\",\"url\":\"https:\/\/product-guide.org\/produkt\/systemkoffer-bgs-systainer-t-loc-2-inba-arbeitsschutz\/\",\"name\":\"Systemkoffer BGS systainer T-Loc 2 | inba arbeitsschutz | Product-Guide.org\",\"isPartOf\":{\"@id\":\"https:\/\/product-guide.org\/#website\"},\"primaryImageOfPage\":{\"@id\":\"https:\/\/product-guide.org\/produkt\/systemkoffer-bgs-systainer-t-loc-2-inba-arbeitsschutz\/#primaryimage\"},\"image\":{\"@id\":\"https:\/\/product-guide.org\/produkt\/systemkoffer-bgs-systainer-t-loc-2-inba-arbeitsschutz\/#primaryimage\"},\"thumbnailUrl\":\"https:\/\/product-guide.org\/wp-content\/uploads\/2025\/03\/WZ-BOxSYS2-scaled.jpg\",\"datePublished\":\"2025-03-17T12:37:59+00:00\",\"dateModified\":\"2025-03-17T12:38:00+00:00\",\"description\":\"Systemkoffer BGS systainer T-Loc 2 | inba arbeitsschutz gefunden von Product-Guide.org\",\"breadcrumb\":{\"@id\":\"https:\/\/product-guide.org\/produkt\/systemkoffer-bgs-systainer-t-loc-2-inba-arbeitsschutz\/#breadcrumb\"},\"inLanguage\":\"en-GB\",\"potentialAction\":[{\"@type\":\"ReadAction\",\"target\":[\"https:\/\/product-guide.org\/produkt\/systemkoffer-bgs-systainer-t-loc-2-inba-arbeitsschutz\/\"]}]},{\"@type\":\"ImageObject\",\"inLanguage\":\"en-GB\",\"@id\":\"https:\/\/product-guide.org\/produkt\/systemkoffer-bgs-systainer-t-loc-2-inba-arbeitsschutz\/#primaryimage\",\"url\":\"https:\/\/product-guide.org\/wp-content\/uploads\/2025\/03\/WZ-BOxSYS2-scaled.jpg\",\"contentUrl\":\"https:\/\/product-guide.org\/wp-content\/uploads\/2025\/03\/WZ-BOxSYS2-scaled.jpg\",\"width\":2560,\"height\":2078},{\"@type\":\"BreadcrumbList\",\"@id\":\"https:\/\/product-guide.org\/produkt\/systemkoffer-bgs-systainer-t-loc-2-inba-arbeitsschutz\/#breadcrumb\",\"itemListElement\":[{\"@type\":\"ListItem\",\"position\":1,\"name\":\"Home\",\"item\":\"https:\/\/product-guide.org\/\"},{\"@type\":\"ListItem\",\"position\":2,\"name\":\"Ergebnisse\",\"item\":\"https:\/\/product-guide.org\/de\/ergebnisse\/\"},{\"@type\":\"ListItem\",\"position\":3,\"name\":\"Systemkoffer BGS systainer T-Loc 2 | inba arbeitsschutz\"}]},{\"@type\":\"WebSite\",\"@id\":\"https:\/\/product-guide.org\/#website\",\"url\":\"https:\/\/product-guide.org\/\",\"name\":\"Product-Guide.org\",\"description\":\"What Product are you looking for?\",\"publisher\":{\"@id\":\"https:\/\/product-guide.org\/#organization\"},\"potentialAction\":[{\"@type\":\"SearchAction\",\"target\":{\"@type\":\"EntryPoint\",\"urlTemplate\":\"https:\/\/product-guide.org\/?s={search_term_string}\"},\"query-input\":{\"@type\":\"PropertyValueSpecification\",\"valueRequired\":true,\"valueName\":\"search_term_string\"}}],\"inLanguage\":\"en-GB\"},{\"@type\":\"Organization\",\"@id\":\"https:\/\/product-guide.org\/#organization\",\"name\":\"Product-Guide.org\",\"url\":\"https:\/\/product-guide.org\/\",\"logo\":{\"@type\":\"ImageObject\",\"inLanguage\":\"en-GB\",\"@id\":\"https:\/\/product-guide.org\/#\/schema\/logo\/image\/\",\"url\":\"https:\/\/product-guide.org\/wp-content\/uploads\/2022\/07\/logo_transparent_background.png\",\"contentUrl\":\"https:\/\/product-guide.org\/wp-content\/uploads\/2022\/07\/logo_transparent_background.png\",\"width\":3400,\"height\":1132,\"caption\":\"Product-Guide.org\"},\"image\":{\"@id\":\"https:\/\/product-guide.org\/#\/schema\/logo\/image\/\"}}]}<\/script>\n<!-- \/ Yoast SEO plugin. -->","yoast_head_json":{"title":"Systemkoffer BGS systainer T-Loc 2 | inba arbeitsschutz | Product-Guide.org","description":"Systemkoffer BGS systainer T-Loc 2 | inba arbeitsschutz gefunden von Product-Guide.org","robots":{"index":"index","follow":"follow","max-snippet":"max-snippet:-1","max-image-preview":"max-image-preview:large","max-video-preview":"max-video-preview:-1"},"canonical":"https:\/\/product-guide.org\/en\/produkt\/systemkoffer-bgs-systainer-t-loc-2-inba-arbeitsschutz\/","og_locale":"en_GB","og_type":"article","og_title":"Systemkoffer BGS systainer T-Loc 2 | inba arbeitsschutz | Product-Guide.org","og_description":"Systemkoffer BGS systainer T-Loc 2 | inba arbeitsschutz gefunden von Product-Guide.org","og_url":"https:\/\/product-guide.org\/en\/produkt\/systemkoffer-bgs-systainer-t-loc-2-inba-arbeitsschutz\/","og_site_name":"Product-Guide.org","article_modified_time":"2025-03-17T12:38:00+00:00","twitter_card":"summary_large_image","schema":{"@context":"https:\/\/schema.org","@graph":[{"@type":"WebPage","@id":"https:\/\/product-guide.org\/produkt\/systemkoffer-bgs-systainer-t-loc-2-inba-arbeitsschutz\/","url":"https:\/\/product-guide.org\/produkt\/systemkoffer-bgs-systainer-t-loc-2-inba-arbeitsschutz\/","name":"Systemkoffer BGS systainer T-Loc 2 | inba arbeitsschutz | Product-Guide.org","isPartOf":{"@id":"https:\/\/product-guide.org\/#website"},"primaryImageOfPage":{"@id":"https:\/\/product-guide.org\/produkt\/systemkoffer-bgs-systainer-t-loc-2-inba-arbeitsschutz\/#primaryimage"},"image":{"@id":"https:\/\/product-guide.org\/produkt\/systemkoffer-bgs-systainer-t-loc-2-inba-arbeitsschutz\/#primaryimage"},"thumbnailUrl":"https:\/\/product-guide.org\/wp-content\/uploads\/2025\/03\/WZ-BOxSYS2-scaled.jpg","datePublished":"2025-03-17T12:37:59+00:00","dateModified":"2025-03-17T12:38:00+00:00","description":"Systemkoffer BGS systainer T-Loc 2 | inba arbeitsschutz gefunden von Product-Guide.org","breadcrumb":{"@id":"https:\/\/product-guide.org\/produkt\/systemkoffer-bgs-systainer-t-loc-2-inba-arbeitsschutz\/#breadcrumb"},"inLanguage":"en-GB","potentialAction":[{"@type":"ReadAction","target":["https:\/\/product-guide.org\/produkt\/systemkoffer-bgs-systainer-t-loc-2-inba-arbeitsschutz\/"]}]},{"@type":"ImageObject","inLanguage":"en-GB","@id":"https:\/\/product-guide.org\/produkt\/systemkoffer-bgs-systainer-t-loc-2-inba-arbeitsschutz\/#primaryimage","url":"https:\/\/product-guide.org\/wp-content\/uploads\/2025\/03\/WZ-BOxSYS2-scaled.jpg","contentUrl":"https:\/\/product-guide.org\/wp-content\/uploads\/2025\/03\/WZ-BOxSYS2-scaled.jpg","width":2560,"height":2078},{"@type":"BreadcrumbList","@id":"https:\/\/product-guide.org\/produkt\/systemkoffer-bgs-systainer-t-loc-2-inba-arbeitsschutz\/#breadcrumb","itemListElement":[{"@type":"ListItem","position":1,"name":"Home","item":"https:\/\/product-guide.org\/"},{"@type":"ListItem","position":2,"name":"Ergebnisse","item":"https:\/\/product-guide.org\/de\/ergebnisse\/"},{"@type":"ListItem","position":3,"name":"Systemkoffer BGS systainer T-Loc 2 | inba arbeitsschutz"}]},{"@type":"WebSite","@id":"https:\/\/product-guide.org\/#website","url":"https:\/\/product-guide.org\/","name":"Product-Guide.org","description":"What Product are you looking for?","publisher":{"@id":"https:\/\/product-guide.org\/#organization"},"potentialAction":[{"@type":"SearchAction","target":{"@type":"EntryPoint","urlTemplate":"https:\/\/product-guide.org\/?s={search_term_string}"},"query-input":{"@type":"PropertyValueSpecification","valueRequired":true,"valueName":"search_term_string"}}],"inLanguage":"en-GB"},{"@type":"Organization","@id":"https:\/\/product-guide.org\/#organization","name":"Product-Guide.org","url":"https:\/\/product-guide.org\/","logo":{"@type":"ImageObject","inLanguage":"en-GB","@id":"https:\/\/product-guide.org\/#\/schema\/logo\/image\/","url":"https:\/\/product-guide.org\/wp-content\/uploads\/2022\/07\/logo_transparent_background.png","contentUrl":"https:\/\/product-guide.org\/wp-content\/uploads\/2022\/07\/logo_transparent_background.png","width":3400,"height":1132,"caption":"Product-Guide.org"},"image":{"@id":"https:\/\/product-guide.org\/#\/schema\/logo\/image\/"}}]}},"_links":{"self":[{"href":"https:\/\/product-guide.org\/en\/wp-json\/wp\/v2\/product\/59163","targetHints":{"allow":["GET"]}}],"collection":[{"href":"https:\/\/product-guide.org\/en\/wp-json\/wp\/v2\/product"}],"about":[{"href":"https:\/\/product-guide.org\/en\/wp-json\/wp\/v2\/types\/product"}],"wp:featuredmedia":[{"embeddable":true,"href":"https:\/\/product-guide.org\/en\/wp-json\/wp\/v2\/media\/59162"}],"wp:attachment":[{"href":"https:\/\/product-guide.org\/en\/wp-json\/wp\/v2\/media?parent=59163"}],"wp:term":[{"taxonomy":"store","embeddable":true,"href":"https:\/\/product-guide.org\/en\/wp-json\/wp\/v2\/store?post=59163"},{"taxonomy":"product_brand","embeddable":true,"href":"https:\/\/product-guide.org\/en\/wp-json\/wp\/v2\/product_brand?post=59163"},{"taxonomy":"product_cat","embeddable":true,"href":"https:\/\/product-guide.org\/en\/wp-json\/wp\/v2\/product_cat?post=59163"},{"taxonomy":"product_tag","embeddable":true,"href":"https:\/\/product-guide.org\/en\/wp-json\/wp\/v2\/product_tag?post=59163"}],"curies":[{"name":"wp","href":"https:\/\/api.w.org\/{rel}","templated":true}]}}