{"id":59390,"date":"2025-03-17T13:41:31","date_gmt":"2025-03-17T12:41:31","guid":{"rendered":"https:\/\/product-guide.org\/produkt\/max-factor-max-effect-lip-gloss-lippen-farbe-creme-make-up-vitamin-e-13ml-12-sweet-red-beaute24-de\/"},"modified":"2025-03-17T13:41:31","modified_gmt":"2025-03-17T12:41:31","slug":"max-factor-max-effect-lip-gloss-lippen-farbe-creme-make-up-vitamin-e-13ml-12-sweet-red-beaute24-de","status":"publish","type":"product","link":"https:\/\/product-guide.org\/en\/produkt\/max-factor-max-effect-lip-gloss-lippen-farbe-creme-make-up-vitamin-e-13ml-12-sweet-red-beaute24-de\/","title":{"rendered":"Max Factor Max Effect Lip Gloss Lippen Farbe Creme Make Up Vitamin E 13ml &#8211; 12 Sweet Red | beaute24.de"},"content":{"rendered":"<p>Max Factor Max Effect Lip Gloss Lippen Farbe Creme Make Up Vitamin E 13ml Der Max Factor Max Effect Lip Gloss mit Vitamin E kann Ihre Lippen n\u00e4hren und dank der feuchtigkeitsspendenden Formulierung zus\u00e4tzlich weicher werden lassen. Verleihen Sie Ihren Lippen mit diesem Lipgloss einen wundervollen Glanz mit dezenten Farbt\u00f6nen. Max Factor steht mit seiner \u00fcber 100 j\u00e4hrigen Tradition f\u00fcr innovative Beauty-Produkte wie Base, Grundierung, Concealer , Foundation, Puder, Rouge, Mascara bzw. Wimperntusche, Lidschatten, Augenkonturenstifte, Augenbrauenstifte, Kajalstifte, Eyeliner, Lippenstifte, Lipgloss , und Lippenkonturenstifte, sowie Nagellack.<\/p>\n","protected":false},"excerpt":{"rendered":"<p>Max Factor Max Effect Lip Gloss Lippen Farbe Creme Make Up Vitamin E 13ml Der Max Factor Max Effect Lip Gloss mit Vitamin E kann Ihre Lippen n\u00e4hren und dank der feuchtigkeitsspendenden Formulierung zus\u00e4tzlich weicher werden lassen. Verleihen Sie Ihren Lippen mit diesem Lipgloss einen wundervollen Glanz mit dezenten Farbt\u00f6nen. Max Factor steht mit seiner [&hellip;]<\/p>\n","protected":false},"featured_media":59389,"template":"","meta":{"_gspb_post_css":""},"store":[],"product_brand":[1480],"product_cat":[1290],"product_tag":[],"class_list":{"0":"post-59390","1":"product","2":"type-product","3":"status-publish","4":"has-post-thumbnail","6":"product_brand-demon-tweeks","7":"product_cat-uncategorized","9":"first","10":"instock","11":"shipping-taxable","12":"purchasable","13":"product-type-simple"},"yoast_head":"<!-- This site is optimized with the Yoast SEO plugin v24.6 - https:\/\/yoast.com\/wordpress\/plugins\/seo\/ -->\n<title>Max Factor Max Effect Lip Gloss Lippen Farbe Creme Make Up Vitamin E 13ml - 12 Sweet Red | beaute24.de | Product-Guide.org<\/title>\n<meta name=\"description\" content=\"Max Factor Max Effect Lip Gloss Lippen Farbe Creme Make Up Vitamin E 13ml - 12 Sweet Red | beaute24.de gefunden von Product-Guide.org\" \/>\n<meta name=\"robots\" content=\"index, follow, max-snippet:-1, max-image-preview:large, max-video-preview:-1\" \/>\n<link rel=\"canonical\" href=\"https:\/\/product-guide.org\/en\/produkt\/max-factor-max-effect-lip-gloss-lippen-farbe-creme-make-up-vitamin-e-13ml-12-sweet-red-beaute24-de\/\" \/>\n<meta property=\"og:locale\" content=\"en_GB\" \/>\n<meta property=\"og:type\" content=\"article\" \/>\n<meta property=\"og:title\" content=\"Max Factor Max Effect Lip Gloss Lippen Farbe Creme Make Up Vitamin E 13ml - 12 Sweet Red | beaute24.de | Product-Guide.org\" \/>\n<meta property=\"og:description\" content=\"Max Factor Max Effect Lip Gloss Lippen Farbe Creme Make Up Vitamin E 13ml - 12 Sweet Red | beaute24.de gefunden von Product-Guide.org\" \/>\n<meta property=\"og:url\" content=\"https:\/\/product-guide.org\/en\/produkt\/max-factor-max-effect-lip-gloss-lippen-farbe-creme-make-up-vitamin-e-13ml-12-sweet-red-beaute24-de\/\" \/>\n<meta property=\"og:site_name\" content=\"Product-Guide.org\" \/>\n<meta name=\"twitter:card\" content=\"summary_large_image\" \/>\n<script type=\"application\/ld+json\" class=\"yoast-schema-graph\">{\"@context\":\"https:\/\/schema.org\",\"@graph\":[{\"@type\":\"WebPage\",\"@id\":\"https:\/\/product-guide.org\/produkt\/max-factor-max-effect-lip-gloss-lippen-farbe-creme-make-up-vitamin-e-13ml-12-sweet-red-beaute24-de\/\",\"url\":\"https:\/\/product-guide.org\/produkt\/max-factor-max-effect-lip-gloss-lippen-farbe-creme-make-up-vitamin-e-13ml-12-sweet-red-beaute24-de\/\",\"name\":\"Max Factor Max Effect Lip Gloss Lippen Farbe Creme Make Up Vitamin E 13ml - 12 Sweet Red | beaute24.de | Product-Guide.org\",\"isPartOf\":{\"@id\":\"https:\/\/product-guide.org\/#website\"},\"primaryImageOfPage\":{\"@id\":\"https:\/\/product-guide.org\/produkt\/max-factor-max-effect-lip-gloss-lippen-farbe-creme-make-up-vitamin-e-13ml-12-sweet-red-beaute24-de\/#primaryimage\"},\"image\":{\"@id\":\"https:\/\/product-guide.org\/produkt\/max-factor-max-effect-lip-gloss-lippen-farbe-creme-make-up-vitamin-e-13ml-12-sweet-red-beaute24-de\/#primaryimage\"},\"thumbnailUrl\":\"https:\/\/product-guide.org\/wp-content\/uploads\/2025\/03\/Max-Factor-Max-Effect-Lip-Gloss_3.jpg\",\"datePublished\":\"2025-03-17T12:41:31+00:00\",\"description\":\"Max Factor Max Effect Lip Gloss Lippen Farbe Creme Make Up Vitamin E 13ml - 12 Sweet Red | beaute24.de gefunden von Product-Guide.org\",\"breadcrumb\":{\"@id\":\"https:\/\/product-guide.org\/produkt\/max-factor-max-effect-lip-gloss-lippen-farbe-creme-make-up-vitamin-e-13ml-12-sweet-red-beaute24-de\/#breadcrumb\"},\"inLanguage\":\"en-GB\",\"potentialAction\":[{\"@type\":\"ReadAction\",\"target\":[\"https:\/\/product-guide.org\/produkt\/max-factor-max-effect-lip-gloss-lippen-farbe-creme-make-up-vitamin-e-13ml-12-sweet-red-beaute24-de\/\"]}]},{\"@type\":\"ImageObject\",\"inLanguage\":\"en-GB\",\"@id\":\"https:\/\/product-guide.org\/produkt\/max-factor-max-effect-lip-gloss-lippen-farbe-creme-make-up-vitamin-e-13ml-12-sweet-red-beaute24-de\/#primaryimage\",\"url\":\"https:\/\/product-guide.org\/wp-content\/uploads\/2025\/03\/Max-Factor-Max-Effect-Lip-Gloss_3.jpg\",\"contentUrl\":\"https:\/\/product-guide.org\/wp-content\/uploads\/2025\/03\/Max-Factor-Max-Effect-Lip-Gloss_3.jpg\",\"width\":1250,\"height\":1250},{\"@type\":\"BreadcrumbList\",\"@id\":\"https:\/\/product-guide.org\/produkt\/max-factor-max-effect-lip-gloss-lippen-farbe-creme-make-up-vitamin-e-13ml-12-sweet-red-beaute24-de\/#breadcrumb\",\"itemListElement\":[{\"@type\":\"ListItem\",\"position\":1,\"name\":\"Home\",\"item\":\"https:\/\/product-guide.org\/\"},{\"@type\":\"ListItem\",\"position\":2,\"name\":\"Ergebnisse\",\"item\":\"https:\/\/product-guide.org\/de\/ergebnisse\/\"},{\"@type\":\"ListItem\",\"position\":3,\"name\":\"Max Factor Max Effect Lip Gloss Lippen Farbe Creme Make Up Vitamin E 13ml &#8211; 12 Sweet Red | beaute24.de\"}]},{\"@type\":\"WebSite\",\"@id\":\"https:\/\/product-guide.org\/#website\",\"url\":\"https:\/\/product-guide.org\/\",\"name\":\"Product-Guide.org\",\"description\":\"What Product are you looking for?\",\"publisher\":{\"@id\":\"https:\/\/product-guide.org\/#organization\"},\"potentialAction\":[{\"@type\":\"SearchAction\",\"target\":{\"@type\":\"EntryPoint\",\"urlTemplate\":\"https:\/\/product-guide.org\/?s={search_term_string}\"},\"query-input\":{\"@type\":\"PropertyValueSpecification\",\"valueRequired\":true,\"valueName\":\"search_term_string\"}}],\"inLanguage\":\"en-GB\"},{\"@type\":\"Organization\",\"@id\":\"https:\/\/product-guide.org\/#organization\",\"name\":\"Product-Guide.org\",\"url\":\"https:\/\/product-guide.org\/\",\"logo\":{\"@type\":\"ImageObject\",\"inLanguage\":\"en-GB\",\"@id\":\"https:\/\/product-guide.org\/#\/schema\/logo\/image\/\",\"url\":\"https:\/\/product-guide.org\/wp-content\/uploads\/2022\/07\/logo_transparent_background.png\",\"contentUrl\":\"https:\/\/product-guide.org\/wp-content\/uploads\/2022\/07\/logo_transparent_background.png\",\"width\":3400,\"height\":1132,\"caption\":\"Product-Guide.org\"},\"image\":{\"@id\":\"https:\/\/product-guide.org\/#\/schema\/logo\/image\/\"}}]}<\/script>\n<!-- \/ Yoast SEO plugin. -->","yoast_head_json":{"title":"Max Factor Max Effect Lip Gloss Lippen Farbe Creme Make Up Vitamin E 13ml - 12 Sweet Red | beaute24.de | Product-Guide.org","description":"Max Factor Max Effect Lip Gloss Lippen Farbe Creme Make Up Vitamin E 13ml - 12 Sweet Red | beaute24.de gefunden von Product-Guide.org","robots":{"index":"index","follow":"follow","max-snippet":"max-snippet:-1","max-image-preview":"max-image-preview:large","max-video-preview":"max-video-preview:-1"},"canonical":"https:\/\/product-guide.org\/en\/produkt\/max-factor-max-effect-lip-gloss-lippen-farbe-creme-make-up-vitamin-e-13ml-12-sweet-red-beaute24-de\/","og_locale":"en_GB","og_type":"article","og_title":"Max Factor Max Effect Lip Gloss Lippen Farbe Creme Make Up Vitamin E 13ml - 12 Sweet Red | beaute24.de | Product-Guide.org","og_description":"Max Factor Max Effect Lip Gloss Lippen Farbe Creme Make Up Vitamin E 13ml - 12 Sweet Red | beaute24.de gefunden von Product-Guide.org","og_url":"https:\/\/product-guide.org\/en\/produkt\/max-factor-max-effect-lip-gloss-lippen-farbe-creme-make-up-vitamin-e-13ml-12-sweet-red-beaute24-de\/","og_site_name":"Product-Guide.org","twitter_card":"summary_large_image","schema":{"@context":"https:\/\/schema.org","@graph":[{"@type":"WebPage","@id":"https:\/\/product-guide.org\/produkt\/max-factor-max-effect-lip-gloss-lippen-farbe-creme-make-up-vitamin-e-13ml-12-sweet-red-beaute24-de\/","url":"https:\/\/product-guide.org\/produkt\/max-factor-max-effect-lip-gloss-lippen-farbe-creme-make-up-vitamin-e-13ml-12-sweet-red-beaute24-de\/","name":"Max Factor Max Effect Lip Gloss Lippen Farbe Creme Make Up Vitamin E 13ml - 12 Sweet Red | beaute24.de | Product-Guide.org","isPartOf":{"@id":"https:\/\/product-guide.org\/#website"},"primaryImageOfPage":{"@id":"https:\/\/product-guide.org\/produkt\/max-factor-max-effect-lip-gloss-lippen-farbe-creme-make-up-vitamin-e-13ml-12-sweet-red-beaute24-de\/#primaryimage"},"image":{"@id":"https:\/\/product-guide.org\/produkt\/max-factor-max-effect-lip-gloss-lippen-farbe-creme-make-up-vitamin-e-13ml-12-sweet-red-beaute24-de\/#primaryimage"},"thumbnailUrl":"https:\/\/product-guide.org\/wp-content\/uploads\/2025\/03\/Max-Factor-Max-Effect-Lip-Gloss_3.jpg","datePublished":"2025-03-17T12:41:31+00:00","description":"Max Factor Max Effect Lip Gloss Lippen Farbe Creme Make Up Vitamin E 13ml - 12 Sweet Red | beaute24.de gefunden von Product-Guide.org","breadcrumb":{"@id":"https:\/\/product-guide.org\/produkt\/max-factor-max-effect-lip-gloss-lippen-farbe-creme-make-up-vitamin-e-13ml-12-sweet-red-beaute24-de\/#breadcrumb"},"inLanguage":"en-GB","potentialAction":[{"@type":"ReadAction","target":["https:\/\/product-guide.org\/produkt\/max-factor-max-effect-lip-gloss-lippen-farbe-creme-make-up-vitamin-e-13ml-12-sweet-red-beaute24-de\/"]}]},{"@type":"ImageObject","inLanguage":"en-GB","@id":"https:\/\/product-guide.org\/produkt\/max-factor-max-effect-lip-gloss-lippen-farbe-creme-make-up-vitamin-e-13ml-12-sweet-red-beaute24-de\/#primaryimage","url":"https:\/\/product-guide.org\/wp-content\/uploads\/2025\/03\/Max-Factor-Max-Effect-Lip-Gloss_3.jpg","contentUrl":"https:\/\/product-guide.org\/wp-content\/uploads\/2025\/03\/Max-Factor-Max-Effect-Lip-Gloss_3.jpg","width":1250,"height":1250},{"@type":"BreadcrumbList","@id":"https:\/\/product-guide.org\/produkt\/max-factor-max-effect-lip-gloss-lippen-farbe-creme-make-up-vitamin-e-13ml-12-sweet-red-beaute24-de\/#breadcrumb","itemListElement":[{"@type":"ListItem","position":1,"name":"Home","item":"https:\/\/product-guide.org\/"},{"@type":"ListItem","position":2,"name":"Ergebnisse","item":"https:\/\/product-guide.org\/de\/ergebnisse\/"},{"@type":"ListItem","position":3,"name":"Max Factor Max Effect Lip Gloss Lippen Farbe Creme Make Up Vitamin E 13ml &#8211; 12 Sweet Red | beaute24.de"}]},{"@type":"WebSite","@id":"https:\/\/product-guide.org\/#website","url":"https:\/\/product-guide.org\/","name":"Product-Guide.org","description":"What Product are you looking for?","publisher":{"@id":"https:\/\/product-guide.org\/#organization"},"potentialAction":[{"@type":"SearchAction","target":{"@type":"EntryPoint","urlTemplate":"https:\/\/product-guide.org\/?s={search_term_string}"},"query-input":{"@type":"PropertyValueSpecification","valueRequired":true,"valueName":"search_term_string"}}],"inLanguage":"en-GB"},{"@type":"Organization","@id":"https:\/\/product-guide.org\/#organization","name":"Product-Guide.org","url":"https:\/\/product-guide.org\/","logo":{"@type":"ImageObject","inLanguage":"en-GB","@id":"https:\/\/product-guide.org\/#\/schema\/logo\/image\/","url":"https:\/\/product-guide.org\/wp-content\/uploads\/2022\/07\/logo_transparent_background.png","contentUrl":"https:\/\/product-guide.org\/wp-content\/uploads\/2022\/07\/logo_transparent_background.png","width":3400,"height":1132,"caption":"Product-Guide.org"},"image":{"@id":"https:\/\/product-guide.org\/#\/schema\/logo\/image\/"}}]}},"_links":{"self":[{"href":"https:\/\/product-guide.org\/en\/wp-json\/wp\/v2\/product\/59390","targetHints":{"allow":["GET"]}}],"collection":[{"href":"https:\/\/product-guide.org\/en\/wp-json\/wp\/v2\/product"}],"about":[{"href":"https:\/\/product-guide.org\/en\/wp-json\/wp\/v2\/types\/product"}],"wp:featuredmedia":[{"embeddable":true,"href":"https:\/\/product-guide.org\/en\/wp-json\/wp\/v2\/media\/59389"}],"wp:attachment":[{"href":"https:\/\/product-guide.org\/en\/wp-json\/wp\/v2\/media?parent=59390"}],"wp:term":[{"taxonomy":"store","embeddable":true,"href":"https:\/\/product-guide.org\/en\/wp-json\/wp\/v2\/store?post=59390"},{"taxonomy":"product_brand","embeddable":true,"href":"https:\/\/product-guide.org\/en\/wp-json\/wp\/v2\/product_brand?post=59390"},{"taxonomy":"product_cat","embeddable":true,"href":"https:\/\/product-guide.org\/en\/wp-json\/wp\/v2\/product_cat?post=59390"},{"taxonomy":"product_tag","embeddable":true,"href":"https:\/\/product-guide.org\/en\/wp-json\/wp\/v2\/product_tag?post=59390"}],"curies":[{"name":"wp","href":"https:\/\/api.w.org\/{rel}","templated":true}]}}