{"id":59400,"date":"2025-03-17T13:41:42","date_gmt":"2025-03-17T12:41:42","guid":{"rendered":"https:\/\/product-guide.org\/produkt\/pupa-iridescent-pigment-loose-powder-eyeshadow-003-green-lidschatten-puder-4g-beaute24-de\/"},"modified":"2025-03-17T13:41:43","modified_gmt":"2025-03-17T12:41:43","slug":"pupa-iridescent-pigment-loose-powder-eyeshadow-003-green-lidschatten-puder-4g-beaute24-de","status":"publish","type":"product","link":"https:\/\/product-guide.org\/en\/produkt\/pupa-iridescent-pigment-loose-powder-eyeshadow-003-green-lidschatten-puder-4g-beaute24-de\/","title":{"rendered":"Pupa Iridescent Pigment Loose Powder Eyeshadow 003 green Lidschatten Puder 4g | beaute24.de"},"content":{"rendered":"<p>Pupa Iridescent Pigment Loose Powder Eyeshadow 003 green Lidschatten Puder 4g Der Pupa Iridescent Pigment Loose Powder Eyeshadow gibt Ihnen die volle Kontrolle \u00fcber Ihren Lidschatten. Das lose Puder l\u00e4sst sich nach belieben auf den Augenlidern auftragen und sorgt f\u00fcr intensive, schillernde Farben. Die italienische Marke Pupa wurde bereits 1976 als Teil der Micys Company SpA in Mailand gegr\u00fcndet. Sie steht f\u00fcr qualitativ sehr hochstehende Produkte, die der Hautpflege von Gesicht und K\u00f6rper sowie der kosmetischen Versch\u00f6nerung durch Make-up dienen. Zu der umfangreichen Produktpalette geh\u00f6ren neben diversen Hautpflege-Serien f\u00fcr Gesicht und K\u00f6rper, auch Sonnen- und After-Sport-Pflegeprodukte sowie hochwertiges Make-up. \u00dcberdies geh\u00f6ren spezielle Pflegemittel f\u00fcr das Home SPA sowie Reshaping und Anti-Celullite Produkt-Ranges zum Repertoire der milanesischen Marke. Pupa greift auf innovative, hochwirksame Inhaltsstoffe und Pflege-Formeln zur\u00fcck, welche die Gesichts- und K\u00f6rperpflege-Produkte sowie das umfangreiche Make-up-Sortiment zu etwas Besonderem machen Die hochwertigen Gesichts- und K\u00f6rperpflege-Produkte von Pupa sind in umfangreiche Linien wie Moisture und Nourishment, Cleansing, Anti-Age, Mattifying, Brightening und Detoxifying f\u00fcr das Gesicht unterteilt. Insbesondere der Hydration der Haut wird viel Beachtung geschenkt und durch die 24 Stunden anwendbare Feuchtigkeitscreme Pupa Hydra Revolution Silky Cream, welche f\u00fcr normale und trockene Haut geeignet ist, Rechnung getragen. Auch die Pflegemittel f\u00fcr den K\u00f6rper sind in spezielle Reihen wie Toning, Anti-Cellulite, Exfoliating oder Volumizing und Reshaping gegliedert. Zu den beiden letzteren geh\u00f6rt die Pupa Breast Enhancer Firming Cream, die mit ihren die Hautfettschicht der Brust auff\u00fcllenden und straffenden Inhaltsstoffen die weibliche Brust vergr\u00f6\u00dfern und formen soll. Spezielle After-Sport-Pflege geh\u00f6rt zu den innovativen Besonderheiten der Marke Pupa. So k\u00fchlt und regeneriert das Pupa Milano Sport Addicted Body Care Refreshing &#038; Toning Cryo-Gel den von der k\u00f6rperlichen Bet\u00e4tigung erm\u00fcdeten K\u00f6rper und schenkt ihm neue Frische. Sportlich gest\u00e4hlte K\u00f6rper werden durch intensive Sonnenbr\u00e4une besonders gut in Szene gesetzt. Daf\u00fcr sorgt der Pupa Super Tan Activator 3-in-1, der die Br\u00e4unung von Gesicht und K\u00f6rper anregt, beschleunigt und verl\u00e4ngert. Einen gebr\u00e4unten Teint betont die Pupa Golden Cream Highlightening Body Cream, welche frisch erworbene Sonnenbr\u00e4une gleichm\u00e4\u00dfiger erscheinen l\u00e4sst. Neben der Gesichts- und K\u00f6rperpflege nimmt dekoratives Make-up f\u00fcr den Teint, Augen und Lippen einen hohen Stellenwert bei Pupa ein. So bereitet die gut vertr\u00e4gliche und leicht deckende Pupa BB Cream + Primer die Haut f\u00fcr das perfekte Auftragen von Foundation und Puder vor. Auch ohne Make-up-Unterlage hat die Pupa Antitraccia Foundation eine hohe Deckkraft und n\u00e4hrt die Haut durch ihre reichhaltige Formel. Samtig und matt wird der Teint durch den Pupa Luminys Baked Face Powder, der gl\u00e4nzende Stellen optimal mattiert. Einen verf\u00fchrerischen Augenaufschlag betont die tiefschwarze Pupa Mascara Vamp Extreme, die sich bequem auftragen l\u00e4sst und lange h\u00e4lt. Sch\u00f6ne Lippen werden durch den Pupa Miss Pupa Lipstick mit Kristalleffekt oder das Pupa Miss Pupa Gloss mit 3D-Effekt gekonnt betont. Dies und noch mehr attraktive Sch\u00f6nheitsprodukte der Marke Pupa finden Sie hier in unserem Shop.<\/p>\n","protected":false},"excerpt":{"rendered":"<p>Pupa Iridescent Pigment Loose Powder Eyeshadow 003 green Lidschatten Puder 4g Der Pupa Iridescent Pigment Loose Powder Eyeshadow gibt Ihnen die volle Kontrolle \u00fcber Ihren Lidschatten. Das lose Puder l\u00e4sst sich nach belieben auf den Augenlidern auftragen und sorgt f\u00fcr intensive, schillernde Farben. Die italienische Marke Pupa wurde bereits 1976 als Teil der Micys Company [&hellip;]<\/p>\n","protected":false},"featured_media":59399,"template":"","meta":{"_gspb_post_css":""},"store":[],"product_brand":[1480],"product_cat":[1290],"product_tag":[],"class_list":{"0":"post-59400","1":"product","2":"type-product","3":"status-publish","4":"has-post-thumbnail","6":"product_brand-demon-tweeks","7":"product_cat-uncategorized","9":"first","10":"instock","11":"shipping-taxable","12":"purchasable","13":"product-type-simple"},"yoast_head":"<!-- This site is optimized with the Yoast SEO plugin v24.6 - https:\/\/yoast.com\/wordpress\/plugins\/seo\/ -->\n<title>Pupa Iridescent Pigment Loose Powder Eyeshadow 003 green Lidschatten Puder 4g | beaute24.de | Product-Guide.org<\/title>\n<meta name=\"description\" content=\"Pupa Iridescent Pigment Loose Powder Eyeshadow 003 green Lidschatten Puder 4g | beaute24.de gefunden von Product-Guide.org\" \/>\n<meta name=\"robots\" content=\"index, follow, max-snippet:-1, max-image-preview:large, max-video-preview:-1\" \/>\n<link rel=\"canonical\" href=\"https:\/\/product-guide.org\/en\/produkt\/pupa-iridescent-pigment-loose-powder-eyeshadow-003-green-lidschatten-puder-4g-beaute24-de\/\" \/>\n<meta property=\"og:locale\" content=\"en_GB\" \/>\n<meta property=\"og:type\" content=\"article\" \/>\n<meta property=\"og:title\" content=\"Pupa Iridescent Pigment Loose Powder Eyeshadow 003 green Lidschatten Puder 4g | beaute24.de | Product-Guide.org\" \/>\n<meta property=\"og:description\" content=\"Pupa Iridescent Pigment Loose Powder Eyeshadow 003 green Lidschatten Puder 4g | beaute24.de gefunden von Product-Guide.org\" \/>\n<meta property=\"og:url\" content=\"https:\/\/product-guide.org\/en\/produkt\/pupa-iridescent-pigment-loose-powder-eyeshadow-003-green-lidschatten-puder-4g-beaute24-de\/\" \/>\n<meta property=\"og:site_name\" content=\"Product-Guide.org\" \/>\n<meta property=\"article:modified_time\" content=\"2025-03-17T12:41:43+00:00\" \/>\n<meta name=\"twitter:card\" content=\"summary_large_image\" \/>\n<script type=\"application\/ld+json\" class=\"yoast-schema-graph\">{\"@context\":\"https:\/\/schema.org\",\"@graph\":[{\"@type\":\"WebPage\",\"@id\":\"https:\/\/product-guide.org\/produkt\/pupa-iridescent-pigment-loose-powder-eyeshadow-003-green-lidschatten-puder-4g-beaute24-de\/\",\"url\":\"https:\/\/product-guide.org\/produkt\/pupa-iridescent-pigment-loose-powder-eyeshadow-003-green-lidschatten-puder-4g-beaute24-de\/\",\"name\":\"Pupa Iridescent Pigment Loose Powder Eyeshadow 003 green Lidschatten Puder 4g | beaute24.de | Product-Guide.org\",\"isPartOf\":{\"@id\":\"https:\/\/product-guide.org\/#website\"},\"primaryImageOfPage\":{\"@id\":\"https:\/\/product-guide.org\/produkt\/pupa-iridescent-pigment-loose-powder-eyeshadow-003-green-lidschatten-puder-4g-beaute24-de\/#primaryimage\"},\"image\":{\"@id\":\"https:\/\/product-guide.org\/produkt\/pupa-iridescent-pigment-loose-powder-eyeshadow-003-green-lidschatten-puder-4g-beaute24-de\/#primaryimage\"},\"thumbnailUrl\":\"https:\/\/product-guide.org\/wp-content\/uploads\/2025\/03\/Pupa-Iridescent-Pigment-Loose-Powder-Eyeshadow-003-green-1.jpg\",\"datePublished\":\"2025-03-17T12:41:42+00:00\",\"dateModified\":\"2025-03-17T12:41:43+00:00\",\"description\":\"Pupa Iridescent Pigment Loose Powder Eyeshadow 003 green Lidschatten Puder 4g | beaute24.de gefunden von Product-Guide.org\",\"breadcrumb\":{\"@id\":\"https:\/\/product-guide.org\/produkt\/pupa-iridescent-pigment-loose-powder-eyeshadow-003-green-lidschatten-puder-4g-beaute24-de\/#breadcrumb\"},\"inLanguage\":\"en-GB\",\"potentialAction\":[{\"@type\":\"ReadAction\",\"target\":[\"https:\/\/product-guide.org\/produkt\/pupa-iridescent-pigment-loose-powder-eyeshadow-003-green-lidschatten-puder-4g-beaute24-de\/\"]}]},{\"@type\":\"ImageObject\",\"inLanguage\":\"en-GB\",\"@id\":\"https:\/\/product-guide.org\/produkt\/pupa-iridescent-pigment-loose-powder-eyeshadow-003-green-lidschatten-puder-4g-beaute24-de\/#primaryimage\",\"url\":\"https:\/\/product-guide.org\/wp-content\/uploads\/2025\/03\/Pupa-Iridescent-Pigment-Loose-Powder-Eyeshadow-003-green-1.jpg\",\"contentUrl\":\"https:\/\/product-guide.org\/wp-content\/uploads\/2025\/03\/Pupa-Iridescent-Pigment-Loose-Powder-Eyeshadow-003-green-1.jpg\",\"width\":1250,\"height\":1250},{\"@type\":\"BreadcrumbList\",\"@id\":\"https:\/\/product-guide.org\/produkt\/pupa-iridescent-pigment-loose-powder-eyeshadow-003-green-lidschatten-puder-4g-beaute24-de\/#breadcrumb\",\"itemListElement\":[{\"@type\":\"ListItem\",\"position\":1,\"name\":\"Home\",\"item\":\"https:\/\/product-guide.org\/\"},{\"@type\":\"ListItem\",\"position\":2,\"name\":\"Ergebnisse\",\"item\":\"https:\/\/product-guide.org\/de\/ergebnisse\/\"},{\"@type\":\"ListItem\",\"position\":3,\"name\":\"Pupa Iridescent Pigment Loose Powder Eyeshadow 003 green Lidschatten Puder 4g | beaute24.de\"}]},{\"@type\":\"WebSite\",\"@id\":\"https:\/\/product-guide.org\/#website\",\"url\":\"https:\/\/product-guide.org\/\",\"name\":\"Product-Guide.org\",\"description\":\"What Product are you looking for?\",\"publisher\":{\"@id\":\"https:\/\/product-guide.org\/#organization\"},\"potentialAction\":[{\"@type\":\"SearchAction\",\"target\":{\"@type\":\"EntryPoint\",\"urlTemplate\":\"https:\/\/product-guide.org\/?s={search_term_string}\"},\"query-input\":{\"@type\":\"PropertyValueSpecification\",\"valueRequired\":true,\"valueName\":\"search_term_string\"}}],\"inLanguage\":\"en-GB\"},{\"@type\":\"Organization\",\"@id\":\"https:\/\/product-guide.org\/#organization\",\"name\":\"Product-Guide.org\",\"url\":\"https:\/\/product-guide.org\/\",\"logo\":{\"@type\":\"ImageObject\",\"inLanguage\":\"en-GB\",\"@id\":\"https:\/\/product-guide.org\/#\/schema\/logo\/image\/\",\"url\":\"https:\/\/product-guide.org\/wp-content\/uploads\/2022\/07\/logo_transparent_background.png\",\"contentUrl\":\"https:\/\/product-guide.org\/wp-content\/uploads\/2022\/07\/logo_transparent_background.png\",\"width\":3400,\"height\":1132,\"caption\":\"Product-Guide.org\"},\"image\":{\"@id\":\"https:\/\/product-guide.org\/#\/schema\/logo\/image\/\"}}]}<\/script>\n<!-- \/ Yoast SEO plugin. -->","yoast_head_json":{"title":"Pupa Iridescent Pigment Loose Powder Eyeshadow 003 green Lidschatten Puder 4g | beaute24.de | Product-Guide.org","description":"Pupa Iridescent Pigment Loose Powder Eyeshadow 003 green Lidschatten Puder 4g | beaute24.de gefunden von Product-Guide.org","robots":{"index":"index","follow":"follow","max-snippet":"max-snippet:-1","max-image-preview":"max-image-preview:large","max-video-preview":"max-video-preview:-1"},"canonical":"https:\/\/product-guide.org\/en\/produkt\/pupa-iridescent-pigment-loose-powder-eyeshadow-003-green-lidschatten-puder-4g-beaute24-de\/","og_locale":"en_GB","og_type":"article","og_title":"Pupa Iridescent Pigment Loose Powder Eyeshadow 003 green Lidschatten Puder 4g | beaute24.de | Product-Guide.org","og_description":"Pupa Iridescent Pigment Loose Powder Eyeshadow 003 green Lidschatten Puder 4g | beaute24.de gefunden von Product-Guide.org","og_url":"https:\/\/product-guide.org\/en\/produkt\/pupa-iridescent-pigment-loose-powder-eyeshadow-003-green-lidschatten-puder-4g-beaute24-de\/","og_site_name":"Product-Guide.org","article_modified_time":"2025-03-17T12:41:43+00:00","twitter_card":"summary_large_image","schema":{"@context":"https:\/\/schema.org","@graph":[{"@type":"WebPage","@id":"https:\/\/product-guide.org\/produkt\/pupa-iridescent-pigment-loose-powder-eyeshadow-003-green-lidschatten-puder-4g-beaute24-de\/","url":"https:\/\/product-guide.org\/produkt\/pupa-iridescent-pigment-loose-powder-eyeshadow-003-green-lidschatten-puder-4g-beaute24-de\/","name":"Pupa Iridescent Pigment Loose Powder Eyeshadow 003 green Lidschatten Puder 4g | beaute24.de | Product-Guide.org","isPartOf":{"@id":"https:\/\/product-guide.org\/#website"},"primaryImageOfPage":{"@id":"https:\/\/product-guide.org\/produkt\/pupa-iridescent-pigment-loose-powder-eyeshadow-003-green-lidschatten-puder-4g-beaute24-de\/#primaryimage"},"image":{"@id":"https:\/\/product-guide.org\/produkt\/pupa-iridescent-pigment-loose-powder-eyeshadow-003-green-lidschatten-puder-4g-beaute24-de\/#primaryimage"},"thumbnailUrl":"https:\/\/product-guide.org\/wp-content\/uploads\/2025\/03\/Pupa-Iridescent-Pigment-Loose-Powder-Eyeshadow-003-green-1.jpg","datePublished":"2025-03-17T12:41:42+00:00","dateModified":"2025-03-17T12:41:43+00:00","description":"Pupa Iridescent Pigment Loose Powder Eyeshadow 003 green Lidschatten Puder 4g | beaute24.de gefunden von Product-Guide.org","breadcrumb":{"@id":"https:\/\/product-guide.org\/produkt\/pupa-iridescent-pigment-loose-powder-eyeshadow-003-green-lidschatten-puder-4g-beaute24-de\/#breadcrumb"},"inLanguage":"en-GB","potentialAction":[{"@type":"ReadAction","target":["https:\/\/product-guide.org\/produkt\/pupa-iridescent-pigment-loose-powder-eyeshadow-003-green-lidschatten-puder-4g-beaute24-de\/"]}]},{"@type":"ImageObject","inLanguage":"en-GB","@id":"https:\/\/product-guide.org\/produkt\/pupa-iridescent-pigment-loose-powder-eyeshadow-003-green-lidschatten-puder-4g-beaute24-de\/#primaryimage","url":"https:\/\/product-guide.org\/wp-content\/uploads\/2025\/03\/Pupa-Iridescent-Pigment-Loose-Powder-Eyeshadow-003-green-1.jpg","contentUrl":"https:\/\/product-guide.org\/wp-content\/uploads\/2025\/03\/Pupa-Iridescent-Pigment-Loose-Powder-Eyeshadow-003-green-1.jpg","width":1250,"height":1250},{"@type":"BreadcrumbList","@id":"https:\/\/product-guide.org\/produkt\/pupa-iridescent-pigment-loose-powder-eyeshadow-003-green-lidschatten-puder-4g-beaute24-de\/#breadcrumb","itemListElement":[{"@type":"ListItem","position":1,"name":"Home","item":"https:\/\/product-guide.org\/"},{"@type":"ListItem","position":2,"name":"Ergebnisse","item":"https:\/\/product-guide.org\/de\/ergebnisse\/"},{"@type":"ListItem","position":3,"name":"Pupa Iridescent Pigment Loose Powder Eyeshadow 003 green Lidschatten Puder 4g | beaute24.de"}]},{"@type":"WebSite","@id":"https:\/\/product-guide.org\/#website","url":"https:\/\/product-guide.org\/","name":"Product-Guide.org","description":"What Product are you looking for?","publisher":{"@id":"https:\/\/product-guide.org\/#organization"},"potentialAction":[{"@type":"SearchAction","target":{"@type":"EntryPoint","urlTemplate":"https:\/\/product-guide.org\/?s={search_term_string}"},"query-input":{"@type":"PropertyValueSpecification","valueRequired":true,"valueName":"search_term_string"}}],"inLanguage":"en-GB"},{"@type":"Organization","@id":"https:\/\/product-guide.org\/#organization","name":"Product-Guide.org","url":"https:\/\/product-guide.org\/","logo":{"@type":"ImageObject","inLanguage":"en-GB","@id":"https:\/\/product-guide.org\/#\/schema\/logo\/image\/","url":"https:\/\/product-guide.org\/wp-content\/uploads\/2022\/07\/logo_transparent_background.png","contentUrl":"https:\/\/product-guide.org\/wp-content\/uploads\/2022\/07\/logo_transparent_background.png","width":3400,"height":1132,"caption":"Product-Guide.org"},"image":{"@id":"https:\/\/product-guide.org\/#\/schema\/logo\/image\/"}}]}},"_links":{"self":[{"href":"https:\/\/product-guide.org\/en\/wp-json\/wp\/v2\/product\/59400","targetHints":{"allow":["GET"]}}],"collection":[{"href":"https:\/\/product-guide.org\/en\/wp-json\/wp\/v2\/product"}],"about":[{"href":"https:\/\/product-guide.org\/en\/wp-json\/wp\/v2\/types\/product"}],"wp:featuredmedia":[{"embeddable":true,"href":"https:\/\/product-guide.org\/en\/wp-json\/wp\/v2\/media\/59399"}],"wp:attachment":[{"href":"https:\/\/product-guide.org\/en\/wp-json\/wp\/v2\/media?parent=59400"}],"wp:term":[{"taxonomy":"store","embeddable":true,"href":"https:\/\/product-guide.org\/en\/wp-json\/wp\/v2\/store?post=59400"},{"taxonomy":"product_brand","embeddable":true,"href":"https:\/\/product-guide.org\/en\/wp-json\/wp\/v2\/product_brand?post=59400"},{"taxonomy":"product_cat","embeddable":true,"href":"https:\/\/product-guide.org\/en\/wp-json\/wp\/v2\/product_cat?post=59400"},{"taxonomy":"product_tag","embeddable":true,"href":"https:\/\/product-guide.org\/en\/wp-json\/wp\/v2\/product_tag?post=59400"}],"curies":[{"name":"wp","href":"https:\/\/api.w.org\/{rel}","templated":true}]}}