{"id":59438,"date":"2025-03-17T13:42:24","date_gmt":"2025-03-17T12:42:24","guid":{"rendered":"https:\/\/product-guide.org\/produkt\/sothys-two-way-eye-shadow-refill-lidschatten-augen-make-up-kosmetik-1-5g-9-beige-dore-beaute24-de\/"},"modified":"2025-03-17T13:42:25","modified_gmt":"2025-03-17T12:42:25","slug":"sothys-two-way-eye-shadow-refill-lidschatten-augen-make-up-kosmetik-1-5g-9-beige-dore-beaute24-de","status":"publish","type":"product","link":"https:\/\/product-guide.org\/en\/produkt\/sothys-two-way-eye-shadow-refill-lidschatten-augen-make-up-kosmetik-1-5g-9-beige-dore-beaute24-de\/","title":{"rendered":"Sothys &#8211; Two Way Eye Shadow &#8211; Refill &#8211; Lidschatten &#8211; Augen Make up Kosmetik 1.5g &#8211; # 9 Beige dore | beaute24.de"},"content":{"rendered":"<p>Lidschatten mit einer Creme-Puder Textur. Trocken oder feucht anwendbar. Mit feuchtigkeitsspendenden Effekt und langlebig. Nachf\u00fcllpackung &#8211; 1.5g. In folgenden Farben erh\u00e4ltlich -1Poudre d \u0301argent2Lilas des indes3Parme4Prune6Gris bleu9Beige dore10Noisette Das franz\u00f6sische Unternehmen &#8216;Sothys&#8217; wurde 1946 gegr\u00fcndet und z\u00e4hlt zu den f\u00fchrenden Herstellern der Kosmetikindustrie f\u00fcr Beauty-Institute und Spas. Weltweit werden die Produkte in \u00fcber 120 L\u00e4ndern vertrieben.&#8217;Sothys&#8217; steht f\u00fcr hochwertige Kosmetik, die sozial- und umweltvertr\u00e4glich ist. Hautvertr\u00e4gliche Texturen mit angenehmen D\u00fcften zeichnen die Produkte von &#8216;Sothys&#8217; aus. Angeboten werden Produkte f\u00fcr die Gesichtspflege, K\u00f6rperpflege, Sonnenpflege, Pflege f\u00fcr den Mann, sowie dekorative Kosmetik, wie Base, Grundierung, Concealer, Foundation, Puder, Rouge, Sonnen-Makeup, Mascara, Lidschatten, Augenkonturenstifte, Augenbrauenstifte, Kajalstifte, Eyeliner, Lippenstifte, Lipgloss , Lippenbalsam und Lippenkonturenstifte, sowie Nagellack.<\/p>\n","protected":false},"excerpt":{"rendered":"<p>Lidschatten mit einer Creme-Puder Textur. Trocken oder feucht anwendbar. Mit feuchtigkeitsspendenden Effekt und langlebig. Nachf\u00fcllpackung &#8211; 1.5g. In folgenden Farben erh\u00e4ltlich -1Poudre d \u0301argent2Lilas des indes3Parme4Prune6Gris bleu9Beige dore10Noisette Das franz\u00f6sische Unternehmen &#8216;Sothys&#8217; wurde 1946 gegr\u00fcndet und z\u00e4hlt zu den f\u00fchrenden Herstellern der Kosmetikindustrie f\u00fcr Beauty-Institute und Spas. Weltweit werden die Produkte in \u00fcber 120 L\u00e4ndern [&hellip;]<\/p>\n","protected":false},"featured_media":59437,"template":"","meta":{"_gspb_post_css":""},"store":[],"product_brand":[1480],"product_cat":[1290],"product_tag":[],"class_list":{"0":"post-59438","1":"product","2":"type-product","3":"status-publish","4":"has-post-thumbnail","6":"product_brand-demon-tweeks","7":"product_cat-uncategorized","9":"first","10":"instock","11":"shipping-taxable","12":"purchasable","13":"product-type-simple"},"yoast_head":"<!-- This site is optimized with the Yoast SEO plugin v24.6 - https:\/\/yoast.com\/wordpress\/plugins\/seo\/ -->\n<title>Sothys - Two Way Eye Shadow - Refill - Lidschatten - Augen Make up Kosmetik 1.5g - # 9 Beige dore | beaute24.de | Product-Guide.org<\/title>\n<meta name=\"description\" content=\"Sothys - Two Way Eye Shadow - Refill - Lidschatten - Augen Make up Kosmetik 1.5g - # 9 Beige dore | beaute24.de gefunden von Product-Guide.org\" \/>\n<meta name=\"robots\" content=\"index, follow, max-snippet:-1, max-image-preview:large, max-video-preview:-1\" \/>\n<link rel=\"canonical\" href=\"https:\/\/product-guide.org\/en\/produkt\/sothys-two-way-eye-shadow-refill-lidschatten-augen-make-up-kosmetik-1-5g-9-beige-dore-beaute24-de\/\" \/>\n<meta property=\"og:locale\" content=\"en_GB\" \/>\n<meta property=\"og:type\" content=\"article\" \/>\n<meta property=\"og:title\" content=\"Sothys - Two Way Eye Shadow - Refill - Lidschatten - Augen Make up Kosmetik 1.5g - # 9 Beige dore | beaute24.de | Product-Guide.org\" \/>\n<meta property=\"og:description\" content=\"Sothys - Two Way Eye Shadow - Refill - Lidschatten - Augen Make up Kosmetik 1.5g - # 9 Beige dore | beaute24.de gefunden von Product-Guide.org\" \/>\n<meta property=\"og:url\" content=\"https:\/\/product-guide.org\/en\/produkt\/sothys-two-way-eye-shadow-refill-lidschatten-augen-make-up-kosmetik-1-5g-9-beige-dore-beaute24-de\/\" \/>\n<meta property=\"og:site_name\" content=\"Product-Guide.org\" \/>\n<meta property=\"article:modified_time\" content=\"2025-03-17T12:42:25+00:00\" \/>\n<meta name=\"twitter:card\" content=\"summary_large_image\" \/>\n<script type=\"application\/ld+json\" class=\"yoast-schema-graph\">{\"@context\":\"https:\/\/schema.org\",\"@graph\":[{\"@type\":\"WebPage\",\"@id\":\"https:\/\/product-guide.org\/produkt\/sothys-two-way-eye-shadow-refill-lidschatten-augen-make-up-kosmetik-1-5g-9-beige-dore-beaute24-de\/\",\"url\":\"https:\/\/product-guide.org\/produkt\/sothys-two-way-eye-shadow-refill-lidschatten-augen-make-up-kosmetik-1-5g-9-beige-dore-beaute24-de\/\",\"name\":\"Sothys - Two Way Eye Shadow - Refill - Lidschatten - Augen Make up Kosmetik 1.5g - # 9 Beige dore | beaute24.de | Product-Guide.org\",\"isPartOf\":{\"@id\":\"https:\/\/product-guide.org\/#website\"},\"primaryImageOfPage\":{\"@id\":\"https:\/\/product-guide.org\/produkt\/sothys-two-way-eye-shadow-refill-lidschatten-augen-make-up-kosmetik-1-5g-9-beige-dore-beaute24-de\/#primaryimage\"},\"image\":{\"@id\":\"https:\/\/product-guide.org\/produkt\/sothys-two-way-eye-shadow-refill-lidschatten-augen-make-up-kosmetik-1-5g-9-beige-dore-beaute24-de\/#primaryimage\"},\"thumbnailUrl\":\"https:\/\/product-guide.org\/wp-content\/uploads\/2025\/03\/Sothys-Two-Way-Eye-Shadow-9-Beige-dor-Lidschatten.jpg\",\"datePublished\":\"2025-03-17T12:42:24+00:00\",\"dateModified\":\"2025-03-17T12:42:25+00:00\",\"description\":\"Sothys - Two Way Eye Shadow - Refill - Lidschatten - Augen Make up Kosmetik 1.5g - # 9 Beige dore | beaute24.de gefunden von Product-Guide.org\",\"breadcrumb\":{\"@id\":\"https:\/\/product-guide.org\/produkt\/sothys-two-way-eye-shadow-refill-lidschatten-augen-make-up-kosmetik-1-5g-9-beige-dore-beaute24-de\/#breadcrumb\"},\"inLanguage\":\"en-GB\",\"potentialAction\":[{\"@type\":\"ReadAction\",\"target\":[\"https:\/\/product-guide.org\/produkt\/sothys-two-way-eye-shadow-refill-lidschatten-augen-make-up-kosmetik-1-5g-9-beige-dore-beaute24-de\/\"]}]},{\"@type\":\"ImageObject\",\"inLanguage\":\"en-GB\",\"@id\":\"https:\/\/product-guide.org\/produkt\/sothys-two-way-eye-shadow-refill-lidschatten-augen-make-up-kosmetik-1-5g-9-beige-dore-beaute24-de\/#primaryimage\",\"url\":\"https:\/\/product-guide.org\/wp-content\/uploads\/2025\/03\/Sothys-Two-Way-Eye-Shadow-9-Beige-dor-Lidschatten.jpg\",\"contentUrl\":\"https:\/\/product-guide.org\/wp-content\/uploads\/2025\/03\/Sothys-Two-Way-Eye-Shadow-9-Beige-dor-Lidschatten.jpg\",\"width\":1600,\"height\":1600},{\"@type\":\"BreadcrumbList\",\"@id\":\"https:\/\/product-guide.org\/produkt\/sothys-two-way-eye-shadow-refill-lidschatten-augen-make-up-kosmetik-1-5g-9-beige-dore-beaute24-de\/#breadcrumb\",\"itemListElement\":[{\"@type\":\"ListItem\",\"position\":1,\"name\":\"Home\",\"item\":\"https:\/\/product-guide.org\/\"},{\"@type\":\"ListItem\",\"position\":2,\"name\":\"Ergebnisse\",\"item\":\"https:\/\/product-guide.org\/de\/ergebnisse\/\"},{\"@type\":\"ListItem\",\"position\":3,\"name\":\"Sothys &#8211; Two Way Eye Shadow &#8211; Refill &#8211; Lidschatten &#8211; Augen Make up Kosmetik 1.5g &#8211; # 9 Beige dore | beaute24.de\"}]},{\"@type\":\"WebSite\",\"@id\":\"https:\/\/product-guide.org\/#website\",\"url\":\"https:\/\/product-guide.org\/\",\"name\":\"Product-Guide.org\",\"description\":\"What Product are you looking for?\",\"publisher\":{\"@id\":\"https:\/\/product-guide.org\/#organization\"},\"potentialAction\":[{\"@type\":\"SearchAction\",\"target\":{\"@type\":\"EntryPoint\",\"urlTemplate\":\"https:\/\/product-guide.org\/?s={search_term_string}\"},\"query-input\":{\"@type\":\"PropertyValueSpecification\",\"valueRequired\":true,\"valueName\":\"search_term_string\"}}],\"inLanguage\":\"en-GB\"},{\"@type\":\"Organization\",\"@id\":\"https:\/\/product-guide.org\/#organization\",\"name\":\"Product-Guide.org\",\"url\":\"https:\/\/product-guide.org\/\",\"logo\":{\"@type\":\"ImageObject\",\"inLanguage\":\"en-GB\",\"@id\":\"https:\/\/product-guide.org\/#\/schema\/logo\/image\/\",\"url\":\"https:\/\/product-guide.org\/wp-content\/uploads\/2022\/07\/logo_transparent_background.png\",\"contentUrl\":\"https:\/\/product-guide.org\/wp-content\/uploads\/2022\/07\/logo_transparent_background.png\",\"width\":3400,\"height\":1132,\"caption\":\"Product-Guide.org\"},\"image\":{\"@id\":\"https:\/\/product-guide.org\/#\/schema\/logo\/image\/\"}}]}<\/script>\n<!-- \/ Yoast SEO plugin. -->","yoast_head_json":{"title":"Sothys - Two Way Eye Shadow - Refill - Lidschatten - Augen Make up Kosmetik 1.5g - # 9 Beige dore | beaute24.de | Product-Guide.org","description":"Sothys - Two Way Eye Shadow - Refill - Lidschatten - Augen Make up Kosmetik 1.5g - # 9 Beige dore | beaute24.de gefunden von Product-Guide.org","robots":{"index":"index","follow":"follow","max-snippet":"max-snippet:-1","max-image-preview":"max-image-preview:large","max-video-preview":"max-video-preview:-1"},"canonical":"https:\/\/product-guide.org\/en\/produkt\/sothys-two-way-eye-shadow-refill-lidschatten-augen-make-up-kosmetik-1-5g-9-beige-dore-beaute24-de\/","og_locale":"en_GB","og_type":"article","og_title":"Sothys - Two Way Eye Shadow - Refill - Lidschatten - Augen Make up Kosmetik 1.5g - # 9 Beige dore | beaute24.de | Product-Guide.org","og_description":"Sothys - Two Way Eye Shadow - Refill - Lidschatten - Augen Make up Kosmetik 1.5g - # 9 Beige dore | beaute24.de gefunden von Product-Guide.org","og_url":"https:\/\/product-guide.org\/en\/produkt\/sothys-two-way-eye-shadow-refill-lidschatten-augen-make-up-kosmetik-1-5g-9-beige-dore-beaute24-de\/","og_site_name":"Product-Guide.org","article_modified_time":"2025-03-17T12:42:25+00:00","twitter_card":"summary_large_image","schema":{"@context":"https:\/\/schema.org","@graph":[{"@type":"WebPage","@id":"https:\/\/product-guide.org\/produkt\/sothys-two-way-eye-shadow-refill-lidschatten-augen-make-up-kosmetik-1-5g-9-beige-dore-beaute24-de\/","url":"https:\/\/product-guide.org\/produkt\/sothys-two-way-eye-shadow-refill-lidschatten-augen-make-up-kosmetik-1-5g-9-beige-dore-beaute24-de\/","name":"Sothys - Two Way Eye Shadow - Refill - Lidschatten - Augen Make up Kosmetik 1.5g - # 9 Beige dore | beaute24.de | Product-Guide.org","isPartOf":{"@id":"https:\/\/product-guide.org\/#website"},"primaryImageOfPage":{"@id":"https:\/\/product-guide.org\/produkt\/sothys-two-way-eye-shadow-refill-lidschatten-augen-make-up-kosmetik-1-5g-9-beige-dore-beaute24-de\/#primaryimage"},"image":{"@id":"https:\/\/product-guide.org\/produkt\/sothys-two-way-eye-shadow-refill-lidschatten-augen-make-up-kosmetik-1-5g-9-beige-dore-beaute24-de\/#primaryimage"},"thumbnailUrl":"https:\/\/product-guide.org\/wp-content\/uploads\/2025\/03\/Sothys-Two-Way-Eye-Shadow-9-Beige-dor-Lidschatten.jpg","datePublished":"2025-03-17T12:42:24+00:00","dateModified":"2025-03-17T12:42:25+00:00","description":"Sothys - Two Way Eye Shadow - Refill - Lidschatten - Augen Make up Kosmetik 1.5g - # 9 Beige dore | beaute24.de gefunden von Product-Guide.org","breadcrumb":{"@id":"https:\/\/product-guide.org\/produkt\/sothys-two-way-eye-shadow-refill-lidschatten-augen-make-up-kosmetik-1-5g-9-beige-dore-beaute24-de\/#breadcrumb"},"inLanguage":"en-GB","potentialAction":[{"@type":"ReadAction","target":["https:\/\/product-guide.org\/produkt\/sothys-two-way-eye-shadow-refill-lidschatten-augen-make-up-kosmetik-1-5g-9-beige-dore-beaute24-de\/"]}]},{"@type":"ImageObject","inLanguage":"en-GB","@id":"https:\/\/product-guide.org\/produkt\/sothys-two-way-eye-shadow-refill-lidschatten-augen-make-up-kosmetik-1-5g-9-beige-dore-beaute24-de\/#primaryimage","url":"https:\/\/product-guide.org\/wp-content\/uploads\/2025\/03\/Sothys-Two-Way-Eye-Shadow-9-Beige-dor-Lidschatten.jpg","contentUrl":"https:\/\/product-guide.org\/wp-content\/uploads\/2025\/03\/Sothys-Two-Way-Eye-Shadow-9-Beige-dor-Lidschatten.jpg","width":1600,"height":1600},{"@type":"BreadcrumbList","@id":"https:\/\/product-guide.org\/produkt\/sothys-two-way-eye-shadow-refill-lidschatten-augen-make-up-kosmetik-1-5g-9-beige-dore-beaute24-de\/#breadcrumb","itemListElement":[{"@type":"ListItem","position":1,"name":"Home","item":"https:\/\/product-guide.org\/"},{"@type":"ListItem","position":2,"name":"Ergebnisse","item":"https:\/\/product-guide.org\/de\/ergebnisse\/"},{"@type":"ListItem","position":3,"name":"Sothys &#8211; Two Way Eye Shadow &#8211; Refill &#8211; Lidschatten &#8211; Augen Make up Kosmetik 1.5g &#8211; # 9 Beige dore | beaute24.de"}]},{"@type":"WebSite","@id":"https:\/\/product-guide.org\/#website","url":"https:\/\/product-guide.org\/","name":"Product-Guide.org","description":"What Product are you looking for?","publisher":{"@id":"https:\/\/product-guide.org\/#organization"},"potentialAction":[{"@type":"SearchAction","target":{"@type":"EntryPoint","urlTemplate":"https:\/\/product-guide.org\/?s={search_term_string}"},"query-input":{"@type":"PropertyValueSpecification","valueRequired":true,"valueName":"search_term_string"}}],"inLanguage":"en-GB"},{"@type":"Organization","@id":"https:\/\/product-guide.org\/#organization","name":"Product-Guide.org","url":"https:\/\/product-guide.org\/","logo":{"@type":"ImageObject","inLanguage":"en-GB","@id":"https:\/\/product-guide.org\/#\/schema\/logo\/image\/","url":"https:\/\/product-guide.org\/wp-content\/uploads\/2022\/07\/logo_transparent_background.png","contentUrl":"https:\/\/product-guide.org\/wp-content\/uploads\/2022\/07\/logo_transparent_background.png","width":3400,"height":1132,"caption":"Product-Guide.org"},"image":{"@id":"https:\/\/product-guide.org\/#\/schema\/logo\/image\/"}}]}},"_links":{"self":[{"href":"https:\/\/product-guide.org\/en\/wp-json\/wp\/v2\/product\/59438","targetHints":{"allow":["GET"]}}],"collection":[{"href":"https:\/\/product-guide.org\/en\/wp-json\/wp\/v2\/product"}],"about":[{"href":"https:\/\/product-guide.org\/en\/wp-json\/wp\/v2\/types\/product"}],"wp:featuredmedia":[{"embeddable":true,"href":"https:\/\/product-guide.org\/en\/wp-json\/wp\/v2\/media\/59437"}],"wp:attachment":[{"href":"https:\/\/product-guide.org\/en\/wp-json\/wp\/v2\/media?parent=59438"}],"wp:term":[{"taxonomy":"store","embeddable":true,"href":"https:\/\/product-guide.org\/en\/wp-json\/wp\/v2\/store?post=59438"},{"taxonomy":"product_brand","embeddable":true,"href":"https:\/\/product-guide.org\/en\/wp-json\/wp\/v2\/product_brand?post=59438"},{"taxonomy":"product_cat","embeddable":true,"href":"https:\/\/product-guide.org\/en\/wp-json\/wp\/v2\/product_cat?post=59438"},{"taxonomy":"product_tag","embeddable":true,"href":"https:\/\/product-guide.org\/en\/wp-json\/wp\/v2\/product_tag?post=59438"}],"curies":[{"name":"wp","href":"https:\/\/api.w.org\/{rel}","templated":true}]}}