{"id":59440,"date":"2025-03-17T13:42:26","date_gmt":"2025-03-17T12:42:26","guid":{"rendered":"https:\/\/product-guide.org\/produkt\/t-leclerc-paris-1881-lip-pencil-11-ocre-farouche-lippen-konturen-stift-12g-beaute24-de\/"},"modified":"2025-03-17T13:42:27","modified_gmt":"2025-03-17T12:42:27","slug":"t-leclerc-paris-1881-lip-pencil-11-ocre-farouche-lippen-konturen-stift-12g-beaute24-de","status":"publish","type":"product","link":"https:\/\/product-guide.org\/en\/produkt\/t-leclerc-paris-1881-lip-pencil-11-ocre-farouche-lippen-konturen-stift-12g-beaute24-de\/","title":{"rendered":"T. LeClerc Paris 1881 Lip Pencil 11 Ocre Farouche Lippen Konturen Stift 1,2g | beaute24.de"},"content":{"rendered":"<p>T. LeClerc Paris 1881 Lip Pencil 11 Ocre Farouche Lippen Konturen Stift 1,2g Der T. LeClerc Paris 1881 Lip Pencil Lippenkonturenstift eignet sich ideal, um Lippenkonturen pr\u00e4zise zu definieren. Die Farbe ist einfach aufzutragen und perfekt um Ihr Lippen Make-Up zu vervollst\u00e4ndigen, egal ob Sie nun Lippenstift oder Lipgloss verwenden. Bereits 1881 entwickelte der franz\u00f6sische Apotheker Th\u00e9ophile LeClerc eine geheime Formel f\u00fcr einen Reispuder, der dem weiblichen Teint einen unvergleichlichen Schimmer verlieh und ihn zugleich perfekt mattierte. Der in sechs Nuancen angebotene Reispuder wurde schnell f\u00fcr die Damen der Pariser Gesellschaft unverzichtbar und ist mittlerweile legend\u00e4r. Hundert Jahre sp\u00e4ter, 1981, wurde die Produktrange der losen Puder durch Kompaktpuder erg\u00e4nzt. Um die Jahrtausendwende nahm die Marke T. LeClerc PARIS 1881 etwa 250 neue Make-up-Produkte f\u00fcr Augen, Lippen, N\u00e4gel und den Teint in das Firmen-Portfolio auf, das 2008 noch um ein spezielles Sonnen-Make-up erg\u00e4nzt wurde. Heute umfasst das Produktsortiment des Unternehmens alles, was man f\u00fcr ein dekoratives Make-up ben\u00f6tigt. Der weltber\u00fchmte Reispuder von T. LeClerc PARIS 1881 ist in nun 30 verschiedenen Puderschattierungen, aber immer noch in der traditionellen Vintage Silberb\u00fcchse, erh\u00e4ltlich. Luxuri\u00f6se Make-up-Innovationen im traditionellen Gewand machen die Marke T. LeClerc PARIS 1881 einzigartig T. LeClerc PARIS 1881 bietet alles, was das Herz der Fans von hochwertiger, dekorativer Kosmetik h\u00f6her schlagen l\u00e4sst. F\u00fcr den Teint sind die ber\u00fchmten losen und gepressten Puder von T. Leclerc PARIS 1881 ein Must-have. Dazu geh\u00f6rt auch der dezent nach dem Parfum Le Parfum Poudr\u00e9 duftende Kompaktpuder T. LeClerc PARIS 1881 Le Parfum Poudr\u00e9 Pressed Shimmering Powder, der durch seine Glanzpartikel besticht. F\u00fcr die Augen hat die Marke neben Lidschatten, Kajals und Augenbrauenstiften auch wimpernverdichtende Mascaras wie die T. LeClerc PARIS 1881 Bloom Effect Curling &#038; Volumising Mascara im Programm. Lipglosse, Lipliner, Lippenstifte und Lip Balme wie der T. LeClerc PARIS 1881 Le Parfum Poudr\u00e9 Lip Balm vervollst\u00e4ndigen das Repertoire an exzellentem Make-up.<\/p>\n","protected":false},"excerpt":{"rendered":"<p>T. LeClerc Paris 1881 Lip Pencil 11 Ocre Farouche Lippen Konturen Stift 1,2g Der T. LeClerc Paris 1881 Lip Pencil Lippenkonturenstift eignet sich ideal, um Lippenkonturen pr\u00e4zise zu definieren. Die Farbe ist einfach aufzutragen und perfekt um Ihr Lippen Make-Up zu vervollst\u00e4ndigen, egal ob Sie nun Lippenstift oder Lipgloss verwenden. Bereits 1881 entwickelte der franz\u00f6sische [&hellip;]<\/p>\n","protected":false},"featured_media":59439,"template":"","meta":{"_gspb_post_css":""},"store":[],"product_brand":[1480],"product_cat":[1290],"product_tag":[],"class_list":{"0":"post-59440","1":"product","2":"type-product","3":"status-publish","4":"has-post-thumbnail","6":"product_brand-demon-tweeks","7":"product_cat-uncategorized","9":"first","10":"instock","11":"shipping-taxable","12":"purchasable","13":"product-type-simple"},"yoast_head":"<!-- This site is optimized with the Yoast SEO plugin v24.6 - https:\/\/yoast.com\/wordpress\/plugins\/seo\/ -->\n<title>T. LeClerc Paris 1881 Lip Pencil 11 Ocre Farouche Lippen Konturen Stift 1,2g | beaute24.de | Product-Guide.org<\/title>\n<meta name=\"description\" content=\"T. LeClerc Paris 1881 Lip Pencil 11 Ocre Farouche Lippen Konturen Stift 1,2g | beaute24.de gefunden von Product-Guide.org\" \/>\n<meta name=\"robots\" content=\"index, follow, max-snippet:-1, max-image-preview:large, max-video-preview:-1\" \/>\n<link rel=\"canonical\" href=\"https:\/\/product-guide.org\/en\/produkt\/t-leclerc-paris-1881-lip-pencil-11-ocre-farouche-lippen-konturen-stift-12g-beaute24-de\/\" \/>\n<meta property=\"og:locale\" content=\"en_GB\" \/>\n<meta property=\"og:type\" content=\"article\" \/>\n<meta property=\"og:title\" content=\"T. LeClerc Paris 1881 Lip Pencil 11 Ocre Farouche Lippen Konturen Stift 1,2g | beaute24.de | Product-Guide.org\" \/>\n<meta property=\"og:description\" content=\"T. LeClerc Paris 1881 Lip Pencil 11 Ocre Farouche Lippen Konturen Stift 1,2g | beaute24.de gefunden von Product-Guide.org\" \/>\n<meta property=\"og:url\" content=\"https:\/\/product-guide.org\/en\/produkt\/t-leclerc-paris-1881-lip-pencil-11-ocre-farouche-lippen-konturen-stift-12g-beaute24-de\/\" \/>\n<meta property=\"og:site_name\" content=\"Product-Guide.org\" \/>\n<meta property=\"article:modified_time\" content=\"2025-03-17T12:42:27+00:00\" \/>\n<meta name=\"twitter:card\" content=\"summary_large_image\" \/>\n<script type=\"application\/ld+json\" class=\"yoast-schema-graph\">{\"@context\":\"https:\/\/schema.org\",\"@graph\":[{\"@type\":\"WebPage\",\"@id\":\"https:\/\/product-guide.org\/produkt\/t-leclerc-paris-1881-lip-pencil-11-ocre-farouche-lippen-konturen-stift-12g-beaute24-de\/\",\"url\":\"https:\/\/product-guide.org\/produkt\/t-leclerc-paris-1881-lip-pencil-11-ocre-farouche-lippen-konturen-stift-12g-beaute24-de\/\",\"name\":\"T. LeClerc Paris 1881 Lip Pencil 11 Ocre Farouche Lippen Konturen Stift 1,2g | beaute24.de | Product-Guide.org\",\"isPartOf\":{\"@id\":\"https:\/\/product-guide.org\/#website\"},\"primaryImageOfPage\":{\"@id\":\"https:\/\/product-guide.org\/produkt\/t-leclerc-paris-1881-lip-pencil-11-ocre-farouche-lippen-konturen-stift-12g-beaute24-de\/#primaryimage\"},\"image\":{\"@id\":\"https:\/\/product-guide.org\/produkt\/t-leclerc-paris-1881-lip-pencil-11-ocre-farouche-lippen-konturen-stift-12g-beaute24-de\/#primaryimage\"},\"thumbnailUrl\":\"https:\/\/product-guide.org\/wp-content\/uploads\/2025\/03\/T-LeClerc-Paris-1881-Lip-Pencil-11-Ocre-Farouche-1.jpg\",\"datePublished\":\"2025-03-17T12:42:26+00:00\",\"dateModified\":\"2025-03-17T12:42:27+00:00\",\"description\":\"T. LeClerc Paris 1881 Lip Pencil 11 Ocre Farouche Lippen Konturen Stift 1,2g | beaute24.de gefunden von Product-Guide.org\",\"breadcrumb\":{\"@id\":\"https:\/\/product-guide.org\/produkt\/t-leclerc-paris-1881-lip-pencil-11-ocre-farouche-lippen-konturen-stift-12g-beaute24-de\/#breadcrumb\"},\"inLanguage\":\"en-GB\",\"potentialAction\":[{\"@type\":\"ReadAction\",\"target\":[\"https:\/\/product-guide.org\/produkt\/t-leclerc-paris-1881-lip-pencil-11-ocre-farouche-lippen-konturen-stift-12g-beaute24-de\/\"]}]},{\"@type\":\"ImageObject\",\"inLanguage\":\"en-GB\",\"@id\":\"https:\/\/product-guide.org\/produkt\/t-leclerc-paris-1881-lip-pencil-11-ocre-farouche-lippen-konturen-stift-12g-beaute24-de\/#primaryimage\",\"url\":\"https:\/\/product-guide.org\/wp-content\/uploads\/2025\/03\/T-LeClerc-Paris-1881-Lip-Pencil-11-Ocre-Farouche-1.jpg\",\"contentUrl\":\"https:\/\/product-guide.org\/wp-content\/uploads\/2025\/03\/T-LeClerc-Paris-1881-Lip-Pencil-11-Ocre-Farouche-1.jpg\",\"width\":1250,\"height\":1250},{\"@type\":\"BreadcrumbList\",\"@id\":\"https:\/\/product-guide.org\/produkt\/t-leclerc-paris-1881-lip-pencil-11-ocre-farouche-lippen-konturen-stift-12g-beaute24-de\/#breadcrumb\",\"itemListElement\":[{\"@type\":\"ListItem\",\"position\":1,\"name\":\"Home\",\"item\":\"https:\/\/product-guide.org\/\"},{\"@type\":\"ListItem\",\"position\":2,\"name\":\"Ergebnisse\",\"item\":\"https:\/\/product-guide.org\/de\/ergebnisse\/\"},{\"@type\":\"ListItem\",\"position\":3,\"name\":\"T. LeClerc Paris 1881 Lip Pencil 11 Ocre Farouche Lippen Konturen Stift 1,2g | beaute24.de\"}]},{\"@type\":\"WebSite\",\"@id\":\"https:\/\/product-guide.org\/#website\",\"url\":\"https:\/\/product-guide.org\/\",\"name\":\"Product-Guide.org\",\"description\":\"What Product are you looking for?\",\"publisher\":{\"@id\":\"https:\/\/product-guide.org\/#organization\"},\"potentialAction\":[{\"@type\":\"SearchAction\",\"target\":{\"@type\":\"EntryPoint\",\"urlTemplate\":\"https:\/\/product-guide.org\/?s={search_term_string}\"},\"query-input\":{\"@type\":\"PropertyValueSpecification\",\"valueRequired\":true,\"valueName\":\"search_term_string\"}}],\"inLanguage\":\"en-GB\"},{\"@type\":\"Organization\",\"@id\":\"https:\/\/product-guide.org\/#organization\",\"name\":\"Product-Guide.org\",\"url\":\"https:\/\/product-guide.org\/\",\"logo\":{\"@type\":\"ImageObject\",\"inLanguage\":\"en-GB\",\"@id\":\"https:\/\/product-guide.org\/#\/schema\/logo\/image\/\",\"url\":\"https:\/\/product-guide.org\/wp-content\/uploads\/2022\/07\/logo_transparent_background.png\",\"contentUrl\":\"https:\/\/product-guide.org\/wp-content\/uploads\/2022\/07\/logo_transparent_background.png\",\"width\":3400,\"height\":1132,\"caption\":\"Product-Guide.org\"},\"image\":{\"@id\":\"https:\/\/product-guide.org\/#\/schema\/logo\/image\/\"}}]}<\/script>\n<!-- \/ Yoast SEO plugin. -->","yoast_head_json":{"title":"T. LeClerc Paris 1881 Lip Pencil 11 Ocre Farouche Lippen Konturen Stift 1,2g | beaute24.de | Product-Guide.org","description":"T. LeClerc Paris 1881 Lip Pencil 11 Ocre Farouche Lippen Konturen Stift 1,2g | beaute24.de gefunden von Product-Guide.org","robots":{"index":"index","follow":"follow","max-snippet":"max-snippet:-1","max-image-preview":"max-image-preview:large","max-video-preview":"max-video-preview:-1"},"canonical":"https:\/\/product-guide.org\/en\/produkt\/t-leclerc-paris-1881-lip-pencil-11-ocre-farouche-lippen-konturen-stift-12g-beaute24-de\/","og_locale":"en_GB","og_type":"article","og_title":"T. LeClerc Paris 1881 Lip Pencil 11 Ocre Farouche Lippen Konturen Stift 1,2g | beaute24.de | Product-Guide.org","og_description":"T. LeClerc Paris 1881 Lip Pencil 11 Ocre Farouche Lippen Konturen Stift 1,2g | beaute24.de gefunden von Product-Guide.org","og_url":"https:\/\/product-guide.org\/en\/produkt\/t-leclerc-paris-1881-lip-pencil-11-ocre-farouche-lippen-konturen-stift-12g-beaute24-de\/","og_site_name":"Product-Guide.org","article_modified_time":"2025-03-17T12:42:27+00:00","twitter_card":"summary_large_image","schema":{"@context":"https:\/\/schema.org","@graph":[{"@type":"WebPage","@id":"https:\/\/product-guide.org\/produkt\/t-leclerc-paris-1881-lip-pencil-11-ocre-farouche-lippen-konturen-stift-12g-beaute24-de\/","url":"https:\/\/product-guide.org\/produkt\/t-leclerc-paris-1881-lip-pencil-11-ocre-farouche-lippen-konturen-stift-12g-beaute24-de\/","name":"T. LeClerc Paris 1881 Lip Pencil 11 Ocre Farouche Lippen Konturen Stift 1,2g | beaute24.de | Product-Guide.org","isPartOf":{"@id":"https:\/\/product-guide.org\/#website"},"primaryImageOfPage":{"@id":"https:\/\/product-guide.org\/produkt\/t-leclerc-paris-1881-lip-pencil-11-ocre-farouche-lippen-konturen-stift-12g-beaute24-de\/#primaryimage"},"image":{"@id":"https:\/\/product-guide.org\/produkt\/t-leclerc-paris-1881-lip-pencil-11-ocre-farouche-lippen-konturen-stift-12g-beaute24-de\/#primaryimage"},"thumbnailUrl":"https:\/\/product-guide.org\/wp-content\/uploads\/2025\/03\/T-LeClerc-Paris-1881-Lip-Pencil-11-Ocre-Farouche-1.jpg","datePublished":"2025-03-17T12:42:26+00:00","dateModified":"2025-03-17T12:42:27+00:00","description":"T. LeClerc Paris 1881 Lip Pencil 11 Ocre Farouche Lippen Konturen Stift 1,2g | beaute24.de gefunden von Product-Guide.org","breadcrumb":{"@id":"https:\/\/product-guide.org\/produkt\/t-leclerc-paris-1881-lip-pencil-11-ocre-farouche-lippen-konturen-stift-12g-beaute24-de\/#breadcrumb"},"inLanguage":"en-GB","potentialAction":[{"@type":"ReadAction","target":["https:\/\/product-guide.org\/produkt\/t-leclerc-paris-1881-lip-pencil-11-ocre-farouche-lippen-konturen-stift-12g-beaute24-de\/"]}]},{"@type":"ImageObject","inLanguage":"en-GB","@id":"https:\/\/product-guide.org\/produkt\/t-leclerc-paris-1881-lip-pencil-11-ocre-farouche-lippen-konturen-stift-12g-beaute24-de\/#primaryimage","url":"https:\/\/product-guide.org\/wp-content\/uploads\/2025\/03\/T-LeClerc-Paris-1881-Lip-Pencil-11-Ocre-Farouche-1.jpg","contentUrl":"https:\/\/product-guide.org\/wp-content\/uploads\/2025\/03\/T-LeClerc-Paris-1881-Lip-Pencil-11-Ocre-Farouche-1.jpg","width":1250,"height":1250},{"@type":"BreadcrumbList","@id":"https:\/\/product-guide.org\/produkt\/t-leclerc-paris-1881-lip-pencil-11-ocre-farouche-lippen-konturen-stift-12g-beaute24-de\/#breadcrumb","itemListElement":[{"@type":"ListItem","position":1,"name":"Home","item":"https:\/\/product-guide.org\/"},{"@type":"ListItem","position":2,"name":"Ergebnisse","item":"https:\/\/product-guide.org\/de\/ergebnisse\/"},{"@type":"ListItem","position":3,"name":"T. LeClerc Paris 1881 Lip Pencil 11 Ocre Farouche Lippen Konturen Stift 1,2g | beaute24.de"}]},{"@type":"WebSite","@id":"https:\/\/product-guide.org\/#website","url":"https:\/\/product-guide.org\/","name":"Product-Guide.org","description":"What Product are you looking for?","publisher":{"@id":"https:\/\/product-guide.org\/#organization"},"potentialAction":[{"@type":"SearchAction","target":{"@type":"EntryPoint","urlTemplate":"https:\/\/product-guide.org\/?s={search_term_string}"},"query-input":{"@type":"PropertyValueSpecification","valueRequired":true,"valueName":"search_term_string"}}],"inLanguage":"en-GB"},{"@type":"Organization","@id":"https:\/\/product-guide.org\/#organization","name":"Product-Guide.org","url":"https:\/\/product-guide.org\/","logo":{"@type":"ImageObject","inLanguage":"en-GB","@id":"https:\/\/product-guide.org\/#\/schema\/logo\/image\/","url":"https:\/\/product-guide.org\/wp-content\/uploads\/2022\/07\/logo_transparent_background.png","contentUrl":"https:\/\/product-guide.org\/wp-content\/uploads\/2022\/07\/logo_transparent_background.png","width":3400,"height":1132,"caption":"Product-Guide.org"},"image":{"@id":"https:\/\/product-guide.org\/#\/schema\/logo\/image\/"}}]}},"_links":{"self":[{"href":"https:\/\/product-guide.org\/en\/wp-json\/wp\/v2\/product\/59440","targetHints":{"allow":["GET"]}}],"collection":[{"href":"https:\/\/product-guide.org\/en\/wp-json\/wp\/v2\/product"}],"about":[{"href":"https:\/\/product-guide.org\/en\/wp-json\/wp\/v2\/types\/product"}],"wp:featuredmedia":[{"embeddable":true,"href":"https:\/\/product-guide.org\/en\/wp-json\/wp\/v2\/media\/59439"}],"wp:attachment":[{"href":"https:\/\/product-guide.org\/en\/wp-json\/wp\/v2\/media?parent=59440"}],"wp:term":[{"taxonomy":"store","embeddable":true,"href":"https:\/\/product-guide.org\/en\/wp-json\/wp\/v2\/store?post=59440"},{"taxonomy":"product_brand","embeddable":true,"href":"https:\/\/product-guide.org\/en\/wp-json\/wp\/v2\/product_brand?post=59440"},{"taxonomy":"product_cat","embeddable":true,"href":"https:\/\/product-guide.org\/en\/wp-json\/wp\/v2\/product_cat?post=59440"},{"taxonomy":"product_tag","embeddable":true,"href":"https:\/\/product-guide.org\/en\/wp-json\/wp\/v2\/product_tag?post=59440"}],"curies":[{"name":"wp","href":"https:\/\/api.w.org\/{rel}","templated":true}]}}