{"id":59648,"date":"2025-03-17T13:46:02","date_gmt":"2025-03-17T12:46:02","guid":{"rendered":"https:\/\/product-guide.org\/produkt\/hochsteins-fisch-gewurz-woll-onlineshop-2\/"},"modified":"2025-03-17T13:46:02","modified_gmt":"2025-03-17T12:46:02","slug":"hochsteins-fisch-gewurz-woll-onlineshop-2","status":"publish","type":"product","link":"https:\/\/product-guide.org\/en\/produkt\/hochsteins-fisch-gewurz-woll-onlineshop-2\/","title":{"rendered":"Hochsteins Fisch-Gew\u00fcrz | WOLL Onlineshop"},"content":{"rendered":"<p>Sie lieben Fisch? Das Fisch-Gew\u00fcrz von Chefkoch Thomas Hochstein aus dem bekannten Hotel Restaurant Haus Hochstein in Wenholthausen ist der ideale Begleiter zum Grillen und Braten von Fisch. Auch Saucen, Marinaden und Butter k\u00f6nnen mit dem k\u00f6stlichen Geschmack des Gew\u00fcrzes verfeinert werden.<\/p>\n","protected":false},"excerpt":{"rendered":"<p>Sie lieben Fisch? Das Fisch-Gew\u00fcrz von Chefkoch Thomas Hochstein aus dem bekannten Hotel Restaurant Haus Hochstein in Wenholthausen ist der ideale Begleiter zum Grillen und Braten von Fisch. Auch Saucen, Marinaden und Butter k\u00f6nnen mit dem k\u00f6stlichen Geschmack des Gew\u00fcrzes verfeinert werden.<\/p>\n","protected":false},"featured_media":59646,"template":"","meta":{"_gspb_post_css":""},"store":[],"product_brand":[1483],"product_cat":[1290],"product_tag":[],"class_list":{"0":"post-59648","1":"product","2":"type-product","3":"status-publish","4":"has-post-thumbnail","6":"product_brand-tredz-limited","7":"product_cat-uncategorized","9":"first","10":"instock","11":"shipping-taxable","12":"purchasable","13":"product-type-simple"},"yoast_head":"<!-- This site is optimized with the Yoast SEO plugin v24.6 - https:\/\/yoast.com\/wordpress\/plugins\/seo\/ -->\n<title>Hochsteins Fisch-Gew\u00fcrz | WOLL Onlineshop | Product-Guide.org<\/title>\n<meta name=\"description\" content=\"Hochsteins Fisch-Gew\u00fcrz | WOLL Onlineshop gefunden von Product-Guide.org\" \/>\n<meta name=\"robots\" content=\"index, follow, max-snippet:-1, max-image-preview:large, max-video-preview:-1\" \/>\n<link rel=\"canonical\" href=\"https:\/\/product-guide.org\/en\/produkt\/hochsteins-fisch-gewurz-woll-onlineshop-2\/\" \/>\n<meta property=\"og:locale\" content=\"en_GB\" \/>\n<meta property=\"og:type\" content=\"article\" \/>\n<meta property=\"og:title\" content=\"Hochsteins Fisch-Gew\u00fcrz | WOLL Onlineshop | Product-Guide.org\" \/>\n<meta property=\"og:description\" content=\"Hochsteins Fisch-Gew\u00fcrz | WOLL Onlineshop gefunden von Product-Guide.org\" \/>\n<meta property=\"og:url\" content=\"https:\/\/product-guide.org\/en\/produkt\/hochsteins-fisch-gewurz-woll-onlineshop-2\/\" \/>\n<meta property=\"og:site_name\" content=\"Product-Guide.org\" \/>\n<meta name=\"twitter:card\" content=\"summary_large_image\" \/>\n<script type=\"application\/ld+json\" class=\"yoast-schema-graph\">{\"@context\":\"https:\/\/schema.org\",\"@graph\":[{\"@type\":\"WebPage\",\"@id\":\"https:\/\/product-guide.org\/produkt\/hochsteins-fisch-gewurz-woll-onlineshop-2\/\",\"url\":\"https:\/\/product-guide.org\/produkt\/hochsteins-fisch-gewurz-woll-onlineshop-2\/\",\"name\":\"Hochsteins Fisch-Gew\u00fcrz | WOLL Onlineshop | Product-Guide.org\",\"isPartOf\":{\"@id\":\"https:\/\/product-guide.org\/#website\"},\"primaryImageOfPage\":{\"@id\":\"https:\/\/product-guide.org\/produkt\/hochsteins-fisch-gewurz-woll-onlineshop-2\/#primaryimage\"},\"image\":{\"@id\":\"https:\/\/product-guide.org\/produkt\/hochsteins-fisch-gewurz-woll-onlineshop-2\/#primaryimage\"},\"thumbnailUrl\":\"https:\/\/product-guide.org\/wp-content\/uploads\/2025\/03\/haus-hochstein-fisch-gewuerz.jpg\",\"datePublished\":\"2025-03-17T12:46:02+00:00\",\"description\":\"Hochsteins Fisch-Gew\u00fcrz | WOLL Onlineshop gefunden von Product-Guide.org\",\"breadcrumb\":{\"@id\":\"https:\/\/product-guide.org\/produkt\/hochsteins-fisch-gewurz-woll-onlineshop-2\/#breadcrumb\"},\"inLanguage\":\"en-GB\",\"potentialAction\":[{\"@type\":\"ReadAction\",\"target\":[\"https:\/\/product-guide.org\/produkt\/hochsteins-fisch-gewurz-woll-onlineshop-2\/\"]}]},{\"@type\":\"ImageObject\",\"inLanguage\":\"en-GB\",\"@id\":\"https:\/\/product-guide.org\/produkt\/hochsteins-fisch-gewurz-woll-onlineshop-2\/#primaryimage\",\"url\":\"https:\/\/product-guide.org\/wp-content\/uploads\/2025\/03\/haus-hochstein-fisch-gewuerz.jpg\",\"contentUrl\":\"https:\/\/product-guide.org\/wp-content\/uploads\/2025\/03\/haus-hochstein-fisch-gewuerz.jpg\",\"width\":1500,\"height\":1500},{\"@type\":\"BreadcrumbList\",\"@id\":\"https:\/\/product-guide.org\/produkt\/hochsteins-fisch-gewurz-woll-onlineshop-2\/#breadcrumb\",\"itemListElement\":[{\"@type\":\"ListItem\",\"position\":1,\"name\":\"Home\",\"item\":\"https:\/\/product-guide.org\/\"},{\"@type\":\"ListItem\",\"position\":2,\"name\":\"Ergebnisse\",\"item\":\"https:\/\/product-guide.org\/de\/ergebnisse\/\"},{\"@type\":\"ListItem\",\"position\":3,\"name\":\"Hochsteins Fisch-Gew\u00fcrz | WOLL Onlineshop\"}]},{\"@type\":\"WebSite\",\"@id\":\"https:\/\/product-guide.org\/#website\",\"url\":\"https:\/\/product-guide.org\/\",\"name\":\"Product-Guide.org\",\"description\":\"What Product are you looking for?\",\"publisher\":{\"@id\":\"https:\/\/product-guide.org\/#organization\"},\"potentialAction\":[{\"@type\":\"SearchAction\",\"target\":{\"@type\":\"EntryPoint\",\"urlTemplate\":\"https:\/\/product-guide.org\/?s={search_term_string}\"},\"query-input\":{\"@type\":\"PropertyValueSpecification\",\"valueRequired\":true,\"valueName\":\"search_term_string\"}}],\"inLanguage\":\"en-GB\"},{\"@type\":\"Organization\",\"@id\":\"https:\/\/product-guide.org\/#organization\",\"name\":\"Product-Guide.org\",\"url\":\"https:\/\/product-guide.org\/\",\"logo\":{\"@type\":\"ImageObject\",\"inLanguage\":\"en-GB\",\"@id\":\"https:\/\/product-guide.org\/#\/schema\/logo\/image\/\",\"url\":\"https:\/\/product-guide.org\/wp-content\/uploads\/2022\/07\/logo_transparent_background.png\",\"contentUrl\":\"https:\/\/product-guide.org\/wp-content\/uploads\/2022\/07\/logo_transparent_background.png\",\"width\":3400,\"height\":1132,\"caption\":\"Product-Guide.org\"},\"image\":{\"@id\":\"https:\/\/product-guide.org\/#\/schema\/logo\/image\/\"}}]}<\/script>\n<!-- \/ Yoast SEO plugin. -->","yoast_head_json":{"title":"Hochsteins Fisch-Gew\u00fcrz | WOLL Onlineshop | Product-Guide.org","description":"Hochsteins Fisch-Gew\u00fcrz | WOLL Onlineshop gefunden von Product-Guide.org","robots":{"index":"index","follow":"follow","max-snippet":"max-snippet:-1","max-image-preview":"max-image-preview:large","max-video-preview":"max-video-preview:-1"},"canonical":"https:\/\/product-guide.org\/en\/produkt\/hochsteins-fisch-gewurz-woll-onlineshop-2\/","og_locale":"en_GB","og_type":"article","og_title":"Hochsteins Fisch-Gew\u00fcrz | WOLL Onlineshop | Product-Guide.org","og_description":"Hochsteins Fisch-Gew\u00fcrz | WOLL Onlineshop gefunden von Product-Guide.org","og_url":"https:\/\/product-guide.org\/en\/produkt\/hochsteins-fisch-gewurz-woll-onlineshop-2\/","og_site_name":"Product-Guide.org","twitter_card":"summary_large_image","schema":{"@context":"https:\/\/schema.org","@graph":[{"@type":"WebPage","@id":"https:\/\/product-guide.org\/produkt\/hochsteins-fisch-gewurz-woll-onlineshop-2\/","url":"https:\/\/product-guide.org\/produkt\/hochsteins-fisch-gewurz-woll-onlineshop-2\/","name":"Hochsteins Fisch-Gew\u00fcrz | WOLL Onlineshop | Product-Guide.org","isPartOf":{"@id":"https:\/\/product-guide.org\/#website"},"primaryImageOfPage":{"@id":"https:\/\/product-guide.org\/produkt\/hochsteins-fisch-gewurz-woll-onlineshop-2\/#primaryimage"},"image":{"@id":"https:\/\/product-guide.org\/produkt\/hochsteins-fisch-gewurz-woll-onlineshop-2\/#primaryimage"},"thumbnailUrl":"https:\/\/product-guide.org\/wp-content\/uploads\/2025\/03\/haus-hochstein-fisch-gewuerz.jpg","datePublished":"2025-03-17T12:46:02+00:00","description":"Hochsteins Fisch-Gew\u00fcrz | WOLL Onlineshop gefunden von Product-Guide.org","breadcrumb":{"@id":"https:\/\/product-guide.org\/produkt\/hochsteins-fisch-gewurz-woll-onlineshop-2\/#breadcrumb"},"inLanguage":"en-GB","potentialAction":[{"@type":"ReadAction","target":["https:\/\/product-guide.org\/produkt\/hochsteins-fisch-gewurz-woll-onlineshop-2\/"]}]},{"@type":"ImageObject","inLanguage":"en-GB","@id":"https:\/\/product-guide.org\/produkt\/hochsteins-fisch-gewurz-woll-onlineshop-2\/#primaryimage","url":"https:\/\/product-guide.org\/wp-content\/uploads\/2025\/03\/haus-hochstein-fisch-gewuerz.jpg","contentUrl":"https:\/\/product-guide.org\/wp-content\/uploads\/2025\/03\/haus-hochstein-fisch-gewuerz.jpg","width":1500,"height":1500},{"@type":"BreadcrumbList","@id":"https:\/\/product-guide.org\/produkt\/hochsteins-fisch-gewurz-woll-onlineshop-2\/#breadcrumb","itemListElement":[{"@type":"ListItem","position":1,"name":"Home","item":"https:\/\/product-guide.org\/"},{"@type":"ListItem","position":2,"name":"Ergebnisse","item":"https:\/\/product-guide.org\/de\/ergebnisse\/"},{"@type":"ListItem","position":3,"name":"Hochsteins Fisch-Gew\u00fcrz | WOLL Onlineshop"}]},{"@type":"WebSite","@id":"https:\/\/product-guide.org\/#website","url":"https:\/\/product-guide.org\/","name":"Product-Guide.org","description":"What Product are you looking for?","publisher":{"@id":"https:\/\/product-guide.org\/#organization"},"potentialAction":[{"@type":"SearchAction","target":{"@type":"EntryPoint","urlTemplate":"https:\/\/product-guide.org\/?s={search_term_string}"},"query-input":{"@type":"PropertyValueSpecification","valueRequired":true,"valueName":"search_term_string"}}],"inLanguage":"en-GB"},{"@type":"Organization","@id":"https:\/\/product-guide.org\/#organization","name":"Product-Guide.org","url":"https:\/\/product-guide.org\/","logo":{"@type":"ImageObject","inLanguage":"en-GB","@id":"https:\/\/product-guide.org\/#\/schema\/logo\/image\/","url":"https:\/\/product-guide.org\/wp-content\/uploads\/2022\/07\/logo_transparent_background.png","contentUrl":"https:\/\/product-guide.org\/wp-content\/uploads\/2022\/07\/logo_transparent_background.png","width":3400,"height":1132,"caption":"Product-Guide.org"},"image":{"@id":"https:\/\/product-guide.org\/#\/schema\/logo\/image\/"}}]}},"_links":{"self":[{"href":"https:\/\/product-guide.org\/en\/wp-json\/wp\/v2\/product\/59648","targetHints":{"allow":["GET"]}}],"collection":[{"href":"https:\/\/product-guide.org\/en\/wp-json\/wp\/v2\/product"}],"about":[{"href":"https:\/\/product-guide.org\/en\/wp-json\/wp\/v2\/types\/product"}],"wp:featuredmedia":[{"embeddable":true,"href":"https:\/\/product-guide.org\/en\/wp-json\/wp\/v2\/media\/59646"}],"wp:attachment":[{"href":"https:\/\/product-guide.org\/en\/wp-json\/wp\/v2\/media?parent=59648"}],"wp:term":[{"taxonomy":"store","embeddable":true,"href":"https:\/\/product-guide.org\/en\/wp-json\/wp\/v2\/store?post=59648"},{"taxonomy":"product_brand","embeddable":true,"href":"https:\/\/product-guide.org\/en\/wp-json\/wp\/v2\/product_brand?post=59648"},{"taxonomy":"product_cat","embeddable":true,"href":"https:\/\/product-guide.org\/en\/wp-json\/wp\/v2\/product_cat?post=59648"},{"taxonomy":"product_tag","embeddable":true,"href":"https:\/\/product-guide.org\/en\/wp-json\/wp\/v2\/product_tag?post=59648"}],"curies":[{"name":"wp","href":"https:\/\/api.w.org\/{rel}","templated":true}]}}