{"id":60962,"date":"2025-03-17T14:07:34","date_gmt":"2025-03-17T13:07:34","guid":{"rendered":"https:\/\/product-guide.org\/produkt\/100-x-luftpolstertaschen-luftpolsterversandtaschen-versandtaschen-weiss-gr-f-6-240-x-350-mm-fiduciashop\/"},"modified":"2025-03-17T14:07:34","modified_gmt":"2025-03-17T13:07:34","slug":"100-x-luftpolstertaschen-luftpolsterversandtaschen-versandtaschen-weiss-gr-f-6-240-x-350-mm-fiduciashop","status":"publish","type":"product","link":"https:\/\/product-guide.org\/en\/produkt\/100-x-luftpolstertaschen-luftpolsterversandtaschen-versandtaschen-weiss-gr-f-6-240-x-350-mm-fiduciashop\/","title":{"rendered":"100 x Luftpolstertaschen Luftpolsterversandtaschen Versandtaschen Weiss &#8211; Gr. F \/ 6 [ 240 x 350 mm] | fiduciashop"},"content":{"rendered":"<p>Robust und Top Qualit\u00e4 | t: Unsere Luftpolstertaschen sind aus starkem Papier produziert. Die Luftpolsterfolieschicht ist aus Polyethylen LDPE &#8211; mit Noppendurchmesser 8mm &#8211; Noppenh\u00f6 | he max 5mm und Grammatur 50g\/m2. Die Briefumschl\u00e4 | ge verf\u00fc | gen \u00fc | ber eine Klebstoffschicht auf einer Klappe &#8211; Breite 9mm &#8211; die eine starke Klebkraft besitzen &#8211; und mit einem Silikonstreifen &#8211; Grammatur 40g\/m2 \u00fc | berzogen sind &#8211; Breite 15mm Unsere Umschl\u00e4 | ge sind in den drei Kanten (mit 3 Seiten-Boden und die Seitenw\u00e4 | nde der Umschl\u00e4 | ge) verschwei\u00df | t. Jede Zusammenschwei\u00df | ung hat 10mm Gr\u00f6 | \u00df | e<\/p>\n","protected":false},"excerpt":{"rendered":"<p>Robust und Top Qualit\u00e4 | t: Unsere Luftpolstertaschen sind aus starkem Papier produziert. Die Luftpolsterfolieschicht ist aus Polyethylen LDPE &#8211; mit Noppendurchmesser 8mm &#8211; Noppenh\u00f6 | he max 5mm und Grammatur 50g\/m2. Die Briefumschl\u00e4 | ge verf\u00fc | gen \u00fc | ber eine Klebstoffschicht auf einer Klappe &#8211; Breite 9mm &#8211; die eine starke Klebkraft [&hellip;]<\/p>\n","protected":false},"featured_media":60961,"template":"","meta":{"_gspb_post_css":""},"store":[],"product_brand":[1498],"product_cat":[1290],"product_tag":[],"class_list":{"0":"post-60962","1":"product","2":"type-product","3":"status-publish","4":"has-post-thumbnail","6":"product_brand-fiduciashop","7":"product_cat-uncategorized","9":"first","10":"instock","11":"shipping-taxable","12":"purchasable","13":"product-type-simple"},"yoast_head":"<!-- This site is optimized with the Yoast SEO plugin v24.6 - https:\/\/yoast.com\/wordpress\/plugins\/seo\/ -->\n<title>100 x Luftpolstertaschen Luftpolsterversandtaschen Versandtaschen Weiss - Gr. F \/ 6 [ 240 x 350 mm] | fiduciashop | Product-Guide.org<\/title>\n<meta name=\"description\" content=\"100 x Luftpolstertaschen Luftpolsterversandtaschen Versandtaschen Weiss - Gr. F \/ 6 [ 240 x 350 mm] | fiduciashop gefunden von Product-Guide.org\" \/>\n<meta name=\"robots\" content=\"index, follow, max-snippet:-1, max-image-preview:large, max-video-preview:-1\" \/>\n<link rel=\"canonical\" href=\"https:\/\/product-guide.org\/en\/produkt\/100-x-luftpolstertaschen-luftpolsterversandtaschen-versandtaschen-weiss-gr-f-6-240-x-350-mm-fiduciashop\/\" \/>\n<meta property=\"og:locale\" content=\"en_GB\" \/>\n<meta property=\"og:type\" content=\"article\" \/>\n<meta property=\"og:title\" content=\"100 x Luftpolstertaschen Luftpolsterversandtaschen Versandtaschen Weiss - Gr. F \/ 6 [ 240 x 350 mm] | fiduciashop | Product-Guide.org\" \/>\n<meta property=\"og:description\" content=\"100 x Luftpolstertaschen Luftpolsterversandtaschen Versandtaschen Weiss - Gr. F \/ 6 [ 240 x 350 mm] | fiduciashop gefunden von Product-Guide.org\" \/>\n<meta property=\"og:url\" content=\"https:\/\/product-guide.org\/en\/produkt\/100-x-luftpolstertaschen-luftpolsterversandtaschen-versandtaschen-weiss-gr-f-6-240-x-350-mm-fiduciashop\/\" \/>\n<meta property=\"og:site_name\" content=\"Product-Guide.org\" \/>\n<meta name=\"twitter:card\" content=\"summary_large_image\" \/>\n<script type=\"application\/ld+json\" class=\"yoast-schema-graph\">{\"@context\":\"https:\/\/schema.org\",\"@graph\":[{\"@type\":\"WebPage\",\"@id\":\"https:\/\/product-guide.org\/produkt\/100-x-luftpolstertaschen-luftpolsterversandtaschen-versandtaschen-weiss-gr-f-6-240-x-350-mm-fiduciashop\/\",\"url\":\"https:\/\/product-guide.org\/produkt\/100-x-luftpolstertaschen-luftpolsterversandtaschen-versandtaschen-weiss-gr-f-6-240-x-350-mm-fiduciashop\/\",\"name\":\"100 x Luftpolstertaschen Luftpolsterversandtaschen Versandtaschen Weiss - Gr. F \/ 6 [ 240 x 350 mm] | fiduciashop | Product-Guide.org\",\"isPartOf\":{\"@id\":\"https:\/\/product-guide.org\/#website\"},\"primaryImageOfPage\":{\"@id\":\"https:\/\/product-guide.org\/produkt\/100-x-luftpolstertaschen-luftpolsterversandtaschen-versandtaschen-weiss-gr-f-6-240-x-350-mm-fiduciashop\/#primaryimage\"},\"image\":{\"@id\":\"https:\/\/product-guide.org\/produkt\/100-x-luftpolstertaschen-luftpolsterversandtaschen-versandtaschen-weiss-gr-f-6-240-x-350-mm-fiduciashop\/#primaryimage\"},\"thumbnailUrl\":\"https:\/\/product-guide.org\/wp-content\/uploads\/2025\/03\/8553141Cwekxb8_2BL.jpg\",\"datePublished\":\"2025-03-17T13:07:34+00:00\",\"description\":\"100 x Luftpolstertaschen Luftpolsterversandtaschen Versandtaschen Weiss - Gr. F \/ 6 [ 240 x 350 mm] | fiduciashop gefunden von Product-Guide.org\",\"breadcrumb\":{\"@id\":\"https:\/\/product-guide.org\/produkt\/100-x-luftpolstertaschen-luftpolsterversandtaschen-versandtaschen-weiss-gr-f-6-240-x-350-mm-fiduciashop\/#breadcrumb\"},\"inLanguage\":\"en-GB\",\"potentialAction\":[{\"@type\":\"ReadAction\",\"target\":[\"https:\/\/product-guide.org\/produkt\/100-x-luftpolstertaschen-luftpolsterversandtaschen-versandtaschen-weiss-gr-f-6-240-x-350-mm-fiduciashop\/\"]}]},{\"@type\":\"ImageObject\",\"inLanguage\":\"en-GB\",\"@id\":\"https:\/\/product-guide.org\/produkt\/100-x-luftpolstertaschen-luftpolsterversandtaschen-versandtaschen-weiss-gr-f-6-240-x-350-mm-fiduciashop\/#primaryimage\",\"url\":\"https:\/\/product-guide.org\/wp-content\/uploads\/2025\/03\/8553141Cwekxb8_2BL.jpg\",\"contentUrl\":\"https:\/\/product-guide.org\/wp-content\/uploads\/2025\/03\/8553141Cwekxb8_2BL.jpg\",\"width\":500,\"height\":437},{\"@type\":\"BreadcrumbList\",\"@id\":\"https:\/\/product-guide.org\/produkt\/100-x-luftpolstertaschen-luftpolsterversandtaschen-versandtaschen-weiss-gr-f-6-240-x-350-mm-fiduciashop\/#breadcrumb\",\"itemListElement\":[{\"@type\":\"ListItem\",\"position\":1,\"name\":\"Home\",\"item\":\"https:\/\/product-guide.org\/\"},{\"@type\":\"ListItem\",\"position\":2,\"name\":\"Ergebnisse\",\"item\":\"https:\/\/product-guide.org\/de\/ergebnisse\/\"},{\"@type\":\"ListItem\",\"position\":3,\"name\":\"100 x Luftpolstertaschen Luftpolsterversandtaschen Versandtaschen Weiss &#8211; Gr. F \/ 6 [ 240 x 350 mm] | fiduciashop\"}]},{\"@type\":\"WebSite\",\"@id\":\"https:\/\/product-guide.org\/#website\",\"url\":\"https:\/\/product-guide.org\/\",\"name\":\"Product-Guide.org\",\"description\":\"What Product are you looking for?\",\"publisher\":{\"@id\":\"https:\/\/product-guide.org\/#organization\"},\"potentialAction\":[{\"@type\":\"SearchAction\",\"target\":{\"@type\":\"EntryPoint\",\"urlTemplate\":\"https:\/\/product-guide.org\/?s={search_term_string}\"},\"query-input\":{\"@type\":\"PropertyValueSpecification\",\"valueRequired\":true,\"valueName\":\"search_term_string\"}}],\"inLanguage\":\"en-GB\"},{\"@type\":\"Organization\",\"@id\":\"https:\/\/product-guide.org\/#organization\",\"name\":\"Product-Guide.org\",\"url\":\"https:\/\/product-guide.org\/\",\"logo\":{\"@type\":\"ImageObject\",\"inLanguage\":\"en-GB\",\"@id\":\"https:\/\/product-guide.org\/#\/schema\/logo\/image\/\",\"url\":\"https:\/\/product-guide.org\/wp-content\/uploads\/2022\/07\/logo_transparent_background.png\",\"contentUrl\":\"https:\/\/product-guide.org\/wp-content\/uploads\/2022\/07\/logo_transparent_background.png\",\"width\":3400,\"height\":1132,\"caption\":\"Product-Guide.org\"},\"image\":{\"@id\":\"https:\/\/product-guide.org\/#\/schema\/logo\/image\/\"}}]}<\/script>\n<!-- \/ Yoast SEO plugin. -->","yoast_head_json":{"title":"100 x Luftpolstertaschen Luftpolsterversandtaschen Versandtaschen Weiss - Gr. F \/ 6 [ 240 x 350 mm] | fiduciashop | Product-Guide.org","description":"100 x Luftpolstertaschen Luftpolsterversandtaschen Versandtaschen Weiss - Gr. F \/ 6 [ 240 x 350 mm] | fiduciashop gefunden von Product-Guide.org","robots":{"index":"index","follow":"follow","max-snippet":"max-snippet:-1","max-image-preview":"max-image-preview:large","max-video-preview":"max-video-preview:-1"},"canonical":"https:\/\/product-guide.org\/en\/produkt\/100-x-luftpolstertaschen-luftpolsterversandtaschen-versandtaschen-weiss-gr-f-6-240-x-350-mm-fiduciashop\/","og_locale":"en_GB","og_type":"article","og_title":"100 x Luftpolstertaschen Luftpolsterversandtaschen Versandtaschen Weiss - Gr. F \/ 6 [ 240 x 350 mm] | fiduciashop | Product-Guide.org","og_description":"100 x Luftpolstertaschen Luftpolsterversandtaschen Versandtaschen Weiss - Gr. F \/ 6 [ 240 x 350 mm] | fiduciashop gefunden von Product-Guide.org","og_url":"https:\/\/product-guide.org\/en\/produkt\/100-x-luftpolstertaschen-luftpolsterversandtaschen-versandtaschen-weiss-gr-f-6-240-x-350-mm-fiduciashop\/","og_site_name":"Product-Guide.org","twitter_card":"summary_large_image","schema":{"@context":"https:\/\/schema.org","@graph":[{"@type":"WebPage","@id":"https:\/\/product-guide.org\/produkt\/100-x-luftpolstertaschen-luftpolsterversandtaschen-versandtaschen-weiss-gr-f-6-240-x-350-mm-fiduciashop\/","url":"https:\/\/product-guide.org\/produkt\/100-x-luftpolstertaschen-luftpolsterversandtaschen-versandtaschen-weiss-gr-f-6-240-x-350-mm-fiduciashop\/","name":"100 x Luftpolstertaschen Luftpolsterversandtaschen Versandtaschen Weiss - Gr. F \/ 6 [ 240 x 350 mm] | fiduciashop | Product-Guide.org","isPartOf":{"@id":"https:\/\/product-guide.org\/#website"},"primaryImageOfPage":{"@id":"https:\/\/product-guide.org\/produkt\/100-x-luftpolstertaschen-luftpolsterversandtaschen-versandtaschen-weiss-gr-f-6-240-x-350-mm-fiduciashop\/#primaryimage"},"image":{"@id":"https:\/\/product-guide.org\/produkt\/100-x-luftpolstertaschen-luftpolsterversandtaschen-versandtaschen-weiss-gr-f-6-240-x-350-mm-fiduciashop\/#primaryimage"},"thumbnailUrl":"https:\/\/product-guide.org\/wp-content\/uploads\/2025\/03\/8553141Cwekxb8_2BL.jpg","datePublished":"2025-03-17T13:07:34+00:00","description":"100 x Luftpolstertaschen Luftpolsterversandtaschen Versandtaschen Weiss - Gr. F \/ 6 [ 240 x 350 mm] | fiduciashop gefunden von Product-Guide.org","breadcrumb":{"@id":"https:\/\/product-guide.org\/produkt\/100-x-luftpolstertaschen-luftpolsterversandtaschen-versandtaschen-weiss-gr-f-6-240-x-350-mm-fiduciashop\/#breadcrumb"},"inLanguage":"en-GB","potentialAction":[{"@type":"ReadAction","target":["https:\/\/product-guide.org\/produkt\/100-x-luftpolstertaschen-luftpolsterversandtaschen-versandtaschen-weiss-gr-f-6-240-x-350-mm-fiduciashop\/"]}]},{"@type":"ImageObject","inLanguage":"en-GB","@id":"https:\/\/product-guide.org\/produkt\/100-x-luftpolstertaschen-luftpolsterversandtaschen-versandtaschen-weiss-gr-f-6-240-x-350-mm-fiduciashop\/#primaryimage","url":"https:\/\/product-guide.org\/wp-content\/uploads\/2025\/03\/8553141Cwekxb8_2BL.jpg","contentUrl":"https:\/\/product-guide.org\/wp-content\/uploads\/2025\/03\/8553141Cwekxb8_2BL.jpg","width":500,"height":437},{"@type":"BreadcrumbList","@id":"https:\/\/product-guide.org\/produkt\/100-x-luftpolstertaschen-luftpolsterversandtaschen-versandtaschen-weiss-gr-f-6-240-x-350-mm-fiduciashop\/#breadcrumb","itemListElement":[{"@type":"ListItem","position":1,"name":"Home","item":"https:\/\/product-guide.org\/"},{"@type":"ListItem","position":2,"name":"Ergebnisse","item":"https:\/\/product-guide.org\/de\/ergebnisse\/"},{"@type":"ListItem","position":3,"name":"100 x Luftpolstertaschen Luftpolsterversandtaschen Versandtaschen Weiss &#8211; Gr. F \/ 6 [ 240 x 350 mm] | fiduciashop"}]},{"@type":"WebSite","@id":"https:\/\/product-guide.org\/#website","url":"https:\/\/product-guide.org\/","name":"Product-Guide.org","description":"What Product are you looking for?","publisher":{"@id":"https:\/\/product-guide.org\/#organization"},"potentialAction":[{"@type":"SearchAction","target":{"@type":"EntryPoint","urlTemplate":"https:\/\/product-guide.org\/?s={search_term_string}"},"query-input":{"@type":"PropertyValueSpecification","valueRequired":true,"valueName":"search_term_string"}}],"inLanguage":"en-GB"},{"@type":"Organization","@id":"https:\/\/product-guide.org\/#organization","name":"Product-Guide.org","url":"https:\/\/product-guide.org\/","logo":{"@type":"ImageObject","inLanguage":"en-GB","@id":"https:\/\/product-guide.org\/#\/schema\/logo\/image\/","url":"https:\/\/product-guide.org\/wp-content\/uploads\/2022\/07\/logo_transparent_background.png","contentUrl":"https:\/\/product-guide.org\/wp-content\/uploads\/2022\/07\/logo_transparent_background.png","width":3400,"height":1132,"caption":"Product-Guide.org"},"image":{"@id":"https:\/\/product-guide.org\/#\/schema\/logo\/image\/"}}]}},"_links":{"self":[{"href":"https:\/\/product-guide.org\/en\/wp-json\/wp\/v2\/product\/60962","targetHints":{"allow":["GET"]}}],"collection":[{"href":"https:\/\/product-guide.org\/en\/wp-json\/wp\/v2\/product"}],"about":[{"href":"https:\/\/product-guide.org\/en\/wp-json\/wp\/v2\/types\/product"}],"wp:featuredmedia":[{"embeddable":true,"href":"https:\/\/product-guide.org\/en\/wp-json\/wp\/v2\/media\/60961"}],"wp:attachment":[{"href":"https:\/\/product-guide.org\/en\/wp-json\/wp\/v2\/media?parent=60962"}],"wp:term":[{"taxonomy":"store","embeddable":true,"href":"https:\/\/product-guide.org\/en\/wp-json\/wp\/v2\/store?post=60962"},{"taxonomy":"product_brand","embeddable":true,"href":"https:\/\/product-guide.org\/en\/wp-json\/wp\/v2\/product_brand?post=60962"},{"taxonomy":"product_cat","embeddable":true,"href":"https:\/\/product-guide.org\/en\/wp-json\/wp\/v2\/product_cat?post=60962"},{"taxonomy":"product_tag","embeddable":true,"href":"https:\/\/product-guide.org\/en\/wp-json\/wp\/v2\/product_tag?post=60962"}],"curies":[{"name":"wp","href":"https:\/\/api.w.org\/{rel}","templated":true}]}}