{"id":61099,"date":"2025-03-17T14:09:24","date_gmt":"2025-03-17T13:09:24","guid":{"rendered":"https:\/\/product-guide.org\/produkt\/asics-road-packable-jacket-men-2011d084-700-lauflust-de-2\/"},"modified":"2025-03-17T14:09:24","modified_gmt":"2025-03-17T13:09:24","slug":"asics-road-packable-jacket-men-2011d084-700-lauflust-de-2","status":"publish","type":"product","link":"https:\/\/product-guide.org\/en\/produkt\/asics-road-packable-jacket-men-2011d084-700-lauflust-de-2\/","title":{"rendered":"Asics Road Packable Jacket Men | 2011D084-700 | Lauflust.de"},"content":{"rendered":"<p>Winddicht und Ergonomisch. Mit der ROAD PACKABLE JACKET meisterst du deine L\u00e4ufe. Die vielseitige Jacke sch\u00fctzt vor Regen und Wind und l\u00e4sst sich w\u00e4hrend des Laufs einfach ausziehen und in der Seitentasche verstauen. Die Jacke verf\u00fcgt \u00fcber Bel\u00fcftungszonen unter den Achseln und im Nackenbereich, damit K\u00f6rperdampf ausstr\u00f6men kann. So bleibst du trocken und zielgerichtet. Die Kapuze verf\u00fcgt \u00fcber einen Kordelzug am Saum, um die Passform zu regulieren. Dadurch bleibt die Kapuze da, wo sie sein soll, auch wenn du dich bewegst. Mindestens 50 % des Hauptmaterials des Kleidungsst\u00fccks bestehen aus recycelten Materialien, um Abfall und CO2-Aussto\u00df zu reduzieren. ACTIBREEZE Technologie F\u00fcr h\u00f6here Atmungsaktivit\u00e4t Verpackbare Ausf\u00fchrung: kann in der linken Seitentasche verstaut werden Winddicht Wasserabweisend Bel\u00fcftung unter den Achseln und im Nackenbereich Kordelzug am Saum 2 x seitliche Rei\u00dfverschlusstaschen (rechte Seite mit integrierter Handytasche) Reflektierende Details verbessern die Sichtbarkeit bei schlechten Lichtverh\u00e4ltnissen Mindestens 50 % des Hauptmaterials des Kleidungsst\u00fccks bestehen aus recycelten Materialien, um Abfall und CO2-Aussto\u00df zu reduzieren. Material: Hauptmaterial: 100% Nylon \/ Einsatz: 100% Polyester(recycelt 100%) Farbe: coral reef<\/p>\n","protected":false},"excerpt":{"rendered":"<p>Winddicht und Ergonomisch. Mit der ROAD PACKABLE JACKET meisterst du deine L\u00e4ufe. Die vielseitige Jacke sch\u00fctzt vor Regen und Wind und l\u00e4sst sich w\u00e4hrend des Laufs einfach ausziehen und in der Seitentasche verstauen. Die Jacke verf\u00fcgt \u00fcber Bel\u00fcftungszonen unter den Achseln und im Nackenbereich, damit K\u00f6rperdampf ausstr\u00f6men kann. So bleibst du trocken und zielgerichtet. Die [&hellip;]<\/p>\n","protected":false},"featured_media":61097,"template":"","meta":{"_gspb_post_css":""},"store":[],"product_brand":[1499],"product_cat":[1290],"product_tag":[],"class_list":{"0":"post-61099","1":"product","2":"type-product","3":"status-publish","4":"has-post-thumbnail","6":"product_brand-lauflust-de","7":"product_cat-uncategorized","9":"first","10":"instock","11":"shipping-taxable","12":"purchasable","13":"product-type-simple"},"yoast_head":"<!-- This site is optimized with the Yoast SEO plugin v24.6 - https:\/\/yoast.com\/wordpress\/plugins\/seo\/ -->\n<title>Asics Road Packable Jacket Men | 2011D084-700 | Lauflust.de | Product-Guide.org<\/title>\n<meta name=\"description\" content=\"Asics Road Packable Jacket Men | 2011D084-700 | Lauflust.de gefunden von Product-Guide.org\" \/>\n<meta name=\"robots\" content=\"index, follow, max-snippet:-1, max-image-preview:large, max-video-preview:-1\" \/>\n<link rel=\"canonical\" href=\"https:\/\/product-guide.org\/en\/produkt\/asics-road-packable-jacket-men-2011d084-700-lauflust-de-2\/\" \/>\n<meta property=\"og:locale\" content=\"en_GB\" \/>\n<meta property=\"og:type\" content=\"article\" \/>\n<meta property=\"og:title\" content=\"Asics Road Packable Jacket Men | 2011D084-700 | Lauflust.de | Product-Guide.org\" \/>\n<meta property=\"og:description\" content=\"Asics Road Packable Jacket Men | 2011D084-700 | Lauflust.de gefunden von Product-Guide.org\" \/>\n<meta property=\"og:url\" content=\"https:\/\/product-guide.org\/en\/produkt\/asics-road-packable-jacket-men-2011d084-700-lauflust-de-2\/\" \/>\n<meta property=\"og:site_name\" content=\"Product-Guide.org\" \/>\n<meta name=\"twitter:card\" content=\"summary_large_image\" \/>\n<script type=\"application\/ld+json\" class=\"yoast-schema-graph\">{\"@context\":\"https:\/\/schema.org\",\"@graph\":[{\"@type\":\"WebPage\",\"@id\":\"https:\/\/product-guide.org\/produkt\/asics-road-packable-jacket-men-2011d084-700-lauflust-de-2\/\",\"url\":\"https:\/\/product-guide.org\/produkt\/asics-road-packable-jacket-men-2011d084-700-lauflust-de-2\/\",\"name\":\"Asics Road Packable Jacket Men | 2011D084-700 | Lauflust.de | Product-Guide.org\",\"isPartOf\":{\"@id\":\"https:\/\/product-guide.org\/#website\"},\"primaryImageOfPage\":{\"@id\":\"https:\/\/product-guide.org\/produkt\/asics-road-packable-jacket-men-2011d084-700-lauflust-de-2\/#primaryimage\"},\"image\":{\"@id\":\"https:\/\/product-guide.org\/produkt\/asics-road-packable-jacket-men-2011d084-700-lauflust-de-2\/#primaryimage\"},\"thumbnailUrl\":\"https:\/\/product-guide.org\/wp-content\/uploads\/2025\/03\/Lauflust-8663-Asics-Road-Packable-Jacket-Men-2011D084-700.jpg\",\"datePublished\":\"2025-03-17T13:09:24+00:00\",\"description\":\"Asics Road Packable Jacket Men | 2011D084-700 | Lauflust.de gefunden von Product-Guide.org\",\"breadcrumb\":{\"@id\":\"https:\/\/product-guide.org\/produkt\/asics-road-packable-jacket-men-2011d084-700-lauflust-de-2\/#breadcrumb\"},\"inLanguage\":\"en-GB\",\"potentialAction\":[{\"@type\":\"ReadAction\",\"target\":[\"https:\/\/product-guide.org\/produkt\/asics-road-packable-jacket-men-2011d084-700-lauflust-de-2\/\"]}]},{\"@type\":\"ImageObject\",\"inLanguage\":\"en-GB\",\"@id\":\"https:\/\/product-guide.org\/produkt\/asics-road-packable-jacket-men-2011d084-700-lauflust-de-2\/#primaryimage\",\"url\":\"https:\/\/product-guide.org\/wp-content\/uploads\/2025\/03\/Lauflust-8663-Asics-Road-Packable-Jacket-Men-2011D084-700.jpg\",\"contentUrl\":\"https:\/\/product-guide.org\/wp-content\/uploads\/2025\/03\/Lauflust-8663-Asics-Road-Packable-Jacket-Men-2011D084-700.jpg\",\"width\":1600,\"height\":1600},{\"@type\":\"BreadcrumbList\",\"@id\":\"https:\/\/product-guide.org\/produkt\/asics-road-packable-jacket-men-2011d084-700-lauflust-de-2\/#breadcrumb\",\"itemListElement\":[{\"@type\":\"ListItem\",\"position\":1,\"name\":\"Home\",\"item\":\"https:\/\/product-guide.org\/\"},{\"@type\":\"ListItem\",\"position\":2,\"name\":\"Ergebnisse\",\"item\":\"https:\/\/product-guide.org\/de\/ergebnisse\/\"},{\"@type\":\"ListItem\",\"position\":3,\"name\":\"Asics Road Packable Jacket Men | 2011D084-700 | Lauflust.de\"}]},{\"@type\":\"WebSite\",\"@id\":\"https:\/\/product-guide.org\/#website\",\"url\":\"https:\/\/product-guide.org\/\",\"name\":\"Product-Guide.org\",\"description\":\"What Product are you looking for?\",\"publisher\":{\"@id\":\"https:\/\/product-guide.org\/#organization\"},\"potentialAction\":[{\"@type\":\"SearchAction\",\"target\":{\"@type\":\"EntryPoint\",\"urlTemplate\":\"https:\/\/product-guide.org\/?s={search_term_string}\"},\"query-input\":{\"@type\":\"PropertyValueSpecification\",\"valueRequired\":true,\"valueName\":\"search_term_string\"}}],\"inLanguage\":\"en-GB\"},{\"@type\":\"Organization\",\"@id\":\"https:\/\/product-guide.org\/#organization\",\"name\":\"Product-Guide.org\",\"url\":\"https:\/\/product-guide.org\/\",\"logo\":{\"@type\":\"ImageObject\",\"inLanguage\":\"en-GB\",\"@id\":\"https:\/\/product-guide.org\/#\/schema\/logo\/image\/\",\"url\":\"https:\/\/product-guide.org\/wp-content\/uploads\/2022\/07\/logo_transparent_background.png\",\"contentUrl\":\"https:\/\/product-guide.org\/wp-content\/uploads\/2022\/07\/logo_transparent_background.png\",\"width\":3400,\"height\":1132,\"caption\":\"Product-Guide.org\"},\"image\":{\"@id\":\"https:\/\/product-guide.org\/#\/schema\/logo\/image\/\"}}]}<\/script>\n<!-- \/ Yoast SEO plugin. -->","yoast_head_json":{"title":"Asics Road Packable Jacket Men | 2011D084-700 | Lauflust.de | Product-Guide.org","description":"Asics Road Packable Jacket Men | 2011D084-700 | Lauflust.de gefunden von Product-Guide.org","robots":{"index":"index","follow":"follow","max-snippet":"max-snippet:-1","max-image-preview":"max-image-preview:large","max-video-preview":"max-video-preview:-1"},"canonical":"https:\/\/product-guide.org\/en\/produkt\/asics-road-packable-jacket-men-2011d084-700-lauflust-de-2\/","og_locale":"en_GB","og_type":"article","og_title":"Asics Road Packable Jacket Men | 2011D084-700 | Lauflust.de | Product-Guide.org","og_description":"Asics Road Packable Jacket Men | 2011D084-700 | Lauflust.de gefunden von Product-Guide.org","og_url":"https:\/\/product-guide.org\/en\/produkt\/asics-road-packable-jacket-men-2011d084-700-lauflust-de-2\/","og_site_name":"Product-Guide.org","twitter_card":"summary_large_image","schema":{"@context":"https:\/\/schema.org","@graph":[{"@type":"WebPage","@id":"https:\/\/product-guide.org\/produkt\/asics-road-packable-jacket-men-2011d084-700-lauflust-de-2\/","url":"https:\/\/product-guide.org\/produkt\/asics-road-packable-jacket-men-2011d084-700-lauflust-de-2\/","name":"Asics Road Packable Jacket Men | 2011D084-700 | Lauflust.de | Product-Guide.org","isPartOf":{"@id":"https:\/\/product-guide.org\/#website"},"primaryImageOfPage":{"@id":"https:\/\/product-guide.org\/produkt\/asics-road-packable-jacket-men-2011d084-700-lauflust-de-2\/#primaryimage"},"image":{"@id":"https:\/\/product-guide.org\/produkt\/asics-road-packable-jacket-men-2011d084-700-lauflust-de-2\/#primaryimage"},"thumbnailUrl":"https:\/\/product-guide.org\/wp-content\/uploads\/2025\/03\/Lauflust-8663-Asics-Road-Packable-Jacket-Men-2011D084-700.jpg","datePublished":"2025-03-17T13:09:24+00:00","description":"Asics Road Packable Jacket Men | 2011D084-700 | Lauflust.de gefunden von Product-Guide.org","breadcrumb":{"@id":"https:\/\/product-guide.org\/produkt\/asics-road-packable-jacket-men-2011d084-700-lauflust-de-2\/#breadcrumb"},"inLanguage":"en-GB","potentialAction":[{"@type":"ReadAction","target":["https:\/\/product-guide.org\/produkt\/asics-road-packable-jacket-men-2011d084-700-lauflust-de-2\/"]}]},{"@type":"ImageObject","inLanguage":"en-GB","@id":"https:\/\/product-guide.org\/produkt\/asics-road-packable-jacket-men-2011d084-700-lauflust-de-2\/#primaryimage","url":"https:\/\/product-guide.org\/wp-content\/uploads\/2025\/03\/Lauflust-8663-Asics-Road-Packable-Jacket-Men-2011D084-700.jpg","contentUrl":"https:\/\/product-guide.org\/wp-content\/uploads\/2025\/03\/Lauflust-8663-Asics-Road-Packable-Jacket-Men-2011D084-700.jpg","width":1600,"height":1600},{"@type":"BreadcrumbList","@id":"https:\/\/product-guide.org\/produkt\/asics-road-packable-jacket-men-2011d084-700-lauflust-de-2\/#breadcrumb","itemListElement":[{"@type":"ListItem","position":1,"name":"Home","item":"https:\/\/product-guide.org\/"},{"@type":"ListItem","position":2,"name":"Ergebnisse","item":"https:\/\/product-guide.org\/de\/ergebnisse\/"},{"@type":"ListItem","position":3,"name":"Asics Road Packable Jacket Men | 2011D084-700 | Lauflust.de"}]},{"@type":"WebSite","@id":"https:\/\/product-guide.org\/#website","url":"https:\/\/product-guide.org\/","name":"Product-Guide.org","description":"What Product are you looking for?","publisher":{"@id":"https:\/\/product-guide.org\/#organization"},"potentialAction":[{"@type":"SearchAction","target":{"@type":"EntryPoint","urlTemplate":"https:\/\/product-guide.org\/?s={search_term_string}"},"query-input":{"@type":"PropertyValueSpecification","valueRequired":true,"valueName":"search_term_string"}}],"inLanguage":"en-GB"},{"@type":"Organization","@id":"https:\/\/product-guide.org\/#organization","name":"Product-Guide.org","url":"https:\/\/product-guide.org\/","logo":{"@type":"ImageObject","inLanguage":"en-GB","@id":"https:\/\/product-guide.org\/#\/schema\/logo\/image\/","url":"https:\/\/product-guide.org\/wp-content\/uploads\/2022\/07\/logo_transparent_background.png","contentUrl":"https:\/\/product-guide.org\/wp-content\/uploads\/2022\/07\/logo_transparent_background.png","width":3400,"height":1132,"caption":"Product-Guide.org"},"image":{"@id":"https:\/\/product-guide.org\/#\/schema\/logo\/image\/"}}]}},"_links":{"self":[{"href":"https:\/\/product-guide.org\/en\/wp-json\/wp\/v2\/product\/61099","targetHints":{"allow":["GET"]}}],"collection":[{"href":"https:\/\/product-guide.org\/en\/wp-json\/wp\/v2\/product"}],"about":[{"href":"https:\/\/product-guide.org\/en\/wp-json\/wp\/v2\/types\/product"}],"wp:featuredmedia":[{"embeddable":true,"href":"https:\/\/product-guide.org\/en\/wp-json\/wp\/v2\/media\/61097"}],"wp:attachment":[{"href":"https:\/\/product-guide.org\/en\/wp-json\/wp\/v2\/media?parent=61099"}],"wp:term":[{"taxonomy":"store","embeddable":true,"href":"https:\/\/product-guide.org\/en\/wp-json\/wp\/v2\/store?post=61099"},{"taxonomy":"product_brand","embeddable":true,"href":"https:\/\/product-guide.org\/en\/wp-json\/wp\/v2\/product_brand?post=61099"},{"taxonomy":"product_cat","embeddable":true,"href":"https:\/\/product-guide.org\/en\/wp-json\/wp\/v2\/product_cat?post=61099"},{"taxonomy":"product_tag","embeddable":true,"href":"https:\/\/product-guide.org\/en\/wp-json\/wp\/v2\/product_tag?post=61099"}],"curies":[{"name":"wp","href":"https:\/\/api.w.org\/{rel}","templated":true}]}}