{"id":61108,"date":"2025-03-17T14:09:33","date_gmt":"2025-03-17T13:09:33","guid":{"rendered":"https:\/\/product-guide.org\/produkt\/asics-road-all-over-print-top-men-2011d092-200-lauflust-de\/"},"modified":"2025-03-17T14:09:33","modified_gmt":"2025-03-17T13:09:33","slug":"asics-road-all-over-print-top-men-2011d092-200-lauflust-de","status":"publish","type":"product","link":"https:\/\/product-guide.org\/en\/produkt\/asics-road-all-over-print-top-men-2011d092-200-lauflust-de\/","title":{"rendered":"Asics ROAD All Over Print Top Men | 2011D092-200 | Lauflust.de"},"content":{"rendered":"<p>ROAD ALL OVER PRINT SHORT SLEEVE SHIRT Das ROAD ALL OVER PRINT SHORT SLEEVE TOP f\u00fcr M\u00e4nner ist ein bevorzugtes Laufoberteil f\u00fcr verschiedene Jahreszeiten. Bei der Entwicklung stand die Atmungsaktivit\u00e4t und der Komfort im Vordergrund. Das Oberteil verf\u00fcgt \u00fcber einen Mesh-Einsatz auf den Schultern und auf der R\u00fcckseite und die ACTIBREEZE-Technologie verleiht dir auch bei wechselnden Temperaturen ein angenehmes Tragegef\u00fchl. Zus\u00e4tzlich sorgt das leichte Strickgewebe f\u00fcr mehr Atmungsaktivit\u00e4t. Das Muster ist vom Make-up des Kabuki-Theaters in Japan inspiriert. Mindestens 50 % des Hauptmaterials des Kleidungsst\u00fccks bestehen aus recycelten Materialien. ACTIBREEZE Technologie f\u00fcr verbesserte Atmungsaktivit\u00e4t Mesh-Eins\u00e4tze auf den Schultern und auf der R\u00fcckseite f\u00fcr mehr Atmungsaktivit\u00e4t Leicht und schnell trocknend Strickmaterial f\u00fcr verbesserte Atmungsaktivit\u00e4t Reflektierende Details verbessern die Sichtbarkeit bei schlechten Lichtverh\u00e4ltnissen Der Grafik-Print ist vom Make-up des Kabuki-Theaters in Japan inspiriert Mindestens 50 % des Hauptmaterials des Kleidungsst\u00fccks bestehen aus recycelten Materialien, um Abfall und CO2-Aussto\u00df zu reduzieren. Material: Hauptmaterial: 100% Polyester. Einsatz: 94% Nylon; 6% Elasthan Farbe: Birch<\/p>\n","protected":false},"excerpt":{"rendered":"<p>ROAD ALL OVER PRINT SHORT SLEEVE SHIRT Das ROAD ALL OVER PRINT SHORT SLEEVE TOP f\u00fcr M\u00e4nner ist ein bevorzugtes Laufoberteil f\u00fcr verschiedene Jahreszeiten. Bei der Entwicklung stand die Atmungsaktivit\u00e4t und der Komfort im Vordergrund. Das Oberteil verf\u00fcgt \u00fcber einen Mesh-Einsatz auf den Schultern und auf der R\u00fcckseite und die ACTIBREEZE-Technologie verleiht dir auch bei [&hellip;]<\/p>\n","protected":false},"featured_media":61107,"template":"","meta":{"_gspb_post_css":""},"store":[],"product_brand":[1499],"product_cat":[1290],"product_tag":[],"class_list":{"0":"post-61108","1":"product","2":"type-product","3":"status-publish","4":"has-post-thumbnail","6":"product_brand-lauflust-de","7":"product_cat-uncategorized","9":"first","10":"instock","11":"shipping-taxable","12":"purchasable","13":"product-type-simple"},"yoast_head":"<!-- This site is optimized with the Yoast SEO plugin v24.6 - https:\/\/yoast.com\/wordpress\/plugins\/seo\/ -->\n<title>Asics ROAD All Over Print Top Men | 2011D092-200 | Lauflust.de | Product-Guide.org<\/title>\n<meta name=\"description\" content=\"Asics ROAD All Over Print Top Men | 2011D092-200 | Lauflust.de gefunden von Product-Guide.org\" \/>\n<meta name=\"robots\" content=\"index, follow, max-snippet:-1, max-image-preview:large, max-video-preview:-1\" \/>\n<link rel=\"canonical\" href=\"https:\/\/product-guide.org\/en\/produkt\/asics-road-all-over-print-top-men-2011d092-200-lauflust-de\/\" \/>\n<meta property=\"og:locale\" content=\"en_GB\" \/>\n<meta property=\"og:type\" content=\"article\" \/>\n<meta property=\"og:title\" content=\"Asics ROAD All Over Print Top Men | 2011D092-200 | Lauflust.de | Product-Guide.org\" \/>\n<meta property=\"og:description\" content=\"Asics ROAD All Over Print Top Men | 2011D092-200 | Lauflust.de gefunden von Product-Guide.org\" \/>\n<meta property=\"og:url\" content=\"https:\/\/product-guide.org\/en\/produkt\/asics-road-all-over-print-top-men-2011d092-200-lauflust-de\/\" \/>\n<meta property=\"og:site_name\" content=\"Product-Guide.org\" \/>\n<meta name=\"twitter:card\" content=\"summary_large_image\" \/>\n<script type=\"application\/ld+json\" class=\"yoast-schema-graph\">{\"@context\":\"https:\/\/schema.org\",\"@graph\":[{\"@type\":\"WebPage\",\"@id\":\"https:\/\/product-guide.org\/produkt\/asics-road-all-over-print-top-men-2011d092-200-lauflust-de\/\",\"url\":\"https:\/\/product-guide.org\/produkt\/asics-road-all-over-print-top-men-2011d092-200-lauflust-de\/\",\"name\":\"Asics ROAD All Over Print Top Men | 2011D092-200 | Lauflust.de | Product-Guide.org\",\"isPartOf\":{\"@id\":\"https:\/\/product-guide.org\/#website\"},\"primaryImageOfPage\":{\"@id\":\"https:\/\/product-guide.org\/produkt\/asics-road-all-over-print-top-men-2011d092-200-lauflust-de\/#primaryimage\"},\"image\":{\"@id\":\"https:\/\/product-guide.org\/produkt\/asics-road-all-over-print-top-men-2011d092-200-lauflust-de\/#primaryimage\"},\"thumbnailUrl\":\"https:\/\/product-guide.org\/wp-content\/uploads\/2025\/03\/Lauflust-8664-Asics-ROAD-All-Over-Print-Top-Men-2011D092-200.jpg\",\"datePublished\":\"2025-03-17T13:09:33+00:00\",\"description\":\"Asics ROAD All Over Print Top Men | 2011D092-200 | Lauflust.de gefunden von Product-Guide.org\",\"breadcrumb\":{\"@id\":\"https:\/\/product-guide.org\/produkt\/asics-road-all-over-print-top-men-2011d092-200-lauflust-de\/#breadcrumb\"},\"inLanguage\":\"en-GB\",\"potentialAction\":[{\"@type\":\"ReadAction\",\"target\":[\"https:\/\/product-guide.org\/produkt\/asics-road-all-over-print-top-men-2011d092-200-lauflust-de\/\"]}]},{\"@type\":\"ImageObject\",\"inLanguage\":\"en-GB\",\"@id\":\"https:\/\/product-guide.org\/produkt\/asics-road-all-over-print-top-men-2011d092-200-lauflust-de\/#primaryimage\",\"url\":\"https:\/\/product-guide.org\/wp-content\/uploads\/2025\/03\/Lauflust-8664-Asics-ROAD-All-Over-Print-Top-Men-2011D092-200.jpg\",\"contentUrl\":\"https:\/\/product-guide.org\/wp-content\/uploads\/2025\/03\/Lauflust-8664-Asics-ROAD-All-Over-Print-Top-Men-2011D092-200.jpg\",\"width\":1600,\"height\":1600},{\"@type\":\"BreadcrumbList\",\"@id\":\"https:\/\/product-guide.org\/produkt\/asics-road-all-over-print-top-men-2011d092-200-lauflust-de\/#breadcrumb\",\"itemListElement\":[{\"@type\":\"ListItem\",\"position\":1,\"name\":\"Home\",\"item\":\"https:\/\/product-guide.org\/\"},{\"@type\":\"ListItem\",\"position\":2,\"name\":\"Ergebnisse\",\"item\":\"https:\/\/product-guide.org\/de\/ergebnisse\/\"},{\"@type\":\"ListItem\",\"position\":3,\"name\":\"Asics ROAD All Over Print Top Men | 2011D092-200 | Lauflust.de\"}]},{\"@type\":\"WebSite\",\"@id\":\"https:\/\/product-guide.org\/#website\",\"url\":\"https:\/\/product-guide.org\/\",\"name\":\"Product-Guide.org\",\"description\":\"What Product are you looking for?\",\"publisher\":{\"@id\":\"https:\/\/product-guide.org\/#organization\"},\"potentialAction\":[{\"@type\":\"SearchAction\",\"target\":{\"@type\":\"EntryPoint\",\"urlTemplate\":\"https:\/\/product-guide.org\/?s={search_term_string}\"},\"query-input\":{\"@type\":\"PropertyValueSpecification\",\"valueRequired\":true,\"valueName\":\"search_term_string\"}}],\"inLanguage\":\"en-GB\"},{\"@type\":\"Organization\",\"@id\":\"https:\/\/product-guide.org\/#organization\",\"name\":\"Product-Guide.org\",\"url\":\"https:\/\/product-guide.org\/\",\"logo\":{\"@type\":\"ImageObject\",\"inLanguage\":\"en-GB\",\"@id\":\"https:\/\/product-guide.org\/#\/schema\/logo\/image\/\",\"url\":\"https:\/\/product-guide.org\/wp-content\/uploads\/2022\/07\/logo_transparent_background.png\",\"contentUrl\":\"https:\/\/product-guide.org\/wp-content\/uploads\/2022\/07\/logo_transparent_background.png\",\"width\":3400,\"height\":1132,\"caption\":\"Product-Guide.org\"},\"image\":{\"@id\":\"https:\/\/product-guide.org\/#\/schema\/logo\/image\/\"}}]}<\/script>\n<!-- \/ Yoast SEO plugin. -->","yoast_head_json":{"title":"Asics ROAD All Over Print Top Men | 2011D092-200 | Lauflust.de | Product-Guide.org","description":"Asics ROAD All Over Print Top Men | 2011D092-200 | Lauflust.de gefunden von Product-Guide.org","robots":{"index":"index","follow":"follow","max-snippet":"max-snippet:-1","max-image-preview":"max-image-preview:large","max-video-preview":"max-video-preview:-1"},"canonical":"https:\/\/product-guide.org\/en\/produkt\/asics-road-all-over-print-top-men-2011d092-200-lauflust-de\/","og_locale":"en_GB","og_type":"article","og_title":"Asics ROAD All Over Print Top Men | 2011D092-200 | Lauflust.de | Product-Guide.org","og_description":"Asics ROAD All Over Print Top Men | 2011D092-200 | Lauflust.de gefunden von Product-Guide.org","og_url":"https:\/\/product-guide.org\/en\/produkt\/asics-road-all-over-print-top-men-2011d092-200-lauflust-de\/","og_site_name":"Product-Guide.org","twitter_card":"summary_large_image","schema":{"@context":"https:\/\/schema.org","@graph":[{"@type":"WebPage","@id":"https:\/\/product-guide.org\/produkt\/asics-road-all-over-print-top-men-2011d092-200-lauflust-de\/","url":"https:\/\/product-guide.org\/produkt\/asics-road-all-over-print-top-men-2011d092-200-lauflust-de\/","name":"Asics ROAD All Over Print Top Men | 2011D092-200 | Lauflust.de | Product-Guide.org","isPartOf":{"@id":"https:\/\/product-guide.org\/#website"},"primaryImageOfPage":{"@id":"https:\/\/product-guide.org\/produkt\/asics-road-all-over-print-top-men-2011d092-200-lauflust-de\/#primaryimage"},"image":{"@id":"https:\/\/product-guide.org\/produkt\/asics-road-all-over-print-top-men-2011d092-200-lauflust-de\/#primaryimage"},"thumbnailUrl":"https:\/\/product-guide.org\/wp-content\/uploads\/2025\/03\/Lauflust-8664-Asics-ROAD-All-Over-Print-Top-Men-2011D092-200.jpg","datePublished":"2025-03-17T13:09:33+00:00","description":"Asics ROAD All Over Print Top Men | 2011D092-200 | Lauflust.de gefunden von Product-Guide.org","breadcrumb":{"@id":"https:\/\/product-guide.org\/produkt\/asics-road-all-over-print-top-men-2011d092-200-lauflust-de\/#breadcrumb"},"inLanguage":"en-GB","potentialAction":[{"@type":"ReadAction","target":["https:\/\/product-guide.org\/produkt\/asics-road-all-over-print-top-men-2011d092-200-lauflust-de\/"]}]},{"@type":"ImageObject","inLanguage":"en-GB","@id":"https:\/\/product-guide.org\/produkt\/asics-road-all-over-print-top-men-2011d092-200-lauflust-de\/#primaryimage","url":"https:\/\/product-guide.org\/wp-content\/uploads\/2025\/03\/Lauflust-8664-Asics-ROAD-All-Over-Print-Top-Men-2011D092-200.jpg","contentUrl":"https:\/\/product-guide.org\/wp-content\/uploads\/2025\/03\/Lauflust-8664-Asics-ROAD-All-Over-Print-Top-Men-2011D092-200.jpg","width":1600,"height":1600},{"@type":"BreadcrumbList","@id":"https:\/\/product-guide.org\/produkt\/asics-road-all-over-print-top-men-2011d092-200-lauflust-de\/#breadcrumb","itemListElement":[{"@type":"ListItem","position":1,"name":"Home","item":"https:\/\/product-guide.org\/"},{"@type":"ListItem","position":2,"name":"Ergebnisse","item":"https:\/\/product-guide.org\/de\/ergebnisse\/"},{"@type":"ListItem","position":3,"name":"Asics ROAD All Over Print Top Men | 2011D092-200 | Lauflust.de"}]},{"@type":"WebSite","@id":"https:\/\/product-guide.org\/#website","url":"https:\/\/product-guide.org\/","name":"Product-Guide.org","description":"What Product are you looking for?","publisher":{"@id":"https:\/\/product-guide.org\/#organization"},"potentialAction":[{"@type":"SearchAction","target":{"@type":"EntryPoint","urlTemplate":"https:\/\/product-guide.org\/?s={search_term_string}"},"query-input":{"@type":"PropertyValueSpecification","valueRequired":true,"valueName":"search_term_string"}}],"inLanguage":"en-GB"},{"@type":"Organization","@id":"https:\/\/product-guide.org\/#organization","name":"Product-Guide.org","url":"https:\/\/product-guide.org\/","logo":{"@type":"ImageObject","inLanguage":"en-GB","@id":"https:\/\/product-guide.org\/#\/schema\/logo\/image\/","url":"https:\/\/product-guide.org\/wp-content\/uploads\/2022\/07\/logo_transparent_background.png","contentUrl":"https:\/\/product-guide.org\/wp-content\/uploads\/2022\/07\/logo_transparent_background.png","width":3400,"height":1132,"caption":"Product-Guide.org"},"image":{"@id":"https:\/\/product-guide.org\/#\/schema\/logo\/image\/"}}]}},"_links":{"self":[{"href":"https:\/\/product-guide.org\/en\/wp-json\/wp\/v2\/product\/61108","targetHints":{"allow":["GET"]}}],"collection":[{"href":"https:\/\/product-guide.org\/en\/wp-json\/wp\/v2\/product"}],"about":[{"href":"https:\/\/product-guide.org\/en\/wp-json\/wp\/v2\/types\/product"}],"wp:featuredmedia":[{"embeddable":true,"href":"https:\/\/product-guide.org\/en\/wp-json\/wp\/v2\/media\/61107"}],"wp:attachment":[{"href":"https:\/\/product-guide.org\/en\/wp-json\/wp\/v2\/media?parent=61108"}],"wp:term":[{"taxonomy":"store","embeddable":true,"href":"https:\/\/product-guide.org\/en\/wp-json\/wp\/v2\/store?post=61108"},{"taxonomy":"product_brand","embeddable":true,"href":"https:\/\/product-guide.org\/en\/wp-json\/wp\/v2\/product_brand?post=61108"},{"taxonomy":"product_cat","embeddable":true,"href":"https:\/\/product-guide.org\/en\/wp-json\/wp\/v2\/product_cat?post=61108"},{"taxonomy":"product_tag","embeddable":true,"href":"https:\/\/product-guide.org\/en\/wp-json\/wp\/v2\/product_tag?post=61108"}],"curies":[{"name":"wp","href":"https:\/\/api.w.org\/{rel}","templated":true}]}}