{"id":61131,"date":"2025-03-17T14:09:53","date_gmt":"2025-03-17T13:09:53","guid":{"rendered":"https:\/\/product-guide.org\/produkt\/odlo-zeroweight-engineered-chill-tec-laufshirt-men-315202-40456-lauflust-de-4\/"},"modified":"2025-03-17T14:09:53","modified_gmt":"2025-03-17T13:09:53","slug":"odlo-zeroweight-engineered-chill-tec-laufshirt-men-315202-40456-lauflust-de-4","status":"publish","type":"product","link":"https:\/\/product-guide.org\/en\/produkt\/odlo-zeroweight-engineered-chill-tec-laufshirt-men-315202-40456-lauflust-de-4\/","title":{"rendered":"Odlo Zeroweight Engineered Chill-Tec Laufshirt Men | 315202-40456 | Lauflust.de"},"content":{"rendered":"<p>Superleichtes Funktionsshirt f\u00fcr Laufbegeisterte, die ihren Sport ernst nehmen. Darf es etwas Besonderes sein? Das Zeroweight Engineered Chill-Tec Laufshirt aus recyceltem Polyester in melierter Optik wurde speziell f\u00fcr alle entwickelt, die hohe Anspr\u00fcche an ihre Laufbekleidung stellen. Die atmungsaktive integrierte Mesh-Grafik l\u00e4sst Luft an deiner Haut zirkulieren, sodass du selbst bei Tempol\u00e4ufen angenehm k\u00fchl bleibst. Daf\u00fcr sorgt auch die zus\u00e4tzliche Bel\u00fcftung an den Seitenn\u00e4hten. Damit unterwegs nichts st\u00f6rt, sind die Saumabschl\u00fcsse verklebt. Reflektierende Details erh\u00f6hen deine Sichtbarkeit in der D\u00e4mmerung. Ein High-Performance-Laufshirt f\u00fcr alle, die mehr wollen als nur die n\u00e4chste Bestzeit. H\u00e4lt dich k\u00fchl Verbessertes Feuchtigkeitsmanagement Leicht Atmungsaktives Netzmaterial Reflektierende Details Aus recycelten Materialien gefertigt Material: Oberstoff: 78% Polyester (recycelt), 22% Polyester Farbe: ambrosia melange<\/p>\n","protected":false},"excerpt":{"rendered":"<p>Superleichtes Funktionsshirt f\u00fcr Laufbegeisterte, die ihren Sport ernst nehmen. Darf es etwas Besonderes sein? Das Zeroweight Engineered Chill-Tec Laufshirt aus recyceltem Polyester in melierter Optik wurde speziell f\u00fcr alle entwickelt, die hohe Anspr\u00fcche an ihre Laufbekleidung stellen. Die atmungsaktive integrierte Mesh-Grafik l\u00e4sst Luft an deiner Haut zirkulieren, sodass du selbst bei Tempol\u00e4ufen angenehm k\u00fchl bleibst. [&hellip;]<\/p>\n","protected":false},"featured_media":61127,"template":"","meta":{"_gspb_post_css":""},"store":[],"product_brand":[1499],"product_cat":[1290],"product_tag":[],"class_list":{"0":"post-61131","1":"product","2":"type-product","3":"status-publish","4":"has-post-thumbnail","6":"product_brand-lauflust-de","7":"product_cat-uncategorized","9":"first","10":"instock","11":"shipping-taxable","12":"purchasable","13":"product-type-simple"},"yoast_head":"<!-- This site is optimized with the Yoast SEO plugin v24.6 - https:\/\/yoast.com\/wordpress\/plugins\/seo\/ -->\n<title>Odlo Zeroweight Engineered Chill-Tec Laufshirt Men | 315202-40456 | Lauflust.de | Product-Guide.org<\/title>\n<meta name=\"description\" content=\"Odlo Zeroweight Engineered Chill-Tec Laufshirt Men | 315202-40456 | Lauflust.de gefunden von Product-Guide.org\" \/>\n<meta name=\"robots\" content=\"index, follow, max-snippet:-1, max-image-preview:large, max-video-preview:-1\" \/>\n<link rel=\"canonical\" href=\"https:\/\/product-guide.org\/en\/produkt\/odlo-zeroweight-engineered-chill-tec-laufshirt-men-315202-40456-lauflust-de-4\/\" \/>\n<meta property=\"og:locale\" content=\"en_GB\" \/>\n<meta property=\"og:type\" content=\"article\" \/>\n<meta property=\"og:title\" content=\"Odlo Zeroweight Engineered Chill-Tec Laufshirt Men | 315202-40456 | Lauflust.de | Product-Guide.org\" \/>\n<meta property=\"og:description\" content=\"Odlo Zeroweight Engineered Chill-Tec Laufshirt Men | 315202-40456 | Lauflust.de gefunden von Product-Guide.org\" \/>\n<meta property=\"og:url\" content=\"https:\/\/product-guide.org\/en\/produkt\/odlo-zeroweight-engineered-chill-tec-laufshirt-men-315202-40456-lauflust-de-4\/\" \/>\n<meta property=\"og:site_name\" content=\"Product-Guide.org\" \/>\n<meta name=\"twitter:card\" content=\"summary_large_image\" \/>\n<script type=\"application\/ld+json\" class=\"yoast-schema-graph\">{\"@context\":\"https:\/\/schema.org\",\"@graph\":[{\"@type\":\"WebPage\",\"@id\":\"https:\/\/product-guide.org\/produkt\/odlo-zeroweight-engineered-chill-tec-laufshirt-men-315202-40456-lauflust-de-4\/\",\"url\":\"https:\/\/product-guide.org\/produkt\/odlo-zeroweight-engineered-chill-tec-laufshirt-men-315202-40456-lauflust-de-4\/\",\"name\":\"Odlo Zeroweight Engineered Chill-Tec Laufshirt Men | 315202-40456 | Lauflust.de | Product-Guide.org\",\"isPartOf\":{\"@id\":\"https:\/\/product-guide.org\/#website\"},\"primaryImageOfPage\":{\"@id\":\"https:\/\/product-guide.org\/produkt\/odlo-zeroweight-engineered-chill-tec-laufshirt-men-315202-40456-lauflust-de-4\/#primaryimage\"},\"image\":{\"@id\":\"https:\/\/product-guide.org\/produkt\/odlo-zeroweight-engineered-chill-tec-laufshirt-men-315202-40456-lauflust-de-4\/#primaryimage\"},\"thumbnailUrl\":\"https:\/\/product-guide.org\/wp-content\/uploads\/2025\/03\/Lauflust-8660-Odlo-Zeroweight-Engineered-Chill-Tec-Laufshirt-Men-315202-40456.jpg\",\"datePublished\":\"2025-03-17T13:09:53+00:00\",\"description\":\"Odlo Zeroweight Engineered Chill-Tec Laufshirt Men | 315202-40456 | Lauflust.de gefunden von Product-Guide.org\",\"breadcrumb\":{\"@id\":\"https:\/\/product-guide.org\/produkt\/odlo-zeroweight-engineered-chill-tec-laufshirt-men-315202-40456-lauflust-de-4\/#breadcrumb\"},\"inLanguage\":\"en-GB\",\"potentialAction\":[{\"@type\":\"ReadAction\",\"target\":[\"https:\/\/product-guide.org\/produkt\/odlo-zeroweight-engineered-chill-tec-laufshirt-men-315202-40456-lauflust-de-4\/\"]}]},{\"@type\":\"ImageObject\",\"inLanguage\":\"en-GB\",\"@id\":\"https:\/\/product-guide.org\/produkt\/odlo-zeroweight-engineered-chill-tec-laufshirt-men-315202-40456-lauflust-de-4\/#primaryimage\",\"url\":\"https:\/\/product-guide.org\/wp-content\/uploads\/2025\/03\/Lauflust-8660-Odlo-Zeroweight-Engineered-Chill-Tec-Laufshirt-Men-315202-40456.jpg\",\"contentUrl\":\"https:\/\/product-guide.org\/wp-content\/uploads\/2025\/03\/Lauflust-8660-Odlo-Zeroweight-Engineered-Chill-Tec-Laufshirt-Men-315202-40456.jpg\",\"width\":1600,\"height\":1600},{\"@type\":\"BreadcrumbList\",\"@id\":\"https:\/\/product-guide.org\/produkt\/odlo-zeroweight-engineered-chill-tec-laufshirt-men-315202-40456-lauflust-de-4\/#breadcrumb\",\"itemListElement\":[{\"@type\":\"ListItem\",\"position\":1,\"name\":\"Home\",\"item\":\"https:\/\/product-guide.org\/\"},{\"@type\":\"ListItem\",\"position\":2,\"name\":\"Ergebnisse\",\"item\":\"https:\/\/product-guide.org\/de\/ergebnisse\/\"},{\"@type\":\"ListItem\",\"position\":3,\"name\":\"Odlo Zeroweight Engineered Chill-Tec Laufshirt Men | 315202-40456 | Lauflust.de\"}]},{\"@type\":\"WebSite\",\"@id\":\"https:\/\/product-guide.org\/#website\",\"url\":\"https:\/\/product-guide.org\/\",\"name\":\"Product-Guide.org\",\"description\":\"What Product are you looking for?\",\"publisher\":{\"@id\":\"https:\/\/product-guide.org\/#organization\"},\"potentialAction\":[{\"@type\":\"SearchAction\",\"target\":{\"@type\":\"EntryPoint\",\"urlTemplate\":\"https:\/\/product-guide.org\/?s={search_term_string}\"},\"query-input\":{\"@type\":\"PropertyValueSpecification\",\"valueRequired\":true,\"valueName\":\"search_term_string\"}}],\"inLanguage\":\"en-GB\"},{\"@type\":\"Organization\",\"@id\":\"https:\/\/product-guide.org\/#organization\",\"name\":\"Product-Guide.org\",\"url\":\"https:\/\/product-guide.org\/\",\"logo\":{\"@type\":\"ImageObject\",\"inLanguage\":\"en-GB\",\"@id\":\"https:\/\/product-guide.org\/#\/schema\/logo\/image\/\",\"url\":\"https:\/\/product-guide.org\/wp-content\/uploads\/2022\/07\/logo_transparent_background.png\",\"contentUrl\":\"https:\/\/product-guide.org\/wp-content\/uploads\/2022\/07\/logo_transparent_background.png\",\"width\":3400,\"height\":1132,\"caption\":\"Product-Guide.org\"},\"image\":{\"@id\":\"https:\/\/product-guide.org\/#\/schema\/logo\/image\/\"}}]}<\/script>\n<!-- \/ Yoast SEO plugin. -->","yoast_head_json":{"title":"Odlo Zeroweight Engineered Chill-Tec Laufshirt Men | 315202-40456 | Lauflust.de | Product-Guide.org","description":"Odlo Zeroweight Engineered Chill-Tec Laufshirt Men | 315202-40456 | Lauflust.de gefunden von Product-Guide.org","robots":{"index":"index","follow":"follow","max-snippet":"max-snippet:-1","max-image-preview":"max-image-preview:large","max-video-preview":"max-video-preview:-1"},"canonical":"https:\/\/product-guide.org\/en\/produkt\/odlo-zeroweight-engineered-chill-tec-laufshirt-men-315202-40456-lauflust-de-4\/","og_locale":"en_GB","og_type":"article","og_title":"Odlo Zeroweight Engineered Chill-Tec Laufshirt Men | 315202-40456 | Lauflust.de | Product-Guide.org","og_description":"Odlo Zeroweight Engineered Chill-Tec Laufshirt Men | 315202-40456 | Lauflust.de gefunden von Product-Guide.org","og_url":"https:\/\/product-guide.org\/en\/produkt\/odlo-zeroweight-engineered-chill-tec-laufshirt-men-315202-40456-lauflust-de-4\/","og_site_name":"Product-Guide.org","twitter_card":"summary_large_image","schema":{"@context":"https:\/\/schema.org","@graph":[{"@type":"WebPage","@id":"https:\/\/product-guide.org\/produkt\/odlo-zeroweight-engineered-chill-tec-laufshirt-men-315202-40456-lauflust-de-4\/","url":"https:\/\/product-guide.org\/produkt\/odlo-zeroweight-engineered-chill-tec-laufshirt-men-315202-40456-lauflust-de-4\/","name":"Odlo Zeroweight Engineered Chill-Tec Laufshirt Men | 315202-40456 | Lauflust.de | Product-Guide.org","isPartOf":{"@id":"https:\/\/product-guide.org\/#website"},"primaryImageOfPage":{"@id":"https:\/\/product-guide.org\/produkt\/odlo-zeroweight-engineered-chill-tec-laufshirt-men-315202-40456-lauflust-de-4\/#primaryimage"},"image":{"@id":"https:\/\/product-guide.org\/produkt\/odlo-zeroweight-engineered-chill-tec-laufshirt-men-315202-40456-lauflust-de-4\/#primaryimage"},"thumbnailUrl":"https:\/\/product-guide.org\/wp-content\/uploads\/2025\/03\/Lauflust-8660-Odlo-Zeroweight-Engineered-Chill-Tec-Laufshirt-Men-315202-40456.jpg","datePublished":"2025-03-17T13:09:53+00:00","description":"Odlo Zeroweight Engineered Chill-Tec Laufshirt Men | 315202-40456 | Lauflust.de gefunden von Product-Guide.org","breadcrumb":{"@id":"https:\/\/product-guide.org\/produkt\/odlo-zeroweight-engineered-chill-tec-laufshirt-men-315202-40456-lauflust-de-4\/#breadcrumb"},"inLanguage":"en-GB","potentialAction":[{"@type":"ReadAction","target":["https:\/\/product-guide.org\/produkt\/odlo-zeroweight-engineered-chill-tec-laufshirt-men-315202-40456-lauflust-de-4\/"]}]},{"@type":"ImageObject","inLanguage":"en-GB","@id":"https:\/\/product-guide.org\/produkt\/odlo-zeroweight-engineered-chill-tec-laufshirt-men-315202-40456-lauflust-de-4\/#primaryimage","url":"https:\/\/product-guide.org\/wp-content\/uploads\/2025\/03\/Lauflust-8660-Odlo-Zeroweight-Engineered-Chill-Tec-Laufshirt-Men-315202-40456.jpg","contentUrl":"https:\/\/product-guide.org\/wp-content\/uploads\/2025\/03\/Lauflust-8660-Odlo-Zeroweight-Engineered-Chill-Tec-Laufshirt-Men-315202-40456.jpg","width":1600,"height":1600},{"@type":"BreadcrumbList","@id":"https:\/\/product-guide.org\/produkt\/odlo-zeroweight-engineered-chill-tec-laufshirt-men-315202-40456-lauflust-de-4\/#breadcrumb","itemListElement":[{"@type":"ListItem","position":1,"name":"Home","item":"https:\/\/product-guide.org\/"},{"@type":"ListItem","position":2,"name":"Ergebnisse","item":"https:\/\/product-guide.org\/de\/ergebnisse\/"},{"@type":"ListItem","position":3,"name":"Odlo Zeroweight Engineered Chill-Tec Laufshirt Men | 315202-40456 | Lauflust.de"}]},{"@type":"WebSite","@id":"https:\/\/product-guide.org\/#website","url":"https:\/\/product-guide.org\/","name":"Product-Guide.org","description":"What Product are you looking for?","publisher":{"@id":"https:\/\/product-guide.org\/#organization"},"potentialAction":[{"@type":"SearchAction","target":{"@type":"EntryPoint","urlTemplate":"https:\/\/product-guide.org\/?s={search_term_string}"},"query-input":{"@type":"PropertyValueSpecification","valueRequired":true,"valueName":"search_term_string"}}],"inLanguage":"en-GB"},{"@type":"Organization","@id":"https:\/\/product-guide.org\/#organization","name":"Product-Guide.org","url":"https:\/\/product-guide.org\/","logo":{"@type":"ImageObject","inLanguage":"en-GB","@id":"https:\/\/product-guide.org\/#\/schema\/logo\/image\/","url":"https:\/\/product-guide.org\/wp-content\/uploads\/2022\/07\/logo_transparent_background.png","contentUrl":"https:\/\/product-guide.org\/wp-content\/uploads\/2022\/07\/logo_transparent_background.png","width":3400,"height":1132,"caption":"Product-Guide.org"},"image":{"@id":"https:\/\/product-guide.org\/#\/schema\/logo\/image\/"}}]}},"_links":{"self":[{"href":"https:\/\/product-guide.org\/en\/wp-json\/wp\/v2\/product\/61131","targetHints":{"allow":["GET"]}}],"collection":[{"href":"https:\/\/product-guide.org\/en\/wp-json\/wp\/v2\/product"}],"about":[{"href":"https:\/\/product-guide.org\/en\/wp-json\/wp\/v2\/types\/product"}],"wp:featuredmedia":[{"embeddable":true,"href":"https:\/\/product-guide.org\/en\/wp-json\/wp\/v2\/media\/61127"}],"wp:attachment":[{"href":"https:\/\/product-guide.org\/en\/wp-json\/wp\/v2\/media?parent=61131"}],"wp:term":[{"taxonomy":"store","embeddable":true,"href":"https:\/\/product-guide.org\/en\/wp-json\/wp\/v2\/store?post=61131"},{"taxonomy":"product_brand","embeddable":true,"href":"https:\/\/product-guide.org\/en\/wp-json\/wp\/v2\/product_brand?post=61131"},{"taxonomy":"product_cat","embeddable":true,"href":"https:\/\/product-guide.org\/en\/wp-json\/wp\/v2\/product_cat?post=61131"},{"taxonomy":"product_tag","embeddable":true,"href":"https:\/\/product-guide.org\/en\/wp-json\/wp\/v2\/product_tag?post=61131"}],"curies":[{"name":"wp","href":"https:\/\/api.w.org\/{rel}","templated":true}]}}