{"id":61137,"date":"2025-03-17T14:09:58","date_gmt":"2025-03-17T13:09:58","guid":{"rendered":"https:\/\/product-guide.org\/produkt\/odlo-performance-x-light-eco-baselayer-t-shirt-herren-188492-40453-lauflust-de-5\/"},"modified":"2025-03-17T14:09:58","modified_gmt":"2025-03-17T13:09:58","slug":"odlo-performance-x-light-eco-baselayer-t-shirt-herren-188492-40453-lauflust-de-5","status":"publish","type":"product","link":"https:\/\/product-guide.org\/en\/produkt\/odlo-performance-x-light-eco-baselayer-t-shirt-herren-188492-40453-lauflust-de-5\/","title":{"rendered":"Odlo Performance X-LIGHT ECO Baselayer T-Shirt Herren | 188492-40453 | Lauflust.de"},"content":{"rendered":"<p>Ein T-Shirt, bei dem Komfort und Atmungsaktivit\u00e4t an erster Stelle stehen. Der Trail wird immer steiler und deine Schritte kleiner, w\u00e4hrend du dein Ziel schon vor Augen hast. Richtig ausger\u00fcstet meisterst du selbst den anstrengendsten Anstieg mit links. Zu dieser Ausr\u00fcstung geh\u00f6rt auch der kurz\u00e4rmelige Performance X-Light Eco Base Layer von ODLO, der neu gestaltet wurde. Mit einem gr\u00f6sseren Anteil an recycelten Materialien und Ceramicool-Fasern macht sich dieses T-Shirt sowohl beim Radfahren als auch beim Wandern und im Alltag gut. Kurz gesagt: immer, wenn K\u00fchlung und Komfort angesagt sind. K\u00fchler dank Active-Cooling-Technologie Verbesserte Feuchtigkeitsregulierung Leicht Aus recycelten Materialien gefertigt Bel\u00fcftungszonen Vielseitig Material: 73% Polyester (recycled); 27% Polyamid Farbe: patina green<\/p>\n","protected":false},"excerpt":{"rendered":"<p>Ein T-Shirt, bei dem Komfort und Atmungsaktivit\u00e4t an erster Stelle stehen. Der Trail wird immer steiler und deine Schritte kleiner, w\u00e4hrend du dein Ziel schon vor Augen hast. Richtig ausger\u00fcstet meisterst du selbst den anstrengendsten Anstieg mit links. Zu dieser Ausr\u00fcstung geh\u00f6rt auch der kurz\u00e4rmelige Performance X-Light Eco Base Layer von ODLO, der neu gestaltet [&hellip;]<\/p>\n","protected":false},"featured_media":61132,"template":"","meta":{"_gspb_post_css":""},"store":[],"product_brand":[1499],"product_cat":[1290],"product_tag":[],"class_list":{"0":"post-61137","1":"product","2":"type-product","3":"status-publish","4":"has-post-thumbnail","6":"product_brand-lauflust-de","7":"product_cat-uncategorized","9":"first","10":"instock","11":"shipping-taxable","12":"purchasable","13":"product-type-simple"},"yoast_head":"<!-- This site is optimized with the Yoast SEO plugin v24.6 - https:\/\/yoast.com\/wordpress\/plugins\/seo\/ -->\n<title>Odlo Performance X-LIGHT ECO Baselayer T-Shirt Herren | 188492-40453 | Lauflust.de | Product-Guide.org<\/title>\n<meta name=\"description\" content=\"Odlo Performance X-LIGHT ECO Baselayer T-Shirt Herren | 188492-40453 | Lauflust.de gefunden von Product-Guide.org\" \/>\n<meta name=\"robots\" content=\"index, follow, max-snippet:-1, max-image-preview:large, max-video-preview:-1\" \/>\n<link rel=\"canonical\" href=\"https:\/\/product-guide.org\/en\/produkt\/odlo-performance-x-light-eco-baselayer-t-shirt-herren-188492-40453-lauflust-de-5\/\" \/>\n<meta property=\"og:locale\" content=\"en_GB\" \/>\n<meta property=\"og:type\" content=\"article\" \/>\n<meta property=\"og:title\" content=\"Odlo Performance X-LIGHT ECO Baselayer T-Shirt Herren | 188492-40453 | Lauflust.de | Product-Guide.org\" \/>\n<meta property=\"og:description\" content=\"Odlo Performance X-LIGHT ECO Baselayer T-Shirt Herren | 188492-40453 | Lauflust.de gefunden von Product-Guide.org\" \/>\n<meta property=\"og:url\" content=\"https:\/\/product-guide.org\/en\/produkt\/odlo-performance-x-light-eco-baselayer-t-shirt-herren-188492-40453-lauflust-de-5\/\" \/>\n<meta property=\"og:site_name\" content=\"Product-Guide.org\" \/>\n<meta name=\"twitter:card\" content=\"summary_large_image\" \/>\n<script type=\"application\/ld+json\" class=\"yoast-schema-graph\">{\"@context\":\"https:\/\/schema.org\",\"@graph\":[{\"@type\":\"WebPage\",\"@id\":\"https:\/\/product-guide.org\/produkt\/odlo-performance-x-light-eco-baselayer-t-shirt-herren-188492-40453-lauflust-de-5\/\",\"url\":\"https:\/\/product-guide.org\/produkt\/odlo-performance-x-light-eco-baselayer-t-shirt-herren-188492-40453-lauflust-de-5\/\",\"name\":\"Odlo Performance X-LIGHT ECO Baselayer T-Shirt Herren | 188492-40453 | Lauflust.de | Product-Guide.org\",\"isPartOf\":{\"@id\":\"https:\/\/product-guide.org\/#website\"},\"primaryImageOfPage\":{\"@id\":\"https:\/\/product-guide.org\/produkt\/odlo-performance-x-light-eco-baselayer-t-shirt-herren-188492-40453-lauflust-de-5\/#primaryimage\"},\"image\":{\"@id\":\"https:\/\/product-guide.org\/produkt\/odlo-performance-x-light-eco-baselayer-t-shirt-herren-188492-40453-lauflust-de-5\/#primaryimage\"},\"thumbnailUrl\":\"https:\/\/product-guide.org\/wp-content\/uploads\/2025\/03\/Lauflust-8665-Odlo-Performance-X-LIGHT-ECO-Baselayer-T-Shirt-Herren-188492-40453.jpg\",\"datePublished\":\"2025-03-17T13:09:58+00:00\",\"description\":\"Odlo Performance X-LIGHT ECO Baselayer T-Shirt Herren | 188492-40453 | Lauflust.de gefunden von Product-Guide.org\",\"breadcrumb\":{\"@id\":\"https:\/\/product-guide.org\/produkt\/odlo-performance-x-light-eco-baselayer-t-shirt-herren-188492-40453-lauflust-de-5\/#breadcrumb\"},\"inLanguage\":\"en-GB\",\"potentialAction\":[{\"@type\":\"ReadAction\",\"target\":[\"https:\/\/product-guide.org\/produkt\/odlo-performance-x-light-eco-baselayer-t-shirt-herren-188492-40453-lauflust-de-5\/\"]}]},{\"@type\":\"ImageObject\",\"inLanguage\":\"en-GB\",\"@id\":\"https:\/\/product-guide.org\/produkt\/odlo-performance-x-light-eco-baselayer-t-shirt-herren-188492-40453-lauflust-de-5\/#primaryimage\",\"url\":\"https:\/\/product-guide.org\/wp-content\/uploads\/2025\/03\/Lauflust-8665-Odlo-Performance-X-LIGHT-ECO-Baselayer-T-Shirt-Herren-188492-40453.jpg\",\"contentUrl\":\"https:\/\/product-guide.org\/wp-content\/uploads\/2025\/03\/Lauflust-8665-Odlo-Performance-X-LIGHT-ECO-Baselayer-T-Shirt-Herren-188492-40453.jpg\",\"width\":1600,\"height\":1600},{\"@type\":\"BreadcrumbList\",\"@id\":\"https:\/\/product-guide.org\/produkt\/odlo-performance-x-light-eco-baselayer-t-shirt-herren-188492-40453-lauflust-de-5\/#breadcrumb\",\"itemListElement\":[{\"@type\":\"ListItem\",\"position\":1,\"name\":\"Home\",\"item\":\"https:\/\/product-guide.org\/\"},{\"@type\":\"ListItem\",\"position\":2,\"name\":\"Ergebnisse\",\"item\":\"https:\/\/product-guide.org\/de\/ergebnisse\/\"},{\"@type\":\"ListItem\",\"position\":3,\"name\":\"Odlo Performance X-LIGHT ECO Baselayer T-Shirt Herren | 188492-40453 | Lauflust.de\"}]},{\"@type\":\"WebSite\",\"@id\":\"https:\/\/product-guide.org\/#website\",\"url\":\"https:\/\/product-guide.org\/\",\"name\":\"Product-Guide.org\",\"description\":\"What Product are you looking for?\",\"publisher\":{\"@id\":\"https:\/\/product-guide.org\/#organization\"},\"potentialAction\":[{\"@type\":\"SearchAction\",\"target\":{\"@type\":\"EntryPoint\",\"urlTemplate\":\"https:\/\/product-guide.org\/?s={search_term_string}\"},\"query-input\":{\"@type\":\"PropertyValueSpecification\",\"valueRequired\":true,\"valueName\":\"search_term_string\"}}],\"inLanguage\":\"en-GB\"},{\"@type\":\"Organization\",\"@id\":\"https:\/\/product-guide.org\/#organization\",\"name\":\"Product-Guide.org\",\"url\":\"https:\/\/product-guide.org\/\",\"logo\":{\"@type\":\"ImageObject\",\"inLanguage\":\"en-GB\",\"@id\":\"https:\/\/product-guide.org\/#\/schema\/logo\/image\/\",\"url\":\"https:\/\/product-guide.org\/wp-content\/uploads\/2022\/07\/logo_transparent_background.png\",\"contentUrl\":\"https:\/\/product-guide.org\/wp-content\/uploads\/2022\/07\/logo_transparent_background.png\",\"width\":3400,\"height\":1132,\"caption\":\"Product-Guide.org\"},\"image\":{\"@id\":\"https:\/\/product-guide.org\/#\/schema\/logo\/image\/\"}}]}<\/script>\n<!-- \/ Yoast SEO plugin. -->","yoast_head_json":{"title":"Odlo Performance X-LIGHT ECO Baselayer T-Shirt Herren | 188492-40453 | Lauflust.de | Product-Guide.org","description":"Odlo Performance X-LIGHT ECO Baselayer T-Shirt Herren | 188492-40453 | Lauflust.de gefunden von Product-Guide.org","robots":{"index":"index","follow":"follow","max-snippet":"max-snippet:-1","max-image-preview":"max-image-preview:large","max-video-preview":"max-video-preview:-1"},"canonical":"https:\/\/product-guide.org\/en\/produkt\/odlo-performance-x-light-eco-baselayer-t-shirt-herren-188492-40453-lauflust-de-5\/","og_locale":"en_GB","og_type":"article","og_title":"Odlo Performance X-LIGHT ECO Baselayer T-Shirt Herren | 188492-40453 | Lauflust.de | Product-Guide.org","og_description":"Odlo Performance X-LIGHT ECO Baselayer T-Shirt Herren | 188492-40453 | Lauflust.de gefunden von Product-Guide.org","og_url":"https:\/\/product-guide.org\/en\/produkt\/odlo-performance-x-light-eco-baselayer-t-shirt-herren-188492-40453-lauflust-de-5\/","og_site_name":"Product-Guide.org","twitter_card":"summary_large_image","schema":{"@context":"https:\/\/schema.org","@graph":[{"@type":"WebPage","@id":"https:\/\/product-guide.org\/produkt\/odlo-performance-x-light-eco-baselayer-t-shirt-herren-188492-40453-lauflust-de-5\/","url":"https:\/\/product-guide.org\/produkt\/odlo-performance-x-light-eco-baselayer-t-shirt-herren-188492-40453-lauflust-de-5\/","name":"Odlo Performance X-LIGHT ECO Baselayer T-Shirt Herren | 188492-40453 | Lauflust.de | Product-Guide.org","isPartOf":{"@id":"https:\/\/product-guide.org\/#website"},"primaryImageOfPage":{"@id":"https:\/\/product-guide.org\/produkt\/odlo-performance-x-light-eco-baselayer-t-shirt-herren-188492-40453-lauflust-de-5\/#primaryimage"},"image":{"@id":"https:\/\/product-guide.org\/produkt\/odlo-performance-x-light-eco-baselayer-t-shirt-herren-188492-40453-lauflust-de-5\/#primaryimage"},"thumbnailUrl":"https:\/\/product-guide.org\/wp-content\/uploads\/2025\/03\/Lauflust-8665-Odlo-Performance-X-LIGHT-ECO-Baselayer-T-Shirt-Herren-188492-40453.jpg","datePublished":"2025-03-17T13:09:58+00:00","description":"Odlo Performance X-LIGHT ECO Baselayer T-Shirt Herren | 188492-40453 | Lauflust.de gefunden von Product-Guide.org","breadcrumb":{"@id":"https:\/\/product-guide.org\/produkt\/odlo-performance-x-light-eco-baselayer-t-shirt-herren-188492-40453-lauflust-de-5\/#breadcrumb"},"inLanguage":"en-GB","potentialAction":[{"@type":"ReadAction","target":["https:\/\/product-guide.org\/produkt\/odlo-performance-x-light-eco-baselayer-t-shirt-herren-188492-40453-lauflust-de-5\/"]}]},{"@type":"ImageObject","inLanguage":"en-GB","@id":"https:\/\/product-guide.org\/produkt\/odlo-performance-x-light-eco-baselayer-t-shirt-herren-188492-40453-lauflust-de-5\/#primaryimage","url":"https:\/\/product-guide.org\/wp-content\/uploads\/2025\/03\/Lauflust-8665-Odlo-Performance-X-LIGHT-ECO-Baselayer-T-Shirt-Herren-188492-40453.jpg","contentUrl":"https:\/\/product-guide.org\/wp-content\/uploads\/2025\/03\/Lauflust-8665-Odlo-Performance-X-LIGHT-ECO-Baselayer-T-Shirt-Herren-188492-40453.jpg","width":1600,"height":1600},{"@type":"BreadcrumbList","@id":"https:\/\/product-guide.org\/produkt\/odlo-performance-x-light-eco-baselayer-t-shirt-herren-188492-40453-lauflust-de-5\/#breadcrumb","itemListElement":[{"@type":"ListItem","position":1,"name":"Home","item":"https:\/\/product-guide.org\/"},{"@type":"ListItem","position":2,"name":"Ergebnisse","item":"https:\/\/product-guide.org\/de\/ergebnisse\/"},{"@type":"ListItem","position":3,"name":"Odlo Performance X-LIGHT ECO Baselayer T-Shirt Herren | 188492-40453 | Lauflust.de"}]},{"@type":"WebSite","@id":"https:\/\/product-guide.org\/#website","url":"https:\/\/product-guide.org\/","name":"Product-Guide.org","description":"What Product are you looking for?","publisher":{"@id":"https:\/\/product-guide.org\/#organization"},"potentialAction":[{"@type":"SearchAction","target":{"@type":"EntryPoint","urlTemplate":"https:\/\/product-guide.org\/?s={search_term_string}"},"query-input":{"@type":"PropertyValueSpecification","valueRequired":true,"valueName":"search_term_string"}}],"inLanguage":"en-GB"},{"@type":"Organization","@id":"https:\/\/product-guide.org\/#organization","name":"Product-Guide.org","url":"https:\/\/product-guide.org\/","logo":{"@type":"ImageObject","inLanguage":"en-GB","@id":"https:\/\/product-guide.org\/#\/schema\/logo\/image\/","url":"https:\/\/product-guide.org\/wp-content\/uploads\/2022\/07\/logo_transparent_background.png","contentUrl":"https:\/\/product-guide.org\/wp-content\/uploads\/2022\/07\/logo_transparent_background.png","width":3400,"height":1132,"caption":"Product-Guide.org"},"image":{"@id":"https:\/\/product-guide.org\/#\/schema\/logo\/image\/"}}]}},"_links":{"self":[{"href":"https:\/\/product-guide.org\/en\/wp-json\/wp\/v2\/product\/61137","targetHints":{"allow":["GET"]}}],"collection":[{"href":"https:\/\/product-guide.org\/en\/wp-json\/wp\/v2\/product"}],"about":[{"href":"https:\/\/product-guide.org\/en\/wp-json\/wp\/v2\/types\/product"}],"wp:featuredmedia":[{"embeddable":true,"href":"https:\/\/product-guide.org\/en\/wp-json\/wp\/v2\/media\/61132"}],"wp:attachment":[{"href":"https:\/\/product-guide.org\/en\/wp-json\/wp\/v2\/media?parent=61137"}],"wp:term":[{"taxonomy":"store","embeddable":true,"href":"https:\/\/product-guide.org\/en\/wp-json\/wp\/v2\/store?post=61137"},{"taxonomy":"product_brand","embeddable":true,"href":"https:\/\/product-guide.org\/en\/wp-json\/wp\/v2\/product_brand?post=61137"},{"taxonomy":"product_cat","embeddable":true,"href":"https:\/\/product-guide.org\/en\/wp-json\/wp\/v2\/product_cat?post=61137"},{"taxonomy":"product_tag","embeddable":true,"href":"https:\/\/product-guide.org\/en\/wp-json\/wp\/v2\/product_tag?post=61137"}],"curies":[{"name":"wp","href":"https:\/\/api.w.org\/{rel}","templated":true}]}}