{"id":61141,"date":"2025-03-17T14:10:03","date_gmt":"2025-03-17T13:10:03","guid":{"rendered":"https:\/\/product-guide.org\/produkt\/falke-ru-compression-energy-fiji-lady-16250-6423-lauflust-de\/"},"modified":"2025-03-17T14:10:03","modified_gmt":"2025-03-17T13:10:03","slug":"falke-ru-compression-energy-fiji-lady-16250-6423-lauflust-de","status":"publish","type":"product","link":"https:\/\/product-guide.org\/en\/produkt\/falke-ru-compression-energy-fiji-lady-16250-6423-lauflust-de\/","title":{"rendered":"Falke RU Compression Energy fiji Lady | 16250-6423 | Lauflust.de"},"content":{"rendered":"<p>Machen deinen Lauf noch besser! Mit dem &#8220;FALKE RU Compression&#8221; steigerst du deine Leistung und beschleunigst die Regeneration. Die graduelle Kompression f\u00f6rdert die Durchblutung und reduziert Muskelerm\u00fcdung, w\u00e4hrend die feuchtigkeitsableitende 3-lagige Konstruktion die F\u00fc\u00dfe trocken und blasenfrei h\u00e4lt. Die FALKE Links-Rechts-Passform passt sich perfekt an deine F\u00fc\u00dfe an, und die mittlere D\u00e4mpfung sorgt f\u00fcr ein angenehmes und reaktionsfreudiges Tragegef\u00fchl. Die Socken bestehen aus einer k\u00fchlenden Polyamid Mischung und bieten selbst bei langen und anstrengenden L\u00e4ufen ein angenehmes Tragegef\u00fchl. Erh\u00e4ltlich in unterschiedlichen Fu\u00dfgr\u00f6\u00dfen und Wadenweiten f\u00fcr eine perfekte Passform. Kompressionsstr\u00fcmpfe f\u00fcr schnellere Erholung und bessere Blutzirkulation Graduelle Kompression zur Verbesserung der Durchblutung und zur Verringerung der Muskelerm\u00fcdung Feuchtigkeitsableitende 3-Lagen-Konstruktion, die die F\u00fc\u00dfe trocken und blasenfrei h\u00e4lt Optimale Passform, angepasst an die spezifischen Anforderungen des jeweiligen Fu\u00dfes (echter L\/R-Fu\u00df) Mittlere Polsterung f\u00fcr eine Kombination aus Komfort und Kraft\u00fcbertragung K\u00fchlende Polyamid-Mischung Feminine Passform, speziell angepasst an schmale F\u00fc\u00dfe Farbe: fiji Fu\u00dfgr\u00f6\u00dfe Wadenumfang 35 &#8211; 38 W1 30-35cm 35 &#8211; 38 W2 36-40cm 39 &#8211; 42 W1 30-35cm 39 &#8211; 42 W2 36-40cm Bitte den Wadenumfang an der st\u00e4rksten Stelle messen und die entsprechende Gr\u00f6\u00dfe ausw\u00e4hlen. Feuchtigkeitsregulierend Einzigartiges, trockenes Gef\u00fchl auf der Haut durch hohe Feuchtigkeitsaufnahme. Schnellste R\u00fccktrocknung schnell trocknendes Material K\u00fchlende Wirkung Sorgt f\u00fcr ein optimales Wohlf\u00fchlklima. Schnellere Regeneration F\u00f6rdert eine schnellere Regeneration durch graduelle Kompression. Verbesserte Sauerstoffversorgung F\u00f6rdert die Blutzirkulation und die Sauerstoffversorgung. Durchblutungsf\u00f6rdernd Verbessert die Durchblutung durch ein anatomisch angepassten Druckverlauf. Verletzungsvorbeugend Reduziert das Verletzungsrisiko durch Kompressionszonen im Gewebe. Material: 70% Polyamid, 18% Polypropylen, 12% Elasthan<\/p>\n","protected":false},"excerpt":{"rendered":"<p>Machen deinen Lauf noch besser! Mit dem &#8220;FALKE RU Compression&#8221; steigerst du deine Leistung und beschleunigst die Regeneration. Die graduelle Kompression f\u00f6rdert die Durchblutung und reduziert Muskelerm\u00fcdung, w\u00e4hrend die feuchtigkeitsableitende 3-lagige Konstruktion die F\u00fc\u00dfe trocken und blasenfrei h\u00e4lt. Die FALKE Links-Rechts-Passform passt sich perfekt an deine F\u00fc\u00dfe an, und die mittlere D\u00e4mpfung sorgt f\u00fcr ein [&hellip;]<\/p>\n","protected":false},"featured_media":61140,"template":"","meta":{"_gspb_post_css":""},"store":[],"product_brand":[1499],"product_cat":[1290],"product_tag":[],"class_list":{"0":"post-61141","1":"product","2":"type-product","3":"status-publish","4":"has-post-thumbnail","6":"product_brand-lauflust-de","7":"product_cat-uncategorized","9":"first","10":"instock","11":"shipping-taxable","12":"purchasable","13":"product-type-simple"},"yoast_head":"<!-- This site is optimized with the Yoast SEO plugin v24.6 - https:\/\/yoast.com\/wordpress\/plugins\/seo\/ -->\n<title>Falke RU Compression Energy fiji Lady | 16250-6423 | Lauflust.de | Product-Guide.org<\/title>\n<meta name=\"description\" content=\"Falke RU Compression Energy fiji Lady | 16250-6423 | Lauflust.de gefunden von Product-Guide.org\" \/>\n<meta name=\"robots\" content=\"index, follow, max-snippet:-1, max-image-preview:large, max-video-preview:-1\" \/>\n<link rel=\"canonical\" href=\"https:\/\/product-guide.org\/en\/produkt\/falke-ru-compression-energy-fiji-lady-16250-6423-lauflust-de\/\" \/>\n<meta property=\"og:locale\" content=\"en_GB\" \/>\n<meta property=\"og:type\" content=\"article\" \/>\n<meta property=\"og:title\" content=\"Falke RU Compression Energy fiji Lady | 16250-6423 | Lauflust.de | Product-Guide.org\" \/>\n<meta property=\"og:description\" content=\"Falke RU Compression Energy fiji Lady | 16250-6423 | Lauflust.de gefunden von Product-Guide.org\" \/>\n<meta property=\"og:url\" content=\"https:\/\/product-guide.org\/en\/produkt\/falke-ru-compression-energy-fiji-lady-16250-6423-lauflust-de\/\" \/>\n<meta property=\"og:site_name\" content=\"Product-Guide.org\" \/>\n<meta name=\"twitter:card\" content=\"summary_large_image\" \/>\n<script type=\"application\/ld+json\" class=\"yoast-schema-graph\">{\"@context\":\"https:\/\/schema.org\",\"@graph\":[{\"@type\":\"WebPage\",\"@id\":\"https:\/\/product-guide.org\/produkt\/falke-ru-compression-energy-fiji-lady-16250-6423-lauflust-de\/\",\"url\":\"https:\/\/product-guide.org\/produkt\/falke-ru-compression-energy-fiji-lady-16250-6423-lauflust-de\/\",\"name\":\"Falke RU Compression Energy fiji Lady | 16250-6423 | Lauflust.de | Product-Guide.org\",\"isPartOf\":{\"@id\":\"https:\/\/product-guide.org\/#website\"},\"primaryImageOfPage\":{\"@id\":\"https:\/\/product-guide.org\/produkt\/falke-ru-compression-energy-fiji-lady-16250-6423-lauflust-de\/#primaryimage\"},\"image\":{\"@id\":\"https:\/\/product-guide.org\/produkt\/falke-ru-compression-energy-fiji-lady-16250-6423-lauflust-de\/#primaryimage\"},\"thumbnailUrl\":\"https:\/\/product-guide.org\/wp-content\/uploads\/2025\/03\/Lauflust-8667-Falke-RU-Compression-Energy-black-Lady-16250-6423.jpg\",\"datePublished\":\"2025-03-17T13:10:03+00:00\",\"description\":\"Falke RU Compression Energy fiji Lady | 16250-6423 | Lauflust.de gefunden von Product-Guide.org\",\"breadcrumb\":{\"@id\":\"https:\/\/product-guide.org\/produkt\/falke-ru-compression-energy-fiji-lady-16250-6423-lauflust-de\/#breadcrumb\"},\"inLanguage\":\"en-GB\",\"potentialAction\":[{\"@type\":\"ReadAction\",\"target\":[\"https:\/\/product-guide.org\/produkt\/falke-ru-compression-energy-fiji-lady-16250-6423-lauflust-de\/\"]}]},{\"@type\":\"ImageObject\",\"inLanguage\":\"en-GB\",\"@id\":\"https:\/\/product-guide.org\/produkt\/falke-ru-compression-energy-fiji-lady-16250-6423-lauflust-de\/#primaryimage\",\"url\":\"https:\/\/product-guide.org\/wp-content\/uploads\/2025\/03\/Lauflust-8667-Falke-RU-Compression-Energy-black-Lady-16250-6423.jpg\",\"contentUrl\":\"https:\/\/product-guide.org\/wp-content\/uploads\/2025\/03\/Lauflust-8667-Falke-RU-Compression-Energy-black-Lady-16250-6423.jpg\",\"width\":1600,\"height\":1600},{\"@type\":\"BreadcrumbList\",\"@id\":\"https:\/\/product-guide.org\/produkt\/falke-ru-compression-energy-fiji-lady-16250-6423-lauflust-de\/#breadcrumb\",\"itemListElement\":[{\"@type\":\"ListItem\",\"position\":1,\"name\":\"Home\",\"item\":\"https:\/\/product-guide.org\/\"},{\"@type\":\"ListItem\",\"position\":2,\"name\":\"Ergebnisse\",\"item\":\"https:\/\/product-guide.org\/de\/ergebnisse\/\"},{\"@type\":\"ListItem\",\"position\":3,\"name\":\"Falke RU Compression Energy fiji Lady | 16250-6423 | Lauflust.de\"}]},{\"@type\":\"WebSite\",\"@id\":\"https:\/\/product-guide.org\/#website\",\"url\":\"https:\/\/product-guide.org\/\",\"name\":\"Product-Guide.org\",\"description\":\"What Product are you looking for?\",\"publisher\":{\"@id\":\"https:\/\/product-guide.org\/#organization\"},\"potentialAction\":[{\"@type\":\"SearchAction\",\"target\":{\"@type\":\"EntryPoint\",\"urlTemplate\":\"https:\/\/product-guide.org\/?s={search_term_string}\"},\"query-input\":{\"@type\":\"PropertyValueSpecification\",\"valueRequired\":true,\"valueName\":\"search_term_string\"}}],\"inLanguage\":\"en-GB\"},{\"@type\":\"Organization\",\"@id\":\"https:\/\/product-guide.org\/#organization\",\"name\":\"Product-Guide.org\",\"url\":\"https:\/\/product-guide.org\/\",\"logo\":{\"@type\":\"ImageObject\",\"inLanguage\":\"en-GB\",\"@id\":\"https:\/\/product-guide.org\/#\/schema\/logo\/image\/\",\"url\":\"https:\/\/product-guide.org\/wp-content\/uploads\/2022\/07\/logo_transparent_background.png\",\"contentUrl\":\"https:\/\/product-guide.org\/wp-content\/uploads\/2022\/07\/logo_transparent_background.png\",\"width\":3400,\"height\":1132,\"caption\":\"Product-Guide.org\"},\"image\":{\"@id\":\"https:\/\/product-guide.org\/#\/schema\/logo\/image\/\"}}]}<\/script>\n<!-- \/ Yoast SEO plugin. -->","yoast_head_json":{"title":"Falke RU Compression Energy fiji Lady | 16250-6423 | Lauflust.de | Product-Guide.org","description":"Falke RU Compression Energy fiji Lady | 16250-6423 | Lauflust.de gefunden von Product-Guide.org","robots":{"index":"index","follow":"follow","max-snippet":"max-snippet:-1","max-image-preview":"max-image-preview:large","max-video-preview":"max-video-preview:-1"},"canonical":"https:\/\/product-guide.org\/en\/produkt\/falke-ru-compression-energy-fiji-lady-16250-6423-lauflust-de\/","og_locale":"en_GB","og_type":"article","og_title":"Falke RU Compression Energy fiji Lady | 16250-6423 | Lauflust.de | Product-Guide.org","og_description":"Falke RU Compression Energy fiji Lady | 16250-6423 | Lauflust.de gefunden von Product-Guide.org","og_url":"https:\/\/product-guide.org\/en\/produkt\/falke-ru-compression-energy-fiji-lady-16250-6423-lauflust-de\/","og_site_name":"Product-Guide.org","twitter_card":"summary_large_image","schema":{"@context":"https:\/\/schema.org","@graph":[{"@type":"WebPage","@id":"https:\/\/product-guide.org\/produkt\/falke-ru-compression-energy-fiji-lady-16250-6423-lauflust-de\/","url":"https:\/\/product-guide.org\/produkt\/falke-ru-compression-energy-fiji-lady-16250-6423-lauflust-de\/","name":"Falke RU Compression Energy fiji Lady | 16250-6423 | Lauflust.de | Product-Guide.org","isPartOf":{"@id":"https:\/\/product-guide.org\/#website"},"primaryImageOfPage":{"@id":"https:\/\/product-guide.org\/produkt\/falke-ru-compression-energy-fiji-lady-16250-6423-lauflust-de\/#primaryimage"},"image":{"@id":"https:\/\/product-guide.org\/produkt\/falke-ru-compression-energy-fiji-lady-16250-6423-lauflust-de\/#primaryimage"},"thumbnailUrl":"https:\/\/product-guide.org\/wp-content\/uploads\/2025\/03\/Lauflust-8667-Falke-RU-Compression-Energy-black-Lady-16250-6423.jpg","datePublished":"2025-03-17T13:10:03+00:00","description":"Falke RU Compression Energy fiji Lady | 16250-6423 | Lauflust.de gefunden von Product-Guide.org","breadcrumb":{"@id":"https:\/\/product-guide.org\/produkt\/falke-ru-compression-energy-fiji-lady-16250-6423-lauflust-de\/#breadcrumb"},"inLanguage":"en-GB","potentialAction":[{"@type":"ReadAction","target":["https:\/\/product-guide.org\/produkt\/falke-ru-compression-energy-fiji-lady-16250-6423-lauflust-de\/"]}]},{"@type":"ImageObject","inLanguage":"en-GB","@id":"https:\/\/product-guide.org\/produkt\/falke-ru-compression-energy-fiji-lady-16250-6423-lauflust-de\/#primaryimage","url":"https:\/\/product-guide.org\/wp-content\/uploads\/2025\/03\/Lauflust-8667-Falke-RU-Compression-Energy-black-Lady-16250-6423.jpg","contentUrl":"https:\/\/product-guide.org\/wp-content\/uploads\/2025\/03\/Lauflust-8667-Falke-RU-Compression-Energy-black-Lady-16250-6423.jpg","width":1600,"height":1600},{"@type":"BreadcrumbList","@id":"https:\/\/product-guide.org\/produkt\/falke-ru-compression-energy-fiji-lady-16250-6423-lauflust-de\/#breadcrumb","itemListElement":[{"@type":"ListItem","position":1,"name":"Home","item":"https:\/\/product-guide.org\/"},{"@type":"ListItem","position":2,"name":"Ergebnisse","item":"https:\/\/product-guide.org\/de\/ergebnisse\/"},{"@type":"ListItem","position":3,"name":"Falke RU Compression Energy fiji Lady | 16250-6423 | Lauflust.de"}]},{"@type":"WebSite","@id":"https:\/\/product-guide.org\/#website","url":"https:\/\/product-guide.org\/","name":"Product-Guide.org","description":"What Product are you looking for?","publisher":{"@id":"https:\/\/product-guide.org\/#organization"},"potentialAction":[{"@type":"SearchAction","target":{"@type":"EntryPoint","urlTemplate":"https:\/\/product-guide.org\/?s={search_term_string}"},"query-input":{"@type":"PropertyValueSpecification","valueRequired":true,"valueName":"search_term_string"}}],"inLanguage":"en-GB"},{"@type":"Organization","@id":"https:\/\/product-guide.org\/#organization","name":"Product-Guide.org","url":"https:\/\/product-guide.org\/","logo":{"@type":"ImageObject","inLanguage":"en-GB","@id":"https:\/\/product-guide.org\/#\/schema\/logo\/image\/","url":"https:\/\/product-guide.org\/wp-content\/uploads\/2022\/07\/logo_transparent_background.png","contentUrl":"https:\/\/product-guide.org\/wp-content\/uploads\/2022\/07\/logo_transparent_background.png","width":3400,"height":1132,"caption":"Product-Guide.org"},"image":{"@id":"https:\/\/product-guide.org\/#\/schema\/logo\/image\/"}}]}},"_links":{"self":[{"href":"https:\/\/product-guide.org\/en\/wp-json\/wp\/v2\/product\/61141","targetHints":{"allow":["GET"]}}],"collection":[{"href":"https:\/\/product-guide.org\/en\/wp-json\/wp\/v2\/product"}],"about":[{"href":"https:\/\/product-guide.org\/en\/wp-json\/wp\/v2\/types\/product"}],"wp:featuredmedia":[{"embeddable":true,"href":"https:\/\/product-guide.org\/en\/wp-json\/wp\/v2\/media\/61140"}],"wp:attachment":[{"href":"https:\/\/product-guide.org\/en\/wp-json\/wp\/v2\/media?parent=61141"}],"wp:term":[{"taxonomy":"store","embeddable":true,"href":"https:\/\/product-guide.org\/en\/wp-json\/wp\/v2\/store?post=61141"},{"taxonomy":"product_brand","embeddable":true,"href":"https:\/\/product-guide.org\/en\/wp-json\/wp\/v2\/product_brand?post=61141"},{"taxonomy":"product_cat","embeddable":true,"href":"https:\/\/product-guide.org\/en\/wp-json\/wp\/v2\/product_cat?post=61141"},{"taxonomy":"product_tag","embeddable":true,"href":"https:\/\/product-guide.org\/en\/wp-json\/wp\/v2\/product_tag?post=61141"}],"curies":[{"name":"wp","href":"https:\/\/api.w.org\/{rel}","templated":true}]}}